{"id":964,"date":"2023-11-27T10:20:37","date_gmt":"2023-11-27T10:20:37","guid":{"rendered":"http:\/\/royalstone.com.vn\/?post_type=product&#038;p=964"},"modified":"2023-11-27T10:20:38","modified_gmt":"2023-11-27T10:20:38","slug":"da-nhan-tao-saphia-do","status":"publish","type":"product","link":"https:\/\/royalstone.com.vn\/en\/da-nhan-tao-saphia-do\/","title":{"rendered":"Artificial Stone Sapphire Red"},"content":{"rendered":"<h2 data-sourcepos=\"1:1-1:32\"><strong>Artificial stone Sapphires what is the Red?<\/strong><\/h2>\n<p data-sourcepos=\"3:1-3:236\"><a href=\"http:\/\/royalstone.com.vn\/en\/da-nhan-tao-saphia-do\/\"><em><strong>Artificial Stone Sapphire Red<\/strong><\/em><\/a> is a kind of <b><a href=\"https:\/\/royalstone.com.vn\/en\/da-nung-ket-ve-dep-hoan-hao-cho-khong-gian\/\">\u0111\u00e1 nh\u00e2n t\u1ea1o<\/a><\/b> \u0111\u01b0\u1ee3c l\u00e0m t\u1eeb b\u1ed9t \u0111\u00e1 t\u1ef1 nhi\u00ean, keo k\u1ebft d\u00ednh, ph\u1ee5 gia v\u00e0 m\u00e0u s\u1eafc. \u0110\u00e1 c\u00f3 m\u00e0u \u0111\u1ecf ch\u1ee7 \u0111\u1ea1o, c\u00f3 c\u00e1c \u0111\u01b0\u1eddng v\u00e2n m\u00e0u \u0111en v\u00e0 v\u00e0ng u\u1ed1n l\u01b0\u1ee3n nh\u01b0 nh\u1eefng tia l\u1eeda v\u00f4 c\u00f9ng b\u1eaft m\u1eaft, mang v\u1ebb \u0111\u1eb9p sang tr\u1ecdng v\u00e0 tinh t\u1ebf.<\/p>\n<figure id=\"attachment_965\" aria-describedby=\"caption-attachment-965\" style=\"width: 733px\" class=\"wp-caption alignnone\"><img decoding=\"async\" class=\"size-full wp-image-965\" src=\"http:\/\/royalstone.com.vn\/wp-content\/uploads\/2023\/11\/da-nhan-tao-saphia-do.jpg\" alt=\"Artificial Stone Sapphire Red\" width=\"733\" height=\"499\" title=\"\"><figcaption id=\"caption-attachment-965\" class=\"wp-caption-text\"><b><a href=\"https:\/\/royalstone.com.vn\/en\/da-nhan-tao-thuong-lua-chon-hoan-hao\/\">Artificial Stone<\/a><\/b> Saphia \u0110\u1ecf<\/figcaption><\/figure>\n<h3 data-sourcepos=\"7:1-7:97\"><strong>Artificial stone Sapphires, Red can be used for a number of items in construction works, including:<\/strong><\/h3>\n<ul data-sourcepos=\"9:1-12:0\">\n<li data-sourcepos=\"9:1-9:186\"><strong>Interior decoration:<\/strong>\u00a0<a href=\"http:\/\/royalstone.com.vn\/en\/da-nhan-tao\/\"><em><strong>Artificial Stone<\/strong><\/em><\/a> Sapphires, Red are the color of luxury and sophistication, suitable for many styles of interior design. Stones are often used to decorate walls, ceilings, columns,...<\/li>\n<li data-sourcepos=\"10:1-10:176\"><strong>Exterior decoration:<\/strong>\u00a0Artificial stone Sapphire Red have high durability, resistant to harsh weather, suitable to use for the region exterior as facades, gates, fences,...<\/li>\n<li data-sourcepos=\"11:1-12:0\"><strong>Used in the public works:<\/strong>\u00a0Artificial stone Sapphire Red have low cost, easy construction, suitable for use in public buildings such as schools, hospitals,...<\/li>\n<\/ul>\n<h3 data-sourcepos=\"13:1-13:44\"><strong>Advantages of Artificial Stone Sapphires what is the Red?<\/strong><\/h3>\n<ul data-sourcepos=\"17:1-21:0\">\n<li data-sourcepos=\"17:1-17:245\"><strong>The color of luxury and sophistication:<\/strong> Artificial stone Sapphires, Red-red, have ridges, black and gold winding as the sparks incredibly eye-catching, brings beauty, luxury and exquisite, suitable for many design styles interior and exterior.<\/li>\n<li data-sourcepos=\"18:1-18:155\"><strong>Durability:<\/strong>\u00a0Artificial stone Sapphire Red powder made from natural stone are durable, resistant to harsh weather, less damaged during use.<\/li>\n<li data-sourcepos=\"19:1-19:112\"><strong>Capacity easily:<\/strong>\u00a0Artificial stone Sapphire Red hardness is low, easy to apply, does not require highly technical.<\/li>\n<li data-sourcepos=\"20:1-21:0\"><strong>Low price:<\/strong>\u00a0Artificial stone Sapphire Red are lower in cost than natural stone, suitable for many customers.<\/li>\n<\/ul>\n<h3 data-sourcepos=\"22:1-22:57\"><strong>What to note when using this type of Artificial Stone Sapphire Red<\/strong><\/h3>\n<ul data-sourcepos=\"26:1-29:0\">\n<li data-sourcepos=\"26:1-26:158\"><strong>Avoid strong impact:<\/strong>\u00a0Artificial stone Sapphire Red has high hardness, but also can break if strong impact. Therefore, to avoid a strong impact on the stone surface.<\/li>\n<li data-sourcepos=\"27:1-27:179\"><strong>Avoid contact with chemicals:<\/strong>\u00a0Artificial stone Sapphire Red can be corroded by the strong chemicals, such as acids, bases,... it is Therefore necessary to avoid stone exposed with these chemicals.<\/li>\n<li data-sourcepos=\"28:1-29:0\"><strong>Regular cleaning:<\/strong>\u00a0Artificial stone Sapphire Red with a glossy surface, easy to clean. However, you also need to note cleaned regularly to avoid accumulation of dust and dirt, affecting the aesthetics of the stone.<\/li>\n<\/ul>\n<h2><strong>The actual process used Artificial Stone Sapphire Red Royal Stone made<\/strong><\/h2>\n<p>Artificial stone Sapphire Red for walls<\/p>\n<p>&nbsp;<\/p>\n<h3><strong>Contact information Royal Stone<\/strong><\/h3>\n<p><strong>COMPANY LIMITED ROYAL STONE<\/strong><\/p>\n<p>\u260e Hotline: 0963 689 531<\/p>\n<p>\ud83c\udfe0 Office : 283 Tay Mo Ward, Dai Mo ward, Nam tu Liem district, Ha Noi City.<\/p>\n<p>\ud83c\udfe0 Factory: the 10 Yen The town, Luc Yen district, Yen Bai province<\/p>\n<p>\ud83c\udfe0 Warehouse Ha Noi: Lane 24, Dai Mo, tu Liem, Ha Noi (falling edge 4 Van Phuc, Ha Dong)<\/p>\n<p>\ud83c\udf10 Website:\u00a0<a href=\"https:\/\/royalstone.com.vn\/en\/\">www.royalstone.com.vn<\/a><\/p>\n<h3 class=\"ftwp-heading\"><strong>Connect with Royal Stone<\/strong><\/h3>\n<div class=\"textwidget custom-html-widget\">\n<div class=\"textwidget custom-html-widget\">\n<div><a href=\"https:\/\/www.youtube.com\/@royalstone-datunhiencaocap\" target=\"_blank\" rel=\"noopener nofollow\"><img decoding=\"async\" class=\"entered lazyloaded\" title=\"ROYAL STONE - natural Stone premium\" src=\"http:\/\/royalstone.com.vn\/wp-content\/uploads\/2023\/11\/youtube-royalstone.jpg\" alt=\"ROYAL STONE - natural Stone premium\" width=\"30\" height=\"30\" data-lazy-src=\"http:\/\/royalstone.com.vn\/wp-content\/uploads\/2023\/11\/youtube-royalstone.jpg\" data-ll-status=\"loaded\" data-lazy-=\"\" \/><\/a><a href=\"https:\/\/www.facebook.com\/RoyalstoneDaTuNhienCaoCap\" target=\"_blank\" rel=\"noopener nofollow\"><img decoding=\"async\" class=\"entered lazyloaded\" title=\"ROYAL STONE - natural Stone premium\" src=\"http:\/\/royalstone.com.vn\/wp-content\/uploads\/2023\/11\/facebook-royalstone.jpg\" alt=\"ROYAL STONE - natural Stone premium\" width=\"30\" height=\"30\" data-lazy-src=\"http:\/\/royalstone.com.vn\/wp-content\/uploads\/2023\/11\/facebook-royalstone.jpg\" data-ll-status=\"loaded\" data-lazy-=\"\" \/><\/a><a href=\"https:\/\/twitter.com\/royalstonedatn\" target=\"_blank\" rel=\"noopener nofollow\"><img decoding=\"async\" class=\"entered lazyloaded\" title=\"ROYAL STONE - natural Stone premium\" src=\"http:\/\/royalstone.com.vn\/wp-content\/uploads\/2023\/11\/twitter-royalstone.jpg\" alt=\"ROYAL STONE - natural Stone premium\" width=\"30\" height=\"30\" data-lazy-src=\"http:\/\/royalstone.com.vn\/wp-content\/uploads\/2023\/11\/twitter-royalstone.jpg\" data-ll-status=\"loaded\" data-lazy-=\"\" \/><\/a><a href=\"https:\/\/www.pinterest.com\/royalstonedatunhiencaocap\/\" target=\"_blank\" rel=\"noopener nofollow\"><img decoding=\"async\" class=\"entered lazyloaded\" title=\"ROYAL STONE - natural Stone premium\" src=\"http:\/\/royalstone.com.vn\/wp-content\/uploads\/2023\/11\/printerest-royalstone.jpg\" alt=\"ROYAL STONE - natural Stone premium\" width=\"30\" height=\"30\" data-lazy-src=\"http:\/\/royalstone.com.vn\/wp-content\/uploads\/2023\/11\/printerest-royalstone.jpg\" data-ll-status=\"loaded\" data-lazy-=\"\" \/><\/a><a href=\"https:\/\/www.linkedin.com\/in\/royalstone-datunhien\/\" target=\"_blank\" rel=\"noopener nofollow\"><img decoding=\"async\" class=\"entered lazyloaded\" title=\"ROYAL STONE - natural Stone premium\" src=\"http:\/\/royalstone.com.vn\/wp-content\/uploads\/2023\/11\/linkedin-royalstone.jpg\" alt=\"ROYAL STONE - natural Stone premium\" width=\"30\" height=\"30\" data-lazy-src=\"http:\/\/royalstone.com.vn\/wp-content\/uploads\/2023\/11\/linkedin-royalstone.jpg\" data-ll-status=\"loaded\" data-lazy-=\"\" \/><\/a><\/div>\n<\/div>\n<\/div>","protected":false},"excerpt":{"rendered":"<ul class=\"l pr-des-featured\">\n<li>Product code: RSDNTS2023<\/li>\n<li>Place of origin: China<\/li>\n<li>Color: Red<\/li>\n<li>Material: Artificial<\/li>\n<li>Size: large<\/li>\n<li>Thickness: 1.8 cm<\/li>\n<\/ul>","protected":false},"featured_media":965,"comment_status":"closed","ping_status":"closed","template":"","meta":{"inline_featured_image":false},"product_cat":[16,17],"product_tag":[],"class_list":{"0":"post-964","1":"product","2":"type-product","3":"status-publish","4":"has-post-thumbnail","6":"product_cat-da-nhan-tao","7":"product_cat-da-nhan-tao-thuong","9":"first","10":"instock","11":"shipping-taxable","12":"product-type-simple"},"_links":{"self":[{"href":"https:\/\/royalstone.com.vn\/en\/wp-json\/wp\/v2\/product\/964","targetHints":{"allow":["GET"]}}],"collection":[{"href":"https:\/\/royalstone.com.vn\/en\/wp-json\/wp\/v2\/product"}],"about":[{"href":"https:\/\/royalstone.com.vn\/en\/wp-json\/wp\/v2\/types\/product"}],"replies":[{"embeddable":true,"href":"https:\/\/royalstone.com.vn\/en\/wp-json\/wp\/v2\/comments?post=964"}],"wp:featuredmedia":[{"embeddable":true,"href":"https:\/\/royalstone.com.vn\/en\/wp-json\/wp\/v2\/media\/965"}],"wp:attachment":[{"href":"https:\/\/royalstone.com.vn\/en\/wp-json\/wp\/v2\/media?parent=964"}],"wp:term":[{"taxonomy":"product_cat","embeddable":true,"href":"https:\/\/royalstone.com.vn\/en\/wp-json\/wp\/v2\/product_cat?post=964"},{"taxonomy":"product_tag","embeddable":true,"href":"https:\/\/royalstone.com.vn\/en\/wp-json\/wp\/v2\/product_tag?post=964"}],"curies":[{"name":"wp","href":"https:\/\/api.w.org\/{rel}","templated":true}]}}