{"id":956,"date":"2023-11-27T09:56:40","date_gmt":"2023-11-27T09:56:40","guid":{"rendered":"http:\/\/royalstone.com.vn\/?post_type=product&#038;p=956"},"modified":"2023-11-27T09:56:41","modified_gmt":"2023-11-27T09:56:41","slug":"da-nhan-tao-den-hoa-vang","status":"publish","type":"product","link":"https:\/\/royalstone.com.vn\/en\/da-nhan-tao-den-hoa-vang\/","title":{"rendered":"Artificial Stone Black Gold Flower"},"content":{"rendered":"<h2 data-sourcepos=\"1:1-1:35\"><strong>Artificial stone, Black, Yellow Flower, what is?<\/strong><\/h2>\n<p data-sourcepos=\"3:1-3:240\"><a href=\"http:\/\/royalstone.com.vn\/en\/da-nhan-tao-den-hoa-vang\/\"><em><strong>Artificial Stone Black Gold Flower<\/strong><\/em><\/a> is a kind of <b><a href=\"https:\/\/royalstone.com.vn\/en\/da-nung-ket-ve-dep-hoan-hao-cho-khong-gian\/\">\u0111\u00e1 nh\u00e2n t\u1ea1o<\/a><\/b> \u0111\u01b0\u1ee3c l\u00e0m t\u1eeb b\u1ed9t \u0111\u00e1 t\u1ef1 nhi\u00ean, keo k\u1ebft d\u00ednh, ph\u1ee5 gia v\u00e0 m\u00e0u s\u1eafc. \u0110\u00e1 c\u00f3 m\u00e0u \u0111en ch\u1ee7 \u0111\u1ea1o, c\u00f3 c\u00e1c \u0111\u01b0\u1eddng v\u00e2n m\u00e0u v\u00e0ng u\u1ed1n l\u01b0\u1ee3n nh\u01b0 nh\u1eefng con r\u1ed3ng v\u00f4 c\u00f9ng b\u1eaft m\u1eaft, mang v\u1ebb \u0111\u1eb9p sang tr\u1ecdng v\u00e0 tinh t\u1ebf.<\/p>\n<figure id=\"attachment_957\" aria-describedby=\"caption-attachment-957\" style=\"width: 737px\" class=\"wp-caption alignnone\"><img decoding=\"async\" class=\"size-full wp-image-957\" src=\"http:\/\/royalstone.com.vn\/wp-content\/uploads\/2023\/11\/da-nhan-tao-den-hoa-vang.jpg\" alt=\"Artificial Stone Black Gold Flower\" width=\"737\" height=\"499\" title=\"\"><figcaption id=\"caption-attachment-957\" class=\"wp-caption-text\"><b><a href=\"https:\/\/royalstone.com.vn\/en\/da-nhan-tao-thuong-lua-chon-hoan-hao\/\">Artificial Stone<\/a><\/b> \u0110en Hoa V\u00e0ng<\/figcaption><\/figure>\n<h3 data-sourcepos=\"7:1-7:100\"><strong>Artificial stone, Black, Yellow Flowers can be used for a number of items in construction works, including:<\/strong><\/h3>\n<ul data-sourcepos=\"9:1-12:0\">\n<li data-sourcepos=\"9:1-9:189\"><strong>Interior decoration:<\/strong>\u00a0<a href=\"http:\/\/royalstone.com.vn\/en\/da-nhan-tao\/\"><em><strong>Artificial Stone<\/strong><\/em><\/a> Black Flower Gold color elegance and sophistication, suitable for many styles of interior design. Stones are often used to decorate walls, ceilings, columns,...<\/li>\n<li data-sourcepos=\"10:1-10:179\"><strong>Exterior decoration:<\/strong>\u00a0Artificial stone, Black, Yellow Flowers are durable, resistant to harsh weather, suitable to use for the region exterior as facades, gates, fences,...<\/li>\n<li data-sourcepos=\"11:1-12:0\"><strong>Used in the public works:<\/strong>\u00a0Artificial stone, Black, Yellow Flowers are low cost, easy construction, suitable for use in public buildings such as schools, hospitals,...<\/li>\n<\/ul>\n<h3 data-sourcepos=\"13:1-13:47\"><strong>Advantages of Artificial Stone, Black, Yellow Flower, what is?<\/strong><\/h3>\n<ul data-sourcepos=\"17:1-21:0\">\n<li data-sourcepos=\"17:1-17:249\"><strong>The color of luxury and sophistication:<\/strong>\u00a0Artificial stone Black Floral Gold black theme and have ridges, yellow undulations like dragons, incredibly eye-catching, brings beauty, luxury and exquisite, suitable for many design styles interior and exterior.<\/li>\n<li data-sourcepos=\"18:1-18:158\"><strong>Durability:<\/strong>\u00a0Artificial stone, Black, Yellow Flower powder made from natural stone are durable, resistant to harsh weather, less damaged during use.<\/li>\n<li data-sourcepos=\"19:1-19:115\"><strong>Capacity easily:<\/strong>\u00a0Artificial stone, Black, Yellow Flower has low hardness, easy application, does not require highly technical.<\/li>\n<li data-sourcepos=\"20:1-21:0\"><strong>Low price:<\/strong>\u00a0Artificial stone, Black, Yellow Flowers are lower in cost than natural stone, suitable for many customers.<\/li>\n<\/ul>\n<h3 data-sourcepos=\"22:1-22:60\"><strong>What to note when using this type of Artificial Stone, Black, Yellow Flower<\/strong><\/h3>\n<ul data-sourcepos=\"26:1-29:0\">\n<li data-sourcepos=\"26:1-26:161\"><strong>Avoid strong impact:<\/strong>\u00a0Artificial stone, Black, Yellow Flower has high hardness, but also can break if strong impact. Therefore, to avoid a strong impact on the stone surface.<\/li>\n<li data-sourcepos=\"27:1-27:182\"><strong>Avoid contact with chemicals:<\/strong>\u00a0Artificial stone Black Gold Flower can be corroded by the strong chemicals, such as acids, bases,... it is Therefore necessary to avoid stone exposed with these chemicals.<\/li>\n<li data-sourcepos=\"28:1-29:0\"><strong>Regular cleaning:<\/strong>\u00a0Artificial stone, Black, Yellow Flower has a glossy surface, easy to clean. However, you also need to note cleaned regularly to avoid accumulation of dust and dirt, affecting the aesthetics of the stone.<\/li>\n<\/ul>\n<h2><strong>The actual process used Artificial Stone, Black, Yellow Flower by Royal Stone made<\/strong><\/h2>\n<p>Artificial stone Black Floral Gold used for wall cladding,<\/p>\n<p>&nbsp;<\/p>\n<h3><strong>Contact information Royal Stone<\/strong><\/h3>\n<p><strong>COMPANY LIMITED ROYAL STONE<\/strong><\/p>\n<p>\u260e Hotline: 0963 689 531<\/p>\n<p>\ud83c\udfe0 Office : 283 Tay Mo Ward, Dai Mo ward, Nam tu Liem district, Ha Noi City.<\/p>\n<p>\ud83c\udfe0 Factory: the 10 Yen The town, Luc Yen district, Yen Bai province<\/p>\n<p>\ud83c\udfe0 Warehouse Ha Noi: Lane 24, Dai Mo, tu Liem, Ha Noi (falling edge 4 Van Phuc, Ha Dong)<\/p>\n<p>\ud83c\udf10 Website:\u00a0<a href=\"https:\/\/royalstone.com.vn\/en\/\">www.royalstone.com.vn<\/a><\/p>\n<h3 class=\"ftwp-heading\"><strong>Connect with Royal Stone<\/strong><\/h3>\n<div class=\"textwidget custom-html-widget\">\n<div class=\"textwidget custom-html-widget\">\n<div><a href=\"https:\/\/www.youtube.com\/@royalstone-datunhiencaocap\" target=\"_blank\" rel=\"noopener nofollow\"><img decoding=\"async\" class=\"entered lazyloaded\" title=\"ROYAL STONE - natural Stone premium\" src=\"http:\/\/royalstone.com.vn\/wp-content\/uploads\/2023\/11\/youtube-royalstone.jpg\" alt=\"ROYAL STONE - natural Stone premium\" width=\"30\" height=\"30\" data-lazy-src=\"http:\/\/royalstone.com.vn\/wp-content\/uploads\/2023\/11\/youtube-royalstone.jpg\" data-ll-status=\"loaded\" data-lazy-=\"\" \/><\/a><a href=\"https:\/\/www.facebook.com\/RoyalstoneDaTuNhienCaoCap\" target=\"_blank\" rel=\"noopener nofollow\"><img decoding=\"async\" class=\"entered lazyloaded\" title=\"ROYAL STONE - natural Stone premium\" src=\"http:\/\/royalstone.com.vn\/wp-content\/uploads\/2023\/11\/facebook-royalstone.jpg\" alt=\"ROYAL STONE - natural Stone premium\" width=\"30\" height=\"30\" data-lazy-src=\"http:\/\/royalstone.com.vn\/wp-content\/uploads\/2023\/11\/facebook-royalstone.jpg\" data-ll-status=\"loaded\" data-lazy-=\"\" \/><\/a><a href=\"https:\/\/twitter.com\/royalstonedatn\" target=\"_blank\" rel=\"noopener nofollow\"><img decoding=\"async\" class=\"entered lazyloaded\" title=\"ROYAL STONE - natural Stone premium\" src=\"http:\/\/royalstone.com.vn\/wp-content\/uploads\/2023\/11\/twitter-royalstone.jpg\" alt=\"ROYAL STONE - natural Stone premium\" width=\"30\" height=\"30\" data-lazy-src=\"http:\/\/royalstone.com.vn\/wp-content\/uploads\/2023\/11\/twitter-royalstone.jpg\" data-ll-status=\"loaded\" data-lazy-=\"\" \/><\/a><a href=\"https:\/\/www.pinterest.com\/royalstonedatunhiencaocap\/\" target=\"_blank\" rel=\"noopener nofollow\"><img decoding=\"async\" class=\"entered lazyloaded\" title=\"ROYAL STONE - natural Stone premium\" src=\"http:\/\/royalstone.com.vn\/wp-content\/uploads\/2023\/11\/printerest-royalstone.jpg\" alt=\"ROYAL STONE - natural Stone premium\" width=\"30\" height=\"30\" data-lazy-src=\"http:\/\/royalstone.com.vn\/wp-content\/uploads\/2023\/11\/printerest-royalstone.jpg\" data-ll-status=\"loaded\" data-lazy-=\"\" \/><\/a><a href=\"https:\/\/www.linkedin.com\/in\/royalstone-datunhien\/\" target=\"_blank\" rel=\"noopener nofollow\"><img decoding=\"async\" class=\"entered lazyloaded\" title=\"ROYAL STONE - natural Stone premium\" src=\"http:\/\/royalstone.com.vn\/wp-content\/uploads\/2023\/11\/linkedin-royalstone.jpg\" alt=\"ROYAL STONE - natural Stone premium\" width=\"30\" height=\"30\" data-lazy-src=\"http:\/\/royalstone.com.vn\/wp-content\/uploads\/2023\/11\/linkedin-royalstone.jpg\" data-ll-status=\"loaded\" data-lazy-=\"\" \/><\/a><\/div>\n<\/div>\n<\/div>","protected":false},"excerpt":{"rendered":"<ul class=\"l pr-des-featured\">\n<li>PRODUCT CODE: RSNTDHV2023<\/li>\n<li>Place of origin: China<\/li>\n<li>Colors: Black \u2013 Gold<\/li>\n<li>Stone type: Artificial Stone<\/li>\n<li>Size: small size<\/li>\n<li>Thickness: 1.8 Cm<\/li>\n<\/ul>","protected":false},"featured_media":957,"comment_status":"closed","ping_status":"closed","template":"","meta":{"inline_featured_image":false},"product_cat":[16,17],"product_tag":[],"class_list":{"0":"post-956","1":"product","2":"type-product","3":"status-publish","4":"has-post-thumbnail","6":"product_cat-da-nhan-tao","7":"product_cat-da-nhan-tao-thuong","9":"first","10":"instock","11":"shipping-taxable","12":"product-type-simple"},"_links":{"self":[{"href":"https:\/\/royalstone.com.vn\/en\/wp-json\/wp\/v2\/product\/956","targetHints":{"allow":["GET"]}}],"collection":[{"href":"https:\/\/royalstone.com.vn\/en\/wp-json\/wp\/v2\/product"}],"about":[{"href":"https:\/\/royalstone.com.vn\/en\/wp-json\/wp\/v2\/types\/product"}],"replies":[{"embeddable":true,"href":"https:\/\/royalstone.com.vn\/en\/wp-json\/wp\/v2\/comments?post=956"}],"wp:featuredmedia":[{"embeddable":true,"href":"https:\/\/royalstone.com.vn\/en\/wp-json\/wp\/v2\/media\/957"}],"wp:attachment":[{"href":"https:\/\/royalstone.com.vn\/en\/wp-json\/wp\/v2\/media?parent=956"}],"wp:term":[{"taxonomy":"product_cat","embeddable":true,"href":"https:\/\/royalstone.com.vn\/en\/wp-json\/wp\/v2\/product_cat?post=956"},{"taxonomy":"product_tag","embeddable":true,"href":"https:\/\/royalstone.com.vn\/en\/wp-json\/wp\/v2\/product_tag?post=956"}],"curies":[{"name":"wp","href":"https:\/\/api.w.org\/{rel}","templated":true}]}}