{"id":939,"date":"2023-11-27T02:08:07","date_gmt":"2023-11-27T02:08:07","guid":{"rendered":"http:\/\/royalstone.com.vn\/?post_type=product&#038;p=939"},"modified":"2023-11-27T02:08:29","modified_gmt":"2023-11-27T02:08:29","slug":"tranh-da-thach-anh-tu-nhien-cao-cap-mandala-classic-2","status":"publish","type":"product","link":"https:\/\/royalstone.com.vn\/en\/tranh-da-thach-anh-tu-nhien-cao-cap-mandala-classic-2\/","title":{"rendered":"War, Natural Quartz Stone, High Level Mandala Classic"},"content":{"rendered":"<h2 data-sourcepos=\"1:1-1:54\"><strong>War, Natural Quartz Stone Mandala Classic is what?<\/strong><\/h2>\n<p data-sourcepos=\"3:1-3:451\"><a href=\"http:\/\/royalstone.com.vn\/en\/tranh-da-thach-anh-tu-nhien-cao-cap-mandala-classic-2\/\"><em><strong>War, Natural Quartz Stone, High Level Mandala Classic<\/strong><\/em><\/a> is a kind of building material, high-grade decorative, made from <b><a href=\"https:\/\/royalstone.com.vn\/en\/da-thach-anh-2-cm-ve-dep-hoan-hao-cho-khong-gian\/\">\u0111\u00e1 th\u1ea1ch anh<\/a><\/b> t\u1ef1 nhi\u00ean, m\u1ed9t lo\u1ea1i \u0111\u00e1 t\u1ef1 nhi\u00ean \u0111\u01b0\u1ee3c h\u00ecnh th\u00e0nh t\u1eeb s\u1ef1 k\u1ebft tinh c\u1ee7a c\u00e1c ch\u1ea5t kho\u00e1ng nh\u01b0 th\u1ea1ch anh, fenspat , mica,&#8230; <b><a href=\"https:\/\/royalstone.com.vn\/en\/da-thach-anh-3-cm-ve-dep-sang-trong-ben-bi\/\">\u0110\u00e1 th\u1ea1ch anh<\/a><\/b> Mandala Classic c\u00f3 m\u00e0u x\u00e1m ch\u1ee7 \u0111\u1ea1o, c\u00f3 c\u00e1c \u0111\u01b0\u1eddng v\u00e2n m\u00e0u tr\u1eafng ki\u1ec1m nh\u01b0 nh\u1eefng v\u00f2ng tr\u00f2n v\u00f4 c\u00f9ng b\u1eaft m\u1eaft, mang v\u1ebb \u0111\u1eb9p sang tr\u1ecdng v\u00e0 tinh t\u1ebf, ph\u00f9 h\u1ee3p v\u1edbi nhi\u1ec1u phong c\u00e1ch thi\u1ebft b\u1ecb k\u1ebf ti\u1ebfp v\u00e0 th\u1ea5t b\u1ea1i.<\/p>\n<p data-sourcepos=\"5:1-5:231\"><b><a href=\"https:\/\/royalstone.com.vn\/en\/da-hoa-van-chu-nhat-net-dep-sang-trong-cho-khong-gian\/\">Stone Painting<\/a><\/b> Th\u1ea1ch Anh T\u1ef1 nhi\u00ean Mandala Classic \u0111\u01b0\u1ee3c s\u1eed d\u1ee5ng \u0111\u1ec3 trang tr\u00ed c\u00e1c c\u00f4ng tr\u00ecnh x\u00e2y d\u1ef1ng, \u0111\u1eb7c bi\u1ec7t l\u00e0 c\u00e1c c\u00f4ng tr\u00ecnh cao c\u1ea5p nh\u01b0 kh\u00e1ch s\u1ea1n, nh\u00e0 h\u00e0ng, bi\u1ec7t th\u1ef1,&#8230; Tranh th\u01b0\u1eddng \u0111\u01b0\u1ee3c s\u1eed d\u1ee5ng \u0111\u1ec3 trang tr\u00ed T\u01b0\u1eddng, tr\u1ea7n, c\u1ed9t,&#8230;<\/p>\n<figure id=\"attachment_941\" aria-describedby=\"caption-attachment-941\" style=\"width: 970px\" class=\"wp-caption alignnone\"><img decoding=\"async\" class=\"size-full wp-image-941\" src=\"http:\/\/royalstone.com.vn\/wp-content\/uploads\/2023\/11\/tranh-da-thach-anh-tu-nhien-mandala-classic.jpg\" alt=\"War, Natural Quartz Stone Mandala Classic\" width=\"970\" height=\"529\" title=\"\"><figcaption id=\"caption-attachment-941\" class=\"wp-caption-text\">War, Natural Quartz Stone Mandala Classic<\/figcaption><\/figure>\n<h3 data-sourcepos=\"9:1-9:119\"><strong>War, Natural Quartz Stone Mandala Classic can be used for a number of items in the building, including:<\/strong><\/h3>\n<ul data-sourcepos=\"11:1-14:0\">\n<li data-sourcepos=\"11:1-11:211\"><strong>Interior decoration:\u00a0<\/strong><a href=\"http:\/\/royalstone.com.vn\/en\/tranh-da\/\"><em><strong>Stone Painting<\/strong><\/em><\/a> Natural quartz Mandala Classic luxurious color and exquisite, suitable for many styles of interior design. War is often used to decorate walls, ceilings, columns,...<\/li>\n<li data-sourcepos=\"12:1-12:198\"><strong>Exterior decoration:\u00a0<\/strong>War, Natural Quartz Stone Mandala Classic is durable, withstand time details, suitable to use for the region exterior as facades, gates, fences,...<\/li>\n<li data-sourcepos=\"13:1-14:0\"><strong>Garden decor:\u00a0<\/strong>War, Natural Quartz Stone Mandala Classic can be used to decorate the garden, creating a focal point for the garden space.<\/li>\n<\/ul>\n<h3 data-sourcepos=\"15:1-15:66\"><strong>Advantages of the Natural Quartz Stone Mandala Classic is what?<\/strong><\/h3>\n<ul data-sourcepos=\"19:1-24:0\">\n<li data-sourcepos=\"19:1-19:270\"><strong>The color of luxury and sophistication:\u00a0<\/strong>War, natural Quartz Stone Mandala Classic gray made the sugar so white as gently as the circle incredibly eye-catching, brings beauty, luxury and exquisite, suitable for many styles of interior design failures and exceptions.<\/li>\n<li data-sourcepos=\"20:1-20:173\"><strong>Durability:\u00a0<\/strong>War, Natural Quartz Stone Mandala Classic is made from natural stone are durable, guarantee the save time, less damage during use.<\/li>\n<li data-sourcepos=\"21:1-21:137\"><strong>Power good:\u00a0<\/strong>War, Natural Quartz Stone Mandala Classic has high hardness, good strength, not crack when subjected to power.<\/li>\n<li data-sourcepos=\"22:1-22:179\"><strong>Environment-friendly:\u00a0<\/strong>War, Natural Quartz Stone Mandala Classic is a type of natural stone, does not contain toxic substances, environment-friendly and human health.<\/li>\n<li data-sourcepos=\"23:1-24:0\"><strong>Effect feng shui:\u00a0<\/strong>War, Natural Quartz Stone Mandala Classic is said to have effects, good feng shui, to help bring good luck, fortune and health for the owner.<\/li>\n<\/ul>\n<h3 data-sourcepos=\"25:1-25:76\"><strong>The note, when using this type of War, Natural Quartz Stone Mandala Classic<\/strong><\/h3>\n<ul data-sourcepos=\"29:1-32:0\">\n<li data-sourcepos=\"29:1-29:183\"><strong>Avoid strong impact:\u00a0<\/strong>War, Natural Quartz Stone Mandala Classic has high hardness, but also can be damaged if subjected fluctuations. Therefore, to avoid a strong impact on the war.<\/li>\n<li data-sourcepos=\"30:1-30:204\"><strong>Avoid contact with chemicals:\u00a0<\/strong>War, Natural Quartz Stone Mandala Classic can be corroded by the chemicals, cleaners, such as acids, bases,... it is Therefore necessary to avoid war with exposure to the chemical substance this .<\/li>\n<li data-sourcepos=\"31:1-32:0\"><strong>Regular cleaning:\u00a0<\/strong>War, Natural Quartz Stone Mandala Classic surface ball, easily protect students. However, you also need to note hygiene paintings regularly to avoid dust accumulation affect the aesthetics of war.<\/li>\n<\/ul>\n<h2><strong>The actual process used Painting Natural Quartz Stone Mandala Classic of Royal Stone made<\/strong><\/h2>\n<p>War, Natural Quartz Stone Mandala Classic used for wall cladding,<\/p>\n<p>&nbsp;<\/p>\n<h3><strong>Contact information Royal Stone<\/strong><\/h3>\n<p><strong>COMPANY LIMITED ROYAL STONE<\/strong><\/p>\n<p>\u260e Hotline: 0963 689 531<\/p>\n<p>\ud83c\udfe0 Office : 283 Tay Mo Ward, Dai Mo ward, Nam tu Liem district, Ha Noi City.<\/p>\n<p>\ud83c\udfe0 Factory: the 10 Yen The town, Luc Yen district, Yen Bai province<\/p>\n<p>\ud83c\udfe0 Warehouse Ha Noi: Lane 24, Dai Mo, tu Liem, Ha Noi (falling edge 4 Van Phuc, Ha Dong)<\/p>\n<p>\ud83c\udf10 Website:\u00a0<a href=\"https:\/\/royalstone.com.vn\/en\/\">www.royalstone.com.vn<\/a><\/p>\n<h3 class=\"ftwp-heading\"><strong>Connect with Royal Stone<\/strong><\/h3>\n<div class=\"textwidget custom-html-widget\">\n<div class=\"textwidget custom-html-widget\">\n<div><a href=\"https:\/\/www.youtube.com\/@royalstone-datunhiencaocap\" target=\"_blank\" rel=\"noopener nofollow\"><img decoding=\"async\" class=\"entered lazyloaded\" title=\"ROYAL STONE - natural Stone premium\" src=\"http:\/\/royalstone.com.vn\/wp-content\/uploads\/2023\/11\/youtube-royalstone.jpg\" alt=\"ROYAL STONE - natural Stone premium\" width=\"30\" height=\"30\" data-lazy-src=\"http:\/\/royalstone.com.vn\/wp-content\/uploads\/2023\/11\/youtube-royalstone.jpg\" data-ll-status=\"loaded\" data-lazy-=\"\" \/><\/a><a href=\"https:\/\/www.facebook.com\/RoyalstoneDaTuNhienCaoCap\" target=\"_blank\" rel=\"noopener nofollow\"><img decoding=\"async\" class=\"entered lazyloaded\" title=\"ROYAL STONE - natural Stone premium\" src=\"http:\/\/royalstone.com.vn\/wp-content\/uploads\/2023\/11\/facebook-royalstone.jpg\" alt=\"ROYAL STONE - natural Stone premium\" width=\"30\" height=\"30\" data-lazy-src=\"http:\/\/royalstone.com.vn\/wp-content\/uploads\/2023\/11\/facebook-royalstone.jpg\" data-ll-status=\"loaded\" data-lazy-=\"\" \/><\/a><a href=\"https:\/\/twitter.com\/royalstonedatn\" target=\"_blank\" rel=\"noopener nofollow\"><img decoding=\"async\" class=\"entered lazyloaded\" title=\"ROYAL STONE - natural Stone premium\" src=\"http:\/\/royalstone.com.vn\/wp-content\/uploads\/2023\/11\/twitter-royalstone.jpg\" alt=\"ROYAL STONE - natural Stone premium\" width=\"30\" height=\"30\" data-lazy-src=\"http:\/\/royalstone.com.vn\/wp-content\/uploads\/2023\/11\/twitter-royalstone.jpg\" data-ll-status=\"loaded\" data-lazy-=\"\" \/><\/a><a href=\"https:\/\/www.pinterest.com\/royalstonedatunhiencaocap\/\" target=\"_blank\" rel=\"noopener nofollow\"><img decoding=\"async\" class=\"entered lazyloaded\" title=\"ROYAL STONE - natural Stone premium\" src=\"http:\/\/royalstone.com.vn\/wp-content\/uploads\/2023\/11\/printerest-royalstone.jpg\" alt=\"ROYAL STONE - natural Stone premium\" width=\"30\" height=\"30\" data-lazy-src=\"http:\/\/royalstone.com.vn\/wp-content\/uploads\/2023\/11\/printerest-royalstone.jpg\" data-ll-status=\"loaded\" data-lazy-=\"\" \/><\/a><a href=\"https:\/\/www.linkedin.com\/in\/royalstone-datunhien\/\" target=\"_blank\" rel=\"noopener nofollow\"><img decoding=\"async\" class=\"entered lazyloaded\" title=\"ROYAL STONE - natural Stone premium\" src=\"http:\/\/royalstone.com.vn\/wp-content\/uploads\/2023\/11\/linkedin-royalstone.jpg\" alt=\"ROYAL STONE - natural Stone premium\" width=\"30\" height=\"30\" data-lazy-src=\"http:\/\/royalstone.com.vn\/wp-content\/uploads\/2023\/11\/linkedin-royalstone.jpg\" data-ll-status=\"loaded\" data-lazy-=\"\" \/><\/a><\/div>\n<\/div>\n<\/div>","protected":false},"excerpt":{"rendered":"<ul class=\"l pr-des-featured\">\n<li>PRODUCT CODE: RSTDTNMC2023<\/li>\n<li>Place of origin: Brazil<\/li>\n<li>Color: Gray<\/li>\n<li>Ch\u1ea5t li\u1ec7u: \u0110\u00e1 Th\u1ea1ch Anh<\/li>\n<li>Size: large<\/li>\n<li>Thickness: 2.0 cm<\/li>\n<\/ul>","protected":false},"featured_media":941,"comment_status":"closed","ping_status":"closed","template":"","meta":{"inline_featured_image":false},"product_cat":[48,49],"product_tag":[],"class_list":{"0":"post-939","1":"product","2":"type-product","3":"status-publish","4":"has-post-thumbnail","6":"product_cat-tranh-da","7":"product_cat-tranh-da-doi-van","9":"first","10":"instock","11":"shipping-taxable","12":"product-type-simple"},"_links":{"self":[{"href":"https:\/\/royalstone.com.vn\/en\/wp-json\/wp\/v2\/product\/939","targetHints":{"allow":["GET"]}}],"collection":[{"href":"https:\/\/royalstone.com.vn\/en\/wp-json\/wp\/v2\/product"}],"about":[{"href":"https:\/\/royalstone.com.vn\/en\/wp-json\/wp\/v2\/types\/product"}],"replies":[{"embeddable":true,"href":"https:\/\/royalstone.com.vn\/en\/wp-json\/wp\/v2\/comments?post=939"}],"wp:featuredmedia":[{"embeddable":true,"href":"https:\/\/royalstone.com.vn\/en\/wp-json\/wp\/v2\/media\/941"}],"wp:attachment":[{"href":"https:\/\/royalstone.com.vn\/en\/wp-json\/wp\/v2\/media?parent=939"}],"wp:term":[{"taxonomy":"product_cat","embeddable":true,"href":"https:\/\/royalstone.com.vn\/en\/wp-json\/wp\/v2\/product_cat?post=939"},{"taxonomy":"product_tag","embeddable":true,"href":"https:\/\/royalstone.com.vn\/en\/wp-json\/wp\/v2\/product_tag?post=939"}],"curies":[{"name":"wp","href":"https:\/\/api.w.org\/{rel}","templated":true}]}}