{"id":930,"date":"2023-11-26T15:55:32","date_gmt":"2023-11-26T15:55:32","guid":{"rendered":"http:\/\/royalstone.com.vn\/?post_type=product&#038;p=930"},"modified":"2023-11-26T16:03:28","modified_gmt":"2023-11-26T16:03:28","slug":"da-marble-botticino-vay-trang","status":"publish","type":"product","link":"https:\/\/royalstone.com.vn\/en\/da-marble-botticino-vay-trang\/","title":{"rendered":"Marble Botticino Flake White"},"content":{"rendered":"<p data-sourcepos=\"5:1-5:203\"><a href=\"http:\/\/royalstone.com.vn\/en\/da-marble-botticino-vay-trang\/\"><em><strong>Marble Botticino Flake White<\/strong><\/em><\/a> l\u00e0 d\u00f2ng <b><a href=\"https:\/\/royalstone.com.vn\/en\/da-marble-3-cm-san-pham-danh-cho-noi-that\/\">marble<\/a><\/b> cao c\u1ea5p \u0111\u01b0\u1ee3c nh\u1eadp kh\u1ea9u t\u1eeb Italy. V\u1edbi v\u1ebb \u0111\u1eb9p sang tr\u1ecdng, tinh t\u1ebf, <b><a href=\"https:\/\/royalstone.com.vn\/en\/da-trang-tri-phong-khach\/\">Marble<\/a><\/b> Botticino V\u1ea9y Tr\u1eafng \u0111\u01b0\u1ee3c \u1ee9ng d\u1ee5ng r\u1ed9ng r\u00e3i trong trang tr\u00ed n\u1ed9i th\u1ea5t, ngo\u1ea1i th\u1ea5t.<\/p>\n<p data-sourcepos=\"5:1-5:203\">\u0110\u01b0\u1ee3c bi\u1ebft \u0111\u1ebfn v\u1edbi t\u00ean th\u01b0\u1eddng g\u1ecdi \u0111a d\u1ea1ng nh\u01b0 \u0110\u00e1 Marble Botticino V\u1ea9y Tr\u1eafng, \u0110\u00e1 Marble Botticino, Marble Botticino, \u0110\u00e1 Botticino, s\u1ea3n ph\u1ea9m n\u00e0y kh\u00f4ng ch\u1ec9 \u0111\u1eb9p v\u1ec1 m\u1eb7t th\u1ea9m m\u1ef9 m\u00e0 c\u00f2n mang l\u1ea1i s\u1ef1 sang tr\u1ecdng v\u00e0 \u0111\u1eb3ng c\u1ea5p cho m\u1ecdi kh\u00f4ng gian.<\/p>\n<h2><strong>\u0110\u00e1 Marble Botticino V\u1ea9y Tr\u1eafng &#8211; N\u00e9t \u0110\u1eb9p Sang Tr\u1ecdng t\u1eeb T\u00e2y Ban Nha<\/strong><\/h2>\n<h3><strong>Gi\u1edbi thi\u1ec7u v\u1ec1 \u0111\u00e1 Marble Botticino V\u1ea9y Tr\u1eafng<\/strong><\/h3>\n<ul>\n<li><em>Common Name:<\/em> \u0110\u00e1 Marble Botticino V\u1ea9y Tr\u1eafng, \u0110\u00e1 Marble Botticino, Marble Botticino, \u0110\u00e1 Botticino<\/li>\n<li><em>Place Of Origin:<\/em> Spain<\/li>\n<\/ul>\n<h3><strong>Chemical Composition<\/strong><\/h3>\n<p>\u0110\u01b0\u1ee3c h\u00ecnh th\u00e0nh t\u1eeb Canxit (CaCO3), d\u1ea1ng k\u1ebft tinh c\u1ee7a cacbonat canxi, \u0110\u00e1 Marble Botticino V\u1ea9y Tr\u1eafng \u0111\u1ea1t \u0111\u1ed9 c\u1ee9ng 3-5\/10. \u0110i\u1ec1u n\u00e0y \u0111\u1ea3m b\u1ea3o s\u1ea3n ph\u1ea9m kh\u00f4ng ch\u1ec9 \u0111\u1eb9p m\u1eaft m\u00e0 c\u00f2n \u0111\u1ee7 ch\u1eafc ch\u1eafn \u0111\u1ec3 ch\u1ed1ng l\u1ea1i nh\u1eefng th\u00e1ch th\u1ee9c c\u1ee7a th\u1eddi gian v\u00e0 s\u1eed d\u1ee5ng h\u00e0ng ng\u00e0y.<\/p>\n<h3><strong>M\u00e0u S\u1eafc v\u00e0 \u0110\u1ed9 Sang Tr\u1ecdng<\/strong><\/h3>\n<p>D\u00f2ng \u0111\u00e1 Marble n\u00e0y mang \u0111\u1ebfn s\u1ef1 h\u00f2a quy\u1ec7n gi\u1eefa gam m\u00e0u kem nh\u1eb9 nh\u00e0ng v\u00e0 nh\u1eefng v\u1ea9y tr\u1eafng tinh kh\u00f4i. Khai th\u00e1c t\u1eeb m\u1ecf \u0111\u00e1 t\u1ef1 nhi\u00ean, \u0110\u00e1 Marble Botticino V\u1ea9y Tr\u1eafng to\u00e1t l\u00ean v\u1ebb nh\u1eb9 nh\u00e0ng, sang tr\u1ecdng, v\u00e0 cao qu\u00fd. \u0110\u00e2y kh\u00f4ng ch\u1ec9 l\u00e0 m\u1ed9t s\u1ea3n ph\u1ea9m, m\u00e0 l\u00e0 m\u1ed9t t\u00e1c ph\u1ea9m ngh\u1ec7 thu\u1eadt t\u1ef1 nhi\u00ean.<\/p>\n<p data-sourcepos=\"11:1-11:191\">\u0110\u00e1 Marble Botticino V\u1ea9y Tr\u1eafng l\u00e0 d\u00f2ng \u0111\u00e1 marble t\u1ef1 nhi\u00ean \u0111\u01b0\u1ee3c khai th\u00e1c t\u1eeb m\u1ecf \u0111\u00e1 Botticino t\u1ea1i Italy. \u0110\u00e1 c\u00f3 m\u00e0u kem nh\u1ea1t v\u1edbi nh\u1eefng \u0111\u01b0\u1eddng v\u00e2n tr\u1eafng n\u1ed5i b\u1eadt, t\u1ea1o n\u00ean v\u1ebb \u0111\u1eb9p sang tr\u1ecdng, tinh t\u1ebf.<\/p>\n<p data-sourcepos=\"13:1-13:180\">\u0110\u00e1 Marble Botticino V\u1ea9y Tr\u1eafng c\u00f3 \u0111\u1ed9 c\u1ee9ng cao, ch\u1ecbu l\u1ef1c t\u1ed1t, ch\u1ed1ng tr\u1ea7y x\u01b0\u1edbc, ch\u1ed1ng th\u1ea5m n\u01b0\u1edbc, d\u1ec5 lau ch\u00f9i. \u0110\u00e1 c\u00f3 \u0111\u1ed9 b\u1ec1n cao, c\u00f3 th\u1ec3 s\u1eed d\u1ee5ng trong th\u1eddi gian d\u00e0i m\u00e0 kh\u00f4ng b\u1ecb h\u01b0 h\u1ecfng.<\/p>\n<figure id=\"attachment_932\" aria-describedby=\"caption-attachment-932\" style=\"width: 471px\" class=\"wp-caption aligncenter\"><img decoding=\"async\" class=\"wp-image-932 size-full\" title=\"Marble Botticino Flake White\" src=\"http:\/\/royalstone.com.vn\/wp-content\/uploads\/2023\/11\/da-marble-botticino-vay-trang.jpg\" alt=\"Marble Botticino Flake White\" width=\"471\" height=\"341\" \/><figcaption id=\"caption-attachment-932\" class=\"wp-caption-text\">Marble Botticino Flake White<\/figcaption><\/figure>\n<h2 data-sourcepos=\"15:1-15:48\"><strong>\u01afu \u0111i\u1ec3m c\u1ee7a \u0111\u00e1 Marble Botticino V\u1ea9y Tr\u1eafng<\/strong><\/h2>\n<p data-sourcepos=\"17:1-17:59\"><a href=\"http:\/\/royalstone.com.vn\/en\/da-marble\/\"><em><strong>Marble<\/strong><\/em><\/a> Botticino V\u1ea9y Tr\u1eafng c\u00f3 nh\u1eefng \u01b0u \u0111i\u1ec3m n\u1ed5i b\u1eadt sau:<\/p>\n<ul data-sourcepos=\"19:1-22:0\">\n<li data-sourcepos=\"19:1-19:171\"><strong>Durability:<\/strong>\u00a0\u0110\u00e1 c\u00f3 \u0111\u1ed9 c\u1ee9ng cao, ch\u1ecbu l\u1ef1c t\u1ed1t, ch\u1ed1ng tr\u1ea7y x\u01b0\u1edbc, ch\u1ed1ng th\u1ea5m n\u01b0\u1edbc, d\u1ec5 lau ch\u00f9i. \u0110\u00e1 c\u00f3 \u0111\u1ed9 b\u1ec1n cao, c\u00f3 th\u1ec3 s\u1eed d\u1ee5ng trong th\u1eddi gian d\u00e0i m\u00e0 kh\u00f4ng b\u1ecb h\u01b0 h\u1ecfng.<\/li>\n<li data-sourcepos=\"20:1-20:174\"><strong>Aesthetics:<\/strong>\u00a0\u0110\u00e1 c\u00f3 m\u00e0u kem nh\u1ea1t v\u1edbi nh\u1eefng \u0111\u01b0\u1eddng v\u00e2n tr\u1eafng n\u1ed5i b\u1eadt, t\u1ea1o n\u00ean v\u1ebb \u0111\u1eb9p sang tr\u1ecdng, tinh t\u1ebf. \u0110\u00e1 ph\u00f9 h\u1ee3p v\u1edbi nhi\u1ec1u phong c\u00e1ch thi\u1ebft k\u1ebf n\u1ed9i th\u1ea5t kh\u00e1c nhau.<\/li>\n<li data-sourcepos=\"21:1-22:0\"><strong>Environment-friendly:<\/strong>\u00a0\u0110\u00e1 \u0111\u01b0\u1ee3c khai th\u00e1c t\u1eeb nguy\u00ean li\u1ec7u t\u1ef1 nhi\u00ean, kh\u00f4ng ch\u1ee9a ch\u1ea5t \u0111\u1ed9c h\u1ea1i, an to\u00e0n cho s\u1ee9c kh\u1ecfe ng\u01b0\u1eddi s\u1eed d\u1ee5ng.<\/li>\n<\/ul>\n<h2 data-sourcepos=\"23:1-23:49\"><strong>\u1ee8ng d\u1ee5ng c\u1ee7a \u0111\u00e1 Marble Botticino V\u1ea9y Tr\u1eafng<\/strong><\/h2>\n<p data-sourcepos=\"25:1-25:99\">\u0110\u00e1 Marble Botticino V\u1ea9y Tr\u1eafng \u0111\u01b0\u1ee3c \u1ee9ng d\u1ee5ng r\u1ed9ng r\u00e3i trong trang tr\u00ed n\u1ed9i th\u1ea5t, ngo\u1ea1i th\u1ea5t, bao g\u1ed3m:<\/p>\n<ul data-sourcepos=\"27:1-29:0\">\n<li data-sourcepos=\"27:1-27:207\"><strong>Interior decoration:<\/strong>\u00a0\u0110\u00e1 Marble Botticino V\u1ea9y Tr\u1eafng \u0111\u01b0\u1ee3c s\u1eed d\u1ee5ng \u0111\u1ec3 \u1ed1p l\u00e1t s\u00e0n nh\u00e0, \u1ed1p t\u01b0\u1eddng, \u1ed1p m\u1eb7t b\u00e0n b\u1ebfp, <b><a href=\"https:\/\/royalstone.com.vn\/en\/ban-an-net-dep-sang-trong-cho-khong-gian-bep\/\">b\u00e0n \u0103n<\/a><\/b>, b\u00e0n <b><a href=\"https:\/\/royalstone.com.vn\/en\/lavabo-rua-mat-bang-da-ua-chuong-nhat-hien-nay\/\">lavabo<\/a><\/b>, c\u1ea7u thang,&#8230; \u0110\u00e1 mang \u0111\u1ebfn v\u1ebb \u0111\u1eb9p sang tr\u1ecdng, tinh t\u1ebf cho kh\u00f4ng gian s\u1ed1ng.<\/li>\n<li data-sourcepos=\"28:1-29:0\"><strong>Exterior decoration:<\/strong>\u00a0\u0110\u00e1 Marble Botticino V\u1ea9y Tr\u1eafng \u0111\u01b0\u1ee3c s\u1eed d\u1ee5ng \u0111\u1ec3 \u1ed1p l\u00e1t m\u1eb7t ti\u1ec1n, \u1ed1p t\u01b0\u1eddng, \u1ed1p b\u1eadc tam c\u1ea5p,&#8230; \u0110\u00e1 mang \u0111\u1ebfn v\u1ebb \u0111\u1eb9p sang tr\u1ecdng, \u0111\u1eb3ng c\u1ea5p cho ng\u00f4i nh\u00e0.<\/li>\n<\/ul>\n<h3><strong>Ch\u1ea5t L\u01b0\u1ee3ng v\u00e0 \u0110\u1eb3ng C\u1ea5p<\/strong><\/h3>\n<p>\u0110\u01b0\u1ee3c gi\u1edbi chuy\u00ean m\u00f4n \u0111\u00e1nh gi\u00e1 cao v\u1ec1 m\u1eb7t th\u1ea9m m\u1ef9, \u0110\u00e1 Marble Botticino V\u1ea9y Tr\u1eafng kh\u00f4ng ch\u1ec9 l\u00e0 s\u1ea3n ph\u1ea9m n\u00e2ng cao gi\u00e1 tr\u1ecb c\u1ee7a c\u00f4ng tr\u00ecnh m\u00e0 c\u00f2n l\u00e0 bi\u1ec3u t\u01b0\u1ee3ng c\u1ee7a s\u1ef1 \u0111\u1eb3ng c\u1ea5p v\u00e0 l\u1ed1i s\u1ed1ng tinh t\u1ebf. S\u1ef1 k\u1ebft h\u1ee3p ho\u00e0n h\u1ea3o gi\u1eefa ch\u1ea5t l\u01b0\u1ee3ng v\u00e0 v\u1ebb \u0111\u1eb9p l\u00e0m n\u1ed5i b\u1eadt m\u1ed7i chi ti\u1ebft, t\u1eebng \u0111\u01b0\u1eddng v\u00e2n nh\u1ecf cho \u0111\u1ebfn nh\u1eefng v\u1ea9y tr\u1eafng tinh kh\u00f4i.<\/p>\n<h3><strong>Phong C\u00e1ch v\u00e0 S\u1ef1 Thanh L\u1ecbch<\/strong><\/h3>\n<p>V\u1edbi gam m\u00e0u nh\u1eb9 nh\u00e0ng v\u00e0 v\u1ea9y tr\u1eafng, \u0110\u00e1 Marble Botticino V\u1ea9y Tr\u1eafng kh\u00f4ng ch\u1ec9 l\u00e0 v\u1eadt li\u1ec7u x\u00e2y d\u1ef1ng m\u00e0 c\u00f2n l\u00e0 bi\u1ec3u t\u01b0\u1ee3ng c\u1ee7a s\u1ef1 thanh l\u1ecbch v\u00e0 tinh t\u1ebf. Cho d\u00f9 b\u1ea1n l\u00e0 ng\u01b0\u1eddi y\u00eau ngh\u1ec7 thu\u1eadt, ng\u01b0\u1eddi s\u00e1ng t\u1ea1o hay \u0111\u01a1n gi\u1ea3n l\u00e0 ng\u01b0\u1eddi mu\u1ed1n t\u1ea1o n\u00ean kh\u00f4ng gian s\u1ed1ng \u0111\u1eb3ng c\u1ea5p, s\u1ea3n ph\u1ea9m n\u00e0y \u0111\u1ec1u l\u00e0 l\u1ef1a ch\u1ecdn ho\u00e0n h\u1ea3o.<\/p>\n<h2 data-sourcepos=\"30:1-30:55\"><strong>\u0110\u1ecba ch\u1ec9 mua \u0111\u00e1 Marble Botticino V\u1ea9y Tr\u1eafng uy t\u00edn<\/strong><\/h2>\n<p data-sourcepos=\"32:1-32:248\"><em><strong>Royal Stone \u2013 natural Stone premium<\/strong><\/em> l\u00e0 \u0111\u1ecba ch\u1ec9 uy t\u00edn chuy\u00ean cung c\u1ea5p c\u00e1c lo\u1ea1i \u0111\u00e1 marble cao c\u1ea5p nh\u1eadp kh\u1ea9u t\u1eeb Italy. V\u1edbi nhi\u1ec1u n\u0103m kinh nghi\u1ec7m trong l\u0129nh v\u1ef1c \u0111\u00e1 \u1ed1p l\u00e1t, ch\u00fang t\u00f4i cam k\u1ebft mang \u0111\u1ebfn cho kh\u00e1ch h\u00e0ng nh\u1eefng s\u1ea3n ph\u1ea9m ch\u1ea5t l\u01b0\u1ee3ng t\u1ed1t nh\u1ea5t v\u1edbi gi\u00e1 c\u1ea3 h\u1ee3p l\u00fd.<\/p>\n<p data-sourcepos=\"36:1-36:167\">\u0110\u00e1 Marble Botticino V\u1ea9y Tr\u1eafng l\u00e0 d\u00f2ng \u0111\u00e1 marble cao c\u1ea5p v\u1edbi nhi\u1ec1u \u01b0u \u0111i\u1ec3m v\u01b0\u1ee3t tr\u1ed9i. \u0110\u00e1 ph\u00f9 h\u1ee3p v\u1edbi m\u1ecdi kh\u00f4ng gian s\u1ed1ng, mang \u0111\u1ebfn v\u1ebb \u0111\u1eb9p sang tr\u1ecdng, tinh t\u1ebf v\u00e0 b\u1ec1n b\u1ec9.<\/p>\n<p>\u0110\u00e1 Marble Botticino V\u1ea9y Tr\u1eafng kh\u00f4ng ch\u1ec9 l\u00e0 v\u1eadt li\u1ec7u x\u00e2y d\u1ef1ng, m\u00e0 l\u00e0 ngu\u1ed3n c\u1ea3m h\u1ee9ng cho nh\u1eefng ki\u1ec7t t\u00e1c ki\u1ebfn tr\u00fac. Mang \u0111\u1ebfn kh\u00f4ng gian s\u1ed1ng v\u00e0 l\u00e0m vi\u1ec7c kh\u00f4ng ch\u1ec9 s\u1ef1 \u0111\u1eb9p m\u1eaft m\u00e0 c\u00f2n l\u00e0 s\u1ef1 \u0111\u1eb3ng c\u1ea5p v\u00e0 sang tr\u1ecdng.<\/p>\n<h3><strong>Contact information Royal Stone \u2013 natural Stone premium<\/strong><\/h3>\n<p><strong>COMPANY LIMITED ROYAL STONE<\/strong><\/p>\n<p>\u260e Hotline: 0963 689 531<\/p>\n<p>\ud83c\udfe0 Office : 283 Tay Mo Ward, Dai Mo ward, Nam tu Liem district, Ha Noi City.<\/p>\n<p>\ud83c\udfe0 Factory: the 10 Yen The town, Luc Yen district, Yen Bai province<\/p>\n<p>\ud83c\udfe0 Warehouse Ha Noi: Lane 24, Dai Mo, tu Liem, Ha Noi (falling edge 4 Van Phuc, Ha Dong)<\/p>\n<p>\ud83c\udf10 Website:\u00a0<a href=\"https:\/\/royalstone.com.vn\/en\/\">www.royalstone.com.vn<\/a><\/p>\n<h3 class=\"ftwp-heading\"><strong>Connect with Royal Stone<\/strong><\/h3>\n<div class=\"textwidget custom-html-widget\">\n<div class=\"textwidget custom-html-widget\">\n<div><a href=\"https:\/\/www.youtube.com\/@royalstone-datunhiencaocap\" target=\"_blank\" rel=\"noopener nofollow\"><img decoding=\"async\" class=\"entered lazyloaded\" title=\"ROYAL STONE - natural Stone premium\" src=\"http:\/\/royalstone.com.vn\/wp-content\/uploads\/2023\/11\/youtube-royalstone.jpg\" alt=\"ROYAL STONE - natural Stone premium\" width=\"30\" height=\"30\" data-lazy-src=\"http:\/\/royalstone.com.vn\/wp-content\/uploads\/2023\/11\/youtube-royalstone.jpg\" data-ll-status=\"loaded\" data-lazy-=\"\" \/><\/a><a href=\"https:\/\/www.facebook.com\/RoyalstoneDaTuNhienCaoCap\" target=\"_blank\" rel=\"noopener nofollow\"><img decoding=\"async\" class=\"entered lazyloaded\" title=\"ROYAL STONE - natural Stone premium\" src=\"http:\/\/royalstone.com.vn\/wp-content\/uploads\/2023\/11\/facebook-royalstone.jpg\" alt=\"ROYAL STONE - natural Stone premium\" width=\"30\" height=\"30\" data-lazy-src=\"http:\/\/royalstone.com.vn\/wp-content\/uploads\/2023\/11\/facebook-royalstone.jpg\" data-ll-status=\"loaded\" data-lazy-=\"\" \/><\/a><a href=\"https:\/\/twitter.com\/royalstonedatn\" target=\"_blank\" rel=\"noopener nofollow\"><img decoding=\"async\" class=\"entered lazyloaded\" title=\"ROYAL STONE - natural Stone premium\" src=\"http:\/\/royalstone.com.vn\/wp-content\/uploads\/2023\/11\/twitter-royalstone.jpg\" alt=\"ROYAL STONE - natural Stone premium\" width=\"30\" height=\"30\" data-lazy-src=\"http:\/\/royalstone.com.vn\/wp-content\/uploads\/2023\/11\/twitter-royalstone.jpg\" data-ll-status=\"loaded\" data-lazy-=\"\" \/><\/a><a href=\"https:\/\/www.pinterest.com\/royalstonedatunhiencaocap\/\" target=\"_blank\" rel=\"noopener nofollow\"><img decoding=\"async\" class=\"entered lazyloaded\" title=\"ROYAL STONE - natural Stone premium\" src=\"http:\/\/royalstone.com.vn\/wp-content\/uploads\/2023\/11\/printerest-royalstone.jpg\" alt=\"ROYAL STONE - natural Stone premium\" width=\"30\" height=\"30\" data-lazy-src=\"http:\/\/royalstone.com.vn\/wp-content\/uploads\/2023\/11\/printerest-royalstone.jpg\" data-ll-status=\"loaded\" data-lazy-=\"\" \/><\/a><a href=\"https:\/\/www.linkedin.com\/in\/royalstone-datunhien\/\" target=\"_blank\" rel=\"noopener nofollow\"><img decoding=\"async\" class=\"entered lazyloaded\" title=\"ROYAL STONE - natural Stone premium\" src=\"http:\/\/royalstone.com.vn\/wp-content\/uploads\/2023\/11\/linkedin-royalstone.jpg\" alt=\"ROYAL STONE - natural Stone premium\" width=\"30\" height=\"30\" data-lazy-src=\"http:\/\/royalstone.com.vn\/wp-content\/uploads\/2023\/11\/linkedin-royalstone.jpg\" data-ll-status=\"loaded\" data-lazy-=\"\" \/><\/a><\/div>\n<\/div>\n<\/div>","protected":false},"excerpt":{"rendered":"<ul class=\"l pr-des-featured\">\n<li>MSP: RSMVBT2023<\/li>\n<li>Place of origin: Spain<\/li>\n<li>Color: Cream<\/li>\n<li>Type of stone: Marble<\/li>\n<li>Size: Not fixed<\/li>\n<li>Thickness: 1.8 cm<\/li>\n<\/ul>","protected":false},"featured_media":932,"comment_status":"closed","ping_status":"closed","template":"","meta":{"inline_featured_image":false},"product_cat":[35,37],"product_tag":[],"class_list":{"0":"post-930","1":"product","2":"type-product","3":"status-publish","4":"has-post-thumbnail","6":"product_cat-da-marble","7":"product_cat-da-marble-mau-kem","9":"first","10":"instock","11":"shipping-taxable","12":"product-type-simple"},"_links":{"self":[{"href":"https:\/\/royalstone.com.vn\/en\/wp-json\/wp\/v2\/product\/930","targetHints":{"allow":["GET"]}}],"collection":[{"href":"https:\/\/royalstone.com.vn\/en\/wp-json\/wp\/v2\/product"}],"about":[{"href":"https:\/\/royalstone.com.vn\/en\/wp-json\/wp\/v2\/types\/product"}],"replies":[{"embeddable":true,"href":"https:\/\/royalstone.com.vn\/en\/wp-json\/wp\/v2\/comments?post=930"}],"wp:featuredmedia":[{"embeddable":true,"href":"https:\/\/royalstone.com.vn\/en\/wp-json\/wp\/v2\/media\/932"}],"wp:attachment":[{"href":"https:\/\/royalstone.com.vn\/en\/wp-json\/wp\/v2\/media?parent=930"}],"wp:term":[{"taxonomy":"product_cat","embeddable":true,"href":"https:\/\/royalstone.com.vn\/en\/wp-json\/wp\/v2\/product_cat?post=930"},{"taxonomy":"product_tag","embeddable":true,"href":"https:\/\/royalstone.com.vn\/en\/wp-json\/wp\/v2\/product_tag?post=930"}],"curies":[{"name":"wp","href":"https:\/\/api.w.org\/{rel}","templated":true}]}}