{"id":925,"date":"2023-11-26T15:03:38","date_gmt":"2023-11-26T15:03:38","guid":{"rendered":"http:\/\/royalstone.com.vn\/?post_type=product&#038;p=925"},"modified":"2024-03-15T16:25:37","modified_gmt":"2024-03-15T09:25:37","slug":"da-marble-crema-marfil","status":"publish","type":"product","link":"https:\/\/royalstone.com.vn\/en\/da-marble-crema-marfil\/","title":{"rendered":"Marble And Crema Marfil"},"content":{"rendered":"<p data-sourcepos=\"5:1-5:261\"><a href=\"http:\/\/royalstone.com.vn\/en\/da-marble-crema-marfil\/\"><em><strong>Marble And Crema Marfil<\/strong><\/em><\/a> is a kind of <b><a href=\"https:\/\/royalstone.com.vn\/en\/da-marble-3-cm-san-pham-danh-cho-noi-that\/\">marble<\/a><\/b> t\u1ef1 nhi\u00ean \u0111\u01b0\u1ee3c khai th\u00e1c t\u1ea1i T\u00e2y Ban Nha. V\u1edbi v\u1ebb \u0111\u1eb9p tinh t\u1ebf, sang tr\u1ecdng, <b><a href=\"https:\/\/royalstone.com.vn\/en\/da-trang-tri-phong-khach\/\">Marble<\/a><\/b> Crema Marfil \u0111\u01b0\u1ee3c \u1ee9ng d\u1ee5ng r\u1ed9ng r\u00e3i trong trang tr\u00ed n\u1ed9i th\u1ea5t, \u0111\u1eb7c bi\u1ec7t l\u00e0 c\u00e1c h\u1ea1ng m\u1ee5c <b><a href=\"https:\/\/royalstone.com.vn\/en\/da-lat-nen-ve-dep-sang-trong-cho-khong-gian\/\">\u0111\u00e1 l\u00e1t n\u1ec1n<\/a><\/b>, \u0111\u00e1 \u1ed1p t\u01b0\u1eddng, \u0111\u00e1 \u1ed1p m\u1eb7t b\u00e0n b\u1ebfp,&#8230;<\/p>\n<h2><strong>\u0110\u00e1 Marble Crema Marfil &#8211; H\u00f2a Quy\u1ec7n V\u1ebb \u0110\u1eb9p T\u1ef1 Nhi\u00ean T\u1ea1i T\u00e2y Ban Nha<\/strong><\/h2>\n<p>\u0110\u00e1 Marble Crema Marfil, bi\u1ec3u t\u01b0\u1ee3ng c\u1ee7a s\u1ef1 \u0111\u1eb9p \u0111\u1ebd v\u00e0 l\u00e3ng m\u1ea1n, l\u00e0 m\u1ed9t ngu\u1ed3n t\u00e0i nguy\u00ean qu\u00fd b\u00e1u \u0111\u1ebfn t\u1eeb v\u00f9ng \u0111\u1ea5t T\u00e2y Ban Nha t\u01b0\u01a1i \u0111\u1eb9p. V\u1edbi \u0111\u1ed9 b\u00f3ng s\u00e1ng, \u0111\u1ed9 c\u1ee9ng v\u00e0 v\u1ebb \u0111\u1eb9p \u0111\u1ed9c \u0111\u00e1o, Crema Marfil \u0111ang chi\u1ebfm tr\u1ecdn tr\u00e1i tim c\u1ee7a nh\u1eefng ng\u01b0\u1eddi y\u00eau thi\u00ean nhi\u00ean v\u00e0 ngh\u1ec7 thu\u1eadt.<\/p>\n<h3><strong>Gi\u1edbi thi\u1ec7u v\u1ec1 \u0111\u00e1 Marble Crema Marfil<\/strong><\/h3>\n<ul>\n<li><em>Common Name:<\/em> \u0110\u00e1 Marble Cream Macfil, \u0111\u00e1 c\u1ea9m th\u1ea1ch Cream Macfil, Cream Marfil, Crema Morvil, Creme de Ivoire, Marfil Marble, Crema Marfil Classic, Crema Marfil Coto, Crema Marfil Zafra, Crema Marfilsa.<\/li>\n<li><em>Place Of Origin:<\/em> Spain<\/li>\n<li>Crema Marfil \u0111\u01b0\u1ee3c t\u00ecm th\u1ea5y t\u1ea1i khu v\u1ef1c Pinoso, trong v\u00f9ng Valencia ph\u00eda \u0111\u00f4ng nam T\u00e2y Ban Nha, n\u1ed5i ti\u1ebfng v\u1edbi n\u1ec1n n\u00f4ng nghi\u1ec7p v\u00e0 khai th\u00e1c kho\u00e1ng s\u1ea3n. M\u00e0u s\u1eafc c\u1ee7a \u0111\u00e1 l\u00e0 m\u1ed9t s\u1ef1 h\u00f2a quy\u1ec7n gi\u1eefa m\u00e0u kem s\u00e1ng v\u00e0 \u0111\u01b0\u1eddng v\u00e2n m\u1ea3nh m\u00e0u v\u00e0ng nh\u1ea1t, t\u1ea1o n\u00ean v\u1ebb \u0111\u1eb9p trang nh\u00e3 v\u00e0 tinh t\u1ebf.<\/li>\n<\/ul>\n<p data-sourcepos=\"11:1-11:261\">\u0110\u00e1 Marble Crema Marfil l\u00e0 m\u1ed9t lo\u1ea1i \u0111\u00e1 marble t\u1ef1 nhi\u00ean c\u00f3 xu\u1ea5t x\u1ee9 t\u1eeb T\u00e2y Ban Nha. \u0110\u00e1 c\u00f3 m\u00e0u kem ch\u1ee7 \u0111\u1ea1o v\u1edbi c\u00e1c v\u00e2n v\u00e0ng nh\u1ea1t, x\u00e1m nh\u1ea1t \u0111an xen t\u1ea1o n\u00ean v\u1ebb \u0111\u1eb9p tinh t\u1ebf, sang tr\u1ecdng. \u0110\u00e1 c\u00f3 \u0111\u1ed9 c\u1ee9ng cao, ch\u1ecbu l\u1ef1c t\u1ed1t, kh\u00f4ng b\u1ecb th\u1ea5m n\u01b0\u1edbc, d\u1ec5 d\u00e0ng v\u1ec7 sinh v\u00e0 b\u1ea3o d\u01b0\u1ee1ng.<\/p>\n<figure id=\"attachment_929\" aria-describedby=\"caption-attachment-929\" style=\"width: 497px\" class=\"wp-caption aligncenter\"><img decoding=\"async\" class=\"wp-image-929 size-full\" title=\"Marble And Crema Marfil\" src=\"http:\/\/royalstone.com.vn\/wp-content\/uploads\/2023\/11\/da-marble-crema-marfil.jpg\" alt=\"Marble And Crema Marfil\" width=\"497\" height=\"340\" \/><figcaption id=\"caption-attachment-929\" class=\"wp-caption-text\">Marble And Crema Marfil<\/figcaption><\/figure>\n<h3 data-sourcepos=\"13:1-13:41\"><strong>\u01afu \u0111i\u1ec3m c\u1ee7a \u0111\u00e1 Marble Crema Marfil<\/strong><\/h3>\n<p data-sourcepos=\"15:1-15:63\"><a href=\"http:\/\/royalstone.com.vn\/en\/da-marble\/\"><em><strong>Marble<\/strong><\/em><\/a> Crema Marfil s\u1edf h\u1eefu nhi\u1ec1u \u01b0u \u0111i\u1ec3m v\u01b0\u1ee3t tr\u1ed9i, bao g\u1ed3m:<\/p>\n<ul data-sourcepos=\"17:1-20:0\">\n<li data-sourcepos=\"17:1-17:197\"><strong>Exquisite beauty and luxurious:<\/strong>\u00a0\u0110\u00e1 Marble Crema Marfil c\u00f3 m\u00e0u s\u1eafc h\u00e0i h\u00f2a, nh\u00e3 nh\u1eb7n, ph\u00f9 h\u1ee3p v\u1edbi nhi\u1ec1u phong c\u00e1ch thi\u1ebft k\u1ebf n\u1ed9i th\u1ea5t kh\u00e1c nhau. C\u00e1c v\u00e2n \u0111\u00e1 \u0111an xen t\u1ea1o n\u00ean v\u1ebb \u0111\u1eb9p t\u1ef1 nhi\u00ean, \u0111\u1ed9c \u0111\u00e1o.<\/li>\n<li data-sourcepos=\"18:1-18:176\"><strong>Durability:<\/strong>\u00a0\u0110\u00e1 Marble Crema Marfil \u0111\u01b0\u1ee3c h\u00ecnh th\u00e0nh t\u1eeb \u0111\u00e1 v\u00f4i v\u00e0 c\u00e1c kho\u00e1ng ch\u1ea5t t\u1ef1 nhi\u00ean n\u00ean c\u00f3 \u0111\u1ed9 c\u1ee9ng cao, ch\u1ecbu l\u1ef1c t\u1ed1t, kh\u00f4ng b\u1ecb th\u1ea5m n\u01b0\u1edbc, kh\u00f4ng b\u1ecb n\u1ee9t v\u1ee1, cong v\u00eanh.<\/li>\n<li data-sourcepos=\"19:1-20:0\"><strong>Easy cleaning and maintenance:<\/strong>\u00a0\u0110\u00e1 Marble Crema Marfil c\u00f3 b\u1ec1 m\u1eb7t nh\u1eb5n b\u00f3ng n\u00ean d\u1ec5 d\u00e0ng v\u1ec7 sinh, lau ch\u00f9i.<\/li>\n<\/ul>\n<h3><strong>Lo\u1ea1i \u0110\u00e1 v\u00e0 \u0110\u1eb7c \u0110i\u1ec3m \u0110\u00e1 Marble Crema Marfil<\/strong><\/h3>\n<p>Crema Marfil c\u00f3 ba lo\u1ea1i ch\u00ednh, m\u1ed7i lo\u1ea1i mang \u0111\u1ebfn m\u1ed9t v\u1ebb \u0111\u1eb9p \u0111\u1ed9c \u0111\u00e1o:<\/p>\n<ol>\n<li><em>Crema Marfil Standard:<\/em> M\u00e0u be s\u00e1ng \u0111\u1ed3ng nh\u1ea5t v\u1edbi \u0111\u01b0\u1eddng v\u00e2n m\u1ea3nh m\u00e0u v\u00e0ng v\u00e0 d\u1ea5u hi\u1ec7u h\u00f3a th\u1ea1ch. \u0110\u00e2y l\u00e0 lo\u1ea1i \u0111\u00e1 cao c\u1ea5p v\u00e0 \u0111\u1ed9c \u0111\u00e1o.<\/li>\n<li><em>Crema Marfil Commercial:<\/em> Bi\u1ebfn th\u1ec3 v\u1edbi n\u1ec1n m\u00e0u be s\u00e1ng \u0111\u1ed3ng nh\u1ea5t, v\u00e2n kh\u00f4ng \u0111\u1ec1u m\u00e0u v\u00e0ng, c\u00f3 \u00edt calcite v\u00e0 d\u1ea5u hi\u1ec7u h\u00f3a th\u1ea1ch.<\/li>\n<li><em>Crema Marfil Classic:<\/em> Ph\u1ed5 bi\u1ebfn tr\u00ean th\u1ecb tr\u01b0\u1eddng xu\u1ea5t kh\u1ea9u, th\u01b0\u1eddng xu\u1ea5t hi\u1ec7n nhi\u1ec1u \u0111\u01b0\u1eddng v\u00e2n, h\u00f3a th\u1ea1ch v\u00e0 calcite tr\u00ean b\u1ec1 m\u1eb7t. M\u1ee9c gi\u00e1 th\u01b0\u1eddng th\u1ea5p h\u01a1n hai lo\u1ea1i tr\u01b0\u1edbc \u0111\u00f3.<\/li>\n<\/ol>\n<h3><strong>\u0110\u1eb7c T\u00ednh <\/strong><strong>Marble And Crema Marfil<\/strong><\/h3>\n<p>\u0110\u00e1 Crema Marfil kh\u00f4ng ch\u1ec9 l\u00e0 bi\u1ec3u t\u01b0\u1ee3ng c\u1ee7a v\u1ebb \u0111\u1eb9p m\u00e0 c\u00f2n mang \u0111\u1ebfn nhi\u1ec1u \u01b0u \u0111i\u1ec3m kh\u00e1c:<\/p>\n<ul>\n<li><em>V\u1ebb \u0110\u1eb9p \u0110\u1ed9c \u0110\u00e1o:<\/em> M\u1ed7i t\u1ea5m \u0111\u00e1 l\u00e0 m\u1ed9t ki\u1ec7t t\u00e1c t\u1ef1 nhi\u00ean, \u0111\u1ed9 b\u00f3ng s\u00e1ng cao v\u00e0 m\u00e0u s\u1eafc nh\u00e3 nh\u1eb7n.<\/li>\n<li><em>\u0110\u1ed9 C\u1ee9ng:<\/em> V\u1edbi th\u00e0nh ph\u1ea7n ch\u1ee7 y\u1ebfu l\u00e0 Canxit, Crema Marfil \u0111\u1ea1t \u0111\u1ed9 c\u1ee9ng 3-5\/10, c\u00f3 th\u1ec3 x\u1eed l\u00fd b\u1eb1ng keo ch\u1ed1ng th\u1ea5m chuy\u00ean nghi\u1ec7p.<\/li>\n<li><em>Ch\u1ea5t L\u01b0\u1ee3ng:<\/em> S\u1eed d\u1ee5ng lo\u1ea1i \u0111\u00e1 n\u00e0y mang l\u1ea1i gi\u00e1 tr\u1ecb th\u1ea9m m\u1ef9 v\u00e0 \u0111\u1ed9 b\u1ec1n cao, kh\u00f4ng phai m\u00e0u theo th\u1eddi gian.<\/li>\n<\/ul>\n<h3 data-sourcepos=\"21:1-21:42\"><strong>\u1ee8ng d\u1ee5ng c\u1ee7a \u0111\u00e1 Marble Crema Marfil<\/strong><\/h3>\n<p data-sourcepos=\"23:1-23:101\">\u0110\u00e1 Marble Crema Marfil \u0111\u01b0\u1ee3c \u1ee9ng d\u1ee5ng r\u1ed9ng r\u00e3i trong trang tr\u00ed n\u1ed9i th\u1ea5t, \u0111\u1eb7c bi\u1ec7t l\u00e0 c\u00e1c h\u1ea1ng m\u1ee5c sau:<\/p>\n<ul data-sourcepos=\"25:1-33:0\">\n<li data-sourcepos=\"25:1-26:53\"><strong><b><a href=\"https:\/\/royalstone.com.vn\/en\/da-lat-nen-ve-dep-hien-dai-cho-khong-gian\/\">Stone paving<\/a><\/b>:<\/strong>\u00a0\u0110\u00e1 Marble Crema Marfil l\u00e0 l\u1ef1a ch\u1ecdn ho\u00e0n h\u1ea3o cho c\u00e1c kh\u00f4ng gian sang tr\u1ecdng nh\u01b0 ph\u00f2ng kh\u00e1ch, ph\u00f2ng ng\u1ee7, ph\u00f2ng b\u1ebfp,&#8230; \u0110\u00e1 mang \u0111\u1ebfn v\u1ebb \u0111\u1eb9p tinh t\u1ebf, sang tr\u1ecdng v\u00e0 b\u1ec1n b\u1ec9 cho kh\u00f4ng gian.\n<div class=\"attachment-container search-images\"><\/div>\n<\/li>\n<li data-sourcepos=\"27:1-28:54\"><strong>\u0110\u00e1 \u1ed1p t\u01b0\u1eddng:<\/strong>\u00a0\u0110\u00e1 Marble Crema Marfil c\u00f3 th\u1ec3 \u0111\u01b0\u1ee3c s\u1eed d\u1ee5ng \u0111\u1ec3 \u1ed1p t\u01b0\u1eddng ph\u00f2ng kh\u00e1ch, ph\u00f2ng ng\u1ee7, ph\u00f2ng b\u1ebfp,&#8230; \u0110\u00e1 mang \u0111\u1ebfn v\u1ebb \u0111\u1eb9p sang tr\u1ecdng, tinh t\u1ebf v\u00e0 \u0111\u1eb3ng c\u1ea5p cho kh\u00f4ng gian.\n<div class=\"attachment-container search-images\"><\/div>\n<\/li>\n<li data-sourcepos=\"29:1-30:48\"><strong>\u0110\u00e1 \u1ed1p m\u1eb7t b\u00e0n b\u1ebfp:<\/strong>\u00a0\u0110\u00e1 Marble Crema Marfil c\u00f3 th\u1ec3 \u0111\u01b0\u1ee3c s\u1eed d\u1ee5ng \u0111\u1ec3 \u1ed1p m\u1eb7t b\u00e0n b\u1ebfp, mang \u0111\u1ebfn v\u1ebb \u0111\u1eb9p sang tr\u1ecdng, tinh t\u1ebf v\u00e0 d\u1ec5 d\u00e0ng v\u1ec7 sinh.\n<div class=\"attachment-container search-images\"><\/div>\n<\/li>\n<li data-sourcepos=\"31:1-33:0\"><strong>\u0110\u00e1 \u1ed1p m\u1eb7t b\u00e0n <b><a href=\"https:\/\/royalstone.com.vn\/en\/lavabo-rua-mat-bang-da-ua-chuong-nhat-hien-nay\/\">lavabo<\/a><\/b>:<\/strong>\u00a0\u0110\u00e1 Marble Crema Marfil c\u00f3 th\u1ec3 \u0111\u01b0\u1ee3c s\u1eed d\u1ee5ng \u0111\u1ec3 \u1ed1p m\u1eb7t b\u00e0n lavabo, mang \u0111\u1ebfn v\u1ebb \u0111\u1eb9p sang tr\u1ecdng, tinh t\u1ebf v\u00e0 d\u1ec5 d\u00e0ng v\u1ec7 sinh.\n<div class=\"attachment-container search-images\"><\/div>\n<\/li>\n<\/ul>\n<h4><strong>Phong Th\u1ee7y v\u00e0 \u00dd Ngh\u0129a M\u00e0u S\u1eafc:<\/strong><\/h4>\n<p>M\u00e0u v\u00e0ng c\u1ee7a Crema Marfil kh\u00f4ng ch\u1ec9 \u0111\u1eb9p m\u1eaft m\u00e0 c\u00f2n mang l\u1ea1i n\u0103ng l\u01b0\u1ee3ng t\u00edch c\u1ef1c, s\u1ef1 s\u00e1ng s\u1ee7a v\u00e0 \u1ea5m \u00e1p. Trong phong th\u1ee7y, m\u00e0u v\u00e0ng \u0111\u1ea1i di\u1ec7n cho s\u1ef1 gi\u00e0u c\u00f3, th\u1ecbnh v\u01b0\u1ee3ng v\u00e0 t\u01b0\u01a1ng lai t\u01b0\u01a1i s\u00e1ng. \u0110\u1ed1i v\u1edbi nh\u1eefng ng\u01b0\u1eddi m\u1ec7nh Kim, Crema Marfil l\u00e0 s\u1ef1 l\u1ef1a ch\u1ecdn l\u00fd t\u01b0\u1edfng.<\/p>\n<h3 data-sourcepos=\"34:1-34:39\"><strong>C\u00e1ch ch\u1ecdn \u0111\u00e1 Marble Crema Marfil<\/strong><\/h3>\n<p data-sourcepos=\"36:1-36:70\">\u0110\u1ec3 ch\u1ecdn \u0111\u01b0\u1ee3c \u0111\u00e1 Marble Crema Marfil ph\u00f9 h\u1ee3p, c\u1ea7n l\u01b0u \u00fd nh\u1eefng \u0111i\u1ec3m sau:<\/p>\n<ul data-sourcepos=\"38:1-41:0\">\n<li data-sourcepos=\"38:1-38:191\"><strong>Color:<\/strong>\u00a0M\u00e0u s\u1eafc c\u1ee7a \u0111\u00e1 Marble Crema Marfil c\u00f3 th\u1ec3 thay \u0111\u1ed5i t\u00f9y thu\u1ed9c v\u00e0o ngu\u1ed3n g\u1ed1c khai th\u00e1c. Kh\u00e1ch h\u00e0ng n\u00ean ch\u1ecdn m\u00e0u s\u1eafc ph\u00f9 h\u1ee3p v\u1edbi phong c\u00e1ch thi\u1ebft k\u1ebf n\u1ed9i th\u1ea5t v\u00e0 s\u1edf th\u00edch c\u1ee7a m\u00ecnh.<\/li>\n<li data-sourcepos=\"39:1-39:160\"><strong>Size:<\/strong>\u00a0\u0110\u00e1 Marble Crema Marfil c\u00f3 nhi\u1ec1u k\u00edch th\u01b0\u1edbc kh\u00e1c nhau, t\u1eeb nh\u1ecf \u0111\u1ebfn l\u1edbn. Kh\u00e1ch h\u00e0ng n\u00ean ch\u1ecdn k\u00edch th\u01b0\u1edbc ph\u00f9 h\u1ee3p v\u1edbi di\u1ec7n t\u00edch kh\u00f4ng gian c\u1ea7n l\u00e1t.<\/li>\n<li data-sourcepos=\"40:1-41:0\"><strong>Price:<\/strong>\u00a0Gi\u00e1 \u0111\u00e1 Marble Crema Marfil ph\u1ee5 thu\u1ed9c v\u00e0o ngu\u1ed3n g\u1ed1c khai th\u00e1c, k\u00edch th\u01b0\u1edbc, ch\u1ea5t l\u01b0\u1ee3ng,&#8230; Kh\u00e1ch h\u00e0ng n\u00ean tham kh\u1ea3o gi\u00e1 c\u1ea3 t\u1eeb nhi\u1ec1u nh\u00e0 cung c\u1ea5p \u0111\u1ec3 ch\u1ecdn \u0111\u01b0\u1ee3c s\u1ea3n ph\u1ea9m ph\u00f9 h\u1ee3p v\u1edbi t\u00fai ti\u1ec1n.<\/li>\n<\/ul>\n<h3 data-sourcepos=\"42:1-42:48\"><strong>\u0110\u1ecba ch\u1ec9 mua \u0111\u00e1 Marble Crema Marfil uy t\u00edn<\/strong><\/h3>\n<p data-sourcepos=\"44:1-44:255\"><em><strong>Royal Stone \u2013 natural Stone premium<\/strong><\/em> l\u00e0 \u0111\u1ecba ch\u1ec9 uy t\u00edn chuy\u00ean cung c\u1ea5p c\u00e1c lo\u1ea1i \u0111\u00e1 marble t\u1ef1 nhi\u00ean nh\u1eadp kh\u1ea9u t\u1eeb T\u00e2y Ban Nha. V\u1edbi nhi\u1ec1u n\u0103m kinh nghi\u1ec7m trong l\u0129nh v\u1ef1c \u0111\u00e1 \u1ed1p l\u00e1t, ch\u00fang t\u00f4i cam k\u1ebft mang \u0111\u1ebfn cho kh\u00e1ch h\u00e0ng nh\u1eefng s\u1ea3n ph\u1ea9m ch\u1ea5t l\u01b0\u1ee3ng t\u1ed1t nh\u1ea5t v\u1edbi gi\u00e1 c\u1ea3 h\u1ee3p l\u00fd.<\/p>\n<p data-sourcepos=\"48:1-48:195\">\u0110\u00e1 Marble Crema Marfil l\u00e0 l\u1ef1a ch\u1ecdn ho\u00e0n h\u1ea3o cho m\u1ecdi kh\u00f4ng gian s\u1ed1ng. V\u1edbi v\u1ebb \u0111\u1eb9p tinh t\u1ebf, sang tr\u1ecdng v\u00e0 b\u1ec1n b\u1ec9, \u0111\u00e1 Marble Crema Marfil mang \u0111\u1ebfn v\u1ebb \u0111\u1eb9p \u0111\u1eb3ng c\u1ea5p v\u00e0 th\u1eddi th\u01b0\u1ee3ng cho ng\u00f4i nh\u00e0 c\u1ee7a b\u1ea1n.<\/p>\n<p>V\u1edbi v\u1ebb \u0111\u1eb9p \u0111\u1ed9c \u0111\u00e1o, \u0111\u1ed9 c\u1ee9ng v\u00e0 t\u00ednh th\u1ea9m m\u1ef9 cao, \u0110\u00e1 Marble Crema Marfil t\u1eeb T\u00e2y Ban Nha l\u00e0 ngu\u1ed3n c\u1ea3m h\u1ee9ng kh\u00f4ng ng\u1eebng cho c\u00e1c d\u1ef1 \u00e1n trang tr\u00ed n\u1ed9i th\u1ea5t cao c\u1ea5p. Cho d\u00f9 b\u1ea1n l\u00e0 ng\u01b0\u1eddi y\u00eau thi\u00ean nhi\u00ean, ng\u01b0\u1eddi ngh\u1ec7 s\u0129 hay nh\u00e0 thi\u1ebft k\u1ebf chuy\u00ean nghi\u1ec7p, Crema Marfil l\u00e0 s\u1ef1 l\u1ef1a ch\u1ecdn kh\u00f4ng th\u1ec3 b\u1ecf qua \u0111\u1ec3 bi\u1ebfn m\u1ecdi kh\u00f4ng gian th\u00e0nh m\u1ed9t ki\u1ec7t t\u00e1c s\u1ed1ng \u0111\u1ed9ng v\u00e0 \u0111\u1ed9c \u0111\u00e1o.<\/p>\n<h3><strong>Contact information Royal Stone \u2013 natural Stone premium<\/strong><\/h3>\n<p><strong>COMPANY LIMITED ROYAL STONE<\/strong><\/p>\n<p>\u260e Hotline: 0963 689 531<\/p>\n<p>? Trading office : 283 Tay Mo Ward, Dai Mo ward, Nam tu Liem district, Ha Noi City.<\/p>\n<p>? Factory: the 10 Yen The town, Luc Yen district, Yen Bai province<\/p>\n<p>? Warehouse Ha Noi: Lane 24, Dai Mo, tu Liem, Ha Noi (falling edge 4 Van Phuc, Ha Dong)<\/p>\n<p>? Website:\u00a0<a href=\"https:\/\/royalstone.com.vn\/en\/\">www.royalstone.com.vn<\/a><\/p>\n<h3 class=\"ftwp-heading\"><strong>Connect with Royal Stone<\/strong><\/h3>\n<div class=\"textwidget custom-html-widget\">\n<div class=\"textwidget custom-html-widget\">\n<div><a href=\"https:\/\/www.youtube.com\/@royalstone-datunhiencaocap\" target=\"_blank\" rel=\"noopener nofollow\"><img decoding=\"async\" class=\"entered lazyloaded\" title=\"ROYAL STONE - natural Stone premium\" src=\"http:\/\/royalstone.com.vn\/wp-content\/uploads\/2023\/11\/youtube-royalstone.jpg\" alt=\"ROYAL STONE - natural Stone premium\" width=\"30\" height=\"30\" data-lazy-src=\"http:\/\/royalstone.com.vn\/wp-content\/uploads\/2023\/11\/youtube-royalstone.jpg\" data-ll-status=\"loaded\" data-lazy-=\"\" \/><\/a><a href=\"https:\/\/www.facebook.com\/RoyalstoneDaTuNhienCaoCap\" target=\"_blank\" rel=\"noopener nofollow\"><img decoding=\"async\" class=\"entered lazyloaded\" title=\"ROYAL STONE - natural Stone premium\" src=\"http:\/\/royalstone.com.vn\/wp-content\/uploads\/2023\/11\/facebook-royalstone.jpg\" alt=\"ROYAL STONE - natural Stone premium\" width=\"30\" height=\"30\" data-lazy-src=\"http:\/\/royalstone.com.vn\/wp-content\/uploads\/2023\/11\/facebook-royalstone.jpg\" data-ll-status=\"loaded\" data-lazy-=\"\" \/><\/a><a href=\"https:\/\/twitter.com\/royalstonedatn\" target=\"_blank\" rel=\"noopener nofollow\"><img decoding=\"async\" class=\"entered lazyloaded\" title=\"ROYAL STONE - natural Stone premium\" src=\"http:\/\/royalstone.com.vn\/wp-content\/uploads\/2023\/11\/twitter-royalstone.jpg\" alt=\"ROYAL STONE - natural Stone premium\" width=\"30\" height=\"30\" data-lazy-src=\"http:\/\/royalstone.com.vn\/wp-content\/uploads\/2023\/11\/twitter-royalstone.jpg\" data-ll-status=\"loaded\" data-lazy-=\"\" \/><\/a><a href=\"https:\/\/www.pinterest.com\/royalstonedatunhiencaocap\/\" target=\"_blank\" rel=\"noopener nofollow\"><img decoding=\"async\" class=\"entered lazyloaded\" title=\"ROYAL STONE - natural Stone premium\" src=\"http:\/\/royalstone.com.vn\/wp-content\/uploads\/2023\/11\/printerest-royalstone.jpg\" alt=\"ROYAL STONE - natural Stone premium\" width=\"30\" height=\"30\" data-lazy-src=\"http:\/\/royalstone.com.vn\/wp-content\/uploads\/2023\/11\/printerest-royalstone.jpg\" data-ll-status=\"loaded\" data-lazy-=\"\" \/><\/a><a href=\"https:\/\/www.linkedin.com\/in\/royalstone-datunhien\/\" target=\"_blank\" rel=\"noopener nofollow\"><img decoding=\"async\" class=\"entered lazyloaded\" title=\"ROYAL STONE - natural Stone premium\" src=\"http:\/\/royalstone.com.vn\/wp-content\/uploads\/2023\/11\/linkedin-royalstone.jpg\" alt=\"ROYAL STONE - natural Stone premium\" width=\"30\" height=\"30\" data-lazy-src=\"http:\/\/royalstone.com.vn\/wp-content\/uploads\/2023\/11\/linkedin-royalstone.jpg\" data-ll-status=\"loaded\" data-lazy-=\"\" \/><\/a><\/div>\n<\/div>\n<\/div>","protected":false},"excerpt":{"rendered":"<ul class=\"l pr-des-featured\">\n<li>MSP: RSMCM2023<\/li>\n<li>Place of origin: Spain<\/li>\n<li>Color: Cream<\/li>\n<li>Type of stone: Marble<\/li>\n<li>Size: large<\/li>\n<li>Thickness: 1.8 cm<\/li>\n<\/ul>","protected":false},"featured_media":929,"comment_status":"closed","ping_status":"closed","template":"","meta":{"inline_featured_image":false},"product_cat":[35,37],"product_tag":[],"class_list":{"0":"post-925","1":"product","2":"type-product","3":"status-publish","4":"has-post-thumbnail","6":"product_cat-da-marble","7":"product_cat-da-marble-mau-kem","9":"first","10":"instock","11":"shipping-taxable","12":"product-type-simple"},"_links":{"self":[{"href":"https:\/\/royalstone.com.vn\/en\/wp-json\/wp\/v2\/product\/925","targetHints":{"allow":["GET"]}}],"collection":[{"href":"https:\/\/royalstone.com.vn\/en\/wp-json\/wp\/v2\/product"}],"about":[{"href":"https:\/\/royalstone.com.vn\/en\/wp-json\/wp\/v2\/types\/product"}],"replies":[{"embeddable":true,"href":"https:\/\/royalstone.com.vn\/en\/wp-json\/wp\/v2\/comments?post=925"}],"wp:featuredmedia":[{"embeddable":true,"href":"https:\/\/royalstone.com.vn\/en\/wp-json\/wp\/v2\/media\/929"}],"wp:attachment":[{"href":"https:\/\/royalstone.com.vn\/en\/wp-json\/wp\/v2\/media?parent=925"}],"wp:term":[{"taxonomy":"product_cat","embeddable":true,"href":"https:\/\/royalstone.com.vn\/en\/wp-json\/wp\/v2\/product_cat?post=925"},{"taxonomy":"product_tag","embeddable":true,"href":"https:\/\/royalstone.com.vn\/en\/wp-json\/wp\/v2\/product_tag?post=925"}],"curies":[{"name":"wp","href":"https:\/\/api.w.org\/{rel}","templated":true}]}}