{"id":916,"date":"2023-11-26T14:05:40","date_gmt":"2023-11-26T14:05:40","guid":{"rendered":"http:\/\/royalstone.com.vn\/?post_type=product&#038;p=916"},"modified":"2023-11-26T14:13:35","modified_gmt":"2023-11-26T14:13:35","slug":"da-marble-kem-tho","status":"publish","type":"product","link":"https:\/\/royalstone.com.vn\/en\/da-marble-kem-tho\/","title":{"rendered":"Marble Ice Cream, Turkish"},"content":{"rendered":"<p data-sourcepos=\"5:1-5:208\"><a href=\"http:\/\/royalstone.com.vn\/en\/da-marble-kem-tho\/\"><em><strong>Marble Ice Cream, Turkish<\/strong><\/em><\/a> l\u00e0 lo\u1ea1i \u0111\u00e1 t\u1ef1 nhi\u00ean cao c\u1ea5p \u0111\u01b0\u1ee3c \u01b0a chu\u1ed9ng trong thi\u1ebft k\u1ebf n\u1ed9i th\u1ea5t, \u0111\u1eb7c bi\u1ec7t l\u00e0 l\u00e1t s\u00e0n. V\u1edbi v\u1ebb \u0111\u1eb9p tinh t\u1ebf, sang tr\u1ecdng, <b><a href=\"https:\/\/royalstone.com.vn\/en\/da-marble-3-cm-san-pham-danh-cho-noi-that\/\">Marble<\/a><\/b> Kem Th\u1ed5 mang \u0111\u1ebfn cho kh\u00f4ng gian s\u1ed1ng s\u1ef1 \u0111\u1eb3ng c\u1ea5p, \u1ea5n t\u01b0\u1ee3ng.<\/p>\n<p data-sourcepos=\"7:1-7:13\"><b><a href=\"https:\/\/royalstone.com.vn\/en\/da-marble-mau-kem-ve-dep-dem-lai-su-tuyet-tac\/\">Marble<\/a><\/b> Kem Th\u1ed5, hay c\u00f2n g\u1ecdi l\u00e0 <b><a href=\"https:\/\/royalstone.com.vn\/en\/da-marble-mau-kem-ve-dep-dem-lai-su-tuyet-tac\/\">\u0111\u00e1 marble m\u00e0u kem<\/a><\/b>, l\u00e0 m\u1ed9t bi\u1ec3u t\u01b0\u1ee3ng c\u1ee7a s\u1ef1 tinh t\u1ebf v\u00e0 sang tr\u1ecdng, mang \u0111\u1ebfn kh\u00f4ng gian s\u1ed1ng c\u1ee7a b\u1ea1n v\u1ebb \u0111\u1eb9p t\u1ef1 nhi\u00ean t\u1eeb nh\u1eefng nguy\u00ean t\u1ed1 qu\u00fd gi\u00e1. H\u00e3y c\u00f9ng ch\u00fang t\u00f4i kh\u00e1m ph\u00e1 nh\u1eefng \u0111\u1eb7c \u0111i\u1ec3m n\u1ed5i b\u1eadt v\u00e0 \u1ee9ng d\u1ee5ng \u0111a d\u1ea1ng c\u1ee7a lo\u1ea1i \u0111\u00e1 n\u00e0y.<\/p>\n<h2 data-sourcepos=\"7:1-7:13\"><strong>\u0110\u00e1 Marble Kem Th\u1ed5 &#8211; N\u00e9t \u0110\u1eb9p T\u1ef1 Nhi\u00ean, Sang Tr\u1ecdng T\u1eeb \u0110\u1ea5t N\u01b0\u1edbc Th\u1ed5 Nh\u0129 K\u1ef3<\/strong><\/h2>\n<h3 data-sourcepos=\"9:1-9:38\"><strong>Gi\u1edbi thi\u1ec7u v\u1ec1 \u0111\u00e1 Marble Kem Th\u1ed5<\/strong><\/h3>\n<p data-sourcepos=\"11:1-11:181\"><b><a href=\"https:\/\/royalstone.com.vn\/en\/da-trang-tri-phong-khach\/\">Marble<\/a><\/b> Kem Th\u1ed5 l\u00e0 lo\u1ea1i \u0111\u00e1 bi\u1ebfn ch\u1ea5t t\u1eeb \u0111\u00e1 v\u00f4i, c\u00f3 th\u00e0nh ph\u1ea7n ch\u1ee7 y\u1ebfu l\u00e0 canxit. \u0110\u00e1 c\u00f3 m\u00e0u kem ch\u1ee7 \u0111\u1ea1o, k\u1ebft h\u1ee3p v\u1edbi nh\u1eefng \u0111\u01b0\u1eddng v\u00e2n nh\u1ecf, m\u1ea3nh, mang \u0111\u1ebfn v\u1ebb \u0111\u1eb9p tinh t\u1ebf, thanh l\u1ecbch.<\/p>\n<p data-sourcepos=\"13:1-13:156\">\u0110\u00e1 Marble Kem Th\u1ed5 \u0111\u01b0\u1ee3c khai th\u00e1c ch\u1ee7 y\u1ebfu \u1edf c\u00e1c n\u01b0\u1edbc nh\u01b0 \u00dd, T\u00e2y Ban Nha, Th\u1ed5 Nh\u0129 K\u1ef3,&#8230; T\u1ea1i Vi\u1ec7t Nam, \u0111\u00e1 Marble Kem Th\u1ed5 c\u0169ng \u0111\u01b0\u1ee3c nh\u1eadp kh\u1ea9u t\u1eeb c\u00e1c n\u01b0\u1edbc tr\u00ean.<\/p>\n<h4><strong>Th\u00f4ng Tin C\u01a1 B\u1ea3n<\/strong><\/h4>\n<ul>\n<li><em>Common Name:<\/em> \u0110\u00e1 Marble Kem Th\u1ed5, \u0111\u00e1 marble m\u00e0u kem, \u0111\u00e1 marble Th\u1ed5 Nh\u0129 K\u1ef3.<\/li>\n<li><em>Place Of Origin:<\/em> Th\u1ed5 Nh\u0129 K\u1ef3.<\/li>\n<li><em>Th\u00e0nh Ph\u1ea7n H\u00f3a H\u1ecdc:<\/em> \u0110\u01b0\u1ee3c bi\u1ebfn ch\u1ea5t t\u1eeb \u0111\u00e1 v\u00f4i, v\u1edbi th\u00e0nh ph\u1ea7n ch\u1ee7 y\u1ebfu l\u00e0 Canxit, \u0111\u1ea3m b\u1ea3o \u0111\u1ed9 b\u1ec1n b\u1ec9 t\u1ed1t nh\u1ea5t cho m\u1ecdi c\u00f4ng tr\u00ecnh sau khi \u0111\u01b0\u1ee3c ch\u1ed1ng th\u1ea5m k\u1ef9 tr\u01b0\u1edbc khi thi c\u00f4ng.<\/li>\n<\/ul>\n<figure id=\"attachment_918\" aria-describedby=\"caption-attachment-918\" style=\"width: 501px\" class=\"wp-caption aligncenter\"><img decoding=\"async\" class=\"wp-image-918 size-full\" title=\"Marble Ice Cream, Turkish\" src=\"http:\/\/royalstone.com.vn\/wp-content\/uploads\/2023\/11\/da-marble-kem-tho.jpg\" alt=\"Marble Ice Cream, Turkish\" width=\"501\" height=\"340\" \/><figcaption id=\"caption-attachment-918\" class=\"wp-caption-text\">Marble Ice Cream, Turkish<\/figcaption><\/figure>\n<h3 data-sourcepos=\"15:1-15:36\"><strong>\u01afu \u0111i\u1ec3m c\u1ee7a \u0111\u00e1 Marble Kem Th\u1ed5<\/strong><\/h3>\n<p data-sourcepos=\"17:1-17:123\"><a href=\"http:\/\/royalstone.com.vn\/en\/da-marble\/\"><em><strong>Marble<\/strong><\/em><\/a> Kem Th\u1ed5 s\u1edf h\u1eefu nhi\u1ec1u \u01b0u \u0111i\u1ec3m v\u01b0\u1ee3t tr\u1ed9i, khi\u1ebfn n\u00f3 tr\u1edf th\u00e0nh l\u1ef1a ch\u1ecdn h\u00e0ng \u0111\u1ea7u cho c\u00e1c c\u00f4ng tr\u00ecnh n\u1ed9i th\u1ea5t cao c\u1ea5p.<\/p>\n<ul data-sourcepos=\"19:1-22:0\">\n<li data-sourcepos=\"19:1-19:92\"><strong>Durability:<\/strong>\u00a0\u0110\u00e1 Marble Kem Th\u1ed5 c\u00f3 \u0111\u1ed9 b\u1ec1n cao, ch\u1ecbu l\u1ef1c t\u1ed1t, kh\u00f4ng b\u1ecb n\u1ee9t v\u1ee1, cong v\u00eanh.<\/li>\n<li data-sourcepos=\"20:1-20:127\"><strong>Aesthetics:<\/strong>\u00a0\u0110\u00e1 Marble Kem Th\u1ed5 c\u00f3 m\u00e0u s\u1eafc v\u00e0 \u0111\u01b0\u1eddng v\u00e2n t\u1ef1 nhi\u00ean, mang \u0111\u1ebfn v\u1ebb \u0111\u1eb9p tinh t\u1ebf, sang tr\u1ecdng cho kh\u00f4ng gian.<\/li>\n<li data-sourcepos=\"21:1-22:0\"><strong>Environment-friendly:<\/strong>\u00a0\u0110\u00e1 Marble Kem Th\u1ed5 \u0111\u01b0\u1ee3c s\u1ea3n xu\u1ea5t t\u1eeb nguy\u00ean li\u1ec7u t\u1ef1 nhi\u00ean, kh\u00f4ng ch\u1ee9a ch\u1ea5t \u0111\u1ed9c h\u1ea1i, an to\u00e0n cho s\u1ee9c kh\u1ecfe ng\u01b0\u1eddi s\u1eed d\u1ee5ng.<\/li>\n<\/ul>\n<h4><strong>Highlights<\/strong><\/h4>\n<ul>\n<li><em>Color:<\/em> \u0110\u00e1 Marble Kem Th\u1ed5 mang m\u00e0u v\u00e0ng kem ch\u1ee7 \u0111\u1ea1o, k\u1ebft h\u1ee3p v\u1edbi \u0111\u01b0\u1eddng v\u00e2n nh\u1ecf v\u00e0 m\u1ea3nh d\u1ebb b\u00f3ng b\u1ea9y tr\u00ean b\u1ec1 m\u1eb7t \u0111\u00e1. Hi\u1ec7u \u1ee9ng m\u00e0u s\u1eafc \u0111\u1ed9c \u0111\u00e1o n\u00e0y t\u1ea1o n\u00ean kh\u00f4ng gian sang tr\u1ecdng v\u00e0 \u1ea5n t\u01b0\u1ee3ng, kh\u00e1c bi\u1ec7t ho\u00e0n to\u00e0n so v\u1edbi c\u00e1c lo\u1ea1i \u0111\u00e1 kh\u00e1c.<\/li>\n<li><em>Ch\u1ed1ng Th\u1ea5m:<\/em> Th\u00e0nh ph\u1ea7n ch\u1ee7 y\u1ebfu Canxit gi\u00fap \u0111\u00e1 \u0111\u01b0\u1ee3c ch\u1ed1ng th\u1ea5m k\u1ef9 tr\u01b0\u1edbc khi \u0111\u01b0a v\u00e0o thi c\u00f4ng, t\u0103ng kh\u1ea3 n\u0103ng ch\u1ecbu n\u01b0\u1edbc v\u00e0 \u0111\u1ea3m b\u1ea3o \u0111\u1ed9 b\u1ec1n b\u1ec9 tr\u01b0\u1edbc m\u1ecdi t\u00e1c \u0111\u1ed9ng c\u1ee7a th\u1eddi ti\u1ebft v\u00e0 m\u00f4i tr\u01b0\u1eddng.<\/li>\n<\/ul>\n<h3 data-sourcepos=\"23:1-23:37\"><strong>\u1ee8ng d\u1ee5ng c\u1ee7a \u0111\u00e1 Marble Kem Th\u1ed5<\/strong><\/h3>\n<ul>\n<li data-sourcepos=\"25:1-25:182\">\u0110\u00e1 Marble Kem Th\u1ed5 \u0111\u01b0\u1ee3c \u1ee9ng d\u1ee5ng r\u1ed9ng r\u00e3i trong thi\u1ebft k\u1ebf n\u1ed9i th\u1ea5t, \u0111\u1eb7c bi\u1ec7t l\u00e0 l\u00e1t s\u00e0n. \u0110\u00e1 c\u00f3 th\u1ec3 \u0111\u01b0\u1ee3c s\u1eed d\u1ee5ng cho nhi\u1ec1u kh\u00f4ng gian kh\u00e1c nhau nh\u01b0 ph\u00f2ng kh\u00e1ch, ph\u00f2ng ng\u1ee7, ph\u00f2ng b\u1ebfp,&#8230;<\/li>\n<li><em>Stone Countertops <b><a href=\"https:\/\/royalstone.com.vn\/en\/lavabo-rua-mat-bang-da-ua-chuong-nhat-hien-nay\/\">Lavabo<\/a><\/b>:<\/em> S\u1ef1 m\u1ec1m m\u1ea1i v\u00e0 qu\u00fd ph\u00e1i c\u1ee7a \u0111\u00e1 Marble Kem Th\u1ed5 l\u00e0m n\u1ed5i b\u1eadt kh\u00f4ng gian ph\u00f2ng t\u1eafm, t\u1ea1o \u0111i\u1ec3m nh\u1ea5n \u0111\u1eb3ng c\u1ea5p.<\/li>\n<li><em><b><a href=\"https:\/\/royalstone.com.vn\/en\/ban-an-net-dep-sang-trong-cho-khong-gian-bep\/\">Dining Table<\/a><\/b> M\u1eb7t \u0110\u00e1:<\/em> \u0110\u1ed9 \u0111\u1ed9c \u0111\u00e1o c\u1ee7a \u0111\u01b0\u1eddng v\u00e2n v\u00e0 m\u00e0u s\u1eafc nh\u1eb9 l\u00e0m cho <b><a href=\"https:\/\/royalstone.com.vn\/en\/ban-tra-ban-sofa-hien-dai-cho-phong-khach\/\">b\u00e0n \u0103n<\/a><\/b> tr\u1edf n\u00ean sang tr\u1ecdng v\u00e0 hi\u1ec7n \u0111\u1ea1i.<\/li>\n<li><em><b><a href=\"https:\/\/royalstone.com.vn\/en\/da-lat-nen-ve-dep-sang-trong-cho-khong-gian\/\">\u0110\u00e1 L\u00e1t N\u1ec1n<\/a><\/b> v\u00e0 \u1ed0p T\u01b0\u1eddng:<\/em> S\u1eed d\u1ee5ng l\u00e0m \u0111\u00e1 l\u00e1t n\u1ec1n v\u00e0 \u1ed1p t\u01b0\u1eddng, t\u1ea1o n\u00ean kh\u00f4ng gian s\u1ed1ng \u0111\u1eb3ng c\u1ea5p v\u00e0 \u1ea5n t\u01b0\u1ee3ng.<\/li>\n<li><em>V\u00e1ch Trang Tr\u00ed v\u00e0 \u1ed0p C\u1ed9t:<\/em> \u0110\u00e1 Marble Kem Th\u1ed5 l\u00e0 ngu\u1ed3n c\u1ea3m h\u1ee9ng kh\u00f4ng ng\u1eebng cho vi\u1ec7c t\u1ea1o ra c\u00e1c v\u00e1ch trang tr\u00ed v\u00e0 \u1ed1p c\u1ed9t \u0111\u1ed9c \u0111\u00e1o.<\/li>\n<\/ul>\n<h3 data-sourcepos=\"29:1-29:39\"><strong>C\u00e1ch b\u1ea3o d\u01b0\u1ee1ng \u0111\u00e1 Marble Kem Th\u1ed5<\/strong><\/h3>\n<p data-sourcepos=\"31:1-31:70\">\u0110\u1ec3 \u0111\u00e1 Marble Kem Th\u1ed5 lu\u00f4n b\u1ec1n \u0111\u1eb9p, c\u1ea7n l\u01b0u \u00fd nh\u1eefng c\u00e1ch b\u1ea3o d\u01b0\u1ee1ng sau:<\/p>\n<ul data-sourcepos=\"33:1-36:0\">\n<li data-sourcepos=\"33:1-33:59\">Th\u01b0\u1eddng xuy\u00ean v\u1ec7 sinh lau ch\u00f9i \u0111\u00e1 b\u1eb1ng kh\u0103n m\u1ec1m, s\u1ea1ch.<\/li>\n<li data-sourcepos=\"34:1-34:53\">Tr\u00e1nh \u0111\u1ec3 \u0111\u00e1 ti\u1ebfp x\u00fac v\u1edbi c\u00e1c ch\u1ea5t t\u1ea9y r\u1eeda m\u1ea1nh nh\u01b0 axit,&#8230;<\/li>\n<li data-sourcepos=\"35:1-36:0\">Avoid to rock plummeting.<\/li>\n<\/ul>\n<p><strong>L\u01b0u \u00dd Quan Tr\u1ecdng:<\/strong> Khi s\u1eed d\u1ee5ng \u0111\u00e1 Marble Kem Th\u1ed5 cho c\u00e1c h\u1ea1ng m\u1ee5c ngo\u1ea1i th\u1ea5t, n\u00ean c\u00f3 m\u00e1i che \u0111\u1ec3 tr\u00e1nh \u1ea3nh h\u01b0\u1edfng tr\u1ef1c ti\u1ebfp t\u1eeb c\u00e1c t\u00e1c \u0111\u1ed9ng ngo\u1ea1i l\u1ef1c nh\u01b0 th\u1eddi ti\u1ebft hay t\u00e1c \u0111\u1ed9ng c\u1ee7a con ng\u01b0\u1eddi.<\/p>\n<h3 data-sourcepos=\"37:1-37:43\"><strong>\u0110\u1ecba ch\u1ec9 mua \u0111\u00e1 Marble Kem Th\u1ed5 uy t\u00edn<\/strong><\/h3>\n<p data-sourcepos=\"39:1-39:191\">Tr\u00ean th\u1ecb tr\u01b0\u1eddng hi\u1ec7n nay c\u00f3 r\u1ea5t nhi\u1ec1u \u0111\u1ecba ch\u1ec9 b\u00e1n \u0111\u00e1 Marble Kem Th\u1ed5. \u0110\u1ec3 mua \u0111\u01b0\u1ee3c \u0111\u00e1 ch\u1ea5t l\u01b0\u1ee3ng, uy t\u00edn, b\u1ea1n n\u00ean l\u1ef1a ch\u1ecdn nh\u1eefng \u0111\u1ecba ch\u1ec9 uy t\u00edn, c\u00f3 kinh nghi\u1ec7m l\u00e2u n\u0103m trong l\u0129nh v\u1ef1c \u0111\u00e1 \u1ed1p l\u00e1t.<\/p>\n<p data-sourcepos=\"41:1-41:252\"><em><strong>T\u1ed5ng kho Royal Stone &#8211; \u0110\u00e1 t\u1ef1 nhi\u00ean cao c\u1ea5p<\/strong><\/em> l\u00e0 \u0111\u1ecba ch\u1ec9 uy t\u00edn chuy\u00ean cung c\u1ea5p c\u00e1c lo\u1ea1i \u0111\u00e1 Marble Kem Th\u1ed5 cao c\u1ea5p nh\u1eadp kh\u1ea9u t\u1eeb \u00dd. V\u1edbi nhi\u1ec1u n\u0103m kinh nghi\u1ec7m trong l\u0129nh v\u1ef1c \u0111\u00e1 \u1ed1p l\u00e1t, ch\u00fang t\u00f4i cam k\u1ebft mang \u0111\u1ebfn cho kh\u00e1ch h\u00e0ng nh\u1eefng s\u1ea3n ph\u1ea9m ch\u1ea5t l\u01b0\u1ee3ng t\u1ed1t nh\u1ea5t v\u1edbi gi\u00e1 c\u1ea3 h\u1ee3p l\u00fd.<\/p>\n<p data-sourcepos=\"45:1-45:211\">\u0110\u00e1 Marble Kem Th\u1ed5 l\u00e0 lo\u1ea1i \u0111\u00e1 t\u1ef1 nhi\u00ean cao c\u1ea5p mang \u0111\u1ebfn v\u1ebb \u0111\u1eb9p tinh t\u1ebf, sang tr\u1ecdng cho m\u1ecdi kh\u00f4ng gian s\u1ed1ng. V\u1edbi nh\u1eefng \u01b0u \u0111i\u1ec3m v\u01b0\u1ee3t tr\u1ed9i, \u0111\u00e1 Marble Kem Th\u1ed5 l\u00e0 l\u1ef1a ch\u1ecdn ho\u00e0n h\u1ea3o cho c\u00e1c c\u00f4ng tr\u00ecnh n\u1ed9i th\u1ea5t cao c\u1ea5p.<\/p>\n<p>\u0110\u00e1 Marble Kem Th\u1ed5 kh\u00f4ng ch\u1ec9 l\u00e0 v\u1eadt li\u1ec7u x\u00e2y d\u1ef1ng, m\u00e0 c\u00f2n l\u00e0 bi\u1ec3u t\u01b0\u1ee3ng c\u1ee7a s\u1ef1 tinh t\u1ebf v\u00e0 \u0111\u1eb3ng c\u1ea5p. V\u1edbi \u0111\u1ed9 b\u1ec1n v\u00e0 t\u00ednh th\u1ea9m m\u1ef9 cao, \u0111\u00e2y ch\u00ednh l\u00e0 l\u1ef1a ch\u1ecdn \u0111\u1eaft gi\u00e1 cho nh\u1eefng ng\u01b0\u1eddi \u0111ang t\u00ecm ki\u1ebfm kh\u00f4ng gian s\u1ed1ng \u0111\u1eb3ng c\u1ea5p. H\u00e3y \u0111\u1ec3 \u0110\u00e1 Marble Kem Th\u1ed5 l\u00e0m n\u1ed5i b\u1eadt v\u1ebb \u0111\u1eb9p v\u00e0 phong c\u00e1ch trong m\u1ecdi c\u00f4ng tr\u00ecnh c\u1ee7a b\u1ea1n<\/p>\n<h3><strong>Contact information Royal Stone \u2013 natural Stone premium<\/strong><\/h3>\n<p><strong>COMPANY LIMITED ROYAL STONE<\/strong><\/p>\n<p>\u260e Hotline: 0963 689 531<\/p>\n<p>\ud83c\udfe0 Office : 283 Tay Mo Ward, Dai Mo ward, Nam tu Liem district, Ha Noi City.<\/p>\n<p>\ud83c\udfe0 Factory: the 10 Yen The town, Luc Yen district, Yen Bai province<\/p>\n<p>\ud83c\udfe0 Warehouse Ha Noi: Lane 24, Dai Mo, tu Liem, Ha Noi (falling edge 4 Van Phuc, Ha Dong)<\/p>\n<p>\ud83c\udf10 Website:\u00a0<a href=\"https:\/\/royalstone.com.vn\/en\/\">www.royalstone.com.vn<\/a><\/p>\n<h3 class=\"ftwp-heading\"><strong>Connect with Royal Stone<\/strong><\/h3>\n<div class=\"textwidget custom-html-widget\">\n<div class=\"textwidget custom-html-widget\">\n<div><a href=\"https:\/\/www.youtube.com\/@royalstone-datunhiencaocap\" target=\"_blank\" rel=\"noopener nofollow\"><img decoding=\"async\" class=\"entered lazyloaded\" title=\"ROYAL STONE - natural Stone premium\" src=\"http:\/\/royalstone.com.vn\/wp-content\/uploads\/2023\/11\/youtube-royalstone.jpg\" alt=\"ROYAL STONE - natural Stone premium\" width=\"30\" height=\"30\" data-lazy-src=\"http:\/\/royalstone.com.vn\/wp-content\/uploads\/2023\/11\/youtube-royalstone.jpg\" data-ll-status=\"loaded\" data-lazy-=\"\" \/><\/a><a href=\"https:\/\/www.facebook.com\/RoyalstoneDaTuNhienCaoCap\" target=\"_blank\" rel=\"noopener nofollow\"><img decoding=\"async\" class=\"entered lazyloaded\" title=\"ROYAL STONE - natural Stone premium\" src=\"http:\/\/royalstone.com.vn\/wp-content\/uploads\/2023\/11\/facebook-royalstone.jpg\" alt=\"ROYAL STONE - natural Stone premium\" width=\"30\" height=\"30\" data-lazy-src=\"http:\/\/royalstone.com.vn\/wp-content\/uploads\/2023\/11\/facebook-royalstone.jpg\" data-ll-status=\"loaded\" data-lazy-=\"\" \/><\/a><a href=\"https:\/\/twitter.com\/royalstonedatn\" target=\"_blank\" rel=\"noopener nofollow\"><img decoding=\"async\" class=\"entered lazyloaded\" title=\"ROYAL STONE - natural Stone premium\" src=\"http:\/\/royalstone.com.vn\/wp-content\/uploads\/2023\/11\/twitter-royalstone.jpg\" alt=\"ROYAL STONE - natural Stone premium\" width=\"30\" height=\"30\" data-lazy-src=\"http:\/\/royalstone.com.vn\/wp-content\/uploads\/2023\/11\/twitter-royalstone.jpg\" data-ll-status=\"loaded\" data-lazy-=\"\" \/><\/a><a href=\"https:\/\/www.pinterest.com\/royalstonedatunhiencaocap\/\" target=\"_blank\" rel=\"noopener nofollow\"><img decoding=\"async\" class=\"entered lazyloaded\" title=\"ROYAL STONE - natural Stone premium\" src=\"http:\/\/royalstone.com.vn\/wp-content\/uploads\/2023\/11\/printerest-royalstone.jpg\" alt=\"ROYAL STONE - natural Stone premium\" width=\"30\" height=\"30\" data-lazy-src=\"http:\/\/royalstone.com.vn\/wp-content\/uploads\/2023\/11\/printerest-royalstone.jpg\" data-ll-status=\"loaded\" data-lazy-=\"\" \/><\/a><a href=\"https:\/\/www.linkedin.com\/in\/royalstone-datunhien\/\" target=\"_blank\" rel=\"noopener nofollow\"><img decoding=\"async\" class=\"entered lazyloaded\" title=\"ROYAL STONE - natural Stone premium\" src=\"http:\/\/royalstone.com.vn\/wp-content\/uploads\/2023\/11\/linkedin-royalstone.jpg\" alt=\"ROYAL STONE - natural Stone premium\" width=\"30\" height=\"30\" data-lazy-src=\"http:\/\/royalstone.com.vn\/wp-content\/uploads\/2023\/11\/linkedin-royalstone.jpg\" data-ll-status=\"loaded\" data-lazy-=\"\" \/><\/a><\/div>\n<\/div>\n<\/div>","protected":false},"excerpt":{"rendered":"<ul class=\"l pr-des-featured\">\n<li>MSP: RSMKT2023<\/li>\n<li>Xu\u1ea5t x\u1ee9: Th\u1ed5 Nh\u0129 K\u1ef3<\/li>\n<li>Color: Cream<\/li>\n<li>Type of stone: Marble<\/li>\n<li>Size: large<\/li>\n<li>Thickness: 1.8 cm<\/li>\n<\/ul>","protected":false},"featured_media":918,"comment_status":"closed","ping_status":"closed","template":"","meta":{"inline_featured_image":false},"product_cat":[35,37],"product_tag":[],"class_list":{"0":"post-916","1":"product","2":"type-product","3":"status-publish","4":"has-post-thumbnail","6":"product_cat-da-marble","7":"product_cat-da-marble-mau-kem","9":"first","10":"instock","11":"shipping-taxable","12":"product-type-simple"},"_links":{"self":[{"href":"https:\/\/royalstone.com.vn\/en\/wp-json\/wp\/v2\/product\/916","targetHints":{"allow":["GET"]}}],"collection":[{"href":"https:\/\/royalstone.com.vn\/en\/wp-json\/wp\/v2\/product"}],"about":[{"href":"https:\/\/royalstone.com.vn\/en\/wp-json\/wp\/v2\/types\/product"}],"replies":[{"embeddable":true,"href":"https:\/\/royalstone.com.vn\/en\/wp-json\/wp\/v2\/comments?post=916"}],"wp:featuredmedia":[{"embeddable":true,"href":"https:\/\/royalstone.com.vn\/en\/wp-json\/wp\/v2\/media\/918"}],"wp:attachment":[{"href":"https:\/\/royalstone.com.vn\/en\/wp-json\/wp\/v2\/media?parent=916"}],"wp:term":[{"taxonomy":"product_cat","embeddable":true,"href":"https:\/\/royalstone.com.vn\/en\/wp-json\/wp\/v2\/product_cat?post=916"},{"taxonomy":"product_tag","embeddable":true,"href":"https:\/\/royalstone.com.vn\/en\/wp-json\/wp\/v2\/product_tag?post=916"}],"curies":[{"name":"wp","href":"https:\/\/api.w.org\/{rel}","templated":true}]}}