{"id":913,"date":"2023-11-26T13:56:24","date_gmt":"2023-11-26T13:56:24","guid":{"rendered":"http:\/\/royalstone.com.vn\/?post_type=product&#038;p=913"},"modified":"2024-03-16T16:33:41","modified_gmt":"2024-03-16T09:33:41","slug":"da-marble-oman","status":"publish","type":"product","link":"https:\/\/royalstone.com.vn\/en\/da-marble-oman\/","title":{"rendered":"Marble, Oman"},"content":{"rendered":"<p data-sourcepos=\"5:1-5:306\"><a href=\"http:\/\/royalstone.com.vn\/en\/da-marble-oman\/\"><em><strong>Marble, Oman<\/strong><\/em><\/a> l\u00e0 m\u1ed9t lo\u1ea1i \u0111\u00e1 t\u1ef1 nhi\u00ean \u0111\u01b0\u1ee3c khai th\u00e1c t\u1ea1i v\u00f9ng n\u00fai \u0111\u00e1 c\u1ee7a Oman, Trung \u0110\u00f4ng. Lo\u1ea1i \u0111\u00e1 n\u00e0y <span class=\"citation-0 citation-end-0\">\u0111\u01b0\u1ee3c h\u00ecnh th\u00e0nh trong qu\u00e1 tr\u00ecnh ki\u1ebfn t\u1ea1o v\u1ecf tr\u00e1i \u0111\u1ea5t, bi\u1ebfn ch\u1ea5t t\u1eeb \u0111\u00e1 v\u00f4i bao g\u1ed3m ch\u1ee7 y\u1ebfu l\u00e0 c\u00e1c h\u1ea1t tinh th\u1ec3 c\u1ee7a canxit (d\u1ea1ng k\u1ebft tinh c\u1ee7a cacbonat canxi, CaCO3), dolomit, ho\u1eb7c serpentine.<\/span><\/p>\n<p data-sourcepos=\"5:1-5:306\"><b><a href=\"https:\/\/royalstone.com.vn\/en\/da-marble-3-cm-san-pham-danh-cho-noi-that\/\">Marble<\/a><\/b> Oman, c\u00f2n \u0111\u01b0\u1ee3c g\u1ecdi l\u00e0 \u0110\u00e1 Kem Oman, l\u00e0 m\u1ed9t d\u00f2ng <b><a href=\"https:\/\/royalstone.com.vn\/en\/da-marble-mau-kem-ve-dep-dem-lai-su-tuyet-tac\/\">Marble<\/a><\/b> t\u1ef1 nhi\u00ean \u0111\u1ed9c \u0111\u00e1o, \u0111\u01b0\u1ee3c nh\u1eadp kh\u1ea9u tr\u1ef1c ti\u1ebfp t\u1eeb v\u00f9ng n\u00fai \u0111\u00e1 c\u1ee7a \u0111\u1ea5t n\u01b0\u1edbc Oman. V\u1edbi th\u00e0nh ph\u1ea7n h\u00f3a h\u1ecdc \u0111\u1eb7c tr\u01b0ng, \u0111\u00e2y kh\u00f4ng ch\u1ec9 l\u00e0 v\u1eadt li\u1ec7u x\u00e2y d\u1ef1ng, m\u00e0 c\u00f2n l\u00e0 t\u00e1c ph\u1ea9m ngh\u1ec7 thu\u1eadt t\u1ef1 nhi\u00ean, bi\u1ec3u t\u01b0\u1ee3ng c\u1ee7a s\u1ef1 qu\u00fd ph\u00e1i v\u00e0 \u0111\u1eb3ng c\u1ea5p.<\/p>\n<h2 data-sourcepos=\"9:1-9:35\"><strong>Gi\u1edbi thi\u1ec7u v\u1ec1 \u0111\u00e1 Marble Oman<\/strong><\/h2>\n<p data-sourcepos=\"11:1-11:49\">\u0110\u00e1 Marble Oman c\u00f3 nhi\u1ec1u \u01b0u \u0111i\u1ec3m n\u1ed5i b\u1eadt, bao g\u1ed3m:<\/p>\n<ul data-sourcepos=\"13:1-16:0\">\n<li data-sourcepos=\"13:1-13:177\">\u0110\u1ed9 b\u1ec1n cao: \u0110\u00e1 Marble Oman \u0111\u01b0\u1ee3c s\u1ea3n xu\u1ea5t theo c\u00f4ng ngh\u1ec7 nung k\u1ebft v\u1edbi nhi\u1ec7t \u0111\u1ed9 cao tr\u00ean 1200 \u0111\u1ed9 C, gi\u00fap t\u1ea1o ra s\u1ea3n ph\u1ea9m c\u00f3 \u0111\u1ed9 b\u1ec1n cao, ch\u1ecbu l\u1ef1c t\u1ed1t, kh\u00f4ng b\u1ecb n\u1ee9t v\u1ee1, cong v\u00eanh.<\/li>\n<li data-sourcepos=\"14:1-14:137\">T\u00ednh th\u1ea9m m\u1ef9 cao: \u0110\u00e1 Marble Oman c\u00f3 b\u1ec1 m\u1eb7t b\u00f3ng, nh\u00e1m ho\u1eb7c v\u00e2n \u0111\u00e1 t\u1ef1 nhi\u00ean \u0111a d\u1ea1ng, mang \u0111\u1ebfn v\u1ebb \u0111\u1eb9p sang tr\u1ecdng, tinh t\u1ebf cho kh\u00f4ng gian.<\/li>\n<li data-sourcepos=\"15:1-16:0\">Th\u00e2n thi\u1ec7n v\u1edbi m\u00f4i tr\u01b0\u1eddng: \u0110\u00e1 Marble Oman \u0111\u01b0\u1ee3c s\u1ea3n xu\u1ea5t t\u1eeb nguy\u00ean li\u1ec7u t\u1ef1 nhi\u00ean, kh\u00f4ng ch\u1ee9a ch\u1ea5t \u0111\u1ed9c h\u1ea1i, an to\u00e0n cho s\u1ee9c kh\u1ecfe ng\u01b0\u1eddi s\u1eed d\u1ee5ng.<\/li>\n<\/ul>\n<h2 data-sourcepos=\"17:1-17:31\"><strong>Ph\u00e2n lo\u1ea1i \u0111\u00e1 Marble Oman<\/strong><\/h2>\n<p data-sourcepos=\"19:1-19:93\">D\u1ef1a v\u00e0o m\u00e0u s\u1eafc v\u00e0 v\u00e2n \u0111\u00e1, \u0111\u00e1 Marble Oman \u0111\u01b0\u1ee3c ph\u00e2n lo\u1ea1i th\u00e0nh nhi\u1ec1u lo\u1ea1i kh\u00e1c nhau, bao g\u1ed3m:<\/p>\n<ul data-sourcepos=\"21:1-33:0\">\n<li data-sourcepos=\"21:1-22:31\"><strong>\u0110\u00e1 Marble Oman tr\u1eafng:<\/strong>\u00a0\u0110\u00e2y l\u00e0 lo\u1ea1i \u0111\u00e1 ph\u1ed5 bi\u1ebfn nh\u1ea5t, c\u00f3 m\u00e0u tr\u1eafng tinh khi\u1ebft, sang tr\u1ecdng. \u0110\u00e1 Marble Oman tr\u1eafng ph\u00f9 h\u1ee3p v\u1edbi nhi\u1ec1u phong c\u00e1ch thi\u1ebft k\u1ebf kh\u00e1c nhau, t\u1eeb c\u1ed5 \u0111i\u1ec3n \u0111\u1ebfn hi\u1ec7n \u0111\u1ea1i.<\/li>\n<li data-sourcepos=\"23:1-24:30\"><strong>\u0110\u00e1 Marble Oman v\u00e0ng:<\/strong>\u00a0Lo\u1ea1i \u0111\u00e1 n\u00e0y c\u00f3 m\u00e0u v\u00e0ng kem ho\u1eb7c v\u00e0ng nh\u1ea1t, mang \u0111\u1ebfn v\u1ebb \u0111\u1eb9p \u1ea5m \u00e1p, sang tr\u1ecdng cho kh\u00f4ng gian. \u0110\u00e1 Marble Oman v\u00e0ng ph\u00f9 h\u1ee3p v\u1edbi nh\u1eefng kh\u00f4ng gian mang phong c\u00e1ch c\u1ed5 \u0111i\u1ec3n ho\u1eb7c t\u00e2n c\u1ed5 \u0111i\u1ec3n.<\/li>\n<li data-sourcepos=\"23:1-24:30\"><strong>\u0110\u00e1 Marble Oman x\u00e1m:<\/strong>\u00a0Lo\u1ea1i \u0111\u00e1 n\u00e0y c\u00f3 m\u00e0u x\u00e1m nh\u1ea1t ho\u1eb7c x\u00e1m \u0111\u1eadm, mang \u0111\u1ebfn v\u1ebb \u0111\u1eb9p tinh t\u1ebf, hi\u1ec7n \u0111\u1ea1i cho kh\u00f4ng gian. \u0110\u00e1 Marble Oman x\u00e1m ph\u00f9 h\u1ee3p v\u1edbi nh\u1eefng kh\u00f4ng gian mang phong c\u00e1ch hi\u1ec7n \u0111\u1ea1i ho\u1eb7c t\u1ed1i gi\u1ea3n.<\/li>\n<li data-sourcepos=\"23:1-24:30\"><strong>\u0110\u00e1 Marble Oman \u0111en:<\/strong>\u00a0Lo\u1ea1i \u0111\u00e1 n\u00e0y c\u00f3 m\u00e0u \u0111en tuy\u1ec1n, mang \u0111\u1ebfn v\u1ebb \u0111\u1eb9p sang tr\u1ecdng, b\u00ed \u1ea9n cho kh\u00f4ng gian. \u0110\u00e1 Marble Oman \u0111en ph\u00f9 h\u1ee3p v\u1edbi nh\u1eefng kh\u00f4ng gian mang phong c\u00e1ch c\u1ed5 \u0111i\u1ec3n ho\u1eb7c t\u00e2n c\u1ed5 \u0111i\u1ec3n.<\/li>\n<li data-sourcepos=\"23:1-24:30\"><strong>\u0110\u00e1 Marble Oman v\u00e2n g\u1ed7:<\/strong>\u00a0Lo\u1ea1i \u0111\u00e1 n\u00e0y c\u00f3 v\u00e2n g\u1ed7 t\u1ef1 nhi\u00ean, mang \u0111\u1ebfn v\u1ebb \u0111\u1eb9p sang tr\u1ecdng, g\u1ea7n g\u0169i v\u1edbi thi\u00ean nhi\u00ean cho kh\u00f4ng gian. \u0110\u00e1 Marble Oman v\u00e2n g\u1ed7 ph\u00f9 h\u1ee3p v\u1edbi nh\u1eefng kh\u00f4ng gian mang phong c\u00e1ch c\u1ed5 \u0111i\u1ec3n, t\u00e2n c\u1ed5 \u0111i\u1ec3n ho\u1eb7c hi\u1ec7n \u0111\u1ea1i.<\/li>\n<li data-sourcepos=\"23:1-24:30\"><strong>\u0110\u00e1 Marble Oman v\u00e2n m\u00e2y:<\/strong>\u00a0Lo\u1ea1i \u0111\u00e1 n\u00e0y c\u00f3 v\u00e2n m\u00e2y t\u1ef1 nhi\u00ean, mang \u0111\u1ebfn v\u1ebb \u0111\u1eb9p m\u1ec1m m\u1ea1i, tinh t\u1ebf cho kh\u00f4ng gian. \u0110\u00e1 Marble Oman v\u00e2n m\u00e2y ph\u00f9 h\u1ee3p v\u1edbi nh\u1eefng kh\u00f4ng gian mang phong c\u00e1ch hi\u1ec7n \u0111\u1ea1i ho\u1eb7c t\u1ed1i gi\u1ea3n.<\/li>\n<\/ul>\n<figure id=\"attachment_915\" aria-describedby=\"caption-attachment-915\" style=\"width: 476px\" class=\"wp-caption aligncenter\"><img decoding=\"async\" class=\"wp-image-915 size-full\" title=\"Marble, Oman\" src=\"http:\/\/royalstone.com.vn\/wp-content\/uploads\/2023\/11\/da-marble-oman.jpg\" alt=\"Marble, Oman\" width=\"476\" height=\"333\" \/><figcaption id=\"caption-attachment-915\" class=\"wp-caption-text\">Marble, Oman<\/figcaption><\/figure>\n<h2 data-sourcepos=\"34:1-34:34\"><strong>\u1ee8ng d\u1ee5ng c\u1ee7a \u0111\u00e1 Marble Oman<\/strong><\/h2>\n<p data-sourcepos=\"36:1-36:93\"><a href=\"http:\/\/royalstone.com.vn\/en\/da-marble\/\"><em><strong>Marble<\/strong><\/em><\/a> Oman \u0111\u01b0\u1ee3c \u1ee9ng d\u1ee5ng r\u1ed9ng r\u00e3i trong l\u0129nh v\u1ef1c x\u00e2y d\u1ef1ng v\u00e0 trang tr\u00ed n\u1ed9i th\u1ea5t, bao g\u1ed3m:<\/p>\n<ul data-sourcepos=\"38:1-43:0\">\n<li><em>Stone Countertops <b><a href=\"https:\/\/royalstone.com.vn\/en\/lavabo-rua-mat-bang-da-ua-chuong-nhat-hien-nay\/\">Lavabo<\/a><\/b>:<\/em> S\u1ef1 m\u1ec1m m\u1ea1i v\u00e0 qu\u00fd ph\u00e1i c\u1ee7a Marble Oman l\u00e0m t\u00f4n l\u00ean v\u1ebb \u0111\u1eb9p c\u1ee7a b\u00e0n \u0111\u00e1 lavabo, t\u1ea1o \u0111i\u1ec3m nh\u1ea5n trong kh\u00f4ng gian ph\u00f2ng t\u1eafm.<\/li>\n<li><em><b><a href=\"https:\/\/royalstone.com.vn\/en\/ban-an-net-dep-sang-trong-cho-khong-gian-bep\/\">Dining Table<\/a><\/b> M\u1eb7t \u0110\u00e1:<\/em> S\u1ef1 \u0111\u1ed9c \u0111\u00e1o c\u1ee7a \u0111\u01b0\u1eddng v\u00e2n v\u00e0 m\u00e0u s\u1eafc nh\u1eb9 nh\u00e0ng l\u00e0m cho <b><a href=\"https:\/\/royalstone.com.vn\/en\/ban-tra-ban-sofa-hien-dai-cho-phong-khach\/\">b\u00e0n \u0103n<\/a><\/b> tr\u1edf n\u00ean sang tr\u1ecdng v\u00e0 hi\u1ec7n \u0111\u1ea1i.<\/li>\n<li><em><b><a href=\"https:\/\/royalstone.com.vn\/en\/da-lat-nen-ve-dep-sang-trong-cho-khong-gian\/\">\u0110\u00e1 L\u00e1t N\u1ec1n<\/a><\/b> v\u00e0 \u1ed0p T\u01b0\u1eddng:<\/em> Marble Oman th\u01b0\u1eddng \u0111\u01b0\u1ee3c s\u1eed d\u1ee5ng \u0111\u1ec3 l\u00e0m \u0111\u00e1 l\u00e1t n\u1ec1n v\u00e0 \u1ed1p t\u01b0\u1eddng, t\u1ea1o n\u00ean kh\u00f4ng gian s\u1ed1ng \u0111\u1eb3ng c\u1ea5p v\u00e0 \u1ea5n t\u01b0\u1ee3ng.<\/li>\n<li><em>V\u00e1ch Trang Tr\u00ed v\u00e0 \u1ed0p C\u1ed9t:<\/em> V\u1edbi v\u1ebb \u0111\u1eb9p t\u01b0\u01a1i m\u1edbi, Marble Oman l\u00e0 ngu\u1ed3n c\u1ea3m h\u1ee9ng kh\u00f4ng ng\u1eebng cho vi\u1ec7c t\u1ea1o ra c\u00e1c v\u00e1ch trang tr\u00ed v\u00e0 \u1ed1p c\u1ed9t \u0111\u1ed9c \u0111\u00e1o.<\/li>\n<\/ul>\n<h2><strong>\u0110\u1eb7c \u0110i\u1ec3m N\u1ed5i B\u1eadt \u0110\u00e1 Marble Oman<\/strong><\/h2>\n<ul>\n<li><em>Th\u00e0nh Ph\u1ea7n H\u00f3a H\u1ecdc:<\/em> Marble Oman l\u00e0 lo\u1ea1i \u0111\u00e1 t\u1ef1 nhi\u00ean h\u00ecnh th\u00e0nh t\u1eeb qu\u00e1 tr\u00ecnh ki\u1ebfn t\u1ea1o v\u1ecf tr\u00e1i \u0111\u1ea5t, bi\u1ebfn ch\u1ea5t t\u1eeb \u0111\u00e1 v\u00f4i v\u00e0 bao g\u1ed3m ch\u1ee7 y\u1ebfu c\u00e1c h\u1ea1t tinh th\u1ec3 c\u1ee7a canxit, dolomit, ho\u1eb7c serpentine. Th\u00e0nh ph\u1ea7n n\u00e0y t\u1ea1o n\u00ean \u0111\u1ed9 c\u1ee9ng v\u00e0 v\u1ebb \u0111\u1eb9p \u0111\u1ed9c \u0111\u00e1o cho \u0111\u00e1 Marble Oman.<\/li>\n<li><em>Ngu\u1ed3n G\u1ed1c:<\/em> \u0110\u01b0\u1ee3c nh\u1eadp kh\u1ea9u tr\u1ef1c ti\u1ebfp t\u1eeb Oman, v\u00f9ng \u0111\u1ea5t n\u1ed5i ti\u1ebfng v\u1edbi ngu\u1ed3n \u0111\u00e1 t\u1ef1 nhi\u00ean cao c\u1ea5p.<\/li>\n<li><em>Color:<\/em> V\u1edbi m\u00e0u kem nh\u1eb9 nh\u00e0ng, Marble Oman kh\u00f4ng ch\u1ec9 l\u00e0m n\u1ed5i b\u1eadt v\u1ebb sang tr\u1ecdng m\u00e0 c\u00f2n v\u1edbi \u0111\u01b0\u1eddng v\u00e2n s\u00f3ng \u0111\u1ed3ng \u0111\u1ec1u. M\u1ed7i t\u1ea5m \u0111\u00e1 \u0111\u1ec1u mang \u0111\u1ebfn c\u1ea3m gi\u00e1c m\u1edbi l\u1ea1 v\u00e0 \u0111\u1ed9c \u0111\u00e1o, t\u1ea1o \u0111i\u1ec3m nh\u1ea5n cho m\u1ecdi c\u00f4ng tr\u00ecnh s\u1eed d\u1ee5ng.<\/li>\n<\/ul>\n<h3><strong>Marble Oman Trong Phong Th\u1ee7y<\/strong><\/h3>\n<p>Marble Oman kh\u00f4ng ch\u1ec9 l\u00e0 v\u1eadt li\u1ec7u x\u00e2y d\u1ef1ng, m\u00e0 c\u00f2n mang theo nh\u1eefng gi\u00e1 tr\u1ecb phong th\u1ee7y t\u00edch c\u1ef1c:<\/p>\n<ul>\n<li><em>Color:<\/em> M\u00e0u kem nh\u1eb9 c\u1ee7a \u0111\u00e1 t\u1ea1o ra s\u1ef1 \u1ea5m \u00e1p v\u00e0 t\u1ea1o n\u00ean kh\u00f4ng gian t\u00e2m linh trong ng\u00f4i nh\u00e0.<\/li>\n<li><em>\u0110\u1ed9 C\u1ee9ng:<\/em> \u0110\u00e1 c\u00f3 \u0111\u1ed9 c\u1ee9ng cao, \u0111\u1ed3ng th\u1eddi mang theo n\u0103ng l\u01b0\u1ee3ng c\u1ee7a \u0111\u1ea5t, t\u1ea1o n\u00ean s\u1ef1 \u1ed5n \u0111\u1ecbnh v\u00e0 b\u1ec1n v\u1eefng.<\/li>\n<\/ul>\n<p>Marble Oman kh\u00f4ng ch\u1ec9 l\u00e0 s\u1ef1 k\u1ebft h\u1ee3p ho\u00e0n h\u1ea3o gi\u1eefa t\u1ef1 nhi\u00ean v\u00e0 ngh\u1ec7 thu\u1eadt, m\u00e0 c\u00f2n l\u00e0 bi\u1ec3u t\u01b0\u1ee3ng c\u1ee7a s\u1ef1 sang tr\u1ecdng v\u00e0 hi\u1ec7n \u0111\u1ea1i. V\u1edbi \u0111\u1ed9 b\u1ec1n v\u00e0 t\u00ednh th\u1ea9m m\u1ef9 cao, \u0111\u00e2y ch\u00ednh l\u00e0 l\u1ef1a ch\u1ecdn \u0111\u1eaft gi\u00e1 cho nh\u1eefng ng\u01b0\u1eddi \u0111ang t\u00ecm ki\u1ebfm kh\u00f4ng gian s\u1ed1ng \u0111\u1eb3ng c\u1ea5p. H\u00e3y \u0111\u1ec3 Marble Oman l\u00e0m n\u1ed5i b\u1eadt v\u1ebb \u0111\u1eb9p v\u00e0 phong c\u00e1ch trong m\u1ecdi c\u00f4ng tr\u00ecnh c\u1ee7a b\u1ea1n, n\u01a1i s\u1ef1 sang tr\u1ecdng v\u00e0 \u0111\u1ed9c \u0111\u00e1o g\u1eb7p nhau.<\/p>\n<h3><strong>Contact information Royal Stone \u2013 natural Stone premium<\/strong><\/h3>\n<p><strong>COMPANY LIMITED ROYAL STONE<\/strong><\/p>\n<p>\u260e Hotline: 0963 689 531<\/p>\n<p>? Trading office : 283 Tay Mo Ward, Dai Mo ward, Nam tu Liem district, Ha Noi City.<\/p>\n<p>? Factory: the 10 Yen The town, Luc Yen district, Yen Bai province<\/p>\n<p>? Warehouse Ha Noi: Lane 24, Dai Mo, tu Liem, Ha Noi (falling edge 4 Van Phuc, Ha Dong)<\/p>\n<p>? Website:\u00a0<a href=\"https:\/\/royalstone.com.vn\/en\/\">www.royalstone.com.vn<\/a><\/p>\n<h3 class=\"ftwp-heading\"><strong>Connect with Royal Stone<\/strong><\/h3>\n<div class=\"textwidget custom-html-widget\">\n<div class=\"textwidget custom-html-widget\">\n<div><a href=\"https:\/\/www.youtube.com\/@royalstone-datunhiencaocap\" target=\"_blank\" rel=\"noopener nofollow\"><img decoding=\"async\" class=\"entered lazyloaded\" title=\"ROYAL STONE - natural Stone premium\" src=\"http:\/\/royalstone.com.vn\/wp-content\/uploads\/2023\/11\/youtube-royalstone.jpg\" alt=\"ROYAL STONE - natural Stone premium\" width=\"30\" height=\"30\" data-lazy-src=\"http:\/\/royalstone.com.vn\/wp-content\/uploads\/2023\/11\/youtube-royalstone.jpg\" data-ll-status=\"loaded\" data-lazy-=\"\" \/><\/a><a href=\"https:\/\/www.facebook.com\/RoyalstoneDaTuNhienCaoCap\" target=\"_blank\" rel=\"noopener nofollow\"><img decoding=\"async\" class=\"entered lazyloaded\" title=\"ROYAL STONE - natural Stone premium\" src=\"http:\/\/royalstone.com.vn\/wp-content\/uploads\/2023\/11\/facebook-royalstone.jpg\" alt=\"ROYAL STONE - natural Stone premium\" width=\"30\" height=\"30\" data-lazy-src=\"http:\/\/royalstone.com.vn\/wp-content\/uploads\/2023\/11\/facebook-royalstone.jpg\" data-ll-status=\"loaded\" data-lazy-=\"\" \/><\/a><a href=\"https:\/\/twitter.com\/royalstonedatn\" target=\"_blank\" rel=\"noopener nofollow\"><img decoding=\"async\" class=\"entered lazyloaded\" title=\"ROYAL STONE - natural Stone premium\" src=\"http:\/\/royalstone.com.vn\/wp-content\/uploads\/2023\/11\/twitter-royalstone.jpg\" alt=\"ROYAL STONE - natural Stone premium\" width=\"30\" height=\"30\" data-lazy-src=\"http:\/\/royalstone.com.vn\/wp-content\/uploads\/2023\/11\/twitter-royalstone.jpg\" data-ll-status=\"loaded\" data-lazy-=\"\" \/><\/a><a href=\"https:\/\/www.pinterest.com\/royalstonedatunhiencaocap\/\" target=\"_blank\" rel=\"noopener nofollow\"><img decoding=\"async\" class=\"entered lazyloaded\" title=\"ROYAL STONE - natural Stone premium\" src=\"http:\/\/royalstone.com.vn\/wp-content\/uploads\/2023\/11\/printerest-royalstone.jpg\" alt=\"ROYAL STONE - natural Stone premium\" width=\"30\" height=\"30\" data-lazy-src=\"http:\/\/royalstone.com.vn\/wp-content\/uploads\/2023\/11\/printerest-royalstone.jpg\" data-ll-status=\"loaded\" data-lazy-=\"\" \/><\/a><a href=\"https:\/\/www.linkedin.com\/in\/royalstone-datunhien\/\" target=\"_blank\" rel=\"noopener nofollow\"><img decoding=\"async\" class=\"entered lazyloaded\" title=\"ROYAL STONE - natural Stone premium\" src=\"http:\/\/royalstone.com.vn\/wp-content\/uploads\/2023\/11\/linkedin-royalstone.jpg\" alt=\"ROYAL STONE - natural Stone premium\" width=\"30\" height=\"30\" data-lazy-src=\"http:\/\/royalstone.com.vn\/wp-content\/uploads\/2023\/11\/linkedin-royalstone.jpg\" data-ll-status=\"loaded\" data-lazy-=\"\" \/><\/a><\/div>\n<\/div>\n<\/div>","protected":false},"excerpt":{"rendered":"<ul class=\"l pr-des-featured\">\n<li>MSP: RSMO2023<\/li>\n<li>Xu\u1ea5t x\u1ee9: Oman<\/li>\n<li>M\u00e0u s\u1eafc: Kem \u2013 V\u00e0ng<\/li>\n<li>Type of stone: Marble<\/li>\n<li>Size: large<\/li>\n<li>Thickness: 2.0 cm<\/li>\n<\/ul>","protected":false},"featured_media":915,"comment_status":"closed","ping_status":"closed","template":"","meta":{"inline_featured_image":false},"product_cat":[35,37],"product_tag":[],"class_list":{"0":"post-913","1":"product","2":"type-product","3":"status-publish","4":"has-post-thumbnail","6":"product_cat-da-marble","7":"product_cat-da-marble-mau-kem","9":"first","10":"instock","11":"sale","12":"shipping-taxable","13":"purchasable","14":"product-type-simple"},"_links":{"self":[{"href":"https:\/\/royalstone.com.vn\/en\/wp-json\/wp\/v2\/product\/913","targetHints":{"allow":["GET"]}}],"collection":[{"href":"https:\/\/royalstone.com.vn\/en\/wp-json\/wp\/v2\/product"}],"about":[{"href":"https:\/\/royalstone.com.vn\/en\/wp-json\/wp\/v2\/types\/product"}],"replies":[{"embeddable":true,"href":"https:\/\/royalstone.com.vn\/en\/wp-json\/wp\/v2\/comments?post=913"}],"wp:featuredmedia":[{"embeddable":true,"href":"https:\/\/royalstone.com.vn\/en\/wp-json\/wp\/v2\/media\/915"}],"wp:attachment":[{"href":"https:\/\/royalstone.com.vn\/en\/wp-json\/wp\/v2\/media?parent=913"}],"wp:term":[{"taxonomy":"product_cat","embeddable":true,"href":"https:\/\/royalstone.com.vn\/en\/wp-json\/wp\/v2\/product_cat?post=913"},{"taxonomy":"product_tag","embeddable":true,"href":"https:\/\/royalstone.com.vn\/en\/wp-json\/wp\/v2\/product_tag?post=913"}],"curies":[{"name":"wp","href":"https:\/\/api.w.org\/{rel}","templated":true}]}}