{"id":906,"date":"2023-11-26T13:35:42","date_gmt":"2023-11-26T13:35:42","guid":{"rendered":"http:\/\/royalstone.com.vn\/?post_type=product&#038;p=906"},"modified":"2023-11-26T13:49:22","modified_gmt":"2023-11-26T13:49:22","slug":"da-marble-rosa-light","status":"publish","type":"product","link":"https:\/\/royalstone.com.vn\/en\/da-marble-rosa-light\/","title":{"rendered":"Marble Rosa Light"},"content":{"rendered":"<p data-sourcepos=\"5:1-5:296\"><a href=\"http:\/\/royalstone.com.vn\/en\/da-marble-rosa-light\/\"><em><strong>Marble Rosa Light<\/strong><\/em><\/a> l\u00e0 lo\u1ea1i \u0111\u00e1 c\u1ea9m th\u1ea1ch t\u1ef1 nhi\u00ean \u0111\u01b0\u1ee3c khai th\u00e1c t\u1ea1i c\u00e1c m\u1ecf \u0111\u00e1 \u1edf \u00dd. \u0110\u00e1 c\u00f3 m\u00e0u h\u1ed3ng nh\u1ea1t, xen k\u1ebd v\u1edbi c\u00e1c v\u00e2n \u0111\u00e1 m\u00e0u \u0111\u1ecf s\u1eabm, t\u1ea1o n\u00ean v\u1ebb \u0111\u1eb9p tinh t\u1ebf v\u00e0 sang tr\u1ecdng. <b><a href=\"https:\/\/royalstone.com.vn\/en\/da-marble-3-cm-san-pham-danh-cho-noi-that\/\">Marble<\/a><\/b> Rosa Light \u0111\u01b0\u1ee3c \u1ee9ng d\u1ee5ng r\u1ed9ng r\u00e3i trong trang tr\u00ed n\u1ed9i th\u1ea5t, \u0111\u1eb7c bi\u1ec7t l\u00e0 \u1ed1p l\u00e1t s\u00e0n, \u1ed1p t\u01b0\u1eddng, \u1ed1p b\u00e0n b\u1ebfp,&#8230;<\/p>\n<p data-sourcepos=\"5:1-5:296\"><b><a href=\"https:\/\/royalstone.com.vn\/en\/da-trang-tri-phong-khach\/\">Marble<\/a><\/b> Rosa Light, hay c\u00f2n g\u1ecdi l\u00e0 \u0110\u00e1 c\u1ea9m th\u1ea1ch Rosalight, l\u00e0 d\u00f2ng <b><a href=\"https:\/\/royalstone.com.vn\/en\/da-marble-mau-kem-ve-dep-dem-lai-su-tuyet-tac\/\">\u0111\u00e1 Marble m\u00e0u kem<\/a><\/b> cao c\u1ea5p, mang \u0111\u1ebfn cho kh\u00f4ng gian nh\u00e0 b\u1ea1n v\u1ebb \u0111\u1eb9p nh\u1eb9 nh\u00e0ng, sang tr\u1ecdng v\u00e0 hi\u1ec1n d\u1ecbu. V\u1edbi nh\u1eefng \u0111\u01b0\u1eddng ch\u1ec9 v\u00e2n v\u1ea1ch m\u1edd tr\u00ean b\u1ec1 m\u1eb7t \u0111\u00e1, \u0111\u00e1 Rosa Light t\u1ea1o n\u00ean m\u1ed9t b\u1ee9c tranh th\u01a1 m\u1ed9ng \u0111\u1ea7y m\u00e0u s\u1eafc v\u00e0 tinh t\u1ebf.<\/p>\n<h2 data-sourcepos=\"9:1-9:41\"><strong>Gi\u1edbi thi\u1ec7u v\u1ec1 \u0111\u00e1 Marble Rosa Light<\/strong><\/h2>\n<p data-sourcepos=\"11:1-11:187\">\u0110\u00e1 Marble Rosa Light l\u00e0 lo\u1ea1i \u0111\u00e1 c\u1ea9m th\u1ea1ch t\u1ef1 nhi\u00ean \u0111\u01b0\u1ee3c h\u00ecnh th\u00e0nh t\u1eeb s\u1ef1 bi\u1ebfn ch\u1ea5t c\u1ee7a \u0111\u00e1 v\u00f4i. \u0110\u00e1 c\u00f3 m\u00e0u h\u1ed3ng nh\u1ea1t, xen k\u1ebd v\u1edbi c\u00e1c v\u00e2n \u0111\u00e1 m\u00e0u \u0111\u1ecf s\u1eabm, t\u1ea1o n\u00ean v\u1ebb \u0111\u1eb9p tinh t\u1ebf v\u00e0 sang tr\u1ecdng.<\/p>\n<p data-sourcepos=\"13:1-13:159\">\u0110\u00e1 Marble Rosa Light c\u00f3 \u0111\u1ed9 c\u1ee9ng cao, ch\u1ecbu l\u1ef1c t\u1ed1t, kh\u00f4ng b\u1ecb n\u1ee9t v\u1ee1, cong v\u00eanh. \u0110\u00e1 c\u0169ng c\u00f3 kh\u1ea3 n\u0103ng ch\u1ed1ng th\u1ea5m, ch\u1ed1ng tr\u01a1n tr\u01b0\u1ee3t t\u1ed1t, d\u1ec5 d\u00e0ng v\u1ec7 sinh b\u1ea3o d\u01b0\u1ee1ng.<\/p>\n<figure id=\"attachment_908\" aria-describedby=\"caption-attachment-908\" style=\"width: 469px\" class=\"wp-caption aligncenter\"><img decoding=\"async\" class=\"wp-image-908 size-full\" title=\"Marble Rosa Light\" src=\"http:\/\/royalstone.com.vn\/wp-content\/uploads\/2023\/11\/da-marble-rosa-light.jpg\" alt=\"Marble Rosa Light\" width=\"469\" height=\"341\" \/><figcaption id=\"caption-attachment-908\" class=\"wp-caption-text\">Marble Rosa Light<\/figcaption><\/figure>\n<h2 data-sourcepos=\"15:1-15:40\"><strong>\u1ee8ng d\u1ee5ng c\u1ee7a \u0111\u00e1 Marble Rosa Light<\/strong><\/h2>\n<p data-sourcepos=\"17:1-17:118\"><a href=\"http:\/\/royalstone.com.vn\/en\/da-marble\/\"><em><strong>Marble<\/strong><\/em><\/a> Rosa Light \u0111\u01b0\u1ee3c \u1ee9ng d\u1ee5ng r\u1ed9ng r\u00e3i trong trang tr\u00ed n\u1ed9i th\u1ea5t, \u0111\u1eb7c bi\u1ec7t l\u00e0 \u1ed1p l\u00e1t s\u00e0n, \u1ed1p t\u01b0\u1eddng, \u1ed1p b\u00e0n b\u1ebfp,&#8230;<\/p>\n<ul data-sourcepos=\"19:1-25:0\">\n<li data-sourcepos=\"19:1-20:42\"><strong>Floor tiling:<\/strong>\u00a0\u0110\u00e1 Marble Rosa Light c\u00f3 \u0111\u1ed9 c\u1ee9ng cao, ch\u1ecbu l\u1ef1c t\u1ed1t, kh\u00f4ng b\u1ecb n\u1ee9t v\u1ee1, cong v\u00eanh, n\u00ean th\u00edch h\u1ee3p \u0111\u1ec3 \u1ed1p l\u00e1t s\u00e0n. \u0110\u00e1 mang \u0111\u1ebfn v\u1ebb \u0111\u1eb9p sang tr\u1ecdng v\u00e0 tinh t\u1ebf cho kh\u00f4ng gian n\u1ed9i th\u1ea5t.<\/li>\n<li data-sourcepos=\"21:1-22:40\"><strong>Wall cladding:<\/strong> \u0110\u00e1 Marble Rosa Light c\u00f3 v\u1ebb \u0111\u1eb9p tinh t\u1ebf v\u00e0 sang tr\u1ecdng, n\u00ean th\u00edch h\u1ee3p \u0111\u1ec3 \u1ed1p t\u01b0\u1eddng. \u0110\u00e1 c\u00f3 th\u1ec3 \u0111\u01b0\u1ee3c s\u1eed d\u1ee5ng \u0111\u1ec3 \u1ed1p t\u01b0\u1eddng ph\u00f2ng kh\u00e1ch, ph\u00f2ng ng\u1ee7, ph\u00f2ng b\u1ebfp,&#8230;<\/li>\n<li data-sourcepos=\"23:1-25:0\"><strong>\u1ed0p b\u00e0n b\u1ebfp:<\/strong> \u0110\u00e1 Marble Rosa Light c\u00f3 kh\u1ea3 n\u0103ng ch\u1ed1ng th\u1ea5m, ch\u1ed1ng tr\u01a1n tr\u01b0\u1ee3t t\u1ed1t, n\u00ean th\u00edch h\u1ee3p \u0111\u1ec3 \u1ed1p b\u00e0n b\u1ebfp. \u0110\u00e1 mang \u0111\u1ebfn v\u1ebb \u0111\u1eb9p sang tr\u1ecdng v\u00e0 tinh t\u1ebf cho kh\u00f4ng gian b\u1ebfp.<\/li>\n<\/ul>\n<h2><strong>\u0110\u1eb7c \u0110i\u1ec3m N\u1ed5i B\u1eadt \u0110\u00e1 Marble Rosa Light<\/strong><\/h2>\n<ul>\n<li><em>Color:<\/em> M\u00e0u h\u1ed3ng kem nh\u1eb9 nh\u00e0ng tinh t\u1ebf, th\u1ec3 hi\u1ec7n s\u1ef1 tao nh\u00e3 v\u00e0 m\u1ec1m m\u1ea1i. S\u1ef1 k\u1ebft h\u1ee3p c\u1ee7a m\u00e0u s\u1eafc n\u00e0y gi\u00fap kh\u00f4ng gian tr\u1edf n\u00ean t\u01b0\u01a1i s\u00e1ng v\u00e0 sang tr\u1ecdng h\u01a1n, t\u1ea1o \u0111i\u1ec3m nh\u1ea5n l\u00fd t\u01b0\u1edfng cho m\u1ecdi thi\u1ebft k\u1ebf n\u1ed9i th\u1ea5t.<\/li>\n<li><em>V\u00e2n \u0110\u00e1:<\/em> B\u1ec1 m\u1eb7t \u0111\u00e1 Rosa Light c\u00f3 c\u00e1c v\u00e2n \u0111\u00e1 nh\u1ecf n\u00e2u nh\u1eb9, t\u1ea1o \u0111i\u1ec3m nh\u1ea5n t\u1ef1 nhi\u00ean v\u00e0 l\u00e0m n\u1ed5i b\u1eadt v\u1ebb \u0111\u1eb9p t\u1ef1 nhi\u00ean c\u1ee7a \u0111\u00e1 Marble. \u0110\u00e2y kh\u00f4ng ch\u1ec9 l\u00e0 v\u1eadt li\u1ec7u x\u00e2y d\u1ef1ng, m\u00e0 c\u00f2n l\u00e0 t\u00e1c ph\u1ea9m ngh\u1ec7 thu\u1eadt trang tr\u00ed.<\/li>\n<li><em>\u0110\u1ed9 C\u1ee9ng:<\/em> \u0110\u1ea1t 3-5\/10 tr\u00ean thang \u0111i\u1ec3m Mohs, \u0111\u00e1 Rosa Light d\u1ec5 d\u00e0ng \u0111i\u00eau kh\u1eafc ho\u1eb7c t\u1ea1o h\u00ecnh tr\u00ean m\u1eb7t \u0111\u00e1, mang l\u1ea1i s\u1ef1 linh ho\u1ea1t trong vi\u1ec7c s\u00e1ng t\u1ea1o v\u00e0 thi\u1ebft k\u1ebf.<\/li>\n<\/ul>\n<h3><strong>\u0110\u00e1 Rosa Light Trong Phong Th\u1ee7y<\/strong><\/h3>\n<p>Trong phong th\u1ee7y, m\u00e0u h\u1ed3ng c\u00f9ng v\u1edbi \u0111\u1ecf thu\u1ed9c h\u00e0nh H\u1ecfa, l\u00e0 bi\u1ec3u t\u01b0\u1ee3ng c\u1ee7a t\u00ecnh y\u00eau, \u0111am m\u00ea v\u00e0 l\u00e3ng m\u1ea1n. M\u00e0u kem h\u1ed3ng ch\u1ee7 \u0111\u1ea1o c\u1ee7a \u0111\u00e1 Rosa Light, theo quan \u0111i\u1ec3m phong th\u1ee7y, thu\u1ed9c m\u1ec7nh H\u1ecfa Sinh Th\u1ed5, mang l\u1ea1i s\u1ef1 may m\u1eafn v\u00e0 th\u1ecbnh v\u01b0\u1ee3ng.<\/p>\n<ul>\n<li><strong>V\u1edbi Ng\u01b0\u1eddi M\u1ec7nh Th\u1ed5:<\/strong> \u0110\u00e1 n\u00e0y h\u1ee3p l\u00fd, mang l\u1ea1i s\u1ef1 \u1ed5n \u0111\u1ecbnh v\u00e0 b\u1ec1n v\u1eefng cho gia ch\u1ee7.<\/li>\n<li><strong>V\u1edbi Ng\u01b0\u1eddi M\u1ec7nh H\u1ecfa:<\/strong> \u0110\u00e1 c\u00f3 \u0111\u01b0\u1eddng ch\u1ec9 \u0111\u1ecf \u0111\u1eadm k\u1ebft h\u1ee3p v\u1edbi h\u1ed3ng kem t\u1ea1o n\u00ean s\u1ef1 h\u00e0i h\u00f2a, t\u1ed1t cho s\u1ee9c kh\u1ecfe v\u00e0 mang \u0111\u1ebfn may m\u1eafn, ph\u00fa qu\u00fd.<\/li>\n<\/ul>\n<p>\u0110\u00e1 Marble Rosa Light kh\u00f4ng ch\u1ec9 l\u00e0 v\u1eadt li\u1ec7u x\u00e2y d\u1ef1ng, m\u00e0 c\u00f2n l\u00e0 bi\u1ec3u t\u01b0\u1ee3ng c\u1ee7a s\u1ef1 nh\u1eb9 nh\u00e0ng, tinh t\u1ebf v\u00e0 sang tr\u1ecdng. Cho d\u00f9 b\u1ea1n s\u1eed d\u1ee5ng n\u00f3 trong n\u1ed9i th\u1ea5t gia \u0111\u00ecnh hay trong nh\u1eefng d\u1ef1 \u00e1n ki\u1ebfn tr\u00fac l\u1edbn, \u0111\u00e1 Rosa Light s\u1ebd l\u00e0m cho kh\u00f4ng gian tr\u1edf n\u00ean \u1ea5n t\u01b0\u1ee3ng v\u00e0 \u0111\u1ed9c \u0111\u00e1o. H\u00e3y \u0111\u1ec3 \u0111\u00e1 Rosa Light l\u00e0 \u0111i\u1ec3m nh\u1ea5n ho\u00e0n h\u1ea3o cho kh\u00f4ng gian s\u1ed1ng v\u00e0 l\u00e0m vi\u1ec7c c\u1ee7a b\u1ea1n, mang l\u1ea1i kh\u00f4ng gian \u0111\u1eb9p nh\u01b0 m\u01a1.<\/p>\n<h2 data-sourcepos=\"26:1-26:51\"><strong>Nh\u1eefng l\u01b0u \u00fd khi s\u1eed d\u1ee5ng \u0111\u00e1 Marble Rosa Light<\/strong><\/h2>\n<p data-sourcepos=\"28:1-28:63\">\u0110\u1ec3 \u0111\u00e1 Marble Rosa Light lu\u00f4n b\u1ec1n \u0111\u1eb9p, c\u1ea7n l\u01b0u \u00fd nh\u1eefng \u0111i\u1ec1u sau:<\/p>\n<ul data-sourcepos=\"30:1-33:0\">\n<li data-sourcepos=\"30:1-30:67\">V\u1ec7 sinh \u0111\u00e1 th\u01b0\u1eddng xuy\u00ean b\u1eb1ng kh\u0103n m\u1ec1m, n\u01b0\u1edbc s\u1ea1ch v\u00e0 x\u00e0 ph\u00f2ng nh\u1eb9.<\/li>\n<li data-sourcepos=\"31:1-31:61\">Tr\u00e1nh \u0111\u1ec3 \u0111\u00e1 ti\u1ebfp x\u00fac v\u1edbi c\u00e1c ch\u1ea5t t\u1ea9y r\u1eeda m\u1ea1nh, axit, baz\u01a1.<\/li>\n<li data-sourcepos=\"32:1-33:0\">Kh\u00f4ng \u0111\u1ec3 \u0111\u00e1 ti\u1ebfp x\u00fac tr\u1ef1c ti\u1ebfp v\u1edbi \u00e1nh n\u1eafng m\u1eb7t tr\u1eddi v\u00e0 nhi\u1ec7t \u0111\u1ed9 cao.<\/li>\n<\/ul>\n<h2 data-sourcepos=\"34:1-34:46\"><strong>\u0110\u1ecba ch\u1ec9 mua \u0111\u00e1 Marble Rosa Light uy t\u00edn<\/strong><\/h2>\n<p data-sourcepos=\"36:1-36:255\"><em><strong>T\u1ed5ng kho Royal Stone &#8211; \u0110\u00e1 t\u1ef1 nhi\u00ean cao c\u1ea5p<\/strong><\/em> l\u00e0 \u0111\u1ecba ch\u1ec9 uy t\u00edn chuy\u00ean cung c\u1ea5p c\u00e1c lo\u1ea1i \u0111\u00e1 Marble Rosa Light cao c\u1ea5p nh\u1eadp kh\u1ea9u t\u1eeb \u00dd. V\u1edbi nhi\u1ec1u n\u0103m kinh nghi\u1ec7m trong l\u0129nh v\u1ef1c \u0111\u00e1 \u1ed1p l\u00e1t, ch\u00fang t\u00f4i cam k\u1ebft mang \u0111\u1ebfn cho kh\u00e1ch h\u00e0ng nh\u1eefng s\u1ea3n ph\u1ea9m ch\u1ea5t l\u01b0\u1ee3ng t\u1ed1t nh\u1ea5t v\u1edbi gi\u00e1 c\u1ea3 h\u1ee3p l\u00fd.<\/p>\n<p data-sourcepos=\"40:1-40:192\">\u0110\u00e1 Marble Rosa Light l\u00e0 lo\u1ea1i \u0111\u00e1 c\u1ea9m th\u1ea1ch t\u1ef1 nhi\u00ean mang v\u1ebb \u0111\u1eb9p tinh t\u1ebf v\u00e0 sang tr\u1ecdng. \u0110\u00e1 \u0111\u01b0\u1ee3c \u1ee9ng d\u1ee5ng r\u1ed9ng r\u00e3i trong trang tr\u00ed n\u1ed9i th\u1ea5t, gi\u00fap t\u00f4 \u0111i\u1ec3m cho kh\u00f4ng gian th\u00eam \u1ea5n t\u01b0\u1ee3ng v\u00e0 \u0111\u1eb3ng c\u1ea5p.<\/p>\n<h3><strong>Contact information Royal Stone \u2013 natural Stone premium<\/strong><\/h3>\n<p><strong>COMPANY LIMITED ROYAL STONE<\/strong><\/p>\n<p>\u260e Hotline: 0963 689 531<\/p>\n<p>\ud83c\udfe0 Office : 283 Tay Mo Ward, Dai Mo ward, Nam tu Liem district, Ha Noi City.<\/p>\n<p>\ud83c\udfe0 Factory: the 10 Yen The town, Luc Yen district, Yen Bai province<\/p>\n<p>\ud83c\udfe0 Warehouse Ha Noi: Lane 24, Dai Mo, tu Liem, Ha Noi (falling edge 4 Van Phuc, Ha Dong)<\/p>\n<p>\ud83c\udf10 Website:\u00a0<a href=\"https:\/\/royalstone.com.vn\/en\/\">www.royalstone.com.vn<\/a><\/p>\n<h3 class=\"ftwp-heading\"><strong>Connect with Royal Stone<\/strong><\/h3>\n<div class=\"textwidget custom-html-widget\">\n<div class=\"textwidget custom-html-widget\">\n<div><a href=\"https:\/\/www.youtube.com\/@royalstone-datunhiencaocap\" target=\"_blank\" rel=\"noopener nofollow\"><img decoding=\"async\" class=\"entered lazyloaded\" title=\"ROYAL STONE - natural Stone premium\" src=\"http:\/\/royalstone.com.vn\/wp-content\/uploads\/2023\/11\/youtube-royalstone.jpg\" alt=\"ROYAL STONE - natural Stone premium\" width=\"30\" height=\"30\" data-lazy-src=\"http:\/\/royalstone.com.vn\/wp-content\/uploads\/2023\/11\/youtube-royalstone.jpg\" data-ll-status=\"loaded\" data-lazy-=\"\" \/><\/a><a href=\"https:\/\/www.facebook.com\/RoyalstoneDaTuNhienCaoCap\" target=\"_blank\" rel=\"noopener nofollow\"><img decoding=\"async\" class=\"entered lazyloaded\" title=\"ROYAL STONE - natural Stone premium\" src=\"http:\/\/royalstone.com.vn\/wp-content\/uploads\/2023\/11\/facebook-royalstone.jpg\" alt=\"ROYAL STONE - natural Stone premium\" width=\"30\" height=\"30\" data-lazy-src=\"http:\/\/royalstone.com.vn\/wp-content\/uploads\/2023\/11\/facebook-royalstone.jpg\" data-ll-status=\"loaded\" data-lazy-=\"\" \/><\/a><a href=\"https:\/\/twitter.com\/royalstonedatn\" target=\"_blank\" rel=\"noopener nofollow\"><img decoding=\"async\" class=\"entered lazyloaded\" title=\"ROYAL STONE - natural Stone premium\" src=\"http:\/\/royalstone.com.vn\/wp-content\/uploads\/2023\/11\/twitter-royalstone.jpg\" alt=\"ROYAL STONE - natural Stone premium\" width=\"30\" height=\"30\" data-lazy-src=\"http:\/\/royalstone.com.vn\/wp-content\/uploads\/2023\/11\/twitter-royalstone.jpg\" data-ll-status=\"loaded\" data-lazy-=\"\" \/><\/a><a href=\"https:\/\/www.pinterest.com\/royalstonedatunhiencaocap\/\" target=\"_blank\" rel=\"noopener nofollow\"><img decoding=\"async\" class=\"entered lazyloaded\" title=\"ROYAL STONE - natural Stone premium\" src=\"http:\/\/royalstone.com.vn\/wp-content\/uploads\/2023\/11\/printerest-royalstone.jpg\" alt=\"ROYAL STONE - natural Stone premium\" width=\"30\" height=\"30\" data-lazy-src=\"http:\/\/royalstone.com.vn\/wp-content\/uploads\/2023\/11\/printerest-royalstone.jpg\" data-ll-status=\"loaded\" data-lazy-=\"\" \/><\/a><a href=\"https:\/\/www.linkedin.com\/in\/royalstone-datunhien\/\" target=\"_blank\" rel=\"noopener nofollow\"><img decoding=\"async\" class=\"entered lazyloaded\" title=\"ROYAL STONE - natural Stone premium\" src=\"http:\/\/royalstone.com.vn\/wp-content\/uploads\/2023\/11\/linkedin-royalstone.jpg\" alt=\"ROYAL STONE - natural Stone premium\" width=\"30\" height=\"30\" data-lazy-src=\"http:\/\/royalstone.com.vn\/wp-content\/uploads\/2023\/11\/linkedin-royalstone.jpg\" data-ll-status=\"loaded\" data-lazy-=\"\" \/><\/a><\/div>\n<\/div>\n<\/div>","protected":false},"excerpt":{"rendered":"<ul class=\"l pr-des-featured\">\n<li>MSP: RSMRL2023<\/li>\n<li>Xu\u1ea5t x\u1ee9: Th\u1ed5 Nh\u0129 K\u00ec<\/li>\n<li>Color: Cream<\/li>\n<li>Material: Marble<\/li>\n<li>Size: large<\/li>\n<li>Thickness: 1.8 cm<\/li>\n<\/ul>","protected":false},"featured_media":908,"comment_status":"closed","ping_status":"closed","template":"","meta":{"inline_featured_image":false},"product_cat":[35,37],"product_tag":[],"class_list":{"0":"post-906","1":"product","2":"type-product","3":"status-publish","4":"has-post-thumbnail","6":"product_cat-da-marble","7":"product_cat-da-marble-mau-kem","9":"first","10":"instock","11":"shipping-taxable","12":"product-type-simple"},"_links":{"self":[{"href":"https:\/\/royalstone.com.vn\/en\/wp-json\/wp\/v2\/product\/906","targetHints":{"allow":["GET"]}}],"collection":[{"href":"https:\/\/royalstone.com.vn\/en\/wp-json\/wp\/v2\/product"}],"about":[{"href":"https:\/\/royalstone.com.vn\/en\/wp-json\/wp\/v2\/types\/product"}],"replies":[{"embeddable":true,"href":"https:\/\/royalstone.com.vn\/en\/wp-json\/wp\/v2\/comments?post=906"}],"wp:featuredmedia":[{"embeddable":true,"href":"https:\/\/royalstone.com.vn\/en\/wp-json\/wp\/v2\/media\/908"}],"wp:attachment":[{"href":"https:\/\/royalstone.com.vn\/en\/wp-json\/wp\/v2\/media?parent=906"}],"wp:term":[{"taxonomy":"product_cat","embeddable":true,"href":"https:\/\/royalstone.com.vn\/en\/wp-json\/wp\/v2\/product_cat?post=906"},{"taxonomy":"product_tag","embeddable":true,"href":"https:\/\/royalstone.com.vn\/en\/wp-json\/wp\/v2\/product_tag?post=906"}],"curies":[{"name":"wp","href":"https:\/\/api.w.org\/{rel}","templated":true}]}}