{"id":840,"date":"2023-11-27T01:35:28","date_gmt":"2023-11-27T01:35:28","guid":{"rendered":"http:\/\/royalstone.com.vn\/?post_type=product&#038;p=840"},"modified":"2023-11-27T01:56:50","modified_gmt":"2023-11-27T01:56:50","slug":"tranh-da-thach-anh-tu-nhien-black-phantus-gia-co","status":"publish","type":"product","link":"https:\/\/royalstone.com.vn\/en\/tranh-da-thach-anh-tu-nhien-black-phantus-gia-co\/","title":{"rendered":"War, natural quartz stone, Black Phantus False"},"content":{"rendered":"<h2 data-sourcepos=\"1:1-1:59\"><strong>Tranh \u0111\u00e1 th\u1ea1ch anh t\u1ef1 nhi\u00ean Black Phantus Gi\u1ea3 C\u1ed5 l\u00e0 g\u00ec?<\/strong><\/h2>\n<p data-sourcepos=\"3:1-3:464\"><a href=\"http:\/\/royalstone.com.vn\/en\/tranh-da-thach-anh-tu-nhien-black-phantus-gia-co\/\"><em><strong>War, natural quartz stone, Black Phantus False<\/strong><\/em><\/a> is a kind of building material, high-grade decorative, made from <b><a href=\"https:\/\/royalstone.com.vn\/en\/da-thach-anh-2-cm-ve-dep-hoan-hao-cho-khong-gian\/\">\u0111\u00e1 th\u1ea1ch anh<\/a><\/b> t\u1ef1 nhi\u00ean, m\u1ed9t lo\u1ea1i \u0111\u00e1 t\u1ef1 nhi\u00ean \u0111\u01b0\u1ee3c h\u00ecnh th\u00e0nh th\u00e0nh t\u1eeb s\u1ef1 k\u1ebft tinh c\u1ee7a c\u00e1c kho\u00e1ng ch\u1ea5t nh\u01b0 th\u1ea1ch anh , fenspat, mica,&#8230; <b><a href=\"https:\/\/royalstone.com.vn\/en\/da-thach-anh-3-cm-ve-dep-sang-trong-ben-bi\/\">\u0110\u00e1 th\u1ea1ch anh<\/a><\/b> Black Phantus Gi\u1ea3 C\u1ed5 c\u00f3 m\u00e0u \u0111en ch\u1ee7 \u0111\u1ea1o, c\u00f3 c\u00e1c \u0111\u01b0\u1eddng v\u00e2n m\u00e0u tr\u1eafng tr\u00e1nh nh\u01b0 nh\u1eefng c\u01a1n l\u1ed1c xo\u00e1y v\u00f4 c\u00f9ng b\u1eaft m\u1eaft, mang v\u1ebb \u0111\u1eb9p sang tr\u1ecdng v\u00e0 tinh t\u1ebf, ph\u00f9 h\u1ee3p v\u1edbi nhi\u1ec1u phong c\u00e1ch thi\u1ebft k\u1ebf n\u1ed9i th\u1ea5t th\u1ea5t b\u1ea1i v\u00e0 ngo\u1ea1i l\u1ec7.<\/p>\n<p data-sourcepos=\"5:1-5:236\"><b><a href=\"https:\/\/royalstone.com.vn\/en\/da-hoa-van-chu-nhat-net-dep-sang-trong-cho-khong-gian\/\">Stone painting<\/a><\/b> th\u1ea1ch anh t\u1ef1 nhi\u00ean Black Phantus Gi\u1ea3 C\u1ed5 \u0111\u01b0\u1ee3c s\u1eed d\u1ee5ng \u0111\u1ec3 trang tr\u00ed c\u00e1c c\u00f4ng tr\u00ecnh x\u00e2y d\u1ef1ng, \u0111\u1eb7c bi\u1ec7t l\u00e0 c\u00e1c c\u00f4ng tr\u00ecnh cao c\u1ea5p nh\u01b0 kh\u00e1ch s\u1ea1n, nh\u00e0 h\u00e0ng, bi\u1ec7t th\u1ef1,&#8230; Tranh th\u01b0\u1eddng \u0111\u01b0\u1ee3c s\u1eed d\u1ee5ng \u0111\u1ec3 trang tr\u00ed, tr\u1ea7n, c\u1ed9t,&#8230;<\/p>\n<figure id=\"attachment_841\" aria-describedby=\"caption-attachment-841\" style=\"width: 658px\" class=\"wp-caption alignnone\"><img decoding=\"async\" class=\"size-full wp-image-841\" src=\"http:\/\/royalstone.com.vn\/wp-content\/uploads\/2023\/11\/tranh-da-thach-anh-black-phantus-gia-co.jpg\" alt=\"Tranh \u0111\u00e1 Th\u1ea1ch Anh T\u1ef1 Nhi\u00ean Black Phantus Gi\u1ea3 C\u1ed5\" width=\"658\" height=\"582\" title=\"\"><figcaption id=\"caption-attachment-841\" class=\"wp-caption-text\">Tranh \u0111\u00e1 Th\u1ea1ch Anh T\u1ef1 Nhi\u00ean Black Phantus Gi\u1ea3 C\u1ed5<\/figcaption><\/figure>\n<h3 data-sourcepos=\"9:1-9:124\"><strong>Tranh \u0111\u00e1 th\u1ea1ch anh t\u1ef1 nhi\u00ean Black Phantus Gi\u1ea3 C\u1ed5 c\u00f3 th\u1ec3 \u0111\u01b0\u1ee3c s\u1eed d\u1ee5ng cho m\u1ed9t s\u1ed1 h\u1ea1ng m\u1ee5c trong c\u00f4ng tr\u00ecnh x\u00e2y d\u1ef1ng, bao g\u1ed3m:<\/strong><\/h3>\n<ul data-sourcepos=\"11:1-14:0\">\n<li data-sourcepos=\"11:1-11:216\"><strong>Interior decoration:\u00a0<\/strong><a href=\"http:\/\/royalstone.com.vn\/en\/tranh-da\/\"><em><strong>Stone painting<\/strong><\/em><\/a> th\u1ea1ch anh t\u1ef1 nhi\u00ean Black Phantus Gi\u1ea3 C\u1ed5 c\u00f3 m\u00e0u s\u1eafc sang tr\u1ecdng v\u00e0 tinh t\u1ebf,\u00a0ph\u00f9 h\u1ee3p v\u1edbi nhi\u1ec1u phong c\u00e1ch thi\u1ebft k\u1ebf n\u1ed9i th\u1ea5t.\u00a0Tranh th\u01b0\u1eddng \u0111\u01b0\u1ee3c s\u1eed d\u1ee5ng \u0111\u1ec3 trang tr\u00ed t\u01b0\u1eddng,\u00a0tr\u1ea7n,\u00a0c\u1ed9t,\u2026<\/li>\n<li data-sourcepos=\"12:1-12:203\"><strong>Exterior decoration:\u00a0<\/strong>Tranh \u0111\u00e1 th\u1ea1ch anh t\u1ef1 nhi\u00ean Black Phantus Gi\u1ea3 C\u1ed5 c\u00f3 \u0111\u1ed9 b\u1ec1n cao,\u00a0\u0111\u1ea3m b\u1ea3o \u0111\u01b0\u1ee3c th\u1eddi gian gi\u1ea3i quy\u1ebft,\u00a0ph\u00f9 h\u1ee3p \u0111\u1ec3 s\u1eed d\u1ee5ng cho c\u00e1c khu v\u1ef1c ngo\u1ea1i th\u1ea5t nh\u01b0 m\u1eb7t ti\u1ec1n,\u00a0c\u1ed5ng,\u00a0h\u00e0ng r\u00e0o,\u2026<\/li>\n<li data-sourcepos=\"13:1-14:0\"><strong>Garden decor:\u00a0<\/strong>Tranh \u0111\u00e1 th\u1ea1ch anh t\u1ef1 nhi\u00ean Black Phantus Gi\u1ea3 C\u1ed5 c\u00f3 th\u1ec3 \u0111\u01b0\u1ee3c s\u1eed d\u1ee5ng \u0111\u1ec3 trang tr\u00ed s\u00e2n v\u01b0\u1eddn,\u00a0t\u1ea1o \u0111i\u1ec3m nh\u1ea5n cho kh\u00f4ng gian s\u00e2n v\u01b0\u1eddn.<\/li>\n<\/ul>\n<h3 data-sourcepos=\"15:1-15:71\"><strong>\u01afu \u0111i\u1ec3m c\u1ee7a Tranh \u0111\u00e1 th\u1ea1ch anh t\u1ef1 nhi\u00ean Black Phantus Gi\u1ea3 C\u1ed5 l\u00e0 g\u00ec?<\/strong><\/h3>\n<ul data-sourcepos=\"19:1-23:0\">\n<li data-sourcepos=\"19:1-19:278\"><strong>The color of luxury and sophistication:<\/strong>\u00a0Tranh \u0111\u00e1 th\u1ea1ch anh t\u1ef1 nhi\u00ean Black Phantus Gi\u1ea3 C\u1ed5 c\u00f3 m\u00e0u \u0111en ch\u1ee7 \u0111\u1ea1o, c\u00f3 \u0111\u01b0\u1eddng v\u00e2n m\u00e0u tr\u1eafng tr\u00e1nh nh\u01b0 nh\u1eefng c\u01a1n l\u1ed1c xo\u00e1y v\u00f4 c\u00f9ng b\u1eaft m\u1eaft, mang v\u1ebb \u0111\u1eb9p sang tr\u1ecdng v\u00e0 tinh t\u1ebf , ph\u00f9 h\u1ee3p v\u1edbi nhi\u1ec1u c\u00e1ch thi\u1ebft k\u1ebf n\u1ed9i th\u1ea5t v\u00e0 ngo\u1ea1i th\u1ea5t th\u1ea5t b\u1ea1i.<\/li>\n<li data-sourcepos=\"20:1-20:178\"><strong>Durability:<\/strong>\u00a0Tranh \u0111\u00e1 th\u1ea1ch anh t\u1ef1 nhi\u00ean Black Phantus Gi\u1ea3 C\u1ed5 \u0111\u01b0\u1ee3c l\u00e0m t\u1eeb \u0111\u00e1 t\u1ef1 nhi\u00ean, c\u00f3 \u0111\u1ed9 b\u1ec1n cao, ch\u1ecbu \u0111\u01b0\u1ee3c s\u1ef1 kh\u1eafc ph\u1ee5c k\u1ecbp th\u1eddi, \u00edt h\u01b0 h\u1ecfng trong qu\u00e1 tr\u00ecnh s\u1eed d\u1ee5ng.<\/li>\n<li data-sourcepos=\"21:1-21:142\"><strong>Strength:<\/strong>\u00a0Tranh \u0111\u00e1 th\u1ea1ch anh t\u1ef1 nhi\u00ean Black Phantus Gi\u1ea3 C\u1ed5 c\u00f3 \u0111\u1ed9 c\u1ee9ng cao, ch\u1ecbu l\u1ef1c t\u1ed1t, kh\u00f4ng b\u1ecb n\u1ee9t khi ch\u1ecbu l\u1ef1c \u0111\u1ed9ng l\u1ef1c m\u1ea1nh.<\/li>\n<li data-sourcepos=\"22:1-23:0\"><strong>Environment-friendly:<\/strong>\u00a0Tranh \u0111\u00e1 th\u1ea1ch anh t\u1ef1 nhi\u00ean Black Phantus Gi\u1ea3 C\u1ed5 l\u00e0 m\u1ed9t lo\u1ea1i \u0111\u00e1 t\u1ef1 nhi\u00ean, kh\u00f4ng ch\u1ee9a ch\u1ea5t \u0111\u1ed9c h\u1ea1i, th\u00e2n thi\u1ec7n v\u1edbi m\u00f4i tr\u01b0\u1eddng v\u00e0 s\u1ee9c kh\u1ecfe con ng\u01b0\u1eddi.<\/li>\n<\/ul>\n<h3><strong>Nh\u1eefng l\u01b0u \u00fd khi s\u1eed d\u1ee5ng lo\u1ea1i Tranh \u0111\u00e1 th\u1ea1ch anh t\u1ef1 nhi\u00ean Black Phantus Gi\u1ea3 C\u1ed5<\/strong><\/h3>\n<ul data-sourcepos=\"28:1-31:0\">\n<li data-sourcepos=\"28:1-28:188\"><strong>Avoid strong impact:<\/strong>\u00a0Tranh \u0111\u00e1 th\u1ea1ch anh t\u1ef1 nhi\u00ean Black Phantus Gi\u1ea3 C\u1ed5 c\u00f3 \u0111\u1ed9 c\u1ee9ng cao, nh\u01b0ng c\u0169ng c\u00f3 th\u1ec3 b\u1ecb ph\u00e1 v\u1ee1 n\u1ebfu ch\u1ecbu v\u1eadn \u0111\u1ed9ng m\u1ea1nh.\u00a0Do \u0111\u00f3, c\u1ea7n tr\u00e1nh t\u00e1c \u0111\u1ed9ng m\u1ea1nh l\u00ean b\u1ec1 tranh.<\/li>\n<li data-sourcepos=\"29:1-29:209\"><strong>Avoid contact with chemicals:<\/strong>\u00a0Tranh \u0111\u00e1 th\u1ea1ch anh t\u1ef1 nhi\u00ean Black Phantus Gi\u1ea3 C\u1ed5 c\u00f3 th\u1ec3 b\u1ecb \u0103n m\u00f2n b\u1edfi c\u00e1c ch\u1ea5t h\u00f3a m\u1ea1nh, b\u1ecf h\u1ea1n nh\u01b0 axit, baz\u01a1,\u2026 Do \u0111\u00f3, c\u1ea7n tr\u00e1nh \u0111\u1ec3 tranh ti\u1ebfp x\u00fac v\u1edbi c\u00e1c h\u00f3a ch\u1ea5t ch\u1ea5t n\u00e0y.<\/li>\n<li data-sourcepos=\"30:1-31:0\"><strong>Regular cleaning:<\/strong>\u00a0Tranh \u0111\u00e1 th\u1ea1ch anh t\u1ef1 nhi\u00ean Black Phantus Gi\u1ea3 C\u1ed5 c\u00f3 b\u1ec1 m\u1eb7t m\u1ecbn b\u00f3ng, d\u1ec5 d\u00e0ng b\u1ea3o v\u1ec7 sinh.\u00a0Tuy nhi\u00ean, b\u1ea1n c\u0169ng c\u1ea7n l\u01b0u \u00fd v\u1ec7 sinh tranh th\u01b0\u1eddng xuy\u00ean \u0111\u1ec3 tr\u00e1nh t\u00edch t\u1ee5 b\u1ee5i g\u00e2y \u1ea3nh h\u01b0\u1edfng \u0111\u1ebfn t\u00ednh th\u1ea9m m\u1ef9 c\u1ee7a tranh.<\/li>\n<\/ul>\n<h2><strong>C\u00f4ng tr\u00ecnh th\u1ef1c t\u1ebf s\u1eed d\u1ee5ng Tranh \u0111\u00e1 th\u1ea1ch anh t\u1ef1 nhi\u00ean Black Phantus Gi\u1ea3 C\u1ed5 do Royal Stone th\u1ef1c hi\u1ec7n<\/strong><\/h2>\n<p>Tranh \u0111\u00e1 th\u1ea1ch anh t\u1ef1 nhi\u00ean Black Phantus Gi\u1ea3 C\u1ed5 d\u00f9ng \u0111\u1ec3 \u1ed1p t\u01b0\u1eddng<\/p>\n<h3><strong>Contact information Royal Stone<\/strong><\/h3>\n<p><strong>COMPANY LIMITED ROYAL STONE<\/strong><\/p>\n<p>\u260e Hotline: 0963 689 531<\/p>\n<p>\ud83c\udfe0 Office : 283 Tay Mo Ward, Dai Mo ward, Nam tu Liem district, Ha Noi City.<\/p>\n<p>\ud83c\udfe0 Factory: the 10 Yen The town, Luc Yen district, Yen Bai province<\/p>\n<p>\ud83c\udfe0 Warehouse Ha Noi: Lane 24, Dai Mo, tu Liem, Ha Noi (falling edge 4 Van Phuc, Ha Dong)<\/p>\n<p>\ud83c\udf10 Website:\u00a0<a href=\"https:\/\/royalstone.com.vn\/en\/\">www.royalstone.com.vn<\/a><\/p>\n<h3 class=\"ftwp-heading\"><strong>Connect with Royal Stone<\/strong><\/h3>\n<div class=\"textwidget custom-html-widget\">\n<div class=\"textwidget custom-html-widget\">\n<div><a href=\"https:\/\/www.youtube.com\/@royalstone-datunhiencaocap\" target=\"_blank\" rel=\"noopener nofollow\"><img decoding=\"async\" class=\"entered lazyloaded\" title=\"ROYAL STONE - natural Stone premium\" src=\"http:\/\/royalstone.com.vn\/wp-content\/uploads\/2023\/11\/youtube-royalstone.jpg\" alt=\"ROYAL STONE - natural Stone premium\" width=\"30\" height=\"30\" data-lazy-src=\"http:\/\/royalstone.com.vn\/wp-content\/uploads\/2023\/11\/youtube-royalstone.jpg\" data-ll-status=\"loaded\" data-lazy-=\"\" \/><\/a><a href=\"https:\/\/www.facebook.com\/RoyalstoneDaTuNhienCaoCap\" target=\"_blank\" rel=\"noopener nofollow\"><img decoding=\"async\" class=\"entered lazyloaded\" title=\"ROYAL STONE - natural Stone premium\" src=\"http:\/\/royalstone.com.vn\/wp-content\/uploads\/2023\/11\/facebook-royalstone.jpg\" alt=\"ROYAL STONE - natural Stone premium\" width=\"30\" height=\"30\" data-lazy-src=\"http:\/\/royalstone.com.vn\/wp-content\/uploads\/2023\/11\/facebook-royalstone.jpg\" data-ll-status=\"loaded\" data-lazy-=\"\" \/><\/a><a href=\"https:\/\/twitter.com\/royalstonedatn\" target=\"_blank\" rel=\"noopener nofollow\"><img decoding=\"async\" class=\"entered lazyloaded\" title=\"ROYAL STONE - natural Stone premium\" src=\"http:\/\/royalstone.com.vn\/wp-content\/uploads\/2023\/11\/twitter-royalstone.jpg\" alt=\"ROYAL STONE - natural Stone premium\" width=\"30\" height=\"30\" data-lazy-src=\"http:\/\/royalstone.com.vn\/wp-content\/uploads\/2023\/11\/twitter-royalstone.jpg\" data-ll-status=\"loaded\" data-lazy-=\"\" \/><\/a><a href=\"https:\/\/www.pinterest.com\/royalstonedatunhiencaocap\/\" target=\"_blank\" rel=\"noopener nofollow\"><img decoding=\"async\" class=\"entered lazyloaded\" title=\"ROYAL STONE - natural Stone premium\" src=\"http:\/\/royalstone.com.vn\/wp-content\/uploads\/2023\/11\/printerest-royalstone.jpg\" alt=\"ROYAL STONE - natural Stone premium\" width=\"30\" height=\"30\" data-lazy-src=\"http:\/\/royalstone.com.vn\/wp-content\/uploads\/2023\/11\/printerest-royalstone.jpg\" data-ll-status=\"loaded\" data-lazy-=\"\" \/><\/a><a href=\"https:\/\/www.linkedin.com\/in\/royalstone-datunhien\/\" target=\"_blank\" rel=\"noopener nofollow\"><img decoding=\"async\" class=\"entered lazyloaded\" title=\"ROYAL STONE - natural Stone premium\" src=\"http:\/\/royalstone.com.vn\/wp-content\/uploads\/2023\/11\/linkedin-royalstone.jpg\" alt=\"ROYAL STONE - natural Stone premium\" width=\"30\" height=\"30\" data-lazy-src=\"http:\/\/royalstone.com.vn\/wp-content\/uploads\/2023\/11\/linkedin-royalstone.jpg\" data-ll-status=\"loaded\" data-lazy-=\"\" \/><\/a><\/div>\n<\/div>\n<\/div>","protected":false},"excerpt":{"rendered":"<ul class=\"l pr-des-featured\">\n<li>MSP: RSTDTABPGC2023<\/li>\n<li>Place of origin: Brazil<\/li>\n<li>Color: Black<\/li>\n<li>Types of stone: Quartz<\/li>\n<li>Size: large<\/li>\n<li>Thickness: 2.0 cm<\/li>\n<\/ul>","protected":false},"featured_media":841,"comment_status":"closed","ping_status":"closed","template":"","meta":{"inline_featured_image":false},"product_cat":[48,49],"product_tag":[],"class_list":{"0":"post-840","1":"product","2":"type-product","3":"status-publish","4":"has-post-thumbnail","6":"product_cat-tranh-da","7":"product_cat-tranh-da-doi-van","9":"first","10":"instock","11":"shipping-taxable","12":"product-type-simple"},"_links":{"self":[{"href":"https:\/\/royalstone.com.vn\/en\/wp-json\/wp\/v2\/product\/840","targetHints":{"allow":["GET"]}}],"collection":[{"href":"https:\/\/royalstone.com.vn\/en\/wp-json\/wp\/v2\/product"}],"about":[{"href":"https:\/\/royalstone.com.vn\/en\/wp-json\/wp\/v2\/types\/product"}],"replies":[{"embeddable":true,"href":"https:\/\/royalstone.com.vn\/en\/wp-json\/wp\/v2\/comments?post=840"}],"wp:featuredmedia":[{"embeddable":true,"href":"https:\/\/royalstone.com.vn\/en\/wp-json\/wp\/v2\/media\/841"}],"wp:attachment":[{"href":"https:\/\/royalstone.com.vn\/en\/wp-json\/wp\/v2\/media?parent=840"}],"wp:term":[{"taxonomy":"product_cat","embeddable":true,"href":"https:\/\/royalstone.com.vn\/en\/wp-json\/wp\/v2\/product_cat?post=840"},{"taxonomy":"product_tag","embeddable":true,"href":"https:\/\/royalstone.com.vn\/en\/wp-json\/wp\/v2\/product_tag?post=840"}],"curies":[{"name":"wp","href":"https:\/\/api.w.org\/{rel}","templated":true}]}}