{"id":837,"date":"2023-11-25T02:51:33","date_gmt":"2023-11-25T02:51:33","guid":{"rendered":"http:\/\/royalstone.com.vn\/?post_type=product&#038;p=837"},"modified":"2023-11-25T02:57:28","modified_gmt":"2023-11-25T02:57:28","slug":"tranh-da-thach-anh-tu-nhien-gold-macaubus","status":"publish","type":"product","link":"https:\/\/royalstone.com.vn\/en\/tranh-da-thach-anh-tu-nhien-gold-macaubus\/","title":{"rendered":"War, Natural Quartz Stone Gold Macaubus"},"content":{"rendered":"<h2 data-sourcepos=\"1:1-1:54\"><strong>War, Natural Quartz Stone Gold Macaubus what is?<\/strong><\/h2>\n<p data-sourcepos=\"3:1-3:449\"><a href=\"http:\/\/royalstone.com.vn\/en\/tranh-da-thach-anh-tu-nhien-gold-macaubus\/\"><em><strong>War, Natural Quartz Stone Gold Macaubus<\/strong> <\/em><\/a>is a kind of building material, high-grade decorative, made from <b><a href=\"https:\/\/royalstone.com.vn\/en\/da-thach-anh-2-cm-ve-dep-hoan-hao-cho-khong-gian\/\">\u0111\u00e1 th\u1ea1ch anh<\/a><\/b> t\u1ef1 nhi\u00ean, m\u1ed9t lo\u1ea1i \u0111\u00e1 t\u1ef1 nhi\u00ean \u0111\u01b0\u1ee3c h\u00ecnh th\u00e0nh t\u1eeb s\u1ef1 k\u1ebft tinh c\u1ee7a c\u00e1c ch\u1ea5t kho\u00e1ng nh\u01b0 th\u1ea1ch anh, fenspat, mica,&#8230; <b><a href=\"https:\/\/royalstone.com.vn\/en\/da-thach-anh-3-cm-ve-dep-sang-trong-ben-bi\/\">\u0110\u00e1 th\u1ea1ch anh<\/a><\/b> Gold Macaubus c\u00f3 m\u00e0u v\u00e0ng ch\u1ee7 \u0111\u1ea1o, c\u00f3 c\u00e1c \u0111\u01b0\u1eddng v\u00e2n m\u00e0u tr\u1eafng nh\u1eb9 nh\u00e0ng nh\u01b0 nh\u1eefng tia s\u00e1ng v\u00f4 c\u00f9ng b\u1eaft m\u1eaft, mang v\u1ebb \u0111\u1eb9p sang tr\u1ecdng v\u00e0 tinh t\u1ebf, ph\u00f9 h\u1ee3p v\u1edbi nhi\u1ec1u phong c\u00e1ch n\u1ed9i th\u1ea5t thi\u1ebft k\u1ebf v\u00e0 ngo\u1ea1i l\u1ec7.<\/p>\n<p data-sourcepos=\"5:1-5:231\"><b><a href=\"https:\/\/royalstone.com.vn\/en\/da-hoa-van-chu-nhat-net-dep-sang-trong-cho-khong-gian\/\">Stone Painting<\/a><\/b> Th\u1ea1ch Anh T\u1ef1 Nhi\u00ean \u2013 Gold Macaubus \u0111\u01b0\u1ee3c s\u1eed d\u1ee5ng \u0111\u1ec3 trang tr\u00ed c\u00e1c c\u00f4ng tr\u00ecnh x\u00e2y d\u1ef1ng, \u0111\u1eb7c bi\u1ec7t l\u00e0 c\u00e1c c\u00f4ng tr\u00ecnh cao c\u1ea5p nh\u01b0 kh\u00e1ch s\u1ea1n, nh\u00e0 h\u00e0ng, bi\u1ec7t th\u1ef1,&#8230; Tranh th\u01b0\u1eddng \u0111\u01b0\u1ee3c s\u1eed d\u1ee5ng \u0111\u1ec3 trang tr\u00ed t\u01b0\u1eddng, tr\u1ea7n, c\u1ed9t,&#8230;<\/p>\n<figure id=\"attachment_838\" aria-describedby=\"caption-attachment-838\" style=\"width: 653px\" class=\"wp-caption alignnone\"><img decoding=\"async\" class=\"size-full wp-image-838\" src=\"http:\/\/royalstone.com.vn\/wp-content\/uploads\/2023\/11\/tranh-da-thach-anh-gold-macaubus.jpg\" alt=\"Tranh \u0110\u00e1 Th\u1ea1ch Anh T\u1ef1 Nhi\u00ean \u2013 Gold Macaubus\" width=\"653\" height=\"577\" title=\"\"><figcaption id=\"caption-attachment-838\" class=\"wp-caption-text\">Tranh \u0110\u00e1 Th\u1ea1ch Anh T\u1ef1 Nhi\u00ean \u2013 Gold Macaubus<\/figcaption><\/figure>\n<h3><strong>Interior decoration: Stone Painting\n  Natural Quartz - Gold Macaubus has luxurious and sophisticated colors, suitable for many interior design styles. Paintings are often used to decorate walls, ceilings, columns, etc.<\/strong><\/h3>\n<ul data-sourcepos=\"11:1-14:0\">\n<li data-sourcepos=\"11:1-11:211\"><strong>Interior decoration:\u00a0<\/strong><a href=\"http:\/\/royalstone.com.vn\/en\/tranh-da\/\"><em><strong>Stone Painting<\/strong><\/em><\/a> Natural Quartz - Gold Macaubus has luxurious and sophisticated colors,\u00a0suitable for many interior design styles. Paintings are often used to decorate walls, ceilings, columns, etc.<\/li>\n<li data-sourcepos=\"12:1-12:198\"><strong>Exterior decoration:\u00a0<\/strong>Natural Quartz Stone Painting - Gold Macaubus is highly durable,\u00a0can withstands curing time,\u00a0suitable for use in exterior areas such as facades,\u00a0gates,\u00a0fences,...<\/li>\n<li data-sourcepos=\"13:1-14:0\" class=\" translation-block\">Natural Quartz Stone Painting - Gold Macaubus can be used to decorate the garden, creating a highlight for the garden space.<\/li>\n<\/ul>\n<h3 data-sourcepos=\"15:1-15:66\"><strong>What are the advantages of Natural Quartz Stone Painting - Gold Macaubus?<\/strong><\/h3>\n<ul data-sourcepos=\"19:1-23:0\">\n<li data-sourcepos=\"19:1-19:270\"><strong>The color of luxury and sophistication:\u00a0<\/strong>Natural Quartz Stone Painting - Gold Macaubus has the main yellow color,\u00a0has gentle white veins like extremely eye-catching rays of light,\u00a0brings a luxurious and sophisticated beauty,\u00a0best suited to many design styles. interior and exterior.<\/li>\n<li data-sourcepos=\"20:1-20:173\"><strong>Durability:\u00a0<\/strong>Natural Quartz Stone Paintings - Gold Macaubus is made from natural stone,\u00a0highly durable,\u00a0guaranteed to resolve over time,\u00a0with little damage during use.<\/li>\n<li data-sourcepos=\"21:1-21:137\"><strong>Strength:\u00a0<\/strong>Natural Quartz Stone Painting - Gold Macaubus has high hardness, good strength, and does not crack when subjected to strong force.<\/li>\n<li data-sourcepos=\"22:1-23:0\"><strong>Environment-friendly:\u00a0<\/strong>Natural Quartz Stone Painting - Gold Macaubus is a natural stone,\u00a0does not contain toxic substances, is\u00a0friendly to the environment and human health.<\/li>\n<\/ul>\n<h3 data-sourcepos=\"24:1-24:84\"><strong>Notes when using Gold Macaubus Natural Quartz Stone Painting<\/strong><\/h3>\n<ul data-sourcepos=\"28:1-31:0\">\n<li data-sourcepos=\"28:1-28:183\"><strong>Avoid strong impact:\u00a0<\/strong>Natural Quartz Stone Painting - Gold Macaubus has high hardness\u00a0but can also be damaged if subjected to strong impacts. Therefore,\u00a0strong impact on the painting surface should be avoided.<\/li>\n<li data-sourcepos=\"29:1-29:204\"><strong>Avoid contact with chemicals:\u00a0<\/strong>Natural Quartz Stone Paintings - Gold Macaubus can be corroded by chemicals, such as acids, bases, etc. Therefore, contact with these chemicals should be avoided.<\/li>\n<li data-sourcepos=\"30:1-31:0\"><strong>Regular cleaning:\u00a0<\/strong>Natural Quartz Stone Painting - Gold Macaubus has a glossy surface,\u00a0easy to clean. However,\u00a0you also need to be careful to clean your paintings regularly to avoid dust accumulation that\u00a0affects the aesthetics of the painting.<\/li>\n<\/ul>\n<h2><strong>The actual project uses Gold Macaubus Natural Quartz Stone Painting made by Royal Stone<\/strong><\/h2>\n<p>Painting <b><a href=\"https:\/\/royalstone.com.vn\/en\/da-granite-3-cm-la-lua-chon-hoan-hao\/\">Granite<\/a><\/b> Natural \u2013 Solarius used for wall cladding,<\/p>\n<p>&nbsp;<\/p>\n<h3><strong>Contact information Royal Stone<\/strong><\/h3>\n<p><strong>COMPANY LIMITED ROYAL STONE<\/strong><\/p>\n<p>\u260e Hotline: 0963 689 531<\/p>\n<p>\ud83c\udfe0 Office : 283 Tay Mo Ward, Dai Mo ward, Nam tu Liem district, Ha Noi City.<\/p>\n<p>\ud83c\udfe0 Factory: the 10 Yen The town, Luc Yen district, Yen Bai province<\/p>\n<p>\ud83c\udfe0 Warehouse Ha Noi: Lane 24, Dai Mo, tu Liem, Ha Noi (falling edge 4 Van Phuc, Ha Dong)<\/p>\n<p>\ud83c\udf10 Website:\u00a0<a href=\"https:\/\/royalstone.com.vn\/en\/\">www.royalstone.com.vn<\/a><\/p>\n<h3 class=\"ftwp-heading\"><strong>Connect with Royal Stone<\/strong><\/h3>\n<div class=\"textwidget custom-html-widget\">\n<div class=\"textwidget custom-html-widget\">\n<div><a href=\"https:\/\/www.youtube.com\/@royalstone-datunhiencaocap\" target=\"_blank\" rel=\"noopener nofollow\"><img decoding=\"async\" class=\"entered lazyloaded\" title=\"ROYAL STONE - natural Stone premium\" src=\"http:\/\/royalstone.com.vn\/wp-content\/uploads\/2023\/11\/youtube-royalstone.jpg\" alt=\"ROYAL STONE - natural Stone premium\" width=\"30\" height=\"30\" data-lazy-src=\"http:\/\/royalstone.com.vn\/wp-content\/uploads\/2023\/11\/youtube-royalstone.jpg\" data-ll-status=\"loaded\" data-lazy-=\"\" \/><\/a><a href=\"https:\/\/www.facebook.com\/RoyalstoneDaTuNhienCaoCap\" target=\"_blank\" rel=\"noopener nofollow\"><img decoding=\"async\" class=\"entered lazyloaded\" title=\"ROYAL STONE - natural Stone premium\" src=\"http:\/\/royalstone.com.vn\/wp-content\/uploads\/2023\/11\/facebook-royalstone.jpg\" alt=\"ROYAL STONE - natural Stone premium\" width=\"30\" height=\"30\" data-lazy-src=\"http:\/\/royalstone.com.vn\/wp-content\/uploads\/2023\/11\/facebook-royalstone.jpg\" data-ll-status=\"loaded\" data-lazy-=\"\" \/><\/a><a href=\"https:\/\/twitter.com\/royalstonedatn\" target=\"_blank\" rel=\"noopener nofollow\"><img decoding=\"async\" class=\"entered lazyloaded\" title=\"ROYAL STONE - natural Stone premium\" src=\"http:\/\/royalstone.com.vn\/wp-content\/uploads\/2023\/11\/twitter-royalstone.jpg\" alt=\"ROYAL STONE - natural Stone premium\" width=\"30\" height=\"30\" data-lazy-src=\"http:\/\/royalstone.com.vn\/wp-content\/uploads\/2023\/11\/twitter-royalstone.jpg\" data-ll-status=\"loaded\" data-lazy-=\"\" \/><\/a><a href=\"https:\/\/www.pinterest.com\/royalstonedatunhiencaocap\/\" target=\"_blank\" rel=\"noopener nofollow\"><img decoding=\"async\" class=\"entered lazyloaded\" title=\"ROYAL STONE - natural Stone premium\" src=\"http:\/\/royalstone.com.vn\/wp-content\/uploads\/2023\/11\/printerest-royalstone.jpg\" alt=\"ROYAL STONE - natural Stone premium\" width=\"30\" height=\"30\" data-lazy-src=\"http:\/\/royalstone.com.vn\/wp-content\/uploads\/2023\/11\/printerest-royalstone.jpg\" data-ll-status=\"loaded\" data-lazy-=\"\" \/><\/a><a href=\"https:\/\/www.linkedin.com\/in\/royalstone-datunhien\/\" target=\"_blank\" rel=\"noopener nofollow\"><img decoding=\"async\" class=\"entered lazyloaded\" title=\"ROYAL STONE - natural Stone premium\" src=\"http:\/\/royalstone.com.vn\/wp-content\/uploads\/2023\/11\/linkedin-royalstone.jpg\" alt=\"ROYAL STONE - natural Stone premium\" width=\"30\" height=\"30\" data-lazy-src=\"http:\/\/royalstone.com.vn\/wp-content\/uploads\/2023\/11\/linkedin-royalstone.jpg\" data-ll-status=\"loaded\" data-lazy-=\"\" \/><\/a><\/div>\n<\/div>\n<\/div>","protected":false},"excerpt":{"rendered":"<ul class=\"l pr-des-featured\">\n<li>PRODUCT CODE: RSTDGM2023<\/li>\n<li>Place of origin: Brazil<\/li>\n<li>Color: yellow<\/li>\n<li>Material: Quartz<\/li>\n<li>Size: large<\/li>\n<li>Thickness: 2.0 cm<\/li>\n<\/ul>","protected":false},"featured_media":838,"comment_status":"closed","ping_status":"closed","template":"","meta":{"inline_featured_image":false},"product_cat":[48,49],"product_tag":[],"class_list":{"0":"post-837","1":"product","2":"type-product","3":"status-publish","4":"has-post-thumbnail","6":"product_cat-tranh-da","7":"product_cat-tranh-da-doi-van","9":"first","10":"instock","11":"shipping-taxable","12":"product-type-simple"},"_links":{"self":[{"href":"https:\/\/royalstone.com.vn\/en\/wp-json\/wp\/v2\/product\/837","targetHints":{"allow":["GET"]}}],"collection":[{"href":"https:\/\/royalstone.com.vn\/en\/wp-json\/wp\/v2\/product"}],"about":[{"href":"https:\/\/royalstone.com.vn\/en\/wp-json\/wp\/v2\/types\/product"}],"replies":[{"embeddable":true,"href":"https:\/\/royalstone.com.vn\/en\/wp-json\/wp\/v2\/comments?post=837"}],"wp:featuredmedia":[{"embeddable":true,"href":"https:\/\/royalstone.com.vn\/en\/wp-json\/wp\/v2\/media\/838"}],"wp:attachment":[{"href":"https:\/\/royalstone.com.vn\/en\/wp-json\/wp\/v2\/media?parent=837"}],"wp:term":[{"taxonomy":"product_cat","embeddable":true,"href":"https:\/\/royalstone.com.vn\/en\/wp-json\/wp\/v2\/product_cat?post=837"},{"taxonomy":"product_tag","embeddable":true,"href":"https:\/\/royalstone.com.vn\/en\/wp-json\/wp\/v2\/product_tag?post=837"}],"curies":[{"name":"wp","href":"https:\/\/api.w.org\/{rel}","templated":true}]}}