{"id":810,"date":"2023-11-24T13:51:31","date_gmt":"2023-11-24T13:51:31","guid":{"rendered":"http:\/\/royalstone.com.vn\/?post_type=product&#038;p=810"},"modified":"2023-11-24T13:51:31","modified_gmt":"2023-11-24T13:51:31","slug":"tranh-da-thach-anh-casablanca","status":"publish","type":"product","link":"https:\/\/royalstone.com.vn\/en\/tranh-da-thach-anh-casablanca\/","title":{"rendered":"Painting Stones Quartz Casablanca"},"content":{"rendered":"<h2 data-sourcepos=\"1:1-1:40\"><strong>Painting Stones Quartz Casablanca is what?<\/strong><\/h2>\n<p data-sourcepos=\"3:1-3:337\"><a href=\"http:\/\/royalstone.com.vn\/en\/tranh-da-thach-anh-casablanca\/\"><em><strong>Painting Stones Quartz Casablanca<\/strong><\/em><\/a> is a kind of building material, high-grade decorative, made from <b><a href=\"https:\/\/royalstone.com.vn\/en\/da-thach-anh-2-cm-ve-dep-hoan-hao-cho-khong-gian\/\">\u0111\u00e1 th\u1ea1ch anh<\/a><\/b> Casablanca, m\u1ed9t lo\u1ea1i \u0111\u00e1 t\u1ef1 nhi\u00ean \u0111\u01b0\u1ee3c h\u00ecnh th\u00e0nh t\u1eeb s\u1ef1 k\u1ebft tinh c\u1ee7a c\u00e1c kho\u00e1ng ch\u1ea5t nh\u01b0 th\u1ea1ch anh, fenspat, mica,&#8230; <b><a href=\"https:\/\/royalstone.com.vn\/en\/da-thach-anh-3-cm-ve-dep-sang-trong-ben-bi\/\">\u0110\u00e1 th\u1ea1ch anh<\/a><\/b> Casablanca c\u00f3 m\u00e0u tr\u1eafng ch\u1ee7 \u0111\u1ea1o, c\u00f3 c\u00e1c \u0111\u01b0\u1eddng v\u00e2n m\u00e0u \u0111en u\u1ed1n l\u01b0\u1ee3n nh\u01b0 nh\u1eefng ng\u1ecdn s\u00f3ng v\u00f4 c\u00f9ng b\u1eaft m\u1eaft.<\/p>\n<p data-sourcepos=\"5:1-5:217\"><b><a href=\"https:\/\/royalstone.com.vn\/en\/da-hoa-van-chu-nhat-net-dep-sang-trong-cho-khong-gian\/\">Stone Painting<\/a><\/b> Th\u1ea1ch Anh Casablanca \u0111\u01b0\u1ee3c s\u1eed d\u1ee5ng \u0111\u1ec3 trang tr\u00ed cho c\u00e1c c\u00f4ng tr\u00ecnh x\u00e2y d\u1ef1ng, \u0111\u1eb7c bi\u1ec7t l\u00e0 c\u00e1c c\u00f4ng tr\u00ecnh cao c\u1ea5p nh\u01b0 kh\u00e1ch s\u1ea1n, nh\u00e0 h\u00e0ng, bi\u1ec7t th\u1ef1,&#8230; Tranh th\u01b0\u1eddng \u0111\u01b0\u1ee3c s\u1eed d\u1ee5ng \u0111\u1ec3 trang tr\u00ed t\u01b0\u1eddng, tr\u1ea7n, c\u1ed9t,&#8230;<\/p>\n<figure id=\"attachment_811\" aria-describedby=\"caption-attachment-811\" style=\"width: 852px\" class=\"wp-caption alignnone\"><img decoding=\"async\" class=\"size-full wp-image-811\" src=\"http:\/\/royalstone.com.vn\/wp-content\/uploads\/2023\/11\/tranh-da-thach-anh-casablanca.jpg\" alt=\"Painting Stones Quartz Casablanca\" width=\"852\" height=\"676\" title=\"\"><figcaption id=\"caption-attachment-811\" class=\"wp-caption-text\">Painting Stones Quartz Casablanca<\/figcaption><\/figure>\n<h3 data-sourcepos=\"9:1-9:105\"><strong>Painting Stones Quartz Casablanca can be used for a number of items in construction works, including:<\/strong><\/h3>\n<ul data-sourcepos=\"11:1-14:0\">\n<li data-sourcepos=\"11:1-11:197\"><strong>Interior decoration:<\/strong>\u00a0<a href=\"http:\/\/royalstone.com.vn\/en\/tranh-da\/\"><em><strong>Stone Painting<\/strong><\/em><\/a> Quartz Casablanca has the color of luxury and sophistication, suitable for many styles of interior design. War is often used to decorate walls, ceilings, columns,...<\/li>\n<li data-sourcepos=\"12:1-12:184\"><strong>Exterior decoration:<\/strong>\u00a0Painting Stones Quartz Casablanca is durable, resistant to harsh weather, suitable to use for the region exterior as facades, gates, fences,...<\/li>\n<li data-sourcepos=\"13:1-14:0\"><strong>Garden decor:<\/strong>\u00a0Painting Stones Quartz Casablanca can be used to decorate the garden, creating a focal point for the garden space.<\/li>\n<\/ul>\n<h3 data-sourcepos=\"15:1-15:52\"><strong>Advantages of the Quartz Stone Casablanca is what?<\/strong><\/h3>\n<ul data-sourcepos=\"19:1-23:0\">\n<li data-sourcepos=\"19:1-19:256\"><strong>The color of luxury and sophistication:<\/strong>\u00a0Painting Stones Quartz Casablanca are white, have ridges, black undulations like the waves extremely eye-catching, brings beauty, luxury and exquisite, suitable for many design styles interior and exterior.<\/li>\n<li data-sourcepos=\"20:1-20:159\"><strong>Durability:<\/strong>\u00a0Painting Stones Quartz Casablanca is made from natural stone are durable, resistant to harsh weather, less damaged during use.<\/li>\n<li data-sourcepos=\"21:1-21:123\"><strong>Strength:<\/strong>\u00a0Painting Stones Quartz Casablanca has high hardness, good strength, not crack when subjected to impact force.<\/li>\n<li data-sourcepos=\"22:1-23:0\"><strong>Environment-friendly:<\/strong>\u00a0Painting Stones Quartz Casablanca is a type of natural stone, does not contain toxic substances, environment-friendly and human health.<\/li>\n<\/ul>\n<h3 data-sourcepos=\"24:1-24:78\"><strong>The note when use use use types of Quartz Stone Casablanca<\/strong><\/h3>\n<ul data-sourcepos=\"28:1-31:0\">\n<li data-sourcepos=\"28:1-28:169\"><strong>Avoid strong impact:<\/strong>\u00a0Painting Stones Quartz Casablanca has high hardness, but also can break if strong impact. Therefore, to avoid a strong impact on the painting surface.<\/li>\n<li data-sourcepos=\"29:1-29:190\"><strong>Avoid contact with chemicals:<\/strong>\u00a0Painting Stones Quartz Casablanca can be corroded by the strong chemicals, such as acids, bases,... it is Therefore necessary to avoid war exposed with these chemicals.<\/li>\n<li data-sourcepos=\"30:1-31:0\"><strong>Regular cleaning:<\/strong>\u00a0Painting Stones Quartz Casablanca has a glossy surface, easy to clean. However, you also need to note hygiene paintings regularly to avoid accumulation of dust and dirt, affecting the aesthetics of war.<\/li>\n<\/ul>\n<h2><strong>The actual process used Stone Painting Quartz Casablanca by Royal Stone made<\/strong><\/h2>\n<p>Painting Stones Quartz Casablanca used for wall cladding,<\/p>\n<p>&nbsp;<\/p>\n<h3><strong>Contact information Royal Stone<\/strong><\/h3>\n<p><strong>COMPANY LIMITED ROYAL STONE<\/strong><\/p>\n<p>\u260e Hotline: 0963 689 531<\/p>\n<p>\ud83c\udfe0 Office : 283 Tay Mo Ward, Dai Mo ward, Nam tu Liem district, Ha Noi City.<\/p>\n<p>\ud83c\udfe0 Factory: the 10 Yen The town, Luc Yen district, Yen Bai province<\/p>\n<p>\ud83c\udfe0 Warehouse Ha Noi: Lane 24, Dai Mo, tu Liem, Ha Noi (falling edge 4 Van Phuc, Ha Dong)<\/p>\n<p>\ud83c\udf10 Website:\u00a0<a href=\"https:\/\/royalstone.com.vn\/en\/\">www.royalstone.com.vn<\/a><\/p>\n<h3 class=\"ftwp-heading\"><strong>Connect with Royal Stone<\/strong><\/h3>\n<div class=\"textwidget custom-html-widget\">\n<div class=\"textwidget custom-html-widget\">\n<div><a href=\"https:\/\/www.youtube.com\/@royalstone-datunhiencaocap\" target=\"_blank\" rel=\"noopener nofollow\"><img decoding=\"async\" class=\"entered lazyloaded\" title=\"ROYAL STONE - natural Stone premium\" src=\"http:\/\/royalstone.com.vn\/wp-content\/uploads\/2023\/11\/youtube-royalstone.jpg\" alt=\"ROYAL STONE - natural Stone premium\" width=\"30\" height=\"30\" data-lazy-src=\"http:\/\/royalstone.com.vn\/wp-content\/uploads\/2023\/11\/youtube-royalstone.jpg\" data-ll-status=\"loaded\" data-lazy-=\"\" \/><\/a><a href=\"https:\/\/www.facebook.com\/RoyalstoneDaTuNhienCaoCap\" target=\"_blank\" rel=\"noopener nofollow\"><img decoding=\"async\" class=\"entered lazyloaded\" title=\"ROYAL STONE - natural Stone premium\" src=\"http:\/\/royalstone.com.vn\/wp-content\/uploads\/2023\/11\/facebook-royalstone.jpg\" alt=\"ROYAL STONE - natural Stone premium\" width=\"30\" height=\"30\" data-lazy-src=\"http:\/\/royalstone.com.vn\/wp-content\/uploads\/2023\/11\/facebook-royalstone.jpg\" data-ll-status=\"loaded\" data-lazy-=\"\" \/><\/a><a href=\"https:\/\/twitter.com\/royalstonedatn\" target=\"_blank\" rel=\"noopener nofollow\"><img decoding=\"async\" class=\"entered lazyloaded\" title=\"ROYAL STONE - natural Stone premium\" src=\"http:\/\/royalstone.com.vn\/wp-content\/uploads\/2023\/11\/twitter-royalstone.jpg\" alt=\"ROYAL STONE - natural Stone premium\" width=\"30\" height=\"30\" data-lazy-src=\"http:\/\/royalstone.com.vn\/wp-content\/uploads\/2023\/11\/twitter-royalstone.jpg\" data-ll-status=\"loaded\" data-lazy-=\"\" \/><\/a><a href=\"https:\/\/www.pinterest.com\/royalstonedatunhiencaocap\/\" target=\"_blank\" rel=\"noopener nofollow\"><img decoding=\"async\" class=\"entered lazyloaded\" title=\"ROYAL STONE - natural Stone premium\" src=\"http:\/\/royalstone.com.vn\/wp-content\/uploads\/2023\/11\/printerest-royalstone.jpg\" alt=\"ROYAL STONE - natural Stone premium\" width=\"30\" height=\"30\" data-lazy-src=\"http:\/\/royalstone.com.vn\/wp-content\/uploads\/2023\/11\/printerest-royalstone.jpg\" data-ll-status=\"loaded\" data-lazy-=\"\" \/><\/a><a href=\"https:\/\/www.linkedin.com\/in\/royalstone-datunhien\/\" target=\"_blank\" rel=\"noopener nofollow\"><img decoding=\"async\" class=\"entered lazyloaded\" title=\"ROYAL STONE - natural Stone premium\" src=\"http:\/\/royalstone.com.vn\/wp-content\/uploads\/2023\/11\/linkedin-royalstone.jpg\" alt=\"ROYAL STONE - natural Stone premium\" width=\"30\" height=\"30\" data-lazy-src=\"http:\/\/royalstone.com.vn\/wp-content\/uploads\/2023\/11\/linkedin-royalstone.jpg\" data-ll-status=\"loaded\" data-lazy-=\"\" \/><\/a><\/div>\n<\/div>\n<\/div>","protected":false},"excerpt":{"rendered":"<ul class=\"l pr-des-featured\">\n<li>PRODUCT CODE: RSTDCA2023<\/li>\n<li>Place of origin: Brazil<\/li>\n<li>Color: White<\/li>\n<li>Types of stone: Quartz<\/li>\n<li>Size: large<\/li>\n<li>Thickness: 2.0 cm<\/li>\n<\/ul>","protected":false},"featured_media":811,"comment_status":"closed","ping_status":"closed","template":"","meta":{"inline_featured_image":false},"product_cat":[48,49],"product_tag":[],"class_list":{"0":"post-810","1":"product","2":"type-product","3":"status-publish","4":"has-post-thumbnail","6":"product_cat-tranh-da","7":"product_cat-tranh-da-doi-van","9":"first","10":"instock","11":"shipping-taxable","12":"product-type-simple"},"_links":{"self":[{"href":"https:\/\/royalstone.com.vn\/en\/wp-json\/wp\/v2\/product\/810","targetHints":{"allow":["GET"]}}],"collection":[{"href":"https:\/\/royalstone.com.vn\/en\/wp-json\/wp\/v2\/product"}],"about":[{"href":"https:\/\/royalstone.com.vn\/en\/wp-json\/wp\/v2\/types\/product"}],"replies":[{"embeddable":true,"href":"https:\/\/royalstone.com.vn\/en\/wp-json\/wp\/v2\/comments?post=810"}],"wp:featuredmedia":[{"embeddable":true,"href":"https:\/\/royalstone.com.vn\/en\/wp-json\/wp\/v2\/media\/811"}],"wp:attachment":[{"href":"https:\/\/royalstone.com.vn\/en\/wp-json\/wp\/v2\/media?parent=810"}],"wp:term":[{"taxonomy":"product_cat","embeddable":true,"href":"https:\/\/royalstone.com.vn\/en\/wp-json\/wp\/v2\/product_cat?post=810"},{"taxonomy":"product_tag","embeddable":true,"href":"https:\/\/royalstone.com.vn\/en\/wp-json\/wp\/v2\/product_tag?post=810"}],"curies":[{"name":"wp","href":"https:\/\/api.w.org\/{rel}","templated":true}]}}