{"id":795,"date":"2023-11-24T12:51:19","date_gmt":"2023-11-24T12:51:19","guid":{"rendered":"http:\/\/royalstone.com.vn\/?post_type=product&#038;p=795"},"modified":"2024-03-16T09:23:38","modified_gmt":"2024-03-16T02:23:38","slug":"tranh-da-onyx-ocean-blue","status":"publish","type":"product","link":"https:\/\/royalstone.com.vn\/en\/tranh-da-onyx-ocean-blue\/","title":{"rendered":"Painting Stones Onyx Ocean Blue"},"content":{"rendered":"<h2 data-sourcepos=\"1:1-1:35\"><strong>Painting Stones Onyx Ocean Blue what is?<\/strong><\/h2>\n<p data-sourcepos=\"3:1-3:318\"><a href=\"http:\/\/royalstone.com.vn\/en\/tranh-da-onyx-ocean-blue\/\"><em><strong>Painting Stones Onyx Ocean Blue<\/strong><\/em><\/a> is a kind of building material, high-grade decorative, made from stone Onyx Ocean Blue, a type of natural stone which is formed from the crystallization of minerals such as quartz, feldspar, mica,... Stone Onyx Ocean Blue blue sea theme and have ridges, undulations like the waves incredibly eye-catching.<\/p>\n<p data-sourcepos=\"5:1-5:212\"><b><a href=\"https:\/\/royalstone.com.vn\/en\/da-hoa-van-chu-nhat-net-dep-sang-trong-cho-khong-gian\/\">Stone Painting<\/a><\/b> Onyx Ocean Blue \u0111\u01b0\u1ee3c s\u1eed d\u1ee5ng \u0111\u1ec3 trang tr\u00ed cho c\u00e1c c\u00f4ng tr\u00ecnh x\u00e2y d\u1ef1ng, \u0111\u1eb7c bi\u1ec7t l\u00e0 c\u00e1c c\u00f4ng tr\u00ecnh cao c\u1ea5p nh\u01b0 kh\u00e1ch s\u1ea1n, nh\u00e0 h\u00e0ng, bi\u1ec7t th\u1ef1,&#8230; Tranh th\u01b0\u1eddng \u0111\u01b0\u1ee3c s\u1eed d\u1ee5ng \u0111\u1ec3 trang tr\u00ed t\u01b0\u1eddng, tr\u1ea7n, c\u1ed9t,&#8230;<\/p>\n<figure id=\"attachment_796\" aria-describedby=\"caption-attachment-796\" style=\"width: 876px\" class=\"wp-caption alignnone\"><img decoding=\"async\" class=\"size-full wp-image-796\" src=\"http:\/\/royalstone.com.vn\/wp-content\/uploads\/2023\/11\/tranh-da-onyx-ocen-blue.jpg\" alt=\"Painting Stones Onyx Ocean Blue\" width=\"876\" height=\"751\" title=\"\"><figcaption id=\"caption-attachment-796\" class=\"wp-caption-text\">Painting Stones Onyx Ocean Blue<\/figcaption><\/figure>\n<h3 data-sourcepos=\"9:1-9:100\"><strong>Painting Stones Onyx Ocean Blue can be used for a number of items in construction works, including:<\/strong><\/h3>\n<ul data-sourcepos=\"11:1-14:0\">\n<li data-sourcepos=\"11:1-11:192\"><strong>Interior decoration:<\/strong>\u00a0<a href=\"http:\/\/royalstone.com.vn\/en\/tranh-da\/\"><em><strong>Stone Painting<\/strong><\/em><\/a> Onyx Ocean Blue color elegance and sophistication, suitable for many styles of interior design. War is often used to decorate walls, ceilings, columns,...<\/li>\n<li data-sourcepos=\"12:1-12:179\"><strong>Exterior decoration:<\/strong>\u00a0Painting Stones Onyx Ocean Blue is durable, resistant to harsh weather, suitable to use for the region exterior as facades, gates, fences,...<\/li>\n<li data-sourcepos=\"13:1-14:0\"><strong>Garden decor:<\/strong>\u00a0Painting Stones Onyx Ocean Blue can be used to decorate the garden, creating a focal point for the garden space.<\/li>\n<\/ul>\n<h3 data-sourcepos=\"15:1-15:47\"><strong>Advantages of the Stone Onyx Ocean Blue what is?<\/strong><\/h3>\n<ul data-sourcepos=\"19:1-24:0\">\n<li data-sourcepos=\"19:1-19:247\"><strong>The color of luxury and sophistication:<\/strong>\u00a0Painting Stones Onyx Ocean Blue blue sea theme and have ridges, undulations like the waves extremely eye-catching, brings beauty, luxury and exquisite, suitable for many design styles interior and exterior.<\/li>\n<li data-sourcepos=\"20:1-20:154\"><strong>Durability:<\/strong>\u00a0Painting Stones Onyx Ocean Blue is made from natural stone are durable, resistant to harsh weather, less damaged during use.<\/li>\n<li data-sourcepos=\"21:1-21:118\"><strong>Strength:<\/strong>\u00a0Painting Stones Onyx Ocean Blue has high hardness, good strength, not crack when subjected to impact force.<\/li>\n<li data-sourcepos=\"22:1-22:160\"><strong>Environment-friendly:<\/strong>\u00a0Painting Stones Onyx Ocean Blue is a type of natural stone, does not contain toxic substances, environment-friendly and human health.<\/li>\n<li data-sourcepos=\"23:1-24:0\"><strong>Ability to frequently light:<\/strong>\u00a0Painting Stones Onyx Ocean Blue is a light, help to create light effects, incredibly eye-catching.<\/li>\n<\/ul>\n<h3 data-sourcepos=\"25:1-25:73\"><strong>The note when use use use the type of Stone Onyx Ocean Blue<\/strong><\/h3>\n<ul data-sourcepos=\"29:1-33:0\">\n<li data-sourcepos=\"29:1-29:164\"><strong>Avoid strong impact:<\/strong>\u00a0Painting Stones Onyx Ocean Blue has high hardness, but also can break if strong impact. Therefore, to avoid a strong impact on the painting surface.<\/li>\n<li data-sourcepos=\"30:1-30:185\"><strong>Avoid contact with chemicals:<\/strong>\u00a0Painting Stones Onyx Ocean Blue can be corroded by the strong chemicals, such as acids, bases,... it is Therefore necessary to avoid war exposed with these chemicals.<\/li>\n<li data-sourcepos=\"31:1-31:215\"><strong>Regular cleaning:<\/strong>\u00a0Painting Stones Onyx Ocean Blue with a glossy surface, easy to clean. However, you also need to note hygiene paintings regularly to avoid accumulation of dust and dirt, affecting the aesthetics of war.<\/li>\n<li data-sourcepos=\"32:1-33:0\"><strong>Be careful when cutting, paring:<\/strong>\u00a0Painting Stones Onyx Ocean Blue has a high hardness, so need to be careful when cutting, peeling to avoid injury.<\/li>\n<\/ul>\n<h2><strong>The actual process used Stone Painting Onyx Ocean Blue by Royal Stone made<\/strong><\/h2>\n<p>Painting Stones Onyx Ocean Blue used for wall cladding,<\/p>\n<p>&nbsp;<\/p>\n<h3><strong>Contact information Royal Stone<\/strong><\/h3>\n<p><strong>COMPANY LIMITED ROYAL STONE<\/strong><\/p>\n<p>\u260e Hotline: 0963 689 531<\/p>\n<p>? Trading office : 283 Tay Mo Ward, Dai Mo ward, Nam tu Liem district, Ha Noi City.<\/p>\n<p>? Factory: the 10 Yen The town, Luc Yen district, Yen Bai province<\/p>\n<p>? Warehouse Ha Noi: Lane 24, Dai Mo, tu Liem, Ha Noi (falling edge 4 Van Phuc, Ha Dong)<\/p>\n<p>? Website:\u00a0<a href=\"https:\/\/royalstone.com.vn\/en\/\">www.royalstone.com.vn<\/a><\/p>\n<h3 class=\"ftwp-heading\"><strong>Connect with Royal Stone<\/strong><\/h3>\n<div class=\"textwidget custom-html-widget\">\n<div class=\"textwidget custom-html-widget\">\n<div><a href=\"https:\/\/www.youtube.com\/@royalstone-datunhiencaocap\" target=\"_blank\" rel=\"noopener nofollow\"><img decoding=\"async\" class=\"entered lazyloaded\" title=\"ROYAL STONE - natural Stone premium\" src=\"http:\/\/royalstone.com.vn\/wp-content\/uploads\/2023\/11\/youtube-royalstone.jpg\" alt=\"ROYAL STONE - natural Stone premium\" width=\"30\" height=\"30\" data-lazy-src=\"http:\/\/royalstone.com.vn\/wp-content\/uploads\/2023\/11\/youtube-royalstone.jpg\" data-ll-status=\"loaded\" data-lazy-=\"\" \/><\/a><a href=\"https:\/\/www.facebook.com\/RoyalstoneDaTuNhienCaoCap\" target=\"_blank\" rel=\"noopener nofollow\"><img decoding=\"async\" class=\"entered lazyloaded\" title=\"ROYAL STONE - natural Stone premium\" src=\"http:\/\/royalstone.com.vn\/wp-content\/uploads\/2023\/11\/facebook-royalstone.jpg\" alt=\"ROYAL STONE - natural Stone premium\" width=\"30\" height=\"30\" data-lazy-src=\"http:\/\/royalstone.com.vn\/wp-content\/uploads\/2023\/11\/facebook-royalstone.jpg\" data-ll-status=\"loaded\" data-lazy-=\"\" \/><\/a><a href=\"https:\/\/twitter.com\/royalstonedatn\" target=\"_blank\" rel=\"noopener nofollow\"><img decoding=\"async\" class=\"entered lazyloaded\" title=\"ROYAL STONE - natural Stone premium\" src=\"http:\/\/royalstone.com.vn\/wp-content\/uploads\/2023\/11\/twitter-royalstone.jpg\" alt=\"ROYAL STONE - natural Stone premium\" width=\"30\" height=\"30\" data-lazy-src=\"http:\/\/royalstone.com.vn\/wp-content\/uploads\/2023\/11\/twitter-royalstone.jpg\" data-ll-status=\"loaded\" data-lazy-=\"\" \/><\/a><a href=\"https:\/\/www.pinterest.com\/royalstonedatunhiencaocap\/\" target=\"_blank\" rel=\"noopener nofollow\"><img decoding=\"async\" class=\"entered lazyloaded\" title=\"ROYAL STONE - natural Stone premium\" src=\"http:\/\/royalstone.com.vn\/wp-content\/uploads\/2023\/11\/printerest-royalstone.jpg\" alt=\"ROYAL STONE - natural Stone premium\" width=\"30\" height=\"30\" data-lazy-src=\"http:\/\/royalstone.com.vn\/wp-content\/uploads\/2023\/11\/printerest-royalstone.jpg\" data-ll-status=\"loaded\" data-lazy-=\"\" \/><\/a><a href=\"https:\/\/www.linkedin.com\/in\/royalstone-datunhien\/\" target=\"_blank\" rel=\"noopener nofollow\"><img decoding=\"async\" class=\"entered lazyloaded\" title=\"ROYAL STONE - natural Stone premium\" src=\"http:\/\/royalstone.com.vn\/wp-content\/uploads\/2023\/11\/linkedin-royalstone.jpg\" alt=\"ROYAL STONE - natural Stone premium\" width=\"30\" height=\"30\" data-lazy-src=\"http:\/\/royalstone.com.vn\/wp-content\/uploads\/2023\/11\/linkedin-royalstone.jpg\" data-ll-status=\"loaded\" data-lazy-=\"\" \/><\/a><\/div>\n<\/div>\n<\/div>","protected":false},"excerpt":{"rendered":"<ul class=\"l pr-des-featured\">\n<li>PRODUCT CODE: RSTDOOB2023<\/li>\n<li>Place of origin: Brazil<\/li>\n<li>Color: Blue<\/li>\n<li>Type of stone: Stone Onyx<\/li>\n<li>Size: Large<\/li>\n<li>Thickness: 2.0 cm<\/li>\n<\/ul>","protected":false},"featured_media":796,"comment_status":"closed","ping_status":"closed","template":"","meta":{"inline_featured_image":false},"product_cat":[48,49],"product_tag":[],"class_list":{"0":"post-795","1":"product","2":"type-product","3":"status-publish","4":"has-post-thumbnail","6":"product_cat-tranh-da","7":"product_cat-tranh-da-doi-van","9":"first","10":"instock","11":"shipping-taxable","12":"product-type-simple"},"_links":{"self":[{"href":"https:\/\/royalstone.com.vn\/en\/wp-json\/wp\/v2\/product\/795","targetHints":{"allow":["GET"]}}],"collection":[{"href":"https:\/\/royalstone.com.vn\/en\/wp-json\/wp\/v2\/product"}],"about":[{"href":"https:\/\/royalstone.com.vn\/en\/wp-json\/wp\/v2\/types\/product"}],"replies":[{"embeddable":true,"href":"https:\/\/royalstone.com.vn\/en\/wp-json\/wp\/v2\/comments?post=795"}],"wp:featuredmedia":[{"embeddable":true,"href":"https:\/\/royalstone.com.vn\/en\/wp-json\/wp\/v2\/media\/796"}],"wp:attachment":[{"href":"https:\/\/royalstone.com.vn\/en\/wp-json\/wp\/v2\/media?parent=795"}],"wp:term":[{"taxonomy":"product_cat","embeddable":true,"href":"https:\/\/royalstone.com.vn\/en\/wp-json\/wp\/v2\/product_cat?post=795"},{"taxonomy":"product_tag","embeddable":true,"href":"https:\/\/royalstone.com.vn\/en\/wp-json\/wp\/v2\/product_tag?post=795"}],"curies":[{"name":"wp","href":"https:\/\/api.w.org\/{rel}","templated":true}]}}