{"id":735,"date":"2023-11-24T07:23:13","date_gmt":"2023-11-24T07:23:13","guid":{"rendered":"http:\/\/royalstone.com.vn\/?post_type=product&#038;p=735"},"modified":"2023-11-24T07:23:13","modified_gmt":"2023-11-24T07:23:13","slug":"tranh-da-ngoc-van-chan","status":"publish","type":"product","link":"https:\/\/royalstone.com.vn\/en\/tranh-da-ngoc-van-chan\/","title":{"rendered":"Stone Painting Ngoc Van Chan"},"content":{"rendered":"<h2 data-sourcepos=\"1:1-1:33\"><strong>Stone painting Ngoc Van Chan what is it?<\/strong><\/h2>\n<p data-sourcepos=\"3:1-3:286\"><a href=\"http:\/\/royalstone.com.vn\/en\/tranh-da-ngoc-van-chan\/\"><em><strong>Stone Painting Ngoc Van Chan<\/strong><\/em><\/a> is a kind of building material, high-grade decorative, made from stone, turquoise, Van Chan, a type of natural stone which is formed from the crystallization of minerals such as quartz, feldspar, mica,... Stone, Van Chan has emerald green, featured bring elegance and sophistication.<\/p>\n<p data-sourcepos=\"5:1-5:210\"><b><a href=\"https:\/\/royalstone.com.vn\/en\/da-hoa-van-chu-nhat-net-dep-sang-trong-cho-khong-gian\/\">Stone Painting<\/a><\/b> Ng\u1ecdc V\u0103n Ch\u1ea5n \u0111\u01b0\u1ee3c s\u1eed d\u1ee5ng \u0111\u1ec3 trang tr\u00ed cho c\u00e1c c\u00f4ng tr\u00ecnh x\u00e2y d\u1ef1ng, \u0111\u1eb7c bi\u1ec7t l\u00e0 c\u00e1c c\u00f4ng tr\u00ecnh cao c\u1ea5p nh\u01b0 kh\u00e1ch s\u1ea1n, nh\u00e0 h\u00e0ng, bi\u1ec7t th\u1ef1,&#8230; Tranh th\u01b0\u1eddng \u0111\u01b0\u1ee3c s\u1eed d\u1ee5ng \u0111\u1ec3 trang tr\u00ed t\u01b0\u1eddng, tr\u1ea7n, c\u1ed9t,&#8230;<\/p>\n<figure id=\"attachment_736\" aria-describedby=\"caption-attachment-736\" style=\"width: 658px\" class=\"wp-caption alignnone\"><img decoding=\"async\" class=\"size-full wp-image-736\" src=\"http:\/\/royalstone.com.vn\/wp-content\/uploads\/2023\/11\/tranh-da-ngoc-van-chan.jpg\" alt=\"Stone Painting Ngoc Van Chan\" width=\"658\" height=\"571\" title=\"\"><figcaption id=\"caption-attachment-736\" class=\"wp-caption-text\">Stone Painting Ngoc Van Chan<\/figcaption><\/figure>\n<h3 data-sourcepos=\"7:1-7:49\"><strong>This stone used to do for the building?<\/strong><\/h3>\n<p data-sourcepos=\"9:1-9:98\"><a href=\"http:\/\/royalstone.com.vn\/en\/tranh-da\/\"><em><strong>Stone Painting<\/strong><\/em><\/a> Jade Chan can be used for a number of items in construction works, including:<\/p>\n<ul data-sourcepos=\"11:1-16:0\">\n<li data-sourcepos=\"11:1-12:0\">\n<p data-sourcepos=\"11:3-11:190\"><strong>Interior decoration:<\/strong> Stone painting, Turquoise Office, Injury with a color of luxury and sophistication, suitable for many styles of interior design. War is often used to decorate walls, ceilings, columns,...<\/p>\n<\/li>\n<li data-sourcepos=\"13:1-14:0\">\n<p data-sourcepos=\"13:3-13:177\"><strong>Exterior decoration:<\/strong> Stone painting Ngoc Van Chan is durable, resistant to harsh weather, suitable to use for the region exterior as facades, gates, fences,...<\/p>\n<\/li>\n<li data-sourcepos=\"15:1-16:0\">\n<p data-sourcepos=\"15:3-15:130\"><strong>Garden decor:<\/strong> Stone painting Ngoc Van Chan can be used to decorate the garden, creating a focal point for the garden space.<\/p>\n<\/li>\n<\/ul>\n<h3 data-sourcepos=\"17:1-17:45\"><strong>Advantages of Stone Painting Ngoc Van Chan what is it?<\/strong><\/h3>\n<ul data-sourcepos=\"21:1-28:0\">\n<li data-sourcepos=\"21:1-22:0\">\n<p data-sourcepos=\"21:3-21:184\"><strong>The color of luxury and sophistication:<\/strong> Stone painting Ngoc Van Chan has emerald green, featured bring beauty, elegance and sophistication, suitable for many design styles interior and exterior.<\/p>\n<\/li>\n<li data-sourcepos=\"23:1-24:0\">\n<p data-sourcepos=\"23:3-23:152\"><strong>Durability:<\/strong> Stone painting Ngoc Van Chan is made from natural stone are durable, resistant to harsh weather, less damaged during use.<\/p>\n<\/li>\n<li data-sourcepos=\"25:1-26:0\">\n<p data-sourcepos=\"25:3-25:116\"><strong>Strength:<\/strong> Stone painting Ngoc Van Chan has high hardness, good strength, not crack when subjected to impact force.<\/p>\n<\/li>\n<li data-sourcepos=\"27:1-28:0\">\n<p data-sourcepos=\"27:3-27:158\"><strong>Environment-friendly:<\/strong> Stone painting, Turquoise Office, Concussion is a type of natural stone, does not contain toxic substances, environment-friendly and human health.<\/p>\n<\/li>\n<\/ul>\n<h3 data-sourcepos=\"29:1-29:71\"><strong>The note when use use use this type of Stone Painting Ngoc Van Chan<\/strong><\/h3>\n<ul data-sourcepos=\"33:1-38:0\">\n<li data-sourcepos=\"33:1-34:0\">\n<p data-sourcepos=\"33:3-33:162\"><strong>Avoid strong impact:<\/strong> Stone painting Ngoc Van Chan has high hardness, but also can break if strong impact. Therefore, to avoid a strong impact on the painting surface.<\/p>\n<\/li>\n<li data-sourcepos=\"35:1-36:0\">\n<p data-sourcepos=\"35:3-35:183\"><strong>Avoid contact with chemicals:<\/strong> Stone painting Ngoc Van Chan can be corroded by the strong chemicals, such as acids, bases,... it is Therefore necessary to avoid war exposed with these chemicals.<\/p>\n<\/li>\n<li data-sourcepos=\"37:1-38:0\">\n<p data-sourcepos=\"37:3-37:213\"><strong>Regular cleaning:<\/strong> Stone painting Ngoc Van Chan has a glossy surface, easy to clean. However, you also need to note hygiene paintings regularly to avoid accumulation of dust and dirt, affecting the aesthetics of war.<\/p>\n<\/li>\n<\/ul>\n<h2><strong>The actual process used Stone Painting, Turquoise Office Epicenter by Royal Stone made<\/strong><\/h2>\n<p>Stone painting Ngoc Van Chan used for wall cladding,<\/p>\n<p>Stone painting Ngoc Van Chan used to the ceiling<\/p>\n<h3><strong>Contact information Royal Stone<\/strong><\/h3>\n<p><strong>COMPANY LIMITED ROYAL STONE<\/strong><\/p>\n<p>\u260e Hotline: 0963 689 531<\/p>\n<p>\ud83c\udfe0 Office : 283 Tay Mo Ward, Dai Mo ward, Nam tu Liem district, Ha Noi City.<\/p>\n<p>\ud83c\udfe0 Factory: the 10 Yen The town, Luc Yen district, Yen Bai province<\/p>\n<p>\ud83c\udfe0 Warehouse Ha Noi: Lane 24, Dai Mo, tu Liem, Ha Noi (falling edge 4 Van Phuc, Ha Dong)<\/p>\n<p>\ud83c\udf10 Website:\u00a0<a href=\"https:\/\/royalstone.com.vn\/en\/\">www.royalstone.com.vn<\/a><\/p>\n<h3 class=\"ftwp-heading\"><strong>Connect with Royal Stone<\/strong><\/h3>\n<div class=\"textwidget custom-html-widget\">\n<div class=\"textwidget custom-html-widget\">\n<div><a href=\"https:\/\/www.youtube.com\/@royalstone-datunhiencaocap\" target=\"_blank\" rel=\"noopener nofollow\"><img decoding=\"async\" class=\"entered lazyloaded\" title=\"ROYAL STONE - natural Stone premium\" src=\"http:\/\/royalstone.com.vn\/wp-content\/uploads\/2023\/11\/youtube-royalstone.jpg\" alt=\"ROYAL STONE - natural Stone premium\" width=\"30\" height=\"30\" data-lazy-src=\"http:\/\/royalstone.com.vn\/wp-content\/uploads\/2023\/11\/youtube-royalstone.jpg\" data-ll-status=\"loaded\" data-lazy-=\"\" \/><\/a><a href=\"https:\/\/www.facebook.com\/RoyalstoneDaTuNhienCaoCap\" target=\"_blank\" rel=\"noopener nofollow\"><img decoding=\"async\" class=\"entered lazyloaded\" title=\"ROYAL STONE - natural Stone premium\" src=\"http:\/\/royalstone.com.vn\/wp-content\/uploads\/2023\/11\/facebook-royalstone.jpg\" alt=\"ROYAL STONE - natural Stone premium\" width=\"30\" height=\"30\" data-lazy-src=\"http:\/\/royalstone.com.vn\/wp-content\/uploads\/2023\/11\/facebook-royalstone.jpg\" data-ll-status=\"loaded\" data-lazy-=\"\" \/><\/a><a href=\"https:\/\/twitter.com\/royalstonedatn\" target=\"_blank\" rel=\"noopener nofollow\"><img decoding=\"async\" class=\"entered lazyloaded\" title=\"ROYAL STONE - natural Stone premium\" src=\"http:\/\/royalstone.com.vn\/wp-content\/uploads\/2023\/11\/twitter-royalstone.jpg\" alt=\"ROYAL STONE - natural Stone premium\" width=\"30\" height=\"30\" data-lazy-src=\"http:\/\/royalstone.com.vn\/wp-content\/uploads\/2023\/11\/twitter-royalstone.jpg\" data-ll-status=\"loaded\" data-lazy-=\"\" \/><\/a><a href=\"https:\/\/www.pinterest.com\/royalstonedatunhiencaocap\/\" target=\"_blank\" rel=\"noopener nofollow\"><img decoding=\"async\" class=\"entered lazyloaded\" title=\"ROYAL STONE - natural Stone premium\" src=\"http:\/\/royalstone.com.vn\/wp-content\/uploads\/2023\/11\/printerest-royalstone.jpg\" alt=\"ROYAL STONE - natural Stone premium\" width=\"30\" height=\"30\" data-lazy-src=\"http:\/\/royalstone.com.vn\/wp-content\/uploads\/2023\/11\/printerest-royalstone.jpg\" data-ll-status=\"loaded\" data-lazy-=\"\" \/><\/a><a href=\"https:\/\/www.linkedin.com\/in\/royalstone-datunhien\/\" target=\"_blank\" rel=\"noopener nofollow\"><img decoding=\"async\" class=\"entered lazyloaded\" title=\"ROYAL STONE - natural Stone premium\" src=\"http:\/\/royalstone.com.vn\/wp-content\/uploads\/2023\/11\/linkedin-royalstone.jpg\" alt=\"ROYAL STONE - natural Stone premium\" width=\"30\" height=\"30\" data-lazy-src=\"http:\/\/royalstone.com.vn\/wp-content\/uploads\/2023\/11\/linkedin-royalstone.jpg\" data-ll-status=\"loaded\" data-lazy-=\"\" \/><\/a><\/div>\n<\/div>\n<\/div>","protected":false},"excerpt":{"rendered":"<ul>\n<li>PRODUCT CODE: RSTDNVC2023<\/li>\n<li>Place of origin: Vietnam<\/li>\n<li>Color: Blue<\/li>\n<li>Type of stone: Pearl<\/li>\n<li>Size: large<\/li>\n<li>Thickness: 2.0<\/li>\n<\/ul>","protected":false},"featured_media":736,"comment_status":"closed","ping_status":"closed","template":"","meta":{"inline_featured_image":false},"product_cat":[48,49],"product_tag":[],"class_list":{"0":"post-735","1":"product","2":"type-product","3":"status-publish","4":"has-post-thumbnail","6":"product_cat-tranh-da","7":"product_cat-tranh-da-doi-van","9":"first","10":"instock","11":"shipping-taxable","12":"product-type-simple"},"_links":{"self":[{"href":"https:\/\/royalstone.com.vn\/en\/wp-json\/wp\/v2\/product\/735","targetHints":{"allow":["GET"]}}],"collection":[{"href":"https:\/\/royalstone.com.vn\/en\/wp-json\/wp\/v2\/product"}],"about":[{"href":"https:\/\/royalstone.com.vn\/en\/wp-json\/wp\/v2\/types\/product"}],"replies":[{"embeddable":true,"href":"https:\/\/royalstone.com.vn\/en\/wp-json\/wp\/v2\/comments?post=735"}],"wp:featuredmedia":[{"embeddable":true,"href":"https:\/\/royalstone.com.vn\/en\/wp-json\/wp\/v2\/media\/736"}],"wp:attachment":[{"href":"https:\/\/royalstone.com.vn\/en\/wp-json\/wp\/v2\/media?parent=735"}],"wp:term":[{"taxonomy":"product_cat","embeddable":true,"href":"https:\/\/royalstone.com.vn\/en\/wp-json\/wp\/v2\/product_cat?post=735"},{"taxonomy":"product_tag","embeddable":true,"href":"https:\/\/royalstone.com.vn\/en\/wp-json\/wp\/v2\/product_tag?post=735"}],"curies":[{"name":"wp","href":"https:\/\/api.w.org\/{rel}","templated":true}]}}