{"id":688,"date":"2023-11-23T16:10:39","date_gmt":"2023-11-23T16:10:39","guid":{"rendered":"http:\/\/royalstone.com.vn\/?post_type=product&#038;p=688"},"modified":"2023-11-23T16:24:52","modified_gmt":"2023-11-23T16:24:52","slug":"da-granite-tim-kim-khanh","status":"publish","type":"product","link":"https:\/\/royalstone.com.vn\/en\/da-granite-tim-kim-khanh\/","title":{"rendered":"\u0110\u00e1 Granite T\u00edm Kim Kh\u00e1nh"},"content":{"rendered":"<p><a href=\"http:\/\/royalstone.com.vn\/en\/da-granite-tim-kim-khanh\/\"><em><strong>\u0110\u00e1 Granite T\u00edm Kim Kh\u00e1nh<\/strong><\/em><\/a>, m\u1ed9t t\u00ean g\u1ecdi quen thu\u1ed9c trong ng\u00e0nh \u0111\u00e1 . C\u00e1c c\u00f4ng tr\u00ecnh s\u1eed d\u1ee5ng lo\u1ea1i <b><a href=\"https:\/\/royalstone.com.vn\/en\/da-granite-3-cm-la-lua-chon-hoan-hao\/\">Granite<\/a><\/b> \u0111\u00e3 tr\u1edf th\u00e0nh \u0111i\u1ec3m nh\u1ea5n sang tr\u1ecdng cho kh\u00f4ng gian s\u1ed1ng v\u00e0 l\u00e0m vi\u1ec7c. Xu\u1ea5t x\u1ee9 t\u1eeb Vi\u1ec7t Nam, m\u1eabu \u0111\u00e1 n\u00e0y kh\u00f4ng ch\u1ec9 mang l\u1ea1i v\u1ebb \u0111\u1eb9p thu\u1ea7n t\u00fay m\u00e0 c\u00f2n l\u00e0 s\u1ef1 l\u1ef1a ch\u1ecdn th\u00f4ng minh v\u1edbi gi\u00e1 tr\u1ecb kinh t\u1ebf t\u1ed1t h\u01a1n so v\u1edbi nhi\u1ec1u m\u1eabu \u0111\u00e1 nh\u1eadp kh\u1ea9u.<\/p>\n<h3><strong>\u0110\u00e1 Granite T\u00edm Kim Kh\u00e1nh l\u00e0 g\u00ec?<\/strong><\/h3>\n<p>\u0110\u00e1 T\u00edm Kim Kh\u00e1nh, m\u1ed9t c\u00e1i t\u00ean r\u1ea5t quen thu\u1ed9c trong th\u1ebf gi\u1edbi x\u00e2y d\u1ef1ng v\u00e0 trang tr\u00ed n\u1ed9i th\u1ea5t, nay \u0111\u00e3 tr\u1edf th\u00e0nh bi\u1ec3u t\u01b0\u1ee3ng c\u1ee7a s\u1ef1 tinh t\u1ebf v\u00e0 sang tr\u1ecdng.<\/p>\n<h3><strong>Xu\u1ea5t X\u1ee9<\/strong><\/h3>\n<p>Vi\u1ec7t Nam &#8211; m\u1ed9t qu\u1ed1c gia n\u1ed5i ti\u1ebfng v\u1edbi nh\u1eefng ngu\u1ed3n t\u00e0i nguy\u00ean \u0111\u00e1 t\u1ef1 nhi\u00ean phong ph\u00fa. \u0110\u00e1 T\u00edm Kim Kh\u00e1nh l\u00e0 s\u1ea3n ph\u1ea9m t\u1ef1 h\u00e0o \u0111\u01b0\u1ee3c khai th\u00e1c v\u00e0 s\u1ea3n xu\u1ea5t t\u1ea1i qu\u00ea h\u01b0\u01a1ng n\u00e0y.<\/p>\n<h2><strong>\u01afu \u0110i\u1ec3m v\u00e0 \u0110\u1eb7c T\u00ednh \u0110\u00e1 Granite T\u00edm Kim Kh\u00e1nh<\/strong><\/h2>\n<p>\u0110\u00e1 T\u00edm Kim Kh\u00e1nh kh\u00f4ng ch\u1ec9 \u0111\u1eb9p v\u1ec1 m\u1eb7t ngo\u1ea1i h\u00ecnh m\u00e0 c\u00f2n h\u1ed9i t\u1ee5 \u0111\u1ea7y \u0111\u1ee7 nh\u1eefng \u0111\u1eb7c t\u00ednh \u01b0u vi\u1ec7t c\u1ee7a d\u00f2ng <a href=\"http:\/\/royalstone.com.vn\/en\/da-granite\/\"><em><strong>Granite<\/strong><\/em><\/a>, gi\u00fap n\u00f3 tr\u1edf th\u00e0nh m\u1ed9t l\u1ef1a ch\u1ecdn ho\u00e0n h\u1ea3o cho nhi\u1ec1u \u1ee9ng d\u1ee5ng kh\u00e1c nhau.<\/p>\n<h3><strong>Gi\u00e1 Tr\u1ecb Kinh T\u1ebf<\/strong><\/h3>\n<p>Do \u0111\u01b0\u1ee3c s\u1ea3n xu\u1ea5t v\u00e0 khai th\u00e1c ngay t\u1ea1i Vi\u1ec7t Nam, \u0110\u00e1 T\u00edm Kim Kh\u00e1nh mang \u0111\u1ebfn s\u1ef1 ti\u1ebft ki\u1ec7m cho kh\u00e1ch h\u00e0ng, v\u1edbi gi\u00e1 th\u00e0nh th\u1ea5p h\u01a1n so v\u1edbi nhi\u1ec1u m\u1eabu \u0111\u00e1 nh\u1eadp kh\u1ea9u t\u1eeb c\u00e1c qu\u1ed1c gia nh\u01b0 Trung Qu\u1ed1c hay \u1ea4n \u0110\u1ed9.<\/p>\n<figure id=\"attachment_690\" aria-describedby=\"caption-attachment-690\" style=\"width: 569px\" class=\"wp-caption aligncenter\"><img decoding=\"async\" class=\"wp-image-690 size-full\" title=\"\u0110\u00e1 Granite T\u00edm Kim Kh\u00e1nh\" src=\"http:\/\/royalstone.com.vn\/wp-content\/uploads\/2023\/11\/da-granite-tim-kim-khanh.jpg\" alt=\"\u0110\u00e1 Granite T\u00edm Kim Kh\u00e1nh\" width=\"569\" height=\"425\" \/><figcaption id=\"caption-attachment-690\" class=\"wp-caption-text\"><b><a href=\"https:\/\/royalstone.com.vn\/en\/da-granite-den-ve-dep-tuyet-dinh-cho-khong-gian\/\">Granite<\/a><\/b> T\u00edm Kim Kh\u00e1nh<\/figcaption><\/figure>\n<h3><strong>\u0110\u1ed9 C\u1ee9ng v\u00e0 B\u1ec1n M\u00e0u<\/strong><\/h3>\n<p>V\u1edbi \u0111\u1ed9 c\u1ee9ng cao v\u00e0 kh\u1ea3 n\u0103ng ch\u1ed1ng th\u1ea5m t\u1ed1t, \u0111\u00e1 n\u00e0y tr\u1edf th\u00e0nh l\u1ef1a ch\u1ecdn l\u00fd t\u01b0\u1edfng cho c\u00e1c c\u00f4ng tr\u00ecnh \u0111\u00f2i h\u1ecfi s\u1ef1 b\u1ec1n b\u1ec9 v\u00e0 \u1ed5n \u0111\u1ecbnh theo th\u1eddi gian.<\/p>\n<h3><strong>\u1ee8ng D\u1ee5ng \u0110a D\u1ea1ng<\/strong><\/h3>\n<p>\u0110\u00e1 T\u00edm Kim Kh\u00e1nh kh\u00f4ng ch\u1ec9 l\u00e0m \u0111\u1eb9p kh\u00f4ng gian m\u00e0 c\u00f2n \u0111a n\u0103ng trong vi\u1ec7c \u1ed1p l\u00e1t v\u00e0 trang tr\u00ed n\u1ed9i th\u1ea5t, t\u1eeb c\u1ea7u thang \u0111\u1ebfn b\u00e0n b\u1ebfp, t\u1eeb b\u1eadc tam c\u1ea5p \u0111\u1ebfn ch\u1eadu r\u1eeda <b><a href=\"https:\/\/royalstone.com.vn\/en\/lavabo-rua-mat-bang-da-ua-chuong-nhat-hien-nay\/\">Lavabo<\/a><\/b>.<\/p>\n<h2><strong>L\u1ee3i \u00cdch c\u1ee7a \u0110\u00e1 Granite T\u00edm Kim Kh\u00e1nh<\/strong><\/h2>\n<h3><strong>Ti\u1ebft Ki\u1ec7m Chi Ph\u00ed<\/strong><\/h3>\n<p>Kh\u00f4ng ch\u1ec9 l\u00e0 l\u1ef1a ch\u1ecdn v\u1ec1 ch\u1ea5t l\u01b0\u1ee3ng, \u0110\u00e1 T\u00edm Kim Kh\u00e1nh c\u00f2n l\u00e0 s\u1ef1 ti\u1ebft ki\u1ec7m v\u1ec1 chi ph\u00ed, gi\u00fap b\u1ea1n th\u1ef1c hi\u1ec7n nh\u1eefng \u00fd t\u01b0\u1edfng trang tr\u00ed m\u00e0 kh\u00f4ng l\u00e0m \u1ea3nh h\u01b0\u1edfng \u0111\u1ebfn ng\u00e2n s\u00e1ch.<\/p>\n<h3><strong>D\u1ec5 d\u00e0ng lau ch\u00f9i b\u1ec1 m\u1eb7t<\/strong><\/h3>\n<p>B\u1ec1 m\u1eb7t m\u1ecbn m\u00e0ng c\u1ee7a \u0111\u00e1 gi\u00fap d\u1ec5 d\u00e0ng trong vi\u1ec7c lau ch\u00f9i v\u00e0 b\u1ea3o d\u01b0\u1ee1ng, gi\u1eef cho kh\u00f4ng gian l\u00fac n\u00e0o c\u0169ng m\u1edbi m\u1ebb v\u00e0 s\u1ea1ch s\u1ebd.<\/p>\n<h2><strong>T\u1ea1i Sao N\u00ean Ch\u1ecdn \u0110\u00e1 Granite T\u00edm Kim Kh\u00e1nh?<\/strong><\/h2>\n<ul>\n<li><strong>S\u1ef1 K\u1ebft H\u1ee3p \u0110\u1ed9c \u0110\u00e1o:<\/strong> \u0110\u00e1 T\u00edm Kim Kh\u00e1nh kh\u00f4ng ch\u1ec9 \u0111\u1eb9p m\u1eaft m\u00e0 c\u00f2n mang \u0111\u1ebfn s\u1ef1 \u0111\u1ed9c \u0111\u00e1o v\u00e0 kh\u00e1c bi\u1ec7t cho kh\u00f4ng gian c\u1ee7a b\u1ea1n.<\/li>\n<li><strong>Ch\u1ea5t L\u01b0\u1ee3ng \u0110\u1ea3m B\u1ea3o:<\/strong> V\u1edbi c\u00e1c \u0111\u1eb7c t\u00ednh v\u01b0\u1ee3t tr\u1ed9i v\u00e0 ki\u1ec3m so\u00e1t ch\u1ea5t l\u01b0\u1ee3ng ch\u1eb7t ch\u1ebd, \u0111\u00e1 n\u00e0y l\u00e0 s\u1ef1 \u0111\u1ea3m b\u1ea3o cho m\u1ecdi c\u00f4ng tr\u00ecnh x\u00e2y d\u1ef1ng v\u00e0 trang tr\u00ed.<\/li>\n<\/ul>\n<p>\u0110\u00e1 T\u00edm Kim Kh\u00e1nh kh\u00f4ng ch\u1ec9 l\u00e0 m\u1ed9t l\u1ef1a ch\u1ecdn th\u00f4ng minh v\u1ec1 chi ph\u00ed m\u00e0 c\u00f2n l\u00e0 s\u1ef1 \u0111\u1ea7u t\u01b0 v\u00e0o v\u1ebb \u0111\u1eb9p v\u00e0 ch\u1ea5t l\u01b0\u1ee3ng. Mang l\u1ea1i s\u1ef1 ti\u1ec7n \u00edch v\u00e0 \u0111\u1eb3ng c\u1ea5p cho kh\u00f4ng gian, \u0111\u00e1 n\u00e0y ch\u00ednh l\u00e0 ng\u01b0\u1eddi b\u1ea1n \u0111\u1ed3ng h\u00e0nh l\u00fd t\u01b0\u1edfng trong h\u00e0nh tr\u00ecnh x\u00e2y d\u1ef1ng v\u00e0 trang tr\u00ed n\u1ed9i th\u1ea5t.<\/p>\n<h2><strong>C\u00f4ng tr\u00ecnh th\u1ef1c t\u1ebf s\u1eed d\u1ee5ng \u0110\u00e1 Granite T\u00edm Kim Kh\u00e1nh do Royal Stone th\u1ef1c hi\u1ec7n<\/strong><\/h2>\n<p><b><a href=\"https:\/\/royalstone.com.vn\/en\/da-granite-tim-ve-dep-quyen-ru-cho-khong-gian\/\">Granite Purple<\/a><\/b> Kim Kh\u00e1nh d\u00f9ng \u0111\u1ec3 \u1ed1p b\u00e0n b\u1ebfp<\/p>\n<p>Granite T\u00edm Kim Kh\u00e1nh d\u00f9ng \u0111\u1ec3 \u1ed1p b\u00e0n lavabo<\/p>\n<h3><strong>Contact information Royal Stone<\/strong><\/h3>\n<p><strong>COMPANY LIMITED ROYAL STONE<\/strong><\/p>\n<p>\u260e Hotline: 0963 689 531<\/p>\n<p>\ud83c\udfe0 Office : 283 Tay Mo Ward, Dai Mo ward, Nam tu Liem district, Ha Noi City.<\/p>\n<p>\ud83c\udfe0 Factory: the 10 Yen The town, Luc Yen district, Yen Bai province<\/p>\n<p>\ud83c\udfe0 Warehouse Ha Noi: Lane 24, Dai Mo, tu Liem, Ha Noi (falling edge 4 Van Phuc, Ha Dong)<\/p>\n<p>\ud83c\udf10 Website:\u00a0<a href=\"https:\/\/royalstone.com.vn\/en\/\">www.royalstone.com.vn<\/a><\/p>\n<h3 class=\"ftwp-heading\"><strong>Connect with Royal Stone<\/strong><\/h3>\n<div class=\"textwidget custom-html-widget\">\n<div class=\"textwidget custom-html-widget\">\n<div><a href=\"https:\/\/www.youtube.com\/@royalstone-datunhiencaocap\" target=\"_blank\" rel=\"noopener nofollow\"><img decoding=\"async\" class=\"entered lazyloaded\" title=\"ROYAL STONE - natural Stone premium\" src=\"http:\/\/royalstone.com.vn\/wp-content\/uploads\/2023\/11\/youtube-royalstone.jpg\" alt=\"ROYAL STONE - natural Stone premium\" width=\"30\" height=\"30\" data-lazy-src=\"http:\/\/royalstone.com.vn\/wp-content\/uploads\/2023\/11\/youtube-royalstone.jpg\" data-ll-status=\"loaded\" data-lazy-=\"\" \/><\/a><a href=\"https:\/\/www.facebook.com\/RoyalstoneDaTuNhienCaoCap\" target=\"_blank\" rel=\"noopener nofollow\"><img decoding=\"async\" class=\"entered lazyloaded\" title=\"ROYAL STONE - natural Stone premium\" src=\"http:\/\/royalstone.com.vn\/wp-content\/uploads\/2023\/11\/facebook-royalstone.jpg\" alt=\"ROYAL STONE - natural Stone premium\" width=\"30\" height=\"30\" data-lazy-src=\"http:\/\/royalstone.com.vn\/wp-content\/uploads\/2023\/11\/facebook-royalstone.jpg\" data-ll-status=\"loaded\" data-lazy-=\"\" \/><\/a><a href=\"https:\/\/twitter.com\/royalstonedatn\" target=\"_blank\" rel=\"noopener nofollow\"><img decoding=\"async\" class=\"entered lazyloaded\" title=\"ROYAL STONE - natural Stone premium\" src=\"http:\/\/royalstone.com.vn\/wp-content\/uploads\/2023\/11\/twitter-royalstone.jpg\" alt=\"ROYAL STONE - natural Stone premium\" width=\"30\" height=\"30\" data-lazy-src=\"http:\/\/royalstone.com.vn\/wp-content\/uploads\/2023\/11\/twitter-royalstone.jpg\" data-ll-status=\"loaded\" data-lazy-=\"\" \/><\/a><a href=\"https:\/\/www.pinterest.com\/royalstonedatunhiencaocap\/\" target=\"_blank\" rel=\"noopener nofollow\"><img decoding=\"async\" class=\"entered lazyloaded\" title=\"ROYAL STONE - natural Stone premium\" src=\"http:\/\/royalstone.com.vn\/wp-content\/uploads\/2023\/11\/printerest-royalstone.jpg\" alt=\"ROYAL STONE - natural Stone premium\" width=\"30\" height=\"30\" data-lazy-src=\"http:\/\/royalstone.com.vn\/wp-content\/uploads\/2023\/11\/printerest-royalstone.jpg\" data-ll-status=\"loaded\" data-lazy-=\"\" \/><\/a><a href=\"https:\/\/www.linkedin.com\/in\/royalstone-datunhien\/\" target=\"_blank\" rel=\"noopener nofollow\"><img decoding=\"async\" class=\"entered lazyloaded\" title=\"ROYAL STONE - natural Stone premium\" src=\"http:\/\/royalstone.com.vn\/wp-content\/uploads\/2023\/11\/linkedin-royalstone.jpg\" alt=\"ROYAL STONE - natural Stone premium\" width=\"30\" height=\"30\" data-lazy-src=\"http:\/\/royalstone.com.vn\/wp-content\/uploads\/2023\/11\/linkedin-royalstone.jpg\" data-ll-status=\"loaded\" data-lazy-=\"\" \/><\/a><\/div>\n<\/div>\n<\/div>","protected":false},"excerpt":{"rendered":"<ul class=\"l pr-des-featured\">\n<li>MSP: RSGTKK2023<\/li>\n<li>Place of origin: Vietnam<\/li>\n<li>M\u00e0u s\u1eafc: T\u00edm<\/li>\n<li>Type of stone: Granite<\/li>\n<li>Size: large<\/li>\n<li>Thickness: 1.8 Cm<\/li>\n<\/ul>","protected":false},"featured_media":690,"comment_status":"closed","ping_status":"closed","template":"","meta":{"inline_featured_image":false},"product_cat":[23,25],"product_tag":[],"class_list":{"0":"post-688","1":"product","2":"type-product","3":"status-publish","4":"has-post-thumbnail","6":"product_cat-da-granite","7":"product_cat-da-granite-gia-re","9":"first","10":"instock","11":"shipping-taxable","12":"product-type-simple"},"_links":{"self":[{"href":"https:\/\/royalstone.com.vn\/en\/wp-json\/wp\/v2\/product\/688","targetHints":{"allow":["GET"]}}],"collection":[{"href":"https:\/\/royalstone.com.vn\/en\/wp-json\/wp\/v2\/product"}],"about":[{"href":"https:\/\/royalstone.com.vn\/en\/wp-json\/wp\/v2\/types\/product"}],"replies":[{"embeddable":true,"href":"https:\/\/royalstone.com.vn\/en\/wp-json\/wp\/v2\/comments?post=688"}],"wp:featuredmedia":[{"embeddable":true,"href":"https:\/\/royalstone.com.vn\/en\/wp-json\/wp\/v2\/media\/690"}],"wp:attachment":[{"href":"https:\/\/royalstone.com.vn\/en\/wp-json\/wp\/v2\/media?parent=688"}],"wp:term":[{"taxonomy":"product_cat","embeddable":true,"href":"https:\/\/royalstone.com.vn\/en\/wp-json\/wp\/v2\/product_cat?post=688"},{"taxonomy":"product_tag","embeddable":true,"href":"https:\/\/royalstone.com.vn\/en\/wp-json\/wp\/v2\/product_tag?post=688"}],"curies":[{"name":"wp","href":"https:\/\/api.w.org\/{rel}","templated":true}]}}