{"id":679,"date":"2023-11-23T15:27:17","date_gmt":"2023-11-23T15:27:17","guid":{"rendered":"http:\/\/royalstone.com.vn\/?post_type=product&#038;p=679"},"modified":"2024-03-18T10:42:43","modified_gmt":"2024-03-18T03:42:43","slug":"da-granite-lac-da-nen-vang","status":"publish","type":"product","link":"https:\/\/royalstone.com.vn\/en\/da-granite-lac-da-nen-vang\/","title":{"rendered":"\u0110\u00e1 Granite L\u1ea1c \u0110\u00e0 N\u1ec1n V\u00e0ng"},"content":{"rendered":"<p data-sourcepos=\"5:1-5:191\"><a href=\"http:\/\/royalstone.com.vn\/en\/da-granite-lac-da-nen-vang\/\"><em><strong>\u0110\u00e1 Granite L\u1ea1c \u0110\u00e0 N\u1ec1n V\u00e0ng<\/strong><\/em><\/a> l\u00e0 m\u1ed9t lo\u1ea1i \u0111\u00e1 hoa c\u01b0\u01a1ng t\u1ef1 nhi\u00ean c\u00f3 ngu\u1ed3n g\u1ed1c t\u1eeb Trung Qu\u1ed1c. \u0110\u00e1 c\u00f3 m\u00e0u v\u00e0ng ch\u1ee7 \u0111\u1ea1o v\u1edbi nh\u1eefng \u0111\u01b0\u1eddng v\u00e2n m\u00e0u \u0111en li ti,&#8230; xen k\u1ebd nhau t\u1ea1o n\u00ean v\u1ebb \u0111\u1eb9p sang tr\u1ecdng, c\u1ed5 \u0111i\u1ec3n.<\/p>\n<p data-sourcepos=\"5:1-5:191\">\u0110\u00e1 Granit L\u1ea1c \u0110\u00e0 N\u1ec1n V\u00e0ng l\u00e0 m\u1ed9t t\u00e1c ph\u1ea9m ngh\u1ec7 thu\u1eadt t\u1ef1 nhi\u00ean v\u1edbi t\u00f4ng m\u00e0u n\u1ec1n v\u00e0ng nh\u1ea1t \u0111i\u1ec3m th\u00eam c\u00e1c v\u00e2n \u0111\u1ed1m \u0111en li ti, nh\u01b0 m\u1ea7u da c\u1ee7a ch\u00fa l\u1ea1c \u0111\u00e0 tr\u00ean sa m\u1ea1c. S\u1ef1 k\u1ebft h\u1ee3p \u0111\u1ed9c \u0111\u00e1o n\u00e0y, \u0111\u1eb7c bi\u1ec7t khi k\u1ebft h\u1ee3p v\u1edbi m\u00e0u n\u1ed9i th\u1ea5t t\u00f4ng s\u00e1ng, t\u1ea1o n\u00ean v\u1ebb \u0111\u1eb9p \u1ea5n t\u01b0\u1ee3ng, v\u1eeba tinh t\u1ebf l\u1ea1i trang nh\u00e3.<\/p>\n<h2 data-sourcepos=\"7:1-7:21\"><strong>\u0110\u1eb7c \u0111i\u1ec3m n\u1ed5i b\u1eadt c\u1ee7a \u0110\u00e1 Granite L\u1ea1c \u0110\u00e0 N\u1ec1n V\u00e0ng<\/strong><\/h2>\n<ul data-sourcepos=\"9:1-14:0\">\n<li data-sourcepos=\"9:1-9:122\"><strong>Color:<\/strong>\u00a0\u0110\u00e1 c\u00f3 m\u00e0u v\u00e0ng ch\u1ee7 \u0111\u1ea1o v\u1edbi nh\u1eefng \u0111\u01b0\u1eddng v\u00e2n m\u00e0u x\u00e1m, \u0111en,&#8230; xen k\u1ebd nhau t\u1ea1o n\u00ean v\u1ebb \u0111\u1eb9p sang tr\u1ecdng, c\u1ed5 \u0111i\u1ec3n.<\/li>\n<li data-sourcepos=\"10:1-10:83\"><strong>Hardness:<\/strong>\u00a0Stone has high hardness, resistant to impact force strong, anti-scratch good.<\/li>\n<li data-sourcepos=\"11:1-11:83\"><strong>Waterproofing ability:<\/strong>\u00a0Stones are likely good waterproofing, not moldy, mildew.<\/li>\n<li data-sourcepos=\"12:1-12:107\"><strong>Heat resistant:<\/strong>\u00a0The stone has good heat resistance, no deformation when exposed to high temperatures.<\/li>\n<li data-sourcepos=\"13:1-14:0\"><strong>Ability hygiene:<\/strong>\u00a0Stone easy to clean, clean.<\/li>\n<\/ul>\n<figure id=\"attachment_680\" aria-describedby=\"caption-attachment-680\" style=\"width: 576px\" class=\"wp-caption alignnone\"><img decoding=\"async\" class=\"wp-image-680 size-full\" title=\"\u0110\u00e1 Granite L\u1ea1c \u0110\u00e0 N\u1ec1n V\u00e0ng\" src=\"http:\/\/royalstone.com.vn\/wp-content\/uploads\/2023\/11\/da-granit-lac-da-nen-vang.jpg\" alt=\"\u0110\u00e1 Granite L\u1ea1c \u0110\u00e0 N\u1ec1n V\u00e0ng\" width=\"576\" height=\"432\" \/><figcaption id=\"caption-attachment-680\" class=\"wp-caption-text\"><b><a href=\"https:\/\/royalstone.com.vn\/en\/da-granite-3-cm-la-lua-chon-hoan-hao\/\">Granite<\/a><\/b> L\u1ea1c \u0110\u00e0 N\u1ec1n V\u00e0ng<\/figcaption><\/figure>\n<h2 data-sourcepos=\"15:1-15:13\"><strong>\u1ee8ng d\u1ee5ng \u0110\u00e1 Granite L\u1ea1c \u0110\u00e0 N\u1ec1n V\u00e0ng<\/strong><\/h2>\n<p data-sourcepos=\"17:1-17:72\"><a href=\"http:\/\/royalstone.com.vn\/en\/da-granite\/\"><em><strong>Granite<\/strong><\/em><\/a>\u00a0L\u1ea1c \u0110\u00e0 N\u1ec1n V\u00e0ng \u0111\u01b0\u1ee3c \u1ee9ng d\u1ee5ng r\u1ed9ng r\u00e3i trong c\u00e1c h\u1ea1ng m\u1ee5c nh\u01b0:<\/p>\n<ul data-sourcepos=\"19:1-25:0\">\n<li data-sourcepos=\"19:1-19:133\"><strong>Tiling facades:<\/strong> \u0110\u00e1 Granit L\u1ea1c \u0110\u00e0 N\u1ec1n V\u00e0ng c\u00f3 m\u00e0u s\u1eafc sang tr\u1ecdng, c\u1ed5 \u0111i\u1ec3n n\u00ean \u0111\u01b0\u1ee3c nhi\u1ec1u ng\u01b0\u1eddi l\u1ef1a ch\u1ecdn \u0111\u1ec3 \u1ed1p l\u00e1t m\u1eb7t ti\u1ec1n nh\u00e0.<\/li>\n<li data-sourcepos=\"20:1-20:121\"><strong>Tiling the living room:<\/strong> Granit L\u1ea1c \u0110\u00e0 N\u1ec1n V\u00e0ng c\u00f3 m\u00e0u s\u1eafc sang tr\u1ecdng, c\u1ed5 \u0111i\u1ec3n n\u00ean r\u1ea5t ph\u00f9 h\u1ee3p \u0111\u1ec3 \u1ed1p l\u00e1t ph\u00f2ng kh\u00e1ch.<\/li>\n<li data-sourcepos=\"21:1-21:113\"><strong>Tiling bedrooms:<\/strong> Granit L\u1ea1c \u0110\u00e0 N\u1ec1n V\u00e0ng c\u00f3 m\u00e0u s\u1eafc \u1ea5m \u00e1p, th\u01b0 gi\u00e3n n\u00ean r\u1ea5t ph\u00f9 h\u1ee3p \u0111\u1ec3 \u1ed1p l\u00e1t ph\u00f2ng ng\u1ee7.<\/li>\n<li data-sourcepos=\"22:1-22:130\"><strong>Tiling stairs:<\/strong>\u00a0\u0110\u00e1 Granit L\u1ea1c \u0110\u00e0 N\u1ec1n V\u00e0ng c\u00f3 \u0111\u1ed9 c\u1ee9ng cao, ch\u1ecbu \u0111\u01b0\u1ee3c l\u1ef1c t\u00e1c \u0111\u1ed9ng m\u1ea1nh n\u00ean r\u1ea5t ph\u00f9 h\u1ee3p \u0111\u1ec3 \u1ed1p l\u00e1t c\u1ea7u thang.<\/li>\n<li data-sourcepos=\"23:1-23:152\"><strong>Tiling the kitchen table, desk, kitchen island:<\/strong>\u00a0\u0110\u00e1 Granit L\u1ea1c \u0110\u00e0 N\u1ec1n V\u00e0ng c\u00f3 kh\u1ea3 n\u0103ng ch\u1ed1ng th\u1ea5m, ch\u1ed1ng tr\u1ea7y x\u01b0\u1edbc t\u1ed1t n\u00ean r\u1ea5t ph\u00f9 h\u1ee3p \u0111\u1ec3 \u1ed1p l\u00e1t b\u00e0n b\u1ebfp, b\u00e0n \u0111\u1ea3o b\u1ebfp.<\/li>\n<li data-sourcepos=\"24:1-25:0\"><strong>Tiling bath <b><a href=\"https:\/\/royalstone.com.vn\/en\/lavabo-rua-mat-bang-da-ua-chuong-nhat-hien-nay\/\">lavabo<\/a><\/b>:<\/strong>\u00a0\u0110\u00e1 Granit L\u1ea1c \u0110\u00e0 N\u1ec1n V\u00e0ng c\u00f3 kh\u1ea3 n\u0103ng ch\u1ed1ng th\u1ea5m, ch\u1ed1ng \u1ea9m m\u1ed1c t\u1ed1t n\u00ean r\u1ea5t ph\u00f9 h\u1ee3p \u0111\u1ec3 \u1ed1p l\u00e1t b\u1ed3n t\u1eafm, lavabo.<\/li>\n<\/ul>\n<h3><strong>\u1ee8ng D\u1ee5ng \u0110a D\u1ea1ng Trong Nhi\u1ec1u C\u00f4ng Tr\u00ecnh X\u00e2y D\u1ef1ng<\/strong><\/h3>\n<p>\u0110\u00e1 Granite L\u1ea1c \u0110\u00e0 N\u1ec1n V\u00e0ng kh\u00f4ng ch\u1ec9 ph\u1ed5 bi\u1ebfn t\u1ea1i Vi\u1ec7t Nam m\u00e0 c\u00f2n \u0111\u01b0\u1ee3c \u01b0a chu\u1ed9ng tr\u00ean th\u1ecb tr\u01b0\u1eddng qu\u1ed1c t\u1ebf. S\u1ef1 k\u1ebft h\u1ee3p gi\u1eefa tone m\u00e0u v\u00e0ng x\u00e1m mang \u0111\u1ebfn v\u1ebb sang tr\u1ecdng v\u00e0 qu\u00fd ph\u00e1i. \u0110\u1eb7c bi\u1ec7t, kh\u1ea3 n\u0103ng ch\u1ed1ng th\u1ea5m, ch\u1ed1ng b\u00e0o m\u00f2n b\u1ea5t ch\u1ea5p th\u1eddi ti\u1ebft kh\u1eafc nghi\u1ec7t l\u00e0m cho n\u00f3 tr\u1edf th\u00e0nh l\u1ef1a ch\u1ecdn h\u00e0ng \u0111\u1ea7u cho nhi\u1ec1u c\u00f4ng tr\u00ecnh, t\u1eeb c\u0103n bi\u1ec7t th\u1ef1, chung c\u01b0 cao c\u1ea5p \u0111\u1ebfn s\u1ea3nh l\u1edbn thi\u1ebft k\u1ebf theo phong c\u00e1ch c\u1ed5 \u0111i\u1ec3n.<\/p>\n<h2><strong>C\u00f4ng tr\u00ecnh th\u1ef1c t\u1ebf s\u1eed d\u1ee5ng \u0110\u00e1 Granite L\u1ea1c \u0110\u00e0 N\u1ec1n V\u00e0ng do Royal Stone th\u1ef1c hi\u1ec7n<\/strong><\/h2>\n<p>Granit L\u1ea1c \u0110\u00e0 N\u1ec1n V\u00e0ng d\u00f9ng \u0111\u1ec3 \u1ed1p b\u00e0n b\u1ebfp<\/p>\n<p>Granit L\u1ea1c \u0110\u00e0 N\u1ec1n V\u00e0ng d\u00f9ng \u0111\u1ec3 \u1ed1p b\u00e0n lavabo<\/p>\n<h3><strong>Contact information Royal Stone<\/strong><\/h3>\n<p><strong>COMPANY LIMITED ROYAL STONE<\/strong><\/p>\n<p>\u260e Hotline: 0963 689 531<\/p>\n<p>? Trading office : 283 Tay Mo Ward, Dai Mo ward, Nam tu Liem district, Ha Noi City.<\/p>\n<p>? Factory: the 10 Yen The town, Luc Yen district, Yen Bai province<\/p>\n<p>? Warehouse Ha Noi: Lane 24, Dai Mo, tu Liem, Ha Noi (falling edge 4 Van Phuc, Ha Dong)<\/p>\n<p>? Website:\u00a0<a href=\"https:\/\/royalstone.com.vn\/en\/\">www.royalstone.com.vn<\/a><\/p>\n<h3 class=\"ftwp-heading\"><strong>Connect with Royal Stone<\/strong><\/h3>\n<div class=\"textwidget custom-html-widget\">\n<div class=\"textwidget custom-html-widget\">\n<div><a href=\"https:\/\/www.youtube.com\/@royalstone-datunhiencaocap\" target=\"_blank\" rel=\"noopener nofollow\"><img decoding=\"async\" class=\"entered lazyloaded\" title=\"ROYAL STONE - natural Stone premium\" src=\"http:\/\/royalstone.com.vn\/wp-content\/uploads\/2023\/11\/youtube-royalstone.jpg\" alt=\"ROYAL STONE - natural Stone premium\" width=\"30\" height=\"30\" data-lazy-src=\"http:\/\/royalstone.com.vn\/wp-content\/uploads\/2023\/11\/youtube-royalstone.jpg\" data-ll-status=\"loaded\" data-lazy-=\"\" \/><\/a><a href=\"https:\/\/www.facebook.com\/RoyalstoneDaTuNhienCaoCap\" target=\"_blank\" rel=\"noopener nofollow\"><img decoding=\"async\" class=\"entered lazyloaded\" title=\"ROYAL STONE - natural Stone premium\" src=\"http:\/\/royalstone.com.vn\/wp-content\/uploads\/2023\/11\/facebook-royalstone.jpg\" alt=\"ROYAL STONE - natural Stone premium\" width=\"30\" height=\"30\" data-lazy-src=\"http:\/\/royalstone.com.vn\/wp-content\/uploads\/2023\/11\/facebook-royalstone.jpg\" data-ll-status=\"loaded\" data-lazy-=\"\" \/><\/a><a href=\"https:\/\/twitter.com\/royalstonedatn\" target=\"_blank\" rel=\"noopener nofollow\"><img decoding=\"async\" class=\"entered lazyloaded\" title=\"ROYAL STONE - natural Stone premium\" src=\"http:\/\/royalstone.com.vn\/wp-content\/uploads\/2023\/11\/twitter-royalstone.jpg\" alt=\"ROYAL STONE - natural Stone premium\" width=\"30\" height=\"30\" data-lazy-src=\"http:\/\/royalstone.com.vn\/wp-content\/uploads\/2023\/11\/twitter-royalstone.jpg\" data-ll-status=\"loaded\" data-lazy-=\"\" \/><\/a><a href=\"https:\/\/www.pinterest.com\/royalstonedatunhiencaocap\/\" target=\"_blank\" rel=\"noopener nofollow\"><img decoding=\"async\" class=\"entered lazyloaded\" title=\"ROYAL STONE - natural Stone premium\" src=\"http:\/\/royalstone.com.vn\/wp-content\/uploads\/2023\/11\/printerest-royalstone.jpg\" alt=\"ROYAL STONE - natural Stone premium\" width=\"30\" height=\"30\" data-lazy-src=\"http:\/\/royalstone.com.vn\/wp-content\/uploads\/2023\/11\/printerest-royalstone.jpg\" data-ll-status=\"loaded\" data-lazy-=\"\" \/><\/a><a href=\"https:\/\/www.linkedin.com\/in\/royalstone-datunhien\/\" target=\"_blank\" rel=\"noopener nofollow\"><img decoding=\"async\" class=\"entered lazyloaded\" title=\"ROYAL STONE - natural Stone premium\" src=\"http:\/\/royalstone.com.vn\/wp-content\/uploads\/2023\/11\/linkedin-royalstone.jpg\" alt=\"ROYAL STONE - natural Stone premium\" width=\"30\" height=\"30\" data-lazy-src=\"http:\/\/royalstone.com.vn\/wp-content\/uploads\/2023\/11\/linkedin-royalstone.jpg\" data-ll-status=\"loaded\" data-lazy-=\"\" \/><\/a><\/div>\n<\/div>\n<\/div>","protected":false},"excerpt":{"rendered":"<ul class=\"l pr-des-featured\">\n<li>MSP: RSGLDNV2023<\/li>\n<li>Place of origin: China<\/li>\n<li>Color: Brown \u2013 Yellow<\/li>\n<li>Type of stone: Granite<\/li>\n<li>Size: Not fixed<\/li>\n<li>Thickness: 1.8 Cm<\/li>\n<\/ul>","protected":false},"featured_media":680,"comment_status":"closed","ping_status":"closed","template":"","meta":{"inline_featured_image":false},"product_cat":[23,25],"product_tag":[],"class_list":{"0":"post-679","1":"product","2":"type-product","3":"status-publish","4":"has-post-thumbnail","6":"product_cat-da-granite","7":"product_cat-da-granite-gia-re","9":"first","10":"instock","11":"shipping-taxable","12":"product-type-simple"},"_links":{"self":[{"href":"https:\/\/royalstone.com.vn\/en\/wp-json\/wp\/v2\/product\/679","targetHints":{"allow":["GET"]}}],"collection":[{"href":"https:\/\/royalstone.com.vn\/en\/wp-json\/wp\/v2\/product"}],"about":[{"href":"https:\/\/royalstone.com.vn\/en\/wp-json\/wp\/v2\/types\/product"}],"replies":[{"embeddable":true,"href":"https:\/\/royalstone.com.vn\/en\/wp-json\/wp\/v2\/comments?post=679"}],"wp:featuredmedia":[{"embeddable":true,"href":"https:\/\/royalstone.com.vn\/en\/wp-json\/wp\/v2\/media\/680"}],"wp:attachment":[{"href":"https:\/\/royalstone.com.vn\/en\/wp-json\/wp\/v2\/media?parent=679"}],"wp:term":[{"taxonomy":"product_cat","embeddable":true,"href":"https:\/\/royalstone.com.vn\/en\/wp-json\/wp\/v2\/product_cat?post=679"},{"taxonomy":"product_tag","embeddable":true,"href":"https:\/\/royalstone.com.vn\/en\/wp-json\/wp\/v2\/product_tag?post=679"}],"curies":[{"name":"wp","href":"https:\/\/api.w.org\/{rel}","templated":true}]}}