{"id":673,"date":"2023-11-23T15:04:02","date_gmt":"2023-11-23T15:04:02","guid":{"rendered":"http:\/\/royalstone.com.vn\/?post_type=product&#038;p=673"},"modified":"2023-11-23T15:10:20","modified_gmt":"2023-11-23T15:10:20","slug":"da-granite-do-trung-min","status":"publish","type":"product","link":"https:\/\/royalstone.com.vn\/en\/da-granite-do-trung-min\/","title":{"rendered":"\u0110\u00e1 Granite \u0110\u1ecf Trung M\u1ecbn"},"content":{"rendered":"<p data-sourcepos=\"9:1-9:307\"><a href=\"http:\/\/royalstone.com.vn\/en\/da-granite-do-trung-min\/\"><em><strong>\u0110\u00e1 Granite \u0110\u1ecf Trung M\u1ecbn<\/strong><\/em><\/a> l\u00e0 m\u1ed9t lo\u1ea1i \u0111\u00e1 hoa c\u01b0\u01a1ng t\u1ef1 nhi\u00ean c\u00f3 ngu\u1ed3n g\u1ed1c t\u1eeb Trung Qu\u1ed1c. \u0110\u00e1 c\u00f3 \u0111\u1ed9 c\u1ee9ng cao, ch\u1ecbu \u0111\u01b0\u1ee3c l\u1ef1c t\u00e1c \u0111\u1ed9ng m\u1ea1nh, ch\u1ed1ng tr\u1ea7y x\u01b0\u1edbc, ch\u1ed1ng th\u1ea5m, ch\u1ecbu nhi\u1ec7t t\u1ed1t, d\u1ec5 d\u00e0ng v\u1ec7 sinh, lau ch\u00f9i. Ch\u00ednh v\u00ec v\u1eady, <b><a href=\"https:\/\/royalstone.com.vn\/en\/da-granite-3-cm-la-lua-chon-hoan-hao\/\">Granite<\/a><\/b> \u0111\u01b0\u1ee3c \u1ee9ng d\u1ee5ng r\u1ed9ng r\u00e3i trong c\u00e1c h\u1ea1ng m\u1ee5c \u1ed1p l\u00e1t trong nh\u00e0 v\u00e0 ngo\u00e0i tr\u1eddi.<\/p>\n<h2 data-sourcepos=\"13:1-13:13\"><strong>\u0110\u00e1 Granite \u0110\u1ecf Trung M\u1ecbn l\u00e0 g\u00ec?<\/strong><\/h2>\n<p data-sourcepos=\"11:1-11:212\">\u0110\u01b0\u1ee3c khai th\u00e1c t\u1eeb l\u00f2ng \u0111\u1ea5t Trung Qu\u1ed1c, <b><a href=\"https:\/\/royalstone.com.vn\/en\/da-granite-den-ve-dep-tuyet-dinh-cho-khong-gian\/\">Granite<\/a><\/b> \u0110\u1ecf Trung M\u1ecbn kh\u00f4ng ch\u1ec9 \u0111\u1eb9p b\u1edfi s\u1ef1 trung t\u00ednh m\u00e0 c\u00f2n b\u1edfi gam m\u00e0u \u0111\u1ecf n\u00e2u \u0111\u1ed9c \u0111\u00e1o. Kh\u00f4ng c\u00f3 c\u00e1c \u0111\u01b0\u1eddng v\u00e2n nh\u1ea5n, m\u1eabu \u0111\u00e1 n\u00e0y thu h\u00fat b\u1edfi s\u1ef1 m\u1ecbn m\u00e0ng v\u00e0 cu\u1ed1n h\u00fat tuy\u1ec7t v\u1eddi c\u1ee7a m\u00ecnh.<\/p>\n<p data-sourcepos=\"11:1-11:212\">Trong s\u1ed1 c\u00e1c lo\u1ea1i \u0111\u00e1 Granite, <b><a href=\"https:\/\/royalstone.com.vn\/en\/da-granite-do-net-dep-noi-bat-cho-khong-gian\/\">\u0111\u00e1 Granite \u0110\u1ecf<\/a><\/b> Trung M\u1ecbn l\u00e0 m\u1ed9t lo\u1ea1i \u0111\u00e1 \u0111\u01b0\u1ee3c \u01b0a chu\u1ed9ng b\u1edfi v\u1ebb \u0111\u1eb9p sang tr\u1ecdng, tinh t\u1ebf. \u0110\u00e1 c\u00f3 m\u00e0u \u0111\u1ecf ch\u1ee7 \u0111\u1ea1o v\u1edbi nh\u1eefng h\u1ea1t kho\u00e1ng s\u1ea3n \u0111en xen k\u1ebd nhau t\u1ea1o n\u00ean v\u1ebb \u0111\u1eb9p \u0111\u1ed9c \u0111\u00e1o, kh\u00e1c bi\u1ec7t.<\/p>\n<h3 data-sourcepos=\"15:1-15:43\"><strong>\u0110\u1eb7c \u0111i\u1ec3m c\u1ee7a \u0111\u00e1 Granite \u0110\u1ecf Trung M\u1ecbn<\/strong><\/h3>\n<p data-sourcepos=\"17:1-17:52\"><b><a href=\"https:\/\/royalstone.com.vn\/en\/da-granite-do-net-dep-noi-bat-cho-khong-gian-2\/\">Red Granite<\/a><\/b> Trung M\u1ecbn c\u00f3 c\u00e1c \u0111\u1eb7c \u0111i\u1ec3m n\u1ed5i b\u1eadt nh\u01b0:<\/p>\n<ul data-sourcepos=\"19:1-24:0\">\n<li data-sourcepos=\"19:1-19:111\"><strong>Color:<\/strong>\u00a0\u0110\u00e1 c\u00f3 m\u00e0u \u0111\u1ecf ch\u1ee7 \u0111\u1ea1o v\u1edbi nh\u1eefng h\u1ea1t kho\u00e1ng s\u1ea3n \u0111en xen k\u1ebd nhau t\u1ea1o n\u00ean v\u1ebb \u0111\u1eb9p \u0111\u1ed9c \u0111\u00e1o, kh\u00e1c bi\u1ec7t.<\/li>\n<li data-sourcepos=\"20:1-20:83\"><strong>Hardness:<\/strong>\u00a0Stone has high hardness, resistant to impact force strong, anti-scratch good.<\/li>\n<li data-sourcepos=\"21:1-21:83\"><strong>Waterproofing ability:<\/strong>\u00a0Stones are likely good waterproofing, not moldy, mildew.<\/li>\n<li data-sourcepos=\"22:1-22:107\"><strong>Heat resistant:<\/strong>\u00a0The stone has good heat resistance, no deformation when exposed to high temperatures.<\/li>\n<li data-sourcepos=\"23:1-24:0\"><strong>Ability hygiene:<\/strong>\u00a0Stone easy to clean, clean.<\/li>\n<\/ul>\n<figure id=\"attachment_675\" aria-describedby=\"caption-attachment-675\" style=\"width: 572px\" class=\"wp-caption aligncenter\"><img decoding=\"async\" class=\"wp-image-675 size-full\" title=\"\u0110\u00e1 Granite \u0110\u1ecf Trung M\u1ecbn\" src=\"http:\/\/royalstone.com.vn\/wp-content\/uploads\/2023\/11\/da-granite-do-trung-min.jpg\" alt=\"\u0110\u00e1 Granite \u0110\u1ecf Trung M\u1ecbn\" width=\"572\" height=\"334\" \/><figcaption id=\"caption-attachment-675\" class=\"wp-caption-text\">\u0110\u00e1 Granite \u0110\u1ecf Trung M\u1ecbn<\/figcaption><\/figure>\n<h3 data-sourcepos=\"25:1-25:43\"><strong>\u1ee8ng d\u1ee5ng c\u1ee7a \u0111\u00e1 Granite \u0110\u1ecf Trung M\u1ecbn<\/strong><\/h3>\n<p data-sourcepos=\"27:1-27:101\"><a href=\"http:\/\/royalstone.com.vn\/en\/da-granite\/\"><em><strong>Granite<\/strong><\/em><\/a> \u0110\u1ecf Trung M\u1ecbn \u0111\u01b0\u1ee3c \u1ee9ng d\u1ee5ng r\u1ed9ng r\u00e3i trong c\u00e1c h\u1ea1ng m\u1ee5c \u1ed1p l\u00e1t trong nh\u00e0 v\u00e0 ngo\u00e0i tr\u1eddi nh\u01b0:<\/p>\n<ul data-sourcepos=\"29:1-35:0\">\n<li data-sourcepos=\"29:1-29:133\"><strong>Tiling facades:<\/strong>\u00a0\u0110\u00e1 Granite \u0110\u1ecf Trung M\u1ecbn c\u00f3 m\u00e0u s\u1eafc t\u01b0\u01a1i s\u00e1ng, sang tr\u1ecdng n\u00ean \u0111\u01b0\u1ee3c nhi\u1ec1u ng\u01b0\u1eddi l\u1ef1a ch\u1ecdn \u0111\u1ec3 \u1ed1p l\u00e1t m\u1eb7t ti\u1ec1n nh\u00e0.<\/li>\n<li data-sourcepos=\"30:1-30:119\"><strong>Tiling the living room:<\/strong> Granite \u0110\u1ecf Trung M\u1ecbn c\u00f3 m\u00e0u s\u1eafc sang tr\u1ecdng, c\u1ed5 \u0111i\u1ec3n n\u00ean r\u1ea5t ph\u00f9 h\u1ee3p \u0111\u1ec3 \u1ed1p l\u00e1t ph\u00f2ng kh\u00e1ch.<\/li>\n<li data-sourcepos=\"31:1-31:128\"><strong>Tiling the kitchen:<\/strong> Granite \u0110\u1ecf Trung M\u1ecbn c\u00f3 kh\u1ea3 n\u0103ng ch\u1ed1ng th\u1ea5m, ch\u1ed1ng tr\u1ea7y x\u01b0\u1edbc t\u1ed1t n\u00ean r\u1ea5t ph\u00f9 h\u1ee3p \u0111\u1ec3 \u1ed1p l\u00e1t ph\u00f2ng b\u1ebfp.<\/li>\n<li data-sourcepos=\"32:1-32:125\"><strong>Bathroom tiling:<\/strong> Granite \u0110\u1ecf Trung M\u1ecbn c\u00f3 kh\u1ea3 n\u0103ng ch\u1ed1ng th\u1ea5m, ch\u1ed1ng \u1ea9m m\u1ed1c t\u1ed1t n\u00ean r\u1ea5t ph\u00f9 h\u1ee3p \u0111\u1ec3 \u1ed1p l\u00e1t ph\u00f2ng t\u1eafm.<\/li>\n<li data-sourcepos=\"33:1-33:128\"><strong>Tiling stairs:<\/strong>\u00a0\u0110\u00e1 Granite \u0110\u1ecf Trung M\u1ecbn c\u00f3 \u0111\u1ed9 c\u1ee9ng cao, ch\u1ecbu \u0111\u01b0\u1ee3c l\u1ef1c t\u00e1c \u0111\u1ed9ng m\u1ea1nh n\u00ean r\u1ea5t ph\u00f9 h\u1ee3p \u0111\u1ec3 \u1ed1p l\u00e1t c\u1ea7u thang.<\/li>\n<li data-sourcepos=\"34:1-35:0\"><strong>Tiling the kitchen table, desk, kitchen island:<\/strong> Granite \u0110\u1ecf Trung M\u1ecbn c\u00f3 kh\u1ea3 n\u0103ng ch\u1ed1ng th\u1ea5m, ch\u1ed1ng tr\u1ea7y x\u01b0\u1edbc t\u1ed1t n\u00ean r\u1ea5t ph\u00f9 h\u1ee3p \u0111\u1ec3 \u1ed1p l\u00e1t b\u00e0n b\u1ebfp, b\u00e0n \u0111\u1ea3o b\u1ebfp.<\/li>\n<\/ul>\n<h2><strong>C\u00f4ng tr\u00ecnh th\u1ef1c t\u1ebf s\u1eed d\u1ee5ng \u0110\u00e1 Granite \u0110\u1ecf Trung M\u1ecbn do Royal Stone th\u1ef1c hi\u1ec7n<\/strong><\/h2>\n<p>Granite \u0110\u1ecf Trung M\u1ecbn d\u00f9ng \u0111\u1ec3 \u1ed1p b\u00e0n b\u1ebfp<\/p>\n<p>Granite \u0110\u1ecf Trung M\u1ecbn d\u00f9ng \u0111\u1ec3 \u1ed1p b\u00e0n <b><a href=\"https:\/\/royalstone.com.vn\/en\/lavabo-rua-mat-bang-da-ua-chuong-nhat-hien-nay\/\">lavabo<\/a><\/b><\/p>\n<h3><strong>Contact information Royal Stone<\/strong><\/h3>\n<p><strong>COMPANY LIMITED ROYAL STONE<\/strong><\/p>\n<p>\u260e Hotline: 0963 689 531<\/p>\n<p>\ud83c\udfe0 Office : 283 Tay Mo Ward, Dai Mo ward, Nam tu Liem district, Ha Noi City.<\/p>\n<p>\ud83c\udfe0 Factory: the 10 Yen The town, Luc Yen district, Yen Bai province<\/p>\n<p>\ud83c\udfe0 Warehouse Ha Noi: Lane 24, Dai Mo, tu Liem, Ha Noi (falling edge 4 Van Phuc, Ha Dong)<\/p>\n<p>\ud83c\udf10 Website:\u00a0<a href=\"https:\/\/royalstone.com.vn\/en\/\">www.royalstone.com.vn<\/a><\/p>\n<h3 class=\"ftwp-heading\"><strong>Connect with Royal Stone<\/strong><\/h3>\n<div class=\"textwidget custom-html-widget\">\n<div class=\"textwidget custom-html-widget\">\n<div><a href=\"https:\/\/www.youtube.com\/@royalstone-datunhiencaocap\" target=\"_blank\" rel=\"noopener nofollow\"><img decoding=\"async\" class=\"entered lazyloaded\" title=\"ROYAL STONE - natural Stone premium\" src=\"http:\/\/royalstone.com.vn\/wp-content\/uploads\/2023\/11\/youtube-royalstone.jpg\" alt=\"ROYAL STONE - natural Stone premium\" width=\"30\" height=\"30\" data-lazy-src=\"http:\/\/royalstone.com.vn\/wp-content\/uploads\/2023\/11\/youtube-royalstone.jpg\" data-ll-status=\"loaded\" data-lazy-=\"\" \/><\/a><a href=\"https:\/\/www.facebook.com\/RoyalstoneDaTuNhienCaoCap\" target=\"_blank\" rel=\"noopener nofollow\"><img decoding=\"async\" class=\"entered lazyloaded\" title=\"ROYAL STONE - natural Stone premium\" src=\"http:\/\/royalstone.com.vn\/wp-content\/uploads\/2023\/11\/facebook-royalstone.jpg\" alt=\"ROYAL STONE - natural Stone premium\" width=\"30\" height=\"30\" data-lazy-src=\"http:\/\/royalstone.com.vn\/wp-content\/uploads\/2023\/11\/facebook-royalstone.jpg\" data-ll-status=\"loaded\" data-lazy-=\"\" \/><\/a><a href=\"https:\/\/twitter.com\/royalstonedatn\" target=\"_blank\" rel=\"noopener nofollow\"><img decoding=\"async\" class=\"entered lazyloaded\" title=\"ROYAL STONE - natural Stone premium\" src=\"http:\/\/royalstone.com.vn\/wp-content\/uploads\/2023\/11\/twitter-royalstone.jpg\" alt=\"ROYAL STONE - natural Stone premium\" width=\"30\" height=\"30\" data-lazy-src=\"http:\/\/royalstone.com.vn\/wp-content\/uploads\/2023\/11\/twitter-royalstone.jpg\" data-ll-status=\"loaded\" data-lazy-=\"\" \/><\/a><a href=\"https:\/\/www.pinterest.com\/royalstonedatunhiencaocap\/\" target=\"_blank\" rel=\"noopener nofollow\"><img decoding=\"async\" class=\"entered lazyloaded\" title=\"ROYAL STONE - natural Stone premium\" src=\"http:\/\/royalstone.com.vn\/wp-content\/uploads\/2023\/11\/printerest-royalstone.jpg\" alt=\"ROYAL STONE - natural Stone premium\" width=\"30\" height=\"30\" data-lazy-src=\"http:\/\/royalstone.com.vn\/wp-content\/uploads\/2023\/11\/printerest-royalstone.jpg\" data-ll-status=\"loaded\" data-lazy-=\"\" \/><\/a><a href=\"https:\/\/www.linkedin.com\/in\/royalstone-datunhien\/\" target=\"_blank\" rel=\"noopener nofollow\"><img decoding=\"async\" class=\"entered lazyloaded\" title=\"ROYAL STONE - natural Stone premium\" src=\"http:\/\/royalstone.com.vn\/wp-content\/uploads\/2023\/11\/linkedin-royalstone.jpg\" alt=\"ROYAL STONE - natural Stone premium\" width=\"30\" height=\"30\" data-lazy-src=\"http:\/\/royalstone.com.vn\/wp-content\/uploads\/2023\/11\/linkedin-royalstone.jpg\" data-ll-status=\"loaded\" data-lazy-=\"\" \/><\/a><\/div>\n<\/div>\n<\/div>","protected":false},"excerpt":{"rendered":"<ul class=\"l pr-des-featured\">\n<li>MSP: RSGDTM2023<\/li>\n<li>Place of origin: China<\/li>\n<li>Color: Red<\/li>\n<li>Type of stone: Granite<\/li>\n<li>Size: Not fixed<\/li>\n<li>Thickness: 1.8 Cm<\/li>\n<\/ul>","protected":false},"featured_media":675,"comment_status":"closed","ping_status":"closed","template":"","meta":{"inline_featured_image":false},"product_cat":[23,25],"product_tag":[],"class_list":{"0":"post-673","1":"product","2":"type-product","3":"status-publish","4":"has-post-thumbnail","6":"product_cat-da-granite","7":"product_cat-da-granite-gia-re","9":"first","10":"instock","11":"shipping-taxable","12":"product-type-simple"},"_links":{"self":[{"href":"https:\/\/royalstone.com.vn\/en\/wp-json\/wp\/v2\/product\/673","targetHints":{"allow":["GET"]}}],"collection":[{"href":"https:\/\/royalstone.com.vn\/en\/wp-json\/wp\/v2\/product"}],"about":[{"href":"https:\/\/royalstone.com.vn\/en\/wp-json\/wp\/v2\/types\/product"}],"replies":[{"embeddable":true,"href":"https:\/\/royalstone.com.vn\/en\/wp-json\/wp\/v2\/comments?post=673"}],"wp:featuredmedia":[{"embeddable":true,"href":"https:\/\/royalstone.com.vn\/en\/wp-json\/wp\/v2\/media\/675"}],"wp:attachment":[{"href":"https:\/\/royalstone.com.vn\/en\/wp-json\/wp\/v2\/media?parent=673"}],"wp:term":[{"taxonomy":"product_cat","embeddable":true,"href":"https:\/\/royalstone.com.vn\/en\/wp-json\/wp\/v2\/product_cat?post=673"},{"taxonomy":"product_tag","embeddable":true,"href":"https:\/\/royalstone.com.vn\/en\/wp-json\/wp\/v2\/product_tag?post=673"}],"curies":[{"name":"wp","href":"https:\/\/api.w.org\/{rel}","templated":true}]}}