{"id":670,"date":"2023-11-23T14:58:47","date_gmt":"2023-11-23T14:58:47","guid":{"rendered":"http:\/\/royalstone.com.vn\/?post_type=product&#038;p=670"},"modified":"2023-11-23T15:03:07","modified_gmt":"2023-11-23T15:03:07","slug":"da-granite-coit-black-gia-re","status":"publish","type":"product","link":"https:\/\/royalstone.com.vn\/en\/da-granite-coit-black-gia-re\/","title":{"rendered":"\u0110\u00e1 Granite Coit Black gi\u00e1 r\u1ebb"},"content":{"rendered":"<p data-sourcepos=\"5:1-5:303\"><a href=\"http:\/\/royalstone.com.vn\/en\/da-granite-coit-black-gia-re\/\"><em><strong>\u0110\u00e1 Granite Coit Black gi\u00e1 r\u1ebb<\/strong><\/em><\/a> l\u00e0 m\u1ed9t lo\u1ea1i \u0111\u00e1 hoa c\u01b0\u01a1ng t\u1ef1 nhi\u00ean c\u00f3 ngu\u1ed3n g\u1ed1c t\u1eeb Vi\u1ec7t Nam. \u0110\u00e1 c\u00f3 m\u00e0u \u0111en ch\u1ee7 \u0111\u1ea1o v\u1edbi nh\u1eefng ch\u1ea5m tr\u1eafng nh\u1ecf li ti t\u1ea1o n\u00ean v\u1ebb \u0111\u1eb9p sang tr\u1ecdng, tinh t\u1ebf. \u0110\u00e1 \u0111\u01b0\u1ee3c \u1ee9ng d\u1ee5ng r\u1ed9ng r\u00e3i trong c\u00e1c h\u1ea1ng m\u1ee5c \u1ed1p l\u00e1t trong nh\u00e0 v\u00e0 ngo\u00e0i tr\u1eddi, mang \u0111\u1ebfn v\u1ebb \u0111\u1eb9p hi\u1ec7n \u0111\u1ea1i v\u00e0 b\u1ec1n b\u1ec9 cho kh\u00f4ng gian s\u1ed1ng.<\/p>\n<h2 data-sourcepos=\"7:1-7:12\"><strong>\u0110\u00e1 Granite Coit Black gi\u00e1 r\u1ebb l\u00e0 g\u00ec?<\/strong><\/h2>\n<h3 data-sourcepos=\"9:1-9:49\"><strong>\u0110\u1eb7c \u0111i\u1ec3m n\u1ed5i b\u1eadt c\u1ee7a \u0110\u00e1 Granite Coit Black gi\u00e1 r\u1ebb<\/strong><\/h3>\n<ul data-sourcepos=\"11:1-16:0\">\n<li data-sourcepos=\"11:1-11:215\"><strong>Color:<\/strong>\u00a0\u0110\u00e1 c\u00f3 m\u00e0u \u0111en ch\u1ee7 \u0111\u1ea1o v\u1edbi nh\u1eefng ch\u1ea5m tr\u1eafng nh\u1ecf li ti t\u1ea1o n\u00ean v\u1ebb \u0111\u1eb9p sang tr\u1ecdng, tinh t\u1ebf. M\u00e0u \u0111en c\u1ee7a \u0111\u00e1 mang \u0111\u1ebfn c\u1ea3m gi\u00e1c tr\u1ea7m \u1ea5m, sang tr\u1ecdng, ph\u00f9 h\u1ee3p v\u1edbi nhi\u1ec1u phong c\u00e1ch thi\u1ebft k\u1ebf n\u1ed9i th\u1ea5t kh\u00e1c nhau.<\/li>\n<li data-sourcepos=\"12:1-12:200\"><strong>Hardness:<\/strong>\u00a0\u0110\u00e1 c\u00f3 \u0111\u1ed9 c\u1ee9ng cao, ch\u1ecbu \u0111\u01b0\u1ee3c l\u1ef1c t\u00e1c \u0111\u1ed9ng m\u1ea1nh, ch\u1ed1ng tr\u1ea7y x\u01b0\u1edbc t\u1ed1t. \u0110\u1ed9 c\u1ee9ng cao gi\u00fap \u0111\u00e1 c\u00f3 kh\u1ea3 n\u0103ng ch\u1ed1ng ch\u1ecbu t\u00e1c \u0111\u1ed9ng c\u1ee7a ngo\u1ea1i l\u1ef1c, ch\u1ed1ng tr\u1ea7y x\u01b0\u1edbc, b\u1ea3o v\u1ec7 b\u1ec1 m\u1eb7t \u0111\u00e1 lu\u00f4n s\u00e1ng b\u00f3ng.<\/li>\n<li data-sourcepos=\"13:1-13:177\"><strong>Waterproofing ability:<\/strong>\u00a0\u0110\u00e1 c\u00f3 kh\u1ea3 n\u0103ng ch\u1ed1ng th\u1ea5m t\u1ed1t, kh\u00f4ng b\u1ecb \u1ea9m m\u1ed1c, r\u00eau m\u1ed1c. Kh\u1ea3 n\u0103ng ch\u1ed1ng th\u1ea5m t\u1ed1t gi\u00fap \u0111\u00e1 h\u1ea1n ch\u1ebf b\u1ecb th\u1ea5m n\u01b0\u1edbc, \u1ea9m m\u1ed1c, r\u00eau m\u1ed1c, \u0111\u1ea3m b\u1ea3o \u0111\u1ed9 b\u1ec1n cho \u0111\u00e1.<\/li>\n<li data-sourcepos=\"14:1-14:204\"><strong>Heat resistant:<\/strong>\u00a0\u0110\u00e1 c\u00f3 kh\u1ea3 n\u0103ng ch\u1ecbu nhi\u1ec7t t\u1ed1t, kh\u00f4ng b\u1ecb bi\u1ebfn d\u1ea1ng khi ti\u1ebfp x\u00fac v\u1edbi nhi\u1ec7t \u0111\u1ed9 cao. Kh\u1ea3 n\u0103ng ch\u1ecbu nhi\u1ec7t t\u1ed1t gi\u00fap \u0111\u00e1 an to\u00e0n khi s\u1eed d\u1ee5ng trong c\u00e1c h\u1ea1ng m\u1ee5c \u1ed1p l\u00e1t b\u1ebfp, ph\u00f2ng t\u1eafm,&#8230;<\/li>\n<li data-sourcepos=\"15:1-16:0\"><strong>Ability hygiene:<\/strong>\u00a0\u0110\u00e1 d\u1ec5 d\u00e0ng v\u1ec7 sinh, lau ch\u00f9i. B\u1ec1 m\u1eb7t \u0111\u00e1 nh\u1eb5n b\u00f3ng, kh\u00f4ng c\u00f3 c\u00e1c l\u1ed7 r\u1ed7ng n\u00ean d\u1ec5 d\u00e0ng v\u1ec7 sinh, lau ch\u00f9i.<\/li>\n<\/ul>\n<figure id=\"attachment_671\" aria-describedby=\"caption-attachment-671\" style=\"width: 575px\" class=\"wp-caption aligncenter\"><img decoding=\"async\" class=\"wp-image-671 size-full\" title=\"Granite Coit Black\" src=\"http:\/\/royalstone.com.vn\/wp-content\/uploads\/2023\/11\/da-granite-coit-black-gia-re.jpg\" alt=\"Granite Coit Black\" width=\"575\" height=\"321\" \/><figcaption id=\"caption-attachment-671\" class=\"wp-caption-text\"><b><a href=\"https:\/\/royalstone.com.vn\/en\/da-granite-3-cm-la-lua-chon-hoan-hao\/\">Granite<\/a><\/b> Coit Black<\/figcaption><\/figure>\n<h3 data-sourcepos=\"17:1-17:41\"><strong>\u1ee8ng d\u1ee5ng c\u1ee7a \u0110\u00e1 Granite Coit Black gi\u00e1 r\u1ebb<\/strong><\/h3>\n<p data-sourcepos=\"19:1-19:99\"><a href=\"http:\/\/royalstone.com.vn\/en\/da-granite\/\"><em><strong>Granite<\/strong><\/em><\/a> Coit Black \u0111\u01b0\u1ee3c \u1ee9ng d\u1ee5ng r\u1ed9ng r\u00e3i trong c\u00e1c h\u1ea1ng m\u1ee5c \u1ed1p l\u00e1t c\u00f4ng tr\u00ecnh trong nh\u00e0 v\u00e0 ngo\u00e0i tr\u1eddi nh\u01b0:<\/p>\n<ul data-sourcepos=\"21:1-28:0\">\n<li data-sourcepos=\"21:1-21:188\"><strong>Tiling facades:<\/strong>\u00a0\u0110\u00e1 c\u00f3 m\u00e0u s\u1eafc sang tr\u1ecdng, tinh t\u1ebf n\u00ean \u0111\u01b0\u1ee3c nhi\u1ec1u ng\u01b0\u1eddi l\u1ef1a ch\u1ecdn \u0111\u1ec3 \u1ed1p l\u00e1t m\u1eb7t ti\u1ec1n nh\u00e0. \u0110\u00e1 gi\u00fap t\u0103ng t\u00ednh th\u1ea9m m\u1ef9 cho c\u00f4ng tr\u00ecnh, t\u1ea1o \u0111i\u1ec3m nh\u1ea5n n\u1ed5i b\u1eadt cho m\u1eb7t ti\u1ec1n.<\/li>\n<li data-sourcepos=\"22:1-22:203\"><strong>Tiling the kitchen:<\/strong>\u00a0\u0110\u00e1 c\u00f3 kh\u1ea3 n\u0103ng ch\u1ed1ng th\u1ea5m, ch\u1ed1ng tr\u1ea7y x\u01b0\u1edbc t\u1ed1t n\u00ean r\u1ea5t ph\u00f9 h\u1ee3p \u0111\u1ec3 \u1ed1p l\u00e1t ph\u00f2ng b\u1ebfp. \u0110\u00e1 gi\u00fap b\u1ea3o v\u1ec7 t\u01b0\u1eddng b\u1ebfp kh\u1ecfi b\u1ecb th\u1ea5m n\u01b0\u1edbc, \u1ea9m m\u1ed1c, r\u00eau m\u1ed1c, \u0111\u1ea3m b\u1ea3o an to\u00e0n cho ng\u01b0\u1eddi s\u1eed d\u1ee5ng.<\/li>\n<li data-sourcepos=\"23:1-23:193\"><strong>Bathroom tiling:<\/strong>\u00a0\u0110\u00e1 c\u00f3 kh\u1ea3 n\u0103ng ch\u1ed1ng th\u1ea5m, ch\u1ed1ng \u1ea9m m\u1ed1c t\u1ed1t n\u00ean r\u1ea5t ph\u00f9 h\u1ee3p \u0111\u1ec3 \u1ed1p l\u00e1t ph\u00f2ng t\u1eafm. \u0110\u00e1 gi\u00fap t\u1ea1o kh\u00f4ng gian s\u1ea1ch s\u1ebd, tho\u00e1ng m\u00e1t, h\u1ea1n ch\u1ebf s\u1ef1 ph\u00e1t tri\u1ec3n c\u1ee7a vi khu\u1ea9n, n\u1ea5m m\u1ed1c.<\/li>\n<li data-sourcepos=\"24:1-24:198\"><strong>Tiling stairs:<\/strong>\u00a0\u0110\u00e1 c\u00f3 \u0111\u1ed9 c\u1ee9ng cao, ch\u1ecbu \u0111\u01b0\u1ee3c l\u1ef1c t\u00e1c \u0111\u1ed9ng m\u1ea1nh n\u00ean r\u1ea5t ph\u00f9 h\u1ee3p \u0111\u1ec3 \u1ed1p l\u00e1t c\u1ea7u thang. \u0110\u00e1 gi\u00fap b\u1ea3o v\u1ec7 b\u1eadc c\u1ea7u thang kh\u1ecfi b\u1ecb tr\u1ea7y x\u01b0\u1edbc, n\u1ee9t v\u1ee1, \u0111\u1ea3m b\u1ea3o an to\u00e0n cho ng\u01b0\u1eddi s\u1eed d\u1ee5ng.<\/li>\n<li data-sourcepos=\"25:1-25:216\"><strong>Tiling the kitchen table, desk, kitchen island:<\/strong>\u00a0\u0110\u00e1 c\u00f3 kh\u1ea3 n\u0103ng ch\u1ed1ng th\u1ea5m, ch\u1ed1ng tr\u1ea7y x\u01b0\u1edbc t\u1ed1t n\u00ean r\u1ea5t ph\u00f9 h\u1ee3p \u0111\u1ec3 \u1ed1p l\u00e1t b\u00e0n b\u1ebfp, b\u00e0n \u0111\u1ea3o b\u1ebfp. \u0110\u00e1 gi\u00fap b\u1ea3o v\u1ec7 m\u1eb7t b\u00e0n kh\u1ecfi b\u1ecb th\u1ea5m n\u01b0\u1edbc, \u1ea9m m\u1ed1c, r\u00eau m\u1ed1c, \u0111\u1ea3m b\u1ea3o \u0111\u1ed9 b\u1ec1n cho m\u1eb7t b\u00e0n.<\/li>\n<li data-sourcepos=\"26:1-26:200\"><strong>\u1ed0p l\u00e1t b\u1eadc tam c\u1ea5p:<\/strong>\u00a0\u0110\u00e1 c\u00f3 \u0111\u1ed9 c\u1ee9ng cao, ch\u1ecbu \u0111\u01b0\u1ee3c l\u1ef1c t\u00e1c \u0111\u1ed9ng m\u1ea1nh n\u00ean r\u1ea5t ph\u00f9 h\u1ee3p \u0111\u1ec3 \u1ed1p l\u00e1t b\u1eadc tam c\u1ea5p. \u0110\u00e1 gi\u00fap b\u1ea3o v\u1ec7 b\u1eadc tam c\u1ea5p kh\u1ecfi b\u1ecb tr\u1ea7y x\u01b0\u1edbc, n\u1ee9t v\u1ee1, \u0111\u1ea3m b\u1ea3o an to\u00e0n cho ng\u01b0\u1eddi s\u1eed d\u1ee5ng.<\/li>\n<li data-sourcepos=\"27:1-28:0\"><strong>\u1ed0p l\u00e1t s\u00e2n v\u01b0\u1eddn, h\u1ed3 b\u01a1i:<\/strong>\u00a0\u0110\u00e1 c\u00f3 kh\u1ea3 n\u0103ng ch\u1ed1ng th\u1ea5m, ch\u1ed1ng \u1ea9m m\u1ed1c t\u1ed1t n\u00ean r\u1ea5t ph\u00f9 h\u1ee3p \u0111\u1ec3 \u1ed1p l\u00e1t s\u00e2n v\u01b0\u1eddn, h\u1ed3 b\u01a1i. \u0110\u00e1 gi\u00fap t\u1ea1o kh\u00f4ng gian sang tr\u1ecdng, hi\u1ec7n \u0111\u1ea1i, h\u1ea1n ch\u1ebf s\u1ef1 ph\u00e1t tri\u1ec3n c\u1ee7a vi khu\u1ea9n, n\u1ea5m m\u1ed1c.<\/li>\n<\/ul>\n<h2><strong>C\u00f4ng tr\u00ecnh th\u1ef1c t\u1ebf s\u1eed d\u1ee5ng \u0110\u00e1 Granite Coit Black gi\u00e1 r\u1ebb do Royal Stone th\u1ef1c hi\u1ec7n<\/strong><\/h2>\n<p>Granite Coit Black d\u00f9ng \u0111\u1ec3 \u1ed1p b\u00e0n b\u1ebfp<\/p>\n<p>Granite Coit Black d\u00f9ng \u0111\u1ec3 \u1ed1p b\u00e0n <b><a href=\"https:\/\/royalstone.com.vn\/en\/lavabo-rua-mat-bang-da-ua-chuong-nhat-hien-nay\/\">lavabo<\/a><\/b><\/p>\n<h3><strong>Contact information Royal Stone<\/strong><\/h3>\n<p><strong>COMPANY LIMITED ROYAL STONE<\/strong><\/p>\n<p>\u260e Hotline: 0963 689 531<\/p>\n<p>\ud83c\udfe0 Office : 283 Tay Mo Ward, Dai Mo ward, Nam tu Liem district, Ha Noi City.<\/p>\n<p>\ud83c\udfe0 Factory: the 10 Yen The town, Luc Yen district, Yen Bai province<\/p>\n<p>\ud83c\udfe0 Warehouse Ha Noi: Lane 24, Dai Mo, tu Liem, Ha Noi (falling edge 4 Van Phuc, Ha Dong)<\/p>\n<p>\ud83c\udf10 Website:\u00a0<a href=\"https:\/\/royalstone.com.vn\/en\/\">www.royalstone.com.vn<\/a><\/p>\n<h3 class=\"ftwp-heading\"><strong>Connect with Royal Stone<\/strong><\/h3>\n<div class=\"textwidget custom-html-widget\">\n<div class=\"textwidget custom-html-widget\">\n<div><a href=\"https:\/\/www.youtube.com\/@royalstone-datunhiencaocap\" target=\"_blank\" rel=\"noopener nofollow\"><img decoding=\"async\" class=\"entered lazyloaded\" title=\"ROYAL STONE - natural Stone premium\" src=\"http:\/\/royalstone.com.vn\/wp-content\/uploads\/2023\/11\/youtube-royalstone.jpg\" alt=\"ROYAL STONE - natural Stone premium\" width=\"30\" height=\"30\" data-lazy-src=\"http:\/\/royalstone.com.vn\/wp-content\/uploads\/2023\/11\/youtube-royalstone.jpg\" data-ll-status=\"loaded\" data-lazy-=\"\" \/><\/a><a href=\"https:\/\/www.facebook.com\/RoyalstoneDaTuNhienCaoCap\" target=\"_blank\" rel=\"noopener nofollow\"><img decoding=\"async\" class=\"entered lazyloaded\" title=\"ROYAL STONE - natural Stone premium\" src=\"http:\/\/royalstone.com.vn\/wp-content\/uploads\/2023\/11\/facebook-royalstone.jpg\" alt=\"ROYAL STONE - natural Stone premium\" width=\"30\" height=\"30\" data-lazy-src=\"http:\/\/royalstone.com.vn\/wp-content\/uploads\/2023\/11\/facebook-royalstone.jpg\" data-ll-status=\"loaded\" data-lazy-=\"\" \/><\/a><a href=\"https:\/\/twitter.com\/royalstonedatn\" target=\"_blank\" rel=\"noopener nofollow\"><img decoding=\"async\" class=\"entered lazyloaded\" title=\"ROYAL STONE - natural Stone premium\" src=\"http:\/\/royalstone.com.vn\/wp-content\/uploads\/2023\/11\/twitter-royalstone.jpg\" alt=\"ROYAL STONE - natural Stone premium\" width=\"30\" height=\"30\" data-lazy-src=\"http:\/\/royalstone.com.vn\/wp-content\/uploads\/2023\/11\/twitter-royalstone.jpg\" data-ll-status=\"loaded\" data-lazy-=\"\" \/><\/a><a href=\"https:\/\/www.pinterest.com\/royalstonedatunhiencaocap\/\" target=\"_blank\" rel=\"noopener nofollow\"><img decoding=\"async\" class=\"entered lazyloaded\" title=\"ROYAL STONE - natural Stone premium\" src=\"http:\/\/royalstone.com.vn\/wp-content\/uploads\/2023\/11\/printerest-royalstone.jpg\" alt=\"ROYAL STONE - natural Stone premium\" width=\"30\" height=\"30\" data-lazy-src=\"http:\/\/royalstone.com.vn\/wp-content\/uploads\/2023\/11\/printerest-royalstone.jpg\" data-ll-status=\"loaded\" data-lazy-=\"\" \/><\/a><a href=\"https:\/\/www.linkedin.com\/in\/royalstone-datunhien\/\" target=\"_blank\" rel=\"noopener nofollow\"><img decoding=\"async\" class=\"entered lazyloaded\" title=\"ROYAL STONE - natural Stone premium\" src=\"http:\/\/royalstone.com.vn\/wp-content\/uploads\/2023\/11\/linkedin-royalstone.jpg\" alt=\"ROYAL STONE - natural Stone premium\" width=\"30\" height=\"30\" data-lazy-src=\"http:\/\/royalstone.com.vn\/wp-content\/uploads\/2023\/11\/linkedin-royalstone.jpg\" data-ll-status=\"loaded\" data-lazy-=\"\" \/><\/a><\/div>\n<\/div>\n<\/div>","protected":false},"excerpt":{"rendered":"<ul class=\"l pr-des-featured\">\n<li>MSP: RSGCB22023<\/li>\n<li>Place of origin: India<\/li>\n<li>Color: Black<\/li>\n<li>Type of stone: Granite<\/li>\n<li>Size: large<\/li>\n<li>Thickness: 1.8 Cm<\/li>\n<\/ul>","protected":false},"featured_media":671,"comment_status":"closed","ping_status":"closed","template":"","meta":{"inline_featured_image":false},"product_cat":[23,25],"product_tag":[],"class_list":{"0":"post-670","1":"product","2":"type-product","3":"status-publish","4":"has-post-thumbnail","6":"product_cat-da-granite","7":"product_cat-da-granite-gia-re","9":"first","10":"instock","11":"shipping-taxable","12":"product-type-simple"},"_links":{"self":[{"href":"https:\/\/royalstone.com.vn\/en\/wp-json\/wp\/v2\/product\/670","targetHints":{"allow":["GET"]}}],"collection":[{"href":"https:\/\/royalstone.com.vn\/en\/wp-json\/wp\/v2\/product"}],"about":[{"href":"https:\/\/royalstone.com.vn\/en\/wp-json\/wp\/v2\/types\/product"}],"replies":[{"embeddable":true,"href":"https:\/\/royalstone.com.vn\/en\/wp-json\/wp\/v2\/comments?post=670"}],"wp:featuredmedia":[{"embeddable":true,"href":"https:\/\/royalstone.com.vn\/en\/wp-json\/wp\/v2\/media\/671"}],"wp:attachment":[{"href":"https:\/\/royalstone.com.vn\/en\/wp-json\/wp\/v2\/media?parent=670"}],"wp:term":[{"taxonomy":"product_cat","embeddable":true,"href":"https:\/\/royalstone.com.vn\/en\/wp-json\/wp\/v2\/product_cat?post=670"},{"taxonomy":"product_tag","embeddable":true,"href":"https:\/\/royalstone.com.vn\/en\/wp-json\/wp\/v2\/product_tag?post=670"}],"curies":[{"name":"wp","href":"https:\/\/api.w.org\/{rel}","templated":true}]}}