{"id":667,"date":"2023-11-23T14:50:23","date_gmt":"2023-11-23T14:50:23","guid":{"rendered":"http:\/\/royalstone.com.vn\/?post_type=product&#038;p=667"},"modified":"2024-03-16T09:15:57","modified_gmt":"2024-03-16T02:15:57","slug":"da-granite-coffee-brown","status":"publish","type":"product","link":"https:\/\/royalstone.com.vn\/en\/da-granite-coffee-brown\/","title":{"rendered":"Granite Coffee Brown"},"content":{"rendered":"<h2><strong>T\u1ed5ng Quan v\u1ec1 \u0110\u00e1 Granite Coffee Brown<\/strong><\/h2>\n<p><a href=\"http:\/\/royalstone.com.vn\/en\/da-granite-coffee-brown\/\"><em><strong>Granite Coffee Brown<\/strong><\/em><\/a> l\u00e0 m\u1ed9t l\u1ef1a ch\u1ecdn tuy\u1ec7t v\u1eddi cho nh\u1eefng ai y\u00eau th\u00edch s\u1ef1 sang tr\u1ecdng v\u00e0 \u0111\u1eb3ng c\u1ea5p trong trang tr\u00ed n\u1ed9i th\u1ea5t. V\u1edbi m\u00e0u s\u1eafc \u1ea5n t\u01b0\u1ee3ng v\u00e0 \u0111\u1ed9 b\u00f3ng t\u1ef1 nhi\u00ean, s\u1ea3n ph\u1ea9m n\u00e0y kh\u00f4ng ch\u1ec9 l\u00e0 s\u1ef1 l\u1ef1a ch\u1ecdn ho\u00e0n h\u1ea3o cho vi\u1ec7c \u1ed1p l\u00e1t n\u1ec1n nh\u00e0, m\u00e0 c\u00f2n l\u00e0 \u0111i\u1ec3m nh\u1ea5n n\u1ed5i b\u1eadt trong kh\u00f4ng gian s\u1ed1ng.<\/p>\n<h3><strong>Ch\u1ea5t L\u01b0\u1ee3ng v\u00e0 \u0110\u1ed9 B\u1ec1n<\/strong><\/h3>\n<p><b><a href=\"https:\/\/royalstone.com.vn\/en\/da-granite-3-cm-la-lua-chon-hoan-hao\/\">Granite<\/a><\/b> Coffee Brown l\u00e0 s\u1ea3n ph\u1ea9m c\u00f3 ngu\u1ed3n g\u1ed1c t\u1eeb t\u1ef1 nhi\u00ean, \u0111\u1ea3m b\u1ea3o ch\u1ea5t l\u01b0\u1ee3ng v\u00e0 \u0111\u1ed9 b\u1ec1n cao. V\u1edbi kh\u1ea3 n\u0103ng ch\u1ed1ng tr\u1ea7y x\u01b0\u1edbc v\u00e0 ch\u1ed1ng \u1ea9m t\u1ed1t, n\u00f3 l\u00e0 s\u1ef1 l\u1ef1a ch\u1ecdn l\u00fd t\u01b0\u1edfng cho c\u1ea3 kh\u00f4ng gian ngo\u1ea1i th\u1ea5t v\u00e0 n\u1ed9i th\u1ea5t.<\/p>\n<figure id=\"attachment_668\" aria-describedby=\"caption-attachment-668\" style=\"width: 549px\" class=\"wp-caption aligncenter\"><img decoding=\"async\" class=\"wp-image-668 size-full\" title=\"Granite Coffee Brown\" src=\"http:\/\/royalstone.com.vn\/wp-content\/uploads\/2023\/11\/da-granite-coffee-brown.jpg\" alt=\"Granite Coffee Brown\" width=\"549\" height=\"448\" \/><figcaption id=\"caption-attachment-668\" class=\"wp-caption-text\">Granite Coffee Brown<\/figcaption><\/figure>\n<h3><strong>M\u00e0u S\u1eafc \u0110\u1eb7c Tr\u01b0ng<\/strong><\/h3>\n<p>M\u00e0u s\u1eafc ch\u1ee7 \u0111\u1ea1o c\u1ee7a \u0110\u00e1 Granite Coffee Brown mang \u0111\u1ebfn kh\u00f4ng gian \u1ea5m c\u00fang v\u00e0 trang nh\u00e3. T\u00f4ng m\u00e0u n\u00e2u c\u00e0 ph\u00ea c\u1ed5 \u0111i\u1ec3n k\u1ebft h\u1ee3p v\u1edbi c\u00e1c \u0111\u01b0\u1eddng v\u00e2n t\u1ef1 nhi\u00ean t\u1ea1o n\u00ean m\u1ed9t s\u1ef1 h\u00f2a quy\u1ec7n tuy\u1ec7t v\u1eddi, l\u00e0m cho m\u1ecdi c\u0103n ph\u00f2ng tr\u1edf n\u00ean \u1ea5n t\u01b0\u1ee3ng v\u00e0 sang tr\u1ecdng.<\/p>\n<h3><strong>\u1ee8ng D\u1ee5ng R\u1ed9ng R\u00e3i<\/strong><\/h3>\n<p>S\u1ef1 linh ho\u1ea1t c\u1ee7a \u0110\u00e1 Granite Coffee Brown kh\u00f4ng ch\u1ec9 gi\u1edbi h\u1ea1n trong vi\u1ec7c \u1ed1p l\u00e1t n\u1ec1n nh\u00e0. N\u00f3 c\u00f2n ph\u00f9 h\u1ee3p cho vi\u1ec7c l\u00e0m <b><a href=\"https:\/\/royalstone.com.vn\/en\/ban-an-net-dep-sang-trong-cho-khong-gian-bep\/\">b\u00e0n \u0103n<\/a><\/b>, b\u00e0n l\u00e0m vi\u1ec7c, ho\u1eb7c th\u1eadm ch\u00ed l\u00e0m c\u00e1c t\u00e1c ph\u1ea9m ngh\u1ec7 thu\u1eadt trang tr\u00ed. \u0110\u00e1 Granite Coffee Brown s\u1ebd l\u00e0m n\u1ed5i b\u1eadt b\u1ea5t k\u1ef3 kh\u00f4ng gian n\u00e0o n\u00f3 xu\u1ea5t hi\u1ec7n.<\/p>\n<h3><strong>Ch\u0103m S\u00f3c D\u1ec5 D\u00e0ng<\/strong><\/h3>\n<p>V\u1edbi \u0111\u1eb7c t\u00ednh ch\u1ed1ng b\u00e1m b\u1ee5i v\u00e0 d\u1ec5 lau ch\u00f9i, vi\u1ec7c b\u1ea3o qu\u1ea3n v\u00e0 ch\u0103m s\u00f3c \u0110\u00e1 Granite Coffee Brown tr\u1edf n\u00ean \u0111\u01a1n gi\u1ea3n. M\u1ed7i vi\u00ean \u0111\u00e1 \u0111\u1ec1u \u0111\u01b0\u1ee3c x\u1eed l\u00fd ch\u1ed1ng n\u1ea5m m\u1ed1c v\u00e0 vi khu\u1ea9n, gi\u00fap b\u1ea3o v\u1ec7 s\u1ee9c kh\u1ecfe cho gia \u0111\u00ecnh b\u1ea1n.<\/p>\n<h3><strong>Ngu\u1ed3n G\u1ed1c T\u1ef1 Nhi\u00ean, S\u1ef1 Tinh T\u1ebf Trong T\u1eebng \u0110\u01b0\u1eddng N\u00e9t<\/strong><\/h3>\n<p><a href=\"http:\/\/royalstone.com.vn\/en\/da-granite\/\"><em><strong>Granite<\/strong><\/em><\/a> Coffee Brown kh\u00f4ng ch\u1ec9 l\u00e0 s\u1ea3n ph\u1ea9m, m\u00e0 c\u00f2n l\u00e0 bi\u1ec3u t\u01b0\u1ee3ng c\u1ee7a s\u1ef1 tinh t\u1ebf v\u00e0 \u0111\u1eb3ng c\u1ea5p trong trang tr\u00ed n\u1ed9i th\u1ea5t. H\u00e3y \u0111\u1ec3 s\u1ea3n ph\u1ea9m n\u00e0y k\u1ec3 l\u00ean c\u00e2u chuy\u1ec7n v\u1ec1 v\u1ebb \u0111\u1eb9p t\u1ef1 nhi\u00ean v\u00e0 s\u1ef1 sang tr\u1ecdng trong kh\u00f4ng gian s\u1ed1ng c\u1ee7a b\u1ea1n.<\/p>\n<p>Nh\u1eefng \u0111\u1eb7c t\u00ednh n\u1ed5i b\u1eadt c\u1ee7a \u0110\u00e1 Granite Coffee Brown l\u00e0m cho n\u00f3 tr\u1edf th\u00e0nh l\u1ef1a ch\u1ecdn h\u00e0ng \u0111\u1ea7u cho nh\u1eefng ng\u01b0\u1eddi \u0111ang t\u00ecm ki\u1ebfm s\u1ef1 \u0111\u1eb3ng c\u1ea5p v\u00e0 t\u00ednh th\u1ea9m m\u1ef9 trong trang tr\u00ed n\u1ed9i th\u1ea5t. V\u1edbi ch\u1ea5t l\u01b0\u1ee3ng \u0111\u1ec9nh cao v\u00e0 kh\u1ea3 n\u0103ng \u1ee9ng d\u1ee5ng r\u1ed9ng r\u00e3i, s\u1ea3n ph\u1ea9m n\u00e0y kh\u00f4ng ch\u1ec9 l\u00e0 v\u1eadt li\u1ec7u x\u00e2y d\u1ef1ng, m\u00e0 c\u00f2n l\u00e0 t\u00e1c ph\u1ea9m ngh\u1ec7 thu\u1eadt \u0111\u1ed9c \u0111\u00e1o trong ng\u00f4i nh\u00e0 c\u1ee7a b\u1ea1n.<\/p>\n<h2><strong>C\u00f4ng tr\u00ecnh th\u1ef1c t\u1ebf s\u1eed d\u1ee5ng \u0110\u00e1 Granite Coffee Brown do Royal Stone th\u1ef1c hi\u1ec7n<\/strong><\/h2>\n<p>Granite Coffee Brown d\u00f9ng \u0111\u1ec3 \u1ed1p b\u00e0n b\u1ebfp<\/p>\n<p>Granite Coffee Brown d\u00f9ng \u0111\u1ec3 \u1ed1p b\u00e0n <b><a href=\"https:\/\/royalstone.com.vn\/en\/lavabo-rua-mat-bang-da-ua-chuong-nhat-hien-nay\/\">lavabo<\/a><\/b><\/p>\n<h3><strong>Contact information Royal Stone<\/strong><\/h3>\n<p><strong>COMPANY LIMITED ROYAL STONE<\/strong><\/p>\n<p>\u260e Hotline: 0963 689 531<\/p>\n<p>? Trading office : 283 Tay Mo Ward, Dai Mo ward, Nam tu Liem district, Ha Noi City.<\/p>\n<p>? Factory: the 10 Yen The town, Luc Yen district, Yen Bai province<\/p>\n<p>? Warehouse Ha Noi: Lane 24, Dai Mo, tu Liem, Ha Noi (falling edge 4 Van Phuc, Ha Dong)<\/p>\n<p>? Website:\u00a0<a href=\"https:\/\/royalstone.com.vn\/en\/\">www.royalstone.com.vn<\/a><\/p>\n<h3 class=\"ftwp-heading\"><strong>Connect with Royal Stone<\/strong><\/h3>\n<div class=\"textwidget custom-html-widget\">\n<div class=\"textwidget custom-html-widget\">\n<div><a href=\"https:\/\/www.youtube.com\/@royalstone-datunhiencaocap\" target=\"_blank\" rel=\"noopener nofollow\"><img decoding=\"async\" class=\"entered lazyloaded\" title=\"ROYAL STONE - natural Stone premium\" src=\"http:\/\/royalstone.com.vn\/wp-content\/uploads\/2023\/11\/youtube-royalstone.jpg\" alt=\"ROYAL STONE - natural Stone premium\" width=\"30\" height=\"30\" data-lazy-src=\"http:\/\/royalstone.com.vn\/wp-content\/uploads\/2023\/11\/youtube-royalstone.jpg\" data-ll-status=\"loaded\" data-lazy-=\"\" \/><\/a><a href=\"https:\/\/www.facebook.com\/RoyalstoneDaTuNhienCaoCap\" target=\"_blank\" rel=\"noopener nofollow\"><img decoding=\"async\" class=\"entered lazyloaded\" title=\"ROYAL STONE - natural Stone premium\" src=\"http:\/\/royalstone.com.vn\/wp-content\/uploads\/2023\/11\/facebook-royalstone.jpg\" alt=\"ROYAL STONE - natural Stone premium\" width=\"30\" height=\"30\" data-lazy-src=\"http:\/\/royalstone.com.vn\/wp-content\/uploads\/2023\/11\/facebook-royalstone.jpg\" data-ll-status=\"loaded\" data-lazy-=\"\" \/><\/a><a href=\"https:\/\/twitter.com\/royalstonedatn\" target=\"_blank\" rel=\"noopener nofollow\"><img decoding=\"async\" class=\"entered lazyloaded\" title=\"ROYAL STONE - natural Stone premium\" src=\"http:\/\/royalstone.com.vn\/wp-content\/uploads\/2023\/11\/twitter-royalstone.jpg\" alt=\"ROYAL STONE - natural Stone premium\" width=\"30\" height=\"30\" data-lazy-src=\"http:\/\/royalstone.com.vn\/wp-content\/uploads\/2023\/11\/twitter-royalstone.jpg\" data-ll-status=\"loaded\" data-lazy-=\"\" \/><\/a><a href=\"https:\/\/www.pinterest.com\/royalstonedatunhiencaocap\/\" target=\"_blank\" rel=\"noopener nofollow\"><img decoding=\"async\" class=\"entered lazyloaded\" title=\"ROYAL STONE - natural Stone premium\" src=\"http:\/\/royalstone.com.vn\/wp-content\/uploads\/2023\/11\/printerest-royalstone.jpg\" alt=\"ROYAL STONE - natural Stone premium\" width=\"30\" height=\"30\" data-lazy-src=\"http:\/\/royalstone.com.vn\/wp-content\/uploads\/2023\/11\/printerest-royalstone.jpg\" data-ll-status=\"loaded\" data-lazy-=\"\" \/><\/a><a href=\"https:\/\/www.linkedin.com\/in\/royalstone-datunhien\/\" target=\"_blank\" rel=\"noopener nofollow\"><img decoding=\"async\" class=\"entered lazyloaded\" title=\"ROYAL STONE - natural Stone premium\" src=\"http:\/\/royalstone.com.vn\/wp-content\/uploads\/2023\/11\/linkedin-royalstone.jpg\" alt=\"ROYAL STONE - natural Stone premium\" width=\"30\" height=\"30\" data-lazy-src=\"http:\/\/royalstone.com.vn\/wp-content\/uploads\/2023\/11\/linkedin-royalstone.jpg\" data-ll-status=\"loaded\" data-lazy-=\"\" \/><\/a><\/div>\n<\/div>\n<\/div>","protected":false},"excerpt":{"rendered":"<ul class=\"l pr-des-featured\">\n<li>MSP: RSGCB22023<\/li>\n<li>Place of origin: India<\/li>\n<li>Color: Black<\/li>\n<li>Type of stone: Granite<\/li>\n<li>Size: small size<\/li>\n<li>Thickness: 1.8 Cm<\/li>\n<\/ul>","protected":false},"featured_media":668,"comment_status":"closed","ping_status":"closed","template":"","meta":{"inline_featured_image":false},"product_cat":[23,25],"product_tag":[],"class_list":{"0":"post-667","1":"product","2":"type-product","3":"status-publish","4":"has-post-thumbnail","6":"product_cat-da-granite","7":"product_cat-da-granite-gia-re","9":"first","10":"instock","11":"shipping-taxable","12":"product-type-simple"},"_links":{"self":[{"href":"https:\/\/royalstone.com.vn\/en\/wp-json\/wp\/v2\/product\/667","targetHints":{"allow":["GET"]}}],"collection":[{"href":"https:\/\/royalstone.com.vn\/en\/wp-json\/wp\/v2\/product"}],"about":[{"href":"https:\/\/royalstone.com.vn\/en\/wp-json\/wp\/v2\/types\/product"}],"replies":[{"embeddable":true,"href":"https:\/\/royalstone.com.vn\/en\/wp-json\/wp\/v2\/comments?post=667"}],"wp:featuredmedia":[{"embeddable":true,"href":"https:\/\/royalstone.com.vn\/en\/wp-json\/wp\/v2\/media\/668"}],"wp:attachment":[{"href":"https:\/\/royalstone.com.vn\/en\/wp-json\/wp\/v2\/media?parent=667"}],"wp:term":[{"taxonomy":"product_cat","embeddable":true,"href":"https:\/\/royalstone.com.vn\/en\/wp-json\/wp\/v2\/product_cat?post=667"},{"taxonomy":"product_tag","embeddable":true,"href":"https:\/\/royalstone.com.vn\/en\/wp-json\/wp\/v2\/product_tag?post=667"}],"curies":[{"name":"wp","href":"https:\/\/api.w.org\/{rel}","templated":true}]}}