{"id":649,"date":"2023-11-23T09:35:02","date_gmt":"2023-11-23T09:35:02","guid":{"rendered":"http:\/\/royalstone.com.vn\/?post_type=product&#038;p=649"},"modified":"2023-11-23T09:46:36","modified_gmt":"2023-11-23T09:46:36","slug":"da-granite-trang-van-go","status":"publish","type":"product","link":"https:\/\/royalstone.com.vn\/en\/da-granite-trang-van-go\/","title":{"rendered":"\u0110\u00e1 Granite Tr\u1eafng V\u00e2n G\u1ed7"},"content":{"rendered":"<h2 data-sourcepos=\"10:1-10:41\"><strong>\u0110\u00e1 Granite Tr\u1eafng V\u00e2n G\u1ed7 l\u00e0 g\u00ec?<\/strong><\/h2>\n<p data-sourcepos=\"12:1-12:238\"><a href=\"http:\/\/royalstone.com.vn\/en\/da-granite-trang-van-go\/\"><em><strong>\u0110\u00e1 Granite Tr\u1eafng V\u00e2n G\u1ed7<\/strong><\/em><\/a> l\u00e0 m\u1ed9t lo\u1ea1i \u0111\u00e1 hoa c\u01b0\u01a1ng t\u1ef1 nhi\u00ean c\u00f3 ngu\u1ed3n g\u1ed1c t\u1eeb c\u00e1c m\u1ecf \u0111\u00e1 t\u1ea1i Vi\u1ec7t Nam. \u0110\u00e1 c\u00f3 m\u00e0u tr\u1eafng ch\u1ee7 \u0111\u1ea1o v\u1edbi nh\u1eefng \u0111\u01b0\u1eddng v\u00e2n m\u00e0u x\u00e1m, \u0111en, n\u00e2u, \u0111\u1ecf,&#8230; xen k\u1ebd nhau t\u1ea1o n\u00ean v\u1ebb \u0111\u1eb9p sang tr\u1ecdng, tinh t\u1ebf.<\/p>\n<p data-sourcepos=\"12:1-12:238\"><b><a href=\"https:\/\/royalstone.com.vn\/en\/da-granite-3-cm-la-lua-chon-hoan-hao\/\">Granite<\/a><\/b> Tr\u1eafng V\u00e2n G\u1ed7 do xu\u1ea5t ph\u00e1t t\u1eeb l\u00f2ng \u0111\u1ea5t Vi\u1ec7t. N\u00ean kh\u00f4ng ch\u1ec9 \u0111\u01a1n thu\u1ea7n l\u00e0 tr\u1eafng tinh khi\u1ebft, m\u00e0 c\u00f2n k\u1ebft h\u1ee3p v\u1edbi nh\u1eefng \u0111\u01b0\u1eddng v\u00e2n m\u00e0u x\u00e1m u\u1ed1n l\u01b0\u1ee3n, t\u1ea1o n\u00ean b\u1ee9c tranh h\u00e0i h\u00f2a, \u1ea5n t\u01b0\u1ee3ng tr\u00ean b\u1ec1 m\u1eb7t \u0111\u00e1.<\/p>\n<h3 data-sourcepos=\"14:1-14:55\"><strong>\u0110\u1eb7c \u0111i\u1ec3m n\u1ed5i b\u1eadt c\u1ee7a \u0111\u00e1 Granite Tr\u1eafng V\u00e2n G\u1ed7<\/strong><\/h3>\n<ul data-sourcepos=\"16:1-21:0\">\n<li data-sourcepos=\"16:1-16:233\"><strong>Color:<\/strong>\u00a0\u0110\u00e1 c\u00f3 m\u00e0u tr\u1eafng ch\u1ee7 \u0111\u1ea1o v\u1edbi nh\u1eefng \u0111\u01b0\u1eddng v\u00e2n m\u00e0u x\u00e1m, \u0111en, n\u00e2u, \u0111\u1ecf,&#8230; xen k\u1ebd nhau t\u1ea1o n\u00ean v\u1ebb \u0111\u1eb9p sang tr\u1ecdng, tinh t\u1ebf. \u0110\u01b0\u1eddng v\u00e2n c\u1ee7a <b><a href=\"https:\/\/royalstone.com.vn\/en\/da-granite-den-ve-dep-tuyet-dinh-cho-khong-gian\/\">Granite<\/a><\/b> Tr\u1eafng V\u00e2n G\u1ed7 kh\u00f4ng theo m\u1ed9t quy lu\u1eadt n\u00e0o, t\u1ea1o n\u00ean v\u1ebb \u0111\u1eb9p t\u1ef1 nhi\u00ean, \u0111\u1ed9c \u0111\u00e1o.<\/li>\n<li data-sourcepos=\"17:1-17:190\"><strong>Hardness:<\/strong>\u00a0\u0110\u00e1 c\u00f3 \u0111\u1ed9 c\u1ee9ng cao, ch\u1ecbu \u0111\u01b0\u1ee3c l\u1ef1c t\u00e1c \u0111\u1ed9ng m\u1ea1nh, ch\u1ed1ng tr\u1ea7y x\u01b0\u1edbc t\u1ed1t. \u0110\u00e1 c\u00f3 \u0111\u1ed9 c\u1ee9ng 7 tr\u00ean thang Mohs, cao h\u01a1n nhi\u1ec1u so v\u1edbi c\u00e1c lo\u1ea1i \u0111\u00e1 t\u1ef1 nhi\u00ean kh\u00e1c nh\u01b0 <b><a href=\"https:\/\/royalstone.com.vn\/en\/da-marble-3-cm-san-pham-danh-cho-noi-that\/\">Marble<\/a><\/b>, \u0111\u00e1 Onyx,&#8230;<\/li>\n<li data-sourcepos=\"18:1-18:169\"><strong>Waterproofing ability:<\/strong>\u00a0\u0110\u00e1 c\u00f3 kh\u1ea3 n\u0103ng ch\u1ed1ng th\u1ea5m t\u1ed1t, kh\u00f4ng b\u1ecb \u1ea9m m\u1ed1c, r\u00eau m\u1ed1c. \u0110\u00e1 c\u00f3 c\u1ea5u tr\u00fac tinh th\u1ec3 v\u1eefng ch\u1eafc, kh\u00f4ng c\u00f3 c\u00e1c l\u1ed7 r\u1ed7ng n\u00ean n\u01b0\u1edbc kh\u00f3 c\u00f3 th\u1ec3 th\u1ea5m qua.<\/li>\n<li data-sourcepos=\"19:1-19:155\"><strong>Heat resistant:<\/strong>\u00a0\u0110\u00e1 c\u00f3 kh\u1ea3 n\u0103ng ch\u1ecbu nhi\u1ec7t t\u1ed1t, kh\u00f4ng b\u1ecb bi\u1ebfn d\u1ea1ng khi ti\u1ebfp x\u00fac v\u1edbi nhi\u1ec7t \u0111\u1ed9 cao. \u0110\u00e1 c\u00f3 th\u1ec3 ch\u1ecbu \u0111\u01b0\u1ee3c nhi\u1ec7t \u0111\u1ed9 l\u00ean \u0111\u1ebfn 1000 \u0111\u1ed9 C.<\/li>\n<li data-sourcepos=\"20:1-21:0\"><strong>Ability hygiene:<\/strong>\u00a0\u0110\u00e1 d\u1ec5 d\u00e0ng v\u1ec7 sinh, lau ch\u00f9i. \u0110\u00e1 c\u00f3 b\u1ec1 m\u1eb7t nh\u1eb5n b\u00f3ng, kh\u00f4ng b\u00e1m b\u1ee5i b\u1ea9n n\u00ean d\u1ec5 d\u00e0ng v\u1ec7 sinh b\u1eb1ng n\u01b0\u1edbc v\u00e0 kh\u0103n m\u1ec1m.<\/li>\n<\/ul>\n<figure id=\"attachment_651\" aria-describedby=\"caption-attachment-651\" style=\"width: 413px\" class=\"wp-caption alignnone\"><img decoding=\"async\" class=\"wp-image-651 size-full\" title=\"\u0110\u00e1 Granite Tr\u1eafng V\u00e2n G\u1ed7\" src=\"http:\/\/royalstone.com.vn\/wp-content\/uploads\/2023\/11\/da-granite-trang-van-go.jpg\" alt=\"\u0110\u00e1 Granite Tr\u1eafng V\u00e2n G\u1ed7\" width=\"413\" height=\"268\" \/><figcaption id=\"caption-attachment-651\" class=\"wp-caption-text\"><b><a href=\"https:\/\/royalstone.com.vn\/en\/da-granite-trang-ve-dep-thanh-lich\/\">White Granite<\/a><\/b> V\u00e2n G\u1ed7<\/figcaption><\/figure>\n<h3 data-sourcepos=\"22:1-22:47\"><strong>\u1ee8ng d\u1ee5ng c\u1ee7a \u0111\u00e1 Granite Tr\u1eafng V\u00e2n G\u1ed7<\/strong><\/h3>\n<p data-sourcepos=\"24:1-24:77\"><a href=\"http:\/\/royalstone.com.vn\/en\/da-granite\/\"><em><strong>Granite<\/strong><\/em><\/a> Tr\u1eafng V\u00e2n G\u1ed7 \u0111\u01b0\u1ee3c \u1ee9ng d\u1ee5ng r\u1ed9ng r\u00e3i trong c\u00e1c h\u1ea1ng m\u1ee5c \u1ed1p l\u00e1t:<\/p>\n<ul data-sourcepos=\"26:1-32:0\">\n<li data-sourcepos=\"26:1-26:187\"><strong>Tiling facades:<\/strong>\u00a0\u0110\u00e1 Granite Tr\u1eafng V\u00e2n G\u1ed7 c\u00f3 m\u00e0u s\u1eafc t\u01b0\u01a1i s\u00e1ng, sang tr\u1ecdng n\u00ean \u0111\u01b0\u1ee3c nhi\u1ec1u ng\u01b0\u1eddi l\u1ef1a ch\u1ecdn \u0111\u1ec3 \u1ed1p l\u00e1t m\u1eb7t ti\u1ec1n nh\u00e0. \u0110\u00e1 mang \u0111\u1ebfn v\u1ebb \u0111\u1eb9p hi\u1ec7n \u0111\u1ea1i, sang tr\u1ecdng cho ng\u00f4i nh\u00e0.<\/li>\n<li data-sourcepos=\"27:1-27:184\"><strong>Tiling the living room:<\/strong> Granite Tr\u1eafng V\u00e2n G\u1ed7 c\u00f3 m\u00e0u s\u1eafc sang tr\u1ecdng, c\u1ed5 \u0111i\u1ec3n n\u00ean r\u1ea5t ph\u00f9 h\u1ee3p \u0111\u1ec3 \u1ed1p l\u00e1t ph\u00f2ng kh\u00e1ch. \u0110\u00e1 mang \u0111\u1ebfn v\u1ebb \u0111\u1eb9p \u1ea5m c\u00fang, th\u01b0 gi\u00e3n cho kh\u00f4ng gian ph\u00f2ng kh\u00e1ch.<\/li>\n<li data-sourcepos=\"28:1-28:194\"><strong>Tiling the kitchen:<\/strong>\u00a0\u0110\u00e1 Granite Tr\u1eafng V\u00e2n G\u1ed7 c\u00f3 kh\u1ea3 n\u0103ng ch\u1ed1ng th\u1ea5m, ch\u1ed1ng tr\u1ea7y x\u01b0\u1edbc t\u1ed1t n\u00ean r\u1ea5t ph\u00f9 h\u1ee3p \u0111\u1ec3 \u1ed1p l\u00e1t ph\u00f2ng b\u1ebfp. \u0110\u00e1 mang \u0111\u1ebfn v\u1ebb \u0111\u1eb9p sang tr\u1ecdng, hi\u1ec7n \u0111\u1ea1i cho kh\u00f4ng gian ph\u00f2ng b\u1ebfp.<\/li>\n<li data-sourcepos=\"29:1-29:191\"><strong>Bathroom tiling:<\/strong> Granite Tr\u1eafng V\u00e2n G\u1ed7 c\u00f3 kh\u1ea3 n\u0103ng ch\u1ed1ng th\u1ea5m, ch\u1ed1ng \u1ea9m m\u1ed1c t\u1ed1t n\u00ean r\u1ea5t ph\u00f9 h\u1ee3p \u0111\u1ec3 \u1ed1p l\u00e1t ph\u00f2ng t\u1eafm. \u0110\u00e1 mang \u0111\u1ebfn v\u1ebb \u0111\u1eb9p sang tr\u1ecdng, hi\u1ec7n \u0111\u1ea1i cho kh\u00f4ng gian ph\u00f2ng t\u1eafm.<\/li>\n<li data-sourcepos=\"30:1-30:194\"><strong>Tiling stairs:<\/strong>\u00a0\u0110\u00e1 Granite Tr\u1eafng V\u00e2n G\u1ed7 c\u00f3 \u0111\u1ed9 c\u1ee9ng cao, ch\u1ecbu \u0111\u01b0\u1ee3c l\u1ef1c t\u00e1c \u0111\u1ed9ng m\u1ea1nh n\u00ean r\u1ea5t ph\u00f9 h\u1ee3p \u0111\u1ec3 \u1ed1p l\u00e1t c\u1ea7u thang. \u0110\u00e1 mang \u0111\u1ebfn v\u1ebb \u0111\u1eb9p sang tr\u1ecdng, hi\u1ec7n \u0111\u1ea1i cho kh\u00f4ng gian c\u1ea7u thang.<\/li>\n<li data-sourcepos=\"31:1-32:0\"><strong>Tiling the kitchen table, desk, kitchen island:<\/strong> Granite Tr\u1eafng V\u00e2n G\u1ed7 c\u00f3 kh\u1ea3 n\u0103ng ch\u1ed1ng th\u1ea5m, ch\u1ed1ng tr\u1ea7y x\u01b0\u1edbc t\u1ed1t n\u00ean r\u1ea5t ph\u00f9 h\u1ee3p \u0111\u1ec3 \u1ed1p l\u00e1t b\u00e0n b\u1ebfp, b\u00e0n \u0111\u1ea3o b\u1ebfp. \u0110\u00e1 mang \u0111\u1ebfn v\u1ebb \u0111\u1eb9p sang tr\u1ecdng, hi\u1ec7n \u0111\u1ea1i cho kh\u00f4ng gian b\u1ebfp.<\/li>\n<\/ul>\n<h3><strong>\u1ee8ng D\u1ee5ng Trong N\u1ed9i Th\u1ea5t &#8211; \u0110\u1ed9c \u0110\u00e1o v\u00e0 Tinh T\u1ebf<\/strong><\/h3>\n<p>\u0110\u00e1 Granite Tr\u1eafng V\u00e2n G\u1ed7 kh\u00f4ng ch\u1ec9 l\u00e0 v\u1eadt li\u1ec7u x\u00e2y d\u1ef1ng m\u00e0 c\u00f2n l\u00e0 \u0111i\u1ec3m nh\u1ea5n ngh\u1ec7 thu\u1eadt trong thi\u1ebft k\u1ebf n\u1ed9i th\u1ea5t. C\u00e1c h\u1ea1ng m\u1ee5c nh\u01b0 b\u00e0n b\u1ebfp, <b><a href=\"https:\/\/royalstone.com.vn\/en\/lavabo-rua-mat-bang-da-ua-chuong-nhat-hien-nay\/\">lavabo<\/a><\/b>, \u1ed1p c\u1ea7u thang, v\u00e0 \u1ed1p t\u01b0\u1eddng trang tr\u00ed \u0111\u1ec1u tr\u1edf n\u00ean sang tr\u1ecdng v\u00e0 \u0111\u1ed9c \u0111\u00e1o khi s\u1eed d\u1ee5ng lo\u1ea1i \u0111\u00e1 n\u00e0y. \u0110\u01b0\u1eddng v\u00e2n s\u1eafc s\u1ea3o g\u1ea7n g\u0169i v\u1edbi thi\u00ean nhi\u00ean, ph\u00f9 h\u1ee3p v\u1edbi nhi\u1ec1u phong c\u00e1ch t\u1eeb c\u1ed5 \u0111i\u1ec3n \u0111\u1ebfn hi\u1ec7n \u0111\u1ea1i.<\/p>\n<h3><strong>S\u1ef1 \u0110a D\u1ea1ng Trong Ngo\u1ea1i Th\u1ea5t &#8211; M\u1ea1nh M\u1ebd v\u00e0 B\u1ec1n B\u1ec9<\/strong><\/h3>\n<p>\u0110\u00e1 Granite Tr\u1eafng V\u00e2n G\u1ed7 kh\u00f4ng ch\u1ec9 m\u1ec1m m\u1ea1i v\u1edbi n\u1ed9i th\u1ea5t m\u00e0 c\u00f2n c\u00f3 th\u1ec3 \u0111\u1ed1i m\u1eb7t v\u1edbi th\u00e1ch th\u1ee9c c\u1ee7a ngo\u1ea1i th\u1ea5t. Vi\u1ec7c \u1ee9ng d\u1ee5ng v\u00e0o \u1ed1p c\u1ed9t, v\u00e1ch d\u1ef1ng, b\u1eadc tam c\u1ea5p, t\u01b0\u1eddng hoa&#8230; l\u00e0 m\u1ed9t s\u1ef1 l\u1ef1a ch\u1ecdn th\u00f4ng minh. Kh\u1ea3 n\u0103ng ch\u1ecbu \u00e1p l\u1ef1c l\u1edbn, ch\u1ed1ng n\u01b0\u1edbc, ch\u1ecbu nhi\u1ec7t l\u00e0 nh\u1eefng \u0111\u1eb7c t\u00ednh m\u00e0 \u0110\u00e1 Granite Tr\u1eafng V\u00e2n G\u1ed7 mang l\u1ea1i, gi\u00fap b\u1ea3o to\u00e0n v\u1ebb \u0111\u1eb9p v\u00e0 \u0111\u1ed9 b\u1ec1n c\u1ee7a c\u00f4ng tr\u00ecnh.<\/p>\n<h2><strong>C\u00f4ng tr\u00ecnh th\u1ef1c t\u1ebf s\u1eed d\u1ee5ng \u0110\u00e1 Granite Tr\u1eafng V\u00e2n G\u1ed7 do Royal Stone th\u1ef1c hi\u1ec7n<\/strong><\/h2>\n<p>Granite Tr\u1eafng V\u00e2n G\u1ed7 s\u1eed d\u1ee5ng \u0111\u1ec3 \u1ed1p b\u00e0n b\u1ebfp<\/p>\n<p>Granite Tr\u1eafng V\u00e2n G\u1ed7 d\u00f9ng \u0111\u1ec3 \u1ed1p b\u00e0n lavabo<\/p>\n<h3><strong>Contact information Royal Stone<\/strong><\/h3>\n<p><strong>COMPANY LIMITED ROYAL STONE<\/strong><\/p>\n<p>\u260e Hotline: 0963 689 531<\/p>\n<p>\ud83c\udfe0 Office : 283 Tay Mo Ward, Dai Mo ward, Nam tu Liem district, Ha Noi City.<\/p>\n<p>\ud83c\udfe0 Factory: the 10 Yen The town, Luc Yen district, Yen Bai province<\/p>\n<p>\ud83c\udfe0 Warehouse Ha Noi: Lane 24, Dai Mo, tu Liem, Ha Noi (falling edge 4 Van Phuc, Ha Dong)<\/p>\n<p>\ud83c\udf10 Website:\u00a0<a href=\"https:\/\/royalstone.com.vn\/en\/\">www.royalstone.com.vn<\/a><\/p>\n<h3 class=\"ftwp-heading\"><strong>Connect with Royal Stone<\/strong><\/h3>\n<div class=\"textwidget custom-html-widget\">\n<div class=\"textwidget custom-html-widget\">\n<div><a href=\"https:\/\/www.youtube.com\/@royalstone-datunhiencaocap\" target=\"_blank\" rel=\"noopener nofollow\"><img decoding=\"async\" class=\"entered lazyloaded\" title=\"ROYAL STONE - natural Stone premium\" src=\"http:\/\/royalstone.com.vn\/wp-content\/uploads\/2023\/11\/youtube-royalstone.jpg\" alt=\"ROYAL STONE - natural Stone premium\" width=\"30\" height=\"30\" data-lazy-src=\"http:\/\/royalstone.com.vn\/wp-content\/uploads\/2023\/11\/youtube-royalstone.jpg\" data-ll-status=\"loaded\" data-lazy-=\"\" \/><\/a><a href=\"https:\/\/www.facebook.com\/RoyalstoneDaTuNhienCaoCap\" target=\"_blank\" rel=\"noopener nofollow\"><img decoding=\"async\" class=\"entered lazyloaded\" title=\"ROYAL STONE - natural Stone premium\" src=\"http:\/\/royalstone.com.vn\/wp-content\/uploads\/2023\/11\/facebook-royalstone.jpg\" alt=\"ROYAL STONE - natural Stone premium\" width=\"30\" height=\"30\" data-lazy-src=\"http:\/\/royalstone.com.vn\/wp-content\/uploads\/2023\/11\/facebook-royalstone.jpg\" data-ll-status=\"loaded\" data-lazy-=\"\" \/><\/a><a href=\"https:\/\/twitter.com\/royalstonedatn\" target=\"_blank\" rel=\"noopener nofollow\"><img decoding=\"async\" class=\"entered lazyloaded\" title=\"ROYAL STONE - natural Stone premium\" src=\"http:\/\/royalstone.com.vn\/wp-content\/uploads\/2023\/11\/twitter-royalstone.jpg\" alt=\"ROYAL STONE - natural Stone premium\" width=\"30\" height=\"30\" data-lazy-src=\"http:\/\/royalstone.com.vn\/wp-content\/uploads\/2023\/11\/twitter-royalstone.jpg\" data-ll-status=\"loaded\" data-lazy-=\"\" \/><\/a><a href=\"https:\/\/www.pinterest.com\/royalstonedatunhiencaocap\/\" target=\"_blank\" rel=\"noopener nofollow\"><img decoding=\"async\" class=\"entered lazyloaded\" title=\"ROYAL STONE - natural Stone premium\" src=\"http:\/\/royalstone.com.vn\/wp-content\/uploads\/2023\/11\/printerest-royalstone.jpg\" alt=\"ROYAL STONE - natural Stone premium\" width=\"30\" height=\"30\" data-lazy-src=\"http:\/\/royalstone.com.vn\/wp-content\/uploads\/2023\/11\/printerest-royalstone.jpg\" data-ll-status=\"loaded\" data-lazy-=\"\" \/><\/a><a href=\"https:\/\/www.linkedin.com\/in\/royalstone-datunhien\/\" target=\"_blank\" rel=\"noopener nofollow\"><img decoding=\"async\" class=\"entered lazyloaded\" title=\"ROYAL STONE - natural Stone premium\" src=\"http:\/\/royalstone.com.vn\/wp-content\/uploads\/2023\/11\/linkedin-royalstone.jpg\" alt=\"ROYAL STONE - natural Stone premium\" width=\"30\" height=\"30\" data-lazy-src=\"http:\/\/royalstone.com.vn\/wp-content\/uploads\/2023\/11\/linkedin-royalstone.jpg\" data-ll-status=\"loaded\" data-lazy-=\"\" \/><\/a><\/div>\n<\/div>\n<\/div>","protected":false},"excerpt":{"rendered":"<ul class=\"l pr-des-featured\">\n<li>MSP: RSGTVG2023<\/li>\n<li>Place of origin: Vietnam<\/li>\n<li>Color: White<\/li>\n<li>Type of stone: Granite<\/li>\n<li>Size: small size<\/li>\n<li>Thickness: 1.8 Cm<\/li>\n<\/ul>","protected":false},"featured_media":651,"comment_status":"closed","ping_status":"closed","template":"","meta":{"inline_featured_image":false},"product_cat":[23,25],"product_tag":[],"class_list":{"0":"post-649","1":"product","2":"type-product","3":"status-publish","4":"has-post-thumbnail","6":"product_cat-da-granite","7":"product_cat-da-granite-gia-re","9":"first","10":"instock","11":"shipping-taxable","12":"product-type-simple"},"_links":{"self":[{"href":"https:\/\/royalstone.com.vn\/en\/wp-json\/wp\/v2\/product\/649","targetHints":{"allow":["GET"]}}],"collection":[{"href":"https:\/\/royalstone.com.vn\/en\/wp-json\/wp\/v2\/product"}],"about":[{"href":"https:\/\/royalstone.com.vn\/en\/wp-json\/wp\/v2\/types\/product"}],"replies":[{"embeddable":true,"href":"https:\/\/royalstone.com.vn\/en\/wp-json\/wp\/v2\/comments?post=649"}],"wp:featuredmedia":[{"embeddable":true,"href":"https:\/\/royalstone.com.vn\/en\/wp-json\/wp\/v2\/media\/651"}],"wp:attachment":[{"href":"https:\/\/royalstone.com.vn\/en\/wp-json\/wp\/v2\/media?parent=649"}],"wp:term":[{"taxonomy":"product_cat","embeddable":true,"href":"https:\/\/royalstone.com.vn\/en\/wp-json\/wp\/v2\/product_cat?post=649"},{"taxonomy":"product_tag","embeddable":true,"href":"https:\/\/royalstone.com.vn\/en\/wp-json\/wp\/v2\/product_tag?post=649"}],"curies":[{"name":"wp","href":"https:\/\/api.w.org\/{rel}","templated":true}]}}