{"id":643,"date":"2023-11-23T09:07:58","date_gmt":"2023-11-23T09:07:58","guid":{"rendered":"http:\/\/royalstone.com.vn\/?post_type=product&#038;p=643"},"modified":"2023-11-23T09:19:29","modified_gmt":"2023-11-23T09:19:29","slug":"da-granite-trang-phu-my","status":"publish","type":"product","link":"https:\/\/royalstone.com.vn\/en\/da-granite-trang-phu-my\/","title":{"rendered":"\u0110\u00e1 Granite Tr\u1eafng Ph\u00f9 M\u1ef9"},"content":{"rendered":"<h2 data-sourcepos=\"14:1-14:41\"><strong>\u0110\u00e1 Granite Tr\u1eafng Ph\u00f9 M\u1ef9 l\u00e0 g\u00ec?<\/strong><\/h2>\n<p data-sourcepos=\"16:1-16:231\"><a href=\"http:\/\/royalstone.com.vn\/en\/da-granite-trang-phu-my\/\"><em><strong>\u0110\u00e1 Granite Tr\u1eafng Ph\u00f9 M\u1ef9<\/strong><\/em><\/a> l\u00e0 m\u1ed9t lo\u1ea1i \u0111\u00e1 hoa c\u01b0\u01a1ng t\u1ef1 nhi\u00ean c\u00f3 ngu\u1ed3n g\u1ed1c t\u1eeb huy\u1ec7n Ph\u00f9 M\u1ef9, t\u1ec9nh B\u00ecnh \u0110\u1ecbnh, Vi\u1ec7t Nam. \u0110\u00e1 c\u00f3 m\u00e0u tr\u1eafng ch\u1ee7 \u0111\u1ea1o v\u1edbi nh\u1eefng \u0111\u01b0\u1eddng v\u00e2n m\u00e0u x\u00e1m, \u0111en, n\u00e2u, \u0111\u1ecf,&#8230; xen k\u1ebd nhau t\u1ea1o n\u00ean v\u1ebb \u0111\u1eb9p sang tr\u1ecdng, tinh t\u1ebf.<\/p>\n<p data-sourcepos=\"18:1-18:312\"><b><a href=\"https:\/\/royalstone.com.vn\/en\/da-granite-3-cm-la-lua-chon-hoan-hao\/\">Granite<\/a><\/b> Tr\u1eafng Ph\u00f9 M\u1ef9 \u0111\u01b0\u1ee3c h\u00ecnh th\u00e0nh t\u1eeb qu\u00e1 tr\u00ecnh bi\u1ebfn ch\u1ea5t c\u1ee7a c\u00e1c lo\u1ea1i \u0111\u00e1 v\u00f4i, \u0111\u00e1 carbonate,&#8230; d\u01b0\u1edbi t\u00e1c \u0111\u1ed9ng c\u1ee7a nhi\u1ec7t \u0111\u1ed9 v\u00e0 \u00e1p su\u1ea5t cao. \u0110\u00e1 c\u00f3 \u0111\u1ed9 c\u1ee9ng cao, ch\u1ecbu \u0111\u01b0\u1ee3c l\u1ef1c t\u00e1c \u0111\u1ed9ng m\u1ea1nh, ch\u1ed1ng tr\u1ea7y x\u01b0\u1edbc t\u1ed1t. Ngo\u00e0i ra, \u0111\u00e1 c\u00f2n c\u00f3 kh\u1ea3 n\u0103ng ch\u1ed1ng th\u1ea5m, ch\u1ed1ng \u1ea9m m\u1ed1c, ch\u1ecbu nhi\u1ec7t t\u1ed1t v\u00e0 d\u1ec5 d\u00e0ng v\u1ec7 sinh, lau ch\u00f9i.<\/p>\n<h2 data-sourcepos=\"20:1-20:48\"><strong>\u0110\u1eb7c \u0111i\u1ec3m n\u1ed5i b\u1eadt c\u1ee7a \u0111\u00e1 Granite Tr\u1eafng Ph\u00f9 M\u1ef9<\/strong><\/h2>\n<p data-sourcepos=\"22:1-22:58\"><b><a href=\"https:\/\/royalstone.com.vn\/en\/da-granite-trang-ve-dep-thanh-lich\/\">White Granite<\/a><\/b> Ph\u00f9 M\u1ef9 c\u00f3 nh\u1eefng \u0111\u1eb7c \u0111i\u1ec3m n\u1ed5i b\u1eadt nh\u01b0 sau:<\/p>\n<ul data-sourcepos=\"24:1-29:0\">\n<li data-sourcepos=\"24:1-24:195\"><strong>Color:<\/strong>\u00a0\u0110\u00e1 c\u00f3 m\u00e0u tr\u1eafng ch\u1ee7 \u0111\u1ea1o v\u1edbi nh\u1eefng \u0111\u01b0\u1eddng v\u00e2n m\u00e0u x\u00e1m, \u0111en, n\u00e2u, \u0111\u1ecf,&#8230; xen k\u1ebd nhau t\u1ea1o n\u00ean v\u1ebb \u0111\u1eb9p sang tr\u1ecdng, tinh t\u1ebf. M\u00e0u s\u1eafc c\u1ee7a \u0111\u00e1 c\u00f3 th\u1ec3 thay \u0111\u1ed5i t\u00f9y thu\u1ed9c v\u00e0o v\u1ecb tr\u00ed khai th\u00e1c.<\/li>\n<li data-sourcepos=\"25:1-25:152\"><strong>Hardness:<\/strong>\u00a0\u0110\u00e1 c\u00f3 \u0111\u1ed9 c\u1ee9ng cao, ch\u1ecbu \u0111\u01b0\u1ee3c l\u1ef1c t\u00e1c \u0111\u1ed9ng m\u1ea1nh, ch\u1ed1ng tr\u1ea7y x\u01b0\u1edbc t\u1ed1t. \u0110\u1ed9 c\u1ee9ng trung b\u00ecnh c\u1ee7a <b><a href=\"https:\/\/royalstone.com.vn\/en\/da-granite-vang-tao-nen-su-dang-cap-va-quy-toc\/\">Granite<\/a><\/b> Tr\u1eafng Ph\u00f9 M\u1ef9 l\u00e0 7 tr\u00ean thang Mohs.<\/li>\n<li data-sourcepos=\"26:1-26:83\"><strong>Waterproofing ability:<\/strong>\u00a0Stones are likely good waterproofing, not moldy, mildew.<\/li>\n<li data-sourcepos=\"27:1-27:107\"><strong>Heat resistant:<\/strong>\u00a0The stone has good heat resistance, no deformation when exposed to high temperatures.<\/li>\n<li data-sourcepos=\"28:1-29:0\"><strong>Ability hygiene:<\/strong>\u00a0Stone easy to clean, clean.<\/li>\n<\/ul>\n<figure id=\"attachment_645\" aria-describedby=\"caption-attachment-645\" style=\"width: 544px\" class=\"wp-caption aligncenter\"><img decoding=\"async\" class=\"wp-image-645 size-full\" title=\"\u0110\u00e1 Granite Tr\u1eafng Ph\u00f9 M\u1ef9\" src=\"http:\/\/royalstone.com.vn\/wp-content\/uploads\/2023\/11\/da-granite-trang-phu-my.jpg\" alt=\"\u0110\u00e1 Granite Tr\u1eafng Ph\u00f9 M\u1ef9\" width=\"544\" height=\"448\" \/><figcaption id=\"caption-attachment-645\" class=\"wp-caption-text\"><b><a href=\"https:\/\/royalstone.com.vn\/en\/da-granite-trang-bieu-tuong-cua-ve-dep\/\">White Granite<\/a><\/b> Ph\u00f9 M\u1ef9<\/figcaption><\/figure>\n<h2 data-sourcepos=\"30:1-30:40\"><strong>\u1ee8ng d\u1ee5ng c\u1ee7a \u0111\u00e1 Granite Tr\u1eafng Ph\u00f9 M\u1ef9<\/strong><\/h2>\n<p data-sourcepos=\"32:1-32:77\"><a href=\"http:\/\/royalstone.com.vn\/en\/da-granite\/\"><em><strong>Granite<\/strong><\/em><\/a> Tr\u1eafng Ph\u00f9 M\u1ef9 \u0111\u01b0\u1ee3c \u1ee9ng d\u1ee5ng r\u1ed9ng r\u00e3i trong c\u00e1c h\u1ea1ng m\u1ee5c \u1ed1p l\u00e1t nh\u01b0:<\/p>\n<ul data-sourcepos=\"34:1-41:0\">\n<li data-sourcepos=\"34:1-34:133\"><strong>Tiling facades:<\/strong>\u00a0\u0110\u00e1 Granite Tr\u1eafng Ph\u00f9 M\u1ef9 c\u00f3 m\u00e0u s\u1eafc t\u01b0\u01a1i s\u00e1ng, sang tr\u1ecdng n\u00ean \u0111\u01b0\u1ee3c nhi\u1ec1u ng\u01b0\u1eddi l\u1ef1a ch\u1ecdn \u0111\u1ec3 \u1ed1p l\u00e1t m\u1eb7t ti\u1ec1n nh\u00e0.<\/li>\n<li data-sourcepos=\"35:1-35:128\"><strong>Tiling the kitchen:<\/strong> Granite Tr\u1eafng Ph\u00f9 M\u1ef9 c\u00f3 kh\u1ea3 n\u0103ng ch\u1ed1ng th\u1ea5m, ch\u1ed1ng tr\u1ea7y x\u01b0\u1edbc t\u1ed1t n\u00ean r\u1ea5t ph\u00f9 h\u1ee3p \u0111\u1ec3 \u1ed1p l\u00e1t ph\u00f2ng b\u1ebfp.<\/li>\n<li data-sourcepos=\"36:1-36:125\"><strong>Bathroom tiling:<\/strong> Granite Tr\u1eafng Ph\u00f9 M\u1ef9 c\u00f3 kh\u1ea3 n\u0103ng ch\u1ed1ng th\u1ea5m, ch\u1ed1ng \u1ea9m m\u1ed1c t\u1ed1t n\u00ean r\u1ea5t ph\u00f9 h\u1ee3p \u0111\u1ec3 \u1ed1p l\u00e1t ph\u00f2ng t\u1eafm.<\/li>\n<li data-sourcepos=\"37:1-37:128\"><strong>Tiling stairs:<\/strong>\u00a0\u0110\u00e1 Granite Tr\u1eafng Ph\u00f9 M\u1ef9 c\u00f3 \u0111\u1ed9 c\u1ee9ng cao, ch\u1ecbu \u0111\u01b0\u1ee3c l\u1ef1c t\u00e1c \u0111\u1ed9ng m\u1ea1nh n\u00ean r\u1ea5t ph\u00f9 h\u1ee3p \u0111\u1ec3 \u1ed1p l\u00e1t c\u1ea7u thang.<\/li>\n<li data-sourcepos=\"38:1-38:150\"><strong>Tiling the kitchen table, desk, kitchen island:<\/strong> Granite Tr\u1eafng Ph\u00f9 M\u1ef9 c\u00f3 kh\u1ea3 n\u0103ng ch\u1ed1ng th\u1ea5m, ch\u1ed1ng tr\u1ea7y x\u01b0\u1edbc t\u1ed1t n\u00ean r\u1ea5t ph\u00f9 h\u1ee3p \u0111\u1ec3 \u1ed1p l\u00e1t b\u00e0n b\u1ebfp, b\u00e0n \u0111\u1ea3o b\u1ebfp.<\/li>\n<li data-sourcepos=\"39:1-39:132\"><strong>\u1ed0p l\u00e1t b\u1eadc tam c\u1ea5p:<\/strong> Granite Tr\u1eafng Ph\u00f9 M\u1ef9 c\u00f3 \u0111\u1ed9 c\u1ee9ng cao, ch\u1ecbu \u0111\u01b0\u1ee3c l\u1ef1c t\u00e1c \u0111\u1ed9ng m\u1ea1nh n\u00ean r\u1ea5t ph\u00f9 h\u1ee3p \u0111\u1ec3 \u1ed1p l\u00e1t b\u1eadc tam c\u1ea5p.<\/li>\n<li data-sourcepos=\"40:1-41:0\"><strong>Tiling <b><a href=\"https:\/\/royalstone.com.vn\/en\/lavabo-rua-mat-bang-da-ua-chuong-nhat-hien-nay\/\">lavabo<\/a><\/b>bath:<\/strong> \u0110\u00e1 Granite Tr\u1eafng Ph\u00f9 M\u1ef9 c\u00f3 kh\u1ea3 n\u0103ng ch\u1ed1ng th\u1ea5m, ch\u1ed1ng \u1ea9m m\u1ed1c t\u1ed1t n\u00ean r\u1ea5t ph\u00f9 h\u1ee3p \u0111\u1ec3 \u1ed1p l\u00e1t lavabo, b\u1ed3n t\u1eafm, ph\u00f2ng t\u1eafm<\/li>\n<\/ul>\n<h2><strong>C\u00f4ng tr\u00ecnh th\u1ef1c t\u1ebf s\u1eed d\u1ee5ng \u0110\u00e1 Granite Tr\u1eafng Ph\u00f9 M\u1ef9 do Royal Stone th\u1ef1c hi\u1ec7n<\/strong><\/h2>\n<p>Granite Tr\u1eafng Ph\u00f9 M\u1ef9 \u1ed1p b\u00e0n b\u1ebfp<\/p>\n<p>Granite Tr\u1eafng Ph\u00f9 M\u1ef9 \u1ed1p b\u00e0n lavabo<\/p>\n<h3><strong>Contact information Royal Stone<\/strong><\/h3>\n<p><strong>COMPANY LIMITED ROYAL STONE<\/strong><\/p>\n<p>\u260e Hotline: 0963 689 531<\/p>\n<p>\ud83c\udfe0 Office : 283 Tay Mo Ward, Dai Mo ward, Nam tu Liem district, Ha Noi City.<\/p>\n<p>\ud83c\udfe0 Factory: the 10 Yen The town, Luc Yen district, Yen Bai province<\/p>\n<p>\ud83c\udfe0 Warehouse Ha Noi: Lane 24, Dai Mo, tu Liem, Ha Noi (falling edge 4 Van Phuc, Ha Dong)<\/p>\n<p>\ud83c\udf10 Website:\u00a0<a href=\"https:\/\/royalstone.com.vn\/en\/\">www.royalstone.com.vn<\/a><\/p>\n<h3 class=\"ftwp-heading\"><strong>Connect with Royal Stone<\/strong><\/h3>\n<div class=\"textwidget custom-html-widget\">\n<div class=\"textwidget custom-html-widget\">\n<div><a href=\"https:\/\/www.youtube.com\/@royalstone-datunhiencaocap\" target=\"_blank\" rel=\"noopener nofollow\"><img decoding=\"async\" class=\"entered lazyloaded\" title=\"ROYAL STONE - natural Stone premium\" src=\"http:\/\/royalstone.com.vn\/wp-content\/uploads\/2023\/11\/youtube-royalstone.jpg\" alt=\"ROYAL STONE - natural Stone premium\" width=\"30\" height=\"30\" data-lazy-src=\"http:\/\/royalstone.com.vn\/wp-content\/uploads\/2023\/11\/youtube-royalstone.jpg\" data-ll-status=\"loaded\" data-lazy-=\"\" \/><\/a><a href=\"https:\/\/www.facebook.com\/RoyalstoneDaTuNhienCaoCap\" target=\"_blank\" rel=\"noopener nofollow\"><img decoding=\"async\" class=\"entered lazyloaded\" title=\"ROYAL STONE - natural Stone premium\" src=\"http:\/\/royalstone.com.vn\/wp-content\/uploads\/2023\/11\/facebook-royalstone.jpg\" alt=\"ROYAL STONE - natural Stone premium\" width=\"30\" height=\"30\" data-lazy-src=\"http:\/\/royalstone.com.vn\/wp-content\/uploads\/2023\/11\/facebook-royalstone.jpg\" data-ll-status=\"loaded\" data-lazy-=\"\" \/><\/a><a href=\"https:\/\/twitter.com\/royalstonedatn\" target=\"_blank\" rel=\"noopener nofollow\"><img decoding=\"async\" class=\"entered lazyloaded\" title=\"ROYAL STONE - natural Stone premium\" src=\"http:\/\/royalstone.com.vn\/wp-content\/uploads\/2023\/11\/twitter-royalstone.jpg\" alt=\"ROYAL STONE - natural Stone premium\" width=\"30\" height=\"30\" data-lazy-src=\"http:\/\/royalstone.com.vn\/wp-content\/uploads\/2023\/11\/twitter-royalstone.jpg\" data-ll-status=\"loaded\" data-lazy-=\"\" \/><\/a><a href=\"https:\/\/www.pinterest.com\/royalstonedatunhiencaocap\/\" target=\"_blank\" rel=\"noopener nofollow\"><img decoding=\"async\" class=\"entered lazyloaded\" title=\"ROYAL STONE - natural Stone premium\" src=\"http:\/\/royalstone.com.vn\/wp-content\/uploads\/2023\/11\/printerest-royalstone.jpg\" alt=\"ROYAL STONE - natural Stone premium\" width=\"30\" height=\"30\" data-lazy-src=\"http:\/\/royalstone.com.vn\/wp-content\/uploads\/2023\/11\/printerest-royalstone.jpg\" data-ll-status=\"loaded\" data-lazy-=\"\" \/><\/a><a href=\"https:\/\/www.linkedin.com\/in\/royalstone-datunhien\/\" target=\"_blank\" rel=\"noopener nofollow\"><img decoding=\"async\" class=\"entered lazyloaded\" title=\"ROYAL STONE - natural Stone premium\" src=\"http:\/\/royalstone.com.vn\/wp-content\/uploads\/2023\/11\/linkedin-royalstone.jpg\" alt=\"ROYAL STONE - natural Stone premium\" width=\"30\" height=\"30\" data-lazy-src=\"http:\/\/royalstone.com.vn\/wp-content\/uploads\/2023\/11\/linkedin-royalstone.jpg\" data-ll-status=\"loaded\" data-lazy-=\"\" \/><\/a><\/div>\n<\/div>\n<\/div>","protected":false},"excerpt":{"rendered":"<ul class=\"l pr-des-featured\">\n<li>MSP: RSGTPM2023<\/li>\n<li>Place of origin: Vietnam<\/li>\n<li>Color: White<\/li>\n<li>Type of stone: Granite<\/li>\n<li>Size: small size<\/li>\n<li>Thickness: 1.8 Cm<\/li>\n<\/ul>","protected":false},"featured_media":645,"comment_status":"closed","ping_status":"closed","template":"","meta":{"inline_featured_image":false},"product_cat":[25,23],"product_tag":[],"class_list":{"0":"post-643","1":"product","2":"type-product","3":"status-publish","4":"has-post-thumbnail","6":"product_cat-da-granite-gia-re","7":"product_cat-da-granite","9":"first","10":"instock","11":"shipping-taxable","12":"product-type-simple"},"_links":{"self":[{"href":"https:\/\/royalstone.com.vn\/en\/wp-json\/wp\/v2\/product\/643","targetHints":{"allow":["GET"]}}],"collection":[{"href":"https:\/\/royalstone.com.vn\/en\/wp-json\/wp\/v2\/product"}],"about":[{"href":"https:\/\/royalstone.com.vn\/en\/wp-json\/wp\/v2\/types\/product"}],"replies":[{"embeddable":true,"href":"https:\/\/royalstone.com.vn\/en\/wp-json\/wp\/v2\/comments?post=643"}],"wp:featuredmedia":[{"embeddable":true,"href":"https:\/\/royalstone.com.vn\/en\/wp-json\/wp\/v2\/media\/645"}],"wp:attachment":[{"href":"https:\/\/royalstone.com.vn\/en\/wp-json\/wp\/v2\/media?parent=643"}],"wp:term":[{"taxonomy":"product_cat","embeddable":true,"href":"https:\/\/royalstone.com.vn\/en\/wp-json\/wp\/v2\/product_cat?post=643"},{"taxonomy":"product_tag","embeddable":true,"href":"https:\/\/royalstone.com.vn\/en\/wp-json\/wp\/v2\/product_tag?post=643"}],"curies":[{"name":"wp","href":"https:\/\/api.w.org\/{rel}","templated":true}]}}