{"id":640,"date":"2023-11-23T08:55:35","date_gmt":"2023-11-23T08:55:35","guid":{"rendered":"http:\/\/royalstone.com.vn\/?post_type=product&#038;p=640"},"modified":"2023-11-23T09:06:58","modified_gmt":"2023-11-23T09:06:58","slug":"da-granite-trang-dak-nong","status":"publish","type":"product","link":"https:\/\/royalstone.com.vn\/en\/da-granite-trang-dak-nong\/","title":{"rendered":"\u0110\u00e1 Granite Tr\u1eafng \u0110\u0103k N\u00f4ng"},"content":{"rendered":"<p data-sourcepos=\"12:1-12:237\"><a href=\"http:\/\/royalstone.com.vn\/en\/da-granite-trang-dak-nong\/\"><em><strong>\u0110\u00e1 Granite Tr\u1eafng \u0110\u0103k N\u00f4ng<\/strong><\/em><\/a> l\u00e0 m\u1ed9t lo\u1ea1i \u0111\u00e1 hoa c\u01b0\u01a1ng t\u1ef1 nhi\u00ean c\u00f3 ngu\u1ed3n g\u1ed1c t\u1eeb Vi\u1ec7t Nam, \u0111\u01b0\u1ee3c khai th\u00e1c t\u1ea1i t\u1ec9nh \u0110\u1eafk N\u00f4ng. \u0110\u00e1 c\u00f3 m\u00e0u tr\u1eafng ch\u1ee7 \u0111\u1ea1o v\u1edbi nh\u1eefng \u0111\u01b0\u1eddng v\u00e2n m\u00e0u x\u00e1m, \u0111en, n\u00e2u, \u0111\u1ecf,&#8230; xen k\u1ebd nhau t\u1ea1o n\u00ean v\u1ebb \u0111\u1eb9p sang tr\u1ecdng, tinh t\u1ebf.<\/p>\n<p data-sourcepos=\"14:1-14:154\"><b><a href=\"https:\/\/royalstone.com.vn\/en\/da-granite-3-cm-la-lua-chon-hoan-hao\/\">Granite<\/a><\/b> Tr\u1eafng \u0110\u0103k N\u00f4ng \u0111\u01b0\u1ee3c s\u1eed d\u1ee5ng r\u1ed9ng r\u00e3i trong c\u00e1c h\u1ea1ng m\u1ee5c \u1ed1p l\u00e1t trong nh\u00e0 v\u00e0 ngo\u00e0i tr\u1eddi, mang \u0111\u1ebfn v\u1ebb \u0111\u1eb9p sang tr\u1ecdng, b\u1ec1n b\u1ec9 cho kh\u00f4ng gian s\u1ed1ng.<\/p>\n<h2 data-sourcepos=\"16:1-16:51\"><strong>\u0110\u1eb7c \u0111i\u1ec3m, \u01b0u \u0111i\u1ec3m c\u1ee7a \u0111\u00e1 Granite Tr\u1eafng \u0110\u0103k N\u00f4ng<\/strong><\/h2>\n<p data-sourcepos=\"18:1-18:67\"><b><a href=\"https:\/\/royalstone.com.vn\/en\/da-granite-trang-ve-dep-thanh-lich\/\">White Granite<\/a><\/b> \u0110\u0103k N\u00f4ng c\u00f3 nh\u1eefng \u0111\u1eb7c \u0111i\u1ec3m v\u00e0 \u01b0u \u0111i\u1ec3m n\u1ed5i b\u1eadt sau:<\/p>\n<ul data-sourcepos=\"20:1-26:0\">\n<li data-sourcepos=\"20:1-21:36\"><strong>Color:<\/strong>\u00a0\u0110\u00e1 c\u00f3 m\u00e0u tr\u1eafng ch\u1ee7 \u0111\u1ea1o v\u1edbi nh\u1eefng \u0111\u01b0\u1eddng v\u00e2n m\u00e0u x\u00e1m, \u0111en, n\u00e2u, \u0111\u1ecf,&#8230; xen k\u1ebd nhau t\u1ea1o n\u00ean v\u1ebb \u0111\u1eb9p sang tr\u1ecdng, tinh t\u1ebf. M\u00e0u tr\u1eafng c\u1ee7a \u0111\u00e1 mang \u0111\u1ebfn c\u1ea3m gi\u00e1c s\u1ea1ch s\u1ebd, tho\u00e1ng m\u00e1t cho kh\u00f4ng gian s\u1ed1ng.<\/li>\n<li data-sourcepos=\"20:1-21:36\"><strong>Hardness:<\/strong>\u00a0\u0110\u00e1 c\u00f3 \u0111\u1ed9 c\u1ee9ng cao, ch\u1ecbu \u0111\u01b0\u1ee3c l\u1ef1c t\u00e1c \u0111\u1ed9ng m\u1ea1nh, ch\u1ed1ng tr\u1ea7y x\u01b0\u1edbc t\u1ed1t. \u0110\u00e1 Granite Tr\u1eafng \u0110\u0103k N\u00f4ng c\u00f3 \u0111\u1ed9 c\u1ee9ng Mohs l\u00e0 6,5-7,5, cao h\u01a1n nhi\u1ec1u so v\u1edbi c\u00e1c lo\u1ea1i \u0111\u00e1 th\u00f4ng th\u01b0\u1eddng. Nh\u1edd \u0111\u00f3, \u0111\u00e1 c\u00f3 kh\u1ea3 n\u0103ng ch\u1ecbu \u0111\u01b0\u1ee3c l\u1ef1c t\u00e1c \u0111\u1ed9ng m\u1ea1nh nh\u01b0 va \u0111\u1eadp, tr\u1ea7y x\u01b0\u1edbc,&#8230; m\u00e0 kh\u00f4ng b\u1ecb n\u1ee9t v\u1ee1.<\/li>\n<li data-sourcepos=\"23:1-23:252\"><strong>Waterproofing ability:<\/strong>\u00a0\u0110\u00e1 c\u00f3 kh\u1ea3 n\u0103ng ch\u1ed1ng th\u1ea5m t\u1ed1t, kh\u00f4ng b\u1ecb \u1ea9m m\u1ed1c, r\u00eau m\u1ed1c. \u0110\u00e1 Granite Tr\u1eafng \u0110\u0103k N\u00f4ng c\u00f3 kh\u1ea3 n\u0103ng ch\u1ed1ng th\u1ea5m n\u01b0\u1edbc, ch\u1ed1ng th\u1ea5m d\u1ea7u m\u1ee1 t\u1ed1t. Nh\u1edd \u0111\u00f3, \u0111\u00e1 kh\u00f4ng b\u1ecb \u1ea9m m\u1ed1c, r\u00eau m\u1ed1c, \u0111\u1ea3m b\u1ea3o cho kh\u00f4ng gian s\u1ed1ng lu\u00f4n s\u1ea1ch s\u1ebd, tho\u00e1ng m\u00e1t.<\/li>\n<li data-sourcepos=\"24:1-24:274\"><strong>Heat resistant:<\/strong>\u00a0\u0110\u00e1 c\u00f3 kh\u1ea3 n\u0103ng ch\u1ecbu nhi\u1ec7t t\u1ed1t, kh\u00f4ng b\u1ecb bi\u1ebfn d\u1ea1ng khi ti\u1ebfp x\u00fac v\u1edbi nhi\u1ec7t \u0111\u1ed9 cao. \u0110\u00e1 Granite Tr\u1eafng \u0110\u0103k N\u00f4ng c\u00f3 kh\u1ea3 n\u0103ng ch\u1ecbu nhi\u1ec7t \u0111\u1ed9 l\u00ean \u0111\u1ebfn 1200 \u0111\u1ed9 C. Nh\u1edd \u0111\u00f3, \u0111\u00e1 kh\u00f4ng b\u1ecb bi\u1ebfn d\u1ea1ng khi ti\u1ebfp x\u00fac v\u1edbi nhi\u1ec7t \u0111\u1ed9 cao, \u0111\u1ea3m b\u1ea3o an to\u00e0n cho ng\u01b0\u1eddi s\u1eed d\u1ee5ng.<\/li>\n<li data-sourcepos=\"25:1-26:0\"><strong>Ability hygiene:<\/strong>\u00a0\u0110\u00e1 d\u1ec5 d\u00e0ng v\u1ec7 sinh, lau ch\u00f9i. \u0110\u00e1 Granite Tr\u1eafng \u0110\u0103k N\u00f4ng c\u00f3 b\u1ec1 m\u1eb7t nh\u1eb5n b\u00f3ng, d\u1ec5 d\u00e0ng v\u1ec7 sinh, lau ch\u00f9i. Nh\u1edd \u0111\u00f3, \u0111\u00e1 lu\u00f4n gi\u1eef \u0111\u01b0\u1ee3c v\u1ebb \u0111\u1eb9p s\u00e1ng b\u00f3ng, s\u1ea1ch s\u1ebd.<\/li>\n<\/ul>\n<figure id=\"attachment_642\" aria-describedby=\"caption-attachment-642\" style=\"width: 572px\" class=\"wp-caption aligncenter\"><img decoding=\"async\" class=\"wp-image-642 size-full\" title=\"\u0110\u00e1 Granite Tr\u1eafng \u0110\u0103k N\u00f4ng\" src=\"http:\/\/royalstone.com.vn\/wp-content\/uploads\/2023\/11\/da-granite-trang-dak-nong.jpg\" alt=\"\u0110\u00e1 Granite Tr\u1eafng \u0110\u0103k N\u00f4ng\" width=\"572\" height=\"452\" \/><figcaption id=\"caption-attachment-642\" class=\"wp-caption-text\">\u0110\u00e1 Granite Tr\u1eafng \u0110\u0103k N\u00f4ng<\/figcaption><\/figure>\n<h2 data-sourcepos=\"27:1-27:42\"><strong>\u1ee8ng d\u1ee5ng c\u1ee7a \u0111\u00e1 Granite Tr\u1eafng \u0110\u0103k N\u00f4ng<\/strong><\/h2>\n<p data-sourcepos=\"29:1-29:155\"><a href=\"http:\/\/royalstone.com.vn\/en\/da-granite\/\"><em><strong>Granite<\/strong><\/em><\/a> Tr\u1eafng \u0110\u0103k N\u00f4ng \u0111\u01b0\u1ee3c \u1ee9ng d\u1ee5ng r\u1ed9ng r\u00e3i trong c\u00e1c h\u1ea1ng m\u1ee5c \u1ed1p l\u00e1t trong nh\u00e0 v\u00e0 ngo\u00e0i tr\u1eddi, mang \u0111\u1ebfn v\u1ebb \u0111\u1eb9p sang tr\u1ecdng, b\u1ec1n b\u1ec9 cho kh\u00f4ng gian s\u1ed1ng.<\/p>\n<ul data-sourcepos=\"31:1-36:37\">\n<li data-sourcepos=\"31:1-31:194\"><strong>Tiling facades:<\/strong>\u00a0\u0110\u00e1 Granite Tr\u1eafng \u0110\u0103k N\u00f4ng c\u00f3 m\u00e0u s\u1eafc t\u01b0\u01a1i s\u00e1ng, sang tr\u1ecdng n\u00ean \u0111\u01b0\u1ee3c nhi\u1ec1u ng\u01b0\u1eddi l\u1ef1a ch\u1ecdn \u0111\u1ec3 \u1ed1p l\u00e1t m\u1eb7t ti\u1ec1n nh\u00e0. \u0110\u00e1 gi\u00fap mang \u0111\u1ebfn v\u1ebb \u0111\u1eb9p hi\u1ec7n \u0111\u1ea1i, sang tr\u1ecdng cho ng\u00f4i nh\u00e0.<\/li>\n<li data-sourcepos=\"32:1-32:171\"><strong>Tiling the living room:<\/strong> Granite Tr\u1eafng \u0110\u0103k N\u00f4ng c\u00f3 m\u00e0u s\u1eafc sang tr\u1ecdng n\u00ean r\u1ea5t ph\u00f9 h\u1ee3p \u0111\u1ec3 \u1ed1p l\u00e1t ph\u00f2ng kh\u00e1ch. \u0110\u00e1 gi\u00fap mang \u0111\u1ebfn v\u1ebb \u0111\u1eb9p tinh t\u1ebf, \u0111\u1eb3ng c\u1ea5p cho ph\u00f2ng kh\u00e1ch.<\/li>\n<li data-sourcepos=\"33:1-33:189\"><strong>Tiling the kitchen:<\/strong>\u00a0\u0110\u00e1 Granite Tr\u1eafng \u0110\u0103k N\u00f4ng c\u00f3 kh\u1ea3 n\u0103ng ch\u1ed1ng th\u1ea5m, ch\u1ed1ng tr\u1ea7y x\u01b0\u1edbc t\u1ed1t n\u00ean r\u1ea5t ph\u00f9 h\u1ee3p \u0111\u1ec3 \u1ed1p l\u00e1t ph\u00f2ng b\u1ebfp. \u0110\u00e1 gi\u00fap mang \u0111\u1ebfn v\u1ebb \u0111\u1eb9p sang tr\u1ecdng, s\u1ea1ch s\u1ebd cho ph\u00f2ng b\u1ebfp.<\/li>\n<li data-sourcepos=\"34:1-34:186\"><strong>Bathroom tiling:<\/strong> Granite Tr\u1eafng \u0110\u0103k N\u00f4ng c\u00f3 kh\u1ea3 n\u0103ng ch\u1ed1ng th\u1ea5m, ch\u1ed1ng \u1ea9m m\u1ed1c t\u1ed1t n\u00ean r\u1ea5t ph\u00f9 h\u1ee3p \u0111\u1ec3 \u1ed1p l\u00e1t ph\u00f2ng t\u1eafm. \u0110\u00e1 gi\u00fap mang \u0111\u1ebfn v\u1ebb \u0111\u1eb9p sang tr\u1ecdng, s\u1ea1ch s\u1ebd cho ph\u00f2ng t\u1eafm.<\/li>\n<li data-sourcepos=\"35:1-35:188\"><strong>Tiling stairs:<\/strong>\u00a0\u0110\u00e1 Granite Tr\u1eafng \u0110\u0103k N\u00f4ng c\u00f3 \u0111\u1ed9 c\u1ee9ng cao, ch\u1ecbu \u0111\u01b0\u1ee3c l\u1ef1c t\u00e1c \u0111\u1ed9ng m\u1ea1nh n\u00ean r\u1ea5t ph\u00f9 h\u1ee3p \u0111\u1ec3 \u1ed1p l\u00e1t c\u1ea7u thang. \u0110\u00e1 gi\u00fap mang \u0111\u1ebfn v\u1ebb \u0111\u1eb9p sang tr\u1ecdng, b\u1ec1n b\u1ec9 cho c\u1ea7u thang.<\/li>\n<\/ul>\n<h2><strong>C\u00f4ng tr\u00ecnh th\u1ef1c t\u1ebf s\u1eed d\u1ee5ng \u0110\u00e1 Granite Tr\u1eafng \u0110\u0103k N\u00f4ng do Royal Stone th\u1ef1c hi\u1ec7n<\/strong><\/h2>\n<p>Granite Tr\u1eafng \u0110\u0103k N\u00f4ng \u1ed1p b\u00e0n b\u1ebfp<\/p>\n<p>Granite Tr\u1eafng \u0110\u0103k N\u00f4ng \u1ed1p b\u00e0n <b><a href=\"https:\/\/royalstone.com.vn\/en\/lavabo-rua-mat-bang-da-ua-chuong-nhat-hien-nay\/\">lavabo<\/a><\/b><\/p>\n<h3><strong>Contact information Royal Stone<\/strong><\/h3>\n<p><strong>COMPANY LIMITED ROYAL STONE<\/strong><\/p>\n<p>\u260e Hotline: 0963 689 531<\/p>\n<p>\ud83c\udfe0 Office : 283 Tay Mo Ward, Dai Mo ward, Nam tu Liem district, Ha Noi City.<\/p>\n<p>\ud83c\udfe0 Factory: the 10 Yen The town, Luc Yen district, Yen Bai province<\/p>\n<p>\ud83c\udfe0 Warehouse Ha Noi: Lane 24, Dai Mo, tu Liem, Ha Noi (falling edge 4 Van Phuc, Ha Dong)<\/p>\n<p>\ud83c\udf10 Website:\u00a0<a href=\"https:\/\/royalstone.com.vn\/en\/\">www.royalstone.com.vn<\/a><\/p>\n<h3 class=\"ftwp-heading\"><strong>Connect with Royal Stone<\/strong><\/h3>\n<div class=\"textwidget custom-html-widget\">\n<div class=\"textwidget custom-html-widget\">\n<div><a href=\"https:\/\/www.youtube.com\/@royalstone-datunhiencaocap\" target=\"_blank\" rel=\"noopener nofollow\"><img decoding=\"async\" class=\"entered lazyloaded\" title=\"ROYAL STONE - natural Stone premium\" src=\"http:\/\/royalstone.com.vn\/wp-content\/uploads\/2023\/11\/youtube-royalstone.jpg\" alt=\"ROYAL STONE - natural Stone premium\" width=\"30\" height=\"30\" data-lazy-src=\"http:\/\/royalstone.com.vn\/wp-content\/uploads\/2023\/11\/youtube-royalstone.jpg\" data-ll-status=\"loaded\" data-lazy-=\"\" \/><\/a><a href=\"https:\/\/www.facebook.com\/RoyalstoneDaTuNhienCaoCap\" target=\"_blank\" rel=\"noopener nofollow\"><img decoding=\"async\" class=\"entered lazyloaded\" title=\"ROYAL STONE - natural Stone premium\" src=\"http:\/\/royalstone.com.vn\/wp-content\/uploads\/2023\/11\/facebook-royalstone.jpg\" alt=\"ROYAL STONE - natural Stone premium\" width=\"30\" height=\"30\" data-lazy-src=\"http:\/\/royalstone.com.vn\/wp-content\/uploads\/2023\/11\/facebook-royalstone.jpg\" data-ll-status=\"loaded\" data-lazy-=\"\" \/><\/a><a href=\"https:\/\/twitter.com\/royalstonedatn\" target=\"_blank\" rel=\"noopener nofollow\"><img decoding=\"async\" class=\"entered lazyloaded\" title=\"ROYAL STONE - natural Stone premium\" src=\"http:\/\/royalstone.com.vn\/wp-content\/uploads\/2023\/11\/twitter-royalstone.jpg\" alt=\"ROYAL STONE - natural Stone premium\" width=\"30\" height=\"30\" data-lazy-src=\"http:\/\/royalstone.com.vn\/wp-content\/uploads\/2023\/11\/twitter-royalstone.jpg\" data-ll-status=\"loaded\" data-lazy-=\"\" \/><\/a><a href=\"https:\/\/www.pinterest.com\/royalstonedatunhiencaocap\/\" target=\"_blank\" rel=\"noopener nofollow\"><img decoding=\"async\" class=\"entered lazyloaded\" title=\"ROYAL STONE - natural Stone premium\" src=\"http:\/\/royalstone.com.vn\/wp-content\/uploads\/2023\/11\/printerest-royalstone.jpg\" alt=\"ROYAL STONE - natural Stone premium\" width=\"30\" height=\"30\" data-lazy-src=\"http:\/\/royalstone.com.vn\/wp-content\/uploads\/2023\/11\/printerest-royalstone.jpg\" data-ll-status=\"loaded\" data-lazy-=\"\" \/><\/a><a href=\"https:\/\/www.linkedin.com\/in\/royalstone-datunhien\/\" target=\"_blank\" rel=\"noopener nofollow\"><img decoding=\"async\" class=\"entered lazyloaded\" title=\"ROYAL STONE - natural Stone premium\" src=\"http:\/\/royalstone.com.vn\/wp-content\/uploads\/2023\/11\/linkedin-royalstone.jpg\" alt=\"ROYAL STONE - natural Stone premium\" width=\"30\" height=\"30\" data-lazy-src=\"http:\/\/royalstone.com.vn\/wp-content\/uploads\/2023\/11\/linkedin-royalstone.jpg\" data-ll-status=\"loaded\" data-lazy-=\"\" \/><\/a><\/div>\n<\/div>\n<\/div>","protected":false},"excerpt":{"rendered":"<ul class=\"l pr-des-featured\">\n<li>MSP: RSGTDN2023<\/li>\n<li>Place of origin: Vietnam<\/li>\n<li>Color: White<\/li>\n<li>Type of stone: Granite<\/li>\n<li>Size: small size<\/li>\n<li>Thickness: 1.8 Cm<\/li>\n<\/ul>","protected":false},"featured_media":642,"comment_status":"closed","ping_status":"closed","template":"","meta":{"inline_featured_image":false},"product_cat":[23,25],"product_tag":[],"class_list":{"0":"post-640","1":"product","2":"type-product","3":"status-publish","4":"has-post-thumbnail","6":"product_cat-da-granite","7":"product_cat-da-granite-gia-re","9":"first","10":"instock","11":"shipping-taxable","12":"product-type-simple"},"_links":{"self":[{"href":"https:\/\/royalstone.com.vn\/en\/wp-json\/wp\/v2\/product\/640","targetHints":{"allow":["GET"]}}],"collection":[{"href":"https:\/\/royalstone.com.vn\/en\/wp-json\/wp\/v2\/product"}],"about":[{"href":"https:\/\/royalstone.com.vn\/en\/wp-json\/wp\/v2\/types\/product"}],"replies":[{"embeddable":true,"href":"https:\/\/royalstone.com.vn\/en\/wp-json\/wp\/v2\/comments?post=640"}],"wp:featuredmedia":[{"embeddable":true,"href":"https:\/\/royalstone.com.vn\/en\/wp-json\/wp\/v2\/media\/642"}],"wp:attachment":[{"href":"https:\/\/royalstone.com.vn\/en\/wp-json\/wp\/v2\/media?parent=640"}],"wp:term":[{"taxonomy":"product_cat","embeddable":true,"href":"https:\/\/royalstone.com.vn\/en\/wp-json\/wp\/v2\/product_cat?post=640"},{"taxonomy":"product_tag","embeddable":true,"href":"https:\/\/royalstone.com.vn\/en\/wp-json\/wp\/v2\/product_tag?post=640"}],"curies":[{"name":"wp","href":"https:\/\/api.w.org\/{rel}","templated":true}]}}