{"id":637,"date":"2023-11-23T08:22:18","date_gmt":"2023-11-23T08:22:18","guid":{"rendered":"http:\/\/royalstone.com.vn\/?post_type=product&#038;p=637"},"modified":"2023-11-23T08:28:42","modified_gmt":"2023-11-23T08:28:42","slug":"da-granite-trang-anh-dong","status":"publish","type":"product","link":"https:\/\/royalstone.com.vn\/en\/da-granite-trang-anh-dong\/","title":{"rendered":"\u0110\u00e1 Granite Tr\u1eafng \u00c1nh \u0110\u1ed3ng"},"content":{"rendered":"<p data-sourcepos=\"13:1-13:338\"><a href=\"http:\/\/royalstone.com.vn\/en\/da-granite-trang-anh-dong\/\"><em><strong>\u0110\u00e1 Granite Tr\u1eafng \u00c1nh \u0110\u1ed3ng<\/strong><\/em><\/a> l\u00e0 m\u1ed9t lo\u1ea1i \u0111\u00e1 hoa c\u01b0\u01a1ng t\u1ef1 nhi\u00ean c\u00f3 ngu\u1ed3n g\u1ed1c t\u1eeb Vi\u1ec7t Nam. \u0110\u00e1 c\u00f3 m\u00e0u tr\u1eafng ch\u1ee7 \u0111\u1ea1o v\u1edbi nh\u1eefng \u0111\u01b0\u1eddng v\u00e2n m\u00e0u v\u00e0ng \u00f3ng \u00e1nh t\u1ea1o n\u00ean v\u1ebb \u0111\u1eb9p sang tr\u1ecdng, tinh t\u1ebf. <b><a href=\"https:\/\/royalstone.com.vn\/en\/da-granite-3-cm-la-lua-chon-hoan-hao\/\">Granite<\/a><\/b> Tr\u1eafng \u00c1nh \u0110\u1ed3ng \u0111\u01b0\u1ee3c \u1ee9ng d\u1ee5ng r\u1ed9ng r\u00e3i trong c\u00e1c h\u1ea1ng m\u1ee5c \u1ed1p l\u00e1t trong nh\u00e0 v\u00e0 ngo\u00e0i tr\u1eddi, mang \u0111\u1ebfn v\u1ebb \u0111\u1eb9p sang tr\u1ecdng v\u00e0 b\u1ec1n b\u1ec9 cho kh\u00f4ng gian s\u1ed1ng.<\/p>\n<p data-sourcepos=\"13:1-13:338\">M\u00e0u tr\u1eafng ch\u1ee7 \u0111\u1ea1o k\u1ebft h\u1ee3p v\u1edbi nh\u1eefng h\u1ea1t s\u00e1ng \u00e1nh \u0111\u1ed3ng, t\u1ea1o n\u00ean v\u1ebb \u0111\u1ed9c \u0111\u00e1o kh\u00f4ng th\u1ec3 nh\u1ea7m l\u1eabn v\u1edbi c\u00e1c lo\u1ea1i \u0111\u00e1 tr\u1eafng kh\u00e1c t\u1ea1i Vi\u1ec7t Nam. M\u00e0u tr\u1eafng, lu\u00f4n l\u00e0 bi\u1ec3u t\u01b0\u1ee3ng c\u1ee7a s\u1ef1 thanh nh\u00e3 v\u00e0 tinh t\u1ebf, khi\u1ebfn m\u1ecdi kh\u00f4ng gian s\u00e1ng b\u00f3ng, tinh kh\u00f4i, t\u00f4n vinh v\u1ebb \u0111\u1eb9p c\u1ee7a c\u0103n nh\u00e0<\/p>\n<h2 data-sourcepos=\"15:1-15:51\"><strong>\u0110\u1eb7c \u0111i\u1ec3m n\u1ed5i b\u1eadt c\u1ee7a \u0111\u00e1 Granite Tr\u1eafng \u00c1nh \u0110\u1ed3ng<\/strong><\/h2>\n<p data-sourcepos=\"17:1-17:54\"><b><a href=\"https:\/\/royalstone.com.vn\/en\/da-granite-trang-ve-dep-thanh-lich\/\">White Granite<\/a><\/b> \u00c1nh \u0110\u1ed3ng c\u00f3 c\u00e1c \u0111\u1eb7c \u0111i\u1ec3m n\u1ed5i b\u1eadt nh\u01b0:<\/p>\n<ul data-sourcepos=\"19:1-24:0\">\n<li data-sourcepos=\"19:1-19:111\"><strong>Color:<\/strong>\u00a0\u0110\u00e1 c\u00f3 m\u00e0u tr\u1eafng ch\u1ee7 \u0111\u1ea1o v\u1edbi nh\u1eefng \u0111\u01b0\u1eddng v\u00e2n m\u00e0u v\u00e0ng \u00f3ng \u00e1nh t\u1ea1o n\u00ean v\u1ebb \u0111\u1eb9p sang tr\u1ecdng, tinh t\u1ebf.<\/li>\n<li data-sourcepos=\"20:1-20:83\"><strong>Hardness:<\/strong>\u00a0Stone has high hardness, resistant to impact force strong, anti-scratch good.<\/li>\n<li data-sourcepos=\"21:1-21:83\"><strong>Waterproofing ability:<\/strong>\u00a0Stones are likely good waterproofing, not moldy, mildew.<\/li>\n<li data-sourcepos=\"22:1-22:107\"><strong>Heat resistant:<\/strong>\u00a0The stone has good heat resistance, no deformation when exposed to high temperatures.<\/li>\n<li data-sourcepos=\"23:1-24:0\"><strong>Ability hygiene:<\/strong>\u00a0Stone easy to clean, clean.<\/li>\n<\/ul>\n<figure id=\"attachment_639\" aria-describedby=\"caption-attachment-639\" style=\"width: 528px\" class=\"wp-caption aligncenter\"><img decoding=\"async\" class=\"wp-image-639 size-full\" title=\"\u0110\u00e1 Granite Tr\u1eafng \u00c1nh \u0110\u1ed3ng\" src=\"http:\/\/royalstone.com.vn\/wp-content\/uploads\/2023\/11\/da-granite-trang-anh-dong.jpg\" alt=\"\u0110\u00e1 Granite Tr\u1eafng \u00c1nh \u0110\u1ed3ng\" width=\"528\" height=\"424\" \/><figcaption id=\"caption-attachment-639\" class=\"wp-caption-text\">\u0110\u00e1 Granite Tr\u1eafng \u00c1nh \u0110\u1ed3ng<\/figcaption><\/figure>\n<h2 data-sourcepos=\"25:1-25:43\"><strong>\u1ee8ng d\u1ee5ng c\u1ee7a \u0111\u00e1 Granite Tr\u1eafng \u00c1nh \u0110\u1ed3ng trong \u0111\u1eddi s\u1ed1ng<\/strong><\/h2>\n<p data-sourcepos=\"27:1-27:216\"><a href=\"http:\/\/royalstone.com.vn\/en\/da-granite\/\"><em><strong>Granite<\/strong><\/em><\/a> Tr\u1eafng \u00c1nh \u0110\u1ed3ng \u0111\u01b0\u1ee3c \u1ee9ng d\u1ee5ng r\u1ed9ng r\u00e3i trong c\u00e1c h\u1ea1ng m\u1ee5c \u1ed1p l\u00e1t trong nh\u00e0 v\u00e0 ngo\u00e0i tr\u1eddi, mang \u0111\u1ebfn v\u1ebb \u0111\u1eb9p sang tr\u1ecdng v\u00e0 b\u1ec1n b\u1ec9 cho kh\u00f4ng gian s\u1ed1ng. C\u1ee5 th\u1ec3, \u0111\u00e1 c\u00f3 th\u1ec3 \u0111\u01b0\u1ee3c s\u1eed d\u1ee5ng \u0111\u1ec3 \u1ed1p l\u00e1t c\u00e1c h\u1ea1ng m\u1ee5c sau:<\/p>\n<ul data-sourcepos=\"29:1-36:0\">\n<li data-sourcepos=\"29:1-29:135\"><strong>Tiling facades:<\/strong> Granite Tr\u1eafng \u00c1nh \u0110\u1ed3ng c\u00f3 m\u00e0u s\u1eafc t\u01b0\u01a1i s\u00e1ng, sang tr\u1ecdng n\u00ean \u0111\u01b0\u1ee3c nhi\u1ec1u ng\u01b0\u1eddi l\u1ef1a ch\u1ecdn \u0111\u1ec3 \u1ed1p l\u00e1t m\u1eb7t ti\u1ec1n nh\u00e0.<\/li>\n<li data-sourcepos=\"30:1-30:130\"><strong>Tiling the kitchen:<\/strong>\u00a0\u0110\u00e1 Granite Tr\u1eafng \u00c1nh \u0110\u1ed3ng c\u00f3 kh\u1ea3 n\u0103ng ch\u1ed1ng th\u1ea5m, ch\u1ed1ng tr\u1ea7y x\u01b0\u1edbc t\u1ed1t n\u00ean r\u1ea5t ph\u00f9 h\u1ee3p \u0111\u1ec3 \u1ed1p l\u00e1t ph\u00f2ng b\u1ebfp.<\/li>\n<li data-sourcepos=\"31:1-31:127\"><strong>Bathroom tiling:<\/strong> Granite Tr\u1eafng \u00c1nh \u0110\u1ed3ng c\u00f3 kh\u1ea3 n\u0103ng ch\u1ed1ng th\u1ea5m, ch\u1ed1ng \u1ea9m m\u1ed1c t\u1ed1t n\u00ean r\u1ea5t ph\u00f9 h\u1ee3p \u0111\u1ec3 \u1ed1p l\u00e1t ph\u00f2ng t\u1eafm.<\/li>\n<li data-sourcepos=\"32:1-32:130\"><strong>Tiling stairs:<\/strong>\u00a0\u0110\u00e1 Granite Tr\u1eafng \u00c1nh \u0110\u1ed3ng c\u00f3 \u0111\u1ed9 c\u1ee9ng cao, ch\u1ecbu \u0111\u01b0\u1ee3c l\u1ef1c t\u00e1c \u0111\u1ed9ng m\u1ea1nh n\u00ean r\u1ea5t ph\u00f9 h\u1ee3p \u0111\u1ec3 \u1ed1p l\u00e1t c\u1ea7u thang.<\/li>\n<li data-sourcepos=\"33:1-33:152\"><strong>Tiling the kitchen table, desk, kitchen island:<\/strong> Granite Tr\u1eafng \u00c1nh \u0110\u1ed3ng c\u00f3 kh\u1ea3 n\u0103ng ch\u1ed1ng th\u1ea5m, ch\u1ed1ng tr\u1ea7y x\u01b0\u1edbc t\u1ed1t n\u00ean r\u1ea5t ph\u00f9 h\u1ee3p \u0111\u1ec3 \u1ed1p l\u00e1t b\u00e0n b\u1ebfp, b\u00e0n \u0111\u1ea3o b\u1ebfp.<\/li>\n<li data-sourcepos=\"34:1-34:140\"><strong>\u1ed0p l\u00e1t qu\u1ea7y bar, qu\u1ea7y l\u1ec5 t\u00e2n:<\/strong>\u00a0\u0110\u00e1 Granite Tr\u1eafng \u00c1nh \u0110\u1ed3ng c\u00f3 v\u1ebb \u0111\u1eb9p sang tr\u1ecdng, tinh t\u1ebf n\u00ean r\u1ea5t ph\u00f9 h\u1ee3p \u0111\u1ec3 \u1ed1p l\u00e1t qu\u1ea7y bar, qu\u1ea7y l\u1ec5 t\u00e2n.<\/li>\n<li data-sourcepos=\"35:1-36:0\"><strong>\u1ed0p l\u00e1t s\u00e0n nh\u00e0, t\u01b0\u1eddng nh\u00e0:<\/strong> Granite Tr\u1eafng \u00c1nh \u0110\u1ed3ng c\u00f3 m\u00e0u s\u1eafc t\u01b0\u01a1i s\u00e1ng, sang tr\u1ecdng n\u00ean r\u1ea5t ph\u00f9 h\u1ee3p \u0111\u1ec3 \u1ed1p l\u00e1t s\u00e0n nh\u00e0, t\u01b0\u1eddng nh\u00e0.<\/li>\n<\/ul>\n<p>\u0110\u00e1 Granite Tr\u1eafng \u00c1nh \u0110\u1ed3ng l\u00e0 ngu\u1ed3n cung \u1ee9ng v\u1eadt li\u1ec7u x\u00e2y d\u1ef1ng ph\u1ed5 bi\u1ebfn t\u1ea1i Vi\u1ec7t Nam, xu\u1ea5t hi\u1ec7n \u1edf m\u1ecdi n\u01a1i t\u1eeb gia \u0111\u00ecnh \u0111\u1ebfn c\u00f4ng ty, c\u00f4ng x\u01b0\u1edfng. V\u1edbi t\u00ednh linh ho\u1ea1t cao, \u0111\u00e1 hoa c\u01b0\u01a1ng tr\u1eafng \u00e1nh \u0111\u1ed3ng th\u01b0\u1eddng \u0111\u01b0\u1ee3c s\u1eed d\u1ee5ng \u0111\u1ec3 \u1ed1p c\u00e1c b\u1ec1 m\u1eb7t \u0111i l\u1ea1i nh\u01b0 c\u1ea7u thang, b\u1eadc tam c\u1ea5p, l\u00e1t s\u00e0n, ti\u1ec1n s\u1ea3nh, v\u00e0 nh\u1eefng kh\u00f4ng gian quan tr\u1ecdng kh\u00e1c.<\/p>\n<h2><strong>C\u00f4ng tr\u00ecnh th\u1ef1c t\u1ebf s\u1eed d\u1ee5ng \u0110\u00e1 Granite Tr\u1eafng \u00c1nh \u0110\u1ed3ng do Royal Stone th\u1ef1c hi\u1ec7n<\/strong><\/h2>\n<p>Granite Tr\u1eafng \u00c1nh \u0110\u1ed3ng \u1ed1p b\u00e0n b\u1ebfp<\/p>\n<p>Granite Tr\u1eafng \u00c1nh \u0110\u1ed3ng \u1ed1p b\u00e0n <b><a href=\"https:\/\/royalstone.com.vn\/en\/lavabo-rua-mat-bang-da-ua-chuong-nhat-hien-nay\/\">lavabo<\/a><\/b><\/p>\n<p>\u0110\u00e1 Tr\u1eafng \u00c1nh \u0110\u1ed3ng kh\u00f4ng ch\u1ec9 l\u00e0 l\u1ef1a ch\u1ecdn th\u1ecbnh h\u00e0nh trong thi\u1ebft k\u1ebf n\u1ed9i th\u1ea5t m\u00e0 c\u00f2n l\u00e0 bi\u1ec3u t\u01b0\u1ee3ng c\u1ee7a s\u1ef1 b\u1ec1n b\u1ec9. Vi\u1ec7c s\u1eed d\u1ee5ng n\u00f3 \u0111\u1ec3 \u1ed1p m\u1eb7t ti\u1ec1n c\u0103n h\u1ed9, l\u00e1t s\u00e0n, l\u00e0m b\u1ebfp, lavabo l\u00e0 c\u00e1ch tuy\u1ec7t v\u1eddi \u0111\u1ec3 t\u1ea1o \u0111i\u1ec3m nh\u1ea5n sang tr\u1ecdng v\u00e0 \u0111\u1ed9c \u0111\u00e1o cho kh\u00f4ng gian s\u1ed1ng c\u1ee7a b\u1ea1n.<\/p>\n<h3><strong>Contact information Royal Stone<\/strong><\/h3>\n<p><strong>COMPANY LIMITED ROYAL STONE<\/strong><\/p>\n<p>\u260e Hotline: 0963 689 531<\/p>\n<p>\ud83c\udfe0 Office : 283 Tay Mo Ward, Dai Mo ward, Nam tu Liem district, Ha Noi City.<\/p>\n<p>\ud83c\udfe0 Factory: the 10 Yen The town, Luc Yen district, Yen Bai province<\/p>\n<p>\ud83c\udfe0 Warehouse Ha Noi: Lane 24, Dai Mo, tu Liem, Ha Noi (falling edge 4 Van Phuc, Ha Dong)<\/p>\n<p>\ud83c\udf10 Website:\u00a0<a href=\"https:\/\/royalstone.com.vn\/en\/\">www.royalstone.com.vn<\/a><\/p>\n<h3 class=\"ftwp-heading\"><strong>Connect with Royal Stone<\/strong><\/h3>\n<div class=\"textwidget custom-html-widget\">\n<div class=\"textwidget custom-html-widget\">\n<div><a href=\"https:\/\/www.youtube.com\/@royalstone-datunhiencaocap\" target=\"_blank\" rel=\"noopener nofollow\"><img decoding=\"async\" class=\"entered lazyloaded\" title=\"ROYAL STONE - natural Stone premium\" src=\"http:\/\/royalstone.com.vn\/wp-content\/uploads\/2023\/11\/youtube-royalstone.jpg\" alt=\"ROYAL STONE - natural Stone premium\" width=\"30\" height=\"30\" data-lazy-src=\"http:\/\/royalstone.com.vn\/wp-content\/uploads\/2023\/11\/youtube-royalstone.jpg\" data-ll-status=\"loaded\" data-lazy-=\"\" \/><\/a><a href=\"https:\/\/www.facebook.com\/RoyalstoneDaTuNhienCaoCap\" target=\"_blank\" rel=\"noopener nofollow\"><img decoding=\"async\" class=\"entered lazyloaded\" title=\"ROYAL STONE - natural Stone premium\" src=\"http:\/\/royalstone.com.vn\/wp-content\/uploads\/2023\/11\/facebook-royalstone.jpg\" alt=\"ROYAL STONE - natural Stone premium\" width=\"30\" height=\"30\" data-lazy-src=\"http:\/\/royalstone.com.vn\/wp-content\/uploads\/2023\/11\/facebook-royalstone.jpg\" data-ll-status=\"loaded\" data-lazy-=\"\" \/><\/a><a href=\"https:\/\/twitter.com\/royalstonedatn\" target=\"_blank\" rel=\"noopener nofollow\"><img decoding=\"async\" class=\"entered lazyloaded\" title=\"ROYAL STONE - natural Stone premium\" src=\"http:\/\/royalstone.com.vn\/wp-content\/uploads\/2023\/11\/twitter-royalstone.jpg\" alt=\"ROYAL STONE - natural Stone premium\" width=\"30\" height=\"30\" data-lazy-src=\"http:\/\/royalstone.com.vn\/wp-content\/uploads\/2023\/11\/twitter-royalstone.jpg\" data-ll-status=\"loaded\" data-lazy-=\"\" \/><\/a><a href=\"https:\/\/www.pinterest.com\/royalstonedatunhiencaocap\/\" target=\"_blank\" rel=\"noopener nofollow\"><img decoding=\"async\" class=\"entered lazyloaded\" title=\"ROYAL STONE - natural Stone premium\" src=\"http:\/\/royalstone.com.vn\/wp-content\/uploads\/2023\/11\/printerest-royalstone.jpg\" alt=\"ROYAL STONE - natural Stone premium\" width=\"30\" height=\"30\" data-lazy-src=\"http:\/\/royalstone.com.vn\/wp-content\/uploads\/2023\/11\/printerest-royalstone.jpg\" data-ll-status=\"loaded\" data-lazy-=\"\" \/><\/a><a href=\"https:\/\/www.linkedin.com\/in\/royalstone-datunhien\/\" target=\"_blank\" rel=\"noopener nofollow\"><img decoding=\"async\" class=\"entered lazyloaded\" title=\"ROYAL STONE - natural Stone premium\" src=\"http:\/\/royalstone.com.vn\/wp-content\/uploads\/2023\/11\/linkedin-royalstone.jpg\" alt=\"ROYAL STONE - natural Stone premium\" width=\"30\" height=\"30\" data-lazy-src=\"http:\/\/royalstone.com.vn\/wp-content\/uploads\/2023\/11\/linkedin-royalstone.jpg\" data-ll-status=\"loaded\" data-lazy-=\"\" \/><\/a><\/div>\n<\/div>\n<\/div>","protected":false},"excerpt":{"rendered":"<ul class=\"l pr-des-featured\">\n<li>MSP: RSGTAD2023<\/li>\n<li>Place of origin: Vietnam<\/li>\n<li>Color: White<\/li>\n<li>Type of stone: Granite<\/li>\n<li>Size: small size<\/li>\n<li>Thickness: 1.8 Cm<\/li>\n<\/ul>","protected":false},"featured_media":639,"comment_status":"closed","ping_status":"closed","template":"","meta":{"inline_featured_image":false},"product_cat":[23,25],"product_tag":[],"class_list":{"0":"post-637","1":"product","2":"type-product","3":"status-publish","4":"has-post-thumbnail","6":"product_cat-da-granite","7":"product_cat-da-granite-gia-re","9":"first","10":"instock","11":"shipping-taxable","12":"product-type-simple"},"_links":{"self":[{"href":"https:\/\/royalstone.com.vn\/en\/wp-json\/wp\/v2\/product\/637","targetHints":{"allow":["GET"]}}],"collection":[{"href":"https:\/\/royalstone.com.vn\/en\/wp-json\/wp\/v2\/product"}],"about":[{"href":"https:\/\/royalstone.com.vn\/en\/wp-json\/wp\/v2\/types\/product"}],"replies":[{"embeddable":true,"href":"https:\/\/royalstone.com.vn\/en\/wp-json\/wp\/v2\/comments?post=637"}],"wp:featuredmedia":[{"embeddable":true,"href":"https:\/\/royalstone.com.vn\/en\/wp-json\/wp\/v2\/media\/639"}],"wp:attachment":[{"href":"https:\/\/royalstone.com.vn\/en\/wp-json\/wp\/v2\/media?parent=637"}],"wp:term":[{"taxonomy":"product_cat","embeddable":true,"href":"https:\/\/royalstone.com.vn\/en\/wp-json\/wp\/v2\/product_cat?post=637"},{"taxonomy":"product_tag","embeddable":true,"href":"https:\/\/royalstone.com.vn\/en\/wp-json\/wp\/v2\/product_tag?post=637"}],"curies":[{"name":"wp","href":"https:\/\/api.w.org\/{rel}","templated":true}]}}