{"id":599,"date":"2023-11-23T04:37:29","date_gmt":"2023-11-23T04:37:29","guid":{"rendered":"http:\/\/royalstone.com.vn\/?post_type=product&#038;p=599"},"modified":"2023-11-23T04:41:23","modified_gmt":"2023-11-23T04:41:23","slug":"da-granite-do-thanh-dao","status":"publish","type":"product","link":"https:\/\/royalstone.com.vn\/en\/da-granite-do-thanh-dao\/","title":{"rendered":"\u0110\u00e1 Granite \u0110\u1ecf Thanh \u0110\u1ea3o"},"content":{"rendered":"<p data-sourcepos=\"15:1-15:197\"><a href=\"http:\/\/royalstone.com.vn\/en\/da-granite-do-thanh-dao\/\"><em><strong>\u0110\u00e1 Granite \u0110\u1ecf Thanh \u0110\u1ea3o<\/strong><\/em><\/a> l\u00e0 m\u1ed9t lo\u1ea1i \u0111\u00e1 hoa c\u01b0\u01a1ng t\u1ef1 nhi\u00ean c\u00f3 ngu\u1ed3n g\u1ed1c t\u1eeb Trung Qu\u1ed1c. \u0110\u00e1 c\u00f3 m\u00e0u \u0111\u1ecf ch\u1ee7 \u0111\u1ea1o v\u1edbi nh\u1eefng \u0111\u01b0\u1eddng v\u00e2n m\u00e0u x\u00e1m, \u0111en, n\u00e2u,&#8230; xen k\u1ebd nhau t\u1ea1o n\u00ean v\u1ebb \u0111\u1eb9p sang tr\u1ecdng, \u0111\u1eb3ng c\u1ea5p.<\/p>\n<p data-sourcepos=\"17:1-17:211\"><b><a href=\"https:\/\/royalstone.com.vn\/en\/da-granite-3-cm-la-lua-chon-hoan-hao\/\">Granite<\/a><\/b> \u0110\u1ecf Thanh \u0110\u1ea3o \u0111\u01b0\u1ee3c khai th\u00e1c t\u1eeb c\u00e1c m\u1ecf \u0111\u00e1 n\u1eb1m \u1edf th\u00e0nh ph\u1ed1 Thanh \u0110\u1ea3o, t\u1ec9nh S\u01a1n \u0110\u00f4ng, Trung Qu\u1ed1c. \u0110\u00e2y l\u00e0 m\u1ed9t trong nh\u1eefng th\u00e0nh ph\u1ed1 l\u1edbn nh\u1ea5t Trung Qu\u1ed1c, c\u00f3 n\u1ec1n c\u00f4ng nghi\u1ec7p khai th\u00e1c \u0111\u00e1 ph\u00e1t tri\u1ec3n m\u1ea1nh m\u1ebd.<\/p>\n<h2 data-sourcepos=\"19:1-19:43\"><strong>\u0110\u1eb7c \u0111i\u1ec3m c\u1ee7a \u0111\u00e1 Granite \u0110\u1ecf Thanh \u0110\u1ea3o<\/strong><\/h2>\n<p data-sourcepos=\"21:1-21:52\"><b><a href=\"https:\/\/royalstone.com.vn\/en\/da-granite-do-net-dep-noi-bat-cho-khong-gian\/\">Red Granite<\/a><\/b> Thanh \u0110\u1ea3o c\u00f3 c\u00e1c \u0111\u1eb7c \u0111i\u1ec3m n\u1ed5i b\u1eadt nh\u01b0:<\/p>\n<ul data-sourcepos=\"23:1-28:0\">\n<li data-sourcepos=\"23:1-23:126\"><strong>Color:<\/strong>\u00a0\u0110\u00e1 c\u00f3 m\u00e0u \u0111\u1ecf ch\u1ee7 \u0111\u1ea1o v\u1edbi nh\u1eefng \u0111\u01b0\u1eddng v\u00e2n m\u00e0u x\u00e1m, \u0111en, n\u00e2u,&#8230; xen k\u1ebd nhau t\u1ea1o n\u00ean v\u1ebb \u0111\u1eb9p sang tr\u1ecdng, \u0111\u1eb3ng c\u1ea5p.<\/li>\n<li data-sourcepos=\"24:1-24:83\"><strong>Hardness:<\/strong>\u00a0Stone has high hardness, resistant to impact force strong, anti-scratch good.<\/li>\n<li data-sourcepos=\"25:1-25:83\"><strong>Waterproofing ability:<\/strong>\u00a0Stones are likely good waterproofing, not moldy, mildew.<\/li>\n<li data-sourcepos=\"26:1-26:107\"><strong>Heat resistant:<\/strong>\u00a0The stone has good heat resistance, no deformation when exposed to high temperatures.<\/li>\n<li data-sourcepos=\"27:1-28:0\"><strong>Ability hygiene:<\/strong>\u00a0Stone easy to clean, clean.<\/li>\n<\/ul>\n<figure id=\"attachment_603\" aria-describedby=\"caption-attachment-603\" style=\"width: 539px\" class=\"wp-caption alignnone\"><img decoding=\"async\" class=\"wp-image-603 size-full\" title=\"\u0110\u00e1 Granite \u0110\u1ecf Thanh \u0110\u1ea3o\" src=\"http:\/\/royalstone.com.vn\/wp-content\/uploads\/2023\/11\/da-granite-do-thanh-dao.jpg\" alt=\"\u0110\u00e1 Granite \u0110\u1ecf Thanh \u0110\u1ea3o\" width=\"539\" height=\"504\" \/><figcaption id=\"caption-attachment-603\" class=\"wp-caption-text\">\u0110\u00e1 Granite \u0110\u1ecf Thanh \u0110\u1ea3o<\/figcaption><\/figure>\n<h2 data-sourcepos=\"29:1-29:43\"><strong>\u1ee8ng d\u1ee5ng c\u1ee7a \u0111\u00e1 Granite \u0110\u1ecf Thanh \u0110\u1ea3o<\/strong><\/h2>\n<p data-sourcepos=\"31:1-31:70\">\u0110\u00e1 Granite \u0110\u1ecf Thanh \u0110\u1ea3o \u0111\u01b0\u1ee3c \u1ee9ng d\u1ee5ng r\u1ed9ng r\u00e3i trong c\u00e1c h\u1ea1ng m\u1ee5c nh\u01b0:<\/p>\n<ul data-sourcepos=\"33:1-40:0\">\n<li data-sourcepos=\"33:1-33:133\"><strong>Tiling facades:<\/strong>\u00a0\u0110\u00e1 Granite \u0110\u1ecf Thanh \u0110\u1ea3o c\u00f3 m\u00e0u s\u1eafc t\u01b0\u01a1i s\u00e1ng, sang tr\u1ecdng n\u00ean \u0111\u01b0\u1ee3c nhi\u1ec1u ng\u01b0\u1eddi l\u1ef1a ch\u1ecdn \u0111\u1ec3 \u1ed1p l\u00e1t m\u1eb7t ti\u1ec1n nh\u00e0.<\/li>\n<li data-sourcepos=\"34:1-34:128\"><strong>Tiling the kitchen:<\/strong> Granite \u0110\u1ecf Thanh \u0110\u1ea3o c\u00f3 kh\u1ea3 n\u0103ng ch\u1ed1ng th\u1ea5m, ch\u1ed1ng tr\u1ea7y x\u01b0\u1edbc t\u1ed1t n\u00ean r\u1ea5t ph\u00f9 h\u1ee3p \u0111\u1ec3 \u1ed1p l\u00e1t ph\u00f2ng b\u1ebfp.<\/li>\n<li data-sourcepos=\"35:1-35:125\"><strong>Bathroom tiling:<\/strong> Granite \u0110\u1ecf Thanh \u0110\u1ea3o c\u00f3 kh\u1ea3 n\u0103ng ch\u1ed1ng th\u1ea5m, ch\u1ed1ng \u1ea9m m\u1ed1c t\u1ed1t n\u00ean r\u1ea5t ph\u00f9 h\u1ee3p \u0111\u1ec3 \u1ed1p l\u00e1t ph\u00f2ng t\u1eafm.<\/li>\n<li data-sourcepos=\"36:1-36:128\"><strong>Tiling stairs:<\/strong> Granite \u0110\u1ecf Thanh \u0110\u1ea3o c\u00f3 \u0111\u1ed9 c\u1ee9ng cao, ch\u1ecbu \u0111\u01b0\u1ee3c l\u1ef1c t\u00e1c \u0111\u1ed9ng m\u1ea1nh n\u00ean r\u1ea5t ph\u00f9 h\u1ee3p \u0111\u1ec3 \u1ed1p l\u00e1t c\u1ea7u thang.<\/li>\n<li data-sourcepos=\"37:1-37:150\"><strong>Tiling the kitchen table, desk, kitchen island:<\/strong>\u00a0\u0110\u00e1 Granite \u0110\u1ecf Thanh \u0110\u1ea3o c\u00f3 kh\u1ea3 n\u0103ng ch\u1ed1ng th\u1ea5m, ch\u1ed1ng tr\u1ea7y x\u01b0\u1edbc t\u1ed1t n\u00ean r\u1ea5t ph\u00f9 h\u1ee3p \u0111\u1ec3 \u1ed1p l\u00e1t b\u00e0n b\u1ebfp, b\u00e0n \u0111\u1ea3o b\u1ebfp.<\/li>\n<li data-sourcepos=\"38:1-38:137\"><strong>Tiling <b><a href=\"https:\/\/royalstone.com.vn\/en\/lavabo-rua-mat-bang-da-ua-chuong-nhat-hien-nay\/\">lavabo<\/a><\/b>bath:<\/strong> Granite \u0110\u1ecf Thanh \u0110\u1ea3o c\u00f3 kh\u1ea3 n\u0103ng ch\u1ed1ng th\u1ea5m, ch\u1ed1ng \u1ea9m m\u1ed1c t\u1ed1t n\u00ean r\u1ea5t ph\u00f9 h\u1ee3p \u0111\u1ec3 \u1ed1p l\u00e1t lavabo, b\u1ed3n t\u1eafm.<\/li>\n<li data-sourcepos=\"39:1-40:0\"><strong>\u1ed0p l\u00e1t s\u1ea3nh kh\u00e1ch s\u1ea1n, nh\u00e0 h\u00e0ng:<\/strong>\u00a0\u0110\u00e1 Granite \u0110\u1ecf Thanh \u0110\u1ea3o c\u00f3 v\u1ebb \u0111\u1eb9p sang tr\u1ecdng, \u0111\u1eb3ng c\u1ea5p n\u00ean r\u1ea5t ph\u00f9 h\u1ee3p \u0111\u1ec3 \u1ed1p l\u00e1t s\u1ea3nh kh\u00e1ch s\u1ea1n, nh\u00e0 h\u00e0ng.<\/li>\n<\/ul>\n<h2 data-sourcepos=\"45:1-45:41\"><strong>Mua \u0111\u00e1 Granite \u0110\u1ecf Thanh \u0110\u1ea3o \u1edf \u0111\u00e2u?<\/strong><\/h2>\n<p data-sourcepos=\"47:1-47:227\">\u0110\u00e1 Granite \u0110\u1ecf Thanh \u0110\u1ea3o \u0111\u01b0\u1ee3c nh\u1eadp kh\u1ea9u tr\u1ef1c ti\u1ebfp t\u1eeb Trung Qu\u1ed1c v\u00e0 ph\u00e2n ph\u1ed1i b\u1edfi nhi\u1ec1u \u0111\u01a1n v\u1ecb tr\u00ean c\u1ea3 n\u01b0\u1edbc. Khi mua \u0111\u00e1 Granite \u0110\u1ecf Thanh \u0110\u1ea3o, kh\u00e1ch h\u00e0ng n\u00ean l\u1ef1a ch\u1ecdn c\u00e1c \u0111\u01a1n v\u1ecb uy t\u00edn \u0111\u1ec3 \u0111\u1ea3m b\u1ea3o ch\u1ea5t l\u01b0\u1ee3ng \u0111\u00e1 v\u00e0 gi\u00e1 th\u00e0nh h\u1ee3p l\u00fd.<\/p>\n<p data-sourcepos=\"51:1-51:213\">\u0110\u00e1 Granite \u0110\u1ecf Thanh \u0110\u1ea3o l\u00e0 m\u1ed9t lo\u1ea1i \u0111\u00e1 hoa c\u01b0\u01a1ng t\u1ef1 nhi\u00ean c\u00f3 nhi\u1ec1u \u01b0u \u0111i\u1ec3m n\u1ed5i b\u1eadt, ph\u00f9 h\u1ee3p v\u1edbi nhi\u1ec1u h\u1ea1ng m\u1ee5c \u1ed1p l\u00e1t trong nh\u00e0 v\u00e0 ngo\u00e0i tr\u1eddi. \u0110\u00e1 mang \u0111\u1ebfn v\u1ebb \u0111\u1eb9p sang tr\u1ecdng, \u0111\u1eb3ng c\u1ea5p v\u00e0 b\u1ec1n b\u1ec9 cho kh\u00f4ng gian s\u1ed1ng.<\/p>\n<h2><strong>C\u00f4ng tr\u00ecnh th\u1ef1c t\u1ebf s\u1eed d\u1ee5ng \u0110\u00e1 Granite \u0110\u1ecf Thanh \u0110\u1ea3o do Royal Stone th\u1ef1c hi\u1ec7n<\/strong><\/h2>\n<p>Granite \u0110\u1ecf Thanh \u0110\u1ea3o \u1ed1p b\u00e0n b\u1ebfp<\/p>\n<p>Granite \u0110\u1ecf Thanh \u0110\u1ea3o \u1ed1p b\u00e0n lavabo<\/p>\n<h3><strong>Contact information Royal Stone<\/strong><\/h3>\n<p><strong>COMPANY LIMITED ROYAL STONE<\/strong><\/p>\n<p>\u260e Hotline: 0963 689 531<\/p>\n<p>\ud83c\udfe0 Office : 283 Tay Mo Ward, Dai Mo ward, Nam tu Liem district, Ha Noi City.<\/p>\n<p>\ud83c\udfe0 Factory: the 10 Yen The town, Luc Yen district, Yen Bai province<\/p>\n<p>\ud83c\udfe0 Warehouse Ha Noi: Lane 24, Dai Mo, tu Liem, Ha Noi (falling edge 4 Van Phuc, Ha Dong)<\/p>\n<p>\ud83c\udf10 Website:\u00a0<a href=\"https:\/\/royalstone.com.vn\/en\/\">www.royalstone.com.vn<\/a><\/p>\n<h3 class=\"ftwp-heading\"><strong>Connect with Royal Stone<\/strong><\/h3>\n<div class=\"textwidget custom-html-widget\">\n<div class=\"textwidget custom-html-widget\">\n<div><a href=\"https:\/\/www.youtube.com\/@royalstone-datunhiencaocap\" target=\"_blank\" rel=\"noopener nofollow\"><img decoding=\"async\" class=\"entered lazyloaded\" title=\"ROYAL STONE - natural Stone premium\" src=\"http:\/\/royalstone.com.vn\/wp-content\/uploads\/2023\/11\/youtube-royalstone.jpg\" alt=\"ROYAL STONE - natural Stone premium\" width=\"30\" height=\"30\" data-lazy-src=\"http:\/\/royalstone.com.vn\/wp-content\/uploads\/2023\/11\/youtube-royalstone.jpg\" data-ll-status=\"loaded\" data-lazy-=\"\" \/><\/a><a href=\"https:\/\/www.facebook.com\/RoyalstoneDaTuNhienCaoCap\" target=\"_blank\" rel=\"noopener nofollow\"><img decoding=\"async\" class=\"entered lazyloaded\" title=\"ROYAL STONE - natural Stone premium\" src=\"http:\/\/royalstone.com.vn\/wp-content\/uploads\/2023\/11\/facebook-royalstone.jpg\" alt=\"ROYAL STONE - natural Stone premium\" width=\"30\" height=\"30\" data-lazy-src=\"http:\/\/royalstone.com.vn\/wp-content\/uploads\/2023\/11\/facebook-royalstone.jpg\" data-ll-status=\"loaded\" data-lazy-=\"\" \/><\/a><a href=\"https:\/\/twitter.com\/royalstonedatn\" target=\"_blank\" rel=\"noopener nofollow\"><img decoding=\"async\" class=\"entered lazyloaded\" title=\"ROYAL STONE - natural Stone premium\" src=\"http:\/\/royalstone.com.vn\/wp-content\/uploads\/2023\/11\/twitter-royalstone.jpg\" alt=\"ROYAL STONE - natural Stone premium\" width=\"30\" height=\"30\" data-lazy-src=\"http:\/\/royalstone.com.vn\/wp-content\/uploads\/2023\/11\/twitter-royalstone.jpg\" data-ll-status=\"loaded\" data-lazy-=\"\" \/><\/a><a href=\"https:\/\/www.pinterest.com\/royalstonedatunhiencaocap\/\" target=\"_blank\" rel=\"noopener nofollow\"><img decoding=\"async\" class=\"entered lazyloaded\" title=\"ROYAL STONE - natural Stone premium\" src=\"http:\/\/royalstone.com.vn\/wp-content\/uploads\/2023\/11\/printerest-royalstone.jpg\" alt=\"ROYAL STONE - natural Stone premium\" width=\"30\" height=\"30\" data-lazy-src=\"http:\/\/royalstone.com.vn\/wp-content\/uploads\/2023\/11\/printerest-royalstone.jpg\" data-ll-status=\"loaded\" data-lazy-=\"\" \/><\/a><a href=\"https:\/\/www.linkedin.com\/in\/royalstone-datunhien\/\" target=\"_blank\" rel=\"noopener nofollow\"><img decoding=\"async\" class=\"entered lazyloaded\" title=\"ROYAL STONE - natural Stone premium\" src=\"http:\/\/royalstone.com.vn\/wp-content\/uploads\/2023\/11\/linkedin-royalstone.jpg\" alt=\"ROYAL STONE - natural Stone premium\" width=\"30\" height=\"30\" data-lazy-src=\"http:\/\/royalstone.com.vn\/wp-content\/uploads\/2023\/11\/linkedin-royalstone.jpg\" data-ll-status=\"loaded\" data-lazy-=\"\" \/><\/a><\/div>\n<\/div>\n<\/div>","protected":false},"excerpt":{"rendered":"<ul class=\"l pr-des-featured\">\n<li>MSP: RSGDTD2023<\/li>\n<li>Xu\u1ea5t x\u1ee9: Trung Q\u1ed1c<\/li>\n<li>Color: Red<\/li>\n<li>Type of stone: Granite<\/li>\n<li>Size: small size<\/li>\n<li>Thickness: 1.8 cm<\/li>\n<\/ul>","protected":false},"featured_media":603,"comment_status":"closed","ping_status":"closed","template":"","meta":{"inline_featured_image":false},"product_cat":[23,25],"product_tag":[],"class_list":{"0":"post-599","1":"product","2":"type-product","3":"status-publish","4":"has-post-thumbnail","6":"product_cat-da-granite","7":"product_cat-da-granite-gia-re","9":"first","10":"instock","11":"shipping-taxable","12":"product-type-simple"},"_links":{"self":[{"href":"https:\/\/royalstone.com.vn\/en\/wp-json\/wp\/v2\/product\/599","targetHints":{"allow":["GET"]}}],"collection":[{"href":"https:\/\/royalstone.com.vn\/en\/wp-json\/wp\/v2\/product"}],"about":[{"href":"https:\/\/royalstone.com.vn\/en\/wp-json\/wp\/v2\/types\/product"}],"replies":[{"embeddable":true,"href":"https:\/\/royalstone.com.vn\/en\/wp-json\/wp\/v2\/comments?post=599"}],"wp:featuredmedia":[{"embeddable":true,"href":"https:\/\/royalstone.com.vn\/en\/wp-json\/wp\/v2\/media\/603"}],"wp:attachment":[{"href":"https:\/\/royalstone.com.vn\/en\/wp-json\/wp\/v2\/media?parent=599"}],"wp:term":[{"taxonomy":"product_cat","embeddable":true,"href":"https:\/\/royalstone.com.vn\/en\/wp-json\/wp\/v2\/product_cat?post=599"},{"taxonomy":"product_tag","embeddable":true,"href":"https:\/\/royalstone.com.vn\/en\/wp-json\/wp\/v2\/product_tag?post=599"}],"curies":[{"name":"wp","href":"https:\/\/api.w.org\/{rel}","templated":true}]}}