{"id":570,"date":"2023-11-23T02:24:06","date_gmt":"2023-11-23T02:24:06","guid":{"rendered":"http:\/\/royalstone.com.vn\/?post_type=product&#038;p=570"},"modified":"2023-11-23T02:25:11","modified_gmt":"2023-11-23T02:25:11","slug":"da-granite-green-pebble","status":"publish","type":"product","link":"https:\/\/royalstone.com.vn\/en\/da-granite-green-pebble\/","title":{"rendered":"Granite Green Pebble"},"content":{"rendered":"<p data-sourcepos=\"19:1-19:196\"><a href=\"http:\/\/royalstone.com.vn\/en\/da-granite-green-pebble\/\"><em><strong>Granite Green Pebble<\/strong><\/em><\/a> l\u00e0 m\u1ed9t lo\u1ea1i \u0111\u00e1 hoa c\u01b0\u01a1ng t\u1ef1 nhi\u00ean c\u00f3 ngu\u1ed3n g\u1ed1c t\u1eeb \u1ea4n \u0110\u1ed9. \u0110\u00e1 c\u00f3 m\u00e0u xanh ch\u1ee7 \u0111\u1ea1o v\u1edbi nh\u1eefng vi\u00ean s\u1ecfi nh\u1ecf m\u00e0u tr\u1eafng xen k\u1ebd nhau t\u1ea1o n\u00ean v\u1ebb \u0111\u1eb9p t\u1ef1 nhi\u00ean, sang tr\u1ecdng v\u00e0 \u0111\u1ed9c \u0111\u00e1o.<\/p>\n<h2 data-sourcepos=\"21:1-21:48\"><strong>\u0110\u1eb7c \u0111i\u1ec3m n\u1ed5i b\u1eadt c\u1ee7a \u0111\u00e1 Granite Green Pebble<\/strong><\/h2>\n<ul data-sourcepos=\"23:1-28:0\">\n<li data-sourcepos=\"23:1-23:195\"><strong>Color:<\/strong>\u00a0\u0110\u00e1 c\u00f3 m\u00e0u xanh ch\u1ee7 \u0111\u1ea1o v\u1edbi nh\u1eefng vi\u00ean s\u1ecfi nh\u1ecf m\u00e0u tr\u1eafng xen k\u1ebd nhau t\u1ea1o n\u00ean v\u1ebb \u0111\u1eb9p t\u1ef1 nhi\u00ean, sang tr\u1ecdng v\u00e0 \u0111\u1ed9c \u0111\u00e1o. M\u00e0u xanh c\u1ee7a \u0111\u00e1 t\u01b0\u1ee3ng tr\u01b0ng cho s\u1ef1 t\u01b0\u01a1i m\u00e1t, hy v\u1ecdng v\u00e0 may m\u1eafn.<\/li>\n<li data-sourcepos=\"24:1-24:157\"><strong>Hardness:<\/strong>\u00a0\u0110\u00e1 c\u00f3 \u0111\u1ed9 c\u1ee9ng cao, ch\u1ecbu \u0111\u01b0\u1ee3c l\u1ef1c t\u00e1c \u0111\u1ed9ng m\u1ea1nh, ch\u1ed1ng tr\u1ea7y x\u01b0\u1edbc t\u1ed1t. \u0110\u00e1 c\u00f3 \u0111\u1ed9 b\u1ec1n cao, c\u00f3 th\u1ec3 s\u1eed d\u1ee5ng trong th\u1eddi gian d\u00e0i m\u00e0 kh\u00f4ng b\u1ecb h\u01b0 h\u1ecfng.<\/li>\n<li data-sourcepos=\"25:1-25:171\"><strong>Waterproofing ability:<\/strong>\u00a0\u0110\u00e1 c\u00f3 kh\u1ea3 n\u0103ng ch\u1ed1ng th\u1ea5m t\u1ed1t, kh\u00f4ng b\u1ecb \u1ea9m m\u1ed1c, r\u00eau m\u1ed1c. \u0110\u00e1 c\u00f3 th\u1ec3 s\u1eed d\u1ee5ng trong m\u00f4i tr\u01b0\u1eddng \u1ea9m \u01b0\u1edbt nh\u01b0 ph\u00f2ng t\u1eafm, nh\u00e0 b\u1ebfp m\u00e0 kh\u00f4ng b\u1ecb \u1ea3nh h\u01b0\u1edfng.<\/li>\n<li data-sourcepos=\"26:1-26:196\"><strong>Heat resistant:<\/strong>\u00a0\u0110\u00e1 c\u00f3 kh\u1ea3 n\u0103ng ch\u1ecbu nhi\u1ec7t t\u1ed1t, kh\u00f4ng b\u1ecb bi\u1ebfn d\u1ea1ng khi ti\u1ebfp x\u00fac v\u1edbi nhi\u1ec7t \u0111\u1ed9 cao. \u0110\u00e1 c\u00f3 th\u1ec3 s\u1eed d\u1ee5ng \u0111\u1ec3 \u1ed1p l\u00e1t b\u1ebfp, \u1ed1p l\u00e1t m\u1eb7t ti\u1ec1n nh\u00e0 m\u00e0 kh\u00f4ng b\u1ecb \u1ea3nh h\u01b0\u1edfng b\u1edfi nhi\u1ec7t \u0111\u1ed9.<\/li>\n<li data-sourcepos=\"27:1-28:0\"><strong>Ability hygiene:<\/strong>\u00a0\u0110\u00e1 d\u1ec5 d\u00e0ng v\u1ec7 sinh, lau ch\u00f9i. Ch\u1ec9 c\u1ea7n s\u1eed d\u1ee5ng n\u01b0\u1edbc s\u1ea1ch v\u00e0 kh\u0103n m\u1ec1m l\u00e0 c\u00f3 th\u1ec3 l\u00e0m s\u1ea1ch \u0111\u00e1 m\u00e0 kh\u00f4ng c\u1ea7n s\u1eed d\u1ee5ng c\u00e1c ch\u1ea5t t\u1ea9y r\u1eeda m\u1ea1nh.<\/li>\n<\/ul>\n<figure id=\"attachment_573\" aria-describedby=\"caption-attachment-573\" style=\"width: 573px\" class=\"wp-caption aligncenter\"><img decoding=\"async\" class=\"wp-image-573 size-full\" title=\"Granite Green Pebble\" src=\"http:\/\/royalstone.com.vn\/wp-content\/uploads\/2023\/11\/da-granite-green-pebble.jpg\" alt=\"Granite Green Pebble\" width=\"573\" height=\"368\" \/><figcaption id=\"caption-attachment-573\" class=\"wp-caption-text\"><b><a href=\"https:\/\/royalstone.com.vn\/en\/da-granite-3-cm-la-lua-chon-hoan-hao\/\">Granite<\/a><\/b> Green Pebble<\/figcaption><\/figure>\n<h2 data-sourcepos=\"29:1-29:40\"><strong>\u1ee8ng d\u1ee5ng c\u1ee7a \u0111\u00e1 Granite Green Pebble<\/strong><\/h2>\n<p data-sourcepos=\"31:1-31:101\"><a href=\"http:\/\/royalstone.com.vn\/en\/da-granite\/\"><em><strong>Granite<\/strong><\/em><\/a> Green Pebble \u0111\u01b0\u1ee3c \u1ee9ng d\u1ee5ng r\u1ed9ng r\u00e3i trong c\u00e1c h\u1ea1ng m\u1ee5c \u1ed1p l\u00e1t trong nh\u00e0 v\u00e0 ngo\u00e0i tr\u1eddi nh\u01b0:<\/p>\n<ul data-sourcepos=\"33:1-40:0\">\n<li data-sourcepos=\"33:1-33:192\"><strong>Tiling facades:<\/strong>\u00a0\u0110\u00e1 Granite Green Pebble c\u00f3 m\u00e0u s\u1eafc t\u01b0\u01a1i s\u00e1ng, sang tr\u1ecdng n\u00ean \u0111\u01b0\u1ee3c nhi\u1ec1u ng\u01b0\u1eddi l\u1ef1a ch\u1ecdn \u0111\u1ec3 \u1ed1p l\u00e1t m\u1eb7t ti\u1ec1n nh\u00e0. \u0110\u00e1 gi\u00fap mang l\u1ea1i v\u1ebb \u0111\u1eb9p hi\u1ec7n \u0111\u1ea1i, sang tr\u1ecdng cho ng\u00f4i nh\u00e0.<\/li>\n<li data-sourcepos=\"34:1-34:176\"><strong>Tiling the living room:<\/strong>\u00a0\u0110\u00e1 Granite Green Pebble c\u00f3 m\u00e0u s\u1eafc \u1ea5m \u00e1p, th\u01b0 gi\u00e3n n\u00ean r\u1ea5t ph\u00f9 h\u1ee3p \u0111\u1ec3 \u1ed1p l\u00e1t ph\u00f2ng kh\u00e1ch. \u0110\u00e1 gi\u00fap mang l\u1ea1i v\u1ebb \u0111\u1eb9p sang tr\u1ecdng, tinh t\u1ebf cho ph\u00f2ng kh\u00e1ch.<\/li>\n<li data-sourcepos=\"35:1-35:169\"><strong>Tiling bedrooms:<\/strong>\u00a0\u0110\u00e1 Granite Green Pebble c\u00f3 m\u00e0u s\u1eafc d\u1ecbu nh\u1eb9, th\u01b0 gi\u00e3n n\u00ean r\u1ea5t ph\u00f9 h\u1ee3p \u0111\u1ec3 \u1ed1p l\u00e1t ph\u00f2ng ng\u1ee7. \u0110\u00e1 gi\u00fap mang l\u1ea1i v\u1ebb \u0111\u1eb9p nh\u1eb9 nh\u00e0ng, \u1ea5m \u00e1p cho ph\u00f2ng ng\u1ee7.<\/li>\n<li data-sourcepos=\"36:1-36:189\"><strong>Tiling the kitchen:<\/strong>\u00a0\u0110\u00e1 Granite Green Pebble c\u00f3 kh\u1ea3 n\u0103ng ch\u1ed1ng th\u1ea5m, ch\u1ed1ng tr\u1ea7y x\u01b0\u1edbc t\u1ed1t n\u00ean r\u1ea5t ph\u00f9 h\u1ee3p \u0111\u1ec3 \u1ed1p l\u00e1t ph\u00f2ng b\u1ebfp. \u0110\u00e1 gi\u00fap mang l\u1ea1i v\u1ebb \u0111\u1eb9p sang tr\u1ecdng, ti\u1ec7n nghi cho ph\u00f2ng b\u1ebfp.<\/li>\n<li data-sourcepos=\"37:1-37:186\"><strong>Tiling stairs:<\/strong>\u00a0\u0110\u00e1 Granite Green Pebble c\u00f3 \u0111\u1ed9 c\u1ee9ng cao, ch\u1ecbu \u0111\u01b0\u1ee3c l\u1ef1c t\u00e1c \u0111\u1ed9ng m\u1ea1nh n\u00ean r\u1ea5t ph\u00f9 h\u1ee3p \u0111\u1ec3 \u1ed1p l\u00e1t c\u1ea7u thang. \u0110\u00e1 gi\u00fap mang l\u1ea1i v\u1ebb \u0111\u1eb9p sang tr\u1ecdng, b\u1ec1n b\u1ec9 cho c\u1ea7u thang.<\/li>\n<li data-sourcepos=\"38:1-38:211\"><strong>Tiling the kitchen table, desk, kitchen island:<\/strong>\u00a0\u0110\u00e1 Granite Green Pebble c\u00f3 kh\u1ea3 n\u0103ng ch\u1ed1ng th\u1ea5m, ch\u1ed1ng tr\u1ea7y x\u01b0\u1edbc t\u1ed1t n\u00ean r\u1ea5t ph\u00f9 h\u1ee3p \u0111\u1ec3 \u1ed1p l\u00e1t b\u00e0n b\u1ebfp, b\u00e0n \u0111\u1ea3o b\u1ebfp. \u0110\u00e1 gi\u00fap mang l\u1ea1i v\u1ebb \u0111\u1eb9p sang tr\u1ecdng, ti\u1ec7n nghi cho ph\u00f2ng b\u1ebfp.<\/li>\n<li data-sourcepos=\"39:1-40:0\"><strong>Tiling <b><a href=\"https:\/\/royalstone.com.vn\/en\/lavabo-rua-mat-bang-da-ua-chuong-nhat-hien-nay\/\">lavabo<\/a><\/b>bath:<\/strong>\u00a0\u0110\u00e1 Granite Green Pebble c\u00f3 kh\u1ea3 n\u0103ng ch\u1ed1ng th\u1ea5m, ch\u1ed1ng \u1ea9m m\u1ed1c t\u1ed1t n\u00ean r\u1ea5t ph\u00f9 h\u1ee3p \u0111\u1ec3 \u1ed1p l\u00e1t lavabo, b\u1ed3n t\u1eafm. \u0110\u00e1 gi\u00fap mang l\u1ea1i v\u1ebb \u0111\u1eb9p sang tr\u1ecdng, s\u1ea1ch s\u1ebd cho ph\u00f2ng t\u1eafm.<\/li>\n<\/ul>\n<h2><strong>C\u00f4ng tr\u00ecnh th\u1ef1c t\u1ebf s\u1eed d\u1ee5ng \u0110\u00e1 Granite Xanh Campuchia do Royal Stone th\u1ef1c hi\u1ec7n<\/strong><\/h2>\n<p>\u0110\u00e1 Granite Green Pebble \u1ed1p b\u00e0n b\u1ebfp<\/p>\n<p>\u0110\u00e1 Granite Green Pebble \u1ed1p b\u00e0n lavabo<\/p>\n<h3><strong>Contact information Royal Stone<\/strong><\/h3>\n<p><strong>COMPANY LIMITED ROYAL STONE<\/strong><\/p>\n<p>\u260e Hotline: 0963 689 531<\/p>\n<p>\ud83c\udfe0 Office : 283 Tay Mo Ward, Dai Mo ward, Nam tu Liem district, Ha Noi City.<\/p>\n<p>\ud83c\udfe0 Factory: the 10 Yen The town, Luc Yen district, Yen Bai province<\/p>\n<p>\ud83c\udfe0 Warehouse Ha Noi: Lane 24, Dai Mo, tu Liem, Ha Noi (falling edge 4 Van Phuc, Ha Dong)<\/p>\n<p>\ud83c\udf10 Website:\u00a0<a href=\"https:\/\/royalstone.com.vn\/en\/\">www.royalstone.com.vn<\/a><\/p>\n<h3 class=\"ftwp-heading\"><strong>Connect with Royal Stone<\/strong><\/h3>\n<div class=\"textwidget custom-html-widget\">\n<div class=\"textwidget custom-html-widget\">\n<div><a href=\"https:\/\/www.youtube.com\/@royalstone-datunhiencaocap\" target=\"_blank\" rel=\"noopener nofollow\"><img decoding=\"async\" class=\"entered lazyloaded\" title=\"ROYAL STONE - natural Stone premium\" src=\"http:\/\/royalstone.com.vn\/wp-content\/uploads\/2023\/11\/youtube-royalstone.jpg\" alt=\"ROYAL STONE - natural Stone premium\" width=\"30\" height=\"30\" data-lazy-src=\"http:\/\/royalstone.com.vn\/wp-content\/uploads\/2023\/11\/youtube-royalstone.jpg\" data-ll-status=\"loaded\" data-lazy-=\"\" \/><\/a><a href=\"https:\/\/www.facebook.com\/RoyalstoneDaTuNhienCaoCap\" target=\"_blank\" rel=\"noopener nofollow\"><img decoding=\"async\" class=\"entered lazyloaded\" title=\"ROYAL STONE - natural Stone premium\" src=\"http:\/\/royalstone.com.vn\/wp-content\/uploads\/2023\/11\/facebook-royalstone.jpg\" alt=\"ROYAL STONE - natural Stone premium\" width=\"30\" height=\"30\" data-lazy-src=\"http:\/\/royalstone.com.vn\/wp-content\/uploads\/2023\/11\/facebook-royalstone.jpg\" data-ll-status=\"loaded\" data-lazy-=\"\" \/><\/a><a href=\"https:\/\/twitter.com\/royalstonedatn\" target=\"_blank\" rel=\"noopener nofollow\"><img decoding=\"async\" class=\"entered lazyloaded\" title=\"ROYAL STONE - natural Stone premium\" src=\"http:\/\/royalstone.com.vn\/wp-content\/uploads\/2023\/11\/twitter-royalstone.jpg\" alt=\"ROYAL STONE - natural Stone premium\" width=\"30\" height=\"30\" data-lazy-src=\"http:\/\/royalstone.com.vn\/wp-content\/uploads\/2023\/11\/twitter-royalstone.jpg\" data-ll-status=\"loaded\" data-lazy-=\"\" \/><\/a><a href=\"https:\/\/www.pinterest.com\/royalstonedatunhiencaocap\/\" target=\"_blank\" rel=\"noopener nofollow\"><img decoding=\"async\" class=\"entered lazyloaded\" title=\"ROYAL STONE - natural Stone premium\" src=\"http:\/\/royalstone.com.vn\/wp-content\/uploads\/2023\/11\/printerest-royalstone.jpg\" alt=\"ROYAL STONE - natural Stone premium\" width=\"30\" height=\"30\" data-lazy-src=\"http:\/\/royalstone.com.vn\/wp-content\/uploads\/2023\/11\/printerest-royalstone.jpg\" data-ll-status=\"loaded\" data-lazy-=\"\" \/><\/a><a href=\"https:\/\/www.linkedin.com\/in\/royalstone-datunhien\/\" target=\"_blank\" rel=\"noopener nofollow\"><img decoding=\"async\" class=\"entered lazyloaded\" title=\"ROYAL STONE - natural Stone premium\" src=\"http:\/\/royalstone.com.vn\/wp-content\/uploads\/2023\/11\/linkedin-royalstone.jpg\" alt=\"ROYAL STONE - natural Stone premium\" width=\"30\" height=\"30\" data-lazy-src=\"http:\/\/royalstone.com.vn\/wp-content\/uploads\/2023\/11\/linkedin-royalstone.jpg\" data-ll-status=\"loaded\" data-lazy-=\"\" \/><\/a><\/div>\n<\/div>\n<\/div>","protected":false},"excerpt":{"rendered":"<ul class=\"l pr-des-featured\">\n<li>MSP: RSGGP2023<\/li>\n<li>Place of origin: India<\/li>\n<li>Color: Blue<\/li>\n<li>Type of stone: Granite<\/li>\n<li>Size: small size<\/li>\n<li>Thickness: 1.8 Cm<\/li>\n<\/ul>","protected":false},"featured_media":573,"comment_status":"closed","ping_status":"closed","template":"","meta":{"inline_featured_image":false},"product_cat":[23,34],"product_tag":[],"class_list":{"0":"post-570","1":"product","2":"type-product","3":"status-publish","4":"has-post-thumbnail","6":"product_cat-da-granite","7":"product_cat-da-granite-xanh","9":"first","10":"instock","11":"shipping-taxable","12":"product-type-simple"},"_links":{"self":[{"href":"https:\/\/royalstone.com.vn\/en\/wp-json\/wp\/v2\/product\/570","targetHints":{"allow":["GET"]}}],"collection":[{"href":"https:\/\/royalstone.com.vn\/en\/wp-json\/wp\/v2\/product"}],"about":[{"href":"https:\/\/royalstone.com.vn\/en\/wp-json\/wp\/v2\/types\/product"}],"replies":[{"embeddable":true,"href":"https:\/\/royalstone.com.vn\/en\/wp-json\/wp\/v2\/comments?post=570"}],"wp:featuredmedia":[{"embeddable":true,"href":"https:\/\/royalstone.com.vn\/en\/wp-json\/wp\/v2\/media\/573"}],"wp:attachment":[{"href":"https:\/\/royalstone.com.vn\/en\/wp-json\/wp\/v2\/media?parent=570"}],"wp:term":[{"taxonomy":"product_cat","embeddable":true,"href":"https:\/\/royalstone.com.vn\/en\/wp-json\/wp\/v2\/product_cat?post=570"},{"taxonomy":"product_tag","embeddable":true,"href":"https:\/\/royalstone.com.vn\/en\/wp-json\/wp\/v2\/product_tag?post=570"}],"curies":[{"name":"wp","href":"https:\/\/api.w.org\/{rel}","templated":true}]}}