{"id":556,"date":"2023-11-23T01:58:07","date_gmt":"2023-11-23T01:58:07","guid":{"rendered":"http:\/\/royalstone.com.vn\/?post_type=product&#038;p=556"},"modified":"2023-11-23T02:00:08","modified_gmt":"2023-11-23T02:00:08","slug":"da-granite-xanh-dai-loan","status":"publish","type":"product","link":"https:\/\/royalstone.com.vn\/en\/da-granite-xanh-dai-loan\/","title":{"rendered":"\u0110\u00e1 Granite Xanh \u0110\u00e0i Loan"},"content":{"rendered":"<p data-sourcepos=\"7:1-7:184\"><a href=\"http:\/\/royalstone.com.vn\/en\/da-granite-xanh-dai-loan\/\"><em><strong>\u0110\u00e1 Granite Xanh \u0110\u00e0i Loan<\/strong><\/em><\/a> l\u00e0 m\u1ed9t lo\u1ea1i \u0111\u00e1 hoa c\u01b0\u01a1ng t\u1ef1 nhi\u00ean c\u00f3 ngu\u1ed3n g\u1ed1c t\u1eeb \u0110\u00e0i Loan. \u0110\u00e1 c\u00f3 m\u00e0u xanh r\u00eau \u0111\u1eb7c tr\u01b0ng v\u1edbi nh\u1eefng \u0111\u01b0\u1eddng v\u00e2n m\u00e0u tr\u1eafng b\u1ea1c, t\u1ea1o n\u00ean v\u1ebb \u0111\u1eb9p sang tr\u1ecdng, tinh t\u1ebf.<\/p>\n<h2 data-sourcepos=\"9:1-9:12\"><strong>\u0110\u1eb7c \u0111i\u1ec3m \u0110\u00e1 Granite Xanh \u0110\u00e0i Loan<\/strong><\/h2>\n<ul data-sourcepos=\"11:1-16:0\">\n<li data-sourcepos=\"11:1-11:244\"><strong>Color:<\/strong>\u00a0<b><a href=\"https:\/\/royalstone.com.vn\/en\/da-granite-3-cm-la-lua-chon-hoan-hao\/\">Granite<\/a><\/b> Xanh \u0110\u00e0i Loan c\u00f3 m\u00e0u xanh r\u00eau \u0111\u1eb7c tr\u01b0ng v\u1edbi nh\u1eefng \u0111\u01b0\u1eddng v\u00e2n m\u00e0u tr\u1eafng b\u1ea1c, t\u1ea1o n\u00ean v\u1ebb \u0111\u1eb9p sang tr\u1ecdng, tinh t\u1ebf. M\u00e0u xanh r\u00eau c\u1ee7a \u0111\u00e1 mang \u00fd ngh\u0129a c\u1ee7a s\u1ef1 sinh tr\u01b0\u1edfng, ph\u00e1t tri\u1ec3n, ph\u00f9 h\u1ee3p v\u1edbi phong th\u1ee7y c\u1ee7a nhi\u1ec1u gia \u0111\u00ecnh.<\/li>\n<li data-sourcepos=\"12:1-12:169\"><strong>Hardness:<\/strong>\u00a0<b><a href=\"https:\/\/royalstone.com.vn\/en\/da-granite-xanh-ve-dep-tuyet-tac-cho-khong-gian\/\">Granite Green<\/a><\/b> \u0110\u00e0i Loan c\u00f3 \u0111\u1ed9 c\u1ee9ng cao, ch\u1ecbu \u0111\u01b0\u1ee3c l\u1ef1c t\u00e1c \u0111\u1ed9ng m\u1ea1nh, ch\u1ed1ng tr\u1ea7y x\u01b0\u1edbc t\u1ed1t. \u0110\u00e1 c\u00f3 \u0111\u1ed9 c\u1ee9ng Mohs l\u00e0 7, t\u01b0\u01a1ng \u0111\u01b0\u01a1ng v\u1edbi \u0111\u1ed9 c\u1ee9ng c\u1ee7a kim c\u01b0\u01a1ng.<\/li>\n<li data-sourcepos=\"13:1-13:178\"><strong>Waterproofing ability:<\/strong>\u00a0\u0110\u00e1 Granite Xanh \u0110\u00e0i Loan c\u00f3 kh\u1ea3 n\u0103ng ch\u1ed1ng th\u1ea5m t\u1ed1t, kh\u00f4ng b\u1ecb \u1ea9m m\u1ed1c, r\u00eau m\u1ed1c. \u0110\u00e1 kh\u00f4ng b\u1ecb \u1ea3nh h\u01b0\u1edfng b\u1edfi c\u00e1c t\u00e1c nh\u00e2n m\u00f4i tr\u01b0\u1eddng nh\u01b0 m\u01b0a, n\u1eafng, gi\u00f3,&#8230;<\/li>\n<li data-sourcepos=\"14:1-14:178\"><strong>Heat resistant:<\/strong>\u00a0\u0110\u00e1 Granite Xanh \u0110\u00e0i Loan c\u00f3 kh\u1ea3 n\u0103ng ch\u1ecbu nhi\u1ec7t t\u1ed1t, kh\u00f4ng b\u1ecb bi\u1ebfn d\u1ea1ng khi ti\u1ebfp x\u00fac v\u1edbi nhi\u1ec7t \u0111\u1ed9 cao. \u0110\u00e1 c\u00f3 th\u1ec3 ch\u1ecbu \u0111\u01b0\u1ee3c nhi\u1ec7t \u0111\u1ed9 l\u00ean \u0111\u1ebfn 1.200 \u0111\u1ed9 C.<\/li>\n<li data-sourcepos=\"15:1-16:0\"><strong>Ability hygiene:<\/strong>\u00a0\u0110\u00e1 Granite Xanh \u0110\u00e0i Loan d\u1ec5 d\u00e0ng v\u1ec7 sinh, lau ch\u00f9i. \u0110\u00e1 kh\u00f4ng b\u1ecb b\u00e1m b\u1ea9n, d\u1ec5 d\u00e0ng lo\u1ea1i b\u1ecf v\u1ebft b\u1ea9n b\u1eb1ng c\u00e1c ch\u1ea5t t\u1ea9y r\u1eeda th\u00f4ng th\u01b0\u1eddng.<\/li>\n<\/ul>\n<figure id=\"attachment_560\" aria-describedby=\"caption-attachment-560\" style=\"width: 576px\" class=\"wp-caption alignnone\"><img decoding=\"async\" class=\"wp-image-560 size-full\" title=\"\u0110\u00e1 Granite Xanh \u0110\u00e0i Loan\" src=\"http:\/\/royalstone.com.vn\/wp-content\/uploads\/2023\/11\/da-granite-xanh-dai-loan.jpg\" alt=\"\u0110\u00e1 Granite Xanh \u0110\u00e0i Loan\" width=\"576\" height=\"442\" \/><figcaption id=\"caption-attachment-560\" class=\"wp-caption-text\">\u0110\u00e1 Granite Xanh \u0110\u00e0i Loan<\/figcaption><\/figure>\n<h2 data-sourcepos=\"17:1-17:12\"><strong>\u1ee8ng d\u1ee5ng \u0110\u00e1 Granite Xanh \u0110\u00e0i Loan<\/strong><\/h2>\n<p data-sourcepos=\"19:1-19:71\"><a href=\"http:\/\/royalstone.com.vn\/en\/da-granite\/\"><em><strong>Granite<\/strong><\/em><\/a> Xanh \u0110\u00e0i Loan \u0111\u01b0\u1ee3c \u1ee9ng d\u1ee5ng r\u1ed9ng r\u00e3i trong c\u00e1c h\u1ea1ng m\u1ee5c nh\u01b0:<\/p>\n<ul data-sourcepos=\"21:1-27:0\">\n<li data-sourcepos=\"21:1-21:193\"><strong>Tiling facades:<\/strong>\u00a0\u0110\u00e1 Granite Xanh \u0110\u00e0i Loan c\u00f3 m\u00e0u s\u1eafc t\u01b0\u01a1i s\u00e1ng, sang tr\u1ecdng n\u00ean \u0111\u01b0\u1ee3c nhi\u1ec1u ng\u01b0\u1eddi l\u1ef1a ch\u1ecdn \u0111\u1ec3 \u1ed1p l\u00e1t m\u1eb7t ti\u1ec1n nh\u00e0. \u0110\u00e1 gi\u00fap mang l\u1ea1i v\u1ebb \u0111\u1eb9p hi\u1ec7n \u0111\u1ea1i, sang tr\u1ecdng cho ng\u00f4i nh\u00e0.<\/li>\n<li data-sourcepos=\"22:1-22:180\"><strong>Tiling the living room:<\/strong>\u00a0\u0110\u00e1 Granite Xanh \u0110\u00e0i Loan c\u00f3 m\u00e0u s\u1eafc sang tr\u1ecdng, c\u1ed5 \u0111i\u1ec3n n\u00ean r\u1ea5t ph\u00f9 h\u1ee3p \u0111\u1ec3 \u1ed1p l\u00e1t ph\u00f2ng kh\u00e1ch. \u0110\u00e1 gi\u00fap mang l\u1ea1i v\u1ebb \u0111\u1eb9p \u0111\u1eb3ng c\u1ea5p, qu\u00fd ph\u00e1i cho ph\u00f2ng kh\u00e1ch.<\/li>\n<li data-sourcepos=\"23:1-23:188\"><strong>Tiling the kitchen:<\/strong>\u00a0\u0110\u00e1 Granite Xanh \u0110\u00e0i Loan c\u00f3 kh\u1ea3 n\u0103ng ch\u1ed1ng th\u1ea5m, ch\u1ed1ng tr\u1ea7y x\u01b0\u1edbc t\u1ed1t n\u00ean r\u1ea5t ph\u00f9 h\u1ee3p \u0111\u1ec3 \u1ed1p l\u00e1t ph\u00f2ng b\u1ebfp. \u0110\u00e1 gi\u00fap mang l\u1ea1i v\u1ebb \u0111\u1eb9p sang tr\u1ecdng, s\u1ea1ch s\u1ebd cho ph\u00f2ng b\u1ebfp.<\/li>\n<li data-sourcepos=\"24:1-24:185\"><strong>Bathroom tiling:<\/strong>\u00a0\u0110\u00e1 Granite Xanh \u0110\u00e0i Loan c\u00f3 kh\u1ea3 n\u0103ng ch\u1ed1ng th\u1ea5m, ch\u1ed1ng \u1ea9m m\u1ed1c t\u1ed1t n\u00ean r\u1ea5t ph\u00f9 h\u1ee3p \u0111\u1ec3 \u1ed1p l\u00e1t ph\u00f2ng t\u1eafm. \u0110\u00e1 gi\u00fap mang l\u1ea1i v\u1ebb \u0111\u1eb9p sang tr\u1ecdng, s\u1ea1ch s\u1ebd cho ph\u00f2ng t\u1eafm.<\/li>\n<li data-sourcepos=\"25:1-25:187\"><strong>Tiling stairs:<\/strong>\u00a0\u0110\u00e1 Granite Xanh \u0110\u00e0i Loan c\u00f3 \u0111\u1ed9 c\u1ee9ng cao, ch\u1ecbu \u0111\u01b0\u1ee3c l\u1ef1c t\u00e1c \u0111\u1ed9ng m\u1ea1nh n\u00ean r\u1ea5t ph\u00f9 h\u1ee3p \u0111\u1ec3 \u1ed1p l\u00e1t c\u1ea7u thang. \u0110\u00e1 gi\u00fap mang l\u1ea1i v\u1ebb \u0111\u1eb9p sang tr\u1ecdng, b\u1ec1n b\u1ec9 cho c\u1ea7u thang.<\/li>\n<li data-sourcepos=\"26:1-27:0\"><strong>Tiling the kitchen table, desk, kitchen island:<\/strong>\u00a0\u0110\u00e1 Granite Xanh \u0110\u00e0i Loan c\u00f3 kh\u1ea3 n\u0103ng ch\u1ed1ng th\u1ea5m, ch\u1ed1ng tr\u1ea7y x\u01b0\u1edbc t\u1ed1t n\u00ean r\u1ea5t ph\u00f9 h\u1ee3p \u0111\u1ec3 \u1ed1p l\u00e1t b\u00e0n b\u1ebfp, b\u00e0n \u0111\u1ea3o b\u1ebfp. \u0110\u00e1 gi\u00fap mang l\u1ea1i v\u1ebb \u0111\u1eb9p sang tr\u1ecdng, s\u1ea1ch s\u1ebd cho b\u00e0n b\u1ebfp, b\u00e0n \u0111\u1ea3o b\u1ebfp.<\/li>\n<\/ul>\n<p data-sourcepos=\"40:1-40:202\">\u0110\u00e1 Granite Xanh \u0110\u00e0i Loan l\u00e0 m\u1ed9t lo\u1ea1i \u0111\u00e1 hoa c\u01b0\u01a1ng t\u1ef1 nhi\u00ean c\u00f3 nhi\u1ec1u \u01b0u \u0111i\u1ec3m n\u1ed5i b\u1eadt, ph\u00f9 h\u1ee3p v\u1edbi nhi\u1ec1u h\u1ea1ng m\u1ee5c \u1ed1p l\u00e1t trong nh\u00e0 v\u00e0 ngo\u00e0i tr\u1eddi. \u0110\u00e1 mang \u0111\u1ebfn v\u1ebb \u0111\u1eb9p sang tr\u1ecdng, b\u1ec1n b\u1ec9 cho kh\u00f4ng gian s\u1ed1ng.<\/p>\n<h2><strong>C\u00f4ng tr\u00ecnh th\u1ef1c t\u1ebf s\u1eed d\u1ee5ng \u0110\u00e1 Granite Xanh Campuchia do Royal Stone th\u1ef1c hi\u1ec7n<\/strong><\/h2>\n<p>Granite Xanh Campuchia A \u1ed1p b\u00e0n b\u1ebfp<\/p>\n<p>Granite Xanh Campuchia A \u1ed1p b\u00e0n <b><a href=\"https:\/\/royalstone.com.vn\/en\/lavabo-rua-mat-bang-da-ua-chuong-nhat-hien-nay\/\">lavabo<\/a><\/b><\/p>\n<h3><strong>Contact information Royal Stone<\/strong><\/h3>\n<p><strong>COMPANY LIMITED ROYAL STONE<\/strong><\/p>\n<p>\u260e Hotline: 0963 689 531<\/p>\n<p>\ud83c\udfe0 Office : 283 Tay Mo Ward, Dai Mo ward, Nam tu Liem district, Ha Noi City.<\/p>\n<p>\ud83c\udfe0 Factory: the 10 Yen The town, Luc Yen district, Yen Bai province<\/p>\n<p>\ud83c\udfe0 Warehouse Ha Noi: Lane 24, Dai Mo, tu Liem, Ha Noi (falling edge 4 Van Phuc, Ha Dong)<\/p>\n<p>\ud83c\udf10 Website:\u00a0<a href=\"https:\/\/royalstone.com.vn\/en\/\">www.royalstone.com.vn<\/a><\/p>\n<h3 class=\"ftwp-heading\"><strong>Connect with Royal Stone<\/strong><\/h3>\n<div class=\"textwidget custom-html-widget\">\n<div class=\"textwidget custom-html-widget\">\n<div><a href=\"https:\/\/www.youtube.com\/@royalstone-datunhiencaocap\" target=\"_blank\" rel=\"noopener nofollow\"><img decoding=\"async\" class=\"entered lazyloaded\" title=\"ROYAL STONE - natural Stone premium\" src=\"http:\/\/royalstone.com.vn\/wp-content\/uploads\/2023\/11\/youtube-royalstone.jpg\" alt=\"ROYAL STONE - natural Stone premium\" width=\"30\" height=\"30\" data-lazy-src=\"http:\/\/royalstone.com.vn\/wp-content\/uploads\/2023\/11\/youtube-royalstone.jpg\" data-ll-status=\"loaded\" data-lazy-=\"\" \/><\/a><a href=\"https:\/\/www.facebook.com\/RoyalstoneDaTuNhienCaoCap\" target=\"_blank\" rel=\"noopener nofollow\"><img decoding=\"async\" class=\"entered lazyloaded\" title=\"ROYAL STONE - natural Stone premium\" src=\"http:\/\/royalstone.com.vn\/wp-content\/uploads\/2023\/11\/facebook-royalstone.jpg\" alt=\"ROYAL STONE - natural Stone premium\" width=\"30\" height=\"30\" data-lazy-src=\"http:\/\/royalstone.com.vn\/wp-content\/uploads\/2023\/11\/facebook-royalstone.jpg\" data-ll-status=\"loaded\" data-lazy-=\"\" \/><\/a><a href=\"https:\/\/twitter.com\/royalstonedatn\" target=\"_blank\" rel=\"noopener nofollow\"><img decoding=\"async\" class=\"entered lazyloaded\" title=\"ROYAL STONE - natural Stone premium\" src=\"http:\/\/royalstone.com.vn\/wp-content\/uploads\/2023\/11\/twitter-royalstone.jpg\" alt=\"ROYAL STONE - natural Stone premium\" width=\"30\" height=\"30\" data-lazy-src=\"http:\/\/royalstone.com.vn\/wp-content\/uploads\/2023\/11\/twitter-royalstone.jpg\" data-ll-status=\"loaded\" data-lazy-=\"\" \/><\/a><a href=\"https:\/\/www.pinterest.com\/royalstonedatunhiencaocap\/\" target=\"_blank\" rel=\"noopener nofollow\"><img decoding=\"async\" class=\"entered lazyloaded\" title=\"ROYAL STONE - natural Stone premium\" src=\"http:\/\/royalstone.com.vn\/wp-content\/uploads\/2023\/11\/printerest-royalstone.jpg\" alt=\"ROYAL STONE - natural Stone premium\" width=\"30\" height=\"30\" data-lazy-src=\"http:\/\/royalstone.com.vn\/wp-content\/uploads\/2023\/11\/printerest-royalstone.jpg\" data-ll-status=\"loaded\" data-lazy-=\"\" \/><\/a><a href=\"https:\/\/www.linkedin.com\/in\/royalstone-datunhien\/\" target=\"_blank\" rel=\"noopener nofollow\"><img decoding=\"async\" class=\"entered lazyloaded\" title=\"ROYAL STONE - natural Stone premium\" src=\"http:\/\/royalstone.com.vn\/wp-content\/uploads\/2023\/11\/linkedin-royalstone.jpg\" alt=\"ROYAL STONE - natural Stone premium\" width=\"30\" height=\"30\" data-lazy-src=\"http:\/\/royalstone.com.vn\/wp-content\/uploads\/2023\/11\/linkedin-royalstone.jpg\" data-ll-status=\"loaded\" data-lazy-=\"\" \/><\/a><\/div>\n<\/div>\n<\/div>","protected":false},"excerpt":{"rendered":"<ul class=\"l pr-des-featured\">\n<li>MSP: RSGXDL2023<\/li>\n<li>Place of origin: China<\/li>\n<li>Color: Blue<\/li>\n<li>Type of stone: Granite<\/li>\n<li>Size: small size<\/li>\n<li>\u0110\u1ed9 d\u00e0y: 1.5 Cm<\/li>\n<\/ul>","protected":false},"featured_media":560,"comment_status":"closed","ping_status":"closed","template":"","meta":{"inline_featured_image":false},"product_cat":[23,34],"product_tag":[],"class_list":{"0":"post-556","1":"product","2":"type-product","3":"status-publish","4":"has-post-thumbnail","6":"product_cat-da-granite","7":"product_cat-da-granite-xanh","9":"first","10":"instock","11":"shipping-taxable","12":"product-type-simple"},"_links":{"self":[{"href":"https:\/\/royalstone.com.vn\/en\/wp-json\/wp\/v2\/product\/556","targetHints":{"allow":["GET"]}}],"collection":[{"href":"https:\/\/royalstone.com.vn\/en\/wp-json\/wp\/v2\/product"}],"about":[{"href":"https:\/\/royalstone.com.vn\/en\/wp-json\/wp\/v2\/types\/product"}],"replies":[{"embeddable":true,"href":"https:\/\/royalstone.com.vn\/en\/wp-json\/wp\/v2\/comments?post=556"}],"wp:featuredmedia":[{"embeddable":true,"href":"https:\/\/royalstone.com.vn\/en\/wp-json\/wp\/v2\/media\/560"}],"wp:attachment":[{"href":"https:\/\/royalstone.com.vn\/en\/wp-json\/wp\/v2\/media?parent=556"}],"wp:term":[{"taxonomy":"product_cat","embeddable":true,"href":"https:\/\/royalstone.com.vn\/en\/wp-json\/wp\/v2\/product_cat?post=556"},{"taxonomy":"product_tag","embeddable":true,"href":"https:\/\/royalstone.com.vn\/en\/wp-json\/wp\/v2\/product_tag?post=556"}],"curies":[{"name":"wp","href":"https:\/\/api.w.org\/{rel}","templated":true}]}}