{"id":511,"date":"2023-11-22T15:45:56","date_gmt":"2023-11-22T15:45:56","guid":{"rendered":"http:\/\/royalstone.com.vn\/?post_type=product&#038;p=511"},"modified":"2023-11-22T15:48:13","modified_gmt":"2023-11-22T15:48:13","slug":"da-granite-xanh-campuchia-a","status":"publish","type":"product","link":"https:\/\/royalstone.com.vn\/en\/da-granite-xanh-campuchia-a\/","title":{"rendered":"\u0110\u00e1 Granite Xanh Campuchia A"},"content":{"rendered":"<p data-sourcepos=\"7:1-7:201\"><a href=\"http:\/\/royalstone.com.vn\/en\/da-granite-xanh-campuchia-a\/\"><em><strong>\u0110\u00e1 Granite Xanh Campuchia<\/strong><\/em><\/a> l\u00e0 m\u1ed9t lo\u1ea1i \u0111\u00e1 hoa c\u01b0\u01a1ng t\u1ef1 nhi\u00ean c\u00f3 ngu\u1ed3n g\u1ed1c t\u1eeb Campuchia. \u0110\u00e1 c\u00f3 m\u00e0u xanh ch\u1ee7 \u0111\u1ea1o v\u1edbi nh\u1eefng \u0111\u01b0\u1eddng v\u00e2n m\u00e0u tr\u1eafng, x\u00e1m, \u0111en,&#8230; xen k\u1ebd nhau t\u1ea1o n\u00ean v\u1ebb \u0111\u1eb9p sang tr\u1ecdng, tinh t\u1ebf.<\/p>\n<h2 data-sourcepos=\"9:1-9:51\"><strong>\u0110\u1eb7c \u0111i\u1ec3m n\u1ed5i b\u1eadt c\u1ee7a \u0111\u00e1 Granite Xanh Campuchia A<\/strong><\/h2>\n<p data-sourcepos=\"41:1-41:12\"><strong>Color:<\/strong><\/p>\n<p data-sourcepos=\"43:1-43:209\"><b><a href=\"https:\/\/royalstone.com.vn\/en\/da-granite-3-cm-la-lua-chon-hoan-hao\/\">Granite<\/a><\/b> Xanh Campuchia c\u00f3 m\u00e0u xanh ch\u1ee7 \u0111\u1ea1o v\u1edbi nh\u1eefng \u0111\u01b0\u1eddng v\u00e2n m\u00e0u tr\u1eafng, x\u00e1m, \u0111en,&#8230; xen k\u1ebd nhau t\u1ea1o n\u00ean v\u1ebb \u0111\u1eb9p sang tr\u1ecdng, tinh t\u1ebf. M\u00e0u xanh c\u1ee7a \u0111\u00e1 mang \u0111\u1ebfn c\u1ea3m gi\u00e1c m\u00e1t m\u1ebb, th\u01b0 gi\u00e3n cho kh\u00f4ng gian s\u1ed1ng.<\/p>\n<p data-sourcepos=\"45:1-45:12\"><strong>Hardness:<\/strong><\/p>\n<p data-sourcepos=\"47:1-47:256\"><b><a href=\"https:\/\/royalstone.com.vn\/en\/da-granite-xanh-ve-dep-tuyet-tac-cho-khong-gian\/\">Granite Green<\/a><\/b> Campuchia c\u00f3 \u0111\u1ed9 c\u1ee9ng cao, \u0111\u1ea1t 7 tr\u00ean thang Mohs. Nh\u1edd \u0111\u00f3, \u0111\u00e1 c\u00f3 kh\u1ea3 n\u0103ng ch\u1ecbu l\u1ef1c t\u00e1c \u0111\u1ed9ng m\u1ea1nh, ch\u1ed1ng tr\u1ea7y x\u01b0\u1edbc t\u1ed1t. \u0110i\u1ec1u n\u00e0y gi\u00fap \u0111\u00e1 b\u1ec1n b\u1ec9 v\u1edbi th\u1eddi gian, kh\u00f4ng b\u1ecb h\u01b0 h\u1ecfng khi s\u1eed d\u1ee5ng trong c\u00e1c h\u1ea1ng m\u1ee5c ch\u1ecbu l\u1ef1c nh\u01b0 m\u1eb7t ti\u1ec1n, c\u1ea7u thang,&#8230;<\/p>\n<p data-sourcepos=\"49:1-49:24\"><strong>Waterproofing ability:<\/strong><\/p>\n<p data-sourcepos=\"51:1-51:181\"><a href=\"http:\/\/royalstone.com.vn\/en\/da-granite\/\"><em><strong>Granite<\/strong><\/em><\/a> Xanh Campuchia c\u00f3 kh\u1ea3 n\u0103ng ch\u1ed1ng th\u1ea5m t\u1ed1t, \u0111\u1ea1t ti\u00eau chu\u1ea9n ch\u1ed1ng th\u1ea5m A2. Nh\u1edd \u0111\u00f3, \u0111\u00e1 kh\u00f4ng b\u1ecb th\u1ea5m n\u01b0\u1edbc, \u1ea9m m\u1ed1c, r\u00eau m\u1ed1c. \u0110i\u1ec1u n\u00e0y gi\u00fap \u0111\u00e1 gi\u1eef \u0111\u01b0\u1ee3c v\u1ebb \u0111\u1eb9p th\u1ea9m m\u1ef9 l\u00e2u d\u00e0i.<\/p>\n<figure id=\"attachment_514\" aria-describedby=\"caption-attachment-514\" style=\"width: 573px\" class=\"wp-caption aligncenter\"><img decoding=\"async\" class=\"wp-image-514 size-full\" title=\"\u0110\u00e1 Granite Xanh Campuchia A\" src=\"http:\/\/royalstone.com.vn\/wp-content\/uploads\/2023\/11\/da-granite-xanh-campuchia-a.jpg\" alt=\"\u0110\u00e1 Granite Xanh Campuchia A\" width=\"573\" height=\"446\" \/><figcaption id=\"caption-attachment-514\" class=\"wp-caption-text\">\u0110\u00e1 Granite Xanh Campuchia A<\/figcaption><\/figure>\n<p data-sourcepos=\"53:1-53:24\"><strong>Heat resistant:<\/strong><\/p>\n<p data-sourcepos=\"55:1-55:220\">\u0110\u00e1 Granite Xanh Campuchia c\u00f3 kh\u1ea3 n\u0103ng ch\u1ecbu nhi\u1ec7t t\u1ed1t, \u0111\u1ea1t ti\u00eau chu\u1ea9n ch\u1ecbu nhi\u1ec7t A2. Nh\u1edd \u0111\u00f3, \u0111\u00e1 kh\u00f4ng b\u1ecb bi\u1ebfn d\u1ea1ng khi ti\u1ebfp x\u00fac v\u1edbi nhi\u1ec7t \u0111\u1ed9 cao. \u0110i\u1ec1u n\u00e0y gi\u00fap \u0111\u00e1 an to\u00e0n khi s\u1eed d\u1ee5ng trong c\u00e1c h\u1ea1ng m\u1ee5c nh\u01b0 b\u00e0n b\u1ebfp, <b><a href=\"https:\/\/royalstone.com.vn\/en\/lavabo-rua-mat-bang-da-ua-chuong-nhat-hien-nay\/\">lavabo<\/a><\/b><\/p>\n<h2 data-sourcepos=\"17:1-17:43\"><strong>\u1ee8ng d\u1ee5ng c\u1ee7a \u0111\u00e1 Granite Xanh Campuchia<\/strong><\/h2>\n<p data-sourcepos=\"19:1-19:72\">\u0110\u00e1 Granite Xanh Campuchia \u0111\u01b0\u1ee3c \u1ee9ng d\u1ee5ng r\u1ed9ng r\u00e3i trong c\u00e1c h\u1ea1ng m\u1ee5c nh\u01b0:<\/p>\n<ul data-sourcepos=\"21:1-26:0\">\n<li data-sourcepos=\"21:1-21:135\"><strong>Tiling facades:<\/strong>\u00a0\u0110\u00e1 Granite Xanh Campuchia c\u00f3 m\u00e0u s\u1eafc t\u01b0\u01a1i s\u00e1ng, sang tr\u1ecdng n\u00ean \u0111\u01b0\u1ee3c nhi\u1ec1u ng\u01b0\u1eddi l\u1ef1a ch\u1ecdn \u0111\u1ec3 \u1ed1p l\u00e1t m\u1eb7t ti\u1ec1n nh\u00e0.<\/li>\n<li data-sourcepos=\"22:1-22:130\"><strong>Tiling the kitchen:<\/strong> Granite Xanh Campuchia c\u00f3 kh\u1ea3 n\u0103ng ch\u1ed1ng th\u1ea5m, ch\u1ed1ng tr\u1ea7y x\u01b0\u1edbc t\u1ed1t n\u00ean r\u1ea5t ph\u00f9 h\u1ee3p \u0111\u1ec3 \u1ed1p l\u00e1t ph\u00f2ng b\u1ebfp.<\/li>\n<li data-sourcepos=\"23:1-23:127\"><strong>Bathroom tiling:<\/strong> Granite Xanh Campuchia c\u00f3 kh\u1ea3 n\u0103ng ch\u1ed1ng th\u1ea5m, ch\u1ed1ng \u1ea9m m\u1ed1c t\u1ed1t n\u00ean r\u1ea5t ph\u00f9 h\u1ee3p \u0111\u1ec3 \u1ed1p l\u00e1t ph\u00f2ng t\u1eafm.<\/li>\n<li data-sourcepos=\"24:1-24:130\"><strong>Tiling stairs:<\/strong> Granite Xanh Campuchia c\u00f3 \u0111\u1ed9 c\u1ee9ng cao, ch\u1ecbu \u0111\u01b0\u1ee3c l\u1ef1c t\u00e1c \u0111\u1ed9ng m\u1ea1nh n\u00ean r\u1ea5t ph\u00f9 h\u1ee3p \u0111\u1ec3 \u1ed1p l\u00e1t c\u1ea7u thang.<\/li>\n<li data-sourcepos=\"25:1-26:0\"><strong>Tiling the kitchen table, desk, kitchen island:<\/strong>\u00a0\u0110\u00e1 Granite Xanh Campuchia c\u00f3 kh\u1ea3 n\u0103ng ch\u1ed1ng th\u1ea5m, ch\u1ed1ng tr\u1ea7y x\u01b0\u1edbc t\u1ed1t n\u00ean r\u1ea5t ph\u00f9 h\u1ee3p \u0111\u1ec3 \u1ed1p l\u00e1t b\u00e0n b\u1ebfp, b\u00e0n \u0111\u1ea3o b\u1ebfp.<\/li>\n<\/ul>\n<h2><strong>C\u00f4ng tr\u00ecnh th\u1ef1c t\u1ebf s\u1eed d\u1ee5ng \u0110\u00e1 Granite Xanh Campuchia do Royal Stone th\u1ef1c hi\u1ec7n<\/strong><\/h2>\n<p>Granite Xanh Campuchia A \u1ed1p b\u00e0n b\u1ebfp<\/p>\n<p>Granite Xanh Campuchia A \u1ed1p b\u00e0n lavabo<\/p>\n<h3><strong>Contact information Royal Stone<\/strong><\/h3>\n<p><strong>COMPANY LIMITED ROYAL STONE<\/strong><\/p>\n<p>\u260e Hotline: 0963 689 531<\/p>\n<p>\ud83c\udfe0 Office : 283 Tay Mo Ward, Dai Mo ward, Nam tu Liem district, Ha Noi City.<\/p>\n<p>\ud83c\udfe0 Factory: the 10 Yen The town, Luc Yen district, Yen Bai province<\/p>\n<p>\ud83c\udfe0 Warehouse Ha Noi: Lane 24, Dai Mo, tu Liem, Ha Noi (falling edge 4 Van Phuc, Ha Dong)<\/p>\n<p>\ud83c\udf10 Website:\u00a0<a href=\"https:\/\/royalstone.com.vn\/en\/\">www.royalstone.com.vn<\/a><\/p>\n<h3 class=\"ftwp-heading\"><strong>Connect with Royal Stone<\/strong><\/h3>\n<div class=\"textwidget custom-html-widget\">\n<div class=\"textwidget custom-html-widget\">\n<div><a href=\"https:\/\/www.youtube.com\/@royalstone-datunhiencaocap\" target=\"_blank\" rel=\"noopener nofollow\"><img decoding=\"async\" class=\"entered lazyloaded\" title=\"ROYAL STONE - natural Stone premium\" src=\"http:\/\/royalstone.com.vn\/wp-content\/uploads\/2023\/11\/youtube-royalstone.jpg\" alt=\"ROYAL STONE - natural Stone premium\" width=\"30\" height=\"30\" data-lazy-src=\"http:\/\/royalstone.com.vn\/wp-content\/uploads\/2023\/11\/youtube-royalstone.jpg\" data-ll-status=\"loaded\" data-lazy-=\"\" \/><\/a><a href=\"https:\/\/www.facebook.com\/RoyalstoneDaTuNhienCaoCap\" target=\"_blank\" rel=\"noopener nofollow\"><img decoding=\"async\" class=\"entered lazyloaded\" title=\"ROYAL STONE - natural Stone premium\" src=\"http:\/\/royalstone.com.vn\/wp-content\/uploads\/2023\/11\/facebook-royalstone.jpg\" alt=\"ROYAL STONE - natural Stone premium\" width=\"30\" height=\"30\" data-lazy-src=\"http:\/\/royalstone.com.vn\/wp-content\/uploads\/2023\/11\/facebook-royalstone.jpg\" data-ll-status=\"loaded\" data-lazy-=\"\" \/><\/a><a href=\"https:\/\/twitter.com\/royalstonedatn\" target=\"_blank\" rel=\"noopener nofollow\"><img decoding=\"async\" class=\"entered lazyloaded\" title=\"ROYAL STONE - natural Stone premium\" src=\"http:\/\/royalstone.com.vn\/wp-content\/uploads\/2023\/11\/twitter-royalstone.jpg\" alt=\"ROYAL STONE - natural Stone premium\" width=\"30\" height=\"30\" data-lazy-src=\"http:\/\/royalstone.com.vn\/wp-content\/uploads\/2023\/11\/twitter-royalstone.jpg\" data-ll-status=\"loaded\" data-lazy-=\"\" \/><\/a><a href=\"https:\/\/www.pinterest.com\/royalstonedatunhiencaocap\/\" target=\"_blank\" rel=\"noopener nofollow\"><img decoding=\"async\" class=\"entered lazyloaded\" title=\"ROYAL STONE - natural Stone premium\" src=\"http:\/\/royalstone.com.vn\/wp-content\/uploads\/2023\/11\/printerest-royalstone.jpg\" alt=\"ROYAL STONE - natural Stone premium\" width=\"30\" height=\"30\" data-lazy-src=\"http:\/\/royalstone.com.vn\/wp-content\/uploads\/2023\/11\/printerest-royalstone.jpg\" data-ll-status=\"loaded\" data-lazy-=\"\" \/><\/a><a href=\"https:\/\/www.linkedin.com\/in\/royalstone-datunhien\/\" target=\"_blank\" rel=\"noopener nofollow\"><img decoding=\"async\" class=\"entered lazyloaded\" title=\"ROYAL STONE - natural Stone premium\" src=\"http:\/\/royalstone.com.vn\/wp-content\/uploads\/2023\/11\/linkedin-royalstone.jpg\" alt=\"ROYAL STONE - natural Stone premium\" width=\"30\" height=\"30\" data-lazy-src=\"http:\/\/royalstone.com.vn\/wp-content\/uploads\/2023\/11\/linkedin-royalstone.jpg\" data-ll-status=\"loaded\" data-lazy-=\"\" \/><\/a><\/div>\n<\/div>\n<\/div>","protected":false},"excerpt":{"rendered":"<ul class=\"l pr-des-featured\">\n<li>MSP: RSGXCA2023<\/li>\n<li>Xu\u1ea5t x\u1ee9: Campuchia<\/li>\n<li>Color: Blue<\/li>\n<li>Type of stone: Granite<\/li>\n<li>Size: small size<\/li>\n<li>Thickness: 1.8 Cm<\/li>\n<\/ul>","protected":false},"featured_media":514,"comment_status":"closed","ping_status":"closed","template":"","meta":{"inline_featured_image":false},"product_cat":[23,34],"product_tag":[],"class_list":{"0":"post-511","1":"product","2":"type-product","3":"status-publish","4":"has-post-thumbnail","6":"product_cat-da-granite","7":"product_cat-da-granite-xanh","9":"first","10":"instock","11":"shipping-taxable","12":"product-type-simple"},"_links":{"self":[{"href":"https:\/\/royalstone.com.vn\/en\/wp-json\/wp\/v2\/product\/511","targetHints":{"allow":["GET"]}}],"collection":[{"href":"https:\/\/royalstone.com.vn\/en\/wp-json\/wp\/v2\/product"}],"about":[{"href":"https:\/\/royalstone.com.vn\/en\/wp-json\/wp\/v2\/types\/product"}],"replies":[{"embeddable":true,"href":"https:\/\/royalstone.com.vn\/en\/wp-json\/wp\/v2\/comments?post=511"}],"wp:featuredmedia":[{"embeddable":true,"href":"https:\/\/royalstone.com.vn\/en\/wp-json\/wp\/v2\/media\/514"}],"wp:attachment":[{"href":"https:\/\/royalstone.com.vn\/en\/wp-json\/wp\/v2\/media?parent=511"}],"wp:term":[{"taxonomy":"product_cat","embeddable":true,"href":"https:\/\/royalstone.com.vn\/en\/wp-json\/wp\/v2\/product_cat?post=511"},{"taxonomy":"product_tag","embeddable":true,"href":"https:\/\/royalstone.com.vn\/en\/wp-json\/wp\/v2\/product_tag?post=511"}],"curies":[{"name":"wp","href":"https:\/\/api.w.org\/{rel}","templated":true}]}}