{"id":507,"date":"2023-11-22T15:42:30","date_gmt":"2023-11-22T15:42:30","guid":{"rendered":"http:\/\/royalstone.com.vn\/?post_type=product&#038;p=507"},"modified":"2023-11-22T15:42:31","modified_gmt":"2023-11-22T15:42:31","slug":"da-thach-anh-amazon","status":"publish","type":"product","link":"https:\/\/royalstone.com.vn\/en\/da-thach-anh-amazon\/","title":{"rendered":"Quartz Stone Amazon"},"content":{"rendered":"<h2 data-sourcepos=\"1:1-1:30\"><strong><span>\u0110\u00e1 Th\u1ea1ch Anh Amazon l\u00e0 g\u00ec?<\/span><\/strong><\/h2>\n<p data-sourcepos=\"3:1-3:161\"><span><a href=\"http:\/\/royalstone.com.vn\/en\/da-thach-anh-amazon\/\"><em><strong>Quartz Stone Amazon<\/strong><\/em><\/a> l\u00e0 m\u1ed9t lo\u1ea1i \u0111\u00e1 t\u1ef1 nhi\u00ean, <\/span><span>\u0111\u01b0\u1ee3c h\u00ecnh th\u00e0nh t\u1eeb s\u1ef1 k\u1ebft tinh c\u1ee7a ch\u1ea5t kho\u00e1ng th\u1ea1ch anh v\u1edbi m\u00e0u xanh l\u00e1 c\u00e2y, <\/span><span>t\u1ea1o n\u00ean v\u1ebb \u0111\u1eb9p sang tr\u1ecdng v\u00e0 qu\u00fd ph\u00e1i.<\/span><\/p>\n<p data-sourcepos=\"5:1-5:223\"><span><b><a href=\"https:\/\/royalstone.com.vn\/en\/da-thach-anh-2-cm-ve-dep-hoan-hao-cho-khong-gian\/\">Quartz Stone<\/a><\/b> Amazon \u0111\u01b0\u1ee3c khai th\u00e1c th\u00e1c ch\u1ee7 y\u1ebfu \u1edf Brazil, <\/span><span>n\u01a1i c\u00f3 th\u1ea1ch \u0111\u00e1 anh l\u1edbn nh\u1ea5t th\u1ebf gi\u1edbi. <\/span><span>\u0110\u00e1 \u0111\u01b0\u1ee3c s\u1eed d\u1ee5ng r\u1ed9ng r\u00e3i trong c\u00e1c c\u00f4ng tr\u00ecnh x\u00e2y d\u1ef1ng, <\/span><span>especially the senior project such as hotel, <\/span><span>restaurant <\/span><span>villa,...<\/span><\/p>\n<figure id=\"attachment_508\" aria-describedby=\"caption-attachment-508\" style=\"width: 721px\" class=\"wp-caption alignnone\"><img decoding=\"async\" class=\"size-full wp-image-508\" src=\"http:\/\/royalstone.com.vn\/wp-content\/uploads\/2023\/11\/da-thach-anh-amazon.jpg\" alt=\"Quartz Stone Amazon\" width=\"721\" height=\"510\" title=\"\"><figcaption id=\"caption-attachment-508\" class=\"wp-caption-text\">Quartz Stone Amazon<\/figcaption><\/figure>\n<ul data-sourcepos=\"11:1-16:0\">\n<li data-sourcepos=\"11:1-12:0\">\n<p data-sourcepos=\"11:3-11:302\"><strong><span>\u0110\u00e1 l\u00e1t n\u1ed9i th\u1ea5t: <\/span><\/strong><span>\u0110\u00e1 Th\u1ea1ch Anh Amazon c\u00f3 m\u00e0u s\u1eafc \u0111\u1ed9c \u0111\u00e1o, <\/span><span>thu h\u00fat n\u00ean r\u1ea5t \u0111\u01b0\u1ee3c \u01b0a chu\u1ed9ng s\u1eed d\u1ee5ng \u0111\u1ec3 \u1ed1p l\u00e1t n\u1ed9i th\u1ea5t, <\/span><span>\u0111\u1eb7c bi\u1ec7t l\u00e0 c\u00e1c khu v\u1ef1c nh\u01b0 ph\u00f2ng kh\u00e1ch, <\/span><span>ph\u00f2ng ng\u1ee7, <\/span><span>ph\u00f2ng b\u1ebfp,&#8230; <\/span><span>\u0110\u00e1 c\u00f3 th\u1ec3 \u0111\u01b0\u1ee3c \u1ed1p l\u00e1t d\u01b0\u1edbi c\u00e1c d\u1ea1ng t\u1ea5m, <\/span><span>\u1ed1p l\u00e1t theo \u0111\u01b0\u1eddng v\u00e2n ho\u1eb7c \u1ed1p l\u00e1t theo m\u00f4 h\u00ecnh t\u00f9y theo nhu c\u1ea7u c\u1ee7a gia ch\u1ee7.<\/span><\/p>\n<\/li>\n<li data-sourcepos=\"13:1-14:0\">\n<p data-sourcepos=\"13:3-13:281\"><span><a href=\"http:\/\/royalstone.com.vn\/en\/da-thach-anh\/\"><em><strong>Quartz Stone<\/strong><\/em><\/a> Amazon c\u00f3 \u0111\u1ed9 c\u1ee9ng cao, <\/span><span>ch\u1ecbu l\u1ef1c t\u1ed1t n\u00ean c\u0169ng c\u00f3 th\u1ec3 \u0111\u01b0\u1ee3c s\u1eed d\u1ee5ng \u0111\u1ec3 \u1ed1p l\u00e1t ngo\u1ea1i th\u1ea5t, <\/span><span><strong>\u0111\u1eb7c <\/strong><\/span><span>bi\u1ec7t l\u00e0 c\u00e1c khu v\u1ef1c nh\u01b0 m\u1eb7t ti\u1ec1n, <\/span><span>c\u1ea7u thang, <\/span><span>b\u1eadc tam c\u1ea5p,&#8230; <\/span><span>\u0110\u00e1 gi\u00fap t\u1ea1o \u0111i\u1ec3m nh\u1ea5n cho quy tr\u00ecnh, <\/span><span>\u0111\u1ed3ng th\u1eddi t\u0103ng t\u00ednh th\u1ea9m m\u1ef9 v\u00e0 \u0111\u1ed9 b\u1ec1n cho quy tr\u00ecnh.<\/span><\/p>\n<\/li>\n<li data-sourcepos=\"15:1-16:0\">\n<p data-sourcepos=\"15:3-15:270\"><strong><span>Decoration: <\/span><\/strong><span>Ngo\u00e0i c\u00e1c c\u00f4ng vi\u1ec7c \u0111\u01b0\u1ee3c s\u1eed d\u1ee5ng \u0111\u1ec3 \u1ed1p l\u00e1t, <\/span><span>\u0111\u00e1 Th\u1ea1ch Anh Amazon v\u1eabn c\u00f3 th\u1ec3 \u0111\u01b0\u1ee3c s\u1eed d\u1ee5ng \u0111\u1ec3 trang tr\u00ed cho c\u00f4ng tr\u00ecnh, <\/span><span>gi\u1edbi h\u1ea1n nh\u01b0 trang tr\u00ed t\u01b0\u1eddng, <\/span><span>trang tr\u00ed tr\u1ea7n, <\/span><span>trang tr\u00ed c\u1ed9t,&#8230; <\/span><span>\u0110\u00e1 gi\u00fap t\u1ea1o nh\u1ea5n n\u00fat cho qu\u00e1 tr\u00ecnh, <\/span><span>\u0111\u1ed3ng th\u1eddi c\u00f3 th\u1ec3 ho\u00e0n t\u1ea5t qu\u00e1 tr\u00ecnh th\u1ea9m \u0111\u1ecbnh c\u1ee7a ch\u1ee7 nh\u00e0.<\/span><\/p>\n<\/li>\n<\/ul>\n<h3 data-sourcepos=\"17:1-17:35\"><strong><span>\u01afu \u0111i\u1ec3m c\u1ee7a \u0110\u00e1 Th\u1ea1ch Anh Amazon<\/span><\/strong><\/h3>\n<ul data-sourcepos=\"21:1-30:0\">\n<li data-sourcepos=\"21:1-22:0\">\n<p data-sourcepos=\"21:3-21:110\"><strong><span>M\u00e0u s\u1eafc \u0111\u1ed9c \u0111\u00e1o, thu h\u00fat: <\/span><\/strong><span>\u0110\u00e1 Th\u1ea1ch Anh Amazon c\u00f3 m\u00e0u xanh l\u00e1 c\u00e2y, <\/span><span>t\u1ea1o n\u00ean v\u1ebb \u0111\u1eb9p sang tr\u1ecdng v\u00e0 qu\u00fd ph\u00e1i.<\/span><\/p>\n<\/li>\n<li data-sourcepos=\"23:1-24:0\">\n<p data-sourcepos=\"23:3-23:274\"><strong><span>High hardness, good bearing: <\/span><\/strong><span>\u0110\u00e1 Th\u1ea1ch Anh Amazon c\u00f3 \u0111\u1ed9 c\u1ee9ng kho\u1ea3ng 7 tr\u00ean thang Mohs, <\/span><span>t\u01b0\u01a1ng th\u00edch v\u1edbi \u0111\u1ed9 c\u1ee9ng c\u1ee7a th\u1ea1ch anh th\u00f4ng th\u01b0\u1eddng. <\/span><span>\u0110\u1ed9 c\u1ee9ng cao gi\u00fap \u0111\u00e1 c\u00f3 kh\u1ea3 n\u0103ng ch\u1ed1ng tr\u1ea7y, <\/span><span>ch\u1ecbu l\u1ef1c t\u1ed1t. <\/span><span>\u0110i\u1ec1u n\u00e0y gi\u00fap \u0111\u00e1 c\u00f3 \u0111\u1ed9 b\u1ec1n cao, <\/span><span>\u00edt b\u1ecb h\u01b0 h\u1ea1i trong qu\u00e1 tr\u00ecnh s\u1eed d\u1ee5ng.<\/span><\/p>\n<\/li>\n<li data-sourcepos=\"25:1-26:0\">\n<p data-sourcepos=\"25:3-25:162\"><strong><span>Ch\u1ecbu nhi\u1ec7t t\u1ed1t: <\/span><\/strong><span>\u0110\u00e1 Th\u1ea1ch Anh Amazon c\u00f3 kh\u1ea3 n\u0103ng ch\u1ecbu nhi\u1ec7t t\u1ed1t, <\/span><span>l\u00ean \u0111\u1ebfn 1. <\/span><span>200 \u0111\u1ed9 C. <\/span><span>\u0110i\u1ec1u n\u00e0y gi\u00fap \u0111\u00e1 ph\u00f9 h\u1ee3p \u0111\u1ec3 s\u1eed d\u1ee5ng cho c\u00e1c khu v\u1ef1c nh\u01b0 b\u1ebfp, <\/span><span>nh\u00e0 t\u1eafm,&#8230;<\/span><\/p>\n<\/li>\n<li data-sourcepos=\"27:1-28:0\">\n<p data-sourcepos=\"27:3-27:154\"><strong><span>Easily protect birth: <\/span><\/strong><span>\u0110\u00e1 Th\u1ea1ch Anh Amazon c\u00f3 b\u1ec1 m\u1eb7t l\u01b0\u1edbt b\u00f3ng, <\/span><span>d\u1ec5 d\u00e0ng b\u1ea3o v\u1ec7 sinh. <\/span><span>B\u1ea1n ch\u1ec9 c\u1ea7n s\u1eed d\u1ee5ng kh\u0103n m\u1ec1m lau s\u1ea1ch b\u1ee5i b\u1ea9n l\u00e0 \u0111\u00e1 s\u1ebd s\u00e1ng b\u00f3ng nh\u01b0 m\u1edbi.<\/span><\/p>\n<\/li>\n<li data-sourcepos=\"29:1-30:0\">\n<p data-sourcepos=\"29:3-29:169\"><strong><span>Environment-friendly: <\/span><\/strong><span>\u0110\u00e1 Th\u1ea1ch Anh Amazon l\u00e0 m\u1ed9t lo\u1ea1i \u0111\u00e1 t\u1ef1 nhi\u00ean, <\/span><span>kh\u00f4ng ch\u1ee9a ch\u1ea5t \u0111\u1ed9c h\u1ea1i. <\/span><span>Therefore, <\/span><span>\u0111\u00e1 r\u1ea5t th\u00e2n thi\u1ec7n v\u1edbi m\u00f4i tr\u01b0\u1eddng v\u00e0 s\u1ee9c kh\u1ecfe con ng\u01b0\u1eddi.<\/span><\/p>\n<\/li>\n<\/ul>\n<h3 data-sourcepos=\"31:1-31:68\"><strong><span>Nh\u1eefng l\u01b0u \u00fd khi s\u1eed d\u1ee5ng s\u1eed d\u1ee5ng lo\u1ea1i \u0110\u00e1 Th\u1ea1ch Anh Amazon<\/span><\/strong><\/h3>\n<ul data-sourcepos=\"35:1-41:199\">\n<li data-sourcepos=\"35:1-36:0\">\n<p data-sourcepos=\"35:3-35:188\"><strong><span>Avoid strong impact:<\/span><\/strong><span> \u0110\u00e1 Th\u1ea1ch Anh Amazon c\u00f3 \u0111\u1ed9 c\u1ee9ng cao, nh\u01b0ng c\u0169ng c\u00f3 th\u1ec3 b\u1ecb h\u1ecfng n\u1ebfu ch\u1ecbu t\u00e1c \u0111\u1ed9ng m\u1ea1nh. Do \u0111\u00f3, c\u1ea7n tr\u00e1nh t\u00e1c \u0111\u1ed9ng m\u1ea1nh l\u00ean b\u1ec1 m\u1eb7t \u0111\u00e1, ngh\u0129 h\u1ea1n nh\u01b0 d\u00f9ng b\u00faa, \u0111\u1ee5c,&#8230;<\/span><\/p>\n<\/li>\n<li data-sourcepos=\"37:1-38:0\">\n<p data-sourcepos=\"37:3-37:177\"><strong><span>Avoid contact with chemicals:<\/span><\/strong><span> \u0110\u00e1 Th\u1ea1ch Anh Amazon c\u00f3 th\u1ec3 b\u1ecb \u0103n m\u00f2n b\u1edfi c\u00e1c ch\u1ea5t h\u00f3a h\u1ecdc m\u1ea1nh, xu\u1ea5t h\u1ea1n nh\u01b0 axit, baz\u01a1,&#8230; Do \u0111\u00f3, c\u1ea7n tr\u00e1nh \u0111\u1ec3 \u0111\u00e1 ti\u1ebfp x\u00fac v\u1edbi c\u00e1c ch\u1ea5t h\u00f3a h\u1ecdc n\u00e0y.<\/span><\/p>\n<\/li>\n<li data-sourcepos=\"39:1-40:0\">\n<p data-sourcepos=\"39:3-39:238\"><strong><span>Tr\u00e1nh ti\u1ebfp x\u00fac v\u1edbi nhi\u1ec7t \u0111\u1ed9 cao:<\/span><\/strong><span> \u0110\u00e1 Th\u1ea1ch Anh Amazon c\u00f3 kh\u1ea3 n\u0103ng ch\u1ecbu nhi\u1ec7t t\u1ed1t, nh\u01b0ng c\u0169ng c\u00f3 th\u1ec3 b\u1ecb bi\u1ebfn \u0111\u1ed5i n\u1ebfu ti\u1ebfp x\u00fac v\u1edbi nhi\u1ec7t \u0111\u1ed9 cao trong th\u1eddi gian d\u00e0i. Do \u0111\u00f3, c\u1ea7n tr\u00e1nh \u0111\u1ec3 ti\u1ebfp x\u00fac v\u1edbi nhi\u1ec7t \u0111\u1ed9 cao trong th\u1eddi gian d\u00e0i.<\/span><\/p>\n<\/li>\n<li data-sourcepos=\"41:1-41:199\">\n<p data-sourcepos=\"41:3-41:199\"><strong><span>Regular cleaning:<\/span><\/strong><span> \u0110\u00e1 Th\u1ea1ch Anh Amazon c\u00f3 b\u1ec1 m\u1eb7t m\u1ecbn b\u00f3ng, d\u1ec5 d\u00e0ng v\u1ec7 sinh. Tuy nhi\u00ean, c\u0169ng c\u1ea7n v\u1ec7 sinh th\u01b0\u1eddng xuy\u00ean \u0111\u1ec3 lo\u1ea1i b\u1ecf b\u1ee5i b\u1ea9n, tr\u00e1nh t\u00edch t\u1ee5 c\u1eb7n nguy hi\u1ec3m, g\u00e2y ra tr\u1ea1ng th\u00e1i v\u00e0ng.<\/span><\/p>\n<\/li>\n<li data-sourcepos=\"5:1-6:0\">\n<p data-sourcepos=\"5:3-5:212\"><strong><span><span>B\u1ea3o d\u01b0\u1ee1ng \u0111\u1ecbnh k\u1ef3: <\/span><\/span><\/strong><span><span>\u0110\u1ec3 \u0111\u1ea3m b\u1ea3o \u0111\u1ed9 b\u1ec1n v\u00e0 t\u00ednh th\u1ea9m m\u1ef9 c\u1ee7a \u0111\u00e1 Th\u1ea1ch Anh Amazon, <\/span><\/span><span><span>b\u1ea1n n\u00ean b\u1ea3o d\u01b0\u1ee1ng \u0111\u1ecbnh k\u1ef3 cho \u0111\u00e1. <\/span><\/span><span><span>B\u1ea1n c\u00f3 th\u1ec3 s\u1eed d\u1ee5ng c\u00e1c s\u1ea3n ph\u1ea9m b\u1ea3o d\u01b0\u1ee1ng \u0111\u00e1 chuy\u00ean d\u1ee5ng \u0111\u1ec3 gi\u00fap \u0111\u00e1 lu\u00f4n s\u00e1ng b\u00f3ng v\u00e0 b\u1ec1n \u0111\u1eb9p.<\/span><\/span><\/p>\n<\/li>\n<\/ul>\n<h2><strong>C\u00f4ng tr\u00ecnh th\u1ef1c t\u1ebf s\u1eed d\u1ee5ng <\/strong><strong>Quartz Stone Amazon <\/strong><strong>do Royal Stone th\u1ef1c hi\u1ec7n<\/strong><\/h2>\n<p>\u0110\u00e1 Th\u1ea1ch Anh Amazon \u1ed1p b\u00e0n b\u1ebfp<\/p>\n<p>\u0110\u00e1 Th\u1ea1ch Anh Amazon \u1ed1p b\u00e0n <b><a href=\"https:\/\/royalstone.com.vn\/en\/lavabo-rua-mat-bang-da-ua-chuong-nhat-hien-nay\/\">lavabo<\/a><\/b><\/p>\n<h3><strong>Contact information Royal Stone<\/strong><\/h3>\n<p><strong>COMPANY LIMITED ROYAL STONE<\/strong><\/p>\n<p>\u260e Hotline: 0963 689 531<\/p>\n<p>\ud83c\udfe0 Office : 283 Tay Mo Ward, Dai Mo ward, Nam tu Liem district, Ha Noi City.<\/p>\n<p>\ud83c\udfe0 Factory: T<span style=\"color: #333333; font-size: 14.4px;\">drive 10 Yen The town, Luc Yen district, Yen Bai province<\/span><\/p>\n<p>\ud83c\udfe0 Warehouse Ha Noi: Lane 24, Dai Mo, tu Liem, Ha Noi (falling edge 4 Van Phuc, Ha Dong)<\/p>\n<p>\ud83c\udf10 Website:\u00a0<a href=\"https:\/\/royalstone.com.vn\/en\/\">www.royalstone.com.vn<\/a><\/p>\n<h3 class=\"ftwp-heading\"><strong>Connect with Royal Stone<\/strong><\/h3>\n<div class=\"textwidget custom-html-widget\">\n<div class=\"textwidget custom-html-widget\">\n<div><a href=\"http:\/\/www.youtube.com\/@royalstone-datunhiencaocap\" target=\"_blank\" rel=\"noopener nofollow\"><img decoding=\"async\" class=\"entered lazyloaded\" title=\"ROYAL STONE - natural Stone premium\" src=\"http:\/\/royalstone.com.vn\/wp-content\/uploads\/2023\/11\/youtube-royalstone.jpg\" alt=\"ROYAL STONE - natural Stone premium\" width=\"30\" height=\"30\" data-lazy-src=\"http:\/\/royalstone.com.vn\/wp-content\/uploads\/2023\/11\/youtube-royalstone.jpg\" data-ll-status=\"loaded\" data-lazy-=\"\" \/><\/a><a href=\"https:\/\/www.facebook.com\/RoyalstoneDaTuNhienCaoCap\" target=\"_blank\" rel=\"noopener nofollow\"><img decoding=\"async\" class=\"entered lazyloaded\" title=\"ROYAL STONE - natural Stone premium\" src=\"http:\/\/royalstone.com.vn\/wp-content\/uploads\/2023\/11\/facebook-royalstone.jpg\" alt=\"ROYAL STONE - natural Stone premium\" width=\"30\" height=\"30\" data-lazy-src=\"http:\/\/royalstone.com.vn\/wp-content\/uploads\/2023\/11\/facebook-royalstone.jpg\" data-ll-status=\"loaded\" data-lazy-=\"\" \/><\/a><a href=\"https:\/\/twitter.com\/royalstonedatn\" target=\"_blank\" rel=\"noopener nofollow\"><img decoding=\"async\" class=\"entered lazyloaded\" title=\"ROYAL STONE - natural Stone premium\" src=\"http:\/\/royalstone.com.vn\/wp-content\/uploads\/2023\/11\/twitter-royalstone.jpg\" alt=\"ROYAL STONE - natural Stone premium\" width=\"30\" height=\"30\" data-lazy-src=\"http:\/\/royalstone.com.vn\/wp-content\/uploads\/2023\/11\/twitter-royalstone.jpg\" data-ll-status=\"loaded\" data-lazy-=\"\" \/><\/a><a href=\"https:\/\/www.pinterest.com\/royalstonedatunhiencaocap\/\" target=\"_blank\" rel=\"noopener nofollow\"><img decoding=\"async\" class=\"entered lazyloaded\" title=\"ROYAL STONE - natural Stone premium\" src=\"http:\/\/royalstone.com.vn\/wp-content\/uploads\/2023\/11\/printerest-royalstone.jpg\" alt=\"ROYAL STONE - natural Stone premium\" width=\"30\" height=\"30\" data-lazy-src=\"http:\/\/royalstone.com.vn\/wp-content\/uploads\/2023\/11\/printerest-royalstone.jpg\" data-ll-status=\"loaded\" data-lazy-=\"\" \/><\/a><a href=\"https:\/\/www.linkedin.com\/in\/royalstone-datunhien\/\" target=\"_blank\" rel=\"noopener nofollow\"><img decoding=\"async\" class=\"entered lazyloaded\" title=\"ROYAL STONE - natural Stone premium\" src=\"http:\/\/royalstone.com.vn\/wp-content\/uploads\/2023\/11\/linkedin-royalstone.jpg\" alt=\"ROYAL STONE - natural Stone premium\" width=\"30\" height=\"30\" data-lazy-src=\"http:\/\/royalstone.com.vn\/wp-content\/uploads\/2023\/11\/linkedin-royalstone.jpg\" data-ll-status=\"loaded\" data-lazy-=\"\" \/><\/a><\/div>\n<\/div>\n<\/div>","protected":false},"excerpt":{"rendered":"<ul class=\"l pr-des-featured\">\n<li>MSP: RSTAAMA2023<\/li>\n<li>Place of origin: Brazil<\/li>\n<li>M\u00e0u s\u1eafc: Ghi<\/li>\n<li>Types of stone: Quartz<\/li>\n<li>Size: large<\/li>\n<li>Thickness: 2.0 cm<\/li>\n<\/ul>","protected":false},"featured_media":508,"comment_status":"closed","ping_status":"closed","template":"","meta":{"inline_featured_image":false},"product_cat":[45,46],"product_tag":[],"class_list":{"0":"post-507","1":"product","2":"type-product","3":"status-publish","4":"has-post-thumbnail","6":"product_cat-da-thach-anh","7":"product_cat-da-thach-anh-2-0-cm","9":"first","10":"instock","11":"shipping-taxable","12":"product-type-simple"},"_links":{"self":[{"href":"https:\/\/royalstone.com.vn\/en\/wp-json\/wp\/v2\/product\/507","targetHints":{"allow":["GET"]}}],"collection":[{"href":"https:\/\/royalstone.com.vn\/en\/wp-json\/wp\/v2\/product"}],"about":[{"href":"https:\/\/royalstone.com.vn\/en\/wp-json\/wp\/v2\/types\/product"}],"replies":[{"embeddable":true,"href":"https:\/\/royalstone.com.vn\/en\/wp-json\/wp\/v2\/comments?post=507"}],"wp:featuredmedia":[{"embeddable":true,"href":"https:\/\/royalstone.com.vn\/en\/wp-json\/wp\/v2\/media\/508"}],"wp:attachment":[{"href":"https:\/\/royalstone.com.vn\/en\/wp-json\/wp\/v2\/media?parent=507"}],"wp:term":[{"taxonomy":"product_cat","embeddable":true,"href":"https:\/\/royalstone.com.vn\/en\/wp-json\/wp\/v2\/product_cat?post=507"},{"taxonomy":"product_tag","embeddable":true,"href":"https:\/\/royalstone.com.vn\/en\/wp-json\/wp\/v2\/product_tag?post=507"}],"curies":[{"name":"wp","href":"https:\/\/api.w.org\/{rel}","templated":true}]}}