{"id":506,"date":"2023-11-22T15:38:16","date_gmt":"2023-11-22T15:38:16","guid":{"rendered":"http:\/\/royalstone.com.vn\/?post_type=product&#038;p=506"},"modified":"2023-11-22T15:39:47","modified_gmt":"2023-11-22T15:39:47","slug":"da-granite-xanh-brazil","status":"publish","type":"product","link":"https:\/\/royalstone.com.vn\/en\/da-granite-xanh-brazil\/","title":{"rendered":"\u0110\u00e1 Granite Xanh Brazil"},"content":{"rendered":"<h2 data-sourcepos=\"3:1-3:39\"><strong>T\u1ed5ng quan v\u1ec1 \u0111\u00e1 Granite Xanh Brazil<\/strong><\/h2>\n<p data-sourcepos=\"5:1-5:193\"><a href=\"http:\/\/royalstone.com.vn\/en\/da-granite-xanh-brazil\/\"><em><strong>\u0110\u00e1 Granite Xanh Brazil<\/strong><\/em><\/a> l\u00e0 m\u1ed9t lo\u1ea1i \u0111\u00e1 hoa c\u01b0\u01a1ng t\u1ef1 nhi\u00ean c\u00f3 ngu\u1ed3n g\u1ed1c t\u1eeb Brazil. \u0110\u00e1 c\u00f3 m\u00e0u xanh ch\u1ee7 \u0111\u1ea1o v\u1edbi nh\u1eefng \u0111\u01b0\u1eddng v\u00e2n m\u00e0u x\u00e1m, \u0111en, n\u00e2u,&#8230; xen k\u1ebd nhau t\u1ea1o n\u00ean v\u1ebb \u0111\u1eb9p sang tr\u1ecdng, tinh t\u1ebf.<\/p>\n<h2 data-sourcepos=\"7:1-7:47\"><strong>\u0110\u1eb7c \u0111i\u1ec3m n\u1ed5i b\u1eadt c\u1ee7a \u0111\u00e1 Granite Xanh Brazil<\/strong><\/h2>\n<ul data-sourcepos=\"9:1-14:0\">\n<li data-sourcepos=\"9:1-9:199\"><strong>Color:<\/strong>\u00a0\u0110\u00e1 c\u00f3 m\u00e0u xanh ch\u1ee7 \u0111\u1ea1o v\u1edbi nh\u1eefng \u0111\u01b0\u1eddng v\u00e2n m\u00e0u x\u00e1m, \u0111en, n\u00e2u,&#8230; xen k\u1ebd nhau t\u1ea1o n\u00ean v\u1ebb \u0111\u1eb9p sang tr\u1ecdng, tinh t\u1ebf. M\u00e0u xanh c\u1ee7a \u0111\u00e1 mang \u0111\u1ebfn c\u1ea3m gi\u00e1c m\u00e1t m\u1ebb, th\u01b0 th\u00e1i cho kh\u00f4ng gian s\u1ed1ng.<\/li>\n<li data-sourcepos=\"10:1-10:165\"><strong>Hardness:<\/strong>\u00a0\u0110\u00e1 c\u00f3 \u0111\u1ed9 c\u1ee9ng cao, ch\u1ecbu \u0111\u01b0\u1ee3c l\u1ef1c t\u00e1c \u0111\u1ed9ng m\u1ea1nh, ch\u1ed1ng tr\u1ea7y x\u01b0\u1edbc t\u1ed1t. \u0110\u00e1 c\u00f3 \u0111\u1ed9 c\u1ee9ng Mohs t\u1eeb 6,5 \u0111\u1ebfn 7,5, cao h\u01a1n nhi\u1ec1u so v\u1edbi c\u00e1c lo\u1ea1i \u0111\u00e1 th\u00f4ng th\u01b0\u1eddng.<\/li>\n<li data-sourcepos=\"11:1-11:210\"><strong>Waterproofing ability:<\/strong>\u00a0\u0110\u00e1 c\u00f3 kh\u1ea3 n\u0103ng ch\u1ed1ng th\u1ea5m t\u1ed1t, kh\u00f4ng b\u1ecb \u1ea9m m\u1ed1c, r\u00eau m\u1ed1c. \u0110\u00e1 c\u00f3 kh\u1ea3 n\u0103ng ch\u1ed1ng th\u1ea5m n\u01b0\u1edbc v\u00e0 ch\u1ed1ng th\u1ea5m d\u1ea7u m\u1ee1 t\u1ed1t, kh\u00f4ng b\u1ecb th\u1ea5m n\u01b0\u1edbc khi ti\u1ebfp x\u00fac v\u1edbi n\u01b0\u1edbc m\u01b0a ho\u1eb7c c\u00e1c ch\u1ea5t l\u1ecfng kh\u00e1c.<\/li>\n<li data-sourcepos=\"12:1-12:177\"><strong>Heat resistant:<\/strong>\u00a0\u0110\u00e1 c\u00f3 kh\u1ea3 n\u0103ng ch\u1ecbu nhi\u1ec7t t\u1ed1t, kh\u00f4ng b\u1ecb bi\u1ebfn d\u1ea1ng khi ti\u1ebfp x\u00fac v\u1edbi nhi\u1ec7t \u0111\u1ed9 cao. \u0110\u00e1 c\u00f3 th\u1ec3 ch\u1ecbu \u0111\u01b0\u1ee3c nhi\u1ec7t \u0111\u1ed9 l\u00ean \u0111\u1ebfn 1000 \u0111\u1ed9 C m\u00e0 kh\u00f4ng b\u1ecb bi\u1ebfn d\u1ea1ng.<\/li>\n<li data-sourcepos=\"13:1-14:0\"><strong>Ability hygiene:<\/strong>\u00a0\u0110\u00e1 d\u1ec5 d\u00e0ng v\u1ec7 sinh, lau ch\u00f9i. \u0110\u00e1 c\u00f3 b\u1ec1 m\u1eb7t nh\u1eb5n b\u00f3ng, d\u1ec5 d\u00e0ng lau ch\u00f9i b\u1eb1ng kh\u0103n m\u1ec1m.<\/li>\n<\/ul>\n<figure id=\"attachment_509\" aria-describedby=\"caption-attachment-509\" style=\"width: 569px\" class=\"wp-caption aligncenter\"><img decoding=\"async\" class=\"wp-image-509 size-full\" title=\"\u0110\u00e1 Granite Xanh Brazil\" src=\"http:\/\/royalstone.com.vn\/wp-content\/uploads\/2023\/11\/da-granite-xanh-brazil.jpg\" alt=\"\u0110\u00e1 Granite Xanh Brazil\" width=\"569\" height=\"440\" \/><figcaption id=\"caption-attachment-509\" class=\"wp-caption-text\"><b><a href=\"https:\/\/royalstone.com.vn\/en\/da-granite-3-cm-la-lua-chon-hoan-hao\/\">Granite<\/a><\/b> Xanh Brazil<\/figcaption><\/figure>\n<h2 data-sourcepos=\"15:1-15:39\"><strong>\u1ee8ng d\u1ee5ng c\u1ee7a \u0111\u00e1 Granite Xanh Brazil<\/strong><\/h2>\n<p data-sourcepos=\"17:1-17:76\"><a href=\"http:\/\/royalstone.com.vn\/en\/da-granite\/\"><em><strong>Granite<\/strong><\/em><\/a> Xanh Brazil \u0111\u01b0\u1ee3c \u1ee9ng d\u1ee5ng r\u1ed9ng r\u00e3i trong c\u00e1c h\u1ea1ng m\u1ee5c \u1ed1p l\u00e1t nh\u01b0:<\/p>\n<ul data-sourcepos=\"19:1-24:0\">\n<li data-sourcepos=\"19:1-19:195\"><strong>Tiling facades:<\/strong> Granite Xanh Brazil c\u00f3 m\u00e0u s\u1eafc t\u01b0\u01a1i s\u00e1ng, sang tr\u1ecdng n\u00ean \u0111\u01b0\u1ee3c nhi\u1ec1u ng\u01b0\u1eddi l\u1ef1a ch\u1ecdn \u0111\u1ec3 \u1ed1p l\u00e1t m\u1eb7t ti\u1ec1n nh\u00e0. \u0110\u00e1 mang \u0111\u1ebfn v\u1ebb \u0111\u1eb9p sang tr\u1ecdng, \u0111\u1eb3ng c\u1ea5p cho t\u1ed5ng th\u1ec3 ng\u00f4i nh\u00e0.<\/li>\n<li data-sourcepos=\"20:1-20:219\"><strong>Tiling the kitchen:<\/strong>\u00a0<b><a href=\"https:\/\/royalstone.com.vn\/en\/da-granite-xanh-ve-dep-tuyet-tac-cho-khong-gian\/\">Granite Green<\/a><\/b> Brazil c\u00f3 kh\u1ea3 n\u0103ng ch\u1ed1ng th\u1ea5m, ch\u1ed1ng tr\u1ea7y x\u01b0\u1edbc t\u1ed1t n\u00ean r\u1ea5t ph\u00f9 h\u1ee3p \u0111\u1ec3 \u1ed1p l\u00e1t ph\u00f2ng b\u1ebfp. \u0110\u00e1 gi\u00fap b\u1ea3o v\u1ec7 t\u01b0\u1eddng b\u1ebfp kh\u1ecfi c\u00e1c v\u1ebft b\u1ea9n, d\u1ea7u m\u1ee1, \u0111\u1ea3m b\u1ea3o v\u1ec7 sinh an to\u00e0n cho khu v\u1ef1c b\u1ebfp.<\/li>\n<li data-sourcepos=\"21:1-21:224\"><strong>Bathroom tiling:<\/strong> Granite Xanh Brazil c\u00f3 kh\u1ea3 n\u0103ng ch\u1ed1ng th\u1ea5m, ch\u1ed1ng \u1ea9m m\u1ed1c t\u1ed1t n\u00ean r\u1ea5t ph\u00f9 h\u1ee3p \u0111\u1ec3 \u1ed1p l\u00e1t ph\u00f2ng t\u1eafm. \u0110\u00e1 gi\u00fap b\u1ea3o v\u1ec7 t\u01b0\u1eddng ph\u00f2ng t\u1eafm kh\u1ecfi \u1ea9m m\u1ed1c, r\u00eau m\u1ed1c, \u0111\u1ea3m b\u1ea3o cho ph\u00f2ng t\u1eafm lu\u00f4n s\u1ea1ch s\u1ebd, s\u00e1ng b\u00f3ng.<\/li>\n<li data-sourcepos=\"22:1-22:203\"><strong>Tiling stairs:<\/strong>\u00a0\u0110\u00e1 Granite Xanh Brazil c\u00f3 \u0111\u1ed9 c\u1ee9ng cao, ch\u1ecbu \u0111\u01b0\u1ee3c l\u1ef1c t\u00e1c \u0111\u1ed9ng m\u1ea1nh n\u00ean r\u1ea5t ph\u00f9 h\u1ee3p \u0111\u1ec3 \u1ed1p l\u00e1t c\u1ea7u thang. \u0110\u00e1 gi\u00fap b\u1ea3o v\u1ec7 c\u1ea7u thang kh\u1ecfi tr\u01a1n tr\u01b0\u1ee3t, \u0111\u1ea3m b\u1ea3o an to\u00e0n cho ng\u01b0\u1eddi \u0111i l\u1ea1i.<\/li>\n<li data-sourcepos=\"23:1-24:0\"><strong>Tiling the kitchen table, desk, kitchen island:<\/strong> Granite Xanh Brazil c\u00f3 kh\u1ea3 n\u0103ng ch\u1ed1ng th\u1ea5m, ch\u1ed1ng tr\u1ea7y x\u01b0\u1edbc t\u1ed1t n\u00ean r\u1ea5t ph\u00f9 h\u1ee3p \u0111\u1ec3 \u1ed1p l\u00e1t b\u00e0n b\u1ebfp, b\u00e0n \u0111\u1ea3o b\u1ebfp. \u0110\u00e1 gi\u00fap b\u1ea3o v\u1ec7 b\u00e0n b\u1ebfp kh\u1ecfi c\u00e1c v\u1ebft b\u1ea9n, d\u1ea7u m\u1ee1, \u0111\u1ea3m b\u1ea3o v\u1ec7 sinh an to\u00e0n cho khu v\u1ef1c b\u1ebfp.<\/li>\n<\/ul>\n<h2><strong>C\u00f4ng tr\u00ecnh th\u1ef1c t\u1ebf s\u1eed d\u1ee5ng \u0110\u00e1 Granite Xanh Brazil do Royal Stone th\u1ef1c hi\u1ec7n<\/strong><\/h2>\n<p>Granite Xanh Brazil \u1ed1p b\u00e0n b\u1ebfp<\/p>\n<p>Granite Xanh Brazil \u1ed1p b\u00e0n <b><a href=\"https:\/\/royalstone.com.vn\/en\/lavabo-rua-mat-bang-da-ua-chuong-nhat-hien-nay\/\">lavabo<\/a><\/b><\/p>\n<h3><strong>Contact information Royal Stone<\/strong><\/h3>\n<p><strong>COMPANY LIMITED ROYAL STONE<\/strong><\/p>\n<p>\u260e Hotline: 0963 689 531<\/p>\n<p>\ud83c\udfe0 Office : 283 Tay Mo Ward, Dai Mo ward, Nam tu Liem district, Ha Noi City.<\/p>\n<p>\ud83c\udfe0 Factory: the 10 Yen The town, Luc Yen district, Yen Bai province<\/p>\n<p>\ud83c\udfe0 Warehouse Ha Noi: Lane 24, Dai Mo, tu Liem, Ha Noi (falling edge 4 Van Phuc, Ha Dong)<\/p>\n<p>\ud83c\udf10 Website:\u00a0<a href=\"https:\/\/royalstone.com.vn\/en\/\">www.royalstone.com.vn<\/a><\/p>\n<h3 class=\"ftwp-heading\"><strong>Connect with Royal Stone<\/strong><\/h3>\n<div class=\"textwidget custom-html-widget\">\n<div class=\"textwidget custom-html-widget\">\n<div><a href=\"https:\/\/www.youtube.com\/@royalstone-datunhiencaocap\" target=\"_blank\" rel=\"noopener nofollow\"><img decoding=\"async\" class=\"entered lazyloaded\" title=\"ROYAL STONE - natural Stone premium\" src=\"http:\/\/royalstone.com.vn\/wp-content\/uploads\/2023\/11\/youtube-royalstone.jpg\" alt=\"ROYAL STONE - natural Stone premium\" width=\"30\" height=\"30\" data-lazy-src=\"http:\/\/royalstone.com.vn\/wp-content\/uploads\/2023\/11\/youtube-royalstone.jpg\" data-ll-status=\"loaded\" data-lazy-=\"\" \/><\/a><a href=\"https:\/\/www.facebook.com\/RoyalstoneDaTuNhienCaoCap\" target=\"_blank\" rel=\"noopener nofollow\"><img decoding=\"async\" class=\"entered lazyloaded\" title=\"ROYAL STONE - natural Stone premium\" src=\"http:\/\/royalstone.com.vn\/wp-content\/uploads\/2023\/11\/facebook-royalstone.jpg\" alt=\"ROYAL STONE - natural Stone premium\" width=\"30\" height=\"30\" data-lazy-src=\"http:\/\/royalstone.com.vn\/wp-content\/uploads\/2023\/11\/facebook-royalstone.jpg\" data-ll-status=\"loaded\" data-lazy-=\"\" \/><\/a><a href=\"https:\/\/twitter.com\/royalstonedatn\" target=\"_blank\" rel=\"noopener nofollow\"><img decoding=\"async\" class=\"entered lazyloaded\" title=\"ROYAL STONE - natural Stone premium\" src=\"http:\/\/royalstone.com.vn\/wp-content\/uploads\/2023\/11\/twitter-royalstone.jpg\" alt=\"ROYAL STONE - natural Stone premium\" width=\"30\" height=\"30\" data-lazy-src=\"http:\/\/royalstone.com.vn\/wp-content\/uploads\/2023\/11\/twitter-royalstone.jpg\" data-ll-status=\"loaded\" data-lazy-=\"\" \/><\/a><a href=\"https:\/\/www.pinterest.com\/royalstonedatunhiencaocap\/\" target=\"_blank\" rel=\"noopener nofollow\"><img decoding=\"async\" class=\"entered lazyloaded\" title=\"ROYAL STONE - natural Stone premium\" src=\"http:\/\/royalstone.com.vn\/wp-content\/uploads\/2023\/11\/printerest-royalstone.jpg\" alt=\"ROYAL STONE - natural Stone premium\" width=\"30\" height=\"30\" data-lazy-src=\"http:\/\/royalstone.com.vn\/wp-content\/uploads\/2023\/11\/printerest-royalstone.jpg\" data-ll-status=\"loaded\" data-lazy-=\"\" \/><\/a><a href=\"https:\/\/www.linkedin.com\/in\/royalstone-datunhien\/\" target=\"_blank\" rel=\"noopener nofollow\"><img decoding=\"async\" class=\"entered lazyloaded\" title=\"ROYAL STONE - natural Stone premium\" src=\"http:\/\/royalstone.com.vn\/wp-content\/uploads\/2023\/11\/linkedin-royalstone.jpg\" alt=\"ROYAL STONE - natural Stone premium\" width=\"30\" height=\"30\" data-lazy-src=\"http:\/\/royalstone.com.vn\/wp-content\/uploads\/2023\/11\/linkedin-royalstone.jpg\" data-ll-status=\"loaded\" data-lazy-=\"\" \/><\/a><\/div>\n<\/div>\n<\/div>","protected":false},"excerpt":{"rendered":"<ul class=\"l pr-des-featured\">\n<li>MSP: RSGXB2023<\/li>\n<li>Place of origin: Brazil<\/li>\n<li>Color: Blue<\/li>\n<li>Type of stone: Granite<\/li>\n<li>Size: small size<\/li>\n<li>Thickness: 1.8 Cm<\/li>\n<\/ul>","protected":false},"featured_media":509,"comment_status":"closed","ping_status":"closed","template":"","meta":{"inline_featured_image":false},"product_cat":[23,34],"product_tag":[],"class_list":{"0":"post-506","1":"product","2":"type-product","3":"status-publish","4":"has-post-thumbnail","6":"product_cat-da-granite","7":"product_cat-da-granite-xanh","9":"first","10":"instock","11":"shipping-taxable","12":"product-type-simple"},"_links":{"self":[{"href":"https:\/\/royalstone.com.vn\/en\/wp-json\/wp\/v2\/product\/506","targetHints":{"allow":["GET"]}}],"collection":[{"href":"https:\/\/royalstone.com.vn\/en\/wp-json\/wp\/v2\/product"}],"about":[{"href":"https:\/\/royalstone.com.vn\/en\/wp-json\/wp\/v2\/types\/product"}],"replies":[{"embeddable":true,"href":"https:\/\/royalstone.com.vn\/en\/wp-json\/wp\/v2\/comments?post=506"}],"wp:featuredmedia":[{"embeddable":true,"href":"https:\/\/royalstone.com.vn\/en\/wp-json\/wp\/v2\/media\/509"}],"wp:attachment":[{"href":"https:\/\/royalstone.com.vn\/en\/wp-json\/wp\/v2\/media?parent=506"}],"wp:term":[{"taxonomy":"product_cat","embeddable":true,"href":"https:\/\/royalstone.com.vn\/en\/wp-json\/wp\/v2\/product_cat?post=506"},{"taxonomy":"product_tag","embeddable":true,"href":"https:\/\/royalstone.com.vn\/en\/wp-json\/wp\/v2\/product_tag?post=506"}],"curies":[{"name":"wp","href":"https:\/\/api.w.org\/{rel}","templated":true}]}}