{"id":499,"date":"2023-11-22T15:30:06","date_gmt":"2023-11-22T15:30:06","guid":{"rendered":"http:\/\/royalstone.com.vn\/?post_type=product&#038;p=499"},"modified":"2023-11-22T15:31:32","modified_gmt":"2023-11-22T15:31:32","slug":"da-granite-surf-gren-2-0","status":"publish","type":"product","link":"https:\/\/royalstone.com.vn\/en\/da-granite-surf-gren-2-0\/","title":{"rendered":"Granite Surf Gren 2.0"},"content":{"rendered":"<p data-sourcepos=\"5:1-5:251\"><a href=\"http:\/\/royalstone.com.vn\/en\/da-granite-surf-gren-2-0\/\"><em><strong>\u0110\u00e1 Granite Surf Gren<\/strong><\/em><\/a> 2.0 l\u00e0 m\u1ed9t lo\u1ea1i \u0111\u00e1 hoa c\u01b0\u01a1ng t\u1ef1 nhi\u00ean c\u00f3 ngu\u1ed3n g\u1ed1c t\u1eeb \u1ea4n \u0110\u1ed9. \u0110<span class=\"citation-0 citation-end-0\">\u00e1 c\u00f3 m\u00e0u xanh nh\u1eb9 nh\u00e0ng \u0111\u01b0\u1ee3c t\u1ea1o ra t\u1eeb c\u00e1c d\u1ea3i v\u00e2n m\u00e0u xanh l\u00e1, x\u00e1m, kem, c\u00e1ch ch\u1ea1y v\u00e2n g\u1ea7n gi\u1ed1ng <b><a href=\"https:\/\/royalstone.com.vn\/en\/da-marble-3-cm-san-pham-danh-cho-noi-that\/\">marble<\/a><\/b>, do \u0111\u00e1 ch\u00fang r\u1ea5t \u0111\u01b0\u1ee3c c\u00e1c kh\u00e1ch h\u00e0ng \u01b0a chu\u1ed9ng.<\/span><\/p>\n<h2 data-sourcepos=\"7:1-7:53\"><strong>\u0110\u00e1 Granite Surf Gren 2.0 c\u00f3 \u0111\u1eb7c \u0111i\u1ec3m g\u00ec n\u1ed5i b\u1eadt?<\/strong><\/h2>\n<ul data-sourcepos=\"9:1-14:0\">\n<li data-sourcepos=\"9:1-9:124\"><strong>Color:<\/strong>\u00a0\u0110\u00e1 c\u00f3 m\u00e0u xanh nh\u1eb9 nh\u00e0ng \u0111\u01b0\u1ee3c t\u1ea1o ra t\u1eeb c\u00e1c d\u1ea3i v\u00e2n m\u00e0u xanh l\u00e1, x\u00e1m, kem, c\u00e1ch ch\u1ea1y v\u00e2n g\u1ea7n gi\u1ed1ng \u0111\u00e1 marble.<\/li>\n<li data-sourcepos=\"10:1-10:83\"><strong>Hardness:<\/strong>\u00a0Stone has high hardness, resistant to impact force strong, anti-scratch good.<\/li>\n<li data-sourcepos=\"11:1-11:83\"><strong>Waterproofing ability:<\/strong>\u00a0Stones are likely good waterproofing, not moldy, mildew.<\/li>\n<li data-sourcepos=\"12:1-12:107\"><strong>Heat resistant:<\/strong>\u00a0The stone has good heat resistance, no deformation when exposed to high temperatures.<\/li>\n<li data-sourcepos=\"13:1-14:0\"><strong>Ability hygiene:<\/strong>\u00a0Stone easy to clean, clean.<\/li>\n<\/ul>\n<h2 data-sourcepos=\"15:1-15:12\"><strong>\u1ee8ng d\u1ee5ng c\u1ee7a \u0110\u00e1 Granite Surf Gren 2.0<\/strong><\/h2>\n<p data-sourcepos=\"17:1-17:71\"><b><a href=\"https:\/\/royalstone.com.vn\/en\/da-granite-3-cm-la-lua-chon-hoan-hao\/\">Granite<\/a><\/b> Surf Gren 2.0 \u0111\u01b0\u1ee3c \u1ee9ng d\u1ee5ng r\u1ed9ng r\u00e3i trong c\u00e1c h\u1ea1ng m\u1ee5c nh\u01b0:<\/p>\n<ul data-sourcepos=\"19:1-25:0\">\n<li data-sourcepos=\"19:1-19:134\"><strong>Tiling facades:<\/strong>\u00a0\u0110\u00e1 Granite Surf Gren 2.0 c\u00f3 m\u00e0u s\u1eafc t\u01b0\u01a1i s\u00e1ng, sang tr\u1ecdng n\u00ean \u0111\u01b0\u1ee3c nhi\u1ec1u ng\u01b0\u1eddi l\u1ef1a ch\u1ecdn \u0111\u1ec3 \u1ed1p l\u00e1t m\u1eb7t ti\u1ec1n nh\u00e0.<\/li>\n<li data-sourcepos=\"20:1-20:120\"><strong>Tiling the living room:<\/strong> Granite Surf Gren 2.0 c\u00f3 m\u00e0u s\u1eafc sang tr\u1ecdng, c\u1ed5 \u0111i\u1ec3n n\u00ean r\u1ea5t ph\u00f9 h\u1ee3p \u0111\u1ec3 \u1ed1p l\u00e1t ph\u00f2ng kh\u00e1ch.<\/li>\n<li data-sourcepos=\"21:1-21:112\"><strong>Tiling bedrooms:<\/strong> Granite Surf Gren 2.0 c\u00f3 m\u00e0u s\u1eafc \u1ea5m \u00e1p, th\u01b0 gi\u00e3n n\u00ean r\u1ea5t ph\u00f9 h\u1ee3p \u0111\u1ec3 \u1ed1p l\u00e1t ph\u00f2ng ng\u1ee7.<\/li>\n<li data-sourcepos=\"22:1-22:129\"><strong>Tiling stairs:<\/strong>\u00a0\u0110\u00e1 Granite Surf Gren 2.0 c\u00f3 \u0111\u1ed9 c\u1ee9ng cao, ch\u1ecbu \u0111\u01b0\u1ee3c l\u1ef1c t\u00e1c \u0111\u1ed9ng m\u1ea1nh n\u00ean r\u1ea5t ph\u00f9 h\u1ee3p \u0111\u1ec3 \u1ed1p l\u00e1t c\u1ea7u thang.<\/li>\n<li data-sourcepos=\"23:1-23:151\"><strong>Tiling the kitchen table, desk, kitchen island:<\/strong>\u00a0\u0110\u00e1 Granite Surf Gren 2.0 c\u00f3 kh\u1ea3 n\u0103ng ch\u1ed1ng th\u1ea5m, ch\u1ed1ng tr\u1ea7y x\u01b0\u1edbc t\u1ed1t n\u00ean r\u1ea5t ph\u00f9 h\u1ee3p \u0111\u1ec3 \u1ed1p l\u00e1t b\u00e0n b\u1ebfp, b\u00e0n \u0111\u1ea3o b\u1ebfp.<\/li>\n<li data-sourcepos=\"24:1-25:0\"><strong>Tiling bath <b><a href=\"https:\/\/royalstone.com.vn\/en\/lavabo-rua-mat-bang-da-ua-chuong-nhat-hien-nay\/\">lavabo<\/a><\/b>:<\/strong> Granite Surf Gren 2.0 c\u00f3 kh\u1ea3 n\u0103ng ch\u1ed1ng th\u1ea5m, ch\u1ed1ng \u1ea9m m\u1ed1c t\u1ed1t n\u00ean r\u1ea5t ph\u00f9 h\u1ee3p \u0111\u1ec3 \u1ed1p l\u00e1t b\u1ed3n t\u1eafm, lavabo.<\/li>\n<\/ul>\n<figure id=\"attachment_500\" aria-describedby=\"caption-attachment-500\" style=\"width: 502px\" class=\"wp-caption alignnone\"><img decoding=\"async\" class=\"wp-image-500 size-full\" title=\"Granite Surf Gren 2.0\" src=\"http:\/\/royalstone.com.vn\/wp-content\/uploads\/2023\/11\/da-granite-surf-gren-2-0.jpg\" alt=\"Granite Surf Gren 2.0\" width=\"502\" height=\"338\" \/><figcaption id=\"caption-attachment-500\" class=\"wp-caption-text\">Granite Surf Gren 2.0<\/figcaption><\/figure>\n<h3 data-sourcepos=\"26:1-26:11\"><strong>\u01afu \u0111i\u1ec3m c\u1ee7a \u0110\u00e1 Granite Surf Gren 2.0<\/strong><\/h3>\n<p data-sourcepos=\"28:1-28:60\"><a href=\"http:\/\/royalstone.com.vn\/en\/da-granite\/\"><em><strong>Granite<\/strong><\/em><\/a> Surf Gren 2.0 mang \u0111\u1ebfn nhi\u1ec1u \u01b0u \u0111i\u1ec3m n\u1ed5i b\u1eadt nh\u01b0:<\/p>\n<ul data-sourcepos=\"30:1-33:0\">\n<li data-sourcepos=\"30:1-30:151\"><strong>V\u1ebb \u0111\u1eb9p sang tr\u1ecdng, tinh t\u1ebf:<\/strong>\u00a0\u0110\u00e1 c\u00f3 m\u00e0u s\u1eafc t\u01b0\u01a1i s\u00e1ng, b\u1eaft m\u1eaft c\u00f9ng nh\u1eefng \u0111\u01b0\u1eddng v\u00e2n \u0111\u1ed9c \u0111\u00e1o t\u1ea1o n\u00ean v\u1ebb \u0111\u1eb9p sang tr\u1ecdng, tinh t\u1ebf cho kh\u00f4ng gian s\u1ed1ng.<\/li>\n<li data-sourcepos=\"31:1-31:178\"><strong>Durability:<\/strong>\u00a0\u0110\u00e1 c\u00f3 \u0111\u1ed9 c\u1ee9ng cao, ch\u1ecbu \u0111\u01b0\u1ee3c l\u1ef1c t\u00e1c \u0111\u1ed9ng m\u1ea1nh, ch\u1ed1ng tr\u1ea7y x\u01b0\u1edbc t\u1ed1t, kh\u00f4ng b\u1ecb \u1ea9m m\u1ed1c, r\u00eau m\u1ed1c, ch\u1ecbu nhi\u1ec7t t\u1ed1t, kh\u00f4ng b\u1ecb bi\u1ebfn d\u1ea1ng khi ti\u1ebfp x\u00fac v\u1edbi nhi\u1ec7t \u0111\u1ed9 cao.<\/li>\n<li data-sourcepos=\"32:1-33:0\"><strong>D\u1ec5 d\u00e0ng v\u1ec7 sinh, lau ch\u00f9i:<\/strong>\u00a0\u0110\u00e1 c\u00f3 b\u1ec1 m\u1eb7t nh\u1eb5n b\u00f3ng, d\u1ec5 d\u00e0ng v\u1ec7 sinh, lau ch\u00f9i.<\/li>\n<\/ul>\n<h3 data-sourcepos=\"34:1-34:14\"><strong>Nh\u01b0\u1ee3c \u0111i\u1ec3m c\u1ee7a \u0110\u00e1 Granite Surf Gren 2.0<\/strong><\/h3>\n<p data-sourcepos=\"36:1-36:50\">\u0110\u00e1 Granite Surf Gren 2.0 c\u00f3 m\u1ed9t s\u1ed1 nh\u01b0\u1ee3c \u0111i\u1ec3m nh\u01b0:<\/p>\n<ul data-sourcepos=\"38:1-40:0\">\n<li data-sourcepos=\"38:1-38:104\"><strong>Price high:<\/strong>\u00a0\u0110\u00e1 Granite Surf Gren 2.0 c\u00f3 gi\u00e1 th\u00e0nh cao h\u01a1n so v\u1edbi m\u1ed9t s\u1ed1 lo\u1ea1i \u0111\u00e1 hoa c\u01b0\u01a1ng kh\u00e1c.<\/li>\n<li data-sourcepos=\"39:1-40:0\"><strong>C\u1ea7n \u0111\u01b0\u1ee3c b\u1ea3o d\u01b0\u1ee1ng \u0111\u1ecbnh k\u1ef3:<\/strong>\u00a0\u0110\u00e1 Granite Surf Gren 2.0 c\u1ea7n \u0111\u01b0\u1ee3c b\u1ea3o d\u01b0\u1ee1ng \u0111\u1ecbnh k\u1ef3 \u0111\u1ec3 gi\u1eef \u0111\u01b0\u1ee3c v\u1ebb \u0111\u1eb9p v\u00e0 \u0111\u1ed9 b\u1ec1n cao.<\/li>\n<\/ul>\n<h2><strong>C\u00f4ng tr\u00ecnh th\u1ef1c t\u1ebf s\u1eed d\u1ee5ng \u0110\u00e1 Granite Surf Gren do Royal Stone th\u1ef1c hi\u1ec7n<\/strong><\/h2>\n<p>Granite Surf Gren 2.0 \u1ed1p b\u00e0n b\u1ebfp<\/p>\n<p>Granite Surf Gren 2.0 \u1ed1p b\u00e0n lavabo<\/p>\n<h3><strong>Contact information Royal Stone<\/strong><\/h3>\n<p><strong>COMPANY LIMITED ROYAL STONE<\/strong><\/p>\n<p>\u260e Hotline: 0963 689 531<\/p>\n<p>\ud83c\udfe0 Office : 283 Tay Mo Ward, Dai Mo ward, Nam tu Liem district, Ha Noi City.<\/p>\n<p>\ud83c\udfe0 Factory: the 10 Yen The town, Luc Yen district, Yen Bai province<\/p>\n<p>\ud83c\udfe0 Warehouse Ha Noi: Lane 24, Dai Mo, tu Liem, Ha Noi (falling edge 4 Van Phuc, Ha Dong)<\/p>\n<p>\ud83c\udf10 Website:\u00a0<a href=\"https:\/\/royalstone.com.vn\/en\/\">www.royalstone.com.vn<\/a><\/p>\n<h3 class=\"ftwp-heading\"><strong>Connect with Royal Stone<\/strong><\/h3>\n<div class=\"textwidget custom-html-widget\">\n<div class=\"textwidget custom-html-widget\">\n<div><a href=\"https:\/\/www.youtube.com\/@royalstone-datunhiencaocap\" target=\"_blank\" rel=\"noopener nofollow\"><img decoding=\"async\" class=\"entered lazyloaded\" title=\"ROYAL STONE - natural Stone premium\" src=\"http:\/\/royalstone.com.vn\/wp-content\/uploads\/2023\/11\/youtube-royalstone.jpg\" alt=\"ROYAL STONE - natural Stone premium\" width=\"30\" height=\"30\" data-lazy-src=\"http:\/\/royalstone.com.vn\/wp-content\/uploads\/2023\/11\/youtube-royalstone.jpg\" data-ll-status=\"loaded\" data-lazy-=\"\" \/><\/a><a href=\"https:\/\/www.facebook.com\/RoyalstoneDaTuNhienCaoCap\" target=\"_blank\" rel=\"noopener nofollow\"><img decoding=\"async\" class=\"entered lazyloaded\" title=\"ROYAL STONE - natural Stone premium\" src=\"http:\/\/royalstone.com.vn\/wp-content\/uploads\/2023\/11\/facebook-royalstone.jpg\" alt=\"ROYAL STONE - natural Stone premium\" width=\"30\" height=\"30\" data-lazy-src=\"http:\/\/royalstone.com.vn\/wp-content\/uploads\/2023\/11\/facebook-royalstone.jpg\" data-ll-status=\"loaded\" data-lazy-=\"\" \/><\/a><a href=\"https:\/\/twitter.com\/royalstonedatn\" target=\"_blank\" rel=\"noopener nofollow\"><img decoding=\"async\" class=\"entered lazyloaded\" title=\"ROYAL STONE - natural Stone premium\" src=\"http:\/\/royalstone.com.vn\/wp-content\/uploads\/2023\/11\/twitter-royalstone.jpg\" alt=\"ROYAL STONE - natural Stone premium\" width=\"30\" height=\"30\" data-lazy-src=\"http:\/\/royalstone.com.vn\/wp-content\/uploads\/2023\/11\/twitter-royalstone.jpg\" data-ll-status=\"loaded\" data-lazy-=\"\" \/><\/a><a href=\"https:\/\/www.pinterest.com\/royalstonedatunhiencaocap\/\" target=\"_blank\" rel=\"noopener nofollow\"><img decoding=\"async\" class=\"entered lazyloaded\" title=\"ROYAL STONE - natural Stone premium\" src=\"http:\/\/royalstone.com.vn\/wp-content\/uploads\/2023\/11\/printerest-royalstone.jpg\" alt=\"ROYAL STONE - natural Stone premium\" width=\"30\" height=\"30\" data-lazy-src=\"http:\/\/royalstone.com.vn\/wp-content\/uploads\/2023\/11\/printerest-royalstone.jpg\" data-ll-status=\"loaded\" data-lazy-=\"\" \/><\/a><a href=\"https:\/\/www.linkedin.com\/in\/royalstone-datunhien\/\" target=\"_blank\" rel=\"noopener nofollow\"><img decoding=\"async\" class=\"entered lazyloaded\" title=\"ROYAL STONE - natural Stone premium\" src=\"http:\/\/royalstone.com.vn\/wp-content\/uploads\/2023\/11\/linkedin-royalstone.jpg\" alt=\"ROYAL STONE - natural Stone premium\" width=\"30\" height=\"30\" data-lazy-src=\"http:\/\/royalstone.com.vn\/wp-content\/uploads\/2023\/11\/linkedin-royalstone.jpg\" data-ll-status=\"loaded\" data-lazy-=\"\" \/><\/a><\/div>\n<\/div>\n<\/div>","protected":false},"excerpt":{"rendered":"<ul class=\"l pr-des-featured\">\n<li>MSP: RSGSG202023<\/li>\n<li>Place of origin: Brazil<\/li>\n<li>Color: Brown<\/li>\n<li>Material: Granite<\/li>\n<li>Size: large<\/li>\n<li>Thickness: 2.0 cm<\/li>\n<\/ul>","protected":false},"featured_media":500,"comment_status":"closed","ping_status":"closed","template":"","meta":{"inline_featured_image":false},"product_cat":[23,34],"product_tag":[],"class_list":{"0":"post-499","1":"product","2":"type-product","3":"status-publish","4":"has-post-thumbnail","6":"product_cat-da-granite","7":"product_cat-da-granite-xanh","9":"first","10":"instock","11":"shipping-taxable","12":"product-type-simple"},"_links":{"self":[{"href":"https:\/\/royalstone.com.vn\/en\/wp-json\/wp\/v2\/product\/499","targetHints":{"allow":["GET"]}}],"collection":[{"href":"https:\/\/royalstone.com.vn\/en\/wp-json\/wp\/v2\/product"}],"about":[{"href":"https:\/\/royalstone.com.vn\/en\/wp-json\/wp\/v2\/types\/product"}],"replies":[{"embeddable":true,"href":"https:\/\/royalstone.com.vn\/en\/wp-json\/wp\/v2\/comments?post=499"}],"wp:featuredmedia":[{"embeddable":true,"href":"https:\/\/royalstone.com.vn\/en\/wp-json\/wp\/v2\/media\/500"}],"wp:attachment":[{"href":"https:\/\/royalstone.com.vn\/en\/wp-json\/wp\/v2\/media?parent=499"}],"wp:term":[{"taxonomy":"product_cat","embeddable":true,"href":"https:\/\/royalstone.com.vn\/en\/wp-json\/wp\/v2\/product_cat?post=499"},{"taxonomy":"product_tag","embeddable":true,"href":"https:\/\/royalstone.com.vn\/en\/wp-json\/wp\/v2\/product_tag?post=499"}],"curies":[{"name":"wp","href":"https:\/\/api.w.org\/{rel}","templated":true}]}}