{"id":474,"date":"2023-11-22T14:53:03","date_gmt":"2023-11-22T14:53:03","guid":{"rendered":"http:\/\/royalstone.com.vn\/?post_type=product&#038;p=474"},"modified":"2023-11-22T14:54:05","modified_gmt":"2023-11-22T14:54:05","slug":"da-granite-mani-gate","status":"publish","type":"product","link":"https:\/\/royalstone.com.vn\/en\/da-granite-mani-gate\/","title":{"rendered":"Granite Mani Gate"},"content":{"rendered":"<p data-sourcepos=\"5:1-5:195\"><a href=\"http:\/\/royalstone.com.vn\/en\/da-granite-mani-gate\/\"><em><strong>Granite Mani Gate<\/strong><\/em><\/a> l\u00e0 m\u1ed9t lo\u1ea1i \u0111\u00e1 hoa c\u01b0\u01a1ng t\u1ef1 nhi\u00ean c\u00f3 ngu\u1ed3n g\u1ed1c t\u1eeb Brazil. \u0110\u00e1 c\u00f3 m\u00e0u xanh ch\u1ee7 \u0111\u1ea1o v\u1edbi nh\u1eefng \u0111\u01b0\u1eddng v\u00e2n m\u00e0u tr\u1eafng, x\u00e1m xen k\u1ebd nhau t\u1ea1o n\u00ean v\u1ebb \u0111\u1eb9p sang tr\u1ecdng, tinh t\u1ebf.<\/p>\n<h2 data-sourcepos=\"20:1-20:37\"><strong>\u0110\u00e1 Granite Mani Gate l\u00e0 g\u00ec?<\/strong><\/h2>\n<p data-sourcepos=\"22:1-22:364\"><b><a href=\"https:\/\/royalstone.com.vn\/en\/da-granite-3-cm-la-lua-chon-hoan-hao\/\">Granite<\/a><\/b> Mani Gate l\u00e0 m\u1ed9t lo\u1ea1i \u0111\u00e1 hoa c\u01b0\u01a1ng t\u1ef1 nhi\u00ean c\u00f3 ngu\u1ed3n g\u1ed1c t\u1eeb Brazil. \u0110\u00e1 c\u00f3 m\u00e0u xanh ch\u1ee7 \u0111\u1ea1o v\u1edbi nh\u1eefng \u0111\u01b0\u1eddng v\u00e2n m\u00e0u tr\u1eafng, x\u00e1m xen k\u1ebd nhau t\u1ea1o n\u00ean v\u1ebb \u0111\u1eb9p sang tr\u1ecdng, tinh t\u1ebf. \u0110\u00e1 \u0111\u01b0\u1ee3c h\u00ecnh th\u00e0nh t\u1eeb qu\u00e1 tr\u00ecnh bi\u1ebfn ch\u1ea5t c\u1ee7a c\u00e1c lo\u1ea1i \u0111\u00e1 tr\u1ea7m t\u00edch, c\u00f3 \u0111\u1ed9 c\u1ee9ng cao, kh\u1ea3 n\u0103ng ch\u1ecbu l\u1ef1c t\u1ed1t, ch\u1ed1ng th\u1ea5m, ch\u1ed1ng tr\u1ea7y x\u01b0\u1edbc, ch\u1ecbu nhi\u1ec7t t\u1ed1t, d\u1ec5 d\u00e0ng v\u1ec7 sinh, lau ch\u00f9i.<\/p>\n<h2 data-sourcepos=\"24:1-24:36\"><strong>\u0110\u1eb7c \u0111i\u1ec3m c\u1ee7a \u0111\u00e1 Granite Mani Gate<\/strong><\/h2>\n<ul data-sourcepos=\"26:1-31:0\">\n<li data-sourcepos=\"26:1-26:225\"><strong>Color:<\/strong>\u00a0\u0110\u00e1 Granite Mani Gate c\u00f3 m\u00e0u xanh ch\u1ee7 \u0111\u1ea1o v\u1edbi nh\u1eefng \u0111\u01b0\u1eddng v\u00e2n m\u00e0u tr\u1eafng, x\u00e1m xen k\u1ebd nhau t\u1ea1o n\u00ean v\u1ebb \u0111\u1eb9p sang tr\u1ecdng, tinh t\u1ebf. M\u00e0u xanh c\u1ee7a \u0111\u00e1 mang \u0111\u1ebfn c\u1ea3m gi\u00e1c m\u00e1t m\u1ebb, th\u01b0 gi\u00e3n, ph\u00f9 h\u1ee3p v\u1edbi nhi\u1ec1u kh\u00f4ng gian s\u1ed1ng.<\/li>\n<li data-sourcepos=\"27:1-27:153\"><strong>Hardness:<\/strong> Granite Mani Gate c\u00f3 \u0111\u1ed9 c\u1ee9ng cao, ch\u1ecbu \u0111\u01b0\u1ee3c l\u1ef1c t\u00e1c \u0111\u1ed9ng m\u1ea1nh, ch\u1ed1ng tr\u1ea7y x\u01b0\u1edbc t\u1ed1t. \u0110\u00e1 c\u00f3 \u0111\u1ed9 c\u1ee9ng Mohs l\u00e0 7, t\u01b0\u01a1ng \u0111\u01b0\u01a1ng v\u1edbi kim c\u01b0\u01a1ng.<\/li>\n<li data-sourcepos=\"28:1-28:166\"><strong>Waterproofing ability:<\/strong> Granite Mani Gate c\u00f3 kh\u1ea3 n\u0103ng ch\u1ed1ng th\u1ea5m t\u1ed1t, kh\u00f4ng b\u1ecb \u1ea9m m\u1ed1c, r\u00eau m\u1ed1c. \u0110\u00e1 c\u00f3 th\u1ec3 ch\u1ecbu \u0111\u01b0\u1ee3c n\u01b0\u1edbc m\u01b0a, n\u01b0\u1edbc th\u1ea3i,&#8230; m\u00e0 kh\u00f4ng b\u1ecb h\u01b0 h\u1ecfng.<\/li>\n<li data-sourcepos=\"29:1-29:173\"><strong>Heat resistant:<\/strong> Granite Mani Gate c\u00f3 kh\u1ea3 n\u0103ng ch\u1ecbu nhi\u1ec7t t\u1ed1t, kh\u00f4ng b\u1ecb bi\u1ebfn d\u1ea1ng khi ti\u1ebfp x\u00fac v\u1edbi nhi\u1ec7t \u0111\u1ed9 cao. \u0110\u00e1 c\u00f3 th\u1ec3 ch\u1ecbu \u0111\u01b0\u1ee3c nhi\u1ec7t \u0111\u1ed9 l\u00ean \u0111\u1ebfn 1000 \u0111\u1ed9 C.<\/li>\n<li data-sourcepos=\"30:1-31:0\"><strong>Ability hygiene:<\/strong>\u00a0\u0110\u00e1 Granite Mani Gate d\u1ec5 d\u00e0ng v\u1ec7 sinh, lau ch\u00f9i. \u0110\u00e1 c\u00f3 th\u1ec3 \u0111\u01b0\u1ee3c v\u1ec7 sinh b\u1eb1ng n\u01b0\u1edbc, x\u00e0 ph\u00f2ng,&#8230; m\u00e0 kh\u00f4ng b\u1ecb h\u01b0 h\u1ecfng.<\/li>\n<\/ul>\n<figure id=\"attachment_477\" aria-describedby=\"caption-attachment-477\" style=\"width: 489px\" class=\"wp-caption alignnone\"><img decoding=\"async\" class=\"wp-image-477 size-full\" title=\"Granite Mani Gate\" src=\"http:\/\/royalstone.com.vn\/wp-content\/uploads\/2023\/11\/da-granite-mani-gate.jpg\" alt=\"Granite Mani Gate\" width=\"489\" height=\"335\" \/><figcaption id=\"caption-attachment-477\" class=\"wp-caption-text\">Granite Mani Gate<\/figcaption><\/figure>\n<h2 data-sourcepos=\"32:1-32:36\"><strong>\u1ee8ng d\u1ee5ng c\u1ee7a \u0111\u00e1 Granite Mani Gate<\/strong><\/h2>\n<p data-sourcepos=\"34:1-34:98\"><a href=\"http:\/\/royalstone.com.vn\/en\/da-granite\/\"><em><strong>Granite<\/strong><\/em><\/a> Mani Gate \u0111\u01b0\u1ee3c \u1ee9ng d\u1ee5ng r\u1ed9ng r\u00e3i trong c\u00e1c h\u1ea1ng m\u1ee5c \u1ed1p l\u00e1t trong nh\u00e0 v\u00e0 ngo\u00e0i tr\u1eddi nh\u01b0:<\/p>\n<ul data-sourcepos=\"36:1-41:0\">\n<li data-sourcepos=\"36:1-36:205\"><strong>Tiling facades:<\/strong>\u00a0\u0110\u00e1 Granite Mani Gate c\u00f3 m\u00e0u s\u1eafc t\u01b0\u01a1i s\u00e1ng, sang tr\u1ecdng n\u00ean \u0111\u01b0\u1ee3c nhi\u1ec1u ng\u01b0\u1eddi l\u1ef1a ch\u1ecdn \u0111\u1ec3 \u1ed1p l\u00e1t m\u1eb7t ti\u1ec1n nh\u00e0. \u0110\u00e1 gi\u00fap t\u1ea1o \u0111i\u1ec3m nh\u1ea5n cho m\u1eb7t ti\u1ec1n nh\u00e0, mang \u0111\u1ebfn v\u1ebb \u0111\u1eb9p hi\u1ec7n \u0111\u1ea1i, tinh t\u1ebf.<\/li>\n<li data-sourcepos=\"37:1-37:184\"><strong>Tiling the kitchen:<\/strong>\u00a0\u0110\u00e1 Granite Mani Gate c\u00f3 kh\u1ea3 n\u0103ng ch\u1ed1ng th\u1ea5m, ch\u1ed1ng tr\u1ea7y x\u01b0\u1edbc t\u1ed1t n\u00ean r\u1ea5t ph\u00f9 h\u1ee3p \u0111\u1ec3 \u1ed1p l\u00e1t ph\u00f2ng b\u1ebfp. \u0110\u00e1 gi\u00fap b\u1ea3o v\u1ec7 b\u1ec1 m\u1eb7t b\u1ebfp, ch\u1ed1ng b\u00e1m b\u1ea9n, d\u1ec5 d\u00e0ng v\u1ec7 sinh.<\/li>\n<li data-sourcepos=\"38:1-38:180\"><strong>Bathroom tiling:<\/strong>\u00a0\u0110\u00e1 Granite Mani Gate c\u00f3 kh\u1ea3 n\u0103ng ch\u1ed1ng th\u1ea5m, ch\u1ed1ng \u1ea9m m\u1ed1c t\u1ed1t n\u00ean r\u1ea5t ph\u00f9 h\u1ee3p \u0111\u1ec3 \u1ed1p l\u00e1t ph\u00f2ng t\u1eafm. \u0110\u00e1 gi\u00fap t\u1ea1o kh\u00f4ng gian sang tr\u1ecdng, s\u1ea1ch s\u1ebd cho ph\u00f2ng t\u1eafm.<\/li>\n<li data-sourcepos=\"39:1-39:185\"><strong>Tiling stairs:<\/strong>\u00a0\u0110\u00e1 Granite Mani Gate c\u00f3 \u0111\u1ed9 c\u1ee9ng cao, ch\u1ecbu \u0111\u01b0\u1ee3c l\u1ef1c t\u00e1c \u0111\u1ed9ng m\u1ea1nh n\u00ean r\u1ea5t ph\u00f9 h\u1ee3p \u0111\u1ec3 \u1ed1p l\u00e1t c\u1ea7u thang. \u0110\u00e1 gi\u00fap t\u1ea1o kh\u00f4ng gian sang tr\u1ecdng, ch\u1eafc ch\u1eafn cho c\u1ea7u thang.<\/li>\n<li data-sourcepos=\"40:1-41:0\"><strong>Tiling the kitchen table, desk, kitchen island:<\/strong>\u00a0\u0110\u00e1 Granite Mani Gate c\u00f3 kh\u1ea3 n\u0103ng ch\u1ed1ng th\u1ea5m, ch\u1ed1ng tr\u1ea7y x\u01b0\u1edbc t\u1ed1t n\u00ean r\u1ea5t ph\u00f9 h\u1ee3p \u0111\u1ec3 \u1ed1p l\u00e1t b\u00e0n b\u1ebfp, b\u00e0n \u0111\u1ea3o b\u1ebfp. \u0110\u00e1 gi\u00fap t\u1ea1o kh\u00f4ng gian sang tr\u1ecdng, ti\u1ec7n nghi cho khu v\u1ef1c b\u1ebfp.<\/li>\n<\/ul>\n<h2><strong>C\u00f4ng tr\u00ecnh th\u1ef1c t\u1ebf s\u1eed d\u1ee5ng \u0110\u00e1 Granite Mani Gate do Royal Stone th\u1ef1c hi\u1ec7n<\/strong><\/h2>\n<p>Granite Mani Gate \u1ed1p b\u00e0n b\u1ebfp<\/p>\n<p>Granite Mani Gate \u1ed1p b\u00e0n <b><a href=\"https:\/\/royalstone.com.vn\/en\/lavabo-rua-mat-bang-da-ua-chuong-nhat-hien-nay\/\">lavabo<\/a><\/b><\/p>\n<h3><strong>Contact information Royal Stone<\/strong><\/h3>\n<p><strong>COMPANY LIMITED ROYAL STONE<\/strong><\/p>\n<p>\u260e Hotline: 0963 689 531<\/p>\n<p>\ud83c\udfe0 Office : 283 Tay Mo Ward, Dai Mo ward, Nam tu Liem district, Ha Noi City.<\/p>\n<p>\ud83c\udfe0 Factory: the 10 Yen The town, Luc Yen district, Yen Bai province<\/p>\n<p>\ud83c\udfe0 Warehouse Ha Noi: Lane 24, Dai Mo, tu Liem, Ha Noi (falling edge 4 Van Phuc, Ha Dong)<\/p>\n<p>\ud83c\udf10 Website:\u00a0<a href=\"https:\/\/royalstone.com.vn\/en\/\">www.royalstone.com.vn<\/a><\/p>\n<h3 class=\"ftwp-heading\"><strong>Connect with Royal Stone<\/strong><\/h3>\n<div class=\"textwidget custom-html-widget\">\n<div class=\"textwidget custom-html-widget\">\n<div><a href=\"https:\/\/www.youtube.com\/@royalstone-datunhiencaocap\" target=\"_blank\" rel=\"noopener nofollow\"><img decoding=\"async\" class=\"entered lazyloaded\" title=\"ROYAL STONE - natural Stone premium\" src=\"http:\/\/royalstone.com.vn\/wp-content\/uploads\/2023\/11\/youtube-royalstone.jpg\" alt=\"ROYAL STONE - natural Stone premium\" width=\"30\" height=\"30\" data-lazy-src=\"http:\/\/royalstone.com.vn\/wp-content\/uploads\/2023\/11\/youtube-royalstone.jpg\" data-ll-status=\"loaded\" data-lazy-=\"\" \/><\/a><a href=\"https:\/\/www.facebook.com\/RoyalstoneDaTuNhienCaoCap\" target=\"_blank\" rel=\"noopener nofollow\"><img decoding=\"async\" class=\"entered lazyloaded\" title=\"ROYAL STONE - natural Stone premium\" src=\"http:\/\/royalstone.com.vn\/wp-content\/uploads\/2023\/11\/facebook-royalstone.jpg\" alt=\"ROYAL STONE - natural Stone premium\" width=\"30\" height=\"30\" data-lazy-src=\"http:\/\/royalstone.com.vn\/wp-content\/uploads\/2023\/11\/facebook-royalstone.jpg\" data-ll-status=\"loaded\" data-lazy-=\"\" \/><\/a><a href=\"https:\/\/twitter.com\/royalstonedatn\" target=\"_blank\" rel=\"noopener nofollow\"><img decoding=\"async\" class=\"entered lazyloaded\" title=\"ROYAL STONE - natural Stone premium\" src=\"http:\/\/royalstone.com.vn\/wp-content\/uploads\/2023\/11\/twitter-royalstone.jpg\" alt=\"ROYAL STONE - natural Stone premium\" width=\"30\" height=\"30\" data-lazy-src=\"http:\/\/royalstone.com.vn\/wp-content\/uploads\/2023\/11\/twitter-royalstone.jpg\" data-ll-status=\"loaded\" data-lazy-=\"\" \/><\/a><a href=\"https:\/\/www.pinterest.com\/royalstonedatunhiencaocap\/\" target=\"_blank\" rel=\"noopener nofollow\"><img decoding=\"async\" class=\"entered lazyloaded\" title=\"ROYAL STONE - natural Stone premium\" src=\"http:\/\/royalstone.com.vn\/wp-content\/uploads\/2023\/11\/printerest-royalstone.jpg\" alt=\"ROYAL STONE - natural Stone premium\" width=\"30\" height=\"30\" data-lazy-src=\"http:\/\/royalstone.com.vn\/wp-content\/uploads\/2023\/11\/printerest-royalstone.jpg\" data-ll-status=\"loaded\" data-lazy-=\"\" \/><\/a><a href=\"https:\/\/www.linkedin.com\/in\/royalstone-datunhien\/\" target=\"_blank\" rel=\"noopener nofollow\"><img decoding=\"async\" class=\"entered lazyloaded\" title=\"ROYAL STONE - natural Stone premium\" src=\"http:\/\/royalstone.com.vn\/wp-content\/uploads\/2023\/11\/linkedin-royalstone.jpg\" alt=\"ROYAL STONE - natural Stone premium\" width=\"30\" height=\"30\" data-lazy-src=\"http:\/\/royalstone.com.vn\/wp-content\/uploads\/2023\/11\/linkedin-royalstone.jpg\" data-ll-status=\"loaded\" data-lazy-=\"\" \/><\/a><\/div>\n<\/div>\n<\/div>","protected":false},"excerpt":{"rendered":"<ul class=\"l pr-des-featured\">\n<li>MSP: RSGMG2023<\/li>\n<li>Place of origin: Brazil<\/li>\n<li>Color: Blue<\/li>\n<li>Type of stone: Granite<\/li>\n<li>Size: large<\/li>\n<li>Thickness: 2.0 cm<\/li>\n<\/ul>","protected":false},"featured_media":477,"comment_status":"closed","ping_status":"closed","template":"","meta":{"inline_featured_image":false},"product_cat":[23,34],"product_tag":[],"class_list":{"0":"post-474","1":"product","2":"type-product","3":"status-publish","4":"has-post-thumbnail","6":"product_cat-da-granite","7":"product_cat-da-granite-xanh","9":"first","10":"instock","11":"shipping-taxable","12":"product-type-simple"},"_links":{"self":[{"href":"https:\/\/royalstone.com.vn\/en\/wp-json\/wp\/v2\/product\/474","targetHints":{"allow":["GET"]}}],"collection":[{"href":"https:\/\/royalstone.com.vn\/en\/wp-json\/wp\/v2\/product"}],"about":[{"href":"https:\/\/royalstone.com.vn\/en\/wp-json\/wp\/v2\/types\/product"}],"replies":[{"embeddable":true,"href":"https:\/\/royalstone.com.vn\/en\/wp-json\/wp\/v2\/comments?post=474"}],"wp:featuredmedia":[{"embeddable":true,"href":"https:\/\/royalstone.com.vn\/en\/wp-json\/wp\/v2\/media\/477"}],"wp:attachment":[{"href":"https:\/\/royalstone.com.vn\/en\/wp-json\/wp\/v2\/media?parent=474"}],"wp:term":[{"taxonomy":"product_cat","embeddable":true,"href":"https:\/\/royalstone.com.vn\/en\/wp-json\/wp\/v2\/product_cat?post=474"},{"taxonomy":"product_tag","embeddable":true,"href":"https:\/\/royalstone.com.vn\/en\/wp-json\/wp\/v2\/product_tag?post=474"}],"curies":[{"name":"wp","href":"https:\/\/api.w.org\/{rel}","templated":true}]}}