{"id":466,"date":"2023-11-22T14:35:47","date_gmt":"2023-11-22T14:35:47","guid":{"rendered":"http:\/\/royalstone.com.vn\/?post_type=product&#038;p=466"},"modified":"2023-11-22T14:39:12","modified_gmt":"2023-11-22T14:39:12","slug":"da-granite-green-ubatuba","status":"publish","type":"product","link":"https:\/\/royalstone.com.vn\/en\/da-granite-green-ubatuba\/","title":{"rendered":"Granite Green Ubatuba"},"content":{"rendered":"<h2 data-sourcepos=\"13:1-13:42\"><strong>Gi\u1edbi thi\u1ec7u v\u1ec1 \u0111\u00e1 Granite Green Ubatuba<\/strong><\/h2>\n<p data-sourcepos=\"15:1-15:200\"><a href=\"http:\/\/royalstone.com.vn\/en\/da-granite-green-ubatuba\/\"><em><strong>Granite Green Ubatuba<\/strong><\/em><\/a> l\u00e0 m\u1ed9t lo\u1ea1i \u0111\u00e1 hoa c\u01b0\u01a1ng t\u1ef1 nhi\u00ean c\u00f3 ngu\u1ed3n g\u1ed1c t\u1eeb Brazil. \u0110\u00e1 c\u00f3 m\u00e0u xanh l\u1ee5c ch\u1ee7 \u0111\u1ea1o v\u1edbi nh\u1eefng \u0111\u01b0\u1eddng v\u00e2n m\u00e0u \u0111en, v\u00e0ng, n\u00e2u,&#8230; xen k\u1ebd nhau t\u1ea1o n\u00ean v\u1ebb \u0111\u1eb9p sang tr\u1ecdng, tinh t\u1ebf.<\/p>\n<p data-sourcepos=\"17:1-17:306\"><b><a href=\"https:\/\/royalstone.com.vn\/en\/da-granite-3-cm-la-lua-chon-hoan-hao\/\">Granite<\/a><\/b> Green Ubatuba \u0111\u01b0\u1ee3c h\u00ecnh th\u00e0nh t\u1eeb qu\u00e1 tr\u00ecnh bi\u1ebfn ch\u1ea5t c\u1ee7a c\u00e1c lo\u1ea1i \u0111\u00e1 v\u00f4i, \u0111\u00e1 phi\u1ebfn, \u0111\u00e1 sa th\u1ea1ch,&#8230; d\u01b0\u1edbi t\u00e1c \u0111\u1ed9ng c\u1ee7a nhi\u1ec7t \u0111\u1ed9 v\u00e0 \u00e1p su\u1ea5t cao. Qu\u00e1 tr\u00ecnh n\u00e0y di\u1ec5n ra trong h\u00e0ng tri\u1ec7u n\u0103m, t\u1ea1o n\u00ean nh\u1eefng tinh th\u1ec3 th\u1ea1ch anh, mica,&#8230; c\u00f3 \u0111\u1ed9 c\u1ee9ng cao, ch\u1ecbu \u0111\u01b0\u1ee3c l\u1ef1c t\u00e1c \u0111\u1ed9ng m\u1ea1nh, ch\u1ed1ng tr\u1ea7y x\u01b0\u1edbc t\u1ed1t.<\/p>\n<h2 data-sourcepos=\"19:1-19:49\"><strong>\u0110\u1eb7c \u0111i\u1ec3m n\u1ed5i b\u1eadt c\u1ee7a \u0111\u00e1 Granite Green Ubatuba<\/strong><\/h2>\n<p data-sourcepos=\"21:1-21:59\"><b><a href=\"https:\/\/royalstone.com.vn\/en\/da-granite-tim-bieu-tuong-cua-ve-dep-sang-trong\/\">Granite<\/a><\/b> Green Ubatuba c\u00f3 nh\u1eefng \u0111\u1eb7c \u0111i\u1ec3m n\u1ed5i b\u1eadt nh\u01b0 sau:<\/p>\n<ul data-sourcepos=\"23:1-28:0\">\n<li data-sourcepos=\"23:1-23:205\"><strong>Color:<\/strong>\u00a0\u0110\u00e1 c\u00f3 m\u00e0u xanh l\u1ee5c ch\u1ee7 \u0111\u1ea1o v\u1edbi nh\u1eefng \u0111\u01b0\u1eddng v\u00e2n m\u00e0u \u0111en, v\u00e0ng, n\u00e2u,&#8230; xen k\u1ebd nhau t\u1ea1o n\u00ean v\u1ebb \u0111\u1eb9p sang tr\u1ecdng, tinh t\u1ebf. M\u00e0u xanh l\u1ee5c c\u1ee7a \u0111\u00e1 t\u01b0\u1ee3ng tr\u01b0ng cho s\u1ef1 t\u01b0\u01a1i m\u00e1t, sinh s\u00f4i v\u00e0 ph\u00e1t tri\u1ec3n.<\/li>\n<li data-sourcepos=\"24:1-24:159\"><strong>Hardness:<\/strong>\u00a0\u0110\u00e1 c\u00f3 \u0111\u1ed9 c\u1ee9ng cao, ch\u1ecbu \u0111\u01b0\u1ee3c l\u1ef1c t\u00e1c \u0111\u1ed9ng m\u1ea1nh, ch\u1ed1ng tr\u1ea7y x\u01b0\u1edbc t\u1ed1t. \u0110\u1ed9 c\u1ee9ng c\u1ee7a \u0111\u00e1 Granite Green Ubatuba dao \u0111\u1ed9ng t\u1eeb 7 \u0111\u1ebfn 7,5 theo thang Mohs.<\/li>\n<li data-sourcepos=\"25:1-25:160\"><strong>Waterproofing ability:<\/strong>\u00a0\u0110\u00e1 c\u00f3 kh\u1ea3 n\u0103ng ch\u1ed1ng th\u1ea5m t\u1ed1t, kh\u00f4ng b\u1ecb \u1ea9m m\u1ed1c, r\u00eau m\u1ed1c. Kh\u1ea3 n\u0103ng ch\u1ed1ng th\u1ea5m c\u1ee7a \u0111\u00e1 Granite Green Ubatuba dao \u0111\u1ed9ng t\u1eeb 0,05 \u0111\u1ebfn 0,08%.<\/li>\n<li data-sourcepos=\"26:1-26:188\"><strong>Heat resistant:<\/strong>\u00a0\u0110\u00e1 c\u00f3 kh\u1ea3 n\u0103ng ch\u1ecbu nhi\u1ec7t t\u1ed1t, kh\u00f4ng b\u1ecb bi\u1ebfn d\u1ea1ng khi ti\u1ebfp x\u00fac v\u1edbi nhi\u1ec7t \u0111\u1ed9 cao. Kh\u1ea3 n\u0103ng ch\u1ecbu nhi\u1ec7t c\u1ee7a \u0111\u00e1 Granite Green Ubatuba dao \u0111\u1ed9ng t\u1eeb 1200 \u0111\u1ebfn 1500 \u0111\u1ed9 C.<\/li>\n<li data-sourcepos=\"27:1-28:0\"><strong>Ability hygiene:<\/strong>\u00a0Stone easy to clean, clean.<\/li>\n<\/ul>\n<figure id=\"attachment_467\" aria-describedby=\"caption-attachment-467\" style=\"width: 499px\" class=\"wp-caption alignnone\"><img decoding=\"async\" class=\"wp-image-467 size-full\" title=\"Granite Green Ubatuba\" src=\"http:\/\/royalstone.com.vn\/wp-content\/uploads\/2023\/11\/da-granite-green-ubatuba.jpg\" alt=\"Granite Green Ubatuba\" width=\"499\" height=\"332\" \/><figcaption id=\"caption-attachment-467\" class=\"wp-caption-text\">Granite Green Ubatuba<\/figcaption><\/figure>\n<h2 data-sourcepos=\"29:1-29:41\"><strong>\u1ee8ng d\u1ee5ng c\u1ee7a \u0111\u00e1 Granite Green Ubatuba<\/strong><\/h2>\n<p data-sourcepos=\"31:1-31:102\"><a href=\"http:\/\/royalstone.com.vn\/en\/da-granite\/\"><em><strong>Granite<\/strong><\/em><\/a> Green Ubatuba \u0111\u01b0\u1ee3c \u1ee9ng d\u1ee5ng r\u1ed9ng r\u00e3i trong c\u00e1c h\u1ea1ng m\u1ee5c \u1ed1p l\u00e1t trong nh\u00e0 v\u00e0 ngo\u00e0i tr\u1eddi nh\u01b0:<\/p>\n<ul data-sourcepos=\"33:1-38:0\">\n<li data-sourcepos=\"33:1-33:218\"><strong>Tiling facades:<\/strong>\u00a0\u0110\u00e1 Granite Green Ubatuba c\u00f3 m\u00e0u s\u1eafc t\u01b0\u01a1i s\u00e1ng, sang tr\u1ecdng n\u00ean \u0111\u01b0\u1ee3c nhi\u1ec1u ng\u01b0\u1eddi l\u1ef1a ch\u1ecdn \u0111\u1ec3 \u1ed1p l\u00e1t m\u1eb7t ti\u1ec1n nh\u00e0. \u0110\u00e1 gi\u00fap t\u1ea1o \u0111i\u1ec3m nh\u1ea5n cho ngo\u1ea1i th\u1ea5t ng\u00f4i nh\u00e0, mang \u0111\u1ebfn v\u1ebb \u0111\u1eb9p hi\u1ec7n \u0111\u1ea1i v\u00e0 tinh t\u1ebf.<\/li>\n<li data-sourcepos=\"34:1-34:194\"><strong>Tiling the kitchen:<\/strong> Granite Green Ubatuba c\u00f3 kh\u1ea3 n\u0103ng ch\u1ed1ng th\u1ea5m, ch\u1ed1ng tr\u1ea7y x\u01b0\u1edbc t\u1ed1t n\u00ean r\u1ea5t ph\u00f9 h\u1ee3p \u0111\u1ec3 \u1ed1p l\u00e1t ph\u00f2ng b\u1ebfp. \u0110\u00e1 gi\u00fap b\u1ea3o v\u1ec7 b\u1ec1 m\u1eb7t b\u1ebfp kh\u1ecfi c\u00e1c t\u00e1c \u0111\u1ed9ng c\u1ee7a n\u01b0\u1edbc, d\u1ea7u m\u1ee1,&#8230;<\/li>\n<li data-sourcepos=\"35:1-35:194\"><strong>Bathroom tiling:<\/strong> Granite Green Ubatuba c\u00f3 kh\u1ea3 n\u0103ng ch\u1ed1ng th\u1ea5m, ch\u1ed1ng \u1ea9m m\u1ed1c t\u1ed1t n\u00ean r\u1ea5t ph\u00f9 h\u1ee3p \u0111\u1ec3 \u1ed1p l\u00e1t ph\u00f2ng t\u1eafm. \u0110\u00e1 gi\u00fap t\u1ea1o kh\u00f4ng gian ph\u00f2ng t\u1eafm sang tr\u1ecdng, s\u1ea1ch s\u1ebd v\u00e0 tho\u00e1ng m\u00e1t.<\/li>\n<li data-sourcepos=\"36:1-36:205\"><strong>Tiling stairs:<\/strong> Granite Green Ubatuba c\u00f3 \u0111\u1ed9 c\u1ee9ng cao, ch\u1ecbu \u0111\u01b0\u1ee3c l\u1ef1c t\u00e1c \u0111\u1ed9ng m\u1ea1nh n\u00ean r\u1ea5t ph\u00f9 h\u1ee3p \u0111\u1ec3 \u1ed1p l\u00e1t c\u1ea7u thang. \u0110\u00e1 gi\u00fap t\u1ea1o \u0111i\u1ec3m nh\u1ea5n cho c\u1ea7u thang, mang \u0111\u1ebfn v\u1ebb \u0111\u1eb9p sang tr\u1ecdng v\u00e0 tinh t\u1ebf.<\/li>\n<li data-sourcepos=\"37:1-38:0\"><strong>Tiling the kitchen table, desk, kitchen island:<\/strong>\u00a0\u0110\u00e1 Granite Green Ubatuba c\u00f3 kh\u1ea3 n\u0103ng ch\u1ed1ng th\u1ea5m, ch\u1ed1ng tr\u1ea7y x\u01b0\u1edbc t\u1ed1t n\u00ean r\u1ea5t ph\u00f9 h\u1ee3p \u0111\u1ec3 \u1ed1p l\u00e1t b\u00e0n b\u1ebfp, b\u00e0n \u0111\u1ea3o b\u1ebfp. \u0110\u00e1 gi\u00fap b\u1ea3o v\u1ec7 b\u1ec1 m\u1eb7t b\u00e0n kh\u1ecfi c\u00e1c t\u00e1c \u0111\u1ed9ng c\u1ee7a n\u01b0\u1edbc, d\u1ea7u m\u1ee1,&#8230;<\/li>\n<\/ul>\n<h2><strong>C\u00f4ng tr\u00ecnh th\u1ef1c t\u1ebf s\u1eed d\u1ee5ng \u0110\u00e1 Granite Green Ubatuba do Royal Stone th\u1ef1c hi\u1ec7n<\/strong><\/h2>\n<p>Granite Green Ubatuba \u1ed1p b\u00e0n b\u1ebfp<\/p>\n<p>Granite Green Ubatuba \u1ed1p b\u00e0n <b><a href=\"https:\/\/royalstone.com.vn\/en\/lavabo-rua-mat-bang-da-ua-chuong-nhat-hien-nay\/\">lavabo<\/a><\/b><\/p>\n<h3><strong>Contact information Royal Stone<\/strong><\/h3>\n<p><strong>COMPANY LIMITED ROYAL STONE<\/strong><\/p>\n<p>\u260e Hotline: 0963 689 531<\/p>\n<p>\ud83c\udfe0 Office : 283 Tay Mo Ward, Dai Mo ward, Nam tu Liem district, Ha Noi City.<\/p>\n<p>\ud83c\udfe0 Factory: the 10 Yen The town, Luc Yen district, Yen Bai province<\/p>\n<p>\ud83c\udfe0 Warehouse Ha Noi: Lane 24, Dai Mo, tu Liem, Ha Noi (falling edge 4 Van Phuc, Ha Dong)<\/p>\n<p>\ud83c\udf10 Website:\u00a0<a href=\"https:\/\/royalstone.com.vn\/en\/\">www.royalstone.com.vn<\/a><\/p>\n<h3 class=\"ftwp-heading\"><strong>Connect with Royal Stone<\/strong><\/h3>\n<div class=\"textwidget custom-html-widget\">\n<div class=\"textwidget custom-html-widget\">\n<div><a href=\"https:\/\/www.youtube.com\/@royalstone-datunhiencaocap\" target=\"_blank\" rel=\"noopener nofollow\"><img decoding=\"async\" class=\"entered lazyloaded\" title=\"ROYAL STONE - natural Stone premium\" src=\"http:\/\/royalstone.com.vn\/wp-content\/uploads\/2023\/11\/youtube-royalstone.jpg\" alt=\"ROYAL STONE - natural Stone premium\" width=\"30\" height=\"30\" data-lazy-src=\"http:\/\/royalstone.com.vn\/wp-content\/uploads\/2023\/11\/youtube-royalstone.jpg\" data-ll-status=\"loaded\" data-lazy-=\"\" \/><\/a><a href=\"https:\/\/www.facebook.com\/RoyalstoneDaTuNhienCaoCap\" target=\"_blank\" rel=\"noopener nofollow\"><img decoding=\"async\" class=\"entered lazyloaded\" title=\"ROYAL STONE - natural Stone premium\" src=\"http:\/\/royalstone.com.vn\/wp-content\/uploads\/2023\/11\/facebook-royalstone.jpg\" alt=\"ROYAL STONE - natural Stone premium\" width=\"30\" height=\"30\" data-lazy-src=\"http:\/\/royalstone.com.vn\/wp-content\/uploads\/2023\/11\/facebook-royalstone.jpg\" data-ll-status=\"loaded\" data-lazy-=\"\" \/><\/a><a href=\"https:\/\/twitter.com\/royalstonedatn\" target=\"_blank\" rel=\"noopener nofollow\"><img decoding=\"async\" class=\"entered lazyloaded\" title=\"ROYAL STONE - natural Stone premium\" src=\"http:\/\/royalstone.com.vn\/wp-content\/uploads\/2023\/11\/twitter-royalstone.jpg\" alt=\"ROYAL STONE - natural Stone premium\" width=\"30\" height=\"30\" data-lazy-src=\"http:\/\/royalstone.com.vn\/wp-content\/uploads\/2023\/11\/twitter-royalstone.jpg\" data-ll-status=\"loaded\" data-lazy-=\"\" \/><\/a><a href=\"https:\/\/www.pinterest.com\/royalstonedatunhiencaocap\/\" target=\"_blank\" rel=\"noopener nofollow\"><img decoding=\"async\" class=\"entered lazyloaded\" title=\"ROYAL STONE - natural Stone premium\" src=\"http:\/\/royalstone.com.vn\/wp-content\/uploads\/2023\/11\/printerest-royalstone.jpg\" alt=\"ROYAL STONE - natural Stone premium\" width=\"30\" height=\"30\" data-lazy-src=\"http:\/\/royalstone.com.vn\/wp-content\/uploads\/2023\/11\/printerest-royalstone.jpg\" data-ll-status=\"loaded\" data-lazy-=\"\" \/><\/a><a href=\"https:\/\/www.linkedin.com\/in\/royalstone-datunhien\/\" target=\"_blank\" rel=\"noopener nofollow\"><img decoding=\"async\" class=\"entered lazyloaded\" title=\"ROYAL STONE - natural Stone premium\" src=\"http:\/\/royalstone.com.vn\/wp-content\/uploads\/2023\/11\/linkedin-royalstone.jpg\" alt=\"ROYAL STONE - natural Stone premium\" width=\"30\" height=\"30\" data-lazy-src=\"http:\/\/royalstone.com.vn\/wp-content\/uploads\/2023\/11\/linkedin-royalstone.jpg\" data-ll-status=\"loaded\" data-lazy-=\"\" \/><\/a><\/div>\n<\/div>\n<\/div>","protected":false},"excerpt":{"rendered":"<ul class=\"l pr-des-featured\">\n<li>MSP: RSGGU2023<\/li>\n<li>Place of origin: Brazil<\/li>\n<li>Color: Blue<\/li>\n<li>Type of stone: Granite<\/li>\n<li>Size: large<\/li>\n<li>Thickness: 2.0 cm<\/li>\n<\/ul>","protected":false},"featured_media":467,"comment_status":"closed","ping_status":"closed","template":"","meta":{"inline_featured_image":false},"product_cat":[23,34],"product_tag":[],"class_list":{"0":"post-466","1":"product","2":"type-product","3":"status-publish","4":"has-post-thumbnail","6":"product_cat-da-granite","7":"product_cat-da-granite-xanh","9":"first","10":"instock","11":"shipping-taxable","12":"product-type-simple"},"_links":{"self":[{"href":"https:\/\/royalstone.com.vn\/en\/wp-json\/wp\/v2\/product\/466","targetHints":{"allow":["GET"]}}],"collection":[{"href":"https:\/\/royalstone.com.vn\/en\/wp-json\/wp\/v2\/product"}],"about":[{"href":"https:\/\/royalstone.com.vn\/en\/wp-json\/wp\/v2\/types\/product"}],"replies":[{"embeddable":true,"href":"https:\/\/royalstone.com.vn\/en\/wp-json\/wp\/v2\/comments?post=466"}],"wp:featuredmedia":[{"embeddable":true,"href":"https:\/\/royalstone.com.vn\/en\/wp-json\/wp\/v2\/media\/467"}],"wp:attachment":[{"href":"https:\/\/royalstone.com.vn\/en\/wp-json\/wp\/v2\/media?parent=466"}],"wp:term":[{"taxonomy":"product_cat","embeddable":true,"href":"https:\/\/royalstone.com.vn\/en\/wp-json\/wp\/v2\/product_cat?post=466"},{"taxonomy":"product_tag","embeddable":true,"href":"https:\/\/royalstone.com.vn\/en\/wp-json\/wp\/v2\/product_tag?post=466"}],"curies":[{"name":"wp","href":"https:\/\/api.w.org\/{rel}","templated":true}]}}