{"id":461,"date":"2023-11-22T14:31:38","date_gmt":"2023-11-22T14:31:38","guid":{"rendered":"http:\/\/royalstone.com.vn\/?post_type=product&#038;p=461"},"modified":"2023-11-22T14:33:47","modified_gmt":"2023-11-22T14:33:47","slug":"da-granite-jade","status":"publish","type":"product","link":"https:\/\/royalstone.com.vn\/en\/da-granite-jade\/","title":{"rendered":"Granite Jade"},"content":{"rendered":"<h2 data-sourcepos=\"12:1-12:33\"><strong>Gi\u1edbi thi\u1ec7u v\u1ec1 \u0111\u00e1 Granite Jade<\/strong><\/h2>\n<p data-sourcepos=\"14:1-14:198\"><a href=\"http:\/\/royalstone.com.vn\/en\/da-granite-jade\/\"><em><strong>Granite Jade<\/strong><\/em><\/a> l\u00e0 m\u1ed9t lo\u1ea1i \u0111\u00e1 hoa c\u01b0\u01a1ng t\u1ef1 nhi\u00ean c\u00f3 ngu\u1ed3n g\u1ed1c t\u1eeb Madagascar. \u0110\u00e1 c\u00f3 m\u00e0u xanh ng\u1ecdc ch\u1ee7 \u0111\u1ea1o v\u1edbi nh\u1eefng \u0111\u01b0\u1eddng v\u00e2n m\u00e0u v\u00e0ng, t\u00edm, x\u00e1m,&#8230; xen k\u1ebd nhau t\u1ea1o n\u00ean v\u1ebb \u0111\u1eb9p \u0111\u1ed9c \u0111\u00e1o v\u00e0 sang tr\u1ecdng.<\/p>\n<p data-sourcepos=\"16:1-16:233\"><b><a href=\"https:\/\/royalstone.com.vn\/en\/da-granite-3-cm-la-lua-chon-hoan-hao\/\">Granite<\/a><\/b> Jade \u0111\u01b0\u1ee3c h\u00ecnh th\u00e0nh t\u1eeb qu\u00e1 tr\u00ecnh bi\u1ebfn ch\u1ea5t c\u1ee7a c\u00e1c lo\u1ea1i \u0111\u00e1 v\u00f4i, \u0111\u00e1 carbonate,&#8230; d\u01b0\u1edbi t\u00e1c \u0111\u1ed9ng c\u1ee7a nhi\u1ec7t \u0111\u1ed9 v\u00e0 \u00e1p su\u1ea5t cao. \u0110\u00e1 c\u00f3 c\u1ea5u tr\u00fac tinh th\u1ec3 ch\u1eb7t ch\u1ebd, \u0111\u1ed9 c\u1ee9ng cao, ch\u1ecbu l\u1ef1c t\u1ed1t, ch\u1ed1ng th\u1ea5m n\u01b0\u1edbc, ch\u1ed1ng tr\u1ea7y x\u01b0\u1edbc,&#8230;<\/p>\n<h3 data-sourcepos=\"18:1-18:32\"><strong>\u0110\u1eb7c \u0111i\u1ec3m c\u1ee7a \u0111\u00e1 Granite Jade<\/strong><\/h3>\n<ul data-sourcepos=\"20:1-25:0\">\n<li data-sourcepos=\"20:1-20:224\"><strong>Color:<\/strong>\u00a0\u0110\u00e1 Granite Jade c\u00f3 m\u00e0u xanh ng\u1ecdc ch\u1ee7 \u0111\u1ea1o v\u1edbi nh\u1eefng \u0111\u01b0\u1eddng v\u00e2n m\u00e0u v\u00e0ng, t\u00edm, x\u00e1m,&#8230; xen k\u1ebd nhau t\u1ea1o n\u00ean v\u1ebb \u0111\u1eb9p \u0111\u1ed9c \u0111\u00e1o v\u00e0 sang tr\u1ecdng. M\u00e0u xanh ng\u1ecdc c\u1ee7a \u0111\u00e1 t\u01b0\u1ee3ng tr\u01b0ng cho s\u1ef1 thanh b\u00ecnh, th\u1ecbnh v\u01b0\u1ee3ng v\u00e0 may m\u1eafn.<\/li>\n<li data-sourcepos=\"21:1-21:139\"><strong>Hardness:<\/strong>\u00a0\u0110\u00e1 Granite Jade c\u00f3 \u0111\u1ed9 c\u1ee9ng cao, \u0111\u1ea1t 7 tr\u00ean thang Mohs. \u0110\u1ed9 c\u1ee9ng cao gi\u00fap \u0111\u00e1 ch\u1ecbu \u0111\u01b0\u1ee3c l\u1ef1c t\u00e1c \u0111\u1ed9ng m\u1ea1nh, ch\u1ed1ng tr\u1ea7y x\u01b0\u1edbc t\u1ed1t.<\/li>\n<li data-sourcepos=\"22:1-22:101\"><strong>Waterproofing ability:<\/strong>\u00a0\u0110\u00e1 Granite Jade c\u00f3 kh\u1ea3 n\u0103ng ch\u1ed1ng th\u1ea5m n\u01b0\u1edbc t\u1ed1t, kh\u00f4ng b\u1ecb \u1ea9m m\u1ed1c, r\u00eau m\u1ed1c.<\/li>\n<li data-sourcepos=\"23:1-23:120\"><strong>Heat resistant:<\/strong>\u00a0\u0110\u00e1 Granite Jade c\u00f3 kh\u1ea3 n\u0103ng ch\u1ecbu nhi\u1ec7t t\u1ed1t, kh\u00f4ng b\u1ecb bi\u1ebfn d\u1ea1ng khi ti\u1ebfp x\u00fac v\u1edbi nhi\u1ec7t \u0111\u1ed9 cao.<\/li>\n<li data-sourcepos=\"24:1-25:0\"><strong>Ability hygiene:<\/strong>\u00a0\u0110\u00e1 Granite Jade d\u1ec5 d\u00e0ng v\u1ec7 sinh, lau ch\u00f9i.<\/li>\n<\/ul>\n<figure id=\"attachment_463\" aria-describedby=\"caption-attachment-463\" style=\"width: 489px\" class=\"wp-caption alignnone\"><img decoding=\"async\" class=\"wp-image-463 size-full\" title=\"Granite Jade\" src=\"http:\/\/royalstone.com.vn\/wp-content\/uploads\/2023\/11\/da-granite-jade.jpg\" alt=\"Granite Jade\" width=\"489\" height=\"330\" \/><figcaption id=\"caption-attachment-463\" class=\"wp-caption-text\">Granite Jade<\/figcaption><\/figure>\n<h3 data-sourcepos=\"26:1-26:31\"><strong>\u01afu \u0111i\u1ec3m c\u1ee7a \u0111\u00e1 Granite Jade<\/strong><\/h3>\n<ul data-sourcepos=\"28:1-31:0\">\n<li data-sourcepos=\"28:1-28:156\"><strong>V\u1ebb \u0111\u1eb9p sang tr\u1ecdng, \u0111\u1ed9c \u0111\u00e1o:<\/strong>\u00a0M\u00e0u xanh ng\u1ecdc k\u1ebft h\u1ee3p v\u1edbi nh\u1eefng \u0111\u01b0\u1eddng v\u00e2n m\u00e0u v\u00e0ng, t\u00edm, x\u00e1m,&#8230; t\u1ea1o n\u00ean v\u1ebb \u0111\u1eb9p \u0111\u1ed9c \u0111\u00e1o v\u00e0 sang tr\u1ecdng cho \u0111\u00e1 Granite Jade.<\/li>\n<li data-sourcepos=\"29:1-29:185\"><strong>Durability:<\/strong>\u00a0\u0110\u00e1 Granite Jade c\u00f3 \u0111\u1ed9 c\u1ee9ng cao, kh\u1ea3 n\u0103ng ch\u1ed1ng th\u1ea5m, ch\u1ed1ng tr\u1ea7y x\u01b0\u1edbc, ch\u1ecbu nhi\u1ec7t t\u1ed1t,&#8230; gi\u00fap \u0111\u00e1 c\u00f3 \u0111\u1ed9 b\u1ec1n cao, c\u00f3 th\u1ec3 s\u1eed d\u1ee5ng trong th\u1eddi gian d\u00e0i m\u00e0 kh\u00f4ng b\u1ecb h\u01b0 h\u1ecfng.<\/li>\n<li data-sourcepos=\"30:1-31:0\"><strong>Easy cleaning:<\/strong>\u00a0\u0110\u00e1 Granite Jade d\u1ec5 d\u00e0ng v\u1ec7 sinh, lau ch\u00f9i, gi\u00fap b\u1ec1 m\u1eb7t \u0111\u00e1 lu\u00f4n s\u00e1ng b\u00f3ng, s\u1ea1ch s\u1ebd.<\/li>\n<\/ul>\n<h3 data-sourcepos=\"32:1-32:32\"><strong>\u1ee8ng d\u1ee5ng c\u1ee7a \u0111\u00e1 Granite Jade<\/strong><\/h3>\n<p data-sourcepos=\"34:1-34:93\"><a href=\"http:\/\/royalstone.com.vn\/en\/da-granite\/\"><em><strong>Granite<\/strong><\/em><\/a> Jade \u0111\u01b0\u1ee3c \u1ee9ng d\u1ee5ng r\u1ed9ng r\u00e3i trong c\u00e1c h\u1ea1ng m\u1ee5c \u1ed1p l\u00e1t trong nh\u00e0 v\u00e0 ngo\u00e0i tr\u1eddi nh\u01b0:<\/p>\n<ul data-sourcepos=\"36:1-43:0\">\n<li data-sourcepos=\"36:1-36:125\"><strong>Tiling facades:<\/strong>\u00a0\u0110\u00e1 Granite Jade c\u00f3 m\u00e0u s\u1eafc t\u01b0\u01a1i s\u00e1ng, sang tr\u1ecdng n\u00ean \u0111\u01b0\u1ee3c nhi\u1ec1u ng\u01b0\u1eddi l\u1ef1a ch\u1ecdn \u0111\u1ec3 \u1ed1p l\u00e1t m\u1eb7t ti\u1ec1n nh\u00e0.<\/li>\n<li data-sourcepos=\"37:1-37:120\"><strong>Tiling the kitchen:<\/strong>\u00a0\u0110\u00e1 Granite Jade c\u00f3 kh\u1ea3 n\u0103ng ch\u1ed1ng th\u1ea5m, ch\u1ed1ng tr\u1ea7y x\u01b0\u1edbc t\u1ed1t n\u00ean r\u1ea5t ph\u00f9 h\u1ee3p \u0111\u1ec3 \u1ed1p l\u00e1t ph\u00f2ng b\u1ebfp.<\/li>\n<li data-sourcepos=\"38:1-38:117\"><strong>Bathroom tiling:<\/strong>\u00a0\u0110\u00e1 Granite Jade c\u00f3 kh\u1ea3 n\u0103ng ch\u1ed1ng th\u1ea5m, ch\u1ed1ng \u1ea9m m\u1ed1c t\u1ed1t n\u00ean r\u1ea5t ph\u00f9 h\u1ee3p \u0111\u1ec3 \u1ed1p l\u00e1t ph\u00f2ng t\u1eafm.<\/li>\n<li data-sourcepos=\"39:1-39:120\"><strong>Tiling stairs:<\/strong>\u00a0\u0110\u00e1 Granite Jade c\u00f3 \u0111\u1ed9 c\u1ee9ng cao, ch\u1ecbu \u0111\u01b0\u1ee3c l\u1ef1c t\u00e1c \u0111\u1ed9ng m\u1ea1nh n\u00ean r\u1ea5t ph\u00f9 h\u1ee3p \u0111\u1ec3 \u1ed1p l\u00e1t c\u1ea7u thang.<\/li>\n<li data-sourcepos=\"40:1-40:142\"><strong>Tiling the kitchen table, desk, kitchen island:<\/strong>\u00a0\u0110\u00e1 Granite Jade c\u00f3 kh\u1ea3 n\u0103ng ch\u1ed1ng th\u1ea5m, ch\u1ed1ng tr\u1ea7y x\u01b0\u1edbc t\u1ed1t n\u00ean r\u1ea5t ph\u00f9 h\u1ee3p \u0111\u1ec3 \u1ed1p l\u00e1t b\u00e0n b\u1ebfp, b\u00e0n \u0111\u1ea3o b\u1ebfp.<\/li>\n<li data-sourcepos=\"41:1-41:129\"><strong>Tiling <b><a href=\"https:\/\/royalstone.com.vn\/en\/lavabo-rua-mat-bang-da-ua-chuong-nhat-hien-nay\/\">lavabo<\/a><\/b>bath:<\/strong>\u00a0\u0110\u00e1 Granite Jade c\u00f3 kh\u1ea3 n\u0103ng ch\u1ed1ng th\u1ea5m, ch\u1ed1ng \u1ea9m m\u1ed1c t\u1ed1t n\u00ean r\u1ea5t ph\u00f9 h\u1ee3p \u0111\u1ec3 \u1ed1p l\u00e1t lavabo, b\u1ed3n t\u1eafm.<\/li>\n<li data-sourcepos=\"42:1-43:0\"><strong>\u1ed0p l\u00e1t qu\u1ea7y bar, \u0111\u1ea3o b\u1ebfp:<\/strong>\u00a0\u0110\u00e1 Granite Jade c\u00f3 kh\u1ea3 n\u0103ng ch\u1ed1ng th\u1ea5m, ch\u1ed1ng tr\u1ea7y x\u01b0\u1edbc t\u1ed1t n\u00ean r\u1ea5t ph\u00f9 h\u1ee3p \u0111\u1ec3 \u1ed1p l\u00e1t qu\u1ea7y bar, \u0111\u1ea3o b\u1ebfp.<\/li>\n<\/ul>\n<h2><strong>C\u00f4ng tr\u00ecnh th\u1ef1c t\u1ebf s\u1eed d\u1ee5ng \u0110\u00e1 Granite Jade do Royal Stone th\u1ef1c hi\u1ec7n<\/strong><\/h2>\n<p>\u0110\u00e1 Granite Jade \u1ed1p b\u00e0n b\u1ebfp<\/p>\n<p>\u0110\u00e1 Granite Jade \u1ed1p b\u00e0n lavabo<\/p>\n<h3><strong>Contact information Royal Stone<\/strong><\/h3>\n<p><strong>COMPANY LIMITED ROYAL STONE<\/strong><\/p>\n<p>\u260e Hotline: 0963 689 531<\/p>\n<p>\ud83c\udfe0 Office : 283 Tay Mo Ward, Dai Mo ward, Nam tu Liem district, Ha Noi City.<\/p>\n<p>\ud83c\udfe0 Factory: the 10 Yen The town, Luc Yen district, Yen Bai province<\/p>\n<p>\ud83c\udfe0 Warehouse Ha Noi: Lane 24, Dai Mo, tu Liem, Ha Noi (falling edge 4 Van Phuc, Ha Dong)<\/p>\n<p>\ud83c\udf10 Website:\u00a0<a href=\"https:\/\/royalstone.com.vn\/en\/\">www.royalstone.com.vn<\/a><\/p>\n<h3 class=\"ftwp-heading\"><strong>Connect with Royal Stone<\/strong><\/h3>\n<div class=\"textwidget custom-html-widget\">\n<div class=\"textwidget custom-html-widget\">\n<div><a href=\"https:\/\/www.youtube.com\/@royalstone-datunhiencaocap\" target=\"_blank\" rel=\"noopener nofollow\"><img decoding=\"async\" class=\"entered lazyloaded\" title=\"ROYAL STONE - natural Stone premium\" src=\"http:\/\/royalstone.com.vn\/wp-content\/uploads\/2023\/11\/youtube-royalstone.jpg\" alt=\"ROYAL STONE - natural Stone premium\" width=\"30\" height=\"30\" data-lazy-src=\"http:\/\/royalstone.com.vn\/wp-content\/uploads\/2023\/11\/youtube-royalstone.jpg\" data-ll-status=\"loaded\" data-lazy-=\"\" \/><\/a><a href=\"https:\/\/www.facebook.com\/RoyalstoneDaTuNhienCaoCap\" target=\"_blank\" rel=\"noopener nofollow\"><img decoding=\"async\" class=\"entered lazyloaded\" title=\"ROYAL STONE - natural Stone premium\" src=\"http:\/\/royalstone.com.vn\/wp-content\/uploads\/2023\/11\/facebook-royalstone.jpg\" alt=\"ROYAL STONE - natural Stone premium\" width=\"30\" height=\"30\" data-lazy-src=\"http:\/\/royalstone.com.vn\/wp-content\/uploads\/2023\/11\/facebook-royalstone.jpg\" data-ll-status=\"loaded\" data-lazy-=\"\" \/><\/a><a href=\"https:\/\/twitter.com\/royalstonedatn\" target=\"_blank\" rel=\"noopener nofollow\"><img decoding=\"async\" class=\"entered lazyloaded\" title=\"ROYAL STONE - natural Stone premium\" src=\"http:\/\/royalstone.com.vn\/wp-content\/uploads\/2023\/11\/twitter-royalstone.jpg\" alt=\"ROYAL STONE - natural Stone premium\" width=\"30\" height=\"30\" data-lazy-src=\"http:\/\/royalstone.com.vn\/wp-content\/uploads\/2023\/11\/twitter-royalstone.jpg\" data-ll-status=\"loaded\" data-lazy-=\"\" \/><\/a><a href=\"https:\/\/www.pinterest.com\/royalstonedatunhiencaocap\/\" target=\"_blank\" rel=\"noopener nofollow\"><img decoding=\"async\" class=\"entered lazyloaded\" title=\"ROYAL STONE - natural Stone premium\" src=\"http:\/\/royalstone.com.vn\/wp-content\/uploads\/2023\/11\/printerest-royalstone.jpg\" alt=\"ROYAL STONE - natural Stone premium\" width=\"30\" height=\"30\" data-lazy-src=\"http:\/\/royalstone.com.vn\/wp-content\/uploads\/2023\/11\/printerest-royalstone.jpg\" data-ll-status=\"loaded\" data-lazy-=\"\" \/><\/a><a href=\"https:\/\/www.linkedin.com\/in\/royalstone-datunhien\/\" target=\"_blank\" rel=\"noopener nofollow\"><img decoding=\"async\" class=\"entered lazyloaded\" title=\"ROYAL STONE - natural Stone premium\" src=\"http:\/\/royalstone.com.vn\/wp-content\/uploads\/2023\/11\/linkedin-royalstone.jpg\" alt=\"ROYAL STONE - natural Stone premium\" width=\"30\" height=\"30\" data-lazy-src=\"http:\/\/royalstone.com.vn\/wp-content\/uploads\/2023\/11\/linkedin-royalstone.jpg\" data-ll-status=\"loaded\" data-lazy-=\"\" \/><\/a><\/div>\n<\/div>\n<\/div>","protected":false},"excerpt":{"rendered":"<ul class=\"l pr-des-featured\">\n<li>MSP: RSGJ2023<\/li>\n<li>Place of origin: Brazil<\/li>\n<li>Color: Black<\/li>\n<li>Type of stone: Granite<\/li>\n<li>Size: large<\/li>\n<li>Thickness: 2.0 cm<\/li>\n<\/ul>","protected":false},"featured_media":463,"comment_status":"closed","ping_status":"closed","template":"","meta":{"inline_featured_image":false},"product_cat":[23,34],"product_tag":[],"class_list":{"0":"post-461","1":"product","2":"type-product","3":"status-publish","4":"has-post-thumbnail","6":"product_cat-da-granite","7":"product_cat-da-granite-xanh","9":"first","10":"instock","11":"shipping-taxable","12":"product-type-simple"},"_links":{"self":[{"href":"https:\/\/royalstone.com.vn\/en\/wp-json\/wp\/v2\/product\/461","targetHints":{"allow":["GET"]}}],"collection":[{"href":"https:\/\/royalstone.com.vn\/en\/wp-json\/wp\/v2\/product"}],"about":[{"href":"https:\/\/royalstone.com.vn\/en\/wp-json\/wp\/v2\/types\/product"}],"replies":[{"embeddable":true,"href":"https:\/\/royalstone.com.vn\/en\/wp-json\/wp\/v2\/comments?post=461"}],"wp:featuredmedia":[{"embeddable":true,"href":"https:\/\/royalstone.com.vn\/en\/wp-json\/wp\/v2\/media\/463"}],"wp:attachment":[{"href":"https:\/\/royalstone.com.vn\/en\/wp-json\/wp\/v2\/media?parent=461"}],"wp:term":[{"taxonomy":"product_cat","embeddable":true,"href":"https:\/\/royalstone.com.vn\/en\/wp-json\/wp\/v2\/product_cat?post=461"},{"taxonomy":"product_tag","embeddable":true,"href":"https:\/\/royalstone.com.vn\/en\/wp-json\/wp\/v2\/product_tag?post=461"}],"curies":[{"name":"wp","href":"https:\/\/api.w.org\/{rel}","templated":true}]}}