{"id":452,"date":"2023-11-22T14:14:50","date_gmt":"2023-11-22T14:14:50","guid":{"rendered":"http:\/\/royalstone.com.vn\/?post_type=product&#038;p=452"},"modified":"2023-11-22T14:19:02","modified_gmt":"2023-11-22T14:19:02","slug":"da-granite-ivory-fantasy","status":"publish","type":"product","link":"https:\/\/royalstone.com.vn\/en\/da-granite-ivory-fantasy\/","title":{"rendered":"Granite Ivory Fantasy"},"content":{"rendered":"<h2 data-sourcepos=\"13:1-13:42\"><strong>Gi\u1edbi thi\u1ec7u v\u1ec1 \u0111\u00e1 Granite Ivory Fantasy<\/strong><\/h2>\n<p data-sourcepos=\"15:1-15:234\"><a href=\"http:\/\/royalstone.com.vn\/en\/da-granite-ivory-fantasy\/\"><em><strong>Granite Ivory Fantasy<\/strong><\/em><\/a> l\u00e0 m\u1ed9t lo\u1ea1i \u0111\u00e1 hoa c\u01b0\u01a1ng t\u1ef1 nhi\u00ean c\u00f3 ngu\u1ed3n g\u1ed1c t\u1eeb <span class=\"citation-0 citation-end-0\">\u1ea4n \u0110\u1ed9. \u0110\u00e1 c\u00f3 m\u00e0u kem v\u00e0 t\u00f4ng m\u00e0u h\u1ed3ng nh\u1ea1t v\u1edbi c\u00e1c \u0111\u01b0\u1eddng v\u00e2n h\u1ea1t be trung t\u00ednh tr\u00ean b\u1ec1 m\u1eb7t. \u0110\u00e2y l\u00e0 m\u1ed9t trong nh\u1eefng d\u00f2ng \u0111\u00e1 cao c\u1ea5p nh\u1ea5t t\u1ea1i \u1ea4n<\/span> \u0110\u1ed9.<\/p>\n<h2 data-sourcepos=\"17:1-17:49\"><strong>\u0110\u1eb7c \u0111i\u1ec3m n\u1ed5i b\u1eadt c\u1ee7a \u0111\u00e1 Granite Ivory Fantasy<\/strong><\/h2>\n<p data-sourcepos=\"19:1-19:57\"><b><a href=\"https:\/\/royalstone.com.vn\/en\/da-granite-3-cm-la-lua-chon-hoan-hao\/\">Granite<\/a><\/b> Ivory Fantasy c\u00f3 c\u00e1c \u0111\u1eb7c \u0111i\u1ec3m n\u1ed5i b\u1eadt nh\u01b0 sau:<\/p>\n<ul data-sourcepos=\"21:1-26:0\">\n<li data-sourcepos=\"21:1-21:164\"><strong>Color:<\/strong>\u00a0\u0110\u00e1 c\u00f3 m\u00e0u kem v\u00e0 t\u00f4ng m\u00e0u h\u1ed3ng nh\u1ea1t v\u1edbi c\u00e1c \u0111\u01b0\u1eddng v\u00e2n h\u1ea1t be trung t\u00ednh tr\u00ean b\u1ec1 m\u1eb7t. M\u00e0u s\u1eafc c\u1ee7a \u0111\u00e1 mang \u0111\u1ebfn v\u1ebb \u0111\u1eb9p nh\u1eb9 nh\u00e0ng, tinh t\u1ebf v\u00e0 sang tr\u1ecdng.<\/li>\n<li data-sourcepos=\"22:1-22:182\"><strong>Hardness:<\/strong>\u00a0\u0110\u00e1 c\u00f3 \u0111\u1ed9 c\u1ee9ng cao, ch\u1ecbu \u0111\u01b0\u1ee3c l\u1ef1c t\u00e1c \u0111\u1ed9ng m\u1ea1nh, ch\u1ed1ng tr\u1ea7y x\u01b0\u1edbc t\u1ed1t. \u0110\u00e1 c\u00f3 \u0111\u1ed9 c\u1ee9ng Mohs l\u00e0 7, n\u00ean c\u00f3 th\u1ec3 ch\u1ecbu \u0111\u01b0\u1ee3c l\u1ef1c t\u00e1c \u0111\u1ed9ng c\u1ee7a ngo\u1ea1i l\u1ef1c nh\u01b0 va \u0111\u1eadp, tr\u1ea7y x\u01b0\u1edbc,&#8230;<\/li>\n<li data-sourcepos=\"23:1-23:201\"><strong>Waterproofing ability:<\/strong>\u00a0\u0110\u00e1 c\u00f3 kh\u1ea3 n\u0103ng ch\u1ed1ng th\u1ea5m t\u1ed1t, kh\u00f4ng b\u1ecb \u1ea9m m\u1ed1c, r\u00eau m\u1ed1c. \u0110\u00e1 c\u00f3 kh\u1ea3 n\u0103ng ch\u1ed1ng th\u1ea5m n\u01b0\u1edbc, ch\u1ed1ng th\u1ea5m d\u1ea7u m\u1ee1,&#8230; n\u00ean kh\u00f4ng b\u1ecb \u1ea9m m\u1ed1c, r\u00eau m\u1ed1c khi ti\u1ebfp x\u00fac v\u1edbi n\u01b0\u1edbc v\u00e0 h\u00f3a ch\u1ea5t.<\/li>\n<li data-sourcepos=\"24:1-24:226\"><strong>Heat resistant:<\/strong>\u00a0\u0110\u00e1 c\u00f3 kh\u1ea3 n\u0103ng ch\u1ecbu nhi\u1ec7t t\u1ed1t, kh\u00f4ng b\u1ecb bi\u1ebfn d\u1ea1ng khi ti\u1ebfp x\u00fac v\u1edbi nhi\u1ec7t \u0111\u1ed9 cao. \u0110\u00e1 c\u00f3 kh\u1ea3 n\u0103ng ch\u1ecbu nhi\u1ec7t l\u00ean \u0111\u1ebfn 800 \u0111\u1ed9 C, n\u00ean kh\u00f4ng b\u1ecb bi\u1ebfn d\u1ea1ng khi ti\u1ebfp x\u00fac v\u1edbi nhi\u1ec7t \u0111\u1ed9 cao nh\u01b0 khi n\u1ea5u n\u01b0\u1edbng,&#8230;<\/li>\n<li data-sourcepos=\"25:1-26:0\"><strong>Ability hygiene:<\/strong>\u00a0\u0110\u00e1 d\u1ec5 d\u00e0ng v\u1ec7 sinh, lau ch\u00f9i. \u0110\u00e1 c\u00f3 b\u1ec1 m\u1eb7t nh\u1eb5n b\u00f3ng, n\u00ean d\u1ec5 d\u00e0ng v\u1ec7 sinh, lau ch\u00f9i b\u1eb1ng c\u00e1c ch\u1ea5t t\u1ea9y r\u1eeda th\u00f4ng th\u01b0\u1eddng.<\/li>\n<\/ul>\n<figure id=\"attachment_455\" aria-describedby=\"caption-attachment-455\" style=\"width: 488px\" class=\"wp-caption aligncenter\"><img decoding=\"async\" class=\"wp-image-455 size-full\" title=\"Granite Ivory Fantasy\" src=\"http:\/\/royalstone.com.vn\/wp-content\/uploads\/2023\/11\/da-granite-ivory-fantasy.jpg\" alt=\"Granite Ivory Fantasy\" width=\"488\" height=\"336\" \/><figcaption id=\"caption-attachment-455\" class=\"wp-caption-text\">Granite Ivory Fantasy<\/figcaption><\/figure>\n<h2 data-sourcepos=\"27:1-27:41\"><strong>\u1ee8ng d\u1ee5ng c\u1ee7a \u0111\u00e1 Granite Ivory Fantasy<\/strong><\/h2>\n<p data-sourcepos=\"29:1-29:71\"><a href=\"http:\/\/royalstone.com.vn\/en\/da-granite\/\"><em><strong>Granite<\/strong><\/em><\/a> Ivory Fantasy \u0111\u01b0\u1ee3c \u1ee9ng d\u1ee5ng r\u1ed9ng r\u00e3i trong c\u00e1c h\u1ea1ng m\u1ee5c nh\u01b0:<\/p>\n<ul data-sourcepos=\"31:1-36:0\">\n<li data-sourcepos=\"31:1-31:196\"><strong>Tiling facades:<\/strong>\u00a0\u0110\u00e1 Granite Ivory Fantasy c\u00f3 m\u00e0u s\u1eafc t\u01b0\u01a1i s\u00e1ng, sang tr\u1ecdng n\u00ean \u0111\u01b0\u1ee3c nhi\u1ec1u ng\u01b0\u1eddi l\u1ef1a ch\u1ecdn \u0111\u1ec3 \u1ed1p l\u00e1t m\u1eb7t ti\u1ec1n nh\u00e0. \u0110\u00e1 mang \u0111\u1ebfn v\u1ebb \u0111\u1eb9p sang tr\u1ecdng, hi\u1ec7n \u0111\u1ea1i cho ng\u00f4i nh\u00e0 c\u1ee7a b\u1ea1n.<\/li>\n<li data-sourcepos=\"32:1-32:179\"><strong>Tiling the kitchen:<\/strong>\u00a0\u0110\u00e1 Granite Ivory Fantasy c\u00f3 kh\u1ea3 n\u0103ng ch\u1ed1ng th\u1ea5m, ch\u1ed1ng tr\u1ea7y x\u01b0\u1edbc t\u1ed1t n\u00ean r\u1ea5t ph\u00f9 h\u1ee3p \u0111\u1ec3 \u1ed1p l\u00e1t ph\u00f2ng b\u1ebfp. \u0110\u00e1 gi\u00fap b\u1ea3o v\u1ec7 t\u01b0\u1eddng b\u1ebfp kh\u1ecfi b\u1ee5i b\u1ea9n, d\u1ea7u m\u1ee1,&#8230;<\/li>\n<li data-sourcepos=\"33:1-33:167\"><strong>Bathroom tiling:<\/strong>\u00a0\u0110\u00e1 Granite Ivory Fantasy c\u00f3 kh\u1ea3 n\u0103ng ch\u1ed1ng th\u1ea5m, ch\u1ed1ng \u1ea9m m\u1ed1c t\u1ed1t n\u00ean r\u1ea5t ph\u00f9 h\u1ee3p \u0111\u1ec3 \u1ed1p l\u00e1t ph\u00f2ng t\u1eafm. \u0110\u00e1 gi\u00fap ph\u00f2ng t\u1eafm lu\u00f4n s\u1ea1ch s\u1ebd, kh\u00f4 r\u00e1o.<\/li>\n<li data-sourcepos=\"34:1-34:170\"><strong>Tiling stairs:<\/strong>\u00a0\u0110\u00e1 Granite Ivory Fantasy c\u00f3 \u0111\u1ed9 c\u1ee9ng cao, ch\u1ecbu \u0111\u01b0\u1ee3c l\u1ef1c t\u00e1c \u0111\u1ed9ng m\u1ea1nh n\u00ean r\u1ea5t ph\u00f9 h\u1ee3p \u0111\u1ec3 \u1ed1p l\u00e1t c\u1ea7u thang. \u0110\u00e1 gi\u00fap c\u1ea7u thang lu\u00f4n b\u1ec1n \u0111\u1eb9p, an to\u00e0n.<\/li>\n<li data-sourcepos=\"35:1-36:0\"><strong>Tiling the kitchen table, desk, kitchen island:<\/strong>\u00a0\u0110\u00e1 Granite Ivory Fantasy c\u00f3 kh\u1ea3 n\u0103ng ch\u1ed1ng th\u1ea5m, ch\u1ed1ng tr\u1ea7y x\u01b0\u1edbc t\u1ed1t n\u00ean r\u1ea5t ph\u00f9 h\u1ee3p \u0111\u1ec3 \u1ed1p l\u00e1t b\u00e0n b\u1ebfp, b\u00e0n \u0111\u1ea3o b\u1ebfp. \u0110\u00e1 gi\u00fap b\u1ea3o v\u1ec7 b\u00e0n b\u1ebfp kh\u1ecfi b\u1ee5i b\u1ea9n, d\u1ea7u m\u1ee1,&#8230;<\/li>\n<\/ul>\n<h2><strong>C\u00f4ng tr\u00ecnh th\u1ef1c t\u1ebf s\u1eed d\u1ee5ng \u0110\u00e1 Granite Ivory Fantasy do Royal Stone th\u1ef1c hi\u1ec7n<\/strong><\/h2>\n<p>Granite Ivory Fantasy \u1ed1p b\u00e0n b\u1ebfp<\/p>\n<p>Granite Ivory Fantasy \u1ed1p b\u00e0n <b><a href=\"https:\/\/royalstone.com.vn\/en\/lavabo-rua-mat-bang-da-ua-chuong-nhat-hien-nay\/\">lavabo<\/a><\/b><\/p>\n<h3><strong>Contact information Royal Stone<\/strong><\/h3>\n<p><strong>COMPANY LIMITED ROYAL STONE<\/strong><\/p>\n<p>\u260e Hotline: 0963 689 531<\/p>\n<p>\ud83c\udfe0 Office : 283 Tay Mo Ward, Dai Mo ward, Nam tu Liem district, Ha Noi City.<\/p>\n<p>\ud83c\udfe0 Factory: the 10 Yen The town, Luc Yen district, Yen Bai province<\/p>\n<p>\ud83c\udfe0 Warehouse Ha Noi: Lane 24, Dai Mo, tu Liem, Ha Noi (falling edge 4 Van Phuc, Ha Dong)<\/p>\n<p>\ud83c\udf10 Website:\u00a0<a href=\"https:\/\/royalstone.com.vn\/en\/\">www.royalstone.com.vn<\/a><\/p>\n<h3 class=\"ftwp-heading\"><strong>Connect with Royal Stone<\/strong><\/h3>\n<div class=\"textwidget custom-html-widget\">\n<div class=\"textwidget custom-html-widget\">\n<div><a href=\"https:\/\/www.youtube.com\/@royalstone-datunhiencaocap\" target=\"_blank\" rel=\"noopener nofollow\"><img decoding=\"async\" class=\"entered lazyloaded\" title=\"ROYAL STONE - natural Stone premium\" src=\"http:\/\/royalstone.com.vn\/wp-content\/uploads\/2023\/11\/youtube-royalstone.jpg\" alt=\"ROYAL STONE - natural Stone premium\" width=\"30\" height=\"30\" data-lazy-src=\"http:\/\/royalstone.com.vn\/wp-content\/uploads\/2023\/11\/youtube-royalstone.jpg\" data-ll-status=\"loaded\" data-lazy-=\"\" \/><\/a><a href=\"https:\/\/www.facebook.com\/RoyalstoneDaTuNhienCaoCap\" target=\"_blank\" rel=\"noopener nofollow\"><img decoding=\"async\" class=\"entered lazyloaded\" title=\"ROYAL STONE - natural Stone premium\" src=\"http:\/\/royalstone.com.vn\/wp-content\/uploads\/2023\/11\/facebook-royalstone.jpg\" alt=\"ROYAL STONE - natural Stone premium\" width=\"30\" height=\"30\" data-lazy-src=\"http:\/\/royalstone.com.vn\/wp-content\/uploads\/2023\/11\/facebook-royalstone.jpg\" data-ll-status=\"loaded\" data-lazy-=\"\" \/><\/a><a href=\"https:\/\/twitter.com\/royalstonedatn\" target=\"_blank\" rel=\"noopener nofollow\"><img decoding=\"async\" class=\"entered lazyloaded\" title=\"ROYAL STONE - natural Stone premium\" src=\"http:\/\/royalstone.com.vn\/wp-content\/uploads\/2023\/11\/twitter-royalstone.jpg\" alt=\"ROYAL STONE - natural Stone premium\" width=\"30\" height=\"30\" data-lazy-src=\"http:\/\/royalstone.com.vn\/wp-content\/uploads\/2023\/11\/twitter-royalstone.jpg\" data-ll-status=\"loaded\" data-lazy-=\"\" \/><\/a><a href=\"https:\/\/www.pinterest.com\/royalstonedatunhiencaocap\/\" target=\"_blank\" rel=\"noopener nofollow\"><img decoding=\"async\" class=\"entered lazyloaded\" title=\"ROYAL STONE - natural Stone premium\" src=\"http:\/\/royalstone.com.vn\/wp-content\/uploads\/2023\/11\/printerest-royalstone.jpg\" alt=\"ROYAL STONE - natural Stone premium\" width=\"30\" height=\"30\" data-lazy-src=\"http:\/\/royalstone.com.vn\/wp-content\/uploads\/2023\/11\/printerest-royalstone.jpg\" data-ll-status=\"loaded\" data-lazy-=\"\" \/><\/a><a href=\"https:\/\/www.linkedin.com\/in\/royalstone-datunhien\/\" target=\"_blank\" rel=\"noopener nofollow\"><img decoding=\"async\" class=\"entered lazyloaded\" title=\"ROYAL STONE - natural Stone premium\" src=\"http:\/\/royalstone.com.vn\/wp-content\/uploads\/2023\/11\/linkedin-royalstone.jpg\" alt=\"ROYAL STONE - natural Stone premium\" width=\"30\" height=\"30\" data-lazy-src=\"http:\/\/royalstone.com.vn\/wp-content\/uploads\/2023\/11\/linkedin-royalstone.jpg\" data-ll-status=\"loaded\" data-lazy-=\"\" \/><\/a><\/div>\n<\/div>\n<\/div>","protected":false},"excerpt":{"rendered":"<ul class=\"l pr-des-featured\">\n<li>MSP: RSGIF2023<\/li>\n<li>Place of origin: India<\/li>\n<li>Color: Cream van gold<\/li>\n<li>Lo\u1ea1i \u0111\u00e1 : \u0110\u00e1 Granite<\/li>\n<li>K\u00edch th\u01b0\u1edbc: Kh\u1ed5 l\u1edbn-nh\u1ecf<\/li>\n<li>Thickness: 1.8 \u2013 2.0 cm<\/li>\n<\/ul>","protected":false},"featured_media":455,"comment_status":"closed","ping_status":"closed","template":"","meta":{"inline_featured_image":false},"product_cat":[23,29],"product_tag":[],"class_list":{"0":"post-452","1":"product","2":"type-product","3":"status-publish","4":"has-post-thumbnail","6":"product_cat-da-granite","7":"product_cat-da-granite-mau-kem","9":"first","10":"instock","11":"shipping-taxable","12":"product-type-simple"},"_links":{"self":[{"href":"https:\/\/royalstone.com.vn\/en\/wp-json\/wp\/v2\/product\/452","targetHints":{"allow":["GET"]}}],"collection":[{"href":"https:\/\/royalstone.com.vn\/en\/wp-json\/wp\/v2\/product"}],"about":[{"href":"https:\/\/royalstone.com.vn\/en\/wp-json\/wp\/v2\/types\/product"}],"replies":[{"embeddable":true,"href":"https:\/\/royalstone.com.vn\/en\/wp-json\/wp\/v2\/comments?post=452"}],"wp:featuredmedia":[{"embeddable":true,"href":"https:\/\/royalstone.com.vn\/en\/wp-json\/wp\/v2\/media\/455"}],"wp:attachment":[{"href":"https:\/\/royalstone.com.vn\/en\/wp-json\/wp\/v2\/media?parent=452"}],"wp:term":[{"taxonomy":"product_cat","embeddable":true,"href":"https:\/\/royalstone.com.vn\/en\/wp-json\/wp\/v2\/product_cat?post=452"},{"taxonomy":"product_tag","embeddable":true,"href":"https:\/\/royalstone.com.vn\/en\/wp-json\/wp\/v2\/product_tag?post=452"}],"curies":[{"name":"wp","href":"https:\/\/api.w.org\/{rel}","templated":true}]}}