{"id":442,"date":"2023-11-22T13:52:38","date_gmt":"2023-11-22T13:52:38","guid":{"rendered":"http:\/\/royalstone.com.vn\/?post_type=product&#038;p=442"},"modified":"2023-11-22T14:06:10","modified_gmt":"2023-11-22T14:06:10","slug":"da-granite-spakle-girlee","status":"publish","type":"product","link":"https:\/\/royalstone.com.vn\/en\/da-granite-spakle-girlee\/","title":{"rendered":"Granite Spakle Girlee"},"content":{"rendered":"<h2 data-sourcepos=\"1:1-1:77\"><strong>\u0110\u00e1 Granite Spakle Girlee &#8211; V\u1ebb \u0111\u1eb9p sang tr\u1ecdng, tinh t\u1ebf cho kh\u00f4ng gian s\u1ed1ng<\/strong><\/h2>\n<h3 data-sourcepos=\"3:1-3:41\"><strong>T\u1ed5ng quan v\u1ec1 \u0111\u00e1 Granite Spakle Girlee<\/strong><\/h3>\n<p data-sourcepos=\"5:1-5:168\"><a href=\"http:\/\/royalstone.com.vn\/en\/da-granite-spakle-girlee\/\"><em><strong>Granite Spakle Girlee<\/strong><\/em><\/a> l\u00e0 m\u1ed9t lo\u1ea1i \u0111\u00e1 hoa c\u01b0\u01a1ng t\u1ef1 nhi\u00ean c\u00f3 ngu\u1ed3n g\u1ed1c t\u1eeb Brazil. \u0110\u00e1 c\u00f3 m\u00e0u kem \u00e1nh \u0111\u1ed3ng, k\u1ebft h\u1ee3p v\u1edbi c\u00e1c v\u00e2n \u0111\u00e1 to t\u1ea1o n\u00ean v\u1ebb \u0111\u1eb9p sang tr\u1ecdng, tinh t\u1ebf cho kh\u00f4ng gian n\u1ed9i th\u1ea5t<\/p>\n<h3 data-sourcepos=\"7:1-7:49\"><strong>\u0110\u1eb7c \u0111i\u1ec3m n\u1ed5i b\u1eadt c\u1ee7a \u0111\u00e1 Granite Spakle Girlee<\/strong><\/h3>\n<ul data-sourcepos=\"9:1-14:0\">\n<li data-sourcepos=\"9:1-9:100\"><strong>Color:<\/strong>\u00a0\u0110\u00e1 c\u00f3 m\u00e0u kem \u00e1nh \u0111\u1ed3ng, k\u1ebft h\u1ee3p v\u1edbi c\u00e1c v\u00e2n \u0111\u00e1 to t\u1ea1o n\u00ean v\u1ebb \u0111\u1eb9p sang tr\u1ecdng, tinh t\u1ebf.<\/li>\n<li data-sourcepos=\"10:1-10:83\"><strong>Hardness:<\/strong>\u00a0Stone has high hardness, resistant to impact force strong, anti-scratch good.<\/li>\n<li data-sourcepos=\"11:1-11:83\"><strong>Waterproofing ability:<\/strong>\u00a0Stones are likely good waterproofing, not moldy, mildew.<\/li>\n<li data-sourcepos=\"12:1-12:107\"><strong>Heat resistant:<\/strong>\u00a0The stone has good heat resistance, no deformation when exposed to high temperatures.<\/li>\n<li data-sourcepos=\"13:1-14:0\"><strong>Ability hygiene:<\/strong>\u00a0Stone easy to clean, clean.<\/li>\n<\/ul>\n<figure id=\"attachment_445\" aria-describedby=\"caption-attachment-445\" style=\"width: 488px\" class=\"wp-caption alignnone\"><img decoding=\"async\" class=\"wp-image-445 size-full\" title=\"Granite Spakle Girlee\" src=\"http:\/\/royalstone.com.vn\/wp-content\/uploads\/2023\/11\/da-granite-spakle-girlee.jpg\" alt=\"Granite Spakle Girlee\" width=\"488\" height=\"332\" \/><figcaption id=\"caption-attachment-445\" class=\"wp-caption-text\"><b><a href=\"https:\/\/royalstone.com.vn\/en\/da-granite-3-cm-la-lua-chon-hoan-hao\/\">Granite<\/a><\/b> Spakle Girlee<\/figcaption><\/figure>\n<h3 data-sourcepos=\"15:1-15:41\"><strong>\u1ee8ng d\u1ee5ng c\u1ee7a \u0111\u00e1 Granite Spakle Girlee<\/strong><\/h3>\n<p data-sourcepos=\"17:1-17:71\"><a href=\"http:\/\/royalstone.com.vn\/en\/da-granite\/\"><em><strong>Granite<\/strong><\/em><\/a> Spakle Girlee \u0111\u01b0\u1ee3c \u1ee9ng d\u1ee5ng r\u1ed9ng r\u00e3i trong c\u00e1c h\u1ea1ng m\u1ee5c nh\u01b0:<\/p>\n<ul data-sourcepos=\"19:1-24:0\">\n<li data-sourcepos=\"19:1-19:134\"><strong>Tiling facades:<\/strong>\u00a0\u0110\u00e1 Granite Spakle Girlee c\u00f3 m\u00e0u s\u1eafc t\u01b0\u01a1i s\u00e1ng, sang tr\u1ecdng n\u00ean \u0111\u01b0\u1ee3c nhi\u1ec1u ng\u01b0\u1eddi l\u1ef1a ch\u1ecdn \u0111\u1ec3 \u1ed1p l\u00e1t m\u1eb7t ti\u1ec1n nh\u00e0.<\/li>\n<li data-sourcepos=\"20:1-20:129\"><strong>Tiling the kitchen:<\/strong>\u00a0\u0110\u00e1 Granite Spakle Girlee c\u00f3 kh\u1ea3 n\u0103ng ch\u1ed1ng th\u1ea5m, ch\u1ed1ng tr\u1ea7y x\u01b0\u1edbc t\u1ed1t n\u00ean r\u1ea5t ph\u00f9 h\u1ee3p \u0111\u1ec3 \u1ed1p l\u00e1t ph\u00f2ng b\u1ebfp.<\/li>\n<li data-sourcepos=\"21:1-21:126\"><strong>Bathroom tiling:<\/strong>\u00a0\u0110\u00e1 Granite Spakle Girlee c\u00f3 kh\u1ea3 n\u0103ng ch\u1ed1ng th\u1ea5m, ch\u1ed1ng \u1ea9m m\u1ed1c t\u1ed1t n\u00ean r\u1ea5t ph\u00f9 h\u1ee3p \u0111\u1ec3 \u1ed1p l\u00e1t ph\u00f2ng t\u1eafm.<\/li>\n<li data-sourcepos=\"22:1-22:129\"><strong>Tiling stairs:<\/strong>\u00a0\u0110\u00e1 Granite Spakle Girlee c\u00f3 \u0111\u1ed9 c\u1ee9ng cao, ch\u1ecbu \u0111\u01b0\u1ee3c l\u1ef1c t\u00e1c \u0111\u1ed9ng m\u1ea1nh n\u00ean r\u1ea5t ph\u00f9 h\u1ee3p \u0111\u1ec3 \u1ed1p l\u00e1t c\u1ea7u thang.<\/li>\n<li data-sourcepos=\"23:1-24:0\"><strong>Tiling the kitchen table, desk, kitchen island:<\/strong>\u00a0\u0110\u00e1 Granite Spakle Girlee c\u00f3 kh\u1ea3 n\u0103ng ch\u1ed1ng th\u1ea5m, ch\u1ed1ng tr\u1ea7y x\u01b0\u1edbc t\u1ed1t n\u00ean r\u1ea5t ph\u00f9 h\u1ee3p \u0111\u1ec3 \u1ed1p l\u00e1t b\u00e0n b\u1ebfp, b\u00e0n \u0111\u1ea3o b\u1ebfp.<\/li>\n<\/ul>\n<p>\u0110\u00e1 Granite Spakle Girlee mang \u0111\u1ebfn v\u1ebb \u0111\u1eb9p tinh t\u1ebf v\u1edbi m\u00e0u kem ch\u1ee7 \u0111\u1ea1o, k\u1ebft h\u1ee3p h\u00e0i h\u00f2a v\u1edbi nh\u1eefng \u0111\u01b0\u1eddng v\u00e2n nh\u1ecf m\u00e0u n\u00e2u x\u00e1m d\u1ea1ng v\u1ec7t ph\u00e2n b\u1ed5 kh\u1eafp b\u1ec1 m\u1eb7t \u0111\u00e1. S\u1ef1 h\u00e0i h\u00f2a trong s\u1eafc th\u00e1i m\u00e0u s\u1eafc n\u00e0y t\u1ea1o n\u00ean m\u1ed9t t\u00e1c ph\u1ea9m ngh\u1ec7 thu\u1eadt t\u1eeb thi\u00ean nhi\u00ean.<\/p>\n<h3><strong>\u01afu \u0111i\u1ec3m c\u1ee7a \u0110\u00e1 Granite Spakle Girlee<\/strong><\/h3>\n<p>\u0110\u00e1 Granite Spakle Girlee kh\u00f4ng ch\u1ec9 l\u00e0 v\u1eadt li\u1ec7u trang tr\u00ed, m\u00e0 c\u00f2n l\u00e0 bi\u1ec3u t\u01b0\u1ee3ng c\u1ee7a s\u1ef1 \u0111a d\u1ea1ng v\u00e0 t\u00ednh \u1ee9ng d\u1ee5ng trong ki\u1ebfn tr\u00fac n\u1ed9i th\u1ea5t. V\u1edbi nh\u1eefng \u0111\u1eb7c t\u00ednh v\u01b0\u1ee3t tr\u1ed9i:<\/p>\n<ol>\n<li><strong>\u0110\u1ed9 B\u1ec1n Cao:<\/strong> \u0110\u00e1 Granite Spakle Girlee th\u1ec3 hi\u1ec7n \u0111\u1ed9 b\u1ec1n cao, ch\u1ecbu \u0111\u01b0\u1ee3c nh\u1eefng t\u00e1c \u0111\u1ed9ng l\u1edbn m\u00e0 kh\u00f4ng l\u00e0m gi\u1ea3m \u0111i v\u1ebb \u0111\u1eb9p t\u1ef1 nhi\u00ean.<\/li>\n<li><strong>Ch\u1ecbu Nhi\u1ec7t \u0110\u1ed9 Cao:<\/strong> Kh\u1ea3 n\u0103ng ch\u1ed1ng nhi\u1ec7t \u0111\u1ed9 cao c\u1ee7a \u0111\u00e1 l\u00e0m cho n\u00f3 tr\u1edf th\u00e0nh l\u1ef1a ch\u1ecdn l\u00fd t\u01b0\u1edfng cho c\u00e1c kh\u00f4ng gian n\u1ea5u \u0103n, nh\u00e0 b\u1ebfp.<\/li>\n<li><strong>Kh\u1ea3 N\u0103ng Ch\u1ed1ng Ch\u00e1y:<\/strong> S\u1ef1 an to\u00e0n cao \u0111\u01b0\u1ee3c \u0111\u1ea3m b\u1ea3o th\u00f4ng qua kh\u1ea3 n\u0103ng ch\u1ed1ng ch\u00e1y c\u1ee7a \u0110\u00e1 Granite Spakle Girlee.<\/li>\n<li><strong>Kh\u00f4ng B\u1ecb \u1ea8m M\u1ed1c:<\/strong> \u0110\u00e1 hoa c\u01b0\u01a1ng n\u00e0y kh\u00f4ng ch\u1ec9 l\u00e0m cho kh\u00f4ng gian tr\u1edf n\u00ean sang tr\u1ecdng m\u00e0 c\u00f2n b\u1ea3o v\u1ec7 s\u1ee9c kh\u1ecfe gia \u0111\u00ecnh b\u1eb1ng kh\u1ea3 n\u0103ng ch\u1ed1ng \u1ea9m m\u1ed1c.<\/li>\n<li><strong>D\u1ec5 D\u00e0ng S\u1eed D\u1ee5ng, Lau Ch\u00f9i, V\u1ec7 Sinh:<\/strong> S\u1ef1 thu\u1eadn ti\u1ec7n trong vi\u1ec7c s\u1eed d\u1ee5ng v\u00e0 b\u1ea3o qu\u1ea3n l\u00e0 m\u1ed9t \u0111i\u1ec3m m\u1ea1nh \u0111\u1eb7c bi\u1ec7t c\u1ee7a \u0110\u00e1 Granite Spakle Girlee.<\/li>\n<\/ol>\n<h3><strong>T\u1ea1i Sao Ch\u1ecdn \u0110\u00e1 Granite Spakle Girlee?<\/strong><\/h3>\n<p>\u0110\u00e1 Granite Spakle Girlee kh\u00f4ng ch\u1ec9 l\u00e0 s\u1ef1 k\u1ebft h\u1ee3p h\u00e0i h\u00f2a gi\u1eefa thi\u00ean nhi\u00ean v\u00e0 ki\u1ebfn tr\u00fac m\u00e0 c\u00f2n l\u00e0 bi\u1ec3u t\u01b0\u1ee3ng c\u1ee7a s\u1ef1 \u0111\u1eb3ng c\u1ea5p v\u00e0 tinh t\u1ebf. L\u1ef1a ch\u1ecdn \u0110\u00e1 Granite Spakle Girlee l\u00e0 l\u1ef1a ch\u1ecdn cho kh\u00f4ng gian s\u1ed1ng c\u1ee7a b\u1ea1n, n\u01a1i ngh\u1ec7 thu\u1eadt v\u00e0 t\u00ednh \u1ee9ng d\u1ee5ng g\u1eb7p nhau, t\u1ea1o n\u00ean m\u1ed9t kh\u00f4ng gian \u0111\u1ed9c \u0111\u00e1o v\u00e0 sang tr\u1ecdng.<\/p>\n<h2><strong>C\u00f4ng tr\u00ecnh th\u1ef1c t\u1ebf s\u1eed d\u1ee5ng \u0110\u00e1 Granite Spakle Girlee do Royal Stone th\u1ef1c hi\u1ec7n<\/strong><\/h2>\n<p>Granite Spakle Girlee \u1ed1p b\u00e0n b\u1ebfp<\/p>\n<p>Granite Spakle Girlee \u1ed1p b\u00e0n <b><a href=\"https:\/\/royalstone.com.vn\/en\/lavabo-rua-mat-bang-da-ua-chuong-nhat-hien-nay\/\">lavabo<\/a><\/b><\/p>\n<h3><strong>Contact information Royal Stone<\/strong><\/h3>\n<p><strong>COMPANY LIMITED ROYAL STONE<\/strong><\/p>\n<p>\u260e Hotline: 0963 689 531<\/p>\n<p>\ud83c\udfe0 Office : 283 Tay Mo Ward, Dai Mo ward, Nam tu Liem district, Ha Noi City.<\/p>\n<p>\ud83c\udfe0 Nh\u00e0 m\u00e1y s\u1ea3n xu\u1ea5t: T\u1ed5 10 th\u1ecb tr\u1ea5n Y\u00ean Th\u1ebf, huy\u1ec7n L\u1ee5c Y\u00ean, t\u1ec9nh Y\u00ean B\u00e1i.<\/p>\n<p>\ud83c\udfe0 Warehouse Ha Noi: Lane 24, Dai Mo, tu Liem, Ha Noi (falling edge 4 Van Phuc, Ha Dong)<\/p>\n<p>\ud83c\udf10 Website:\u00a0<a href=\"https:\/\/royalstone.com.vn\/en\/\">www.royalstone.com.vn<\/a><\/p>\n<h3 class=\"ftwp-heading\"><strong>Connect with Royal Stone<\/strong><\/h3>\n<div class=\"textwidget custom-html-widget\">\n<div class=\"textwidget custom-html-widget\">\n<div><a href=\"https:\/\/www.youtube.com\/@royalstone-datunhiencaocap\" target=\"_blank\" rel=\"noopener nofollow\"><img decoding=\"async\" class=\"entered lazyloaded\" title=\"ROYAL STONE - natural Stone premium\" src=\"http:\/\/royalstone.com.vn\/wp-content\/uploads\/2023\/11\/youtube-royalstone.jpg\" alt=\"ROYAL STONE - natural Stone premium\" width=\"30\" height=\"30\" data-lazy-src=\"http:\/\/royalstone.com.vn\/wp-content\/uploads\/2023\/11\/youtube-royalstone.jpg\" data-ll-status=\"loaded\" data-lazy-=\"\" \/><\/a><a href=\"https:\/\/www.facebook.com\/RoyalstoneDaTuNhienCaoCap\" target=\"_blank\" rel=\"noopener nofollow\"><img decoding=\"async\" class=\"entered lazyloaded\" title=\"ROYAL STONE - natural Stone premium\" src=\"http:\/\/royalstone.com.vn\/wp-content\/uploads\/2023\/11\/facebook-royalstone.jpg\" alt=\"ROYAL STONE - natural Stone premium\" width=\"30\" height=\"30\" data-lazy-src=\"http:\/\/royalstone.com.vn\/wp-content\/uploads\/2023\/11\/facebook-royalstone.jpg\" data-ll-status=\"loaded\" data-lazy-=\"\" \/><\/a><a href=\"https:\/\/twitter.com\/royalstonedatn\" target=\"_blank\" rel=\"noopener nofollow\"><img decoding=\"async\" class=\"entered lazyloaded\" title=\"ROYAL STONE - natural Stone premium\" src=\"http:\/\/royalstone.com.vn\/wp-content\/uploads\/2023\/11\/twitter-royalstone.jpg\" alt=\"ROYAL STONE - natural Stone premium\" width=\"30\" height=\"30\" data-lazy-src=\"http:\/\/royalstone.com.vn\/wp-content\/uploads\/2023\/11\/twitter-royalstone.jpg\" data-ll-status=\"loaded\" data-lazy-=\"\" \/><\/a><a href=\"https:\/\/www.pinterest.com\/royalstonedatunhiencaocap\/\" target=\"_blank\" rel=\"noopener nofollow\"><img decoding=\"async\" class=\"entered lazyloaded\" title=\"ROYAL STONE - natural Stone premium\" src=\"http:\/\/royalstone.com.vn\/wp-content\/uploads\/2023\/11\/printerest-royalstone.jpg\" alt=\"ROYAL STONE - natural Stone premium\" width=\"30\" height=\"30\" data-lazy-src=\"http:\/\/royalstone.com.vn\/wp-content\/uploads\/2023\/11\/printerest-royalstone.jpg\" data-ll-status=\"loaded\" data-lazy-=\"\" \/><\/a><a href=\"https:\/\/www.linkedin.com\/in\/royalstone-datunhien\/\" target=\"_blank\" rel=\"noopener nofollow\"><img decoding=\"async\" class=\"entered lazyloaded\" title=\"ROYAL STONE - natural Stone premium\" src=\"http:\/\/royalstone.com.vn\/wp-content\/uploads\/2023\/11\/linkedin-royalstone.jpg\" alt=\"ROYAL STONE - natural Stone premium\" width=\"30\" height=\"30\" data-lazy-src=\"http:\/\/royalstone.com.vn\/wp-content\/uploads\/2023\/11\/linkedin-royalstone.jpg\" data-ll-status=\"loaded\" data-lazy-=\"\" \/><\/a><\/div>\n<\/div>\n<\/div>","protected":false},"excerpt":{"rendered":"<ul class=\"l pr-des-featured\">\n<li>MSP: RSGSG2023<\/li>\n<li>Place of origin: Brazil<\/li>\n<li>Color: Cream<\/li>\n<li>Type of stone: Granite<\/li>\n<li>Size: large<\/li>\n<li>Thickness: 3.0 cm<\/li>\n<\/ul>","protected":false},"featured_media":445,"comment_status":"closed","ping_status":"closed","template":"","meta":{"inline_featured_image":false},"product_cat":[23,29],"product_tag":[],"class_list":{"0":"post-442","1":"product","2":"type-product","3":"status-publish","4":"has-post-thumbnail","6":"product_cat-da-granite","7":"product_cat-da-granite-mau-kem","9":"first","10":"instock","11":"shipping-taxable","12":"product-type-simple"},"_links":{"self":[{"href":"https:\/\/royalstone.com.vn\/en\/wp-json\/wp\/v2\/product\/442","targetHints":{"allow":["GET"]}}],"collection":[{"href":"https:\/\/royalstone.com.vn\/en\/wp-json\/wp\/v2\/product"}],"about":[{"href":"https:\/\/royalstone.com.vn\/en\/wp-json\/wp\/v2\/types\/product"}],"replies":[{"embeddable":true,"href":"https:\/\/royalstone.com.vn\/en\/wp-json\/wp\/v2\/comments?post=442"}],"wp:featuredmedia":[{"embeddable":true,"href":"https:\/\/royalstone.com.vn\/en\/wp-json\/wp\/v2\/media\/445"}],"wp:attachment":[{"href":"https:\/\/royalstone.com.vn\/en\/wp-json\/wp\/v2\/media?parent=442"}],"wp:term":[{"taxonomy":"product_cat","embeddable":true,"href":"https:\/\/royalstone.com.vn\/en\/wp-json\/wp\/v2\/product_cat?post=442"},{"taxonomy":"product_tag","embeddable":true,"href":"https:\/\/royalstone.com.vn\/en\/wp-json\/wp\/v2\/product_tag?post=442"}],"curies":[{"name":"wp","href":"https:\/\/api.w.org\/{rel}","templated":true}]}}