{"id":426,"date":"2023-11-22T12:51:36","date_gmt":"2023-11-22T12:51:36","guid":{"rendered":"http:\/\/royalstone.com.vn\/?post_type=product&#038;p=426"},"modified":"2023-11-22T12:52:41","modified_gmt":"2023-11-22T12:52:41","slug":"da-thach-anh-elegante-grey","status":"publish","type":"product","link":"https:\/\/royalstone.com.vn\/en\/da-thach-anh-elegante-grey\/","title":{"rendered":"\u0110\u00e1 Th\u1ea1ch Anh Elegante Grey"},"content":{"rendered":"<h2 data-sourcepos=\"1:1-1:37\"><strong>\u0110\u00e1 Th\u1ea1ch Anh Elegante Grey l\u00e0 g\u00ec?<\/strong><\/h2>\n<p data-sourcepos=\"3:1-3:303\"><a href=\"http:\/\/royalstone.com.vn\/en\/da-thach-anh-elegante-grey\/\"><em><strong>\u0110\u00e1 Th\u1ea1ch Anh Elegante Grey<\/strong><\/em><\/a> l\u00e0 m\u1ed9t lo\u1ea1i \u0111\u00e1 t\u1ef1 nhi\u00ean, \u0111\u01b0\u1ee3c h\u00ecnh th\u00e0nh t\u1eeb s\u1ef1 k\u1ebft tinh c\u1ee7a kho\u00e1ng ch\u1ea5t dumortierite trong c\u00e1c m\u1ea3nh th\u1ea1ch anh. S\u1ef1 k\u1ebft th\u00fac n\u00e0y t\u1ea1o ra c\u00e1c v\u1ebft v\u1ebft loang l\u1ed7 m\u00e0u x\u00e1m v\u1edbi v\u1ebb ngo\u00e0i nh\u01b0 l\u1ee5a, k\u1ebft h\u1ee3p v\u1edbi c\u00e1c m\u00e0u \u0111en, tr\u1eafng, v\u00e0ng, cam,&#8230; t\u1ea1o n\u00ean m\u1ed9t h\u1ecda ti\u1ebft v\u00f4 c\u00f9ng b\u1eaft m\u1eaft v\u00e0 sang tr\u1ecdng.<\/p>\n<p data-sourcepos=\"5:1-5:164\">T\u00ean g\u1ecdi &#8220;Elegante Grey&#8221; c\u1ee7a lo\u1ea1i \u0111\u00e1 n\u00e0y \u0111\u01b0\u1ee3c s\u1ea3n xu\u1ea5t t\u1eeb \u200b\u200bm\u00e0u s\u1eafc x\u00e1m sang tr\u1ecdng c\u1ee7a \u0111\u00e1. M\u00e0u s\u1eafc c\u1ee7a <b><a href=\"https:\/\/royalstone.com.vn\/en\/da-thach-anh-2-cm-ve-dep-hoan-hao-cho-khong-gian\/\">\u0111\u00e1 Th\u1ea1ch Anh<\/a><\/b> Elegante Grey bi\u1ec3u t\u01b0\u1ee3ng cho s\u1ef1 thanh l\u1ecbch v\u00e0 tinh t\u1ebf.<\/p>\n<figure id=\"attachment_427\" aria-describedby=\"caption-attachment-427\" style=\"width: 751px\" class=\"wp-caption alignnone\"><img decoding=\"async\" class=\"size-full wp-image-427\" src=\"http:\/\/royalstone.com.vn\/wp-content\/uploads\/2023\/11\/da-thach-anh-elegante-grey.jpg\" alt=\"\u0110\u00e1 Th\u1ea1ch Anh Elegante Grey\" width=\"751\" height=\"501\" title=\"\"><figcaption id=\"caption-attachment-427\" class=\"wp-caption-text\"><b><a href=\"https:\/\/royalstone.com.vn\/en\/da-thach-anh-3-cm-ve-dep-sang-trong-ben-bi\/\">Quartz Stone<\/a><\/b> Elegante Grey<\/figcaption><\/figure>\n<ul data-sourcepos=\"11:1-16:0\">\n<li data-sourcepos=\"11:1-12:0\">\n<p data-sourcepos=\"11:3-11:309\">\u0110\u00e1 Th\u1ea1ch Anh Elegante Grey c\u00f3 m\u00e0u \u0111\u1ed9c \u0111\u1eb7c, thu h\u00fat n\u00ean <strong>r\u1ea5t <\/strong>\u0111\u01b0\u1ee3c \u01b0a chu\u1ed9ng s\u1eed d\u1ee5ng \u0111\u1ec3 \u1ed1p l\u00e1t n\u1ed9i th\u1ea5t, \u0111\u1eb7c bi\u1ec7t l\u00e0 c\u00e1c khu v\u1ef1c nh\u01b0 ph\u00f2ng kh\u00e1ch, ph\u00f2ng ng\u1ee7, ph\u00f2ng b\u1ebfp,&#8230; \u0110\u00e1 c\u00f3 th\u1ec3 \u0111\u01b0\u1ee3c \u1ed1p l\u00e1t d\u01b0\u1edbi c\u00e1c d\u1ea1ng t\u1ea5m, \u1ed1p l\u00e1t theo \u0111\u01b0\u1eddng v\u00e2n ho\u1eb7c \u1ed1p l\u00e1t theo m\u00f4 h\u00ecnh t\u00f9y theo nhu c\u1ea7u c\u1ee7a gia ch\u1ee7.<\/p>\n<\/li>\n<li data-sourcepos=\"13:1-14:0\">\n<p data-sourcepos=\"13:3-13:288\"><a href=\"http:\/\/royalstone.com.vn\/en\/da-thach-anh\/\"><em><strong>Quartz Stone<\/strong><\/em><\/a> Elegante Grey c\u00f3 \u0111\u1ed9 c\u1ee9ng cao, ch\u1ecbu l\u1ef1c t\u1ed1t n\u00ean c\u0169ng c\u00f3 th\u1ec3 \u0111\u01b0\u1ee3c s\u1eed d\u1ee5ng \u0111\u1ec3 \u1ed1p l\u00e1t ngo\u1ea1i th\u1ea5t, <strong>\u0111\u1eb7c <\/strong>bi\u1ec7t l\u00e0 c\u00e1c khu v\u1ef1c nh\u01b0 m\u1eb7t ti\u1ec1n, c\u1ea7u thang, b\u1eadc tam c\u1ea5p,.. . \u0110\u00e1 gi\u00fap t\u1ea1o \u0111i\u1ec3m nh\u1ea5n cho quy tr\u00ecnh, \u0111\u1ed3ng th\u1eddi t\u0103ng t\u00ednh th\u1ea9m m\u1ef9 v\u00e0 \u0111\u1ed9 b\u1ec1n cho quy tr\u00ecnh.<\/p>\n<\/li>\n<li data-sourcepos=\"15:1-16:0\">\n<p data-sourcepos=\"15:3-15:277\"><strong>Decoration: <\/strong>Ngo\u00e0i c\u00f4ng vi\u1ec7c \u0111\u01b0\u1ee3c s\u1eed d\u1ee5ng \u0111\u1ec3 \u1ed1p l\u00e1t, \u0111\u00e1 Th\u1ea1ch Anh Elegante Grey c\u00f2n c\u00f3 th\u1ec3 \u0111\u01b0\u1ee3c s\u1eed d\u1ee5ng \u0111\u1ec3 trang tr\u00ed cho c\u00f4ng tr\u00ecnh, g\u1ee3i \u00fd nh\u01b0 trang tr\u00ed t\u01b0\u1eddng, trang tr\u00ed tr\u1ea7n, trang tr\u00ed c\u1ed9t,&#8230; \u0110\u00e1 gi\u00fap t\u1ea1o \u0111i\u1ec3m nh\u1ea5n cho c\u00f4ng tr\u00ecnh, \u0111\u1ed3ng th\u1eddi th\u1ef1c hi\u1ec7n th\u1ea9m m\u1ef9.<\/p>\n<\/li>\n<\/ul>\n<h3><strong>\u01afu \u0111i\u1ec3m c\u1ee7a \u0110\u00e1 Th\u1ea1ch Anh Elegante Grey<\/strong><\/h3>\n<ul data-sourcepos=\"21:1-30:0\">\n<li data-sourcepos=\"21:1-22:0\">\n<p data-sourcepos=\"21:3-21:140\"><strong>M\u00e0u s\u1eafc \u0111\u1ed9c, thu h\u00fat: <\/strong>\u0110\u00e1 Th\u1ea1ch Anh Elegante Grey c\u00f3 m\u00e0u s\u1eafc \u0111\u1ed9c, thu h\u00fat, t\u1ea1o n\u00ean v\u1ebb \u0111\u1eb9p \u1ea5n t\u01b0\u1ee3ng v\u00e0 kh\u00e1c bi\u1ec7t cho c\u00f4ng tr\u00ecnh.<\/p>\n<\/li>\n<li data-sourcepos=\"23:1-24:0\">\n<p data-sourcepos=\"23:3-23:281\"><strong>High hardness, good bearing: <\/strong>\u0110\u00e1 Th\u1ea1ch Anh Elegante Grey c\u00f3 \u0111\u1ed9 c\u1ee9ng kho\u1ea3ng 7 tr\u00ean thang Mohs, t\u01b0\u01a1ng th\u00edch v\u1edbi \u0111\u1ed9 c\u1ee9ng c\u1ee7a th\u1ea1ch anh th\u00f4ng th\u01b0\u1eddng. \u0110\u1ed9 c\u1ee9ng cao gi\u00fap \u0111\u00e1 c\u00f3 kh\u1ea3 n\u0103ng ch\u1ed1ng tr\u1ea7y, ch\u1ecbu l\u1ef1c t\u1ed1t. \u0110i\u1ec1u n\u00e0y gi\u00fap \u0111\u00e1 c\u00f3 \u0111\u1ed9 b\u1ec1n cao, \u00edt b\u1ecb h\u01b0 h\u1ea1i trong qu\u00e1 tr\u00ecnh s\u1eed d\u1ee5ng.<\/p>\n<\/li>\n<li data-sourcepos=\"25:1-26:0\">\n<p data-sourcepos=\"25:3-25:169\"><strong>Ch\u1ecbu nhi\u1ec7t t\u1ed1t: <\/strong>\u0110\u00e1 Th\u1ea1ch Anh Elegante Grey c\u00f3 kh\u1ea3 n\u0103ng ch\u1ecbu nhi\u1ec7t t\u1ed1t, l\u00ean \u0111\u1ebfn 1. 200 \u0111\u1ed9 C. \u0110i\u1ec1u n\u00e0y gi\u00fap \u0111\u00e1 ph\u00f9 h\u1ee3p \u0111\u1ec3 s\u1eed d\u1ee5ng cho c\u00e1c v\u00f9ng nh\u01b0 b\u1ebfp, nh\u00e0 t\u1eafm,&#8230;<\/p>\n<\/li>\n<li data-sourcepos=\"27:1-28:0\">\n<p data-sourcepos=\"27:3-27:161\"><strong>D\u1ec5 d\u00e0ng b\u1ea3o v\u1ec7 sinh v\u1eadt: <\/strong>\u0110\u00e1 Th\u1ea1ch Anh Elegante Grey c\u00f3 b\u1ec1 m\u1eb7t vi\u1ec1n b\u00f3ng, d\u1ec5 d\u00e0ng b\u1ea3o v\u1ec7 sinh v\u1eadt. B\u1ea1n ch\u1ec9 c\u1ea7n s\u1eed d\u1ee5ng kh\u0103n m\u1ec1m lau s\u1ea1ch b\u1ee5i b\u1ea9n l\u00e0 \u0111\u00e1 s\u1ebd s\u00e1ng b\u00f3ng nh\u01b0 m\u1edbi.<\/p>\n<\/li>\n<li data-sourcepos=\"29:1-30:0\">\n<p data-sourcepos=\"29:3-29:176\"><strong>Environment-friendly: <\/strong>\u0110\u00e1 Th\u1ea1ch Anh Elegante Grey l\u00e0 m\u1ed9t lo\u1ea1i \u0111\u00e1 t\u1ef1 nhi\u00ean, kh\u00f4ng ch\u1ee9a ch\u1ea5t \u0111\u1ed9c h\u1ea1i. Do \u0111\u00f3, \u0111\u00e1 r\u1ea5t th\u00e2n thi\u1ec7n v\u1edbi m\u00f4i tr\u01b0\u1eddng v\u00e0 s\u1ee9c kh\u1ecfe con ng\u01b0\u1eddi.<\/p>\n<\/li>\n<\/ul>\n<h3><strong>Nh\u1eefng l\u01b0u \u00fd khi s\u1eed d\u1ee5ng lo\u1ea1i \u0110\u00e1 Th\u1ea1ch Anh Elegante Grey<\/strong><\/h3>\n<ul data-sourcepos=\"35:1-39:235\">\n<li data-sourcepos=\"35:1-36:0\">\n<p data-sourcepos=\"35:3-35:195\"><strong>Avoid strong impact: <\/strong>\u0110\u00e1 Th\u1ea1ch Anh Elegante Grey c\u00f3 \u0111\u1ed9 c\u1ee9ng cao nh\u01b0ng c\u0169ng c\u00f3 th\u1ec3 b\u1ecb h\u1ecfng n\u1ebfu ch\u1ecbu t\u00e1c \u0111\u1ed9ng m\u1ea1nh. Do \u0111\u00f3, c\u1ea7n tr\u00e1nh t\u00e1c \u0111\u1ed9ng m\u1ea1nh l\u00ean b\u1ec1 m\u1eb7t \u0111\u00e1, ngh\u0129 h\u1ea1n nh\u01b0 d\u00f9ng b\u00faa, \u0111\u1ee5c,&#8230;<\/p>\n<\/li>\n<li data-sourcepos=\"37:1-38:0\">\n<p data-sourcepos=\"37:3-37:184\"><strong>Avoid contact with chemicals: <\/strong>\u0110\u00e1 Th\u1ea1ch Anh Elegante Grey c\u00f3 th\u1ec3 b\u1ecb \u0103n m\u00f2n b\u1edfi c\u00e1c ch\u1ea5t h\u00f3a h\u1ecdc, v\u00ed nh\u01b0 axit, baz\u01a1,&#8230; Do \u0111\u00f3, c\u1ea7n tr\u00e1nh \u0111\u1ec3 \u0111\u00e1 ti\u1ebfp x\u00fac v\u1edbi c\u00e1c ch\u1ea5t h\u00f3a h\u1ecdc n\u00e0y.<\/p>\n<\/li>\n<li data-sourcepos=\"39:1-39:235\">\n<p data-sourcepos=\"39:3-39:235\"><strong>Tr\u00e1nh ti\u1ebfp x\u00fac v\u1edbi nhi\u1ec7t \u0111\u1ed9 cao: <\/strong>\u0110\u00e1 Th\u1ea1ch Anh Elegante Grey c\u00f3 kh\u1ea3 n\u0103ng ch\u1ecbu nhi\u1ec7t t\u1ed1t, nh\u01b0ng c\u0169ng c\u00f3 th\u1ec3 b\u1ecb bi\u1ebfn d\u1ea1ng n\u1ebfu ti\u1ebfp x\u00fac v\u1edbi nhi\u1ec7t \u0111\u1ed9 cao trong th\u1eddi gian d\u00e0i. Do \u0111\u00f3, c\u1ea7n tr\u00e1nh \u0111\u1ec3 ti\u1ebfp x\u00fac v\u1edbi nhi\u1ec7t \u0111\u1ed9 cao trong th\u1eddi gian<\/p>\n<\/li>\n<li data-sourcepos=\"3:1-4:0\">\n<p data-sourcepos=\"3:3-3:319\"><strong>Regular cleaning: <\/strong>\u0110\u00e1 Th\u1ea1ch Anh Elegante Grey c\u00f3 b\u1ec1 m\u1eb7t m\u1ecbn b\u00f3ng, d\u1ec5 d\u00e0ng b\u1ea3o v\u1ec7 sinh h\u1ecdc. Tuy nhi\u00ean, c\u0169ng c\u1ea7n v\u1ec7 sinh th\u01b0\u1eddng xuy\u00ean \u0111\u1ec3 lo\u1ea1i b\u1ecf b\u1ee5i b\u1ea9n, v\u1ebft \u1ed1,&#8230; b\u00e1m tr\u00ean b\u1ec1 m\u1eb7t \u0111\u00e1. B\u1ea1n c\u00f3 th\u1ec3 s\u1eed d\u1ee5ng kh\u0103n m\u1ec1m lau s\u1ea1ch b\u1ee5i b\u1ea9n, \u0111\u1ed1i v\u1edbi c\u00e1c v\u1ebft c\u1ee9ng \u0111\u1ea7u, b\u1ea1n c\u00f3 th\u1ec3 s\u1eed d\u1ee5ng n\u01b0\u1edbc t\u1ea9y r\u1eeda chuy\u00ean d\u1ee5ng cho \u0111\u00e1 th\u1ea1ch anh.<\/p>\n<\/li>\n<li data-sourcepos=\"5:1-6:0\">\n<p data-sourcepos=\"5:3-5:219\"><strong>B\u1ea3o d\u01b0\u1ee1ng \u0111\u1ecbnh k\u1ef3: <\/strong>\u0110\u1ec3 \u0111\u1ea3m b\u1ea3o \u0111\u1ed9 b\u1ec1n v\u00e0 t\u00ednh th\u1ea9m m\u1ef9 c\u1ee7a \u0111\u00e1 Th\u1ea1ch Anh Elegante Grey, b\u1ea1n n\u00ean b\u1ea3o d\u01b0\u1ee1ng \u0111\u1ecbnh k\u1ef3 cho \u0111\u00e1. B\u1ea1n c\u00f3 th\u1ec3 s\u1eed d\u1ee5ng c\u00e1c s\u1ea3n ph\u1ea9m b\u1ea3o d\u01b0\u1ee1ng \u0111\u00e1 chuy\u00ean d\u1ee5ng \u0111\u1ec3 gi\u00fap \u0111\u00e1 lu\u00f4n s\u00e1ng b\u00f3ng v\u00e0 b\u1ec1n \u0111\u1eb9p.<\/p>\n<\/li>\n<\/ul>\n<h2><strong>C\u00f4ng tr\u00ecnh th\u1ef1c t\u1ebf s\u1eed d\u1ee5ng <\/strong><strong>\u0110\u00e1 Th\u1ea1ch Anh Elegante Grey <\/strong><strong>do Royal Stone th\u1ef1c hi\u1ec7n<\/strong><\/h2>\n<p>\u0110\u00e1 Th\u1ea1ch Anh Elegante Grey \u1ed1p b\u00e0n b\u1ebfp<\/p>\n<p>\u0110\u00e1 Th\u1ea1ch Anh Elegante Grey \u1ed1p b\u00e0n <b><a href=\"https:\/\/royalstone.com.vn\/en\/lavabo-rua-mat-bang-da-ua-chuong-nhat-hien-nay\/\">lavabo<\/a><\/b><\/p>\n<h3><strong>Contact information Royal Stone<\/strong><\/h3>\n<p><strong>COMPANY LIMITED ROYAL STONE<\/strong><\/p>\n<p>\u260e Hotline: 0963 689 531<\/p>\n<p>\ud83c\udfe0 Office : 283 Tay Mo Ward, Dai Mo ward, Nam tu Liem district, Ha Noi City.<\/p>\n<p>\ud83c\udfe0 Factory: T<span style=\"color: #333333; font-size: 14.4px;\">drive 10 Yen The town, Luc Yen district, Yen Bai province<\/span><\/p>\n<p>\ud83c\udfe0 Warehouse Ha Noi: Lane 24, Dai Mo, tu Liem, Ha Noi (falling edge 4 Van Phuc, Ha Dong)<\/p>\n<p>\ud83c\udf10 Website:\u00a0<a href=\"https:\/\/royalstone.com.vn\/en\/\">www.royalstone.com.vn<\/a><\/p>\n<h3 class=\"ftwp-heading\"><strong>Connect with Royal Stone<\/strong><\/h3>\n<div class=\"textwidget custom-html-widget\">\n<div class=\"textwidget custom-html-widget\">\n<div><a href=\"http:\/\/www.youtube.com\/@royalstone-datunhiencaocap\" target=\"_blank\" rel=\"noopener nofollow\"><img decoding=\"async\" class=\"entered lazyloaded\" title=\"ROYAL STONE - natural Stone premium\" src=\"http:\/\/royalstone.com.vn\/wp-content\/uploads\/2023\/11\/youtube-royalstone.jpg\" alt=\"ROYAL STONE - natural Stone premium\" width=\"30\" height=\"30\" data-lazy-src=\"http:\/\/royalstone.com.vn\/wp-content\/uploads\/2023\/11\/youtube-royalstone.jpg\" data-ll-status=\"loaded\" data-lazy-=\"\" \/><\/a><a href=\"https:\/\/www.facebook.com\/RoyalstoneDaTuNhienCaoCap\" target=\"_blank\" rel=\"noopener nofollow\"><img decoding=\"async\" class=\"entered lazyloaded\" title=\"ROYAL STONE - natural Stone premium\" src=\"http:\/\/royalstone.com.vn\/wp-content\/uploads\/2023\/11\/facebook-royalstone.jpg\" alt=\"ROYAL STONE - natural Stone premium\" width=\"30\" height=\"30\" data-lazy-src=\"http:\/\/royalstone.com.vn\/wp-content\/uploads\/2023\/11\/facebook-royalstone.jpg\" data-ll-status=\"loaded\" data-lazy-=\"\" \/><\/a><a href=\"https:\/\/twitter.com\/royalstonedatn\" target=\"_blank\" rel=\"noopener nofollow\"><img decoding=\"async\" class=\"entered lazyloaded\" title=\"ROYAL STONE - natural Stone premium\" src=\"http:\/\/royalstone.com.vn\/wp-content\/uploads\/2023\/11\/twitter-royalstone.jpg\" alt=\"ROYAL STONE - natural Stone premium\" width=\"30\" height=\"30\" data-lazy-src=\"http:\/\/royalstone.com.vn\/wp-content\/uploads\/2023\/11\/twitter-royalstone.jpg\" data-ll-status=\"loaded\" data-lazy-=\"\" \/><\/a><a href=\"https:\/\/www.pinterest.com\/royalstonedatunhiencaocap\/\" target=\"_blank\" rel=\"noopener nofollow\"><img decoding=\"async\" class=\"entered lazyloaded\" title=\"ROYAL STONE - natural Stone premium\" src=\"http:\/\/royalstone.com.vn\/wp-content\/uploads\/2023\/11\/printerest-royalstone.jpg\" alt=\"ROYAL STONE - natural Stone premium\" width=\"30\" height=\"30\" data-lazy-src=\"http:\/\/royalstone.com.vn\/wp-content\/uploads\/2023\/11\/printerest-royalstone.jpg\" data-ll-status=\"loaded\" data-lazy-=\"\" \/><\/a><a href=\"https:\/\/www.linkedin.com\/in\/royalstone-datunhien\/\" target=\"_blank\" rel=\"noopener nofollow\"><img decoding=\"async\" class=\"entered lazyloaded\" title=\"ROYAL STONE - natural Stone premium\" src=\"http:\/\/royalstone.com.vn\/wp-content\/uploads\/2023\/11\/linkedin-royalstone.jpg\" alt=\"ROYAL STONE - natural Stone premium\" width=\"30\" height=\"30\" data-lazy-src=\"http:\/\/royalstone.com.vn\/wp-content\/uploads\/2023\/11\/linkedin-royalstone.jpg\" data-ll-status=\"loaded\" data-lazy-=\"\" \/><\/a><\/div>\n<\/div>\n<\/div>","protected":false},"excerpt":{"rendered":"<ul class=\"l pr-des-featured\">\n<li>MSP: RSTAEG2023<\/li>\n<li>Place of origin: Brazil<\/li>\n<li>Color: Blue<\/li>\n<li>Types of stone: Quartz<\/li>\n<li>Size: large<\/li>\n<li>Thickness: 3.0 cm<\/li>\n<\/ul>","protected":false},"featured_media":427,"comment_status":"closed","ping_status":"closed","template":"","meta":{"inline_featured_image":false},"product_cat":[45,47],"product_tag":[],"class_list":{"0":"post-426","1":"product","2":"type-product","3":"status-publish","4":"has-post-thumbnail","6":"product_cat-da-thach-anh","7":"product_cat-da-thach-anh-3-0-cm","9":"first","10":"instock","11":"shipping-taxable","12":"product-type-simple"},"_links":{"self":[{"href":"https:\/\/royalstone.com.vn\/en\/wp-json\/wp\/v2\/product\/426","targetHints":{"allow":["GET"]}}],"collection":[{"href":"https:\/\/royalstone.com.vn\/en\/wp-json\/wp\/v2\/product"}],"about":[{"href":"https:\/\/royalstone.com.vn\/en\/wp-json\/wp\/v2\/types\/product"}],"replies":[{"embeddable":true,"href":"https:\/\/royalstone.com.vn\/en\/wp-json\/wp\/v2\/comments?post=426"}],"wp:featuredmedia":[{"embeddable":true,"href":"https:\/\/royalstone.com.vn\/en\/wp-json\/wp\/v2\/media\/427"}],"wp:attachment":[{"href":"https:\/\/royalstone.com.vn\/en\/wp-json\/wp\/v2\/media?parent=426"}],"wp:term":[{"taxonomy":"product_cat","embeddable":true,"href":"https:\/\/royalstone.com.vn\/en\/wp-json\/wp\/v2\/product_cat?post=426"},{"taxonomy":"product_tag","embeddable":true,"href":"https:\/\/royalstone.com.vn\/en\/wp-json\/wp\/v2\/product_tag?post=426"}],"curies":[{"name":"wp","href":"https:\/\/api.w.org\/{rel}","templated":true}]}}