{"id":402,"date":"2023-11-22T09:53:06","date_gmt":"2023-11-22T09:53:06","guid":{"rendered":"http:\/\/royalstone.com.vn\/?post_type=product&#038;p=402"},"modified":"2023-11-22T09:53:06","modified_gmt":"2023-11-22T09:53:06","slug":"da-thach-anh-picasso","status":"publish","type":"product","link":"https:\/\/royalstone.com.vn\/en\/da-thach-anh-picasso\/","title":{"rendered":"\u0110\u00e1 Th\u1ea1ch Anh Picasso"},"content":{"rendered":"<h2 data-sourcepos=\"1:1-1:31\"><strong><span>\u0110\u00e1 Th\u1ea1ch Anh Picasso l\u00e0 g\u00ec?<\/span><\/strong><\/h2>\n<p data-sourcepos=\"3:1-3:249\"><span><a href=\"http:\/\/royalstone.com.vn\/en\/da-thach-anh-picasso\/\"><em><strong>\u0110\u00e1 Th\u1ea1ch Anh Picasso<\/strong><\/em><\/a> is a kind of <b><a href=\"https:\/\/royalstone.com.vn\/en\/da-thach-anh-2-cm-ve-dep-hoan-hao-cho-khong-gian\/\">\u0111\u00e1 th\u1ea1ch anh<\/a><\/b> natural <\/span><span>\u0111\u01b0\u1ee3c h\u00ecnh th\u00e0nh t\u1eeb s\u1ef1 k\u1ebft tinh c\u1ee7a kho\u00e1ng ch\u1ea5t dumortierite trong c\u00e1c m\u1ea3nh th\u1ea1ch anh. <\/span><span>S\u1ef1 k\u1ebft tinh n\u00e0y t\u1ea1o ra c\u00e1c v\u1ebft v\u1ebft loang l\u1ed7 m\u00e0u s\u1eafc r\u1ef1c r\u1ee1, <\/span><span>t\u1ef1a nh\u01b0 nh\u1eefng b\u1ee9c tranh c\u1ee7a danh h\u1ecda Pablo Picasso.<\/span><\/p>\n<p data-sourcepos=\"5:1-5:129\"><span>T\u00ean g\u1ecdi &#8220;Picasso&#8221; c\u1ee7a lo\u1ea1i \u0111\u00e1 n\u00e0y xu\u1ea5t ph\u00e1t t\u1eeb nh\u1eefng h\u1ecda ti\u1ebft \u0111\u1ed9c \u0111\u00e1o, <\/span><span>mang \u0111\u1eadm phong c\u00e1ch ngh\u1ec7 thu\u1eadt c\u1ee7a danh h\u1ecda Pablo Picasso.<\/span><\/p>\n<figure id=\"attachment_404\" aria-describedby=\"caption-attachment-404\" style=\"width: 562px\" class=\"wp-caption alignnone\"><img decoding=\"async\" class=\"size-full wp-image-404\" src=\"http:\/\/royalstone.com.vn\/wp-content\/uploads\/2023\/11\/da-thach-anh-picasso.jpg\" alt=\"\u0110\u00e1 Th\u1ea1ch Anh Picasso\" width=\"562\" height=\"355\" title=\"\"><figcaption id=\"caption-attachment-404\" class=\"wp-caption-text\"><b><a href=\"https:\/\/royalstone.com.vn\/en\/da-thach-anh-3-cm-ve-dep-sang-trong-ben-bi\/\">Quartz Stone<\/a><\/b> Picasso<\/figcaption><\/figure>\n<ul data-sourcepos=\"11:1-16:0\">\n<li data-sourcepos=\"11:1-12:0\">\n<p data-sourcepos=\"11:3-11:303\"><strong><span>\u0110\u00e1 l\u00e1t n\u1ed9i th\u1ea5t: <\/span><\/strong><span>\u0110\u00e1 Th\u1ea1ch Anh Picasso c\u00f3 m\u00e0u s\u1eafc \u0111\u1ed9c \u0111\u1eb7c, <\/span><span>b\u1eaft m\u1eaft n\u00ean r\u1ea5t \u0111\u01b0\u1ee3c \u01b0a chu\u1ed9ng s\u1eed d\u1ee5ng \u0111\u1ec3 \u1ed1p l\u00e1t n\u1ed9i th\u1ea5t, <\/span><span>\u0111\u1eb7c bi\u1ec7t l\u00e0 c\u00e1c khu v\u1ef1c nh\u01b0 ph\u00f2ng kh\u00e1ch, <\/span><span>ph\u00f2ng ng\u1ee7, <\/span><span>ph\u00f2ng b\u1ebfp,&#8230; <\/span><span>\u0110\u00e1 c\u00f3 th\u1ec3 \u0111\u01b0\u1ee3c \u1ed1p l\u00e1t d\u01b0\u1edbi c\u00e1c d\u1ea1ng t\u1ea5m, <\/span><span>\u1ed1p l\u00e1t theo \u0111\u01b0\u1eddng v\u00e2n ho\u1eb7c \u1ed1p l\u00e1t theo m\u00f4 h\u00ecnh t\u00f9y theo nhu c\u1ea7u c\u1ee7a gia ch\u1ee7.<\/span><\/p>\n<\/li>\n<li data-sourcepos=\"13:1-14:0\">\n<p data-sourcepos=\"13:3-13:282\"><span><a href=\"http:\/\/royalstone.com.vn\/en\/da-thach-anh\/\"><em><strong>Quartz Stone<\/strong><\/em><\/a> Picasso c\u00f3 \u0111\u1ed9 c\u1ee9ng cao, <\/span><span>ch\u1ecbu l\u1ef1c t\u1ed1t n\u00ean c\u0169ng c\u00f3 th\u1ec3 \u0111\u01b0\u1ee3c s\u1eed d\u1ee5ng \u0111\u1ec3 \u1ed1p l\u00e1t ngo\u1ea1i th\u1ea5t, <\/span><span><strong>\u0111\u1eb7c <\/strong><\/span><span>bi\u1ec7t l\u00e0 c\u00e1c khu v\u1ef1c nh\u01b0 m\u1eb7t ti\u1ec1n, <\/span><span>c\u1ea7u thang, <\/span><span>b\u1eadc tam c\u1ea5p,&#8230; <\/span><span>\u0110\u00e1 gi\u00fap t\u1ea1o \u0111i\u1ec3m nh\u1ea5n cho quy tr\u00ecnh, <\/span><span>\u0111\u1ed3ng th\u1eddi t\u0103ng t\u00ednh th\u1ea9m m\u1ef9 v\u00e0 \u0111\u1ed9 b\u1ec1n cho quy tr\u00ecnh.<\/span><\/p>\n<\/li>\n<li data-sourcepos=\"15:1-16:0\">\n<p data-sourcepos=\"15:3-15:271\"><strong><span>Decoration: <\/span><\/strong><span>Ngo\u00e0i c\u00e1c c\u00f4ng vi\u1ec7c \u0111\u01b0\u1ee3c s\u1eed d\u1ee5ng \u0111\u1ec3 \u1ed1p l\u00e1t, <\/span><span>\u0111\u00e1 Th\u1ea1ch Anh Picasso c\u00f2n c\u00f3 th\u1ec3 \u0111\u01b0\u1ee3c s\u1eed d\u1ee5ng \u0111\u1ec3 trang tr\u00ed cho c\u00f4ng tr\u00ecnh, <\/span><span>gi\u1edbi h\u1ea1n nh\u01b0 trang tr\u00ed t\u01b0\u1eddng, <\/span><span>trang tr\u00ed tr\u1ea7n, <\/span><span>trang tr\u00ed c\u1ed9t,&#8230; <\/span><span>\u0110\u00e1 gi\u00fap t\u1ea1o nh\u1ea5n n\u00fat cho qu\u00e1 tr\u00ecnh, <\/span><span>\u0111\u1ed3ng th\u1eddi c\u00f3 th\u1ec3 ho\u00e0n t\u1ea5t qu\u00e1 tr\u00ecnh th\u1ea9m \u0111\u1ecbnh c\u1ee7a ch\u1ee7 nh\u00e0.<\/span><\/p>\n<\/li>\n<\/ul>\n<h3><strong><span>\u01afu \u0111i\u1ec3m c\u1ee7a \u0110\u00e1 Th\u1ea1ch Anh Picasso<\/span><\/strong><\/h3>\n<ul data-sourcepos=\"21:1-30:0\">\n<li data-sourcepos=\"21:1-22:0\">\n<p data-sourcepos=\"21:3-21:134\"><strong><span>M\u00e0u s\u1eafc \u0111\u1ed9c, b\u1eaft m\u1eaft: <\/span><\/strong><span>\u0110\u00e1 Th\u1ea1ch Anh Picasso c\u00f3 m\u00e0u s\u1eafc \u0111\u1ed9c, <\/span><span>b\u1eaft m\u1eaft, <\/span><span>t\u1ea1o n\u00ean v\u1ebb \u0111\u1eb9p \u1ea5n t\u01b0\u1ee3ng v\u00e0 kh\u00e1c bi\u1ec7t cho c\u00f4ng tr\u00ecnh.<\/span><\/p>\n<\/li>\n<li data-sourcepos=\"23:1-24:0\">\n<p data-sourcepos=\"23:3-23:275\"><strong><span>High hardness, good bearing: <\/span><\/strong><span>\u0110\u00e1 Th\u1ea1ch Anh Picasso c\u00f3 \u0111\u1ed9 c\u1ee9ng kho\u1ea3ng 7 tr\u00ean thang Mohs, <\/span><span>t\u01b0\u01a1ng th\u00edch v\u1edbi \u0111\u1ed9 c\u1ee9ng c\u1ee7a th\u1ea1ch anh th\u00f4ng th\u01b0\u1eddng. <\/span><span>\u0110\u1ed9 c\u1ee9ng cao gi\u00fap \u0111\u00e1 c\u00f3 kh\u1ea3 n\u0103ng ch\u1ed1ng tr\u1ea7y, <\/span><span>ch\u1ecbu l\u1ef1c t\u1ed1t. <\/span><span>\u0110i\u1ec1u n\u00e0y gi\u00fap \u0111\u00e1 c\u00f3 \u0111\u1ed9 b\u1ec1n cao, <\/span><span>\u00edt b\u1ecb h\u01b0 h\u1ea1i trong qu\u00e1 tr\u00ecnh s\u1eed d\u1ee5ng.<\/span><\/p>\n<\/li>\n<li data-sourcepos=\"25:1-26:0\">\n<p data-sourcepos=\"25:3-25:163\"><strong><span>Ch\u1ecbu nhi\u1ec7t t\u1ed1t: <\/span><\/strong><span>\u0110\u00e1 Th\u1ea1ch Anh Picasso c\u00f3 kh\u1ea3 n\u0103ng ch\u1ecbu nhi\u1ec7t t\u1ed1t, <\/span><span>l\u00ean \u0111\u1ebfn 1. <\/span><span>200 \u0111\u1ed9 C. <\/span><span>\u0110i\u1ec1u n\u00e0y gi\u00fap \u0111\u00e1 ph\u00f9 h\u1ee3p \u0111\u1ec3 s\u1eed d\u1ee5ng cho c\u00e1c khu v\u1ef1c nh\u01b0 b\u1ebfp, <\/span><span>nh\u00e0 t\u1eafm,&#8230;<\/span><\/p>\n<\/li>\n<li data-sourcepos=\"27:1-28:0\">\n<p data-sourcepos=\"27:3-27:155\"><strong><span>D\u1ec5 d\u00e0ng b\u1ea3o v\u1ec7 sinh v\u1eadt: <\/span><\/strong><span>\u0110\u00e1 Th\u1ea1ch Anh Picasso c\u00f3 b\u1ec1 m\u1eb7t l\u01b0\u1edbt b\u00f3ng, <\/span><span>d\u1ec5 d\u00e0ng b\u1ea3o v\u1ec7 sinh v\u1eadt. <\/span><span>B\u1ea1n ch\u1ec9 c\u1ea7n s\u1eed d\u1ee5ng kh\u0103n m\u1ec1m lau s\u1ea1ch b\u1ee5i b\u1ea9n l\u00e0 \u0111\u00e1 s\u1ebd s\u00e1ng b\u00f3ng nh\u01b0 m\u1edbi.<\/span><\/p>\n<\/li>\n<li data-sourcepos=\"29:1-30:0\">\n<p data-sourcepos=\"29:3-29:170\"><strong><span>Environment-friendly: <\/span><\/strong><span>\u0110\u00e1 Th\u1ea1ch Anh Picasso l\u00e0 m\u1ed9t lo\u1ea1i \u0111\u00e1 t\u1ef1 nhi\u00ean, <\/span><span>kh\u00f4ng ch\u1ee9a ch\u1ea5t \u0111\u1ed9c h\u1ea1i. <\/span><span>Therefore, <\/span><span>\u0111\u00e1 r\u1ea5t th\u00e2n thi\u1ec7n v\u1edbi m\u00f4i tr\u01b0\u1eddng v\u00e0 s\u1ee9c kh\u1ecfe con ng\u01b0\u1eddi.<\/span><\/p>\n<\/li>\n<\/ul>\n<h3><strong><span>Nh\u1eefng l\u01b0u \u00fd khi s\u1eed d\u1ee5ng lo\u1ea1i \u0110\u00e1 Th\u1ea1ch Anh Picasso<\/span><\/strong><\/h3>\n<ul data-sourcepos=\"35:1-42:0\">\n<li data-sourcepos=\"35:1-36:0\">\n<p data-sourcepos=\"35:3-35:189\"><strong><span>Avoid strong impact: <\/span><\/strong><span>\u0110\u00e1 Th\u1ea1ch Anh Picasso c\u00f3 \u0111\u1ed9 c\u1ee9ng cao, <\/span><span>but also can be broken if strong impact. <\/span><span>Therefore, <\/span><span>c\u1ea7n tr\u00e1nh t\u00e1c \u0111\u1ed9ng m\u1ea1nh l\u00ean b\u1ec1 m\u1eb7t \u0111\u00e1, <\/span><span>ngh\u0129 h\u1ea1n nh\u01b0 d\u00f9ng b\u00faa, <\/span><span>\u0111\u1ee5c,&#8230;<\/span><\/p>\n<\/li>\n<li data-sourcepos=\"37:1-38:0\">\n<p data-sourcepos=\"37:3-37:178\"><strong><span>Avoid contact with chemicals: <\/span><\/strong><span>\u0110\u00e1 Th\u1ea1ch Anh Picasso c\u00f3 th\u1ec3 b\u1ecb \u0103n m\u00f2n b\u1edfi c\u00e1c ch\u1ea5t h\u00f3a h\u1ecdc m\u1ea1nh, <\/span><span>cumshot, such as acids, <\/span><span>base... <\/span><span>Therefore, <\/span><span>need to avoid rocks exposed to the chemical substance this.<\/span><\/p>\n<\/li>\n<li data-sourcepos=\"39:1-40:0\">\n<p data-sourcepos=\"39:3-39:239\"><strong><span>Tr\u00e1nh ti\u1ebfp x\u00fac v\u1edbi nhi\u1ec7t \u0111\u1ed9 cao: <\/span><\/strong><span>\u0110\u00e1 Th\u1ea1ch Anh Picasso c\u00f3 kh\u1ea3 n\u0103ng ch\u1ecbu nhi\u1ec7t t\u1ed1t, <\/span><span>nh\u01b0ng c\u0169ng c\u00f3 th\u1ec3 b\u1ecb bi\u1ebfn \u0111\u1ed5i n\u1ebfu ti\u1ebfp x\u00fac v\u1edbi nhi\u1ec7t \u0111\u1ed9 cao trong th\u1eddi gian d\u00e0i. <\/span><span>Therefore, <\/span><span>c\u1ea7n tr\u00e1nh \u0111\u1ec3 ti\u1ebfp x\u00fac v\u1edbi nhi\u1ec7t \u0111\u1ed9 cao trong th\u1eddi gian d\u00e0i.<\/span><\/p>\n<\/li>\n<li data-sourcepos=\"41:1-42:0\">\n<p data-sourcepos=\"41:3-41:177\"><strong><span>Regular cleaning: <\/span><\/strong><span>\u0110\u00e1 Th\u1ea1ch Anh Picasso c\u00f3 b\u1ec1 m\u1eb7t m\u1ecbn b\u00f3ng, <\/span><span>easy toilet. <\/span><span>However, <\/span><span>c\u0169ng c\u1ea7n v\u1ec7 sinh th\u01b0\u1eddng xuy\u00ean \u0111\u1ec3 lo\u1ea1i b\u1ecf b\u1ee5i b\u1ea9n, <\/span><span>v\u1ebft \u1ed1,&#8230; <\/span><span>b\u00e1m tr\u00ean b\u1ec1 m\u1eb7t \u0111\u00e1.<\/span><\/p>\n<\/li>\n<\/ul>\n<h2><strong>C\u00f4ng tr\u00ecnh th\u1ef1c t\u1ebf s\u1eed d\u1ee5ng <\/strong><strong>\u0110\u00e1 Th\u1ea1ch Anh Picasso <\/strong><strong>do Royal Stone th\u1ef1c hi\u1ec7n<\/strong><\/h2>\n<p>\u0110\u00e1 Th\u1ea1ch Anh Picasso \u1ed1p b\u00e0n b\u1ebfp<\/p>\n<p>\u0110\u00e1 Th\u1ea1ch Anh Picasso \u1ed1p b\u00e0n <b><a href=\"https:\/\/royalstone.com.vn\/en\/lavabo-rua-mat-bang-da-ua-chuong-nhat-hien-nay\/\">lavabo<\/a><\/b><\/p>\n<h3><strong>Contact information Royal Stone<\/strong><\/h3>\n<p><strong>COMPANY LIMITED ROYAL STONE<\/strong><\/p>\n<p>\u260e Hotline: 0963 689 531<\/p>\n<p>\ud83c\udfe0 Office : 283 Tay Mo Ward, Dai Mo ward, Nam tu Liem district, Ha Noi City.<\/p>\n<p>\ud83c\udfe0 Factory: T<span style=\"color: #333333; font-size: 14.4px;\">drive 10 Yen The town, Luc Yen district, Yen Bai province<\/span><\/p>\n<p>\ud83c\udfe0 Warehouse Ha Noi: Lane 24, Dai Mo, tu Liem, Ha Noi (falling edge 4 Van Phuc, Ha Dong)<\/p>\n<p>\ud83c\udf10 Website:\u00a0<a href=\"https:\/\/royalstone.com.vn\/en\/\">www.royalstone.com.vn<\/a><\/p>\n<h3 class=\"ftwp-heading\"><strong>Connect with Royal Stone<\/strong><\/h3>\n<div class=\"textwidget custom-html-widget\">\n<div class=\"textwidget custom-html-widget\">\n<div><a href=\"http:\/\/www.youtube.com\/@royalstone-datunhiencaocap\" target=\"_blank\" rel=\"noopener nofollow\"><img decoding=\"async\" class=\"entered lazyloaded\" title=\"ROYAL STONE - natural Stone premium\" src=\"http:\/\/royalstone.com.vn\/wp-content\/uploads\/2023\/11\/youtube-royalstone.jpg\" alt=\"ROYAL STONE - natural Stone premium\" width=\"30\" height=\"30\" data-lazy-src=\"http:\/\/royalstone.com.vn\/wp-content\/uploads\/2023\/11\/youtube-royalstone.jpg\" data-ll-status=\"loaded\" data-lazy-=\"\" \/><\/a><a href=\"https:\/\/www.facebook.com\/RoyalstoneDaTuNhienCaoCap\" target=\"_blank\" rel=\"noopener nofollow\"><img decoding=\"async\" class=\"entered lazyloaded\" title=\"ROYAL STONE - natural Stone premium\" src=\"http:\/\/royalstone.com.vn\/wp-content\/uploads\/2023\/11\/facebook-royalstone.jpg\" alt=\"ROYAL STONE - natural Stone premium\" width=\"30\" height=\"30\" data-lazy-src=\"http:\/\/royalstone.com.vn\/wp-content\/uploads\/2023\/11\/facebook-royalstone.jpg\" data-ll-status=\"loaded\" data-lazy-=\"\" \/><\/a><a href=\"https:\/\/twitter.com\/royalstonedatn\" target=\"_blank\" rel=\"noopener nofollow\"><img decoding=\"async\" class=\"entered lazyloaded\" title=\"ROYAL STONE - natural Stone premium\" src=\"http:\/\/royalstone.com.vn\/wp-content\/uploads\/2023\/11\/twitter-royalstone.jpg\" alt=\"ROYAL STONE - natural Stone premium\" width=\"30\" height=\"30\" data-lazy-src=\"http:\/\/royalstone.com.vn\/wp-content\/uploads\/2023\/11\/twitter-royalstone.jpg\" data-ll-status=\"loaded\" data-lazy-=\"\" \/><\/a><a href=\"https:\/\/www.pinterest.com\/royalstonedatunhiencaocap\/\" target=\"_blank\" rel=\"noopener nofollow\"><img decoding=\"async\" class=\"entered lazyloaded\" title=\"ROYAL STONE - natural Stone premium\" src=\"http:\/\/royalstone.com.vn\/wp-content\/uploads\/2023\/11\/printerest-royalstone.jpg\" alt=\"ROYAL STONE - natural Stone premium\" width=\"30\" height=\"30\" data-lazy-src=\"http:\/\/royalstone.com.vn\/wp-content\/uploads\/2023\/11\/printerest-royalstone.jpg\" data-ll-status=\"loaded\" data-lazy-=\"\" \/><\/a><a href=\"https:\/\/www.linkedin.com\/in\/royalstone-datunhien\/\" target=\"_blank\" rel=\"noopener nofollow\"><img decoding=\"async\" class=\"entered lazyloaded\" title=\"ROYAL STONE - natural Stone premium\" src=\"http:\/\/royalstone.com.vn\/wp-content\/uploads\/2023\/11\/linkedin-royalstone.jpg\" alt=\"ROYAL STONE - natural Stone premium\" width=\"30\" height=\"30\" data-lazy-src=\"http:\/\/royalstone.com.vn\/wp-content\/uploads\/2023\/11\/linkedin-royalstone.jpg\" data-ll-status=\"loaded\" data-lazy-=\"\" \/><\/a><\/div>\n<\/div>\n<\/div>","protected":false},"excerpt":{"rendered":"<ul class=\"l pr-des-featured\">\n<li>MSP: RSTAP2023<\/li>\n<li>Place of origin: Brazil<\/li>\n<li>M\u00e0u s\u1eafc: xanh<\/li>\n<li>Types of stone: Quartz<\/li>\n<li>Size: large<\/li>\n<li>Thickness: 2.0 cm<\/li>\n<\/ul>","protected":false},"featured_media":404,"comment_status":"closed","ping_status":"closed","template":"","meta":{"inline_featured_image":false},"product_cat":[45,46],"product_tag":[],"class_list":{"0":"post-402","1":"product","2":"type-product","3":"status-publish","4":"has-post-thumbnail","6":"product_cat-da-thach-anh","7":"product_cat-da-thach-anh-2-0-cm","9":"first","10":"instock","11":"shipping-taxable","12":"product-type-simple"},"_links":{"self":[{"href":"https:\/\/royalstone.com.vn\/en\/wp-json\/wp\/v2\/product\/402","targetHints":{"allow":["GET"]}}],"collection":[{"href":"https:\/\/royalstone.com.vn\/en\/wp-json\/wp\/v2\/product"}],"about":[{"href":"https:\/\/royalstone.com.vn\/en\/wp-json\/wp\/v2\/types\/product"}],"replies":[{"embeddable":true,"href":"https:\/\/royalstone.com.vn\/en\/wp-json\/wp\/v2\/comments?post=402"}],"wp:featuredmedia":[{"embeddable":true,"href":"https:\/\/royalstone.com.vn\/en\/wp-json\/wp\/v2\/media\/404"}],"wp:attachment":[{"href":"https:\/\/royalstone.com.vn\/en\/wp-json\/wp\/v2\/media?parent=402"}],"wp:term":[{"taxonomy":"product_cat","embeddable":true,"href":"https:\/\/royalstone.com.vn\/en\/wp-json\/wp\/v2\/product_cat?post=402"},{"taxonomy":"product_tag","embeddable":true,"href":"https:\/\/royalstone.com.vn\/en\/wp-json\/wp\/v2\/product_tag?post=402"}],"curies":[{"name":"wp","href":"https:\/\/api.w.org\/{rel}","templated":true}]}}