{"id":395,"date":"2023-11-22T09:40:31","date_gmt":"2023-11-22T09:40:31","guid":{"rendered":"http:\/\/royalstone.com.vn\/?post_type=product&#038;p=395"},"modified":"2023-11-22T09:41:56","modified_gmt":"2023-11-22T09:41:56","slug":"da-granite-santa-cecilia-light-3-0","status":"publish","type":"product","link":"https:\/\/royalstone.com.vn\/en\/da-granite-santa-cecilia-light-3-0\/","title":{"rendered":"Granite Santa Cecilia Light 3.0"},"content":{"rendered":"<h2 data-sourcepos=\"1:1-1:87\"><strong>\u0110\u00e1 Granite Santa Cecilia Light 3.0 &#8211; V\u1ebb \u0111\u1eb9p sang tr\u1ecdng, tinh t\u1ebf cho kh\u00f4ng gian s\u1ed1ng<\/strong><\/h2>\n<p data-sourcepos=\"5:1-5:205\"><a href=\"http:\/\/royalstone.com.vn\/en\/da-granite-santa-cecilia-light-3-0\/\"><em><strong>\u0110\u00e1 Granite Santa Cecilia Light<\/strong><\/em><\/a> 3.0 l\u00e0 m\u1ed9t lo\u1ea1i \u0111\u00e1 hoa c\u01b0\u01a1ng t\u1ef1 nhi\u00ean c\u00f3 ngu\u1ed3n g\u1ed1c t\u1eeb Brazil. \u0110\u00e1 c\u00f3 m\u00e0u v\u00e0ng ch\u1ee7 \u0111\u1ea1o v\u1edbi nh\u1eefng \u0111\u01b0\u1eddng v\u00e2n m\u00e0u x\u00e1m, \u0111en, n\u00e2u,&#8230; xen k\u1ebd nhau t\u1ea1o n\u00ean v\u1ebb \u0111\u1eb9p sang tr\u1ecdng, tinh t\u1ebf.<\/p>\n<p data-sourcepos=\"7:1-7:11\"><strong>M\u00e0u s\u1eafc<\/strong><\/p>\n<p data-sourcepos=\"9:1-9:281\"><b><a href=\"https:\/\/royalstone.com.vn\/en\/da-granite-3-cm-la-lua-chon-hoan-hao\/\">Granite<\/a><\/b> Santa Cecilia Light 3.0 c\u00f3 m\u00e0u v\u00e0ng ch\u1ee7 \u0111\u1ea1o v\u1edbi nh\u1eefng \u0111\u01b0\u1eddng v\u00e2n m\u00e0u x\u00e1m, \u0111en, n\u00e2u,&#8230; xen k\u1ebd nhau. M\u00e0u v\u00e0ng c\u1ee7a \u0111\u00e1 mang \u0111\u1ebfn c\u1ea3m gi\u00e1c \u1ea5m \u00e1p, sang tr\u1ecdng, c\u00f2n nh\u1eefng \u0111\u01b0\u1eddng v\u00e2n m\u00e0u x\u00e1m, \u0111en, n\u00e2u,&#8230; l\u1ea1i t\u1ea1o n\u00ean \u0111i\u1ec3m nh\u1ea5n, mang \u0111\u1ebfn v\u1ebb \u0111\u1eb9p \u0111\u1ed9c \u0111\u00e1o, tinh t\u1ebf cho kh\u00f4ng gian s\u1ed1ng.<\/p>\n<p data-sourcepos=\"11:1-11:11\"><strong>Hardness<\/strong><\/p>\n<p data-sourcepos=\"13:1-13:364\"><b><a href=\"https:\/\/royalstone.com.vn\/en\/da-granite-tim-bieu-tuong-cua-ve-dep-sang-trong\/\">Granite<\/a><\/b> Santa Cecilia Light 3.0 c\u00f3 \u0111\u1ed9 c\u1ee9ng cao, <span class=\"citation-0 citation-end-0\">x\u1ebfp h\u1ea1ng 2-3 (ch\u1ec9 sau kim c\u01b0\u01a1ng) b\u1edfi hai th\u00e0nh ph\u1ea7n ch\u00ednh c\u1ee7a ch\u00fang l\u00e0 Al2O3 v\u00e0 SiO2 \u0111\u1ec1u c\u00f3 \u0111\u1ed9 c\u1ee9ng r\u1ea5t \u1ea5n t\u01b0\u1ee3ng. Xu\u1ea5t ph\u00e1t t\u1eeb \u0111\u1eb7c t\u00ednh n\u1ed5i tr\u1ed9i n\u00e0y, \u0111\u00e1 Granite<\/span> Santa Cecilia Light 3.0 \u0111\u01b0\u1ee3c \u1ee9ng d\u1ee5ng r\u1ed9ng r\u00e3i trong trang tr\u00ed c\u1ea3 ngo\u1ea1i th\u1ea5t v\u00e0 n\u1ed9i th\u1ea5t, \u0111\u1eb7c bi\u1ec7t l\u00e0 nh\u1eefng v\u1ecb tr\u00ed c\u1ea7n \u0111\u1ebfn \u0111\u1ed9 ch\u1ecbu l\u1ef1c cao.<\/p>\n<p data-sourcepos=\"15:1-15:23\"><strong>Kh\u1ea3 n\u0103ng ch\u1ed1ng th\u1ea5m<\/strong><\/p>\n<p data-sourcepos=\"17:1-17:164\">\u0110\u00e1 Granite Santa Cecilia Light 3.0 c\u00f3 kh\u1ea3 n\u0103ng ch\u1ed1ng th\u1ea5m t\u1ed1t, kh\u00f4ng b\u1ecb \u1ea9m m\u1ed1c, r\u00eau m\u1ed1c. \u0110i\u1ec1u n\u00e0y gi\u00fap \u0111\u00e1 lu\u00f4n b\u1ec1n \u0111\u1eb9p, gi\u1eef \u0111\u01b0\u1ee3c v\u1ebb \u0111\u1eb9p ban \u0111\u1ea7u trong th\u1eddi gian d\u00e0i.<\/p>\n<p data-sourcepos=\"19:1-19:23\"><strong>Kh\u1ea3 n\u0103ng ch\u1ecbu nhi\u1ec7t<\/strong><\/p>\n<p data-sourcepos=\"21:1-21:188\"><a href=\"http:\/\/royalstone.com.vn\/en\/da-granite\/\"><em><strong>Granite<\/strong><\/em><\/a> Santa Cecilia Light 3.0 c\u00f3 kh\u1ea3 n\u0103ng ch\u1ecbu nhi\u1ec7t t\u1ed1t, kh\u00f4ng b\u1ecb bi\u1ebfn d\u1ea1ng khi ti\u1ebfp x\u00fac v\u1edbi nhi\u1ec7t \u0111\u1ed9 cao. \u0110i\u1ec1u n\u00e0y r\u1ea5t ph\u00f9 h\u1ee3p v\u1edbi c\u00e1c h\u1ea1ng m\u1ee5c \u1ed1p l\u00e1t trong ph\u00f2ng b\u1ebfp, ph\u00f2ng t\u1eafm,&#8230;<\/p>\n<p data-sourcepos=\"23:1-23:20\"><strong>Kh\u1ea3 n\u0103ng v\u1ec7 sinh<\/strong><\/p>\n<p data-sourcepos=\"25:1-25:147\">\u0110\u00e1 Granite Santa Cecilia Light 3.0 d\u1ec5 d\u00e0ng v\u1ec7 sinh, lau ch\u00f9i. B\u1ea1n ch\u1ec9 c\u1ea7n s\u1eed d\u1ee5ng kh\u0103n m\u1ec1m v\u00e0 n\u01b0\u1edbc \u1ea5m l\u00e0 c\u00f3 th\u1ec3 lo\u1ea1i b\u1ecf b\u1ee5i b\u1ea9n b\u00e1m tr\u00ean b\u1ec1 m\u1eb7t \u0111\u00e1.<\/p>\n<figure id=\"attachment_399\" aria-describedby=\"caption-attachment-399\" style=\"width: 474px\" class=\"wp-caption aligncenter\"><img decoding=\"async\" class=\"wp-image-399 size-full\" title=\"Granite Santa Cecilia Light 3.0\" src=\"http:\/\/royalstone.com.vn\/wp-content\/uploads\/2023\/11\/da-granite-santa-cecilia-light-3-0.jpg\" alt=\"Granite Santa Cecilia Light 3.0\" width=\"474\" height=\"337\" \/><figcaption id=\"caption-attachment-399\" class=\"wp-caption-text\">Granite Santa Cecilia Light 3.0<\/figcaption><\/figure>\n<h2 data-sourcepos=\"27:1-27:12\"><strong>\u1ee8ng d\u1ee5ng \u0110\u00e1 Granite Santa Cecilia Light<\/strong><\/h2>\n<p data-sourcepos=\"29:1-29:81\">\u0110\u00e1 Granite Santa Cecilia Light 3.0 \u0111\u01b0\u1ee3c \u1ee9ng d\u1ee5ng r\u1ed9ng r\u00e3i trong c\u00e1c h\u1ea1ng m\u1ee5c nh\u01b0:<\/p>\n<ul data-sourcepos=\"31:1-36:0\">\n<li data-sourcepos=\"31:1-31:144\"><strong>Tiling facades:<\/strong>\u00a0\u0110\u00e1 Granite Santa Cecilia Light 3.0 c\u00f3 m\u00e0u s\u1eafc t\u01b0\u01a1i s\u00e1ng, sang tr\u1ecdng n\u00ean \u0111\u01b0\u1ee3c nhi\u1ec1u ng\u01b0\u1eddi l\u1ef1a ch\u1ecdn \u0111\u1ec3 \u1ed1p l\u00e1t m\u1eb7t ti\u1ec1n nh\u00e0.<\/li>\n<li data-sourcepos=\"32:1-32:139\"><strong>Tiling the kitchen:<\/strong>\u00a0\u0110\u00e1 Granite Santa Cecilia Light 3.0 c\u00f3 kh\u1ea3 n\u0103ng ch\u1ed1ng th\u1ea5m, ch\u1ed1ng tr\u1ea7y x\u01b0\u1edbc t\u1ed1t n\u00ean r\u1ea5t ph\u00f9 h\u1ee3p \u0111\u1ec3 \u1ed1p l\u00e1t ph\u00f2ng b\u1ebfp.<\/li>\n<li data-sourcepos=\"33:1-33:136\"><strong>Bathroom tiling:<\/strong>\u00a0\u0110\u00e1 Granite Santa Cecilia Light 3.0 c\u00f3 kh\u1ea3 n\u0103ng ch\u1ed1ng th\u1ea5m, ch\u1ed1ng \u1ea9m m\u1ed1c t\u1ed1t n\u00ean r\u1ea5t ph\u00f9 h\u1ee3p \u0111\u1ec3 \u1ed1p l\u00e1t ph\u00f2ng t\u1eafm.<\/li>\n<li data-sourcepos=\"34:1-34:139\"><strong>Tiling stairs:<\/strong>\u00a0\u0110\u00e1 Granite Santa Cecilia Light 3.0 c\u00f3 \u0111\u1ed9 c\u1ee9ng cao, ch\u1ecbu \u0111\u01b0\u1ee3c l\u1ef1c t\u00e1c \u0111\u1ed9ng m\u1ea1nh n\u00ean r\u1ea5t ph\u00f9 h\u1ee3p \u0111\u1ec3 \u1ed1p l\u00e1t c\u1ea7u thang.<\/li>\n<li data-sourcepos=\"35:1-36:0\"><strong>Tiling the kitchen table, desk, kitchen island:<\/strong>\u00a0\u0110\u00e1 Granite Santa Cecilia Light 3.0 c\u00f3 kh\u1ea3 n\u0103ng ch\u1ed1ng th\u1ea5m, ch\u1ed1ng tr\u1ea7y x\u01b0\u1edbc t\u1ed1t n\u00ean r\u1ea5t ph\u00f9 h\u1ee3p \u0111\u1ec3 \u1ed1p l\u00e1t b\u00e0n b\u1ebfp, b\u00e0n \u0111\u1ea3o b\u1ebfp.<\/li>\n<\/ul>\n<h2><strong>C\u00f4ng tr\u00ecnh th\u1ef1c t\u1ebf s\u1eed d\u1ee5ng \u0110\u00e1 Granite Santa Cecilia Light do Royal Stone th\u1ef1c hi\u1ec7n<\/strong><\/h2>\n<p>\u0110\u00e1 Granite Santa Cecilia Light 3.0 \u1ed1p b\u00e0n b\u1ebfp<\/p>\n<p>\u0110\u00e1 Granite Santa Cecilia Light 3.0 \u1ed1p b\u00e0n <b><a href=\"https:\/\/royalstone.com.vn\/en\/lavabo-rua-mat-bang-da-ua-chuong-nhat-hien-nay\/\">lavabo<\/a><\/b><\/p>\n<h3><strong>Contact information Royal Stone<\/strong><\/h3>\n<p><strong>COMPANY LIMITED ROYAL STONE<\/strong><\/p>\n<p>\u260e Hotline: 0963 689 531<\/p>\n<p>\ud83c\udfe0 Office : 283 Tay Mo Ward, Dai Mo ward, Nam tu Liem district, Ha Noi City.<\/p>\n<p>\ud83c\udfe0 Factory: T<span style=\"color: #333333; font-size: 14.4px;\">drive 10 Yen The town, Luc Yen district, Yen Bai province<\/span><\/p>\n<p>\ud83c\udfe0 Warehouse Ha Noi: Lane 24, Dai Mo, tu Liem, Ha Noi (falling edge 4 Van Phuc, Ha Dong)<\/p>\n<p>\ud83c\udf10 Website:\u00a0<a href=\"https:\/\/royalstone.com.vn\/en\/\">www.royalstone.com.vn<\/a><\/p>\n<h3 class=\"ftwp-heading\"><strong>Connect with Royal Stone<\/strong><\/h3>\n<div class=\"textwidget custom-html-widget\">\n<div class=\"textwidget custom-html-widget\">\n<div><a href=\"http:\/\/www.youtube.com\/@royalstone-datunhiencaocap\" target=\"_blank\" rel=\"noopener nofollow\"><img decoding=\"async\" class=\"entered lazyloaded\" title=\"ROYAL STONE - natural Stone premium\" src=\"http:\/\/royalstone.com.vn\/wp-content\/uploads\/2023\/11\/youtube-royalstone.jpg\" alt=\"ROYAL STONE - natural Stone premium\" width=\"30\" height=\"30\" data-lazy-src=\"http:\/\/royalstone.com.vn\/wp-content\/uploads\/2023\/11\/youtube-royalstone.jpg\" data-ll-status=\"loaded\" data-lazy-=\"\" \/><\/a><a href=\"https:\/\/www.facebook.com\/RoyalstoneDaTuNhienCaoCap\" target=\"_blank\" rel=\"noopener nofollow\"><img decoding=\"async\" class=\"entered lazyloaded\" title=\"ROYAL STONE - natural Stone premium\" src=\"http:\/\/royalstone.com.vn\/wp-content\/uploads\/2023\/11\/facebook-royalstone.jpg\" alt=\"ROYAL STONE - natural Stone premium\" width=\"30\" height=\"30\" data-lazy-src=\"http:\/\/royalstone.com.vn\/wp-content\/uploads\/2023\/11\/facebook-royalstone.jpg\" data-ll-status=\"loaded\" data-lazy-=\"\" \/><\/a><a href=\"https:\/\/twitter.com\/royalstonedatn\" target=\"_blank\" rel=\"noopener nofollow\"><img decoding=\"async\" class=\"entered lazyloaded\" title=\"ROYAL STONE - natural Stone premium\" src=\"http:\/\/royalstone.com.vn\/wp-content\/uploads\/2023\/11\/twitter-royalstone.jpg\" alt=\"ROYAL STONE - natural Stone premium\" width=\"30\" height=\"30\" data-lazy-src=\"http:\/\/royalstone.com.vn\/wp-content\/uploads\/2023\/11\/twitter-royalstone.jpg\" data-ll-status=\"loaded\" data-lazy-=\"\" \/><\/a><a href=\"https:\/\/www.pinterest.com\/royalstonedatunhiencaocap\/\" target=\"_blank\" rel=\"noopener nofollow\"><img decoding=\"async\" class=\"entered lazyloaded\" title=\"ROYAL STONE - natural Stone premium\" src=\"http:\/\/royalstone.com.vn\/wp-content\/uploads\/2023\/11\/printerest-royalstone.jpg\" alt=\"ROYAL STONE - natural Stone premium\" width=\"30\" height=\"30\" data-lazy-src=\"http:\/\/royalstone.com.vn\/wp-content\/uploads\/2023\/11\/printerest-royalstone.jpg\" data-ll-status=\"loaded\" data-lazy-=\"\" \/><\/a><a href=\"https:\/\/www.linkedin.com\/in\/royalstone-datunhien\/\" target=\"_blank\" rel=\"noopener nofollow\"><img decoding=\"async\" class=\"entered lazyloaded\" title=\"ROYAL STONE - natural Stone premium\" src=\"http:\/\/royalstone.com.vn\/wp-content\/uploads\/2023\/11\/linkedin-royalstone.jpg\" alt=\"ROYAL STONE - natural Stone premium\" width=\"30\" height=\"30\" data-lazy-src=\"http:\/\/royalstone.com.vn\/wp-content\/uploads\/2023\/11\/linkedin-royalstone.jpg\" data-ll-status=\"loaded\" data-lazy-=\"\" \/><\/a><\/div>\n<\/div>\n<\/div>","protected":false},"excerpt":{"rendered":"<ul class=\"l pr-des-featured\">\n<li>MSP: RSSCL2023<\/li>\n<li>Origin: Imported<\/li>\n<li>Color: Gold<\/li>\n<li>Type of stone: Granite<\/li>\n<li>Size: large<\/li>\n<li>Thickness: 3.0 cm<\/li>\n<\/ul>","protected":false},"featured_media":399,"comment_status":"closed","ping_status":"closed","template":"","meta":{"inline_featured_image":false},"product_cat":[23,24],"product_tag":[],"class_list":{"0":"post-395","1":"product","2":"type-product","3":"status-publish","4":"has-post-thumbnail","6":"product_cat-da-granite","7":"product_cat-da-granite-3-0-cm","9":"first","10":"instock","11":"shipping-taxable","12":"product-type-simple"},"_links":{"self":[{"href":"https:\/\/royalstone.com.vn\/en\/wp-json\/wp\/v2\/product\/395","targetHints":{"allow":["GET"]}}],"collection":[{"href":"https:\/\/royalstone.com.vn\/en\/wp-json\/wp\/v2\/product"}],"about":[{"href":"https:\/\/royalstone.com.vn\/en\/wp-json\/wp\/v2\/types\/product"}],"replies":[{"embeddable":true,"href":"https:\/\/royalstone.com.vn\/en\/wp-json\/wp\/v2\/comments?post=395"}],"wp:featuredmedia":[{"embeddable":true,"href":"https:\/\/royalstone.com.vn\/en\/wp-json\/wp\/v2\/media\/399"}],"wp:attachment":[{"href":"https:\/\/royalstone.com.vn\/en\/wp-json\/wp\/v2\/media?parent=395"}],"wp:term":[{"taxonomy":"product_cat","embeddable":true,"href":"https:\/\/royalstone.com.vn\/en\/wp-json\/wp\/v2\/product_cat?post=395"},{"taxonomy":"product_tag","embeddable":true,"href":"https:\/\/royalstone.com.vn\/en\/wp-json\/wp\/v2\/product_tag?post=395"}],"curies":[{"name":"wp","href":"https:\/\/api.w.org\/{rel}","templated":true}]}}