{"id":382,"date":"2023-11-22T09:09:16","date_gmt":"2023-11-22T09:09:16","guid":{"rendered":"http:\/\/royalstone.com.vn\/?post_type=product&#038;p=382"},"modified":"2023-11-29T14:02:17","modified_gmt":"2023-11-29T14:02:17","slug":"da-granite-blue-dunes-3-0","status":"publish","type":"product","link":"https:\/\/royalstone.com.vn\/en\/da-granite-blue-dunes-3-0\/","title":{"rendered":"Granite Blue Dunes 3.0"},"content":{"rendered":"<h2 data-sourcepos=\"1:1-1:76\"><strong>Granite Blue Dunes 3.0: natural beauty and durability for living space<\/strong><\/h2>\n<p data-sourcepos=\"5:1-5:311\"><a href=\"http:\/\/royalstone.com.vn\/en\/da-granite-blue-dunes-3-0\/\"><em><strong>Granite Blue Dunes<\/strong><\/em><\/a> 3.0 is a type of marble naturally sourced from Brazil. The stone is brown, with the ridges grey green running riot on the surface, <span class=\"citation-0 citation-end-0\">the van, which is the result of the transformation of mineralogy lie in the quarry, ebony, causing them to have a natural color harmony like that.<\/span><\/p>\n<p data-sourcepos=\"5:1-5:311\"><b><a href=\"https:\/\/royalstone.com.vn\/en\/da-granite-3-cm-la-lua-chon-hoan-hao\/\">Granite<\/a><\/b> Blue Dunes 3.0 is a work of art-natural, mined in the quarries, Brazil. Brown of the stone combined with the van gray-blue, creates a wonderful painting on the stone surface. The road so this is the result of the transformation of mineralogy in quarry brown, creating a natural color and harmony.<\/p>\n<p data-sourcepos=\"7:1-7:215\">With its natural beauty and durability, <b><a href=\"https:\/\/royalstone.com.vn\/en\/da-granite-den-ve-dep-tuyet-dinh-cho-khong-gian\/\">Granite<\/a><\/b> Blue Dunes 3.0 are many options to tiling for the construction work. In this article, we will learn about the outstanding characteristics of this stone.<\/p>\n<h2 data-sourcepos=\"11:1-11:53\"><strong>Highlights of Granite, Blue Dunes 3.0<\/strong><\/h2>\n<p data-sourcepos=\"13:1-13:56\">Granite Blue Dunes 3.0 has the following highlights:<\/p>\n<ul data-sourcepos=\"15:1-20:0\">\n<li data-sourcepos=\"15:1-15:242\"><strong>Color:<\/strong>\u00a0The stone is brown, with the ridges grey green running riot on the surface,\u00a0<span class=\"citation-1 citation-end-1\">the van, which is the result of the transformation of mineralogy lie in the quarry, ebony, causing them to have a natural color harmony like that.<\/span><\/li>\n<li data-sourcepos=\"16:1-16:83\"><strong>Hardness:<\/strong>\u00a0Stone has high hardness, resistant to impact force strong, anti-scratch good.<\/li>\n<li data-sourcepos=\"17:1-17:83\"><strong>Waterproofing ability:<\/strong>\u00a0Stones are likely good waterproofing, not moldy, mildew.<\/li>\n<li data-sourcepos=\"18:1-18:107\"><strong>Heat resistant:<\/strong>\u00a0The stone has good heat resistance, no deformation when exposed to high temperatures.<\/li>\n<li data-sourcepos=\"19:1-20:0\"><strong>Ability hygiene:<\/strong>\u00a0Stone easy to clean, clean.<\/li>\n<\/ul>\n<figure id=\"attachment_385\" aria-describedby=\"caption-attachment-385\" style=\"width: 536px\" class=\"wp-caption aligncenter\"><img decoding=\"async\" class=\"wp-image-385 size-full\" title=\"Granite Blue Dunes 3.0\" src=\"http:\/\/royalstone.com.vn\/wp-content\/uploads\/2023\/11\/da-granite-blue-dunes-3-0.jpg\" alt=\"Granite Blue Dunes 3.0\" width=\"536\" height=\"369\" \/><figcaption id=\"caption-attachment-385\" class=\"wp-caption-text\">Granite Blue Dunes 3.0<\/figcaption><\/figure>\n<h3 data-sourcepos=\"21:1-21:45\"><strong>Application of Granite, Blue Dunes 3.0 to life<\/strong><\/h3>\n<p>Stone Blue Dunes 3.0 is a kind of granite with premium durability and style extremely impressive. The crystal structure of it brings not only the ability to waterproof and wear resistance, but also make the stone surface shiny, easy to clean and anti-dust. With the ability to withstand high pressure, Granite Blue Dunes 3.0 is the top choice for the tiling of items in villas, condominiums.<\/p>\n<p>Because of the outstanding advantages of the line granite, many customers have chosen Granite Blue Dunes 3.0 to tiling facades, cladding, column, square, ghat, and many other items in the construction work.<\/p>\n<p>\u0110\u1eb7c bi\u1ec7t, kh\u1ea3 n\u0103ng kh\u00e1ng nhi\u1ec7t c\u1ee7a \u0111\u00e1 n\u00e0y l\u00e0m cho n\u00f3 tr\u1edf th\u00e0nh l\u1ef1a ch\u1ecdn l\u00fd t\u01b0\u1edfng cho vi\u1ec7c \u1ed1p l\u00e1t b\u00e0n b\u1ebfp, \u0111\u1ea3o b\u1ebfp, \u1ed1p c\u1ea7u thang, <b><a href=\"https:\/\/royalstone.com.vn\/en\/ban-an-net-dep-sang-trong-cho-khong-gian-bep\/\">b\u00e0n \u0103n<\/a><\/b>, <b><a href=\"https:\/\/royalstone.com.vn\/en\/lavabo-rua-mat-bang-da-ua-chuong-nhat-hien-nay\/\">lavabo<\/a><\/b> and many other apps in the interior space.<\/p>\n<h3 data-sourcepos=\"32:1-32:47\"><strong>How to maintain Granite Blue Dunes 3.0<\/strong><\/h3>\n<p data-sourcepos=\"34:1-34:97\">To <a href=\"http:\/\/royalstone.com.vn\/en\/da-granite\/\"><em><strong>Granite<\/strong><\/em><\/a> Blue Dunes 3.0 always durable and beautiful over time, you need to note the way of maintenance following:<\/p>\n<ul data-sourcepos=\"36:1-39:0\">\n<li data-sourcepos=\"36:1-36:90\">You should not use any strong detergents to clean the stone, because can damage the stone surface.<\/li>\n<li data-sourcepos=\"37:1-37:60\">Should clean stone regularly to avoid dust and dirt cling to.<\/li>\n<li data-sourcepos=\"38:1-39:0\">If the stone scratches, can use toothpaste to Polish.<\/li>\n<\/ul>\n<p data-sourcepos=\"42:1-42:299\">With its natural beauty and durability, Granite Blue Dunes 3.0 is a perfect choice for the construction work. If you are looking for a type of granite can bring to beauty elegance, sophistication and durability for your living space, then Granite Blue Dunes 3.0 is an option that you should not ignore.<\/p>\n<h3><strong>The total stock of natural Stone Royal Stone \u2013 prestigious Address<\/strong><\/h3>\n<p>In Total stock Stone Royal Stone, we&#039;re proud to be the leading unit in the field of supply and installation of building stone. We are committed to give our customers:<\/p>\n<ul>\n<li>100% satisfaction with the stone products in high quality that we provide.<\/li>\n<li>Best prices in the stone sector.<\/li>\n<li>Supply Granite Blue Dunes 3.0 to meet all your needs, from the stones to the large and small projects such as hotels, villas, townhouses, and many other works.<\/li>\n<\/ul>\n<h2><strong>The actual process used Granite Blue Dunes of Royal Stone made<\/strong><\/h2>\n<p>Granite Blue Dunes 3.0 paneled kitchen table<\/p>\n<p>Granite Blue Dunes 3.0 tangent table lavabo<\/p>\n<h3><strong>Contact information Royal Stone<\/strong><\/h3>\n<p><strong>COMPANY LIMITED ROYAL STONE<\/strong><\/p>\n<p>\u260e Hotline: 0963 689 531<\/p>\n<p>\ud83c\udfe0 Office : 283 Tay Mo Ward, Dai Mo ward, Nam tu Liem district, Ha Noi City.<\/p>\n<p>\ud83c\udfe0 Factory: T<span style=\"color: #333333; font-size: 14.4px;\">drive 10 Yen The town, Luc Yen district, Yen Bai province<\/span><\/p>\n<p>\ud83c\udfe0 Warehouse Ha Noi: Lane 24, Dai Mo, tu Liem, Ha Noi (falling edge 4 Van Phuc, Ha Dong)<\/p>\n<p>\ud83c\udf10 Website:\u00a0<a href=\"https:\/\/royalstone.com.vn\/en\/\">www.royalstone.com.vn<\/a><\/p>\n<h3 class=\"ftwp-heading\"><strong>Connect with Royal Stone<\/strong><\/h3>\n<div class=\"textwidget custom-html-widget\">\n<div class=\"textwidget custom-html-widget\">\n<div><a href=\"http:\/\/www.youtube.com\/@royalstone-datunhiencaocap\" target=\"_blank\" rel=\"noopener nofollow\"><img decoding=\"async\" class=\"entered lazyloaded\" title=\"ROYAL STONE - natural Stone premium\" src=\"http:\/\/royalstone.com.vn\/wp-content\/uploads\/2023\/11\/youtube-royalstone.jpg\" alt=\"ROYAL STONE - natural Stone premium\" width=\"30\" height=\"30\" data-lazy-src=\"http:\/\/royalstone.com.vn\/wp-content\/uploads\/2023\/11\/youtube-royalstone.jpg\" data-ll-status=\"loaded\" data-lazy-=\"\" \/><\/a><a href=\"https:\/\/www.facebook.com\/RoyalstoneDaTuNhienCaoCap\" target=\"_blank\" rel=\"noopener nofollow\"><img decoding=\"async\" class=\"entered lazyloaded\" title=\"ROYAL STONE - natural Stone premium\" src=\"http:\/\/royalstone.com.vn\/wp-content\/uploads\/2023\/11\/facebook-royalstone.jpg\" alt=\"ROYAL STONE - natural Stone premium\" width=\"30\" height=\"30\" data-lazy-src=\"http:\/\/royalstone.com.vn\/wp-content\/uploads\/2023\/11\/facebook-royalstone.jpg\" data-ll-status=\"loaded\" data-lazy-=\"\" \/><\/a><a href=\"https:\/\/twitter.com\/royalstonedatn\" target=\"_blank\" rel=\"noopener nofollow\"><img decoding=\"async\" class=\"entered lazyloaded\" title=\"ROYAL STONE - natural Stone premium\" src=\"http:\/\/royalstone.com.vn\/wp-content\/uploads\/2023\/11\/twitter-royalstone.jpg\" alt=\"ROYAL STONE - natural Stone premium\" width=\"30\" height=\"30\" data-lazy-src=\"http:\/\/royalstone.com.vn\/wp-content\/uploads\/2023\/11\/twitter-royalstone.jpg\" data-ll-status=\"loaded\" data-lazy-=\"\" \/><\/a><a href=\"https:\/\/www.pinterest.com\/royalstonedatunhiencaocap\/\" target=\"_blank\" rel=\"noopener nofollow\"><img decoding=\"async\" class=\"entered lazyloaded\" title=\"ROYAL STONE - natural Stone premium\" src=\"http:\/\/royalstone.com.vn\/wp-content\/uploads\/2023\/11\/printerest-royalstone.jpg\" alt=\"ROYAL STONE - natural Stone premium\" width=\"30\" height=\"30\" data-lazy-src=\"http:\/\/royalstone.com.vn\/wp-content\/uploads\/2023\/11\/printerest-royalstone.jpg\" data-ll-status=\"loaded\" data-lazy-=\"\" \/><\/a><a href=\"https:\/\/www.linkedin.com\/in\/royalstone-datunhien\/\" target=\"_blank\" rel=\"noopener nofollow\"><img decoding=\"async\" class=\"entered lazyloaded\" title=\"ROYAL STONE - natural Stone premium\" src=\"http:\/\/royalstone.com.vn\/wp-content\/uploads\/2023\/11\/linkedin-royalstone.jpg\" alt=\"ROYAL STONE - natural Stone premium\" width=\"30\" height=\"30\" data-lazy-src=\"http:\/\/royalstone.com.vn\/wp-content\/uploads\/2023\/11\/linkedin-royalstone.jpg\" data-ll-status=\"loaded\" data-lazy-=\"\" \/><\/a><\/div>\n<\/div>\n<\/div>","protected":false},"excerpt":{"rendered":"<ul class=\"l pr-des-featured\">\n<li>PRODUCT CODE: RSGBD2023<\/li>\n<li>Place of origin: Brazil<\/li>\n<li>Color: Brown van blue<\/li>\n<li>Material: Granite<\/li>\n<li>Size: large<\/li>\n<li>Thickness: 2.0 Cm<\/li>\n<\/ul>","protected":false},"featured_media":385,"comment_status":"closed","ping_status":"closed","template":"","meta":{"inline_featured_image":false},"product_cat":[23,24],"product_tag":[],"class_list":{"0":"post-382","1":"product","2":"type-product","3":"status-publish","4":"has-post-thumbnail","6":"product_cat-da-granite","7":"product_cat-da-granite-3-0-cm","9":"first","10":"instock","11":"shipping-taxable","12":"product-type-simple"},"_links":{"self":[{"href":"https:\/\/royalstone.com.vn\/en\/wp-json\/wp\/v2\/product\/382","targetHints":{"allow":["GET"]}}],"collection":[{"href":"https:\/\/royalstone.com.vn\/en\/wp-json\/wp\/v2\/product"}],"about":[{"href":"https:\/\/royalstone.com.vn\/en\/wp-json\/wp\/v2\/types\/product"}],"replies":[{"embeddable":true,"href":"https:\/\/royalstone.com.vn\/en\/wp-json\/wp\/v2\/comments?post=382"}],"wp:featuredmedia":[{"embeddable":true,"href":"https:\/\/royalstone.com.vn\/en\/wp-json\/wp\/v2\/media\/385"}],"wp:attachment":[{"href":"https:\/\/royalstone.com.vn\/en\/wp-json\/wp\/v2\/media?parent=382"}],"wp:term":[{"taxonomy":"product_cat","embeddable":true,"href":"https:\/\/royalstone.com.vn\/en\/wp-json\/wp\/v2\/product_cat?post=382"},{"taxonomy":"product_tag","embeddable":true,"href":"https:\/\/royalstone.com.vn\/en\/wp-json\/wp\/v2\/product_tag?post=382"}],"curies":[{"name":"wp","href":"https:\/\/api.w.org\/{rel}","templated":true}]}}