{"id":374,"date":"2023-11-22T08:36:02","date_gmt":"2023-11-22T08:36:02","guid":{"rendered":"http:\/\/royalstone.com.vn\/?post_type=product&#038;p=374"},"modified":"2023-11-22T08:46:31","modified_gmt":"2023-11-22T08:46:31","slug":"da-granite-solarius","status":"publish","type":"product","link":"https:\/\/royalstone.com.vn\/en\/da-granite-solarius\/","title":{"rendered":"Granite Solarius"},"content":{"rendered":"<h2 data-sourcepos=\"3:1-3:43\"><strong>Gi\u1edbi thi\u1ec7u \u0111\u00e1 Granite Solarius<\/strong><\/h2>\n<p data-sourcepos=\"5:1-5:190\"><a href=\"http:\/\/royalstone.com.vn\/en\/da-granite-solarius\/\"><em><strong>Granite Solarius<\/strong><\/em><\/a> l\u00e0 m\u1ed9t lo\u1ea1i \u0111\u00e1 hoa c\u01b0\u01a1ng t\u1ef1 nhi\u00ean c\u00f3 ngu\u1ed3n g\u1ed1c t\u1eeb Brazil. \u0110\u00e1 c\u00f3 m\u00e0u v\u00e0ng ch\u1ee7 \u0111\u1ea1o v\u1edbi nh\u1eefng \u0111\u01b0\u1eddng v\u00e2n m\u00e0u x\u00e1m, \u0111en, n\u00e2u,&#8230; xen k\u1ebd nhau t\u1ea1o n\u00ean v\u1ebb \u0111\u1eb9p sang tr\u1ecdng, c\u1ed5 \u0111i\u1ec3n. <b><a href=\"https:\/\/royalstone.com.vn\/en\/da-granite-3-cm-la-lua-chon-hoan-hao\/\">Granite<\/a><\/b> n\u1ed5i b\u1eadt v\u1edbi v\u1ebb \u0111\u1eb9p tinh t\u1ebf v\u00e0 m\u00e0u s\u1eafc \u0111\u1ed9c \u0111\u00e1o. V\u1edbi xu\u1ea5t x\u1ee9 t\u1eeb c\u00e1c m\u1ecf \u0111\u00e1 t\u1ef1 nhi\u00ean t\u1ea1i Brazil, \u0110\u00e1 Granite Solarius \u0111\u01b0\u1ee3c bi\u1ebfn ch\u1ea5t t\u1eeb \u0111\u00e1 v\u00f4i, carbonate, hay \u0111\u00e1 dolomit qua h\u00e0ng ngh\u00ecn n\u0103m t\u1ef1 nhi\u00ean. \u0110\u1eb7c \u0111i\u1ec3m n\u1ed5i b\u1eadt c\u1ee7a n\u00f3 l\u00e0 m\u00e0u v\u00e0ng tr\u1ea3i \u0111\u1ec1u, v\u1edbi nh\u1eefng m\u1ea3ng m\u00e0u v\u00e0ng \u0111\u1eadm t\u1ea1o n\u00ean hi\u1ec7u \u1ee9ng m\u00e0u s\u1eafc tuy\u1ec7t v\u1eddi v\u00e0 \u0111\u01b0\u1eddng v\u00e2n tinh t\u1ebf.<\/p>\n<p data-sourcepos=\"7:1-7:48\">\u0110\u00e1 Granite Solarius c\u00f3 c\u00e1c \u0111\u1eb7c \u0111i\u1ec3m n\u1ed5i b\u1eadt nh\u01b0:<\/p>\n<ul data-sourcepos=\"9:1-14:0\">\n<li data-sourcepos=\"9:1-9:127\"><strong>Color:<\/strong>\u00a0\u0110\u00e1 c\u00f3 m\u00e0u v\u00e0ng ch\u1ee7 \u0111\u1ea1o v\u1edbi nh\u1eefng \u0111\u01b0\u1eddng v\u00e2n m\u00e0u x\u00e1m, \u0111en, n\u00e2u,&#8230; xen k\u1ebd nhau t\u1ea1o n\u00ean v\u1ebb \u0111\u1eb9p sang tr\u1ecdng, c\u1ed5 \u0111i\u1ec3n.<\/li>\n<li data-sourcepos=\"10:1-10:83\"><strong>Hardness:<\/strong>\u00a0Stone has high hardness, resistant to impact force strong, anti-scratch good.<\/li>\n<li data-sourcepos=\"11:1-11:83\"><strong>Waterproofing ability:<\/strong>\u00a0Stones are likely good waterproofing, not moldy, mildew.<\/li>\n<li data-sourcepos=\"12:1-12:107\"><strong>Heat resistant:<\/strong>\u00a0The stone has good heat resistance, no deformation when exposed to high temperatures.<\/li>\n<li data-sourcepos=\"13:1-14:0\"><strong>Ability hygiene:<\/strong>\u00a0Stone easy to clean, clean.<\/li>\n<\/ul>\n<figure id=\"attachment_375\" aria-describedby=\"caption-attachment-375\" style=\"width: 475px\" class=\"wp-caption alignnone\"><img decoding=\"async\" class=\"wp-image-375 size-full\" title=\"Granite Solarius\" src=\"http:\/\/royalstone.com.vn\/wp-content\/uploads\/2023\/11\/da-granite-solarius.jpg\" alt=\"Granite Solarius\" width=\"475\" height=\"335\" \/><figcaption id=\"caption-attachment-375\" class=\"wp-caption-text\">Granite Solarius<\/figcaption><\/figure>\n<h2 data-sourcepos=\"15:1-15:36\"><strong>\u1ee8ng d\u1ee5ng c\u1ee7a \u0111\u00e1 Granite Solarius<\/strong><\/h2>\n<p data-sourcepos=\"17:1-17:66\"><a href=\"http:\/\/royalstone.com.vn\/en\/da-granite\/\"><em><strong>Granite<\/strong><\/em><\/a> Solarius \u0111\u01b0\u1ee3c \u1ee9ng d\u1ee5ng r\u1ed9ng r\u00e3i trong c\u00e1c h\u1ea1ng m\u1ee5c nh\u01b0:<\/p>\n<ul data-sourcepos=\"19:1-25:0\">\n<li data-sourcepos=\"19:1-19:127\"><strong>Tiling facades:<\/strong>\u00a0\u0110\u00e1 Granite Solarius c\u00f3 m\u00e0u s\u1eafc sang tr\u1ecdng, c\u1ed5 \u0111i\u1ec3n n\u00ean \u0111\u01b0\u1ee3c nhi\u1ec1u ng\u01b0\u1eddi l\u1ef1a ch\u1ecdn \u0111\u1ec3 \u1ed1p l\u00e1t m\u1eb7t ti\u1ec1n nh\u00e0.<\/li>\n<li data-sourcepos=\"20:1-20:115\"><strong>Tiling the living room:<\/strong>\u00a0\u0110\u00e1 Granite Solarius c\u00f3 m\u00e0u s\u1eafc sang tr\u1ecdng, c\u1ed5 \u0111i\u1ec3n n\u00ean r\u1ea5t ph\u00f9 h\u1ee3p \u0111\u1ec3 \u1ed1p l\u00e1t ph\u00f2ng kh\u00e1ch.<\/li>\n<li data-sourcepos=\"21:1-21:107\"><strong>Tiling bedrooms:<\/strong>\u00a0\u0110\u00e1 Granite Solarius c\u00f3 m\u00e0u s\u1eafc \u1ea5m \u00e1p, th\u01b0 gi\u00e3n n\u00ean r\u1ea5t ph\u00f9 h\u1ee3p \u0111\u1ec3 \u1ed1p l\u00e1t ph\u00f2ng ng\u1ee7.<\/li>\n<li data-sourcepos=\"22:1-22:124\"><strong>Tiling stairs:<\/strong>\u00a0\u0110\u00e1 Granite Solarius c\u00f3 \u0111\u1ed9 c\u1ee9ng cao, ch\u1ecbu \u0111\u01b0\u1ee3c l\u1ef1c t\u00e1c \u0111\u1ed9ng m\u1ea1nh n\u00ean r\u1ea5t ph\u00f9 h\u1ee3p \u0111\u1ec3 \u1ed1p l\u00e1t c\u1ea7u thang.<\/li>\n<li data-sourcepos=\"23:1-23:146\"><strong>Tiling the kitchen table, desk, kitchen island:<\/strong>\u00a0\u0110\u00e1 Granite Solarius c\u00f3 kh\u1ea3 n\u0103ng ch\u1ed1ng th\u1ea5m, ch\u1ed1ng tr\u1ea7y x\u01b0\u1edbc t\u1ed1t n\u00ean r\u1ea5t ph\u00f9 h\u1ee3p \u0111\u1ec3 \u1ed1p l\u00e1t b\u00e0n b\u1ebfp, b\u00e0n \u0111\u1ea3o b\u1ebfp.<\/li>\n<li data-sourcepos=\"24:1-25:0\"><strong>Tiling bath <b><a href=\"https:\/\/royalstone.com.vn\/en\/lavabo-rua-mat-bang-da-ua-chuong-nhat-hien-nay\/\">lavabo<\/a><\/b>:<\/strong>\u00a0\u0110\u00e1 Granite Solarius c\u00f3 kh\u1ea3 n\u0103ng ch\u1ed1ng th\u1ea5m, ch\u1ed1ng \u1ea9m m\u1ed1c t\u1ed1t n\u00ean r\u1ea5t ph\u00f9 h\u1ee3p \u0111\u1ec3 \u1ed1p l\u00e1t b\u1ed3n t\u1eafm, lavabo.<\/li>\n<\/ul>\n<h2 data-sourcepos=\"30:1-30:48\"><strong>M\u1ed9t s\u1ed1 l\u01b0u \u00fd khi s\u1eed d\u1ee5ng \u0111\u00e1 Granite Solarius<\/strong><\/h2>\n<ul data-sourcepos=\"32:1-35:0\">\n<li data-sourcepos=\"32:1-32:90\">You should not use any strong detergents to clean the stone, because can damage the stone surface.<\/li>\n<li data-sourcepos=\"33:1-33:60\">Should clean stone regularly to avoid dust and dirt cling to.<\/li>\n<li data-sourcepos=\"34:1-35:0\">N\u1ebfu \u0111\u00e1 b\u1ecb tr\u1ea7y x\u01b0\u1edbc, c\u00f3 th\u1ec3 s\u1eed d\u1ee5ng kem \u0111\u00e1nh r\u0103ng ho\u1eb7c n\u01b0\u1edbc t\u1ea9y r\u1eeda chuy\u00ean d\u1ee5ng \u0111\u1ec3 \u0111\u00e1nh b\u00f3ng.<\/li>\n<\/ul>\n<h3 data-sourcepos=\"36:1-36:54\"><strong>\u0110\u1eb7c \u0111i\u1ec3m c\u1ee7a \u0110\u00e1 Granite Solarius<\/strong><\/h3>\n<ul>\n<li data-sourcepos=\"38:1-38:286\">\u0110\u00e1 Granite Solarius c\u00f3 m\u00e0u v\u00e0ng ch\u1ee7 \u0111\u1ea1o v\u1edbi nh\u1eefng \u0111\u01b0\u1eddng v\u00e2n m\u00e0u x\u00e1m, \u0111en, n\u00e2u,&#8230; xen k\u1ebd nhau t\u1ea1o n\u00ean v\u1ebb \u0111\u1eb9p sang tr\u1ecdng, c\u1ed5 \u0111i\u1ec3n. M\u00e0u v\u00e0ng c\u1ee7a \u0111\u00e1 mang \u0111\u1ebfn c\u1ea3m gi\u00e1c \u1ea5m \u00e1p, th\u01b0 gi\u00e3n, c\u00f2n nh\u1eefng \u0111\u01b0\u1eddng v\u00e2n m\u00e0u x\u00e1m, \u0111en, n\u00e2u,&#8230; l\u1ea1i t\u1ea1o n\u00ean \u0111i\u1ec3m nh\u1ea5n, gi\u00fap \u0111\u00e1 tr\u1edf n\u00ean \u0111\u1ed9c \u0111\u00e1o v\u00e0 \u1ea5n t\u01b0\u1ee3ng h\u01a1n.<\/li>\n<li data-sourcepos=\"40:1-40:167\">\u0110\u00e1 Granite Solarius c\u00f3 \u0111\u1ed9 c\u1ee9ng cao, ch\u1ecbu \u0111\u01b0\u1ee3c l\u1ef1c t\u00e1c \u0111\u1ed9ng m\u1ea1nh, ch\u1ed1ng tr\u1ea7y x\u01b0\u1edbc t\u1ed1t. Do \u0111\u00f3, \u0111\u00e1 r\u1ea5t ph\u00f9 h\u1ee3p \u0111\u1ec3 s\u1eed d\u1ee5ng cho c\u00e1c h\u1ea1ng m\u1ee5c \u1ed1p l\u00e1t trong nh\u00e0 v\u00e0 ngo\u00e0i tr\u1eddi.<\/li>\n<li data-sourcepos=\"42:1-42:158\">\u0110\u00e1 Granite Solarius c\u00f3 kh\u1ea3 n\u0103ng ch\u1ed1ng th\u1ea5m t\u1ed1t, kh\u00f4ng b\u1ecb \u1ea9m m\u1ed1c, r\u00eau m\u1ed1c. Do \u0111\u00f3, \u0111\u00e1 r\u1ea5t ph\u00f9 h\u1ee3p \u0111\u1ec3 s\u1eed d\u1ee5ng trong c\u00e1c khu v\u1ef1c \u1ea9m \u01b0\u1edbt nh\u01b0 nh\u00e0 b\u1ebfp, ph\u00f2ng t\u1eafm,&#8230;<\/li>\n<li data-sourcepos=\"44:1-44:184\">\u0110\u00e1 Granite Solarius c\u00f3 kh\u1ea3 n\u0103ng ch\u1ecbu nhi\u1ec7t t\u1ed1t, kh\u00f4ng b\u1ecb bi\u1ebfn d\u1ea1ng khi ti\u1ebfp x\u00fac v\u1edbi nhi\u1ec7t \u0111\u1ed9 cao. Do \u0111\u00f3, \u0111\u00e1 r\u1ea5t ph\u00f9 h\u1ee3p \u0111\u1ec3 s\u1eed d\u1ee5ng cho c\u00e1c khu v\u1ef1c c\u00f3 nhi\u1ec7t \u0111\u1ed9 cao nh\u01b0 b\u1ebfp, l\u00f2 n\u01b0\u1edbng,&#8230;<\/li>\n<li data-sourcepos=\"46:1-46:170\">\u0110\u00e1 Granite Solarius c\u00f3 b\u1ec1 m\u1eb7t nh\u1eb5n b\u00f3ng, d\u1ec5 d\u00e0ng v\u1ec7 sinh, lau ch\u00f9i. Do \u0111\u00f3, \u0111\u00e1 r\u1ea5t ph\u00f9 h\u1ee3p \u0111\u1ec3 s\u1eed d\u1ee5ng cho c\u00e1c khu v\u1ef1c c\u1ea7n th\u01b0\u1eddng xuy\u00ean v\u1ec7 sinh nh\u01b0 ph\u00f2ng b\u1ebfp, ph\u00f2ng t\u1eafm,&#8230;<\/li>\n<\/ul>\n<h3 data-sourcepos=\"36:1-36:54\"><strong>V\u1ebb \u0111\u1eb9p sang tr\u1ecdng, tinh t\u1ebf c\u1ee7a \u0111\u00e1 Granite Solarius<\/strong><\/h3>\n<p>\u0110\u00e1 Granite Solarius kh\u00f4ng ch\u1ec9 l\u00e0 m\u1ed9t s\u1ea3n ph\u1ea9m \u0111\u00e1 hoa c\u01b0\u01a1ng cao c\u1ea5p m\u00e0 c\u00f2n mang l\u1ea1i nhi\u1ec1u \u01b0u \u0111i\u1ec3m v\u01b0\u1ee3t tr\u1ed9i. V\u1edbi \u0111\u1ed9 c\u1ee9ng cao (\u0111\u1ea1t 7 \u0111i\u1ec3m theo thang \u0111i\u1ec3m Mohs), kh\u1ea3 n\u0103ng ch\u1ed1ng th\u1ea5m n\u01b0\u1edbc, v\u00e0 \u0111\u1ed9 b\u1ec1n t\u1ed1t, n\u00f3 l\u00e0 l\u1ef1a ch\u1ecdn l\u00fd t\u01b0\u1edfng cho vi\u1ec7c \u1ed1p l\u00e1t m\u1eb7t ti\u1ec1n, b\u00e0n b\u1ebfp, <b><a href=\"https:\/\/royalstone.com.vn\/en\/ban-an-net-dep-sang-trong-cho-khong-gian-bep\/\">b\u00e0n \u0103n<\/a><\/b>, lavabo, c\u1ea7u thang, v\u00e0 nhi\u1ec1u \u1ee9ng d\u1ee5ng kh\u00e1c.<\/p>\n<p>\u1ee8ng d\u1ee5ng c\u1ee7a \u0110\u00e1 Granite Solarius kh\u00f4ng ch\u1ec9 gi\u1edbi h\u1ea1n trong kh\u00f4ng gian n\u1ed9i th\u1ea5t m\u00e0 c\u00f2n m\u1edf r\u1ed9ng \u0111\u1ebfn c\u00e1c c\u00f4ng tr\u00ecnh x\u00e2y d\u1ef1ng. N\u00f3 th\u01b0\u1eddng \u0111\u01b0\u1ee3c s\u1eed d\u1ee5ng r\u1ed9ng r\u00e3i trong vi\u1ec7c \u1ed1p l\u00e1t nh\u00e0 b\u1ebfp, l\u00e0m b\u00e0n b\u1ebfp, b\u00e0n \u0103n, c\u0169ng nh\u01b0 c\u00e1c c\u00f4ng tr\u00ecnh ngo\u1ea1i th\u1ea5t nh\u01b0 c\u1ea7u thang, m\u1eb7t ti\u1ec1n, v\u00e0 b\u00e0n \u0103n ngo\u1ea1i th\u1ea5t.<\/p>\n<p>Trong phong th\u1ee7y, m\u00e0u v\u00e0ng c\u1ee7a \u0110\u00e1 Granite Solarius mang l\u1ea1i s\u1ef1 \u1ea5m \u00e1p v\u00e0 ni\u1ec1m vui. M\u00e0u v\u00e0ng c\u00f3 kh\u1ea3 n\u0103ng k\u00edch th\u00edch tr\u00ed tu\u1ec7 v\u00e0 khuy\u1ebfn kh\u00edch tinh th\u1ea7n l\u1ea1c quan. N\u00f3 thu\u1ed9c ng\u0169 h\u00e0nh Kim, h\u00f2a quy\u1ec7n v\u1edbi m\u1ec7nh Kim v\u00e0 Th\u1ee7y, mang l\u1ea1i s\u1ef1 h\u00e0i h\u00f2a v\u00e0 may m\u1eafn cho kh\u00f4ng gian s\u1ed1ng.<\/p>\n<h2><strong>C\u00f4ng tr\u00ecnh th\u1ef1c t\u1ebf s\u1eed d\u1ee5ng \u0111\u00e1 Granite t\u1ef1 nhi\u00ean Fiorito do Royal Stone th\u1ef1c hi\u1ec7n<\/strong><\/h2>\n<p>\u0110\u00e1 Granite Solarius \u1ed1p b\u00e0n b\u1ebfp<\/p>\n<p>\u0110\u00e1 Granite Solarius \u1ed1p b\u00e0n lavabo<\/p>\n<h3><strong>Contact information Royal Stone<\/strong><\/h3>\n<p><strong>COMPANY LIMITED ROYAL STONE<\/strong><\/p>\n<p>\u260e Hotline: 0963 689 531<\/p>\n<p>\ud83c\udfe0 Office : 283 Tay Mo Ward, Dai Mo ward, Nam tu Liem district, Ha Noi City.<\/p>\n<p>\ud83c\udfe0 Factory: T<span style=\"color: #333333; font-size: 14.4px;\">drive 10 Yen The town, Luc Yen district, Yen Bai province<\/span><\/p>\n<p>\ud83c\udfe0 Warehouse Ha Noi: Lane 24, Dai Mo, tu Liem, Ha Noi (falling edge 4 Van Phuc, Ha Dong)<\/p>\n<p>\ud83c\udf10 Website:\u00a0<a href=\"https:\/\/royalstone.com.vn\/en\/\">www.royalstone.com.vn<\/a><\/p>\n<h3 class=\"ftwp-heading\"><strong>Connect with Royal Stone<\/strong><\/h3>\n<div class=\"textwidget custom-html-widget\">\n<div class=\"textwidget custom-html-widget\">\n<div><a href=\"http:\/\/www.youtube.com\/@royalstone-datunhiencaocap\" target=\"_blank\" rel=\"noopener nofollow\"><img decoding=\"async\" class=\"entered lazyloaded\" title=\"ROYAL STONE - natural Stone premium\" src=\"http:\/\/royalstone.com.vn\/wp-content\/uploads\/2023\/11\/youtube-royalstone.jpg\" alt=\"ROYAL STONE - natural Stone premium\" width=\"30\" height=\"30\" data-lazy-src=\"http:\/\/royalstone.com.vn\/wp-content\/uploads\/2023\/11\/youtube-royalstone.jpg\" data-ll-status=\"loaded\" data-lazy-=\"\" \/><\/a><a href=\"https:\/\/www.facebook.com\/RoyalstoneDaTuNhienCaoCap\" target=\"_blank\" rel=\"noopener nofollow\"><img decoding=\"async\" class=\"entered lazyloaded\" title=\"ROYAL STONE - natural Stone premium\" src=\"http:\/\/royalstone.com.vn\/wp-content\/uploads\/2023\/11\/facebook-royalstone.jpg\" alt=\"ROYAL STONE - natural Stone premium\" width=\"30\" height=\"30\" data-lazy-src=\"http:\/\/royalstone.com.vn\/wp-content\/uploads\/2023\/11\/facebook-royalstone.jpg\" data-ll-status=\"loaded\" data-lazy-=\"\" \/><\/a><a href=\"https:\/\/twitter.com\/royalstonedatn\" target=\"_blank\" rel=\"noopener nofollow\"><img decoding=\"async\" class=\"entered lazyloaded\" title=\"ROYAL STONE - natural Stone premium\" src=\"http:\/\/royalstone.com.vn\/wp-content\/uploads\/2023\/11\/twitter-royalstone.jpg\" alt=\"ROYAL STONE - natural Stone premium\" width=\"30\" height=\"30\" data-lazy-src=\"http:\/\/royalstone.com.vn\/wp-content\/uploads\/2023\/11\/twitter-royalstone.jpg\" data-ll-status=\"loaded\" data-lazy-=\"\" \/><\/a><a href=\"https:\/\/www.pinterest.com\/royalstonedatunhiencaocap\/\" target=\"_blank\" rel=\"noopener nofollow\"><img decoding=\"async\" class=\"entered lazyloaded\" title=\"ROYAL STONE - natural Stone premium\" src=\"http:\/\/royalstone.com.vn\/wp-content\/uploads\/2023\/11\/printerest-royalstone.jpg\" alt=\"ROYAL STONE - natural Stone premium\" width=\"30\" height=\"30\" data-lazy-src=\"http:\/\/royalstone.com.vn\/wp-content\/uploads\/2023\/11\/printerest-royalstone.jpg\" data-ll-status=\"loaded\" data-lazy-=\"\" \/><\/a><a href=\"https:\/\/www.linkedin.com\/in\/royalstone-datunhien\/\" target=\"_blank\" rel=\"noopener nofollow\"><img decoding=\"async\" class=\"entered lazyloaded\" title=\"ROYAL STONE - natural Stone premium\" src=\"http:\/\/royalstone.com.vn\/wp-content\/uploads\/2023\/11\/linkedin-royalstone.jpg\" alt=\"ROYAL STONE - natural Stone premium\" width=\"30\" height=\"30\" data-lazy-src=\"http:\/\/royalstone.com.vn\/wp-content\/uploads\/2023\/11\/linkedin-royalstone.jpg\" data-ll-status=\"loaded\" data-lazy-=\"\" \/><\/a><\/div>\n<\/div>\n<\/div>","protected":false},"excerpt":{"rendered":"<ul class=\"l pr-des-featured\">\n<li>MSP: RSGS2023<\/li>\n<li>Place of origin: Brazil<\/li>\n<li>Color: Gold<\/li>\n<li>Type of stone: Granite<\/li>\n<li>Size: large<\/li>\n<li>Thickness: 2.0 and 3.0 cm<\/li>\n<\/ul>","protected":false},"featured_media":375,"comment_status":"closed","ping_status":"closed","template":"","meta":{"inline_featured_image":false},"product_cat":[23,24],"product_tag":[],"class_list":{"0":"post-374","1":"product","2":"type-product","3":"status-publish","4":"has-post-thumbnail","6":"product_cat-da-granite","7":"product_cat-da-granite-3-0-cm","9":"first","10":"instock","11":"shipping-taxable","12":"product-type-simple"},"_links":{"self":[{"href":"https:\/\/royalstone.com.vn\/en\/wp-json\/wp\/v2\/product\/374","targetHints":{"allow":["GET"]}}],"collection":[{"href":"https:\/\/royalstone.com.vn\/en\/wp-json\/wp\/v2\/product"}],"about":[{"href":"https:\/\/royalstone.com.vn\/en\/wp-json\/wp\/v2\/types\/product"}],"replies":[{"embeddable":true,"href":"https:\/\/royalstone.com.vn\/en\/wp-json\/wp\/v2\/comments?post=374"}],"wp:featuredmedia":[{"embeddable":true,"href":"https:\/\/royalstone.com.vn\/en\/wp-json\/wp\/v2\/media\/375"}],"wp:attachment":[{"href":"https:\/\/royalstone.com.vn\/en\/wp-json\/wp\/v2\/media?parent=374"}],"wp:term":[{"taxonomy":"product_cat","embeddable":true,"href":"https:\/\/royalstone.com.vn\/en\/wp-json\/wp\/v2\/product_cat?post=374"},{"taxonomy":"product_tag","embeddable":true,"href":"https:\/\/royalstone.com.vn\/en\/wp-json\/wp\/v2\/product_tag?post=374"}],"curies":[{"name":"wp","href":"https:\/\/api.w.org\/{rel}","templated":true}]}}