{"id":368,"date":"2023-11-22T07:59:35","date_gmt":"2023-11-22T07:59:35","guid":{"rendered":"http:\/\/royalstone.com.vn\/?post_type=product&#038;p=368"},"modified":"2023-11-22T08:00:14","modified_gmt":"2023-11-22T08:00:14","slug":"da-granite-thunder-white","status":"publish","type":"product","link":"https:\/\/royalstone.com.vn\/en\/da-granite-thunder-white\/","title":{"rendered":"Granite Thunder White"},"content":{"rendered":"<h2 data-sourcepos=\"1:1-1:199\"><strong>\u0110\u00e1 Granite Thunder White l\u00e0 g\u00ec?<\/strong><\/h2>\n<p data-sourcepos=\"1:1-1:199\"><a href=\"http:\/\/royalstone.com.vn\/en\/da-granite-thunder-white\/\"><em><strong>Granite Thunder White<\/strong><\/em><\/a> l\u00e0 m\u1ed9t lo\u1ea1i \u0111\u00e1 hoa c\u01b0\u01a1ng t\u1ef1 nhi\u00ean c\u00f3 ngu\u1ed3n g\u1ed1c t\u1eeb \u1ea4n \u0110\u1ed9. \u0110\u00e1 c\u00f3 m\u00e0u tr\u1eafng ch\u1ee7 \u0111\u1ea1o v\u1edbi nh\u1eefng \u0111\u01b0\u1eddng v\u00e2n m\u00e0u x\u00e1m, \u0111en, n\u00e2u, \u0111\u1ecf,&#8230; xen k\u1ebd nhau t\u1ea1o n\u00ean v\u1ebb \u0111\u1eb9p sang tr\u1ecdng, tinh t\u1ebf.<\/p>\n<p data-sourcepos=\"3:1-3:53\"><b><a href=\"https:\/\/royalstone.com.vn\/en\/da-granite-3-cm-la-lua-chon-hoan-hao\/\">Granite<\/a><\/b> Thunder White c\u00f3 c\u00e1c \u0111\u1eb7c \u0111i\u1ec3m n\u1ed5i b\u1eadt nh\u01b0:<\/p>\n<ul data-sourcepos=\"5:1-10:0\">\n<li data-sourcepos=\"5:1-5:132\"><strong>Color:<\/strong>\u00a0\u0110\u00e1 c\u00f3 m\u00e0u tr\u1eafng ch\u1ee7 \u0111\u1ea1o v\u1edbi nh\u1eefng \u0111\u01b0\u1eddng v\u00e2n m\u00e0u x\u00e1m, \u0111en, n\u00e2u, \u0111\u1ecf,&#8230; xen k\u1ebd nhau t\u1ea1o n\u00ean v\u1ebb \u0111\u1eb9p sang tr\u1ecdng, tinh t\u1ebf.<\/li>\n<li data-sourcepos=\"6:1-6:83\"><strong>Hardness:<\/strong>\u00a0Stone has high hardness, resistant to impact force strong, anti-scratch good.<\/li>\n<li data-sourcepos=\"7:1-7:83\"><strong>Waterproofing ability:<\/strong>\u00a0Stones are likely good waterproofing, not moldy, mildew.<\/li>\n<li data-sourcepos=\"8:1-8:107\"><strong>Heat resistant:<\/strong>\u00a0The stone has good heat resistance, no deformation when exposed to high temperatures.<\/li>\n<li data-sourcepos=\"9:1-10:0\"><strong>Ability hygiene:<\/strong>\u00a0Stone easy to clean, clean.<\/li>\n<\/ul>\n<figure id=\"attachment_369\" aria-describedby=\"caption-attachment-369\" style=\"width: 490px\" class=\"wp-caption aligncenter\"><img decoding=\"async\" class=\"wp-image-369 size-full\" title=\"Granite Thunder White\" src=\"http:\/\/royalstone.com.vn\/wp-content\/uploads\/2023\/11\/da-granite-thunder-white.jpg\" alt=\"Granite Thunder White\" width=\"490\" height=\"334\" \/><figcaption id=\"caption-attachment-369\" class=\"wp-caption-text\">Granite Thunder White<\/figcaption><\/figure>\n<p data-sourcepos=\"11:1-11:71\"><a href=\"http:\/\/royalstone.com.vn\/en\/da-granite\/\"><em><strong>Granite<\/strong><\/em><\/a> Thunder White \u0111\u01b0\u1ee3c \u1ee9ng d\u1ee5ng r\u1ed9ng r\u00e3i trong c\u00e1c h\u1ea1ng m\u1ee5c nh\u01b0:<\/p>\n<ul data-sourcepos=\"13:1-18:0\">\n<li data-sourcepos=\"13:1-13:134\"><strong>Tiling facades:<\/strong>\u00a0\u0110\u00e1 Granite Thunder White c\u00f3 m\u00e0u s\u1eafc t\u01b0\u01a1i s\u00e1ng, sang tr\u1ecdng n\u00ean \u0111\u01b0\u1ee3c nhi\u1ec1u ng\u01b0\u1eddi l\u1ef1a ch\u1ecdn \u0111\u1ec3 \u1ed1p l\u00e1t m\u1eb7t ti\u1ec1n nh\u00e0.<\/li>\n<li data-sourcepos=\"14:1-14:129\"><strong>Tiling the kitchen:<\/strong>\u00a0\u0110\u00e1 Granite Thunder White c\u00f3 kh\u1ea3 n\u0103ng ch\u1ed1ng th\u1ea5m, ch\u1ed1ng tr\u1ea7y x\u01b0\u1edbc t\u1ed1t n\u00ean r\u1ea5t ph\u00f9 h\u1ee3p \u0111\u1ec3 \u1ed1p l\u00e1t ph\u00f2ng b\u1ebfp.<\/li>\n<li data-sourcepos=\"15:1-15:126\"><strong>Bathroom tiling:<\/strong>\u00a0\u0110\u00e1 Granite Thunder White c\u00f3 kh\u1ea3 n\u0103ng ch\u1ed1ng th\u1ea5m, ch\u1ed1ng \u1ea9m m\u1ed1c t\u1ed1t n\u00ean r\u1ea5t ph\u00f9 h\u1ee3p \u0111\u1ec3 \u1ed1p l\u00e1t ph\u00f2ng t\u1eafm.<\/li>\n<li data-sourcepos=\"16:1-16:129\"><strong>Tiling stairs:<\/strong>\u00a0\u0110\u00e1 Granite Thunder White c\u00f3 \u0111\u1ed9 c\u1ee9ng cao, ch\u1ecbu \u0111\u01b0\u1ee3c l\u1ef1c t\u00e1c \u0111\u1ed9ng m\u1ea1nh n\u00ean r\u1ea5t ph\u00f9 h\u1ee3p \u0111\u1ec3 \u1ed1p l\u00e1t c\u1ea7u thang.<\/li>\n<li data-sourcepos=\"17:1-18:0\"><strong>Tiling the kitchen table, desk, kitchen island:<\/strong>\u00a0\u0110\u00e1 Granite Thunder White c\u00f3 kh\u1ea3 n\u0103ng ch\u1ed1ng th\u1ea5m, ch\u1ed1ng tr\u1ea7y x\u01b0\u1edbc t\u1ed1t n\u00ean r\u1ea5t ph\u00f9 h\u1ee3p \u0111\u1ec3 \u1ed1p l\u00e1t b\u00e0n b\u1ebfp, b\u00e0n \u0111\u1ea3o b\u1ebfp.<\/li>\n<\/ul>\n<p data-sourcepos=\"21:1-21:213\">\u0110\u00e1 Granite Thunder White l\u00e0 m\u1ed9t lo\u1ea1i \u0111\u00e1 hoa c\u01b0\u01a1ng t\u1ef1 nhi\u00ean c\u00f3 nhi\u1ec1u \u01b0u \u0111i\u1ec3m n\u1ed5i b\u1eadt, ph\u00f9 h\u1ee3p v\u1edbi nhi\u1ec1u h\u1ea1ng m\u1ee5c \u1ed1p l\u00e1t trong nh\u00e0 v\u00e0 ngo\u00e0i tr\u1eddi. \u0110\u00e1 mang \u0111\u1ebfn v\u1ebb \u0111\u1eb9p sang tr\u1ecdng, tinh t\u1ebf v\u00e0 b\u1ec1n b\u1ec9 cho kh\u00f4ng gian s\u1ed1ng.<\/p>\n<h2><strong>C\u00f4ng tr\u00ecnh th\u1ef1c t\u1ebf s\u1eed d\u1ee5ng \u0110\u00e1 Granite Thunder White do Royal Stone th\u1ef1c hi\u1ec7n<\/strong><\/h2>\n<p>\u0110\u00e1 Granite Thunder White \u1ed1p b\u00e0n b\u1ebfp<\/p>\n<p>\u0110\u00e1 Granite Thunder White \u1ed1p b\u00e0n <b><a href=\"https:\/\/royalstone.com.vn\/en\/lavabo-rua-mat-bang-da-ua-chuong-nhat-hien-nay\/\">lavabo<\/a><\/b><\/p>\n<h3><strong>Contact information Royal Stone<\/strong><\/h3>\n<p><strong>COMPANY LIMITED ROYAL STONE<\/strong><\/p>\n<p>\u260e Hotline: 0963 689 531<\/p>\n<p>\ud83c\udfe0 Office : 283 Tay Mo Ward, Dai Mo ward, Nam tu Liem district, Ha Noi City.<\/p>\n<p>\ud83c\udfe0 Factory: T<span style=\"color: #333333; font-size: 14.4px;\">drive 10 Yen The town, Luc Yen district, Yen Bai province<\/span><\/p>\n<p>\ud83c\udfe0 Warehouse Ha Noi: Lane 24, Dai Mo, tu Liem, Ha Noi (falling edge 4 Van Phuc, Ha Dong)<\/p>\n<p>\ud83c\udf10 Website:\u00a0<a href=\"https:\/\/royalstone.com.vn\/en\/\">www.royalstone.com.vn<\/a><\/p>\n<h3 class=\"ftwp-heading\"><strong>Connect with Royal Stone<\/strong><\/h3>\n<div class=\"textwidget custom-html-widget\">\n<div class=\"textwidget custom-html-widget\">\n<div><a href=\"http:\/\/www.youtube.com\/@royalstone-datunhiencaocap\" target=\"_blank\" rel=\"noopener nofollow\"><img decoding=\"async\" class=\"entered lazyloaded\" title=\"ROYAL STONE - natural Stone premium\" src=\"http:\/\/royalstone.com.vn\/wp-content\/uploads\/2023\/11\/youtube-royalstone.jpg\" alt=\"ROYAL STONE - natural Stone premium\" width=\"30\" height=\"30\" data-lazy-src=\"http:\/\/royalstone.com.vn\/wp-content\/uploads\/2023\/11\/youtube-royalstone.jpg\" data-ll-status=\"loaded\" data-lazy-=\"\" \/><\/a><a href=\"https:\/\/www.facebook.com\/RoyalstoneDaTuNhienCaoCap\" target=\"_blank\" rel=\"noopener nofollow\"><img decoding=\"async\" class=\"entered lazyloaded\" title=\"ROYAL STONE - natural Stone premium\" src=\"http:\/\/royalstone.com.vn\/wp-content\/uploads\/2023\/11\/facebook-royalstone.jpg\" alt=\"ROYAL STONE - natural Stone premium\" width=\"30\" height=\"30\" data-lazy-src=\"http:\/\/royalstone.com.vn\/wp-content\/uploads\/2023\/11\/facebook-royalstone.jpg\" data-ll-status=\"loaded\" data-lazy-=\"\" \/><\/a><a href=\"https:\/\/twitter.com\/royalstonedatn\" target=\"_blank\" rel=\"noopener nofollow\"><img decoding=\"async\" class=\"entered lazyloaded\" title=\"ROYAL STONE - natural Stone premium\" src=\"http:\/\/royalstone.com.vn\/wp-content\/uploads\/2023\/11\/twitter-royalstone.jpg\" alt=\"ROYAL STONE - natural Stone premium\" width=\"30\" height=\"30\" data-lazy-src=\"http:\/\/royalstone.com.vn\/wp-content\/uploads\/2023\/11\/twitter-royalstone.jpg\" data-ll-status=\"loaded\" data-lazy-=\"\" \/><\/a><a href=\"https:\/\/www.pinterest.com\/royalstonedatunhiencaocap\/\" target=\"_blank\" rel=\"noopener nofollow\"><img decoding=\"async\" class=\"entered lazyloaded\" title=\"ROYAL STONE - natural Stone premium\" src=\"http:\/\/royalstone.com.vn\/wp-content\/uploads\/2023\/11\/printerest-royalstone.jpg\" alt=\"ROYAL STONE - natural Stone premium\" width=\"30\" height=\"30\" data-lazy-src=\"http:\/\/royalstone.com.vn\/wp-content\/uploads\/2023\/11\/printerest-royalstone.jpg\" data-ll-status=\"loaded\" data-lazy-=\"\" \/><\/a><a href=\"https:\/\/www.linkedin.com\/in\/royalstone-datunhien\/\" target=\"_blank\" rel=\"noopener nofollow\"><img decoding=\"async\" class=\"entered lazyloaded\" title=\"ROYAL STONE - natural Stone premium\" src=\"http:\/\/royalstone.com.vn\/wp-content\/uploads\/2023\/11\/linkedin-royalstone.jpg\" alt=\"ROYAL STONE - natural Stone premium\" width=\"30\" height=\"30\" data-lazy-src=\"http:\/\/royalstone.com.vn\/wp-content\/uploads\/2023\/11\/linkedin-royalstone.jpg\" data-ll-status=\"loaded\" data-lazy-=\"\" \/><\/a><\/div>\n<\/div>\n<\/div>","protected":false},"excerpt":{"rendered":"<ul class=\"l pr-des-featured\">\n<li>MSP: RSGTW2023<\/li>\n<li>Place of origin: Brazil<\/li>\n<li>Color: White<\/li>\n<li>Type of stone: Granite<\/li>\n<li>Size: large \u2013 small<\/li>\n<li>\u0110\u1ed9 d\u00e0y: 3.0 v\u00e0 2.0 Cm<\/li>\n<\/ul>","protected":false},"featured_media":369,"comment_status":"closed","ping_status":"closed","template":"","meta":{"inline_featured_image":false},"product_cat":[23,24],"product_tag":[],"class_list":{"0":"post-368","1":"product","2":"type-product","3":"status-publish","4":"has-post-thumbnail","6":"product_cat-da-granite","7":"product_cat-da-granite-3-0-cm","9":"first","10":"instock","11":"shipping-taxable","12":"product-type-simple"},"_links":{"self":[{"href":"https:\/\/royalstone.com.vn\/en\/wp-json\/wp\/v2\/product\/368","targetHints":{"allow":["GET"]}}],"collection":[{"href":"https:\/\/royalstone.com.vn\/en\/wp-json\/wp\/v2\/product"}],"about":[{"href":"https:\/\/royalstone.com.vn\/en\/wp-json\/wp\/v2\/types\/product"}],"replies":[{"embeddable":true,"href":"https:\/\/royalstone.com.vn\/en\/wp-json\/wp\/v2\/comments?post=368"}],"wp:featuredmedia":[{"embeddable":true,"href":"https:\/\/royalstone.com.vn\/en\/wp-json\/wp\/v2\/media\/369"}],"wp:attachment":[{"href":"https:\/\/royalstone.com.vn\/en\/wp-json\/wp\/v2\/media?parent=368"}],"wp:term":[{"taxonomy":"product_cat","embeddable":true,"href":"https:\/\/royalstone.com.vn\/en\/wp-json\/wp\/v2\/product_cat?post=368"},{"taxonomy":"product_tag","embeddable":true,"href":"https:\/\/royalstone.com.vn\/en\/wp-json\/wp\/v2\/product_tag?post=368"}],"curies":[{"name":"wp","href":"https:\/\/api.w.org\/{rel}","templated":true}]}}