{"id":360,"date":"2023-11-22T07:51:01","date_gmt":"2023-11-22T07:51:01","guid":{"rendered":"http:\/\/royalstone.com.vn\/?post_type=product&#038;p=360"},"modified":"2023-11-22T08:03:40","modified_gmt":"2023-11-22T08:03:40","slug":"da-thach-anh-explassion-blue","status":"publish","type":"product","link":"https:\/\/royalstone.com.vn\/en\/da-thach-anh-explassion-blue\/","title":{"rendered":"\u0110\u00e1 Th\u1ea1ch Anh Explassion Blue"},"content":{"rendered":"<h2><strong>\u0110\u00e1 Th\u1ea1ch Anh Explassion Blue l\u00e0 g\u00ec?<\/strong><\/h2>\n<p data-sourcepos=\"1:1-1:260\"><a href=\"http:\/\/royalstone.com.vn\/en\/da-thach-anh-explassion-blue\/\">\u0110\u00e1 Th\u1ea1ch Anh Explossion Blue<\/a> l\u00e0 m\u1ed9t bi\u1ebfn th\u1ec3 c\u1ee7a <b><a href=\"https:\/\/royalstone.com.vn\/en\/da-thach-anh-2-cm-ve-dep-hoan-hao-cho-khong-gian\/\">\u0111\u00e1 th\u1ea1ch anh<\/a><\/b>, \u0111\u01b0\u1ee3c h\u00ecnh th\u00e0nh t\u1eeb s\u1ef1 k\u1ebft tinh c\u1ee7a kho\u00e1ng ch\u1ea5t dumortierite trong c\u00e1c m\u1ea3nh th\u1ea1ch anh. S\u1ef1 vi\u1ec7c n\u00e0y t\u1ea1o ra c\u00e1c v\u1ebft v\u1ebft loang m\u00e0u xanh d\u01b0\u01a1ng v\u1edbi v\u1ebb ngo\u00e0i nh\u01b0 l\u1ee5a. M\u00e0u t\u00edm ho\u1eb7c x\u00e1m \u0111\u00f4i c\u0169ng xu\u1ea5t hi\u1ec7n.<\/p>\n<p data-sourcepos=\"3:1-3:238\">T\u00ean g\u1ecdi &#8220;Explassion Blue&#8221; c\u1ee7a lo\u1ea1i \u0111\u00e1 n\u00e0y xu\u1ea5t ph\u00e1t t\u1eeb v\u1ebb ngo\u00e0i c\u1ee7a n\u00f3, m\u1eb9o li\u00ean t\u01b0\u1edfng \u0111\u1ebfn nh\u1eefng v\u1ee5 n\u1ed5. C\u00e1c v\u1ebft v\u1ebft loang l\u1ed7 m\u00e0u xanh d\u01b0\u01a1ng c\u1ee7a \u0111\u00e1 th\u1ea1ch anh Explassion Blue \u0111\u01b0\u1ee3c v\u00ed nh\u01b0 nh\u1eefng lu\u1ed3ng \u00e1nh s\u00e1ng xanh lam r\u1ef1c r\u1ee1 b\u00f9ng n\u1ed5 tr\u00ean n\u1ec1n \u0111\u00e1.<\/p>\n<p data-sourcepos=\"5:1-5:237\"><a href=\"http:\/\/royalstone.com.vn\/en\/da-thach-anh\/\">\u0110\u00e1 th\u1ea1ch anh<\/a> Explossion Blue c\u00f3 m\u00e0u s\u1eafc b\u1eaft m\u1eaft, \u0111\u1ed9c l\u1eadp n\u00ean \u0111\u01b0\u1ee3c \u01b0a chu\u1ed9ng s\u1eed d\u1ee5ng l\u00e0m \u0111\u1ed3 trang s\u1ee9c, trang tr\u00ed n\u1ed9i th\u1ea5t. Lo\u1ea1i \u0111\u00e1 n\u00e0y c\u0169ng \u0111\u01b0\u1ee3c cho l\u00e0 c\u00f3 nhi\u1ec1u c\u00f4ng d\u1ee5ng v\u1ec1 m\u1eb7t phong th\u1ee7y, gi\u00fap mang l\u1ea1i may m\u1eafn, t\u00e0i l\u1ed9c cho ng\u01b0\u1eddi s\u1edf h\u1eefu.<\/p>\n<figure id=\"attachment_362\" aria-describedby=\"caption-attachment-362\" style=\"width: 966px\" class=\"wp-caption alignnone\"><img decoding=\"async\" class=\"size-full wp-image-362\" src=\"http:\/\/royalstone.com.vn\/wp-content\/uploads\/2023\/11\/da-thach-anh-explassion-blue.jpg\" alt=\"\u0110\u00e1 Th\u1ea1ch Anh Explassion Blue\" width=\"966\" height=\"742\" title=\"\"><figcaption id=\"caption-attachment-362\" class=\"wp-caption-text\">\u0110\u00e1 Th\u1ea1ch Anh Explassion Blue<\/figcaption><\/figure>\n<ul data-sourcepos=\"11:1-24:0\">\n<li data-sourcepos=\"11:1-12:0\">\n<p data-sourcepos=\"11:3-11:233\"><strong>Kem n\u1ec1n: <\/strong>\u0110\u00e1 th\u1ea1ch anh Explossion Blue c\u00f3 m\u00e0u s\u1eafc b\u1eaft m\u1eaft, \u0111\u1ed9c n\u00ean r\u1ea5t \u0111\u01b0\u1ee3c \u01b0a chu\u1ed9ng s\u1eed d\u1ee5ng \u0111\u1ec3 \u1ed1p m\u1eb7t ti\u1ec1n c\u00f4ng tr\u00ecnh. H\u1ed7 tr\u1ee3 t\u1ea1o \u0111i\u1ec3m nh\u1ea5n cho ch\u01b0\u01a1ng tr\u00ecnh, \u0111\u1ed3ng th\u1eddi gi\u00fap b\u1ea3o v\u1ec7 ho\u1ea1t \u0111\u1ed9ng c\u1ee7a ch\u01b0\u01a1ng tr\u00ecnh.<\/p>\n<\/li>\n<li data-sourcepos=\"13:1-14:0\">\n<p data-sourcepos=\"13:3-13:196\"><strong>\u0110\u00e1 c\u1ea7u thang: <\/strong>\u0110\u00e1 th\u1ea1ch anh Explassion Blue c\u00f3 \u0111\u1ed9 c\u1ee9ng cao, ch\u1ecbu l\u1ef1c t\u1ed1t n\u00ean r\u1ea5t ph\u00f9 h\u1ee3p \u0111\u1ec3 \u1ed1p c\u1ea7u thang. \u0110\u00e1 gi\u00fap t\u1ea1o \u0111i\u1ec3m nh\u1ea5n cho c\u1ea7u thang, \u0111\u1ed3ng th\u1eddi gi\u00fap b\u1ea3o v\u1ec7 c\u1ea7u thang kh\u1ecfi slide slide.<\/p>\n<\/li>\n<li data-sourcepos=\"17:1-18:0\">\n<p data-sourcepos=\"17:3-17:207\"><strong>L\u1edbp n\u1ec1n ph\u00f2ng kh\u00e1ch: <\/strong>\u0110\u00e1 th\u1ea1ch anh Explossion Blue c\u00f3 m\u00e0u s\u1eafc b\u1eaft m\u1eaft, \u0111\u1ed9cg n\u00ean r\u1ea5t ph\u00f9 h\u1ee3p \u0111\u1ec3 \u1ed1p t\u01b0\u1eddng ph\u00f2ng kh\u00e1ch. \u0110\u00e1 gi\u00fap t\u1ea1o \u0111i\u1ec3m nh\u1ea5n cho ph\u00f2ng kh\u00e1ch, \u0111\u1ed3ng th\u1eddi ho\u00e0n thi\u1ec7n th\u1ea9m m\u1ef9 c\u1ee7a ch\u1ee7 nh\u00e0.<\/p>\n<\/li>\n<li data-sourcepos=\"19:1-20:0\">\n<p data-sourcepos=\"19:3-19:186\"><strong>\u0110\u00e1 b\u1ebfp: <\/strong>\u0110\u00e1 th\u1ea1ch anh Explassion Blue c\u00f3 \u0111\u1ed9 c\u1ee9ng cao, ch\u1ecbu nhi\u1ec7t t\u1ed1t n\u00ean r\u1ea5t ph\u00f9 h\u1ee3p \u0111\u1ec3 \u1ed1p b\u1ebfp. \u0110\u00e1 gi\u00fap b\u1ea3o v\u1ec7 b\u1ebfp kh\u1ecfi c\u00e1c ho\u1ea1t \u0111\u1ed9ng c\u1ee7a nhi\u1ec7t \u0111\u1ed9, \u0111\u1ed3ng th\u1eddi gi\u00fap t\u1ea1o \u0111i\u1ec3m nh\u1ea5n cho b\u1ebfp.<\/p>\n<\/li>\n<li data-sourcepos=\"21:1-22:0\">\n<p data-sourcepos=\"21:3-21:202\"><strong>\u1ed0p b\u00e0n b\u1ebfp: <\/strong>\u0110\u00e1 th\u1ea1ch anh Explassion Blue c\u00f3 \u0111\u1ed9 c\u1ee9ng cao, ch\u1ecbu nhi\u1ec7t t\u1ed1t n\u00ean r\u1ea5t ph\u00f9 h\u1ee3p \u0111\u1ec3 \u1ed1p b\u00e0n b\u1ebfp. \u0110\u00e1 gi\u00fap b\u1ea3o v\u1ec7 b\u00e0n b\u1ebfp kh\u1ecfi c\u00e1c ho\u1ea1t \u0111\u1ed9ng c\u1ee7a nhi\u1ec7t \u0111\u1ed9, \u0111\u1ed3ng th\u1eddi gi\u00fap t\u1ea1o \u0111i\u1ec3m nh\u1ea5n cho b\u00e0n b\u1ebfp.<\/p>\n<\/li>\n<li data-sourcepos=\"23:1-24:0\">\n<p data-sourcepos=\"23:3-23:203\"><strong>L\u1edbp n\u1ec1n <b><a href=\"https:\/\/royalstone.com.vn\/en\/ban-an-net-dep-sang-trong-cho-khong-gian-bep\/\">b\u00e0n \u0103n<\/a><\/b>: <\/strong>\u0110\u00e1 th\u1ea1ch anh Explassion Blue c\u00f3 \u0111\u1ed9 c\u1ee9ng cao, ch\u1ecbu nhi\u1ec7t t\u1ed1t n\u00ean c\u0169ng r\u1ea5t ph\u00f9 h\u1ee3p \u0111\u1ec3 \u1ed1p b\u00e0n \u0103n. \u0110\u00e1 gi\u00fap b\u1ea3o v\u1ec7 b\u00e0n \u0103n kh\u1ecfi c\u00e1c t\u00e1c \u0111\u1ed9ng c\u1ee7a nhi\u1ec7t, \u0111\u1ed3ng th\u1eddi gi\u00fap t\u1ea1o \u0111i\u1ec3m nh\u1ea5n cho b\u00e0n \u0103n.<\/p>\n<\/li>\n<\/ul>\n<h3><strong>\u01afu \u0111i\u1ec3m c\u1ee7a \u0110\u00e1 Th\u1ea1ch Anh Explassion Blue<\/strong><\/h3>\n<ul data-sourcepos=\"3:1-12:0\">\n<li data-sourcepos=\"3:1-4:0\">\n<p data-sourcepos=\"3:3-3:337\"><strong>M\u00e0u s\u1eafc b\u1eaft m\u1eaft, \u0111\u1ed9cg: <\/strong>\u0110\u00e1 th\u1ea1ch anh Explassion Blue c\u00f3 m\u00e0u s\u1eafc ch\u1ee7 \u0111\u1ea1o l\u00e0 xanh d\u01b0\u01a1ng, v\u1edbi c\u00e1c v\u1ebft s\u1eb9o loang m\u00e0u xanh d\u01b0\u01a1ng \u0111\u1eadm nh\u1ea1t kh\u00e1c nhau. M\u00e0u s\u1eafc c\u1ee7a \u0111\u00e1 c\u00f3 th\u1ec3 thay \u0111\u1ed5i t\u00f9y ch\u1ecdn th\u00e0nh dumortierite l\u01b0\u1ee3ng c\u00f3 trong \u0111\u00e1. M\u00e0u s\u1eafc b\u1eaft m\u1eaft, \u0111\u00e1 \u0111\u1ed9c \u0111\u00e1o gi\u00fap t\u1ea1o \u0111i\u1ec3m nh\u1ea5n cho qu\u00e1 tr\u00ecnh, \u0111\u1ed3ng th\u1eddi c\u00f3 th\u1ec3 hi\u1ec7n th\u1ea9m m\u1ef9 c\u1ee7a ch\u1ee7 nh\u00e0.<\/p>\n<\/li>\n<li data-sourcepos=\"5:1-6:0\">\n<p data-sourcepos=\"5:3-5:283\"><strong>High hardness, good bearing: <\/strong>\u0110\u00e1 th\u1ea1ch anh Explassion Blue c\u00f3 \u0111\u1ed9 c\u1ee9ng kho\u1ea3ng 7 tr\u00ean thang Mohs, t\u01b0\u01a1ng th\u00edch v\u1edbi \u0111\u1ed9 c\u1ee9ng c\u1ee7a th\u1ea1ch anh th\u00f4ng th\u01b0\u1eddng. \u0110\u1ed9 c\u1ee9ng cao gi\u00fap \u0111\u00e1 c\u00f3 kh\u1ea3 n\u0103ng ch\u1ed1ng tr\u1ea7y, ch\u1ecbu l\u1ef1c t\u1ed1t. \u0110i\u1ec1u n\u00e0y gi\u00fap \u0111\u00e1 c\u00f3 \u0111\u1ed9 b\u1ec1n cao, \u00edt b\u1ecb h\u01b0 h\u1ea1i trong qu\u00e1 tr\u00ecnh s\u1eed d\u1ee5ng.<\/p>\n<\/li>\n<li data-sourcepos=\"7:1-8:0\">\n<p data-sourcepos=\"7:3-7:171\"><strong>Ch\u1ecbu nhi\u1ec7t t\u1ed1t: <\/strong>\u0110\u00e1 th\u1ea1ch anh Explassion Blue c\u00f3 kh\u1ea3 n\u0103ng ch\u1ecbu nhi\u1ec7t t\u1ed1t, l\u00ean \u0111\u1ebfn 1. 200 \u0111\u1ed9 C. \u0110i\u1ec1u n\u00e0y gi\u00fap \u0111\u00e1 ph\u00f9 h\u1ee3p \u0111\u1ec3 s\u1eed d\u1ee5ng cho c\u00e1c v\u00f9ng nh\u01b0 b\u1ebfp, nh\u00e0 t\u1eafm,&#8230;<\/p>\n<\/li>\n<li data-sourcepos=\"9:1-10:0\">\n<p data-sourcepos=\"9:3-9:163\"><strong>D\u1ec5 d\u00e0ng b\u1ea3o v\u1ec7 sinh v\u1eadt: <\/strong>\u0110\u00e1 th\u1ea1ch anh Explassion Blue c\u00f3 b\u1ec1 m\u1eb7t vi\u1ec1n b\u00f3ng, d\u1ec5 d\u00e0ng b\u1ea3o v\u1ec7 sinh v\u1eadt. B\u1ea1n ch\u1ec9 c\u1ea7n s\u1eed d\u1ee5ng kh\u0103n m\u1ec1m lau s\u1ea1ch b\u1ee5i b\u1ea9n l\u00e0 \u0111\u00e1 s\u1ebd s\u00e1ng b\u00f3ng nh\u01b0 m\u1edbi.<\/p>\n<\/li>\n<li data-sourcepos=\"11:1-12:0\">\n<p data-sourcepos=\"11:3-11:178\"><strong>Environment-friendly: <\/strong>\u0110\u00e1 th\u1ea1ch anh Explossion Blue l\u00e0 m\u1ed9t lo\u1ea1i \u0111\u00e1 t\u1ef1 nhi\u00ean, kh\u00f4ng ch\u1ee9a ch\u1ea5t \u0111\u1ed9c h\u1ea1i. Do \u0111\u00f3, \u0111\u00e1 r\u1ea5t th\u00e2n thi\u1ec7n v\u1edbi m\u00f4i tr\u01b0\u1eddng v\u00e0 s\u1ee9c kh\u1ecfe con ng\u01b0\u1eddi.<\/p>\n<\/li>\n<\/ul>\n<h3><strong>Nh\u1eefng l\u01b0u \u00fd khi s\u1eed d\u1ee5ng \u0110\u00e1 Th\u1ea1ch Anh Explassion Blue<\/strong><\/h3>\n<ul data-sourcepos=\"5:1-14:0\">\n<li data-sourcepos=\"5:1-6:0\">\n<p data-sourcepos=\"5:3-5:197\"><strong>Avoid strong impact: <\/strong>\u0110\u00e1 th\u1ea1ch anh Explossion Blue c\u00f3 \u0111\u1ed9 c\u1ee9ng cao nh\u01b0ng c\u0169ng c\u00f3 th\u1ec3 b\u1ecb ph\u00e1 v\u1ee1 n\u1ebfu ch\u1ecbu t\u00e1c \u0111\u1ed9ng m\u1ea1nh. Do \u0111\u00f3, c\u1ea7n tr\u00e1nh t\u00e1c \u0111\u1ed9ng m\u1ea1nh l\u00ean b\u1ec1 m\u1eb7t \u0111\u00e1, ngh\u0129 h\u1ea1n nh\u01b0 d\u00f9ng b\u00faa, \u0111\u1ee5c,&#8230;<\/p>\n<\/li>\n<li data-sourcepos=\"7:1-8:0\">\n<p data-sourcepos=\"7:3-7:186\"><strong>Avoid contact with chemicals: <\/strong>\u0110\u00e1 th\u1ea1ch anh Explassion Blue c\u00f3 th\u1ec3 b\u1ecb \u0103n m\u00f2n b\u1edfi c\u00e1c ch\u1ea5t h\u00f3a h\u1ecdc, v\u00ed nh\u01b0 axit, baz\u01a1,&#8230; Do \u0111\u00f3, c\u1ea7n tr\u00e1nh \u0111\u1ec3 \u0111\u00e1 ti\u1ebfp x\u00fac v\u1edbi c\u00e1c ch\u1ea5t h\u00f3a h\u1ecdc n\u00e0y.<\/p>\n<\/li>\n<li data-sourcepos=\"9:1-10:0\">\n<p data-sourcepos=\"9:3-9:247\"><strong>Tr\u00e1nh ti\u1ebfp x\u00fac v\u1edbi nhi\u1ec7t \u0111\u1ed9 cao: <\/strong>\u0110\u00e1 th\u1ea1ch anh Explassion Blue c\u00f3 kh\u1ea3 n\u0103ng ch\u1ecbu nhi\u1ec7t t\u1ed1t, nh\u01b0ng c\u0169ng c\u00f3 th\u1ec3 bi\u1ebfn \u0111\u1ed5i d\u00f9 ti\u1ebfp x\u00fac v\u1edbi nhi\u1ec7t \u0111\u1ed9 cao trong th\u1eddi gian d\u00e0i. Do \u0111\u00f3, c\u1ea7n tr\u00e1nh \u0111\u1ec3 ti\u1ebfp x\u00fac v\u1edbi nhi\u1ec7t \u0111\u1ed9 cao trong th\u1eddi gian d\u00e0i.<\/p>\n<\/li>\n<li data-sourcepos=\"11:1-12:0\">\n<p data-sourcepos=\"11:3-11:328\"><strong>Regular cleaning: <\/strong>\u0110\u00e1 th\u1ea1ch anh Explassion Blue c\u00f3 b\u1ec1 m\u1eb7t m\u1ecbn b\u00f3ng, d\u1ec5 d\u00e0ng v\u1ec7 sinh. Tuy nhi\u00ean, c\u0169ng c\u1ea7n v\u1ec7 sinh th\u01b0\u1eddng xuy\u00ean \u0111\u1ec3 lo\u1ea1i b\u1ecf b\u1ee5i b\u1ea9n, v\u1ebft \u1ed1,&#8230; b\u00e1m tr\u00ean b\u1ec1 m\u1eb7t \u0111\u00e1. B\u1ea1n c\u00f3 th\u1ec3 s\u1eed d\u1ee5ng kh\u0103n m\u1ec1m lau s\u1ea1ch b\u1ee5i b\u1ea9n, v\u1ebft b\u1edbt nh\u1eb9 nh\u00e0ng. \u0110\u1ed1i v\u1edbi v\u1ebft c\u1ee9ng \u0111\u1ea7u, b\u1ea1n c\u00f3 th\u1ec3 s\u1eed d\u1ee5ng n\u01b0\u1edbc t\u1ea9y r\u1eeda chuy\u00ean d\u1ee5ng cho \u0111\u00e1 th\u1ea1ch anh.<\/p>\n<\/li>\n<li data-sourcepos=\"13:1-14:0\">\n<p data-sourcepos=\"13:3-13:161\"><strong>B\u1ea3o qu\u1ea3n \u0111\u00fang c\u00e1ch: <\/strong>Khi kh\u00f4ng s\u1eed d\u1ee5ng, c\u1ea7n b\u1ea3o qu\u1ea3n \u0111\u00e1 th\u1ea1ch anh Explassion Blue \u1edf n\u01a1i kh\u00f4 tho\u00e1ng, tho\u00e1ng m\u00e1t, tr\u00e1nh ti\u1ebfp x\u00fac tr\u1ef1c ti\u1ebfp v\u1edbi \u00e1nh n\u1eafng m\u1eb7t tr\u1eddi.<\/p>\n<\/li>\n<\/ul>\n<h2><strong>C\u00f4ng tr\u00ecnh th\u1ef1c t\u1ebf s\u1eed d\u1ee5ng <\/strong><strong>\u0110\u00e1 Th\u1ea1ch Anh Explassion Blue <\/strong><strong>do Royal Stone th\u1ef1c hi\u1ec7n<\/strong><\/h2>\n<p>\u0110\u00e1 th\u1ea1ch anh Explassion Blue \u1ed1p b\u00e0n b\u1ebfp<\/p>\n<p>\u0110\u00e1 th\u1ea1ch anh Explassion Blue \u1ed1p b\u00e0n <b><a href=\"https:\/\/royalstone.com.vn\/en\/lavabo-rua-mat-bang-da-ua-chuong-nhat-hien-nay\/\">lavabo<\/a><\/b><\/p>\n<h3><strong>Contact information Royal Stone<\/strong><\/h3>\n<p><strong>COMPANY LIMITED ROYAL STONE<\/strong><\/p>\n<p>\u260e Hotline: 0963 689 531<\/p>\n<p>\ud83c\udfe0 Office : 283 Tay Mo Ward, Dai Mo ward, Nam tu Liem district, Ha Noi City.<\/p>\n<p>\ud83c\udfe0 Factory: T<span style=\"color: #333333; font-size: 14.4px;\">drive 10 Yen The town, Luc Yen district, Yen Bai province<\/span><\/p>\n<p>\ud83c\udfe0 Warehouse Ha Noi: Lane 24, Dai Mo, tu Liem, Ha Noi (falling edge 4 Van Phuc, Ha Dong)<\/p>\n<p>\ud83c\udf10 Website:\u00a0<a href=\"https:\/\/royalstone.com.vn\/en\/\">www.royalstone.com.vn<\/a><\/p>\n<h3 class=\"ftwp-heading\"><strong>Connect with Royal Stone<\/strong><\/h3>\n<div class=\"textwidget custom-html-widget\">\n<div class=\"textwidget custom-html-widget\">\n<div><a href=\"http:\/\/www.youtube.com\/@royalstone-datunhiencaocap\" target=\"_blank\" rel=\"noopener nofollow\"><img decoding=\"async\" class=\"entered lazyloaded\" title=\"ROYAL STONE - natural Stone premium\" src=\"http:\/\/royalstone.com.vn\/wp-content\/uploads\/2023\/11\/youtube-royalstone.jpg\" alt=\"ROYAL STONE - natural Stone premium\" width=\"30\" height=\"30\" data-lazy-src=\"http:\/\/royalstone.com.vn\/wp-content\/uploads\/2023\/11\/youtube-royalstone.jpg\" data-ll-status=\"loaded\" data-lazy-=\"\" \/><\/a><a href=\"https:\/\/www.facebook.com\/RoyalstoneDaTuNhienCaoCap\" target=\"_blank\" rel=\"noopener nofollow\"><img decoding=\"async\" class=\"entered lazyloaded\" title=\"ROYAL STONE - natural Stone premium\" src=\"http:\/\/royalstone.com.vn\/wp-content\/uploads\/2023\/11\/facebook-royalstone.jpg\" alt=\"ROYAL STONE - natural Stone premium\" width=\"30\" height=\"30\" data-lazy-src=\"http:\/\/royalstone.com.vn\/wp-content\/uploads\/2023\/11\/facebook-royalstone.jpg\" data-ll-status=\"loaded\" data-lazy-=\"\" \/><\/a><a href=\"https:\/\/twitter.com\/royalstonedatn\" target=\"_blank\" rel=\"noopener nofollow\"><img decoding=\"async\" class=\"entered lazyloaded\" title=\"ROYAL STONE - natural Stone premium\" src=\"http:\/\/royalstone.com.vn\/wp-content\/uploads\/2023\/11\/twitter-royalstone.jpg\" alt=\"ROYAL STONE - natural Stone premium\" width=\"30\" height=\"30\" data-lazy-src=\"http:\/\/royalstone.com.vn\/wp-content\/uploads\/2023\/11\/twitter-royalstone.jpg\" data-ll-status=\"loaded\" data-lazy-=\"\" \/><\/a><a href=\"https:\/\/www.pinterest.com\/royalstonedatunhiencaocap\/\" target=\"_blank\" rel=\"noopener nofollow\"><img decoding=\"async\" class=\"entered lazyloaded\" title=\"ROYAL STONE - natural Stone premium\" src=\"http:\/\/royalstone.com.vn\/wp-content\/uploads\/2023\/11\/printerest-royalstone.jpg\" alt=\"ROYAL STONE - natural Stone premium\" width=\"30\" height=\"30\" data-lazy-src=\"http:\/\/royalstone.com.vn\/wp-content\/uploads\/2023\/11\/printerest-royalstone.jpg\" data-ll-status=\"loaded\" data-lazy-=\"\" \/><\/a><a href=\"https:\/\/www.linkedin.com\/in\/royalstone-datunhien\/\" target=\"_blank\" rel=\"noopener nofollow\"><img decoding=\"async\" class=\"entered lazyloaded\" title=\"ROYAL STONE - natural Stone premium\" src=\"http:\/\/royalstone.com.vn\/wp-content\/uploads\/2023\/11\/linkedin-royalstone.jpg\" alt=\"ROYAL STONE - natural Stone premium\" width=\"30\" height=\"30\" data-lazy-src=\"http:\/\/royalstone.com.vn\/wp-content\/uploads\/2023\/11\/linkedin-royalstone.jpg\" data-ll-status=\"loaded\" data-lazy-=\"\" \/><\/a><\/div>\n<\/div>\n<\/div>","protected":false},"excerpt":{"rendered":"<ul class=\"l pr-des-featured\">\n<li>RSTAEB2023: Explassion Blue<\/li>\n<li>Place of origin: Brazil<\/li>\n<li>Color: Gray<\/li>\n<li>Types of stone: Quartz<\/li>\n<li>Size: large<\/li>\n<li>Thickness: 2.0 cm<\/li>\n<\/ul>","protected":false},"featured_media":362,"comment_status":"closed","ping_status":"closed","template":"","meta":{"inline_featured_image":false},"product_cat":[45,46],"product_tag":[],"class_list":{"0":"post-360","1":"product","2":"type-product","3":"status-publish","4":"has-post-thumbnail","6":"product_cat-da-thach-anh","7":"product_cat-da-thach-anh-2-0-cm","9":"first","10":"instock","11":"shipping-taxable","12":"product-type-simple"},"_links":{"self":[{"href":"https:\/\/royalstone.com.vn\/en\/wp-json\/wp\/v2\/product\/360","targetHints":{"allow":["GET"]}}],"collection":[{"href":"https:\/\/royalstone.com.vn\/en\/wp-json\/wp\/v2\/product"}],"about":[{"href":"https:\/\/royalstone.com.vn\/en\/wp-json\/wp\/v2\/types\/product"}],"replies":[{"embeddable":true,"href":"https:\/\/royalstone.com.vn\/en\/wp-json\/wp\/v2\/comments?post=360"}],"wp:featuredmedia":[{"embeddable":true,"href":"https:\/\/royalstone.com.vn\/en\/wp-json\/wp\/v2\/media\/362"}],"wp:attachment":[{"href":"https:\/\/royalstone.com.vn\/en\/wp-json\/wp\/v2\/media?parent=360"}],"wp:term":[{"taxonomy":"product_cat","embeddable":true,"href":"https:\/\/royalstone.com.vn\/en\/wp-json\/wp\/v2\/product_cat?post=360"},{"taxonomy":"product_tag","embeddable":true,"href":"https:\/\/royalstone.com.vn\/en\/wp-json\/wp\/v2\/product_tag?post=360"}],"curies":[{"name":"wp","href":"https:\/\/api.w.org\/{rel}","templated":true}]}}