{"id":346,"date":"2023-11-22T07:27:48","date_gmt":"2023-11-22T07:27:48","guid":{"rendered":"http:\/\/royalstone.com.vn\/?post_type=product&#038;p=346"},"modified":"2023-11-22T07:30:33","modified_gmt":"2023-11-22T07:30:33","slug":"da-granite-venice-cream","status":"publish","type":"product","link":"https:\/\/royalstone.com.vn\/en\/da-granite-venice-cream\/","title":{"rendered":"Granite Venice Cream"},"content":{"rendered":"<h2><strong>\u0110\u00e1 Granite Venice Cream l\u00e0 g\u00ec?<\/strong><\/h2>\n<p><em><strong><a href=\"http:\/\/royalstone.com.vn\/en\/da-granite-venice-cream\/ \u200e\/\">Granite Venice Cream<\/a><\/strong><\/em> m\u00e0u kem thu\u1ed9c d\u00f2ng \u0111\u00e1 hoa c\u01b0\u01a1ng c\u00f3 t\u00f4ng m\u00e0u ch\u1ee7 \u0111\u1ea1o l\u00e0 m\u00e0u kem ho\u1eb7c m\u00e0u kem \u00e1nh \u0111\u1ed3ng, k\u1ebft h\u1ee3p v\u1edbi c\u00e1c v\u00e2n \u0111\u00e1 to, \u0111\u1eadm m\u00e0u nh\u01b0 m\u00e0u n\u00e2u, m\u00e0u \u0111en, m\u00e0u v\u00e0ng, ph\u00e2n b\u1ed1 tr\u1ea3i \u0111\u1ec1u tr\u00ean kh\u1eafp b\u1ec1 m\u1eb7t \u0111\u00e1.<\/p>\n<p><a href=\"http:\/\/royalstone.com.vn\/en\/da-granite\/\"><em><strong>Granite<\/strong><\/em><\/a> th\u01b0\u1eddng \u0111\u01b0\u1ee3c s\u1eed d\u1ee5ng r\u1ed9ng r\u00e3i trong k\u1ef9 thu\u1eadt x\u00e2y d\u1ef1ng v\u00e0 trang tr\u00ed n\u1ed9i th\u1ea5t nh\u01b0 \u0111\u00e1 b\u00e0n, \u0111\u00e1 b\u1ebfp, s\u00e0n nh\u00e0, c\u1ea7u thang v\u00e0 c\u00e1c b\u1ec1 m\u1eb7t kh\u00e1c. N\u00f3 \u0111\u01b0\u1ee3c \u01b0a chu\u1ed9ng v\u00ec \u0111\u1ed9 b\u1ec1n, kh\u1ea3 n\u0103ng ch\u1ed1ng tr\u1ea7y v\u00e0 ch\u1ed1ng \u1ea9m, c\u0169ng nh\u01b0 v\u1ebb \u0111\u1eb9p t\u1ef1 nhi\u00ean c\u1ee7a n\u00f3.<\/p>\n<p>N\u1ebfu c\u00f3 th\u00f4ng tin v\u1ec1 <b><a href=\"https:\/\/royalstone.com.vn\/en\/da-granite-3-cm-la-lua-chon-hoan-hao\/\">Granite<\/a><\/b> Venice Cream, b\u1ea1n c\u00f3 th\u1ec3 mu\u1ed1n ki\u1ec3m tra c\u00e1c nh\u00e0 cung c\u1ea5p \u0111\u00e1 ho\u1eb7c nh\u00e0 th\u1ea7u x\u00e2y d\u1ef1ng \u0111\u1ec3 c\u00f3 th\u00f4ng tin chi ti\u1ebft v\u1ec1 xu\u1ea5t x\u1ee9, t\u00ednh ch\u1ea5t v\u00e0 c\u00e1ch s\u1eed d\u1ee5ng n\u00f3 trong c\u00e1c d\u1ef1 \u00e1n.<\/p>\n<figure id=\"attachment_347\" aria-describedby=\"caption-attachment-347\" style=\"width: 568px\" class=\"wp-caption aligncenter\"><img decoding=\"async\" class=\"size-full wp-image-347\" src=\"http:\/\/royalstone.com.vn\/wp-content\/uploads\/2023\/11\/da-granite-venice-cream.jpg\" alt=\"Granite Venice Cream\" width=\"568\" height=\"505\" title=\"\"><figcaption id=\"caption-attachment-347\" class=\"wp-caption-text\"><b><a href=\"https:\/\/royalstone.com.vn\/en\/da-granite-den-ve-dep-tuyet-dinh-cho-khong-gian\/\">Granite<\/a><\/b> Venice Cream<\/figcaption><\/figure>\n<h3><strong>\u01afu \u0111i\u1ec3m c\u1ee7a <\/strong><strong>\u0110\u00e1 <\/strong><strong>Venice Cream<\/strong><\/h3>\n<ul>\n<li><strong>Durability:<\/strong> <b><a href=\"https:\/\/royalstone.com.vn\/en\/da-granite-tim-bieu-tuong-cua-ve-dep-sang-trong\/\">Granite<\/a><\/b> l\u00e0 lo\u1ea1i \u0111\u00e1 r\u1ea5t c\u1ee9ng v\u00e0 ch\u1ecbu l\u1ef1c t\u1ed1t, gi\u00fap \u0111\u1ea3m b\u1ea3o \u0111\u1ed9 b\u1ec1n v\u00e0 \u0111\u1ed9 \u1ed5n \u0111\u1ecbnh trong qu\u00e1 tr\u00ecnh s\u1eed d\u1ee5ng.<\/li>\n<li><strong>Kh\u1ea3 n\u0103ng ch\u1ed1ng tr\u1ea7y:<\/strong> \u0110\u00e1 granite th\u01b0\u1eddng c\u00f3 kh\u1ea3 n\u0103ng ch\u1ed1ng tr\u1ea7y t\u1ed1t, gi\u00fap b\u1ec1 m\u1eb7t c\u1ee7a n\u00f3 c\u00f3 v\u1ebb m\u1edbi v\u00e0 s\u00e1ng b\u00f3ng.<\/li>\n<li><strong>Ch\u1ed1ng n\u01b0\u1edbc v\u00e0 ch\u1ed1ng nhi\u1ec7t \u0111\u1ed9:<\/strong> \u0110\u00e1 granite \u00edt b\u1ecb \u1ea3nh h\u01b0\u1edfng b\u1edfi n\u01b0\u1edbc v\u00e0 nhi\u1ec7t \u0111\u1ed9 cao n\u00ean ph\u00f9 h\u1ee3p cho c\u00f4ng vi\u1ec7c s\u1eed d\u1ee5ng \u1edf nh\u1eefng khu v\u1ef1c \u1ea9m \u01b0\u1edbt v\u00e0 b\u1ebfp.<\/li>\n<li><strong>\u0110a d\u1ea1ng m\u00e0u s\u1eafc v\u00e0 hoa v\u0103n:<\/strong> \u0110\u00e1 granite c\u00f3 s\u1eb5n nhi\u1ec1u m\u00e0u s\u1eafc v\u00e0 hoa v\u0103n \u0111\u1ed9c \u0111\u1eb7c, t\u1ea1o n\u00ean s\u1ef1 linh ho\u1ea1t trong thi\u1ebft k\u1ebf.<\/li>\n<\/ul>\n<h3><strong>Nh\u1eefng l\u01b0u \u00fd khi s\u1eed d\u1ee5ng <\/strong><strong>Granite Venice Cream<\/strong><\/h3>\n<ul>\n<li><strong>Tr\u1ecdng l\u01b0\u1ee3ng:<\/strong> \u0110\u00e1 granite c\u00f3 kh\u1ed1i l\u01b0\u1ee3ng kh\u00e1 l\u1edbn, \u0111i\u1ec1u n\u00e0y c\u00f3 th\u1ec3 l\u00e0 m\u1ed9t v\u1ea5n \u0111\u1ec1 khi l\u1eafp \u0111\u1eb7t, \u0111\u1eb7c bi\u1ec7t l\u00e0 tr\u00ean c\u00e1c t\u1ea7ng cao.<\/li>\n<li><strong>Price high:<\/strong> \u0110\u00e1 Granite th\u01b0\u1eddng c\u00f3 gi\u00e1 th\u00e0nh cao, \u0111\u1eb7c bi\u1ec7t l\u00e0 \u0111\u1ed1i v\u1edbi c\u00e1c lo\u1ea1i \u0111\u00e1 nh\u1eadp kh\u1ea9u ho\u1eb7c c\u00f3 hoa v\u0103n \u0111\u1ed9c \u0111\u1eb7c.<\/li>\n<li><strong>\u0110\u00f2i h\u1ecfi b\u1ea3o d\u01b0\u1ee1ng:<\/strong> M\u1eb7c d\u00f9 kh\u00e1 b\u1ec1n v\u1eefng, nh\u01b0ng \u0111\u1ec3 gi\u1eef cho \u0111\u00e1 granite lu\u00f4n \u0111\u1eb9p, n\u00f3 c\u1ea7n \u0111\u01b0\u1ee3c b\u1ea3o d\u01b0\u1ee1ng \u0111\u00fang c\u00e1ch, bao g\u1ed3m c\u1ea3 c\u00f4ng vi\u1ec7c \u0111\u1ecbnh k\u1ef3 l\u00e0m s\u1ea1ch v\u00e0 \u0111\u00e1nh b\u00f3ng.<\/li>\n<li><strong>Kh\u1ea3 n\u0103ng h\u1ea5p th\u1ee5 ch\u1ea5t t\u1ea9y:<\/strong> Trong m\u1ed9t s\u1ed1 tr\u01b0\u1eddng h\u1ee3p, \u0111\u00e1 granit c\u00f3 th\u1ec3 h\u1ea5p th\u1ee5 ch\u1ea5t d\u1eabn, l\u00e0m t\u0103ng kh\u1ea3 n\u0103ng tr\u01b0\u1ee3t tr\u00ean b\u1ec1 m\u1eb7t. \u0110i\u1ec1u n\u00e0y c\u00f3 th\u1ec3 l\u00e0 m\u1ed9t \u0111i\u1ec1u \u0111\u00e1ng lo ng\u1ea1i n\u1ebfu \u0111\u01b0\u1ee3c s\u1eed d\u1ee5ng trong c\u00e1c khu v\u1ef1c c\u00f3 c\u01a1 s\u1edf tr\u01b0\u1ee3t cao.<\/li>\n<\/ul>\n<h2><strong>C\u00f4ng tr\u00ecnh th\u1ef1c t\u1ebf s\u1eed d\u1ee5ng <\/strong><strong>\u0110\u00e1 <\/strong><strong>Granite Venice Cream do <\/strong><strong>Royal Stone th\u1ef1c hi\u1ec7n<\/strong><\/h2>\n<p>\u0110\u00e1 Granite Venice Cream \u1ed1p b\u00e0n b\u1ebfp<\/p>\n<p>\u0110\u00e1 Granite Venice Cream \u1ed1p b\u00e0n <b><a href=\"https:\/\/royalstone.com.vn\/en\/lavabo-rua-mat-bang-da-ua-chuong-nhat-hien-nay\/\">lavabo<\/a><\/b><\/p>\n<h3><strong>Contact information Royal Stone<\/strong><\/h3>\n<p><strong>COMPANY LIMITED ROYAL STONE<\/strong><\/p>\n<p>\u260e Hotline: 0963 689 531<\/p>\n<p>\ud83c\udfe0 Office : 283 Tay Mo Ward, Dai Mo ward, Nam tu Liem district, Ha Noi City.<\/p>\n<p>\ud83c\udfe0 Factory: T<span style=\"color: #333333; font-size: 14.4px;\">drive 10 Yen The town, Luc Yen district, Yen Bai province<\/span><\/p>\n<p>\ud83c\udfe0 Warehouse Ha Noi: Lane 24, Dai Mo, tu Liem, Ha Noi (falling edge 4 Van Phuc, Ha Dong)<\/p>\n<p>\ud83c\udf10 Website:\u00a0<a href=\"https:\/\/royalstone.com.vn\/en\/\">www.royalstone.com.vn<\/a><\/p>\n<h3 class=\"ftwp-heading\"><strong>Connect with Royal Stone<\/strong><\/h3>\n<div class=\"textwidget custom-html-widget\">\n<div class=\"textwidget custom-html-widget\">\n<div><a href=\"http:\/\/www.youtube.com\/@royalstone-datunhiencaocap\" target=\"_blank\" rel=\"noopener nofollow\"><img decoding=\"async\" class=\"entered lazyloaded\" title=\"ROYAL STONE - natural Stone premium\" src=\"http:\/\/royalstone.com.vn\/wp-content\/uploads\/2023\/11\/youtube-royalstone.jpg\" alt=\"ROYAL STONE - natural Stone premium\" width=\"30\" height=\"30\" data-lazy-src=\"http:\/\/royalstone.com.vn\/wp-content\/uploads\/2023\/11\/youtube-royalstone.jpg\" data-ll-status=\"loaded\" data-lazy-=\"\" \/><\/a><a href=\"https:\/\/www.facebook.com\/RoyalstoneDaTuNhienCaoCap\" target=\"_blank\" rel=\"noopener nofollow\"><img decoding=\"async\" class=\"entered lazyloaded\" title=\"ROYAL STONE - natural Stone premium\" src=\"http:\/\/royalstone.com.vn\/wp-content\/uploads\/2023\/11\/facebook-royalstone.jpg\" alt=\"ROYAL STONE - natural Stone premium\" width=\"30\" height=\"30\" data-lazy-src=\"http:\/\/royalstone.com.vn\/wp-content\/uploads\/2023\/11\/facebook-royalstone.jpg\" data-ll-status=\"loaded\" data-lazy-=\"\" \/><\/a><a href=\"https:\/\/twitter.com\/royalstonedatn\" target=\"_blank\" rel=\"noopener nofollow\"><img decoding=\"async\" class=\"entered lazyloaded\" title=\"ROYAL STONE - natural Stone premium\" src=\"http:\/\/royalstone.com.vn\/wp-content\/uploads\/2023\/11\/twitter-royalstone.jpg\" alt=\"ROYAL STONE - natural Stone premium\" width=\"30\" height=\"30\" data-lazy-src=\"http:\/\/royalstone.com.vn\/wp-content\/uploads\/2023\/11\/twitter-royalstone.jpg\" data-ll-status=\"loaded\" data-lazy-=\"\" \/><\/a><a href=\"https:\/\/www.pinterest.com\/royalstonedatunhiencaocap\/\" target=\"_blank\" rel=\"noopener nofollow\"><img decoding=\"async\" class=\"entered lazyloaded\" title=\"ROYAL STONE - natural Stone premium\" src=\"http:\/\/royalstone.com.vn\/wp-content\/uploads\/2023\/11\/printerest-royalstone.jpg\" alt=\"ROYAL STONE - natural Stone premium\" width=\"30\" height=\"30\" data-lazy-src=\"http:\/\/royalstone.com.vn\/wp-content\/uploads\/2023\/11\/printerest-royalstone.jpg\" data-ll-status=\"loaded\" data-lazy-=\"\" \/><\/a><a href=\"https:\/\/www.linkedin.com\/in\/royalstone-datunhien\/\" target=\"_blank\" rel=\"noopener nofollow\"><img decoding=\"async\" class=\"entered lazyloaded\" title=\"ROYAL STONE - natural Stone premium\" src=\"http:\/\/royalstone.com.vn\/wp-content\/uploads\/2023\/11\/linkedin-royalstone.jpg\" alt=\"ROYAL STONE - natural Stone premium\" width=\"30\" height=\"30\" data-lazy-src=\"http:\/\/royalstone.com.vn\/wp-content\/uploads\/2023\/11\/linkedin-royalstone.jpg\" data-ll-status=\"loaded\" data-lazy-=\"\" \/><\/a><\/div>\n<\/div>\n<\/div>","protected":false},"excerpt":{"rendered":"<ul class=\"l pr-des-featured\">\n<li>MSP: RSGNVC2023<\/li>\n<li>Place of origin: Brazil<\/li>\n<li>Color: Cream<\/li>\n<li>Type of stone: Granite<\/li>\n<li>Size: large \u2013 small<\/li>\n<li>\u0110\u1ed9 d\u00e0y: 2 cm<\/li>\n<\/ul>","protected":false},"featured_media":358,"comment_status":"closed","ping_status":"closed","template":"","meta":{"inline_featured_image":false},"product_cat":[23,29],"product_tag":[],"class_list":{"0":"post-346","1":"product","2":"type-product","3":"status-publish","4":"has-post-thumbnail","6":"product_cat-da-granite","7":"product_cat-da-granite-mau-kem","9":"first","10":"instock","11":"shipping-taxable","12":"product-type-simple"},"_links":{"self":[{"href":"https:\/\/royalstone.com.vn\/en\/wp-json\/wp\/v2\/product\/346","targetHints":{"allow":["GET"]}}],"collection":[{"href":"https:\/\/royalstone.com.vn\/en\/wp-json\/wp\/v2\/product"}],"about":[{"href":"https:\/\/royalstone.com.vn\/en\/wp-json\/wp\/v2\/types\/product"}],"replies":[{"embeddable":true,"href":"https:\/\/royalstone.com.vn\/en\/wp-json\/wp\/v2\/comments?post=346"}],"wp:featuredmedia":[{"embeddable":true,"href":"https:\/\/royalstone.com.vn\/en\/wp-json\/wp\/v2\/media\/358"}],"wp:attachment":[{"href":"https:\/\/royalstone.com.vn\/en\/wp-json\/wp\/v2\/media?parent=346"}],"wp:term":[{"taxonomy":"product_cat","embeddable":true,"href":"https:\/\/royalstone.com.vn\/en\/wp-json\/wp\/v2\/product_cat?post=346"},{"taxonomy":"product_tag","embeddable":true,"href":"https:\/\/royalstone.com.vn\/en\/wp-json\/wp\/v2\/product_tag?post=346"}],"curies":[{"name":"wp","href":"https:\/\/api.w.org\/{rel}","templated":true}]}}