{"id":3367,"date":"2025-02-07T22:55:04","date_gmt":"2025-02-07T15:55:04","guid":{"rendered":"http:\/\/royalstone.com.vn\/?post_type=product&#038;p=3367"},"modified":"2025-03-09T21:00:54","modified_gmt":"2025-03-09T14:00:54","slug":"vicostone-grey-monet-bq6800","status":"publish","type":"product","link":"https:\/\/royalstone.com.vn\/en\/vicostone-grey-monet-bq6800\/","title":{"rendered":"Vicostone Grey Monet BQ6800"},"content":{"rendered":"<h2>Grey Monet BQ6800<\/h2>\n<p>VICOSTONE\u00ae Grey Monet\u2122 g\u1ee3i l\u00ean h\u00ecnh \u1ea3nh th\u00e1c n\u01b0\u1edbc h\u00f9ng v\u0129 gi\u1eefa r\u1eebng nhi\u1ec7t \u0111\u1edbi v\u1edbi nh\u1eefng \u0111\u01b0\u1eddng v\u00e2n x\u00e1m \u0111\u1eadm tr\u00ean n\u1ec1n tr\u1eafng c\u1ea9m th\u1ea1ch. V\u1ebb \u0111\u1eb9p n\u00e0y mang \u0111\u1ebfn c\u1ea3m gi\u00e1c m\u1ea1nh m\u1ebd, s\u1ea3ng kho\u00e1i v\u00e0 \u0111\u1ea7y c\u1ea3m h\u1ee9ng<\/p>\n<figure id=\"attachment_3368\" aria-describedby=\"caption-attachment-3368\" style=\"width: 564px\" class=\"wp-caption alignnone\"><img decoding=\"async\" class=\"size-full wp-image-3368\" src=\"http:\/\/royalstone.com.vn\/wp-content\/uploads\/2025\/02\/BQ6800.png\" alt=\"Bq6800\" width=\"564\" height=\"564\" title=\"\" srcset=\"https:\/\/royalstone.com.vn\/wp-content\/uploads\/2025\/02\/BQ6800.png 564w, https:\/\/royalstone.com.vn\/wp-content\/uploads\/2025\/02\/BQ6800-300x300.png 300w, https:\/\/royalstone.com.vn\/wp-content\/uploads\/2025\/02\/BQ6800-150x150.png 150w, https:\/\/royalstone.com.vn\/wp-content\/uploads\/2025\/02\/BQ6800-12x12.png 12w, https:\/\/royalstone.com.vn\/wp-content\/uploads\/2025\/02\/BQ6800-45x45.png 45w, https:\/\/royalstone.com.vn\/wp-content\/uploads\/2025\/02\/BQ6800-100x100.png 100w\" sizes=\"(max-width: 564px) 100vw, 564px\" \/><figcaption id=\"caption-attachment-3368\" class=\"wp-caption-text\">Bq6800<\/figcaption><\/figure>","protected":false},"excerpt":{"rendered":"<h3><strong>Th\u00f4ng s\u1ed1 k\u1ef9 thu\u1eadt<\/strong><\/h3>\n<p>KH\u1ed4 K\u00cdCH TH\u01af\u1edaC C\u1ee6A T\u1ea4M \u0110\u00c1<\/p>\n<p>K\u00edch th\u01b0\u1edbc ti\u00eau chu\u1ea9n (normal size) 303cm x 143cm (119\u201d x 56\u201d)<\/p>\n<p>K\u00edch th\u01b0\u1edbc kh\u1ed5 l\u1edbn (jumbo size) 330cm x 165cm (130\u201d x 65\u201d<\/p>\n<p>\u0110\u1ed8 D\u00c0Y TI\u00caU CHU\u1ea8N<\/p>\n<p>12mm (1\/2\u201d)<br \/>\n20mm (3\/4\u201d)<br \/>\n30mm (1 1\/6\u201d)<\/p>\n<p>C\u00c1C LO\u1ea0I B\u1ec0 M\u1eb6T<\/p>\n<p>Polished<\/p>","protected":false},"featured_media":3368,"comment_status":"closed","ping_status":"closed","template":"","meta":{"inline_featured_image":false},"product_cat":[101],"product_tag":[],"class_list":{"0":"post-3367","1":"product","2":"type-product","3":"status-publish","4":"has-post-thumbnail","6":"product_cat-vicostone-nhom-e","8":"first","9":"instock","10":"shipping-taxable","11":"purchasable","12":"product-type-simple"},"_links":{"self":[{"href":"https:\/\/royalstone.com.vn\/en\/wp-json\/wp\/v2\/product\/3367","targetHints":{"allow":["GET"]}}],"collection":[{"href":"https:\/\/royalstone.com.vn\/en\/wp-json\/wp\/v2\/product"}],"about":[{"href":"https:\/\/royalstone.com.vn\/en\/wp-json\/wp\/v2\/types\/product"}],"replies":[{"embeddable":true,"href":"https:\/\/royalstone.com.vn\/en\/wp-json\/wp\/v2\/comments?post=3367"}],"wp:featuredmedia":[{"embeddable":true,"href":"https:\/\/royalstone.com.vn\/en\/wp-json\/wp\/v2\/media\/3368"}],"wp:attachment":[{"href":"https:\/\/royalstone.com.vn\/en\/wp-json\/wp\/v2\/media?parent=3367"}],"wp:term":[{"taxonomy":"product_cat","embeddable":true,"href":"https:\/\/royalstone.com.vn\/en\/wp-json\/wp\/v2\/product_cat?post=3367"},{"taxonomy":"product_tag","embeddable":true,"href":"https:\/\/royalstone.com.vn\/en\/wp-json\/wp\/v2\/product_tag?post=3367"}],"curies":[{"name":"wp","href":"https:\/\/api.w.org\/{rel}","templated":true}]}}