{"id":3352,"date":"2025-02-07T22:12:47","date_gmt":"2025-02-07T15:12:47","guid":{"rendered":"http:\/\/royalstone.com.vn\/?post_type=product&#038;p=3352"},"modified":"2025-03-09T21:01:33","modified_gmt":"2025-03-09T14:01:33","slug":"vicostone-michelangelo-bq8836","status":"publish","type":"product","link":"https:\/\/royalstone.com.vn\/en\/vicostone-michelangelo-bq8836\/","title":{"rendered":"Vicostone Michelangelo BQ8836"},"content":{"rendered":"<p data-sourcepos=\"5:1-5:221\">VICOSTONE\u00ae Michelangelo BQ8836 v\u1edbi nh\u1eefng \u0111\u01b0\u1eddng v\u00e2n m\u1ea1nh m\u1ebd tr\u1ea3i d\u00e0i tr\u00ean n\u1ec1n \u0111\u00e1, nh\u01b0 d\u00f2ng magma h\u00e0ng ngh\u00ecn n\u0103m tu\u1ed5i trong \u0111\u00e1 c\u1ea9m th\u1ea1ch Calacatta t\u1ef1 nhi\u00ean, g\u1ee3i l\u00ean h\u00ecnh \u1ea3nh tinh v\u00e2n \u0111\u1eb9p \u0111\u1ebd v\u00e0 huy\u1ec1n b\u00ed trong v\u0169 tr\u1ee5 bao la.<\/p>\n<p data-sourcepos=\"7:1-7:28\">VICOSTONE\u00ae \u2013 N\u00e9t h\u1ecda ng\u00e2n h\u00e0<\/p>\n<p data-sourcepos=\"9:1-9:390\">T\u1eeb thu\u1edf s\u01a1 khai, v\u0169 tr\u1ee5 lu\u00f4n l\u00e0 \u0111\u1ec1 t\u00e0i h\u1ea5p d\u1eabn c\u1ee7a nh\u00e2n lo\u1ea1i b\u1edfi s\u1ef1 xa x\u00f4i v\u00e0 b\u00ed \u1ea9n v\u00f4 t\u1eadn. Con ng\u01b0\u1eddi tr\u01b0\u1edbc v\u0169 tr\u1ee5 \u0111\u1ea7y m\u00ea ho\u1eb7c th\u1ecfa s\u1ee9c nu\u00f4i d\u01b0\u1ee1ng tr\u00ed t\u00f2 m\u00f2 v\u00e0 kh\u00e1t khao chinh ph\u1ee5c, kh\u00e1m ph\u00e1 nh\u1eefng \u0111i\u1ec1u b\u00ed \u1ea9n. V\u0169 tr\u1ee5 bao la, \u0111\u1ea7y s\u1ee9c m\u1ea1nh lu\u00f4n ch\u1edd \u0111\u1ee3i lo\u00e0i ng\u01b0\u1eddi chi\u00eam ng\u01b0\u1ee1ng khai ph\u00e1 \u0111\u00f3 \u0111\u00e3 g\u1ee3i c\u1ea3m h\u1ee9ng \u0111\u1ec3 VICOSTONE\u00ae s\u00e1ng t\u1ea1o n\u00ean b\u1ed9 s\u01b0u t\u1eadp <b><a href=\"https:\/\/royalstone.com.vn\/en\/da-thach-anh-2-cm-ve-dep-hoan-hao-cho-khong-gian\/\">\u0111\u00e1 th\u1ea1ch anh<\/a><\/b> 2024 \u201d VICOSTONE\u00ae \u2013 N\u00e9t h\u1ecda ng\u00e2n h\u00e0\u201d.<\/p>\n<p data-sourcepos=\"11:1-11:282\">B\u1ed9 s\u01b0u t\u1eadp n\u0103m nay t\u1eadp trung m\u00f4 ph\u1ecfng nh\u1eefng kho\u1ea3nh kh\u1eafc \u0111\u1eb9p nh\u1ea5t c\u1ee7a v\u0169 tr\u1ee5 t\u1eeb thu\u1edf h\u1ed3ng hoang m\u00e0 d\u1ea5u v\u1ebft c\u00f2n l\u01b0u d\u1ea5u \u1ea5n \u0111\u1ebfn v\u1ea1n n\u0103m, truy\u1ec1n c\u1ea3m h\u1ee9ng b\u1ea5t t\u1eadn v\u00e0 g\u00f3p ph\u1ea7n lan t\u1ecfa ngu\u1ed3n n\u0103ng l\u01b0\u1ee3ng t\u00edch c\u1ef1c, h\u1ee9a h\u1eb9n c\u00f9ng b\u1ea1n t\u1ea1o ra nh\u1eefng tuy\u1ec7t t\u00e1c kh\u00f4ng gian s\u1ed1ng \u0111\u1eadm ch\u1ea5t ngh\u1ec7 thu\u1eadt<\/p>\n<p><img decoding=\"async\" class=\"size-full wp-image-3353\" style=\"color: #333333; font-size: 14.4px;\" src=\"http:\/\/royalstone.com.vn\/wp-content\/uploads\/2025\/02\/BQ8836.png\" alt=\"Bq8836\" width=\"441\" height=\"348\" title=\"\" srcset=\"https:\/\/royalstone.com.vn\/wp-content\/uploads\/2025\/02\/BQ8836.png 441w, https:\/\/royalstone.com.vn\/wp-content\/uploads\/2025\/02\/BQ8836-300x237.png 300w, https:\/\/royalstone.com.vn\/wp-content\/uploads\/2025\/02\/BQ8836-15x12.png 15w\" sizes=\"(max-width: 441px) 100vw, 441px\" \/><\/p>\n<p>Bq8836<\/p>","protected":false},"excerpt":{"rendered":"<p>VICOSTONE\u00ae Michelangelo BQ8836 v\u1edbi nh\u1eefng \u0111\u01b0\u1eddng v\u00e2n m\u1ea1nh m\u1ebd tr\u1ea3i d\u00e0i tr\u00ean n\u1ec1n \u0111\u00e1, nh\u01b0 d\u00f2ng magma h\u00e0ng ngh\u00ecn n\u0103m tu\u1ed5i trong \u0111\u00e1 c\u1ea9m th\u1ea1ch Calacatta t\u1ef1 nhi\u00ean, g\u1ee3i l\u00ean h\u00ecnh \u1ea3nh tinh v\u00e2n \u0111\u1eb9p \u0111\u1ebd v\u00e0 huy\u1ec1n b\u00ed trong v\u0169 tr\u1ee5 bao la. VICOSTONE\u00ae \u2013 N\u00e9t h\u1ecda ng\u00e2n h\u00e0 T\u1eeb thu\u1edf s\u01a1 khai, v\u0169&#8230;<\/p>","protected":false},"featured_media":3353,"comment_status":"closed","ping_status":"closed","template":"","meta":{"inline_featured_image":false},"product_cat":[101],"product_tag":[],"class_list":{"0":"post-3352","1":"product","2":"type-product","3":"status-publish","4":"has-post-thumbnail","6":"product_cat-vicostone-nhom-e","8":"first","9":"instock","10":"shipping-taxable","11":"purchasable","12":"product-type-simple"},"_links":{"self":[{"href":"https:\/\/royalstone.com.vn\/en\/wp-json\/wp\/v2\/product\/3352","targetHints":{"allow":["GET"]}}],"collection":[{"href":"https:\/\/royalstone.com.vn\/en\/wp-json\/wp\/v2\/product"}],"about":[{"href":"https:\/\/royalstone.com.vn\/en\/wp-json\/wp\/v2\/types\/product"}],"replies":[{"embeddable":true,"href":"https:\/\/royalstone.com.vn\/en\/wp-json\/wp\/v2\/comments?post=3352"}],"wp:featuredmedia":[{"embeddable":true,"href":"https:\/\/royalstone.com.vn\/en\/wp-json\/wp\/v2\/media\/3353"}],"wp:attachment":[{"href":"https:\/\/royalstone.com.vn\/en\/wp-json\/wp\/v2\/media?parent=3352"}],"wp:term":[{"taxonomy":"product_cat","embeddable":true,"href":"https:\/\/royalstone.com.vn\/en\/wp-json\/wp\/v2\/product_cat?post=3352"},{"taxonomy":"product_tag","embeddable":true,"href":"https:\/\/royalstone.com.vn\/en\/wp-json\/wp\/v2\/product_tag?post=3352"}],"curies":[{"name":"wp","href":"https:\/\/api.w.org\/{rel}","templated":true}]}}