{"id":3344,"date":"2025-02-07T22:02:36","date_gmt":"2025-02-07T15:02:36","guid":{"rendered":"http:\/\/royalstone.com.vn\/?post_type=product&#038;p=3344"},"modified":"2025-03-09T21:01:50","modified_gmt":"2025-03-09T14:01:50","slug":"vicostone-faniello-bq8925","status":"publish","type":"product","link":"https:\/\/royalstone.com.vn\/en\/vicostone-faniello-bq8925\/","title":{"rendered":"Vicostone Faniello BQ8925"},"content":{"rendered":"<h2>Faniello BQ8925<\/h2>\n<p>VICOSTONE\u00ae Faniello BQ8925 v\u1edbi nh\u1eefng \u0111\u01b0\u1eddng v\u00e2n l\u1edbn d\u1ea1ng l\u01b0\u1edbi tr\u00ean n\u1ec1n \u0111\u00e1 tr\u1eafng s\u00e1ng t\u1ef1a c\u1ea9m th\u1ea1ch Calacatta, g\u1ee3i l\u00ean h\u00ecnh \u1ea3nh nh\u1eefng con s\u00f3ng l\u1edbn li\u00ean h\u1ed3i x\u00f4 v\u00e0o b\u00e3i \u0111\u00e1, mang theo n\u0103ng l\u01b0\u1ee3ng v\u00f4 bi\u00ean c\u1ee7a bi\u1ec3n c\u1ea3.<\/p>\n<p><strong>VICOSTONE\u00ae Acqua Series &#8211; V\u0169 \u0111i\u1ec7u \u0110\u1ea1i d\u01b0\u01a1ng<\/strong><\/p>\n<p>B\u1ed9 s\u01b0u t\u1eadp VICOSTONE\u00ae Acqua Series \u2013 V\u0169 \u0111i\u1ec7u \u0110\u1ea1i d\u01b0\u01a1ng \u0111\u01b0\u1ee3c l\u1ea5y c\u1ea3m h\u1ee9ng t\u1eeb \u0111\u1ea1i d\u01b0\u01a1ng bao la v\u00e0 b\u00ed \u1ea9n, d\u1eef d\u1ed9i nh\u01b0ng c\u0169ng th\u1eadt d\u1ecbu \u00eam. V\u1ebb \u0111\u1eb9p quy\u1ebfn r\u0169 c\u1ee7a bi\u1ec3n c\u1ea3 \u0111\u00e3 kh\u01a1i ngu\u1ed3n c\u1ea3m x\u00fac v\u00e0 n\u0103ng l\u01b0\u1ee3ng cho b\u1ed9 s\u01b0u t\u1eadp n\u00e0y.<\/p>\n<p>T\u1eeb m\u00e0u xanh ng\u1ecdc c\u1ee7a bi\u1ec3n, v\u00e0ng nh\u1ea1t c\u1ee7a c\u00e1t, tr\u1eafng c\u1ee7a m\u00e2y tr\u1eddi \u0111\u1ebfn nh\u1eefng h\u1ecda ti\u1ebft x\u00e1m b\u1ea1c tinh t\u1ebf, t\u1ea5t c\u1ea3 \u0111\u01b0\u1ee3c t\u00e1i hi\u1ec7n s\u1ed1ng \u0111\u1ed9ng qua 9 s\u1ea3n ph\u1ea9m m\u1edbi. Nh\u1eefng \u0111\u01b0\u1eddng v\u00e2n g\u1ee3n s\u00f3ng tr\u1ea3i d\u00e0i tr\u00ean t\u1ea5m \u0111\u00e1 t\u1ea1o chi\u1ec1u s\u00e2u nh\u01b0 l\u1edbp tr\u1ea7m t\u00edch ng\u00e0n n\u0103m, mang \u0111\u1ebfn tinh th\u1ea7n t\u1ef1 do, ph\u00f3ng kho\u00e1ng v\u00e0 an y\u00ean cho kh\u00f4ng gian s\u1ed1ng. B\u1ed9 s\u01b0u t\u1eadp VICOSTONE\u00ae Acqua Series h\u1ee9a h\u1eb9n mang \u0111\u1ebfn ngu\u1ed3n c\u1ea3m h\u1ee9ng s\u1ed1ng t\u00edch c\u1ef1c, bi\u1ebfn ng\u00f4i nh\u00e0 th\u00e0nh n\u01a1i kh\u1edfi ngu\u1ed3n c\u1ee7a nh\u1eefng \u0111i\u1ec1u t\u1ed1t \u0111\u1eb9p.<\/p>\n<figure id=\"attachment_3345\" aria-describedby=\"caption-attachment-3345\" style=\"width: 443px\" class=\"wp-caption alignnone\"><img decoding=\"async\" class=\"size-full wp-image-3345\" src=\"http:\/\/royalstone.com.vn\/wp-content\/uploads\/2025\/02\/BQ8925.png\" alt=\"Bq8925\" width=\"443\" height=\"345\" title=\"\" srcset=\"https:\/\/royalstone.com.vn\/wp-content\/uploads\/2025\/02\/BQ8925.png 443w, https:\/\/royalstone.com.vn\/wp-content\/uploads\/2025\/02\/BQ8925-300x234.png 300w, https:\/\/royalstone.com.vn\/wp-content\/uploads\/2025\/02\/BQ8925-15x12.png 15w\" sizes=\"(max-width: 443px) 100vw, 443px\" \/><figcaption id=\"caption-attachment-3345\" class=\"wp-caption-text\">Bq8925<\/figcaption><\/figure>","protected":false},"excerpt":{"rendered":"<p>Faniello BQ8925 VICOSTONE\u00ae Faniello BQ8925 v\u1edbi nh\u1eefng \u0111\u01b0\u1eddng v\u00e2n l\u1edbn d\u1ea1ng l\u01b0\u1edbi tr\u00ean n\u1ec1n \u0111\u00e1 tr\u1eafng s\u00e1ng t\u1ef1a c\u1ea9m th\u1ea1ch Calacatta, g\u1ee3i l\u00ean h\u00ecnh \u1ea3nh nh\u1eefng con s\u00f3ng l\u1edbn li\u00ean h\u1ed3i x\u00f4 v\u00e0o b\u00e3i \u0111\u00e1, mang theo n\u0103ng l\u01b0\u1ee3ng v\u00f4 bi\u00ean c\u1ee7a bi\u1ec3n c\u1ea3. VICOSTONE\u00ae Acqua Series &#8211; V\u0169 \u0111i\u1ec7u \u0110\u1ea1i d\u01b0\u01a1ng B\u1ed9 s\u01b0u t\u1eadp&#8230;<\/p>","protected":false},"featured_media":3345,"comment_status":"closed","ping_status":"closed","template":"","meta":{"inline_featured_image":false},"product_cat":[101],"product_tag":[],"class_list":{"0":"post-3344","1":"product","2":"type-product","3":"status-publish","4":"has-post-thumbnail","6":"product_cat-vicostone-nhom-e","8":"first","9":"instock","10":"shipping-taxable","11":"purchasable","12":"product-type-simple"},"_links":{"self":[{"href":"https:\/\/royalstone.com.vn\/en\/wp-json\/wp\/v2\/product\/3344","targetHints":{"allow":["GET"]}}],"collection":[{"href":"https:\/\/royalstone.com.vn\/en\/wp-json\/wp\/v2\/product"}],"about":[{"href":"https:\/\/royalstone.com.vn\/en\/wp-json\/wp\/v2\/types\/product"}],"replies":[{"embeddable":true,"href":"https:\/\/royalstone.com.vn\/en\/wp-json\/wp\/v2\/comments?post=3344"}],"wp:featuredmedia":[{"embeddable":true,"href":"https:\/\/royalstone.com.vn\/en\/wp-json\/wp\/v2\/media\/3345"}],"wp:attachment":[{"href":"https:\/\/royalstone.com.vn\/en\/wp-json\/wp\/v2\/media?parent=3344"}],"wp:term":[{"taxonomy":"product_cat","embeddable":true,"href":"https:\/\/royalstone.com.vn\/en\/wp-json\/wp\/v2\/product_cat?post=3344"},{"taxonomy":"product_tag","embeddable":true,"href":"https:\/\/royalstone.com.vn\/en\/wp-json\/wp\/v2\/product_tag?post=3344"}],"curies":[{"name":"wp","href":"https:\/\/api.w.org\/{rel}","templated":true}]}}