{"id":3340,"date":"2025-02-07T22:00:56","date_gmt":"2025-02-07T15:00:56","guid":{"rendered":"http:\/\/royalstone.com.vn\/?post_type=product&#038;p=3340"},"modified":"2025-03-09T21:02:28","modified_gmt":"2025-03-09T14:02:28","slug":"vicostone-bettoglio-bq8800","status":"publish","type":"product","link":"https:\/\/royalstone.com.vn\/en\/vicostone-bettoglio-bq8800\/","title":{"rendered":"Vicostone Bettoglio BQ8800"},"content":{"rendered":"<h2>Bettoglio BQ8800<\/h2>\n<p data-sourcepos=\"13:1-13:265\">VICOSTONE\u00ae Bettoglio BQ8800 l\u00e0 m\u1ed9t t\u00e1c ph\u1ea9m ngh\u1ec7 thu\u1eadt \u0111\u1ed9c \u0111\u00e1o, t\u00e1i hi\u1ec7n v\u1ebb \u0111\u1eb9p s\u1ed1ng \u0111\u1ed9ng c\u1ee7a bi\u1ec3n c\u1ea3 v\u1edbi nh\u1eefng \u0111\u01b0\u1eddng v\u00e2n x\u00e1m nh\u1ea1t tr\u00ean n\u1ec1n \u0111\u00e1 tr\u1eafng. Hi\u1ec7u \u1ee9ng th\u1ecb gi\u00e1c n\u00e0y g\u1ee3i l\u00ean h\u00ecnh \u1ea3nh nh\u1eefng con s\u00f3ng v\u1ed7 b\u1edd, t\u1ea1o n\u00ean m\u1ed9t kh\u00f4ng gian s\u1ed1ng t\u01b0\u01a1i m\u00e1t v\u00e0 \u0111\u1ea7y c\u1ea3m h\u1ee9ng.<\/p>\n<p data-sourcepos=\"15:1-15:36\">B\u1ed9 s\u01b0u t\u1eadp VICOSTONE\u00ae Acqua Series \u2013 V\u0169 \u0111i\u1ec7u \u0110\u1ea1i d\u01b0\u01a1ng l\u00e0 k\u1ebft qu\u1ea3 c\u1ee7a qu\u00e1 tr\u00ecnh s\u00e1ng t\u1ea1o kh\u00f4ng ng\u1eebng, l\u1ea5y c\u1ea3m h\u1ee9ng t\u1eeb v\u1ebb \u0111\u1eb9p huy\u1ec1n b\u00ed c\u1ee7a \u0111\u1ea1i d\u01b0\u01a1ng. B\u1ed9 s\u01b0u t\u1eadp kh\u00f4ng ch\u1ec9 l\u00e0 nh\u1eefng s\u1ea3n ph\u1ea9m <b><a href=\"https:\/\/royalstone.com.vn\/en\/da-thach-anh-2-cm-ve-dep-hoan-hao-cho-khong-gian\/\">\u0111\u00e1 th\u1ea1ch anh<\/a><\/b> cao c\u1ea5p m\u00e0 c\u00f2n l\u00e0 ngu\u1ed3n c\u1ea3m h\u1ee9ng b\u1ea5t t\u1eadn, g\u00f3p ph\u1ea7n t\u1ea1o n\u00ean nh\u1eefng kh\u00f4ng gian s\u1ed1ng \u0111\u1ed9c \u0111\u00e1o v\u00e0 tinh t\u1ebf.<\/p>\n<p data-sourcepos=\"17:1-17:229\">V\u1edbi 9 s\u1ea3n ph\u1ea9m m\u1edbi, b\u1ed9 s\u01b0u t\u1eadp t\u00e1i hi\u1ec7n ch\u00e2n th\u1ef1c v\u1ebb \u0111\u1eb9p mu\u00f4n m\u00e0u c\u1ee7a bi\u1ec3n c\u1ea3, t\u1eeb m\u00e0u xanh ng\u1ecdc b\u00edch \u0111\u1ebfn m\u00e0u v\u00e0ng c\u00e1t, tr\u1eafng m\u00e2y tr\u1eddi v\u00e0 x\u00e1m b\u1ea1c. Nh\u1eefng \u0111\u01b0\u1eddng v\u00e2n g\u1ee3n s\u00f3ng tr\u00ean \u0111\u00e1 t\u1ea1o chi\u1ec1u s\u00e2u v\u00e0 s\u1ef1 s\u1ed1ng \u0111\u1ed9ng cho kh\u00f4ng gian, mang \u0111\u1ebfn c\u1ea3m gi\u00e1c t\u1ef1 do, th\u01b0 th\u00e1i v\u00e0 an y\u00ean. VICOSTONE\u00ae Acqua Series h\u1ee9a h\u1eb9n mang \u0111\u1ebfn ngu\u1ed3n n\u0103ng l\u01b0\u1ee3ng t\u00edch c\u1ef1c, bi\u1ebfn ng\u00f4i nh\u00e0 th\u00e0nh n\u01a1i kh\u01a1i ngu\u1ed3n c\u1ea3m h\u1ee9ng v\u00e0 s\u00e1ng t\u1ea1o.<\/p>\n<figure id=\"attachment_3341\" aria-describedby=\"caption-attachment-3341\" style=\"width: 443px\" class=\"wp-caption alignnone\"><img decoding=\"async\" class=\"size-full wp-image-3341\" src=\"http:\/\/royalstone.com.vn\/wp-content\/uploads\/2025\/02\/BQ8800.png\" alt=\"Bq8800\" width=\"443\" height=\"349\" title=\"\" srcset=\"https:\/\/royalstone.com.vn\/wp-content\/uploads\/2025\/02\/BQ8800.png 443w, https:\/\/royalstone.com.vn\/wp-content\/uploads\/2025\/02\/BQ8800-300x236.png 300w, https:\/\/royalstone.com.vn\/wp-content\/uploads\/2025\/02\/BQ8800-15x12.png 15w\" sizes=\"(max-width: 443px) 100vw, 443px\" \/><figcaption id=\"caption-attachment-3341\" class=\"wp-caption-text\">Bq8800<\/figcaption><\/figure>","protected":false},"excerpt":{"rendered":"<p>Bettoglio BQ8800 VICOSTONE\u00ae Bettoglio BQ8800 l\u00e0 m\u1ed9t t\u00e1c ph\u1ea9m ngh\u1ec7 thu\u1eadt \u0111\u1ed9c \u0111\u00e1o, t\u00e1i hi\u1ec7n v\u1ebb \u0111\u1eb9p s\u1ed1ng \u0111\u1ed9ng c\u1ee7a bi\u1ec3n c\u1ea3 v\u1edbi nh\u1eefng \u0111\u01b0\u1eddng v\u00e2n x\u00e1m nh\u1ea1t tr\u00ean n\u1ec1n \u0111\u00e1 tr\u1eafng. Hi\u1ec7u \u1ee9ng th\u1ecb gi\u00e1c n\u00e0y g\u1ee3i l\u00ean h\u00ecnh \u1ea3nh nh\u1eefng con s\u00f3ng v\u1ed7 b\u1edd, t\u1ea1o n\u00ean m\u1ed9t kh\u00f4ng gian s\u1ed1ng t\u01b0\u01a1i m\u00e1t v\u00e0&#8230;<\/p>","protected":false},"featured_media":3341,"comment_status":"closed","ping_status":"closed","template":"","meta":{"inline_featured_image":false},"product_cat":[101],"product_tag":[],"class_list":{"0":"post-3340","1":"product","2":"type-product","3":"status-publish","4":"has-post-thumbnail","6":"product_cat-vicostone-nhom-e","8":"first","9":"instock","10":"shipping-taxable","11":"purchasable","12":"product-type-simple"},"_links":{"self":[{"href":"https:\/\/royalstone.com.vn\/en\/wp-json\/wp\/v2\/product\/3340","targetHints":{"allow":["GET"]}}],"collection":[{"href":"https:\/\/royalstone.com.vn\/en\/wp-json\/wp\/v2\/product"}],"about":[{"href":"https:\/\/royalstone.com.vn\/en\/wp-json\/wp\/v2\/types\/product"}],"replies":[{"embeddable":true,"href":"https:\/\/royalstone.com.vn\/en\/wp-json\/wp\/v2\/comments?post=3340"}],"wp:featuredmedia":[{"embeddable":true,"href":"https:\/\/royalstone.com.vn\/en\/wp-json\/wp\/v2\/media\/3341"}],"wp:attachment":[{"href":"https:\/\/royalstone.com.vn\/en\/wp-json\/wp\/v2\/media?parent=3340"}],"wp:term":[{"taxonomy":"product_cat","embeddable":true,"href":"https:\/\/royalstone.com.vn\/en\/wp-json\/wp\/v2\/product_cat?post=3340"},{"taxonomy":"product_tag","embeddable":true,"href":"https:\/\/royalstone.com.vn\/en\/wp-json\/wp\/v2\/product_tag?post=3340"}],"curies":[{"name":"wp","href":"https:\/\/api.w.org\/{rel}","templated":true}]}}