{"id":3336,"date":"2025-02-07T21:54:27","date_gmt":"2025-02-07T14:54:27","guid":{"rendered":"http:\/\/royalstone.com.vn\/?post_type=product&#038;p=3336"},"modified":"2025-03-09T21:02:06","modified_gmt":"2025-03-09T14:02:06","slug":"vicostone-splendix-bq9802","status":"publish","type":"product","link":"https:\/\/royalstone.com.vn\/en\/vicostone-splendix-bq9802\/","title":{"rendered":"Vicostone Splendix BQ9802"},"content":{"rendered":"<h2>Splendix BQ9802<\/h2>\n<p data-sourcepos=\"5:1-5:309\">VICOSTONE\u00ae Splendix BQ9802 v\u1edbi c\u00e1c \u0111\u01b0\u1eddng v\u00e2n l\u1edbn nhi\u1ec1u l\u1edbp m\u00e0u x\u00e1m tr\u1eafng \u0111an xen, t\u1ea1o chi\u1ec1u s\u00e2u hi\u1ec7n \u0111\u1ea1i v\u00e0 sang tr\u1ecdng tr\u00ean n\u1ec1n \u0111\u00e1 m\u00f4 ph\u1ecfng hi\u1ec7u \u1ee9ng c\u1ea9m th\u1ea1ch v\u00e0 quartzite. Thi\u1ebft k\u1ebf \u0111\u1ed9c \u0111\u00e1o n\u00e0y ph\u00e1c th\u1ea3o khung c\u1ea3nh h\u00f9ng v\u0129 n\u01a1i g\u1eb7p g\u1ee1 c\u1ee7a n\u00fai v\u00e0 bi\u1ec3n, nh\u1eefng d\u00e3y n\u00fai tr\u00f9ng \u0111i\u1ec7p giao nhau v\u1edbi bi\u1ec3n c\u1ea3 m\u00eanh m\u00f4ng.<\/p>\n<p data-sourcepos=\"7:1-7:217\">B\u1ed9 s\u01b0u t\u1eadp VICOSTONE\u00ae Acqua Series \u2013 V\u0169 \u0111i\u1ec7u \u0110\u1ea1i d\u01b0\u01a1ng \u0111\u01b0\u1ee3c l\u1ea5y c\u1ea3m h\u1ee9ng t\u1eeb \u0111\u1ea1i d\u01b0\u01a1ng bao la v\u00e0 b\u00ed \u1ea9n, d\u1eef d\u1ed9i nh\u01b0ng c\u0169ng th\u1eadt d\u1ecbu \u00eam. V\u1ebb \u0111\u1eb9p quy\u1ebfn r\u0169 c\u1ee7a bi\u1ec3n c\u1ea3 \u0111\u00e3 kh\u01a1i ngu\u1ed3n c\u1ea3m x\u00fac v\u00e0 n\u0103ng l\u01b0\u1ee3ng cho b\u1ed9 s\u01b0u t\u1eadp n\u00e0y.<\/p>\n<p data-sourcepos=\"9:1-9:451\">T\u1eeb m\u00e0u xanh ng\u1ecdc c\u1ee7a bi\u1ec3n, v\u00e0ng nh\u1ea1t c\u1ee7a c\u00e1t, tr\u1eafng c\u1ee7a m\u00e2y tr\u1eddi \u0111\u1ebfn nh\u1eefng h\u1ecda ti\u1ebft x\u00e1m b\u1ea1c tinh t\u1ebf,<span class=\"animating\"> t\u1ea5t c\u1ea3 \u0111\u01b0\u1ee3c t\u00e1i hi\u1ec7n s\u1ed1ng \u0111\u1ed9ng qua 9 s\u1ea3n ph\u1ea9m m\u1edbi.<\/span> Nh\u1eefng \u0111\u01b0\u1eddng v\u00e2n g\u1ee3n s\u00f3ng tr\u1ea3i d\u00e0i tr\u00ean t\u1ea5m \u0111\u00e1 t\u1ea1o chi\u1ec1u s\u00e2u nh\u01b0 l\u1edbp tr\u1ea7m t\u00edch ng\u00e0n n\u0103m, mang \u0111\u1ebfn tinh th\u1ea7n t\u1ef1 do, ph\u00f3ng kho\u00e1ng v\u00e0 an y\u00ean cho kh\u00f4ng gian s\u1ed1ng. B\u1ed9 s\u01b0u t\u1eadp VICOSTONE\u00ae Acqua Series h\u1ee9a h\u1eb9n mang \u0111\u1ebfn ngu\u1ed3n c\u1ea3m h\u1ee9ng s\u1ed1ng t\u00edch c\u1ef1c, bi\u1ebfn ng\u00f4i nh\u00e0 th\u00e0nh n\u01a1i kh\u1edfi ngu\u1ed3n c\u1ee7a nh\u1eefng \u0111i\u1ec1u t\u1ed1t \u0111\u1eb9p.&#8221;<\/p>\n<p><img decoding=\"async\" class=\"size-full wp-image-3337\" style=\"color: #333333; font-size: 14.4px;\" src=\"http:\/\/royalstone.com.vn\/wp-content\/uploads\/2025\/02\/BQ9802.png\" alt=\"Bq9802\" width=\"441\" height=\"345\" title=\"\" srcset=\"https:\/\/royalstone.com.vn\/wp-content\/uploads\/2025\/02\/BQ9802.png 441w, https:\/\/royalstone.com.vn\/wp-content\/uploads\/2025\/02\/BQ9802-300x235.png 300w, https:\/\/royalstone.com.vn\/wp-content\/uploads\/2025\/02\/BQ9802-15x12.png 15w\" sizes=\"(max-width: 441px) 100vw, 441px\" \/><\/p>\n<p>Bq9802<\/p>","protected":false},"excerpt":{"rendered":"<h3><strong>Th\u00f4ng s\u1ed1 k\u1ef9 thu\u1eadt<\/strong><\/h3>\n<p>KH\u1ed4 K\u00cdCH TH\u01af\u1edaC C\u1ee6A T\u1ea4M \u0110\u00c1<\/p>\n<p>K\u00edch th\u01b0\u1edbc ti\u00eau chu\u1ea9n (normal size) 303cm x 143cm (119\u201d x 56\u201d)<\/p>\n<p>K\u00edch th\u01b0\u1edbc kh\u1ed5 l\u1edbn (jumbo size) 330cm x 165cm (130\u201d x 65\u201d<\/p>\n<p>\u0110\u1ed8 D\u00c0Y TI\u00caU CHU\u1ea8N<\/p>\n<p>12mm (1\/2\u201d)<br \/>\n20mm (3\/4\u201d)<br \/>\n30mm (1 1\/6\u201d)<\/p>\n<p>C\u00c1C LO\u1ea0I B\u1ec0 M\u1eb6T<\/p>\n<p>Polished<\/p>","protected":false},"featured_media":3337,"comment_status":"closed","ping_status":"closed","template":"","meta":{"inline_featured_image":false},"product_cat":[101],"product_tag":[],"class_list":{"0":"post-3336","1":"product","2":"type-product","3":"status-publish","4":"has-post-thumbnail","6":"product_cat-vicostone-nhom-e","8":"first","9":"instock","10":"shipping-taxable","11":"purchasable","12":"product-type-simple"},"_links":{"self":[{"href":"https:\/\/royalstone.com.vn\/en\/wp-json\/wp\/v2\/product\/3336","targetHints":{"allow":["GET"]}}],"collection":[{"href":"https:\/\/royalstone.com.vn\/en\/wp-json\/wp\/v2\/product"}],"about":[{"href":"https:\/\/royalstone.com.vn\/en\/wp-json\/wp\/v2\/types\/product"}],"replies":[{"embeddable":true,"href":"https:\/\/royalstone.com.vn\/en\/wp-json\/wp\/v2\/comments?post=3336"}],"wp:featuredmedia":[{"embeddable":true,"href":"https:\/\/royalstone.com.vn\/en\/wp-json\/wp\/v2\/media\/3337"}],"wp:attachment":[{"href":"https:\/\/royalstone.com.vn\/en\/wp-json\/wp\/v2\/media?parent=3336"}],"wp:term":[{"taxonomy":"product_cat","embeddable":true,"href":"https:\/\/royalstone.com.vn\/en\/wp-json\/wp\/v2\/product_cat?post=3336"},{"taxonomy":"product_tag","embeddable":true,"href":"https:\/\/royalstone.com.vn\/en\/wp-json\/wp\/v2\/product_tag?post=3336"}],"curies":[{"name":"wp","href":"https:\/\/api.w.org\/{rel}","templated":true}]}}