{"id":3324,"date":"2025-02-07T21:39:24","date_gmt":"2025-02-07T14:39:24","guid":{"rendered":"http:\/\/royalstone.com.vn\/?post_type=product&#038;p=3324"},"modified":"2025-03-09T21:02:54","modified_gmt":"2025-03-09T14:02:54","slug":"vicostone-calacatta-bq8270","status":"publish","type":"product","link":"https:\/\/royalstone.com.vn\/en\/vicostone-calacatta-bq8270\/","title":{"rendered":"Vicostone Calacatta BQ8270"},"content":{"rendered":"<h2>Calacatta BQ8270<\/h2>\n<p>L\u1ea5y c\u1ea3m h\u1ee9ng t\u1eeb Calacatta, d\u00f2ng \u0111\u00e1 c\u1ea9m th\u1ea1ch n\u1ed5i ti\u1ebfng c\u1ee7a \u00dd \u0111\u01b0\u1ee3c m\u1ec7nh danh l\u00e0 &#8220;n\u1eef ho\u00e0ng c\u1ee7a \u0111\u00e1 t\u1ef1 nhi\u00ean&#8221;, <b><a href=\"https:\/\/royalstone.com.vn\/en\/vicostone-denali-bq2605\/\">Vicostone<\/a><\/b> \u0111\u00e3 ti\u00ean phong gi\u1edbi thi\u1ec7u s\u1ea3n ph\u1ea9m <b><a href=\"https:\/\/royalstone.com.vn\/en\/da-thach-anh-2-cm-ve-dep-hoan-hao-cho-khong-gian\/\">\u0111\u00e1 th\u1ea1ch anh<\/a><\/b> cao c\u1ea5p Calacatta BQ8270 v\u00e0o n\u0103m 2011 t\u1ea1i tri\u1ec3n l\u00e3m Marmomacc. \u0110\u00e2y l\u00e0 s\u1ea3n ph\u1ea9m <b><a href=\"https:\/\/royalstone.com.vn\/en\/da-nung-ket-ve-dep-hoan-hao-cho-khong-gian\/\">\u0111\u00e1 nh\u00e2n t\u1ea1o<\/a><\/b> \u0111\u1ea7u ti\u00ean tr\u00ean th\u1ebf gi\u1edbi m\u00f4 ph\u1ecfng tr\u1ecdn v\u1eb9n v\u1ebb \u0111\u1eb9p l\u1ed9ng l\u1eaby c\u1ee7a Calacatta. Tr\u00ean n\u1ec1n tr\u1eafng c\u1ea9m th\u1ea1ch tinh kh\u00f4i, nh\u1eefng \u0111\u01b0\u1eddng v\u00e2n m\u1ea1nh m\u1ebd nh\u01b0 d\u00f2ng ch\u1ea3y m\u1eafc ma tri\u1ec7u n\u0103m t\u1ea1o n\u00ean m\u1ed9t tuy\u1ec7t t\u00e1c \u0111\u00e1 \u0111\u1ea7y \u1ea5n t\u01b0\u1ee3ng.<\/p>\n<h2>T\u1eeb B\u1ed9 s\u01b0u t\u1eadp Exotic<\/h2>\n<p>Thu\u1ed9c B\u1ed9 s\u01b0u t\u1eadp Exotic cao c\u1ea5p, n\u01a1i nh\u1eefng thi\u1ebft k\u1ebf \u0111\u1ed9c \u0111\u00e1o, tinh t\u1ebf v\u00e0 qu\u00fd ph\u00e1i \u0111\u01b0\u1ee3c t\u00e1i hi\u1ec7n t\u1eeb v\u1ebb \u0111\u1eb9p v\u00f4 gi\u00e1 c\u1ee7a thi\u00ean nhi\u00ean, Calacatta BQ8270 l\u00e0 k\u1ebft tinh c\u1ee7a ngu\u1ed3n c\u1ea3m h\u1ee9ng b\u1ea5t t\u1eadn cho m\u1ecdi s\u00e1ng t\u1ea1o.<\/p>\n<figure id=\"attachment_3325\" aria-describedby=\"caption-attachment-3325\" style=\"width: 439px\" class=\"wp-caption alignnone\"><img decoding=\"async\" class=\"size-full wp-image-3325\" src=\"http:\/\/royalstone.com.vn\/wp-content\/uploads\/2025\/02\/BQ8270.png\" alt=\"Bq8270\" width=\"439\" height=\"342\" title=\"\" srcset=\"https:\/\/royalstone.com.vn\/wp-content\/uploads\/2025\/02\/BQ8270.png 439w, https:\/\/royalstone.com.vn\/wp-content\/uploads\/2025\/02\/BQ8270-300x234.png 300w, https:\/\/royalstone.com.vn\/wp-content\/uploads\/2025\/02\/BQ8270-15x12.png 15w\" sizes=\"(max-width: 439px) 100vw, 439px\" \/><figcaption id=\"caption-attachment-3325\" class=\"wp-caption-text\">Bq8270<\/figcaption><\/figure>\n<p>V\u00f9ng \u0111\u1ea5t Carrara \u2013 \u00dd l\u00e0 c\u1ed9i ngu\u1ed3n c\u1ee7a nh\u1eefng phi\u1ebfn \u0111\u00e1 Calacatta tuy\u1ec7t \u0111\u1eb9p. V\u1ebb \u0111\u1eb9p quy\u1ebfn r\u0169, ki\u00eau sa v\u00e0 qu\u00fd hi\u1ebfm c\u1ee7a d\u00f2ng \u0111\u00e1 n\u00e0y lu\u00f4n l\u00e0 ngu\u1ed3n c\u1ea3m h\u1ee9ng cho nh\u1eefng ng\u01b0\u1eddi kh\u00e1t v\u1ecdng t\u1ea1o ra nh\u1eefng t\u1ea5m \u0111\u00e1 nh\u00e2n t\u1ea1o gi\u1eef l\u1ea1i v\u1eb9n nguy\u00ean v\u1ebb \u0111\u1eb9p \u0111\u00f3. Vicostone t\u1ef1 h\u00e0o l\u00e0 nh\u1eefng ng\u01b0\u1eddi ti\u00ean phong ph\u00e1t tri\u1ec3n v\u00e0 s\u1ea3n xu\u1ea5t th\u00e0nh c\u00f4ng Calacatta BQ8270 v\u00e0 Arabescato BQ8912.<\/p>","protected":false},"excerpt":{"rendered":"<h2>Th\u00f4ng s\u1ed1 k\u1ef9 thu\u1eadt<\/h2>\n<p>KH\u1ed4 K\u00cdCH TH\u01af\u1edaC C\u1ee6A T\u1ea4M \u0110\u00c1<\/p>\n<p>K\u00edch th\u01b0\u1edbc ti\u00eau chu\u1ea9n (normal size) 144cm x 305cm (119\u201d x 56\u201d)<\/p>\n<p>\u0110\u1ed8 D\u00c0Y TI\u00caU CHU\u1ea8N<\/p>\n<p>12mm (1\/2\u201d)<br \/>\n20mm (3\/4\u201d)<br \/>\n30mm (1 1\/6\u201d)<\/p>\n<p>C\u00c1C LO\u1ea0I B\u1ec0 M\u1eb6T<\/p>\n<p>Polished<\/p>","protected":false},"featured_media":3325,"comment_status":"closed","ping_status":"closed","template":"","meta":{"inline_featured_image":false},"product_cat":[101],"product_tag":[],"class_list":{"0":"post-3324","1":"product","2":"type-product","3":"status-publish","4":"has-post-thumbnail","6":"product_cat-vicostone-nhom-e","8":"first","9":"instock","10":"shipping-taxable","11":"purchasable","12":"product-type-simple"},"_links":{"self":[{"href":"https:\/\/royalstone.com.vn\/en\/wp-json\/wp\/v2\/product\/3324","targetHints":{"allow":["GET"]}}],"collection":[{"href":"https:\/\/royalstone.com.vn\/en\/wp-json\/wp\/v2\/product"}],"about":[{"href":"https:\/\/royalstone.com.vn\/en\/wp-json\/wp\/v2\/types\/product"}],"replies":[{"embeddable":true,"href":"https:\/\/royalstone.com.vn\/en\/wp-json\/wp\/v2\/comments?post=3324"}],"wp:featuredmedia":[{"embeddable":true,"href":"https:\/\/royalstone.com.vn\/en\/wp-json\/wp\/v2\/media\/3325"}],"wp:attachment":[{"href":"https:\/\/royalstone.com.vn\/en\/wp-json\/wp\/v2\/media?parent=3324"}],"wp:term":[{"taxonomy":"product_cat","embeddable":true,"href":"https:\/\/royalstone.com.vn\/en\/wp-json\/wp\/v2\/product_cat?post=3324"},{"taxonomy":"product_tag","embeddable":true,"href":"https:\/\/royalstone.com.vn\/en\/wp-json\/wp\/v2\/product_tag?post=3324"}],"curies":[{"name":"wp","href":"https:\/\/api.w.org\/{rel}","templated":true}]}}