{"id":3320,"date":"2025-02-07T21:36:13","date_gmt":"2025-02-07T14:36:13","guid":{"rendered":"http:\/\/royalstone.com.vn\/?post_type=product&#038;p=3320"},"modified":"2025-03-09T21:03:25","modified_gmt":"2025-03-09T14:03:25","slug":"vicostone-borghini-bq8670","status":"publish","type":"product","link":"https:\/\/royalstone.com.vn\/en\/vicostone-borghini-bq8670\/","title":{"rendered":"Vicostone Borghini BQ8670"},"content":{"rendered":"<h2>Borghini BQ8670<\/h2>\n<p>L\u1ea5y c\u1ea3m h\u1ee9ng t\u1eeb Calacatta Borghini, m\u1ed9t nh\u00e1nh nh\u1ecf c\u1ee7a d\u00f2ng Calacatta n\u1ed5i ti\u1ebfng, <b><a href=\"https:\/\/royalstone.com.vn\/en\/vicostone-denali-bq2605\/\">Vicostone<\/a><\/b> Borghini BQ8670 \u0111\u01b0\u1ee3c thi\u1ebft k\u1ebf l\u1ea1i v\u1edbi nh\u1eefng \u0111\u01b0\u1eddng v\u00e2n nh\u01b0 d\u00f2ng ch\u1ea3y xuy\u00ean su\u1ed1t t\u1ea5m \u0111\u00e1. \u0110\u01b0\u1eddng v\u00e2n d\u1ea1ng l\u01b0\u1edbi d\u00e0y, t\u00f4ng m\u00e0u \u1ea5m \u00e1p v\u00e0 m\u1ee9c \u0111\u1ed9 chuy\u1ec3n ti\u1ebfp nh\u1eb9 nh\u00e0ng t\u1ea1o n\u00ean v\u1ebb \u0111\u1eb9p tinh t\u1ebf v\u00e0 \u0111\u1ed9c \u0111\u00e1o cho s\u1ea3n ph\u1ea9m.<\/p>\n<h2>T\u1eeb B\u1ed9 s\u01b0u t\u1eadp Exotic<\/h2>\n<p>S\u1ea3n ph\u1ea9m thu\u1ed9c B\u1ed9 s\u01b0u t\u1eadp Exotic cao c\u1ea5p, n\u01a1i nh\u1eefng thi\u1ebft k\u1ebf \u0111\u1ed9c \u0111\u00e1o, tinh t\u1ebf v\u00e0 qu\u00fd ph\u00e1i \u0111\u01b0\u1ee3c t\u00e1i hi\u1ec7n t\u1eeb v\u1ebb \u0111\u1eb9p v\u00f4 gi\u00e1 c\u1ee7a thi\u00ean nhi\u00ean, ngu\u1ed3n c\u1ea3m h\u1ee9ng b\u1ea5t t\u1eadn cho m\u1ecdi s\u00e1ng t\u1ea1o<\/p>\n<figure id=\"attachment_3321\" aria-describedby=\"caption-attachment-3321\" style=\"width: 449px\" class=\"wp-caption alignnone\"><img decoding=\"async\" class=\"size-full wp-image-3321\" src=\"http:\/\/royalstone.com.vn\/wp-content\/uploads\/2025\/02\/BQ8670.png\" alt=\"Bq8670\" width=\"449\" height=\"394\" title=\"\" srcset=\"https:\/\/royalstone.com.vn\/wp-content\/uploads\/2025\/02\/BQ8670.png 449w, https:\/\/royalstone.com.vn\/wp-content\/uploads\/2025\/02\/BQ8670-300x263.png 300w, https:\/\/royalstone.com.vn\/wp-content\/uploads\/2025\/02\/BQ8670-14x12.png 14w\" sizes=\"(max-width: 449px) 100vw, 449px\" \/><figcaption id=\"caption-attachment-3321\" class=\"wp-caption-text\">Bq8670<\/figcaption><\/figure>","protected":false},"excerpt":{"rendered":"<h2>Th\u00f4ng s\u1ed1 k\u1ef9 thu\u1eadt<\/h2>\n<p>KH\u1ed4 K\u00cdCH TH\u01af\u1edaC C\u1ee6A T\u1ea4M \u0110\u00c1<\/p>\n<p>K\u00edch th\u01b0\u1edbc ti\u00eau chu\u1ea9n (normal size) 303cm x 143cm (119\u201d x 56\u201d)<br \/>\nK\u00edch th\u01b0\u1edbc kh\u1ed5 l\u1edbn (jumbo size) 330cm x 165cm (130\u201d x 65\u201d)<\/p>\n<p>\u0110\u1ed8 D\u00c0Y TI\u00caU CHU\u1ea8N<\/p>\n<p>12mm (1\/2\u201d)<br \/>\n20mm (3\/4\u201d)<br \/>\n30mm (1 1\/6\u201d)<\/p>\n<p>C\u00c1C LO\u1ea0I B\u1ec0 M\u1eb6T<\/p>\n<p>Polished<\/p>","protected":false},"featured_media":3321,"comment_status":"closed","ping_status":"closed","template":"","meta":{"inline_featured_image":false},"product_cat":[101],"product_tag":[],"class_list":{"0":"post-3320","1":"product","2":"type-product","3":"status-publish","4":"has-post-thumbnail","6":"product_cat-vicostone-nhom-e","8":"first","9":"instock","10":"shipping-taxable","11":"purchasable","12":"product-type-simple"},"_links":{"self":[{"href":"https:\/\/royalstone.com.vn\/en\/wp-json\/wp\/v2\/product\/3320","targetHints":{"allow":["GET"]}}],"collection":[{"href":"https:\/\/royalstone.com.vn\/en\/wp-json\/wp\/v2\/product"}],"about":[{"href":"https:\/\/royalstone.com.vn\/en\/wp-json\/wp\/v2\/types\/product"}],"replies":[{"embeddable":true,"href":"https:\/\/royalstone.com.vn\/en\/wp-json\/wp\/v2\/comments?post=3320"}],"wp:featuredmedia":[{"embeddable":true,"href":"https:\/\/royalstone.com.vn\/en\/wp-json\/wp\/v2\/media\/3321"}],"wp:attachment":[{"href":"https:\/\/royalstone.com.vn\/en\/wp-json\/wp\/v2\/media?parent=3320"}],"wp:term":[{"taxonomy":"product_cat","embeddable":true,"href":"https:\/\/royalstone.com.vn\/en\/wp-json\/wp\/v2\/product_cat?post=3320"},{"taxonomy":"product_tag","embeddable":true,"href":"https:\/\/royalstone.com.vn\/en\/wp-json\/wp\/v2\/product_tag?post=3320"}],"curies":[{"name":"wp","href":"https:\/\/api.w.org\/{rel}","templated":true}]}}