{"id":3312,"date":"2025-02-07T21:27:29","date_gmt":"2025-02-07T14:27:29","guid":{"rendered":"http:\/\/royalstone.com.vn\/?post_type=product&#038;p=3312"},"modified":"2025-03-09T21:03:09","modified_gmt":"2025-03-09T14:03:09","slug":"vicostone-gan-eden-bq8881","status":"publish","type":"product","link":"https:\/\/royalstone.com.vn\/en\/vicostone-gan-eden-bq8881\/","title":{"rendered":"Vicostone Gan Eden BQ8881"},"content":{"rendered":"<h2>Gan Eden BQ8881<\/h2>\n<p>Thu\u1ed9c B\u1ed9 s\u01b0u t\u1eadp Exotic cao c\u1ea5p, n\u01a1i nh\u1eefng thi\u1ebft k\u1ebf \u0111\u1ed9c \u0111\u00e1o, tinh t\u1ebf v\u00e0 qu\u00fd ph\u00e1i \u0111\u01b0\u1ee3c t\u00e1i hi\u1ec7n t\u1eeb \u0111\u00e1 t\u1ef1 nhi\u00ean v\u00e0 v\u1ebb \u0111\u1eb9p v\u00f4 gi\u00e1 c\u1ee7a thi\u00ean nhi\u00ean, Gan Eden BQ8881 c\u1ee7a <b><a href=\"https:\/\/royalstone.com.vn\/en\/vicostone-denali-bq2605\/\">Vicostone<\/a><\/b> n\u1ed5i b\u1eadt v\u1edbi c\u00e1c m\u1ea3ng v\u00e2n m\u00f4 ph\u1ecfng nh\u1eefng \u0111\u00e1m m\u00e2y trong tr\u1ebbo nh\u1eb9 nh\u00e0ng. C\u00e1ch s\u1eafp x\u1ebfp ng\u1eabu nhi\u00ean nh\u01b0ng h\u00e0i h\u00f2a c\u1ee7a c\u00e1c m\u1ea3ng v\u00e2n n\u00e0y t\u1ea1o n\u00ean m\u1ed9t b\u1ee9c tranh t\u1ed5ng th\u1ec3 \u0111\u1ed3ng nh\u1ea5t, k\u00edch ho\u1ea1t tr\u00ed t\u01b0\u1edfng t\u01b0\u1ee3ng c\u1ee7a ng\u01b0\u1eddi xem.<\/p>\n<h2>T\u1eeb B\u1ed9 s\u01b0u t\u1eadp Exotic<\/h2>\n<p>B\u1ed9 s\u01b0u t\u1eadp cao c\u1ea5p Exotic t\u00e1i t\u1ea1o nh\u1eefng thi\u1ebft k\u1ebf \u0111\u1ed9c \u0111\u00e1o, tinh t\u1ebf, qu\u00fd ph\u00e1i kh\u00f4ng ch\u1ec9 c\u1ee7a c\u00e1c s\u1ea3n ph\u1ea9m \u0111\u00e1 t\u1ef1 nhi\u00ean m\u00e0 c\u00f2n t\u1eeb nh\u1eefng v\u1ebb \u0111\u1eb9p v\u00f4 gi\u00e1 c\u1ee7a thi\u00ean nhi\u00ean, l\u00e0 ngu\u1ed3n c\u1ea3m h\u1ee9ng b\u1ea5t t\u1eadn cho m\u1ecdi s\u00e1ng t\u1ea1o.<\/p>\n<figure id=\"attachment_3313\" aria-describedby=\"caption-attachment-3313\" style=\"width: 442px\" class=\"wp-caption alignnone\"><img decoding=\"async\" class=\"size-full wp-image-3313\" src=\"http:\/\/royalstone.com.vn\/wp-content\/uploads\/2025\/02\/BQ8881.png\" alt=\"Bq8881\" width=\"442\" height=\"347\" title=\"\" srcset=\"https:\/\/royalstone.com.vn\/wp-content\/uploads\/2025\/02\/BQ8881.png 442w, https:\/\/royalstone.com.vn\/wp-content\/uploads\/2025\/02\/BQ8881-300x236.png 300w, https:\/\/royalstone.com.vn\/wp-content\/uploads\/2025\/02\/BQ8881-15x12.png 15w\" sizes=\"(max-width: 442px) 100vw, 442px\" \/><figcaption id=\"caption-attachment-3313\" class=\"wp-caption-text\">Bq8881<\/figcaption><\/figure>\n<p>T\u1eeb ng\u00e0n \u0111\u1eddi nay, m\u00e2y tr\u1eddi lu\u00f4n l\u00e0 ngu\u1ed3n c\u1ea3m h\u1ee9ng b\u1ea5t t\u1eadn cho ngh\u1ec7 thu\u1eadt. V\u1edbi nh\u1eefng ngh\u1ec7 s\u0129 c\u1ee7a Vicostone, \u0111\u00f3 c\u0169ng kh\u00f4ng ph\u1ea3i ngo\u1ea1i l\u1ec7. Ng\u1eafm nh\u00ecn b\u1ea7u tr\u1eddi m\u00e2y qua \u00f4 c\u1eeda m\u00e1y bay, h\u1ecd t\u00ecm th\u1ea5y v\u00f4 v\u00e0n c\u1ea3m x\u00fac: t\u1eeb s\u1ef1 trong tr\u1ebbo, nh\u1eb9 nh\u00e0ng c\u1ee7a nh\u1eefng \u0111\u00e1m m\u00e2y tr\u1eafng b\u1ed3ng b\u1ec1nh, \u0111\u1ebfn s\u1ef1 m\u1ea1nh m\u1ebd, d\u1eef d\u1ed9i c\u1ee7a nh\u1eefng \u0111\u00e1m m\u00e2y \u0111en v\u1ea7n v\u0169 tr\u01b0\u1edbc c\u01a1n b\u00e3o, hay v\u1ebb k\u1ef3 b\u00ed, cu\u1ed1n h\u00fat c\u1ee7a b\u1ea7u tr\u1eddi \u0111\u00eam tr\u00ean c\u00e1c v\u00f9ng c\u1ef1c. T\u1ea5t c\u1ea3 nh\u1eefng tuy\u1ec7t t\u00e1c c\u1ee7a m\u00e2y tr\u1eddi \u0111\u00f3 \u0111\u00e3 \u0111\u01b0\u1ee3c Vicostone kh\u1eafc h\u1ecda tr\u1ecdn v\u1eb9n trong b\u1ed9 s\u01b0u t\u1eadp Sky Series.&#8221;<\/p>","protected":false},"excerpt":{"rendered":"<div class=\"product-detail-price\">\n<div class=\"evo-product-summary product_description margin-bottom-10\">\n<div class=\"rte description rte-summary\">\n<h2>Th\u00f4ng s\u1ed1 k\u1ef9 thu\u1eadt<\/h2>\n<p>KH\u1ed4 K\u00cdCH TH\u01af\u1edaC C\u1ee6A T\u1ea4M \u0110\u00c1<\/p>\n<p>K\u00edch th\u01b0\u1edbc ti\u00eau chu\u1ea9n (normal size) 303cm x 143cm (119\u201d x 56\u201d)<br \/>\nK\u00edch th\u01b0\u1edbc kh\u1ed5 l\u1edbn (jumbo size) 330cm x 165cm (130\u201d x 65\u201d)<\/p>\n<p>\u0110\u1ed8 D\u00c0Y TI\u00caU CHU\u1ea8N<\/p>\n<p>12mm (1\/2\u201d)<br \/>\n20mm (3\/4\u201d)<br \/>\n30mm (1 1\/6\u201d)<\/p>\n<p>C\u00c1C LO\u1ea0I B\u1ec0 M\u1eb6T<\/p>\n<p>Polished<\/p>\n<\/div>\n<\/div>\n<\/div>\n<div class=\"form-product\">\n<form id=\"add-to-cart-form\" class=\"clearfix form-inline has-validation-callback\" action=\"https:\/\/www.dacaocap.vn\/cart\/add\" enctype=\"multipart\/form-data\" method=\"post\" data-trp-original-action=\"https:\/\/www.dacaocap.vn\/cart\/add\">\n<div class=\"clearfix form-group\">\n<div class=\"qty-ant clearfix custom-btn-number\"><\/div>\n<\/div>\n<input type=\"hidden\" name=\"trp-form-language\" value=\"en\"\/><\/form>\n<\/div>","protected":false},"featured_media":3313,"comment_status":"closed","ping_status":"closed","template":"","meta":{"inline_featured_image":false},"product_cat":[101],"product_tag":[],"class_list":{"0":"post-3312","1":"product","2":"type-product","3":"status-publish","4":"has-post-thumbnail","6":"product_cat-vicostone-nhom-e","8":"first","9":"instock","10":"shipping-taxable","11":"purchasable","12":"product-type-simple"},"_links":{"self":[{"href":"https:\/\/royalstone.com.vn\/en\/wp-json\/wp\/v2\/product\/3312","targetHints":{"allow":["GET"]}}],"collection":[{"href":"https:\/\/royalstone.com.vn\/en\/wp-json\/wp\/v2\/product"}],"about":[{"href":"https:\/\/royalstone.com.vn\/en\/wp-json\/wp\/v2\/types\/product"}],"replies":[{"embeddable":true,"href":"https:\/\/royalstone.com.vn\/en\/wp-json\/wp\/v2\/comments?post=3312"}],"wp:featuredmedia":[{"embeddable":true,"href":"https:\/\/royalstone.com.vn\/en\/wp-json\/wp\/v2\/media\/3313"}],"wp:attachment":[{"href":"https:\/\/royalstone.com.vn\/en\/wp-json\/wp\/v2\/media?parent=3312"}],"wp:term":[{"taxonomy":"product_cat","embeddable":true,"href":"https:\/\/royalstone.com.vn\/en\/wp-json\/wp\/v2\/product_cat?post=3312"},{"taxonomy":"product_tag","embeddable":true,"href":"https:\/\/royalstone.com.vn\/en\/wp-json\/wp\/v2\/product_tag?post=3312"}],"curies":[{"name":"wp","href":"https:\/\/api.w.org\/{rel}","templated":true}]}}